{"id":13659,"date":"2021-12-22T00:24:07","date_gmt":"2021-12-22T00:24:07","guid":{"rendered":"https:\/\/techmastermx.ddns.net\/producto\/dial-test-indicator-universal-type-003-00005-full-set-with-bracket\/"},"modified":"2022-01-04T20:23:34","modified_gmt":"2022-01-04T20:23:34","slug":"dial-test-indicator-universal-type-003-00005-full-set-with-bracket","status":"publish","type":"product","link":"https:\/\/techmasterdemexico.com\/en\/producto\/dial-test-indicator-universal-type-003-00005-full-set-with-bracket\/","title":{"rendered":"Dial Test Indicator, Universal Type 0,03&#8243;, 0,0005&#8243;, Full Set, with Bracket"},"content":{"rendered":"<p>Dial Test Indicator, Universal Type<br \/>\n0,03&#8243;, 0,0005&#8243;, Full Set, with Bracket<br \/>\nN\u00famero de art\u00edculo: 513-302-10T<\/p>\n<p>&nbsp;<\/p>\n<ul>\n<li>Cabeza de medici\u00f3n giratoria de 360 \u00b0 para facilitar la lectura.<\/li>\n<li>Acci\u00f3n de centrado, bi-direccional para la reversi\u00f3n autom\u00e1tica del sentido de la medici\u00f3n.<\/li>\n<li>Escala giratoria de puesta a cero f\u00e1cil.<\/li>\n<li>Rodamientos y engranajes de precisi\u00f3n de material precioso y pi\u00f1ones para un movimiento suave, precisa y de respuesta r\u00e1pida.<\/li>\n<\/ul>\n","protected":false},"excerpt":{"rendered":"<ul>\n<li>Punta de contacto:<br \/>\nThread M 1.4 x 0.3<\/li>\n<li>Entregado:<br \/>\nEn estuche con v\u00e1stago de amarre \u00f88 mm o 3\/8&#8243;<\/li>\n<li>Digital\/An\u00e1logo:<br \/>\nAn\u00e1logo<\/li>\n<\/ul>\n","protected":false},"featured_media":17273,"template":"","meta":{"_acf_changed":false},"pwb-brand":[39],"product_brand":[],"product_cat":[366,405,69,331,38],"product_tag":[],"class_list":{"0":"post-13659","1":"product","2":"type-product","3":"status-publish","4":"has-post-thumbnail","6":"pwb-brand-mitutoyo","7":"product_cat-todos-los-productos","8":"product_cat-comparador-de-palpador-oscilante","9":"product_cat-indicadores","10":"product_cat-instrumentos-de-medicion-y-gestion-de-datos","11":"product_cat-mitutoyo","13":"first","14":"instock","15":"taxable","16":"shipping-taxable","17":"product-type-simple"},"acf":[],"yoast_head":"<!-- This site is optimized with the Yoast SEO plugin v27.3 - https:\/\/yoast.com\/product\/yoast-seo-wordpress\/ -->\n<title>Dial Test Indicator, Universal Type 0,03&quot;, 0,0005&quot;, Full Set, with Bracket - Techmaster de Mexico<\/title>\n<meta name=\"robots\" content=\"index, follow, max-snippet:-1, max-image-preview:large, max-video-preview:-1\" \/>\n<link rel=\"canonical\" href=\"https:\/\/techmasterdemexico.com\/producto\/dial-test-indicator-universal-type-003-00005-full-set-with-bracket\/\" \/>\n<meta property=\"og:locale\" content=\"en_US\" \/>\n<meta property=\"og:type\" content=\"article\" \/>\n<meta property=\"og:title\" content=\"Dial Test Indicator, Universal Type 0,03&quot;, 0,0005&quot;, Full Set, with Bracket - Techmaster de Mexico\" \/>\n<meta property=\"og:description\" content=\"Punta de contacto: Thread M 1.4 x 0.3  Entregado: En estuche con v\u00e1stago de amarre \u00f88 mm o 3\/8&quot;  Digital\/An\u00e1logo: An\u00e1logo\" \/>\n<meta property=\"og:url\" content=\"https:\/\/techmasterdemexico.com\/producto\/dial-test-indicator-universal-type-003-00005-full-set-with-bracket\/\" \/>\n<meta property=\"og:site_name\" content=\"Techmaster de Mexico\" \/>\n<meta property=\"article:modified_time\" content=\"2022-01-04T20:23:34+00:00\" \/>\n<meta property=\"og:image\" content=\"https:\/\/techmasterdemexico.com\/wp-content\/uploads\/2021\/12\/04-1_513-304-10h_201902_fs_1_psd-1.png\" \/>\n\t<meta property=\"og:image:width\" content=\"500\" \/>\n\t<meta property=\"og:image:height\" content=\"500\" \/>\n\t<meta property=\"og:image:type\" content=\"image\/png\" \/>\n<meta name=\"twitter:card\" content=\"summary_large_image\" \/>\n<script type=\"application\/ld+json\" class=\"yoast-schema-graph\">{\"@context\":\"https:\\\/\\\/schema.org\",\"@graph\":[{\"@type\":\"WebPage\",\"@id\":\"https:\\\/\\\/techmasterdemexico.com\\\/producto\\\/dial-test-indicator-universal-type-003-00005-full-set-with-bracket\\\/\",\"url\":\"https:\\\/\\\/techmasterdemexico.com\\\/producto\\\/dial-test-indicator-universal-type-003-00005-full-set-with-bracket\\\/\",\"name\":\"Dial Test Indicator, Universal Type 0,03\\\", 0,0005\\\", Full Set, with Bracket - Techmaster de Mexico\",\"isPartOf\":{\"@id\":\"https:\\\/\\\/techmasterdemexico.com\\\/#website\"},\"primaryImageOfPage\":{\"@id\":\"https:\\\/\\\/techmasterdemexico.com\\\/producto\\\/dial-test-indicator-universal-type-003-00005-full-set-with-bracket\\\/#primaryimage\"},\"image\":{\"@id\":\"https:\\\/\\\/techmasterdemexico.com\\\/producto\\\/dial-test-indicator-universal-type-003-00005-full-set-with-bracket\\\/#primaryimage\"},\"thumbnailUrl\":\"https:\\\/\\\/techmasterdemexico.com\\\/wp-content\\\/uploads\\\/2021\\\/12\\\/04-1_513-304-10h_201902_fs_1_psd-1.png\",\"datePublished\":\"2021-12-22T00:24:07+00:00\",\"dateModified\":\"2022-01-04T20:23:34+00:00\",\"breadcrumb\":{\"@id\":\"https:\\\/\\\/techmasterdemexico.com\\\/producto\\\/dial-test-indicator-universal-type-003-00005-full-set-with-bracket\\\/#breadcrumb\"},\"inLanguage\":\"en-US\",\"potentialAction\":[{\"@type\":\"ReadAction\",\"target\":[\"https:\\\/\\\/techmasterdemexico.com\\\/producto\\\/dial-test-indicator-universal-type-003-00005-full-set-with-bracket\\\/\"]}]},{\"@type\":\"ImageObject\",\"inLanguage\":\"en-US\",\"@id\":\"https:\\\/\\\/techmasterdemexico.com\\\/producto\\\/dial-test-indicator-universal-type-003-00005-full-set-with-bracket\\\/#primaryimage\",\"url\":\"https:\\\/\\\/techmasterdemexico.com\\\/wp-content\\\/uploads\\\/2021\\\/12\\\/04-1_513-304-10h_201902_fs_1_psd-1.png\",\"contentUrl\":\"https:\\\/\\\/techmasterdemexico.com\\\/wp-content\\\/uploads\\\/2021\\\/12\\\/04-1_513-304-10h_201902_fs_1_psd-1.png\",\"width\":500,\"height\":500},{\"@type\":\"BreadcrumbList\",\"@id\":\"https:\\\/\\\/techmasterdemexico.com\\\/producto\\\/dial-test-indicator-universal-type-003-00005-full-set-with-bracket\\\/#breadcrumb\",\"itemListElement\":[{\"@type\":\"ListItem\",\"position\":1,\"name\":\"Portada\",\"item\":\"https:\\\/\\\/techmasterdemexico.com\\\/\"},{\"@type\":\"ListItem\",\"position\":2,\"name\":\"Dial Test Indicator, Universal Type 0,03&#8243;, 0,0005&#8243;, Full Set, with Bracket\"}]},{\"@type\":\"WebSite\",\"@id\":\"https:\\\/\\\/techmasterdemexico.com\\\/#website\",\"url\":\"https:\\\/\\\/techmasterdemexico.com\\\/\",\"name\":\"Techmaster de Mexico\",\"description\":\"\",\"potentialAction\":[{\"@type\":\"SearchAction\",\"target\":{\"@type\":\"EntryPoint\",\"urlTemplate\":\"https:\\\/\\\/techmasterdemexico.com\\\/?s={search_term_string}\"},\"query-input\":{\"@type\":\"PropertyValueSpecification\",\"valueRequired\":true,\"valueName\":\"search_term_string\"}}],\"inLanguage\":\"en-US\"}]}<\/script>\n<!-- \/ Yoast SEO plugin. -->","yoast_head_json":{"title":"Dial Test Indicator, Universal Type 0,03\", 0,0005\", Full Set, with Bracket - Techmaster de Mexico","robots":{"index":"index","follow":"follow","max-snippet":"max-snippet:-1","max-image-preview":"max-image-preview:large","max-video-preview":"max-video-preview:-1"},"canonical":"https:\/\/techmasterdemexico.com\/producto\/dial-test-indicator-universal-type-003-00005-full-set-with-bracket\/","og_locale":"en_US","og_type":"article","og_title":"Dial Test Indicator, Universal Type 0,03\", 0,0005\", Full Set, with Bracket - Techmaster de Mexico","og_description":"Punta de contacto: Thread M 1.4 x 0.3  Entregado: En estuche con v\u00e1stago de amarre \u00f88 mm o 3\/8\"  Digital\/An\u00e1logo: An\u00e1logo","og_url":"https:\/\/techmasterdemexico.com\/producto\/dial-test-indicator-universal-type-003-00005-full-set-with-bracket\/","og_site_name":"Techmaster de Mexico","article_modified_time":"2022-01-04T20:23:34+00:00","og_image":[{"width":500,"height":500,"url":"https:\/\/techmasterdemexico.com\/wp-content\/uploads\/2021\/12\/04-1_513-304-10h_201902_fs_1_psd-1.png","type":"image\/png"}],"twitter_card":"summary_large_image","schema":{"@context":"https:\/\/schema.org","@graph":[{"@type":"WebPage","@id":"https:\/\/techmasterdemexico.com\/producto\/dial-test-indicator-universal-type-003-00005-full-set-with-bracket\/","url":"https:\/\/techmasterdemexico.com\/producto\/dial-test-indicator-universal-type-003-00005-full-set-with-bracket\/","name":"Dial Test Indicator, Universal Type 0,03\", 0,0005\", Full Set, with Bracket - Techmaster de Mexico","isPartOf":{"@id":"https:\/\/techmasterdemexico.com\/#website"},"primaryImageOfPage":{"@id":"https:\/\/techmasterdemexico.com\/producto\/dial-test-indicator-universal-type-003-00005-full-set-with-bracket\/#primaryimage"},"image":{"@id":"https:\/\/techmasterdemexico.com\/producto\/dial-test-indicator-universal-type-003-00005-full-set-with-bracket\/#primaryimage"},"thumbnailUrl":"https:\/\/techmasterdemexico.com\/wp-content\/uploads\/2021\/12\/04-1_513-304-10h_201902_fs_1_psd-1.png","datePublished":"2021-12-22T00:24:07+00:00","dateModified":"2022-01-04T20:23:34+00:00","breadcrumb":{"@id":"https:\/\/techmasterdemexico.com\/producto\/dial-test-indicator-universal-type-003-00005-full-set-with-bracket\/#breadcrumb"},"inLanguage":"en-US","potentialAction":[{"@type":"ReadAction","target":["https:\/\/techmasterdemexico.com\/producto\/dial-test-indicator-universal-type-003-00005-full-set-with-bracket\/"]}]},{"@type":"ImageObject","inLanguage":"en-US","@id":"https:\/\/techmasterdemexico.com\/producto\/dial-test-indicator-universal-type-003-00005-full-set-with-bracket\/#primaryimage","url":"https:\/\/techmasterdemexico.com\/wp-content\/uploads\/2021\/12\/04-1_513-304-10h_201902_fs_1_psd-1.png","contentUrl":"https:\/\/techmasterdemexico.com\/wp-content\/uploads\/2021\/12\/04-1_513-304-10h_201902_fs_1_psd-1.png","width":500,"height":500},{"@type":"BreadcrumbList","@id":"https:\/\/techmasterdemexico.com\/producto\/dial-test-indicator-universal-type-003-00005-full-set-with-bracket\/#breadcrumb","itemListElement":[{"@type":"ListItem","position":1,"name":"Portada","item":"https:\/\/techmasterdemexico.com\/"},{"@type":"ListItem","position":2,"name":"Dial Test Indicator, Universal Type 0,03&#8243;, 0,0005&#8243;, Full Set, with Bracket"}]},{"@type":"WebSite","@id":"https:\/\/techmasterdemexico.com\/#website","url":"https:\/\/techmasterdemexico.com\/","name":"Techmaster de Mexico","description":"","potentialAction":[{"@type":"SearchAction","target":{"@type":"EntryPoint","urlTemplate":"https:\/\/techmasterdemexico.com\/?s={search_term_string}"},"query-input":{"@type":"PropertyValueSpecification","valueRequired":true,"valueName":"search_term_string"}}],"inLanguage":"en-US"}]}},"brands":[{"id":39,"name":"Mitutoyo","slug":"mitutoyo"}],"_links":{"self":[{"href":"https:\/\/techmasterdemexico.com\/en\/wp-json\/wp\/v2\/product\/13659","targetHints":{"allow":["GET"]}}],"collection":[{"href":"https:\/\/techmasterdemexico.com\/en\/wp-json\/wp\/v2\/product"}],"about":[{"href":"https:\/\/techmasterdemexico.com\/en\/wp-json\/wp\/v2\/types\/product"}],"wp:featuredmedia":[{"embeddable":true,"href":"https:\/\/techmasterdemexico.com\/en\/wp-json\/wp\/v2\/media\/17273"}],"wp:attachment":[{"href":"https:\/\/techmasterdemexico.com\/en\/wp-json\/wp\/v2\/media?parent=13659"}],"wp:term":[{"taxonomy":"pwb-brand","embeddable":true,"href":"https:\/\/techmasterdemexico.com\/en\/wp-json\/wp\/v2\/pwb-brand?post=13659"},{"taxonomy":"product_brand","embeddable":true,"href":"https:\/\/techmasterdemexico.com\/en\/wp-json\/wp\/v2\/product_brand?post=13659"},{"taxonomy":"product_cat","embeddable":true,"href":"https:\/\/techmasterdemexico.com\/en\/wp-json\/wp\/v2\/product_cat?post=13659"},{"taxonomy":"product_tag","embeddable":true,"href":"https:\/\/techmasterdemexico.com\/en\/wp-json\/wp\/v2\/product_tag?post=13659"}],"curies":[{"name":"wp","href":"https:\/\/api.w.org\/{rel}","templated":true}]}}