{"id":13656,"date":"2021-12-22T00:24:05","date_gmt":"2021-12-22T00:24:05","guid":{"rendered":"https:\/\/techmastermx.ddns.net\/producto\/comparador-metrico-de-palpador-oscilante-en-juego\/"},"modified":"2022-01-04T20:26:58","modified_gmt":"2022-01-04T20:26:58","slug":"comparador-metrico-de-palpador-oscilante-en-juego","status":"publish","type":"product","link":"https:\/\/techmasterdemexico.com\/en\/producto\/comparador-metrico-de-palpador-oscilante-en-juego\/","title":{"rendered":"Comparador m\u00e9trico de palpador oscilante en juego"},"content":{"rendered":"<p>Comparador m\u00e9trico de palpador oscilante en juego<br \/>\n0,03&#8243;, 0,0005&#8243;, with Magnetic Stand<br \/>\nN\u00famero de art\u00edculo: 513-907-10E<\/p>\n<p>&nbsp;<\/p>\n<p>Comparador de palpador oscilante (tipo palanca) que incluye un mini soporte magn\u00e9tico. Ventajas:<\/p>\n<p>&nbsp;<\/p>\n<ul>\n<li>Contiene varios accesorios que incluyen un mini soporte magn\u00e9tico, una abrazadera giratoria y un v\u00e1stago con un anillo de sujeci\u00f3n moleteado.<\/li>\n<li>F\u00e1cil de usar<\/li>\n<\/ul>\n","protected":false},"excerpt":{"rendered":"<ul>\n<li>Peso:<br \/>\n222 g<\/li>\n<li>Error of indication one revolution:<br \/>\n\u00b10.0005&#8243;<\/li>\n<li>Punta de contacto:<br \/>\nThread M 1.7 x 0.35<\/li>\n<li>Entregado:<br \/>\nIn a box with stem \u00f83\/8&#8243;, stylus \u00f80,079&#8243;, Mini Magnet Stand<\/li>\n<li>Digital\/An\u00e1logo:<br \/>\nAn\u00e1logo<\/li>\n<li>pulgadas-m\u00e9trico:<br \/>\nPulgadas<\/li>\n<\/ul>\n","protected":false},"featured_media":17278,"template":"","meta":{"_acf_changed":false},"pwb-brand":[39],"product_brand":[],"product_cat":[366,405,69,331,38],"product_tag":[],"class_list":{"0":"post-13656","1":"product","2":"type-product","3":"status-publish","4":"has-post-thumbnail","6":"pwb-brand-mitutoyo","7":"product_cat-todos-los-productos","8":"product_cat-comparador-de-palpador-oscilante","9":"product_cat-indicadores","10":"product_cat-instrumentos-de-medicion-y-gestion-de-datos","11":"product_cat-mitutoyo","13":"first","14":"instock","15":"taxable","16":"shipping-taxable","17":"product-type-simple"},"acf":[],"yoast_head":"<!-- This site is optimized with the Yoast SEO plugin v27.3 - https:\/\/yoast.com\/product\/yoast-seo-wordpress\/ -->\n<title>Comparador m\u00e9trico de palpador oscilante en juego - Techmaster de Mexico<\/title>\n<meta name=\"robots\" content=\"index, follow, max-snippet:-1, max-image-preview:large, max-video-preview:-1\" \/>\n<link rel=\"canonical\" href=\"https:\/\/techmasterdemexico.com\/producto\/comparador-metrico-de-palpador-oscilante-en-juego\/\" \/>\n<meta property=\"og:locale\" content=\"en_US\" \/>\n<meta property=\"og:type\" content=\"article\" \/>\n<meta property=\"og:title\" content=\"Comparador m\u00e9trico de palpador oscilante en juego - Techmaster de Mexico\" \/>\n<meta property=\"og:description\" content=\"Peso: 222 g  Error of indication one revolution: \u00b10.0005&quot;  Punta de contacto: Thread M 1.7 x 0.35  Entregado: In a box with stem \u00f83\/8&quot;, stylus \u00f80,079&quot;, Mini Magnet Stand  Digital\/An\u00e1logo: An\u00e1logo  pulgadas-m\u00e9trico: Pulgadas\" \/>\n<meta property=\"og:url\" content=\"https:\/\/techmasterdemexico.com\/producto\/comparador-metrico-de-palpador-oscilante-en-juego\/\" \/>\n<meta property=\"og:site_name\" content=\"Techmaster de Mexico\" \/>\n<meta property=\"article:modified_time\" content=\"2022-01-04T20:26:58+00:00\" \/>\n<meta property=\"og:image\" content=\"https:\/\/techmasterdemexico.com\/wp-content\/uploads\/2021\/12\/513-907_z1_jpg.png\" \/>\n\t<meta property=\"og:image:width\" content=\"500\" \/>\n\t<meta property=\"og:image:height\" content=\"500\" \/>\n\t<meta property=\"og:image:type\" content=\"image\/png\" \/>\n<meta name=\"twitter:card\" content=\"summary_large_image\" \/>\n<script type=\"application\/ld+json\" class=\"yoast-schema-graph\">{\"@context\":\"https:\\\/\\\/schema.org\",\"@graph\":[{\"@type\":\"WebPage\",\"@id\":\"https:\\\/\\\/techmasterdemexico.com\\\/producto\\\/comparador-metrico-de-palpador-oscilante-en-juego\\\/\",\"url\":\"https:\\\/\\\/techmasterdemexico.com\\\/producto\\\/comparador-metrico-de-palpador-oscilante-en-juego\\\/\",\"name\":\"Comparador m\u00e9trico de palpador oscilante en juego - Techmaster de Mexico\",\"isPartOf\":{\"@id\":\"https:\\\/\\\/techmasterdemexico.com\\\/#website\"},\"primaryImageOfPage\":{\"@id\":\"https:\\\/\\\/techmasterdemexico.com\\\/producto\\\/comparador-metrico-de-palpador-oscilante-en-juego\\\/#primaryimage\"},\"image\":{\"@id\":\"https:\\\/\\\/techmasterdemexico.com\\\/producto\\\/comparador-metrico-de-palpador-oscilante-en-juego\\\/#primaryimage\"},\"thumbnailUrl\":\"https:\\\/\\\/techmasterdemexico.com\\\/wp-content\\\/uploads\\\/2021\\\/12\\\/513-907_z1_jpg.png\",\"datePublished\":\"2021-12-22T00:24:05+00:00\",\"dateModified\":\"2022-01-04T20:26:58+00:00\",\"breadcrumb\":{\"@id\":\"https:\\\/\\\/techmasterdemexico.com\\\/producto\\\/comparador-metrico-de-palpador-oscilante-en-juego\\\/#breadcrumb\"},\"inLanguage\":\"en-US\",\"potentialAction\":[{\"@type\":\"ReadAction\",\"target\":[\"https:\\\/\\\/techmasterdemexico.com\\\/producto\\\/comparador-metrico-de-palpador-oscilante-en-juego\\\/\"]}]},{\"@type\":\"ImageObject\",\"inLanguage\":\"en-US\",\"@id\":\"https:\\\/\\\/techmasterdemexico.com\\\/producto\\\/comparador-metrico-de-palpador-oscilante-en-juego\\\/#primaryimage\",\"url\":\"https:\\\/\\\/techmasterdemexico.com\\\/wp-content\\\/uploads\\\/2021\\\/12\\\/513-907_z1_jpg.png\",\"contentUrl\":\"https:\\\/\\\/techmasterdemexico.com\\\/wp-content\\\/uploads\\\/2021\\\/12\\\/513-907_z1_jpg.png\",\"width\":500,\"height\":500},{\"@type\":\"BreadcrumbList\",\"@id\":\"https:\\\/\\\/techmasterdemexico.com\\\/producto\\\/comparador-metrico-de-palpador-oscilante-en-juego\\\/#breadcrumb\",\"itemListElement\":[{\"@type\":\"ListItem\",\"position\":1,\"name\":\"Portada\",\"item\":\"https:\\\/\\\/techmasterdemexico.com\\\/\"},{\"@type\":\"ListItem\",\"position\":2,\"name\":\"Comparador m\u00e9trico de palpador oscilante en juego\"}]},{\"@type\":\"WebSite\",\"@id\":\"https:\\\/\\\/techmasterdemexico.com\\\/#website\",\"url\":\"https:\\\/\\\/techmasterdemexico.com\\\/\",\"name\":\"Techmaster de Mexico\",\"description\":\"\",\"potentialAction\":[{\"@type\":\"SearchAction\",\"target\":{\"@type\":\"EntryPoint\",\"urlTemplate\":\"https:\\\/\\\/techmasterdemexico.com\\\/?s={search_term_string}\"},\"query-input\":{\"@type\":\"PropertyValueSpecification\",\"valueRequired\":true,\"valueName\":\"search_term_string\"}}],\"inLanguage\":\"en-US\"}]}<\/script>\n<!-- \/ Yoast SEO plugin. -->","yoast_head_json":{"title":"Comparador m\u00e9trico de palpador oscilante en juego - Techmaster de Mexico","robots":{"index":"index","follow":"follow","max-snippet":"max-snippet:-1","max-image-preview":"max-image-preview:large","max-video-preview":"max-video-preview:-1"},"canonical":"https:\/\/techmasterdemexico.com\/producto\/comparador-metrico-de-palpador-oscilante-en-juego\/","og_locale":"en_US","og_type":"article","og_title":"Comparador m\u00e9trico de palpador oscilante en juego - Techmaster de Mexico","og_description":"Peso: 222 g  Error of indication one revolution: \u00b10.0005\"  Punta de contacto: Thread M 1.7 x 0.35  Entregado: In a box with stem \u00f83\/8\", stylus \u00f80,079\", Mini Magnet Stand  Digital\/An\u00e1logo: An\u00e1logo  pulgadas-m\u00e9trico: Pulgadas","og_url":"https:\/\/techmasterdemexico.com\/producto\/comparador-metrico-de-palpador-oscilante-en-juego\/","og_site_name":"Techmaster de Mexico","article_modified_time":"2022-01-04T20:26:58+00:00","og_image":[{"width":500,"height":500,"url":"https:\/\/techmasterdemexico.com\/wp-content\/uploads\/2021\/12\/513-907_z1_jpg.png","type":"image\/png"}],"twitter_card":"summary_large_image","schema":{"@context":"https:\/\/schema.org","@graph":[{"@type":"WebPage","@id":"https:\/\/techmasterdemexico.com\/producto\/comparador-metrico-de-palpador-oscilante-en-juego\/","url":"https:\/\/techmasterdemexico.com\/producto\/comparador-metrico-de-palpador-oscilante-en-juego\/","name":"Comparador m\u00e9trico de palpador oscilante en juego - Techmaster de Mexico","isPartOf":{"@id":"https:\/\/techmasterdemexico.com\/#website"},"primaryImageOfPage":{"@id":"https:\/\/techmasterdemexico.com\/producto\/comparador-metrico-de-palpador-oscilante-en-juego\/#primaryimage"},"image":{"@id":"https:\/\/techmasterdemexico.com\/producto\/comparador-metrico-de-palpador-oscilante-en-juego\/#primaryimage"},"thumbnailUrl":"https:\/\/techmasterdemexico.com\/wp-content\/uploads\/2021\/12\/513-907_z1_jpg.png","datePublished":"2021-12-22T00:24:05+00:00","dateModified":"2022-01-04T20:26:58+00:00","breadcrumb":{"@id":"https:\/\/techmasterdemexico.com\/producto\/comparador-metrico-de-palpador-oscilante-en-juego\/#breadcrumb"},"inLanguage":"en-US","potentialAction":[{"@type":"ReadAction","target":["https:\/\/techmasterdemexico.com\/producto\/comparador-metrico-de-palpador-oscilante-en-juego\/"]}]},{"@type":"ImageObject","inLanguage":"en-US","@id":"https:\/\/techmasterdemexico.com\/producto\/comparador-metrico-de-palpador-oscilante-en-juego\/#primaryimage","url":"https:\/\/techmasterdemexico.com\/wp-content\/uploads\/2021\/12\/513-907_z1_jpg.png","contentUrl":"https:\/\/techmasterdemexico.com\/wp-content\/uploads\/2021\/12\/513-907_z1_jpg.png","width":500,"height":500},{"@type":"BreadcrumbList","@id":"https:\/\/techmasterdemexico.com\/producto\/comparador-metrico-de-palpador-oscilante-en-juego\/#breadcrumb","itemListElement":[{"@type":"ListItem","position":1,"name":"Portada","item":"https:\/\/techmasterdemexico.com\/"},{"@type":"ListItem","position":2,"name":"Comparador m\u00e9trico de palpador oscilante en juego"}]},{"@type":"WebSite","@id":"https:\/\/techmasterdemexico.com\/#website","url":"https:\/\/techmasterdemexico.com\/","name":"Techmaster de Mexico","description":"","potentialAction":[{"@type":"SearchAction","target":{"@type":"EntryPoint","urlTemplate":"https:\/\/techmasterdemexico.com\/?s={search_term_string}"},"query-input":{"@type":"PropertyValueSpecification","valueRequired":true,"valueName":"search_term_string"}}],"inLanguage":"en-US"}]}},"brands":[{"id":39,"name":"Mitutoyo","slug":"mitutoyo"}],"_links":{"self":[{"href":"https:\/\/techmasterdemexico.com\/en\/wp-json\/wp\/v2\/product\/13656","targetHints":{"allow":["GET"]}}],"collection":[{"href":"https:\/\/techmasterdemexico.com\/en\/wp-json\/wp\/v2\/product"}],"about":[{"href":"https:\/\/techmasterdemexico.com\/en\/wp-json\/wp\/v2\/types\/product"}],"wp:featuredmedia":[{"embeddable":true,"href":"https:\/\/techmasterdemexico.com\/en\/wp-json\/wp\/v2\/media\/17278"}],"wp:attachment":[{"href":"https:\/\/techmasterdemexico.com\/en\/wp-json\/wp\/v2\/media?parent=13656"}],"wp:term":[{"taxonomy":"pwb-brand","embeddable":true,"href":"https:\/\/techmasterdemexico.com\/en\/wp-json\/wp\/v2\/pwb-brand?post=13656"},{"taxonomy":"product_brand","embeddable":true,"href":"https:\/\/techmasterdemexico.com\/en\/wp-json\/wp\/v2\/product_brand?post=13656"},{"taxonomy":"product_cat","embeddable":true,"href":"https:\/\/techmasterdemexico.com\/en\/wp-json\/wp\/v2\/product_cat?post=13656"},{"taxonomy":"product_tag","embeddable":true,"href":"https:\/\/techmasterdemexico.com\/en\/wp-json\/wp\/v2\/product_tag?post=13656"}],"curies":[{"name":"wp","href":"https:\/\/api.w.org\/{rel}","templated":true}]}}