{"id":13562,"date":"2021-12-22T00:22:10","date_gmt":"2021-12-22T00:22:10","guid":{"rendered":"https:\/\/techmastermx.ddns.net\/producto\/spindle-lifting-lever-for-s-type-series-1\/"},"modified":"2022-01-05T07:16:03","modified_gmt":"2022-01-05T07:16:03","slug":"spindle-lifting-lever-for-s-type-series-1","status":"publish","type":"product","link":"https:\/\/techmasterdemexico.com\/en\/producto\/spindle-lifting-lever-for-s-type-series-1\/","title":{"rendered":"Spindle Lifting Lever for S-Type Series 1"},"content":{"rendered":"<p>Spindle Lifting Lever<br \/>\nfor S-Type Series 1<br \/>\nN\u00famero de art\u00edculo: 902100<\/p>\n<p>&nbsp;<\/p>\n<p>La palanca de elevaci\u00f3n del husillo est\u00e1 unido al extremo superior del husillo para mayor eficiencia de inspecci\u00f3n cuando se utiliza un reloj comparador montado en un soporte.<\/p>\n","protected":false},"excerpt":{"rendered":"<ul>\n<li>Para series:<br \/>\nA and S type Series 1<br \/>\nF type Series 2 (former model)<br \/>\n(up to 5 mm range)<\/li>\n<li>Para su empleo con:<br \/>\nTipo S serie 1<br \/>\nTipo F serie 2 (modelo anterior)<br \/>\n(rango hasta 5 mm\/0.2&#8243;)<\/li>\n<\/ul>\n","protected":false},"featured_media":17393,"template":"","meta":{"_acf_changed":false},"pwb-brand":[39],"product_brand":[],"product_cat":[366,404,69,331,38],"product_tag":[],"class_list":{"0":"post-13562","1":"product","2":"type-product","3":"status-publish","4":"has-post-thumbnail","6":"pwb-brand-mitutoyo","7":"product_cat-todos-los-productos","8":"product_cat-accesorios-para-indicadores","9":"product_cat-indicadores","10":"product_cat-instrumentos-de-medicion-y-gestion-de-datos","11":"product_cat-mitutoyo","13":"first","14":"instock","15":"taxable","16":"shipping-taxable","17":"product-type-simple"},"acf":[],"yoast_head":"<!-- This site is optimized with the Yoast SEO plugin v27.3 - https:\/\/yoast.com\/product\/yoast-seo-wordpress\/ -->\n<title>Spindle Lifting Lever for S-Type Series 1 - Techmaster de Mexico<\/title>\n<meta name=\"robots\" content=\"index, follow, max-snippet:-1, max-image-preview:large, max-video-preview:-1\" \/>\n<link rel=\"canonical\" href=\"https:\/\/techmasterdemexico.com\/producto\/spindle-lifting-lever-for-s-type-series-1\/\" \/>\n<meta property=\"og:locale\" content=\"en_US\" \/>\n<meta property=\"og:type\" content=\"article\" \/>\n<meta property=\"og:title\" content=\"Spindle Lifting Lever for S-Type Series 1 - Techmaster de Mexico\" \/>\n<meta property=\"og:description\" content=\"Para series: A and S type Series 1 F type Series 2 (former model) (up to 5 mm range)  Para su empleo con: Tipo S serie 1 Tipo F serie 2 (modelo anterior) (rango hasta 5 mm\/0.2&quot;)\" \/>\n<meta property=\"og:url\" content=\"https:\/\/techmasterdemexico.com\/producto\/spindle-lifting-lever-for-s-type-series-1\/\" \/>\n<meta property=\"og:site_name\" content=\"Techmaster de Mexico\" \/>\n<meta property=\"article:modified_time\" content=\"2022-01-05T07:16:03+00:00\" \/>\n<meta property=\"og:image\" content=\"https:\/\/techmasterdemexico.com\/wp-content\/uploads\/2021\/12\/1111.jpg\" \/>\n\t<meta property=\"og:image:width\" content=\"600\" \/>\n\t<meta property=\"og:image:height\" content=\"600\" \/>\n\t<meta property=\"og:image:type\" content=\"image\/jpeg\" \/>\n<meta name=\"twitter:card\" content=\"summary_large_image\" \/>\n<script type=\"application\/ld+json\" class=\"yoast-schema-graph\">{\"@context\":\"https:\\\/\\\/schema.org\",\"@graph\":[{\"@type\":\"WebPage\",\"@id\":\"https:\\\/\\\/techmasterdemexico.com\\\/producto\\\/spindle-lifting-lever-for-s-type-series-1\\\/\",\"url\":\"https:\\\/\\\/techmasterdemexico.com\\\/producto\\\/spindle-lifting-lever-for-s-type-series-1\\\/\",\"name\":\"Spindle Lifting Lever for S-Type Series 1 - Techmaster de Mexico\",\"isPartOf\":{\"@id\":\"https:\\\/\\\/techmasterdemexico.com\\\/#website\"},\"primaryImageOfPage\":{\"@id\":\"https:\\\/\\\/techmasterdemexico.com\\\/producto\\\/spindle-lifting-lever-for-s-type-series-1\\\/#primaryimage\"},\"image\":{\"@id\":\"https:\\\/\\\/techmasterdemexico.com\\\/producto\\\/spindle-lifting-lever-for-s-type-series-1\\\/#primaryimage\"},\"thumbnailUrl\":\"https:\\\/\\\/techmasterdemexico.com\\\/wp-content\\\/uploads\\\/2021\\\/12\\\/1111.jpg\",\"datePublished\":\"2021-12-22T00:22:10+00:00\",\"dateModified\":\"2022-01-05T07:16:03+00:00\",\"breadcrumb\":{\"@id\":\"https:\\\/\\\/techmasterdemexico.com\\\/producto\\\/spindle-lifting-lever-for-s-type-series-1\\\/#breadcrumb\"},\"inLanguage\":\"en-US\",\"potentialAction\":[{\"@type\":\"ReadAction\",\"target\":[\"https:\\\/\\\/techmasterdemexico.com\\\/producto\\\/spindle-lifting-lever-for-s-type-series-1\\\/\"]}]},{\"@type\":\"ImageObject\",\"inLanguage\":\"en-US\",\"@id\":\"https:\\\/\\\/techmasterdemexico.com\\\/producto\\\/spindle-lifting-lever-for-s-type-series-1\\\/#primaryimage\",\"url\":\"https:\\\/\\\/techmasterdemexico.com\\\/wp-content\\\/uploads\\\/2021\\\/12\\\/1111.jpg\",\"contentUrl\":\"https:\\\/\\\/techmasterdemexico.com\\\/wp-content\\\/uploads\\\/2021\\\/12\\\/1111.jpg\",\"width\":600,\"height\":600},{\"@type\":\"BreadcrumbList\",\"@id\":\"https:\\\/\\\/techmasterdemexico.com\\\/producto\\\/spindle-lifting-lever-for-s-type-series-1\\\/#breadcrumb\",\"itemListElement\":[{\"@type\":\"ListItem\",\"position\":1,\"name\":\"Portada\",\"item\":\"https:\\\/\\\/techmasterdemexico.com\\\/\"},{\"@type\":\"ListItem\",\"position\":2,\"name\":\"Spindle Lifting Lever for S-Type Series 1\"}]},{\"@type\":\"WebSite\",\"@id\":\"https:\\\/\\\/techmasterdemexico.com\\\/#website\",\"url\":\"https:\\\/\\\/techmasterdemexico.com\\\/\",\"name\":\"Techmaster de Mexico\",\"description\":\"\",\"potentialAction\":[{\"@type\":\"SearchAction\",\"target\":{\"@type\":\"EntryPoint\",\"urlTemplate\":\"https:\\\/\\\/techmasterdemexico.com\\\/?s={search_term_string}\"},\"query-input\":{\"@type\":\"PropertyValueSpecification\",\"valueRequired\":true,\"valueName\":\"search_term_string\"}}],\"inLanguage\":\"en-US\"}]}<\/script>\n<!-- \/ Yoast SEO plugin. -->","yoast_head_json":{"title":"Spindle Lifting Lever for S-Type Series 1 - Techmaster de Mexico","robots":{"index":"index","follow":"follow","max-snippet":"max-snippet:-1","max-image-preview":"max-image-preview:large","max-video-preview":"max-video-preview:-1"},"canonical":"https:\/\/techmasterdemexico.com\/producto\/spindle-lifting-lever-for-s-type-series-1\/","og_locale":"en_US","og_type":"article","og_title":"Spindle Lifting Lever for S-Type Series 1 - Techmaster de Mexico","og_description":"Para series: A and S type Series 1 F type Series 2 (former model) (up to 5 mm range)  Para su empleo con: Tipo S serie 1 Tipo F serie 2 (modelo anterior) (rango hasta 5 mm\/0.2\")","og_url":"https:\/\/techmasterdemexico.com\/producto\/spindle-lifting-lever-for-s-type-series-1\/","og_site_name":"Techmaster de Mexico","article_modified_time":"2022-01-05T07:16:03+00:00","og_image":[{"width":600,"height":600,"url":"https:\/\/techmasterdemexico.com\/wp-content\/uploads\/2021\/12\/1111.jpg","type":"image\/jpeg"}],"twitter_card":"summary_large_image","schema":{"@context":"https:\/\/schema.org","@graph":[{"@type":"WebPage","@id":"https:\/\/techmasterdemexico.com\/producto\/spindle-lifting-lever-for-s-type-series-1\/","url":"https:\/\/techmasterdemexico.com\/producto\/spindle-lifting-lever-for-s-type-series-1\/","name":"Spindle Lifting Lever for S-Type Series 1 - Techmaster de Mexico","isPartOf":{"@id":"https:\/\/techmasterdemexico.com\/#website"},"primaryImageOfPage":{"@id":"https:\/\/techmasterdemexico.com\/producto\/spindle-lifting-lever-for-s-type-series-1\/#primaryimage"},"image":{"@id":"https:\/\/techmasterdemexico.com\/producto\/spindle-lifting-lever-for-s-type-series-1\/#primaryimage"},"thumbnailUrl":"https:\/\/techmasterdemexico.com\/wp-content\/uploads\/2021\/12\/1111.jpg","datePublished":"2021-12-22T00:22:10+00:00","dateModified":"2022-01-05T07:16:03+00:00","breadcrumb":{"@id":"https:\/\/techmasterdemexico.com\/producto\/spindle-lifting-lever-for-s-type-series-1\/#breadcrumb"},"inLanguage":"en-US","potentialAction":[{"@type":"ReadAction","target":["https:\/\/techmasterdemexico.com\/producto\/spindle-lifting-lever-for-s-type-series-1\/"]}]},{"@type":"ImageObject","inLanguage":"en-US","@id":"https:\/\/techmasterdemexico.com\/producto\/spindle-lifting-lever-for-s-type-series-1\/#primaryimage","url":"https:\/\/techmasterdemexico.com\/wp-content\/uploads\/2021\/12\/1111.jpg","contentUrl":"https:\/\/techmasterdemexico.com\/wp-content\/uploads\/2021\/12\/1111.jpg","width":600,"height":600},{"@type":"BreadcrumbList","@id":"https:\/\/techmasterdemexico.com\/producto\/spindle-lifting-lever-for-s-type-series-1\/#breadcrumb","itemListElement":[{"@type":"ListItem","position":1,"name":"Portada","item":"https:\/\/techmasterdemexico.com\/"},{"@type":"ListItem","position":2,"name":"Spindle Lifting Lever for S-Type Series 1"}]},{"@type":"WebSite","@id":"https:\/\/techmasterdemexico.com\/#website","url":"https:\/\/techmasterdemexico.com\/","name":"Techmaster de Mexico","description":"","potentialAction":[{"@type":"SearchAction","target":{"@type":"EntryPoint","urlTemplate":"https:\/\/techmasterdemexico.com\/?s={search_term_string}"},"query-input":{"@type":"PropertyValueSpecification","valueRequired":true,"valueName":"search_term_string"}}],"inLanguage":"en-US"}]}},"brands":[{"id":39,"name":"Mitutoyo","slug":"mitutoyo"}],"_links":{"self":[{"href":"https:\/\/techmasterdemexico.com\/en\/wp-json\/wp\/v2\/product\/13562","targetHints":{"allow":["GET"]}}],"collection":[{"href":"https:\/\/techmasterdemexico.com\/en\/wp-json\/wp\/v2\/product"}],"about":[{"href":"https:\/\/techmasterdemexico.com\/en\/wp-json\/wp\/v2\/types\/product"}],"wp:featuredmedia":[{"embeddable":true,"href":"https:\/\/techmasterdemexico.com\/en\/wp-json\/wp\/v2\/media\/17393"}],"wp:attachment":[{"href":"https:\/\/techmasterdemexico.com\/en\/wp-json\/wp\/v2\/media?parent=13562"}],"wp:term":[{"taxonomy":"pwb-brand","embeddable":true,"href":"https:\/\/techmasterdemexico.com\/en\/wp-json\/wp\/v2\/pwb-brand?post=13562"},{"taxonomy":"product_brand","embeddable":true,"href":"https:\/\/techmasterdemexico.com\/en\/wp-json\/wp\/v2\/product_brand?post=13562"},{"taxonomy":"product_cat","embeddable":true,"href":"https:\/\/techmasterdemexico.com\/en\/wp-json\/wp\/v2\/product_cat?post=13562"},{"taxonomy":"product_tag","embeddable":true,"href":"https:\/\/techmasterdemexico.com\/en\/wp-json\/wp\/v2\/product_tag?post=13562"}],"curies":[{"name":"wp","href":"https:\/\/api.w.org\/{rel}","templated":true}]}}