{"id":13492,"date":"2021-12-22T00:20:44","date_gmt":"2021-12-22T00:20:44","guid":{"rendered":"https:\/\/techmastermx.ddns.net\/producto\/mini-soporte-de-medicion-sin-palanca-de-seleccion-on-off-68mm-working-radius\/"},"modified":"2022-02-21T20:05:34","modified_gmt":"2022-02-21T20:05:34","slug":"mini-soporte-de-medicion-sin-palanca-de-seleccion-on-off-68mm-working-radius","status":"publish","type":"product","link":"https:\/\/techmasterdemexico.com\/en\/producto\/mini-soporte-de-medicion-sin-palanca-de-seleccion-on-off-68mm-working-radius\/","title":{"rendered":"Mini soporte de medici\u00f3n sin palanca de selecci\u00f3n ON\/OFF 68mm Working Radius"},"content":{"rendered":"<p>Mini soporte de medici\u00f3n sin palanca de selecci\u00f3n ON\/OFF<br \/>\n68mm Working Radius<br \/>\nN\u00famero de art\u00edculo: 7014-10<\/p>\n<p>&nbsp;<\/p>\n<p><strong>Tipo Mini<\/strong><\/p>\n<ul>\n<li>Mini soporte de medici\u00f3n sin im\u00e1n ON\/OFF.<\/li>\n<li>Dise\u00f1ados para relojes de palpador oscilante con v\u00e1stagos de 6 mm o 8 mm de di\u00e1metro, o de cola de milano.<\/li>\n<\/ul>\n","protected":false},"excerpt":{"rendered":"<div id=\"productDetailPage:accform:parametersContent\" class=\"accordion-content parameters\">\n<div id=\"product_parameters\" class=\"tab-content\">\n<table class=\"product_properties\">\n<tbody>\n<tr class=\"table-row-odd\">\n<td class=\"parameter\">\n<div class=\"product_properties_propertyName\"><span class=\"name\">Dispositivo de bloqueo:<\/span><\/div>\n<\/td>\n<td class=\"value\">\n<div class=\"product_properties_propertyValue\">magn\u00e9tico<\/div>\n<\/td>\n<\/tr>\n<tr class=\"table-row-even\">\n<td class=\"parameter\">\n<div class=\"product_properties_propertyName\"><span class=\"name\">Fuerza de amarre (vertical) N:<\/span><\/div>\n<\/td>\n<td class=\"value\">\n<div class=\"product_properties_propertyValue\">150<span class=\"shortName\">\u00a0N<\/span><\/div>\n<\/td>\n<\/tr>\n<tr class=\"table-row-odd\">\n<td class=\"parameter\">\n<div class=\"product_properties_propertyName\"><span class=\"name\">Superficie de apoyo:<\/span><\/div>\n<\/td>\n<td class=\"value\">\n<div class=\"product_properties_propertyValue\">\u00f8 30<span class=\"shortName\">\u00a0mm<\/span><\/div>\n<\/td>\n<\/tr>\n<tr class=\"table-row-even\">\n<td class=\"parameter\">\n<div class=\"product_properties_propertyName\"><span class=\"name\">Altura Total:<\/span><\/div>\n<\/td>\n<td class=\"value\">\n<div class=\"product_properties_propertyValue\">106<span class=\"shortName\">\u00a0mm<\/span><\/div>\n<\/td>\n<\/tr>\n<tr class=\"table-row-odd\">\n<td class=\"parameter\">\n<div class=\"product_properties_propertyName\"><span class=\"name\">\u00f8 de agujero mm:<\/span><\/div>\n<\/td>\n<td class=\"value\">\n<div class=\"product_properties_propertyValue\">6 \/ 8<\/div>\n<\/td>\n<\/tr>\n<tr class=\"table-row-even\">\n<td class=\"parameter\">\n<div class=\"product_properties_propertyName\"><span class=\"name\">Radio de trabajo mm:<\/span><\/div>\n<\/td>\n<td class=\"value\">\n<div class=\"product_properties_propertyValue\">68<span class=\"shortName\">\u00a0mm<\/span><\/div>\n<\/td>\n<\/tr>\n<tr class=\"table-row-odd\">\n<td class=\"parameter\">\n<div class=\"product_properties_propertyName\"><span class=\"name\">Peso:<\/span><\/div>\n<\/td>\n<td class=\"value\">\n<div class=\"product_properties_propertyValue\">170<span class=\"shortName\">\u00a0g<\/span><\/div>\n<\/td>\n<\/tr>\n<\/tbody>\n<\/table>\n<\/div>\n<\/div>\n<div class=\"accordion-header drawings\"><\/div>\n","protected":false},"featured_media":18266,"template":"","meta":{"_acf_changed":false},"pwb-brand":[39],"product_brand":[],"product_cat":[366,387,331,38,398],"product_tag":[],"class_list":{"0":"post-13492","1":"product","2":"type-product","3":"status-publish","4":"has-post-thumbnail","6":"pwb-brand-mitutoyo","7":"product_cat-todos-los-productos","8":"product_cat-equipamiento-auxiliar-de-control","9":"product_cat-instrumentos-de-medicion-y-gestion-de-datos","10":"product_cat-mitutoyo","11":"product_cat-soporte-magnetico","13":"first","14":"instock","15":"taxable","16":"shipping-taxable","17":"product-type-simple"},"acf":[],"yoast_head":"<!-- This site is optimized with the Yoast SEO plugin v27.2 - https:\/\/yoast.com\/product\/yoast-seo-wordpress\/ -->\n<title>Mini soporte de medici\u00f3n sin palanca de selecci\u00f3n ON\/OFF 68mm Working Radius - Techmaster de Mexico<\/title>\n<meta name=\"robots\" content=\"index, follow, max-snippet:-1, max-image-preview:large, max-video-preview:-1\" \/>\n<link rel=\"canonical\" href=\"https:\/\/techmasterdemexico.com\/producto\/mini-soporte-de-medicion-sin-palanca-de-seleccion-on-off-68mm-working-radius\/\" \/>\n<meta property=\"og:locale\" content=\"en_US\" \/>\n<meta property=\"og:type\" content=\"article\" \/>\n<meta property=\"og:title\" content=\"Mini soporte de medici\u00f3n sin palanca de selecci\u00f3n ON\/OFF 68mm Working Radius - Techmaster de Mexico\" \/>\n<meta property=\"og:description\" content=\"Dispositivo de bloqueo:  magn\u00e9tico    Fuerza de amarre (vertical) N:  150\u00a0N    Superficie de apoyo:  \u00f8 30\u00a0mm    Altura Total:  106\u00a0mm    \u00f8 de agujero mm:  6 \/ 8    Radio de trabajo mm:  68\u00a0mm    Peso:  170\u00a0g\" \/>\n<meta property=\"og:url\" content=\"https:\/\/techmasterdemexico.com\/producto\/mini-soporte-de-medicion-sin-palanca-de-seleccion-on-off-68mm-working-radius\/\" \/>\n<meta property=\"og:site_name\" content=\"Techmaster de Mexico\" \/>\n<meta property=\"article:modified_time\" content=\"2022-02-21T20:05:34+00:00\" \/>\n<meta property=\"og:image\" content=\"https:\/\/techmasterdemexico.com\/wp-content\/uploads\/2021\/12\/7014_z_eps.jpg\" \/>\n\t<meta property=\"og:image:width\" content=\"600\" \/>\n\t<meta property=\"og:image:height\" content=\"600\" \/>\n\t<meta property=\"og:image:type\" content=\"image\/jpeg\" \/>\n<meta name=\"twitter:card\" content=\"summary_large_image\" \/>\n<script type=\"application\/ld+json\" class=\"yoast-schema-graph\">{\"@context\":\"https:\/\/schema.org\",\"@graph\":[{\"@type\":\"WebPage\",\"@id\":\"https:\/\/techmasterdemexico.com\/producto\/mini-soporte-de-medicion-sin-palanca-de-seleccion-on-off-68mm-working-radius\/\",\"url\":\"https:\/\/techmasterdemexico.com\/producto\/mini-soporte-de-medicion-sin-palanca-de-seleccion-on-off-68mm-working-radius\/\",\"name\":\"Mini soporte de medici\u00f3n sin palanca de selecci\u00f3n ON\/OFF 68mm Working Radius - Techmaster de Mexico\",\"isPartOf\":{\"@id\":\"https:\/\/techmasterdemexico.com\/#website\"},\"primaryImageOfPage\":{\"@id\":\"https:\/\/techmasterdemexico.com\/producto\/mini-soporte-de-medicion-sin-palanca-de-seleccion-on-off-68mm-working-radius\/#primaryimage\"},\"image\":{\"@id\":\"https:\/\/techmasterdemexico.com\/producto\/mini-soporte-de-medicion-sin-palanca-de-seleccion-on-off-68mm-working-radius\/#primaryimage\"},\"thumbnailUrl\":\"https:\/\/techmasterdemexico.com\/wp-content\/uploads\/2021\/12\/7014_z_eps.jpg\",\"datePublished\":\"2021-12-22T00:20:44+00:00\",\"dateModified\":\"2022-02-21T20:05:34+00:00\",\"breadcrumb\":{\"@id\":\"https:\/\/techmasterdemexico.com\/producto\/mini-soporte-de-medicion-sin-palanca-de-seleccion-on-off-68mm-working-radius\/#breadcrumb\"},\"inLanguage\":\"en-US\",\"potentialAction\":[{\"@type\":\"ReadAction\",\"target\":[\"https:\/\/techmasterdemexico.com\/producto\/mini-soporte-de-medicion-sin-palanca-de-seleccion-on-off-68mm-working-radius\/\"]}]},{\"@type\":\"ImageObject\",\"inLanguage\":\"en-US\",\"@id\":\"https:\/\/techmasterdemexico.com\/producto\/mini-soporte-de-medicion-sin-palanca-de-seleccion-on-off-68mm-working-radius\/#primaryimage\",\"url\":\"https:\/\/techmasterdemexico.com\/wp-content\/uploads\/2021\/12\/7014_z_eps.jpg\",\"contentUrl\":\"https:\/\/techmasterdemexico.com\/wp-content\/uploads\/2021\/12\/7014_z_eps.jpg\",\"width\":600,\"height\":600},{\"@type\":\"BreadcrumbList\",\"@id\":\"https:\/\/techmasterdemexico.com\/producto\/mini-soporte-de-medicion-sin-palanca-de-seleccion-on-off-68mm-working-radius\/#breadcrumb\",\"itemListElement\":[{\"@type\":\"ListItem\",\"position\":1,\"name\":\"Portada\",\"item\":\"https:\/\/techmasterdemexico.com\/\"},{\"@type\":\"ListItem\",\"position\":2,\"name\":\"Mini soporte de medici\u00f3n sin palanca de selecci\u00f3n ON\/OFF 68mm Working Radius\"}]},{\"@type\":\"WebSite\",\"@id\":\"https:\/\/techmasterdemexico.com\/#website\",\"url\":\"https:\/\/techmasterdemexico.com\/\",\"name\":\"Techmaster de Mexico\",\"description\":\"\",\"potentialAction\":[{\"@type\":\"SearchAction\",\"target\":{\"@type\":\"EntryPoint\",\"urlTemplate\":\"https:\/\/techmasterdemexico.com\/?s={search_term_string}\"},\"query-input\":{\"@type\":\"PropertyValueSpecification\",\"valueRequired\":true,\"valueName\":\"search_term_string\"}}],\"inLanguage\":\"en-US\"}]}<\/script>\n<!-- \/ Yoast SEO plugin. -->","yoast_head_json":{"title":"Mini soporte de medici\u00f3n sin palanca de selecci\u00f3n ON\/OFF 68mm Working Radius - Techmaster de Mexico","robots":{"index":"index","follow":"follow","max-snippet":"max-snippet:-1","max-image-preview":"max-image-preview:large","max-video-preview":"max-video-preview:-1"},"canonical":"https:\/\/techmasterdemexico.com\/producto\/mini-soporte-de-medicion-sin-palanca-de-seleccion-on-off-68mm-working-radius\/","og_locale":"en_US","og_type":"article","og_title":"Mini soporte de medici\u00f3n sin palanca de selecci\u00f3n ON\/OFF 68mm Working Radius - Techmaster de Mexico","og_description":"Dispositivo de bloqueo:  magn\u00e9tico    Fuerza de amarre (vertical) N:  150\u00a0N    Superficie de apoyo:  \u00f8 30\u00a0mm    Altura Total:  106\u00a0mm    \u00f8 de agujero mm:  6 \/ 8    Radio de trabajo mm:  68\u00a0mm    Peso:  170\u00a0g","og_url":"https:\/\/techmasterdemexico.com\/producto\/mini-soporte-de-medicion-sin-palanca-de-seleccion-on-off-68mm-working-radius\/","og_site_name":"Techmaster de Mexico","article_modified_time":"2022-02-21T20:05:34+00:00","og_image":[{"width":600,"height":600,"url":"https:\/\/techmasterdemexico.com\/wp-content\/uploads\/2021\/12\/7014_z_eps.jpg","type":"image\/jpeg"}],"twitter_card":"summary_large_image","schema":{"@context":"https:\/\/schema.org","@graph":[{"@type":"WebPage","@id":"https:\/\/techmasterdemexico.com\/producto\/mini-soporte-de-medicion-sin-palanca-de-seleccion-on-off-68mm-working-radius\/","url":"https:\/\/techmasterdemexico.com\/producto\/mini-soporte-de-medicion-sin-palanca-de-seleccion-on-off-68mm-working-radius\/","name":"Mini soporte de medici\u00f3n sin palanca de selecci\u00f3n ON\/OFF 68mm Working Radius - Techmaster de Mexico","isPartOf":{"@id":"https:\/\/techmasterdemexico.com\/#website"},"primaryImageOfPage":{"@id":"https:\/\/techmasterdemexico.com\/producto\/mini-soporte-de-medicion-sin-palanca-de-seleccion-on-off-68mm-working-radius\/#primaryimage"},"image":{"@id":"https:\/\/techmasterdemexico.com\/producto\/mini-soporte-de-medicion-sin-palanca-de-seleccion-on-off-68mm-working-radius\/#primaryimage"},"thumbnailUrl":"https:\/\/techmasterdemexico.com\/wp-content\/uploads\/2021\/12\/7014_z_eps.jpg","datePublished":"2021-12-22T00:20:44+00:00","dateModified":"2022-02-21T20:05:34+00:00","breadcrumb":{"@id":"https:\/\/techmasterdemexico.com\/producto\/mini-soporte-de-medicion-sin-palanca-de-seleccion-on-off-68mm-working-radius\/#breadcrumb"},"inLanguage":"en-US","potentialAction":[{"@type":"ReadAction","target":["https:\/\/techmasterdemexico.com\/producto\/mini-soporte-de-medicion-sin-palanca-de-seleccion-on-off-68mm-working-radius\/"]}]},{"@type":"ImageObject","inLanguage":"en-US","@id":"https:\/\/techmasterdemexico.com\/producto\/mini-soporte-de-medicion-sin-palanca-de-seleccion-on-off-68mm-working-radius\/#primaryimage","url":"https:\/\/techmasterdemexico.com\/wp-content\/uploads\/2021\/12\/7014_z_eps.jpg","contentUrl":"https:\/\/techmasterdemexico.com\/wp-content\/uploads\/2021\/12\/7014_z_eps.jpg","width":600,"height":600},{"@type":"BreadcrumbList","@id":"https:\/\/techmasterdemexico.com\/producto\/mini-soporte-de-medicion-sin-palanca-de-seleccion-on-off-68mm-working-radius\/#breadcrumb","itemListElement":[{"@type":"ListItem","position":1,"name":"Portada","item":"https:\/\/techmasterdemexico.com\/"},{"@type":"ListItem","position":2,"name":"Mini soporte de medici\u00f3n sin palanca de selecci\u00f3n ON\/OFF 68mm Working Radius"}]},{"@type":"WebSite","@id":"https:\/\/techmasterdemexico.com\/#website","url":"https:\/\/techmasterdemexico.com\/","name":"Techmaster de Mexico","description":"","potentialAction":[{"@type":"SearchAction","target":{"@type":"EntryPoint","urlTemplate":"https:\/\/techmasterdemexico.com\/?s={search_term_string}"},"query-input":{"@type":"PropertyValueSpecification","valueRequired":true,"valueName":"search_term_string"}}],"inLanguage":"en-US"}]}},"brands":[{"id":39,"name":"Mitutoyo","slug":"mitutoyo"}],"_links":{"self":[{"href":"https:\/\/techmasterdemexico.com\/en\/wp-json\/wp\/v2\/product\/13492","targetHints":{"allow":["GET"]}}],"collection":[{"href":"https:\/\/techmasterdemexico.com\/en\/wp-json\/wp\/v2\/product"}],"about":[{"href":"https:\/\/techmasterdemexico.com\/en\/wp-json\/wp\/v2\/types\/product"}],"wp:featuredmedia":[{"embeddable":true,"href":"https:\/\/techmasterdemexico.com\/en\/wp-json\/wp\/v2\/media\/18266"}],"wp:attachment":[{"href":"https:\/\/techmasterdemexico.com\/en\/wp-json\/wp\/v2\/media?parent=13492"}],"wp:term":[{"taxonomy":"pwb-brand","embeddable":true,"href":"https:\/\/techmasterdemexico.com\/en\/wp-json\/wp\/v2\/pwb-brand?post=13492"},{"taxonomy":"product_brand","embeddable":true,"href":"https:\/\/techmasterdemexico.com\/en\/wp-json\/wp\/v2\/product_brand?post=13492"},{"taxonomy":"product_cat","embeddable":true,"href":"https:\/\/techmasterdemexico.com\/en\/wp-json\/wp\/v2\/product_cat?post=13492"},{"taxonomy":"product_tag","embeddable":true,"href":"https:\/\/techmasterdemexico.com\/en\/wp-json\/wp\/v2\/product_tag?post=13492"}],"curies":[{"name":"wp","href":"https:\/\/api.w.org\/{rel}","templated":true}]}}