{"id":13483,"date":"2021-12-22T00:20:36","date_gmt":"2021-12-22T00:20:36","guid":{"rendered":"https:\/\/techmastermx.ddns.net\/producto\/bloques-en-v-magneticos-95-x-70-x-98mm-d508mm\/"},"modified":"2022-02-21T20:24:24","modified_gmt":"2022-02-21T20:24:24","slug":"bloques-en-v-magneticos-95-x-70-x-98mm-d508mm","status":"publish","type":"product","link":"https:\/\/techmasterdemexico.com\/en\/producto\/bloques-en-v-magneticos-95-x-70-x-98mm-d508mm\/","title":{"rendered":"Bloques en V magn\u00e9ticos 95 x 70 x 98mm, D=50,8mm"},"content":{"rendered":"<p>Bloques en V magn\u00e9ticos<br \/>\n95 x 70 x 98mm, D=50,8mm<br \/>\nN\u00famero de art\u00edculo: 181-947<\/p>\n<p>&nbsp;<\/p>\n<p><strong>Sin mordaza<\/strong><\/p>\n<ul>\n<li>Caras de contacto rectificadas y esmeriladas.<\/li>\n<li>De longitud regular con dos tama\u00f1os diferentes, ranura en V 90\u00b0.<\/li>\n<li>Para sostener piezas cil\u00edndricas ferro-magn\u00e9ticas para trazado, alineado, etc.<\/li>\n<\/ul>\n","protected":false},"excerpt":{"rendered":"<div id=\"productDetailPage:accform:parametersContent\" class=\"accordion-content parameters\">\n<div id=\"product_parameters\" class=\"tab-content\">\n<table class=\"product_properties\">\n<tbody>\n<tr class=\"table-row-odd\">\n<td class=\"parameter\">\n<div class=\"product_properties_propertyName\"><span class=\"name\">Longitud nominal (mm):<\/span><\/div>\n<\/td>\n<td class=\"value\">\n<div class=\"product_properties_propertyValue\">98<\/div>\n<\/td>\n<\/tr>\n<tr class=\"table-row-even\">\n<td class=\"parameter\">\n<div class=\"product_properties_propertyName\"><span class=\"name\">Anchura:<\/span><\/div>\n<\/td>\n<td class=\"value\">\n<div class=\"product_properties_propertyValue\">70<span class=\"shortName\">\u00a0mm<\/span><\/div>\n<\/td>\n<\/tr>\n<tr class=\"table-row-odd\">\n<td class=\"parameter\">\n<div class=\"product_properties_propertyName\"><span class=\"name\">Altura mm:<\/span><\/div>\n<\/td>\n<td class=\"value\">\n<div class=\"product_properties_propertyValue\">95<span class=\"shortName\">\u00a0mm<\/span><\/div>\n<\/td>\n<\/tr>\n<tr class=\"table-row-even\">\n<td class=\"parameter\">\n<div class=\"product_properties_propertyName\"><span class=\"name\">Para \u00d8 max. de pieza:<\/span><\/div>\n<\/td>\n<td class=\"value\">\n<div class=\"product_properties_propertyValue\">50.8<\/div>\n<\/td>\n<\/tr>\n<tr class=\"table-row-odd\">\n<td class=\"parameter\">\n<div class=\"product_properties_propertyName\"><span class=\"name\">Receptor max. para pieza ranura V \u00d82 mm:<\/span><\/div>\n<\/td>\n<td class=\"value\">\n<div class=\"product_properties_propertyValue\">25.4<\/div>\n<\/td>\n<\/tr>\n<tr class=\"table-row-even\">\n<td class=\"parameter\">\n<div class=\"product_properties_propertyName\"><span class=\"name\">Fuerza magn\u00e9tica de amarre:<\/span><\/div>\n<\/td>\n<td class=\"value\">\n<div class=\"product_properties_propertyValue\">980<span class=\"shortName\">\u00a0N<\/span><\/div>\n<\/td>\n<\/tr>\n<tr class=\"table-row-odd\">\n<td class=\"parameter\">\n<div class=\"product_properties_propertyName\"><span class=\"name\">Entregado:<\/span><\/div>\n<\/td>\n<td class=\"value\">\n<div class=\"product_properties_propertyValue\">In pairs (181-946 and 181-947)<br \/>\nIndividually (181-246)<\/div>\n<\/td>\n<\/tr>\n<tr class=\"table-row-even\">\n<td class=\"parameter\">\n<div class=\"product_properties_propertyName\"><span class=\"name\">Paralelismo entre ranura en V y resto de superficies laterales:<\/span><\/div>\n<\/td>\n<td class=\"value\">\n<div class=\"product_properties_propertyValue\">10<span class=\"shortName\">\u00a0\u00b5m<\/span><\/div>\n<\/td>\n<\/tr>\n<tr class=\"table-row-odd\">\n<td class=\"parameter\">\n<div class=\"product_properties_propertyName\"><span class=\"name\">Perpendicularidad entre ranuras en V y superficie posterior:<\/span><\/div>\n<\/td>\n<td class=\"value\">\n<div class=\"product_properties_propertyValue\">181-246 21 \u00b5m<br \/>\n181-947 21 \u00b5m<br \/>\n181-946 11<span class=\"shortName\">\u00a0\u00b5m<\/span><\/div>\n<\/td>\n<\/tr>\n<tr class=\"table-row-even\">\n<td class=\"parameter\">\n<div class=\"product_properties_propertyName\"><span class=\"name\">Diferencia de altura en el par \u00b5m:<\/span><\/div>\n<\/td>\n<td class=\"value\">\n<div class=\"product_properties_propertyValue\">10<span class=\"shortName\">\u00a0\u03bcm<\/span><\/div>\n<\/td>\n<\/tr>\n<tr class=\"table-row-odd\">\n<td class=\"parameter\">\n<div class=\"product_properties_propertyName\"><span class=\"name\">Simetria de perfil prism\u00e1tico V \u00b5m:<\/span><\/div>\n<\/td>\n<td class=\"value\">\n<div class=\"product_properties_propertyValue\">10<span class=\"shortName\">\u00a0\u00b5m<\/span><\/div>\n<\/td>\n<\/tr>\n<tr class=\"table-row-even\">\n<td class=\"parameter\">\n<div class=\"product_properties_propertyName\"><span class=\"name\">Entrega:<\/span><\/div>\n<\/td>\n<td class=\"value\">\n<div class=\"product_properties_propertyValue\">En pares(181-946 y 181-947)<br \/>\nIndividuales (181-246)<\/div>\n<\/td>\n<\/tr>\n<tr class=\"table-row-odd\">\n<td class=\"parameter\">\n<div class=\"product_properties_propertyName\"><span class=\"name\">pulgadas-m\u00e9trico:<\/span><\/div>\n<\/td>\n<td class=\"value\">\n<div class=\"product_properties_propertyValue\">M\u00e9trico<\/div>\n<\/td>\n<\/tr>\n<tr class=\"table-row-even\">\n<td class=\"parameter\">\n<div class=\"product_properties_propertyName\"><span class=\"name\">Peso:<\/span><\/div>\n<\/td>\n<td class=\"value\">\n<div class=\"product_properties_propertyValue\">8<span class=\"shortName\">\u00a0kg<\/span><\/div>\n<\/td>\n<\/tr>\n<\/tbody>\n<\/table>\n<\/div>\n<\/div>\n<div class=\"accordion-header variants\"><\/div>\n","protected":false},"featured_media":18282,"template":"","meta":{"_acf_changed":false},"pwb-brand":[39],"product_brand":[],"product_cat":[366,387,331,38,395],"product_tag":[],"class_list":{"0":"post-13483","1":"product","2":"type-product","3":"status-publish","4":"has-post-thumbnail","6":"pwb-brand-mitutoyo","7":"product_cat-todos-los-productos","8":"product_cat-equipamiento-auxiliar-de-control","9":"product_cat-instrumentos-de-medicion-y-gestion-de-datos","10":"product_cat-mitutoyo","11":"product_cat-prismas-magneticos-en-v","13":"first","14":"instock","15":"taxable","16":"shipping-taxable","17":"product-type-simple"},"acf":[],"yoast_head":"<!-- This site is optimized with the Yoast SEO plugin v27.2 - https:\/\/yoast.com\/product\/yoast-seo-wordpress\/ -->\n<title>Bloques en V magn\u00e9ticos 95 x 70 x 98mm, D=50,8mm - Techmaster de Mexico<\/title>\n<meta name=\"robots\" content=\"index, follow, max-snippet:-1, max-image-preview:large, max-video-preview:-1\" \/>\n<link rel=\"canonical\" href=\"https:\/\/techmasterdemexico.com\/en\/producto\/bloques-en-v-magneticos-95-x-70-x-98mm-d508mm\/\" \/>\n<meta property=\"og:locale\" content=\"en_US\" \/>\n<meta property=\"og:type\" content=\"article\" \/>\n<meta property=\"og:title\" content=\"Bloques en V magn\u00e9ticos 95 x 70 x 98mm, D=50,8mm - Techmaster de Mexico\" \/>\n<meta property=\"og:description\" content=\"Longitud nominal (mm):  98    Anchura:  70\u00a0mm    Altura mm:  95\u00a0mm    Para \u00d8 max. de pieza:  50.8    Receptor max. para pieza ranura V \u00d82 mm:  25.4    Fuerza magn\u00e9tica de amarre:  980\u00a0N    Entregado:  In pairs (181-946 and 181-947) Individually (181-246)    Paralelismo entre ranura en V y resto de superficies laterales:  10\u00a0\u00b5m    Perpendicularidad entre ranuras en V y superficie posterior:  181-246 21 \u00b5m 181-947 21 \u00b5m 181-946 11\u00a0\u00b5m    Diferencia de altura en el par \u00b5m:  10\u00a0\u03bcm    Simetria de perfil prism\u00e1tico V \u00b5m:  10\u00a0\u00b5m    Entrega:  En pares(181-946 y 181-947) Individuales (181-246)    pulgadas-m\u00e9trico:  M\u00e9trico    Peso:  8\u00a0kg\" \/>\n<meta property=\"og:url\" content=\"https:\/\/techmasterdemexico.com\/en\/producto\/bloques-en-v-magneticos-95-x-70-x-98mm-d508mm\/\" \/>\n<meta property=\"og:site_name\" content=\"Techmaster de Mexico\" \/>\n<meta property=\"article:modified_time\" content=\"2022-02-21T20:24:24+00:00\" \/>\n<meta property=\"og:image\" content=\"https:\/\/techmasterdemexico.com\/wp-content\/uploads\/2021\/12\/181-946_9.jpeg\" \/>\n\t<meta property=\"og:image:width\" content=\"900\" \/>\n\t<meta property=\"og:image:height\" content=\"900\" \/>\n\t<meta property=\"og:image:type\" content=\"image\/jpeg\" \/>\n<meta name=\"twitter:card\" content=\"summary_large_image\" \/>\n<script type=\"application\/ld+json\" class=\"yoast-schema-graph\">{\"@context\":\"https:\/\/schema.org\",\"@graph\":[{\"@type\":\"WebPage\",\"@id\":\"https:\/\/techmasterdemexico.com\/en\/producto\/bloques-en-v-magneticos-95-x-70-x-98mm-d508mm\/\",\"url\":\"https:\/\/techmasterdemexico.com\/en\/producto\/bloques-en-v-magneticos-95-x-70-x-98mm-d508mm\/\",\"name\":\"Bloques en V magn\u00e9ticos 95 x 70 x 98mm, D=50,8mm - Techmaster de Mexico\",\"isPartOf\":{\"@id\":\"https:\/\/techmasterdemexico.com\/#website\"},\"primaryImageOfPage\":{\"@id\":\"https:\/\/techmasterdemexico.com\/en\/producto\/bloques-en-v-magneticos-95-x-70-x-98mm-d508mm\/#primaryimage\"},\"image\":{\"@id\":\"https:\/\/techmasterdemexico.com\/en\/producto\/bloques-en-v-magneticos-95-x-70-x-98mm-d508mm\/#primaryimage\"},\"thumbnailUrl\":\"https:\/\/techmasterdemexico.com\/wp-content\/uploads\/2021\/12\/181-946_9.jpeg\",\"datePublished\":\"2021-12-22T00:20:36+00:00\",\"dateModified\":\"2022-02-21T20:24:24+00:00\",\"breadcrumb\":{\"@id\":\"https:\/\/techmasterdemexico.com\/en\/producto\/bloques-en-v-magneticos-95-x-70-x-98mm-d508mm\/#breadcrumb\"},\"inLanguage\":\"en-US\",\"potentialAction\":[{\"@type\":\"ReadAction\",\"target\":[\"https:\/\/techmasterdemexico.com\/en\/producto\/bloques-en-v-magneticos-95-x-70-x-98mm-d508mm\/\"]}]},{\"@type\":\"ImageObject\",\"inLanguage\":\"en-US\",\"@id\":\"https:\/\/techmasterdemexico.com\/en\/producto\/bloques-en-v-magneticos-95-x-70-x-98mm-d508mm\/#primaryimage\",\"url\":\"https:\/\/techmasterdemexico.com\/wp-content\/uploads\/2021\/12\/181-946_9.jpeg\",\"contentUrl\":\"https:\/\/techmasterdemexico.com\/wp-content\/uploads\/2021\/12\/181-946_9.jpeg\",\"width\":900,\"height\":900},{\"@type\":\"BreadcrumbList\",\"@id\":\"https:\/\/techmasterdemexico.com\/en\/producto\/bloques-en-v-magneticos-95-x-70-x-98mm-d508mm\/#breadcrumb\",\"itemListElement\":[{\"@type\":\"ListItem\",\"position\":1,\"name\":\"Portada\",\"item\":\"https:\/\/techmasterdemexico.com\/\"},{\"@type\":\"ListItem\",\"position\":2,\"name\":\"Bloques en V magn\u00e9ticos 95 x 70 x 98mm, D=50,8mm\"}]},{\"@type\":\"WebSite\",\"@id\":\"https:\/\/techmasterdemexico.com\/#website\",\"url\":\"https:\/\/techmasterdemexico.com\/\",\"name\":\"Techmaster de Mexico\",\"description\":\"\",\"potentialAction\":[{\"@type\":\"SearchAction\",\"target\":{\"@type\":\"EntryPoint\",\"urlTemplate\":\"https:\/\/techmasterdemexico.com\/?s={search_term_string}\"},\"query-input\":{\"@type\":\"PropertyValueSpecification\",\"valueRequired\":true,\"valueName\":\"search_term_string\"}}],\"inLanguage\":\"en-US\"}]}<\/script>\n<!-- \/ Yoast SEO plugin. -->","yoast_head_json":{"title":"Bloques en V magn\u00e9ticos 95 x 70 x 98mm, D=50,8mm - Techmaster de Mexico","robots":{"index":"index","follow":"follow","max-snippet":"max-snippet:-1","max-image-preview":"max-image-preview:large","max-video-preview":"max-video-preview:-1"},"canonical":"https:\/\/techmasterdemexico.com\/en\/producto\/bloques-en-v-magneticos-95-x-70-x-98mm-d508mm\/","og_locale":"en_US","og_type":"article","og_title":"Bloques en V magn\u00e9ticos 95 x 70 x 98mm, D=50,8mm - Techmaster de Mexico","og_description":"Longitud nominal (mm):  98    Anchura:  70\u00a0mm    Altura mm:  95\u00a0mm    Para \u00d8 max. de pieza:  50.8    Receptor max. para pieza ranura V \u00d82 mm:  25.4    Fuerza magn\u00e9tica de amarre:  980\u00a0N    Entregado:  In pairs (181-946 and 181-947) Individually (181-246)    Paralelismo entre ranura en V y resto de superficies laterales:  10\u00a0\u00b5m    Perpendicularidad entre ranuras en V y superficie posterior:  181-246 21 \u00b5m 181-947 21 \u00b5m 181-946 11\u00a0\u00b5m    Diferencia de altura en el par \u00b5m:  10\u00a0\u03bcm    Simetria de perfil prism\u00e1tico V \u00b5m:  10\u00a0\u00b5m    Entrega:  En pares(181-946 y 181-947) Individuales (181-246)    pulgadas-m\u00e9trico:  M\u00e9trico    Peso:  8\u00a0kg","og_url":"https:\/\/techmasterdemexico.com\/en\/producto\/bloques-en-v-magneticos-95-x-70-x-98mm-d508mm\/","og_site_name":"Techmaster de Mexico","article_modified_time":"2022-02-21T20:24:24+00:00","og_image":[{"width":900,"height":900,"url":"https:\/\/techmasterdemexico.com\/wp-content\/uploads\/2021\/12\/181-946_9.jpeg","type":"image\/jpeg"}],"twitter_card":"summary_large_image","schema":{"@context":"https:\/\/schema.org","@graph":[{"@type":"WebPage","@id":"https:\/\/techmasterdemexico.com\/en\/producto\/bloques-en-v-magneticos-95-x-70-x-98mm-d508mm\/","url":"https:\/\/techmasterdemexico.com\/en\/producto\/bloques-en-v-magneticos-95-x-70-x-98mm-d508mm\/","name":"Bloques en V magn\u00e9ticos 95 x 70 x 98mm, D=50,8mm - Techmaster de Mexico","isPartOf":{"@id":"https:\/\/techmasterdemexico.com\/#website"},"primaryImageOfPage":{"@id":"https:\/\/techmasterdemexico.com\/en\/producto\/bloques-en-v-magneticos-95-x-70-x-98mm-d508mm\/#primaryimage"},"image":{"@id":"https:\/\/techmasterdemexico.com\/en\/producto\/bloques-en-v-magneticos-95-x-70-x-98mm-d508mm\/#primaryimage"},"thumbnailUrl":"https:\/\/techmasterdemexico.com\/wp-content\/uploads\/2021\/12\/181-946_9.jpeg","datePublished":"2021-12-22T00:20:36+00:00","dateModified":"2022-02-21T20:24:24+00:00","breadcrumb":{"@id":"https:\/\/techmasterdemexico.com\/en\/producto\/bloques-en-v-magneticos-95-x-70-x-98mm-d508mm\/#breadcrumb"},"inLanguage":"en-US","potentialAction":[{"@type":"ReadAction","target":["https:\/\/techmasterdemexico.com\/en\/producto\/bloques-en-v-magneticos-95-x-70-x-98mm-d508mm\/"]}]},{"@type":"ImageObject","inLanguage":"en-US","@id":"https:\/\/techmasterdemexico.com\/en\/producto\/bloques-en-v-magneticos-95-x-70-x-98mm-d508mm\/#primaryimage","url":"https:\/\/techmasterdemexico.com\/wp-content\/uploads\/2021\/12\/181-946_9.jpeg","contentUrl":"https:\/\/techmasterdemexico.com\/wp-content\/uploads\/2021\/12\/181-946_9.jpeg","width":900,"height":900},{"@type":"BreadcrumbList","@id":"https:\/\/techmasterdemexico.com\/en\/producto\/bloques-en-v-magneticos-95-x-70-x-98mm-d508mm\/#breadcrumb","itemListElement":[{"@type":"ListItem","position":1,"name":"Portada","item":"https:\/\/techmasterdemexico.com\/"},{"@type":"ListItem","position":2,"name":"Bloques en V magn\u00e9ticos 95 x 70 x 98mm, D=50,8mm"}]},{"@type":"WebSite","@id":"https:\/\/techmasterdemexico.com\/#website","url":"https:\/\/techmasterdemexico.com\/","name":"Techmaster de Mexico","description":"","potentialAction":[{"@type":"SearchAction","target":{"@type":"EntryPoint","urlTemplate":"https:\/\/techmasterdemexico.com\/?s={search_term_string}"},"query-input":{"@type":"PropertyValueSpecification","valueRequired":true,"valueName":"search_term_string"}}],"inLanguage":"en-US"}]}},"brands":[{"id":39,"name":"Mitutoyo","slug":"mitutoyo"}],"_links":{"self":[{"href":"https:\/\/techmasterdemexico.com\/en\/wp-json\/wp\/v2\/product\/13483","targetHints":{"allow":["GET"]}}],"collection":[{"href":"https:\/\/techmasterdemexico.com\/en\/wp-json\/wp\/v2\/product"}],"about":[{"href":"https:\/\/techmasterdemexico.com\/en\/wp-json\/wp\/v2\/types\/product"}],"wp:featuredmedia":[{"embeddable":true,"href":"https:\/\/techmasterdemexico.com\/en\/wp-json\/wp\/v2\/media\/18282"}],"wp:attachment":[{"href":"https:\/\/techmasterdemexico.com\/en\/wp-json\/wp\/v2\/media?parent=13483"}],"wp:term":[{"taxonomy":"pwb-brand","embeddable":true,"href":"https:\/\/techmasterdemexico.com\/en\/wp-json\/wp\/v2\/pwb-brand?post=13483"},{"taxonomy":"product_brand","embeddable":true,"href":"https:\/\/techmasterdemexico.com\/en\/wp-json\/wp\/v2\/product_brand?post=13483"},{"taxonomy":"product_cat","embeddable":true,"href":"https:\/\/techmasterdemexico.com\/en\/wp-json\/wp\/v2\/product_cat?post=13483"},{"taxonomy":"product_tag","embeddable":true,"href":"https:\/\/techmasterdemexico.com\/en\/wp-json\/wp\/v2\/product_tag?post=13483"}],"curies":[{"name":"wp","href":"https:\/\/api.w.org\/{rel}","templated":true}]}}