{"id":13478,"date":"2021-12-22T00:20:32","date_gmt":"2021-12-22T00:20:32","guid":{"rendered":"https:\/\/techmastermx.ddns.net\/producto\/transportador-de-angulos-universal-12-blade\/"},"modified":"2022-02-21T20:33:21","modified_gmt":"2022-02-21T20:33:21","slug":"transportador-de-angulos-universal-12-blade","status":"publish","type":"product","link":"https:\/\/techmasterdemexico.com\/en\/producto\/transportador-de-angulos-universal-12-blade\/","title":{"rendered":"Transportador de \u00e1ngulos universal 12&#8243; Blade"},"content":{"rendered":"<p>Transportador de \u00e1ngulos universal<br \/>\n12&#8243; Blade<br \/>\nN\u00famero de art\u00edculo: 187-906<\/p>\n<p>&nbsp;<\/p>\n<div id=\"productDetailPage:j_idt2164\" class=\"description-big\">\n<p><span class=\"description\">Este\u00a0transportador de \u00e1ngulos\u00a0universal le ofrece los siguientes beneficios:<\/span><\/p>\n<p>&nbsp;<\/p>\n<\/div>\n<ul>\n<li class=\"description-big\"><span class=\"description\">La medici\u00f3n de \u00e1ngulo de alta precisi\u00f3n le permite tomar medidas angulares precisas de m\u00e1quinas, moldes y plantillas.<br \/>\n<\/span><\/li>\n<li class=\"description-big\"><span class=\"description\">Se puede adaptar a los medidores de alturas.<br \/>\n<\/span><\/li>\n<li class=\"description-big\"><span class=\"description\">Viene con una lupa.<\/span><\/li>\n<\/ul>\n<form id=\"productDetailPage:accform\" action=\"https:\/\/shop.mitutoyo.mx\/products\/public\/index.xhtml\" enctype=\"application\/x-www-form-urlencoded\" method=\"post\" name=\"productDetailPage:accform\">\n<div class=\"accordion\">\n<div class=\"accordion-header parameters\"><\/div>\n<\/div>\n<\/form>\n<p><\/p>","protected":false},"excerpt":{"rendered":"<div id=\"productDetailPage:accform:parametersContent\" class=\"accordion-content parameters\">\n<div id=\"product_parameters\" class=\"tab-content\">\n<table class=\"product_properties\">\n<tbody>\n<tr class=\"table-row-odd\">\n<td class=\"parameter\">\n<div class=\"product_properties_propertyName\"><span class=\"name\">\u00c1ngulo ext. de reglas:<\/span><\/div>\n<\/td>\n<td class=\"value\">\n<div class=\"product_properties_propertyValue\">60\u00b0, 45\u00b0 edges<\/div>\n<\/td>\n<\/tr>\n<tr class=\"table-row-even\">\n<td class=\"parameter\">\n<div class=\"product_properties_propertyName\"><span class=\"name\">Longitud de hoja:<\/span><\/div>\n<\/td>\n<td class=\"value\">\n<div class=\"product_properties_propertyValue\">12&#8243;<\/div>\n<\/td>\n<\/tr>\n<tr class=\"table-row-odd\">\n<td class=\"parameter\">\n<div class=\"product_properties_propertyName\"><span class=\"name\">Entregado:<\/span><\/div>\n<\/td>\n<td class=\"value\">\n<div class=\"product_properties_propertyValue\">In a box with holder for height gauge, magnifier<\/div>\n<\/td>\n<\/tr>\n<tr class=\"table-row-even\">\n<td class=\"parameter\">\n<div class=\"product_properties_propertyName\"><span class=\"name\">Peso:<\/span><\/div>\n<\/td>\n<td class=\"value\">\n<div class=\"product_properties_propertyValue\">885<span class=\"shortName\">\u00a0g<\/span><\/div>\n<\/td>\n<\/tr>\n<tr class=\"table-row-odd\">\n<td class=\"parameter\">\n<div class=\"product_properties_propertyName\"><span class=\"name\">Graduaci\u00f3n:<\/span><\/div>\n<\/td>\n<td class=\"value\">\n<div class=\"product_properties_propertyValue\">5\u00b4<\/div>\n<\/td>\n<\/tr>\n<tr class=\"table-row-even\">\n<td class=\"parameter\">\n<div class=\"product_properties_propertyName\"><span class=\"name\">Entrega:<\/span><\/div>\n<\/td>\n<td class=\"value\">\n<div class=\"product_properties_propertyValue\">En estuche<\/div>\n<\/td>\n<\/tr>\n<tr class=\"table-row-odd\">\n<td class=\"parameter\">\n<div class=\"product_properties_propertyName\"><span class=\"name\">pulgadas-m\u00e9trico:<\/span><\/div>\n<\/td>\n<td class=\"value\">\n<div class=\"product_properties_propertyValue\">Pulgadas<\/div>\n<\/td>\n<\/tr>\n<\/tbody>\n<\/table>\n<\/div>\n<\/div>\n<div class=\"accordion-header variants\"><\/div>\n","protected":false},"featured_media":18290,"template":"","meta":{"_acf_changed":false},"pwb-brand":[39],"product_brand":[],"product_cat":[366,387,394,331,38],"product_tag":[],"class_list":{"0":"post-13478","1":"product","2":"type-product","3":"status-publish","4":"has-post-thumbnail","6":"pwb-brand-mitutoyo","7":"product_cat-todos-los-productos","8":"product_cat-equipamiento-auxiliar-de-control","9":"product_cat-goniometro-universal","10":"product_cat-instrumentos-de-medicion-y-gestion-de-datos","11":"product_cat-mitutoyo","13":"first","14":"instock","15":"taxable","16":"shipping-taxable","17":"product-type-simple"},"acf":[],"yoast_head":"<!-- This site is optimized with the Yoast SEO plugin v27.2 - https:\/\/yoast.com\/product\/yoast-seo-wordpress\/ -->\n<title>Transportador de \u00e1ngulos universal 12&quot; Blade - Techmaster de Mexico<\/title>\n<meta name=\"robots\" content=\"index, follow, max-snippet:-1, max-image-preview:large, max-video-preview:-1\" \/>\n<link rel=\"canonical\" href=\"https:\/\/techmasterdemexico.com\/producto\/transportador-de-angulos-universal-12-blade\/\" \/>\n<meta property=\"og:locale\" content=\"en_US\" \/>\n<meta property=\"og:type\" content=\"article\" \/>\n<meta property=\"og:title\" content=\"Transportador de \u00e1ngulos universal 12&quot; Blade - Techmaster de Mexico\" \/>\n<meta property=\"og:description\" content=\"\u00c1ngulo ext. de reglas:  60\u00b0, 45\u00b0 edges    Longitud de hoja:  12&quot;    Entregado:  In a box with holder for height gauge, magnifier    Peso:  885\u00a0g    Graduaci\u00f3n:  5\u00b4    Entrega:  En estuche    pulgadas-m\u00e9trico:  Pulgadas\" \/>\n<meta property=\"og:url\" content=\"https:\/\/techmasterdemexico.com\/producto\/transportador-de-angulos-universal-12-blade\/\" \/>\n<meta property=\"og:site_name\" content=\"Techmaster de Mexico\" \/>\n<meta property=\"article:modified_time\" content=\"2022-02-21T20:33:21+00:00\" \/>\n<meta property=\"og:image\" content=\"https:\/\/techmasterdemexico.com\/wp-content\/uploads\/2021\/12\/187-906_z1_jpg.jpg\" \/>\n\t<meta property=\"og:image:width\" content=\"600\" \/>\n\t<meta property=\"og:image:height\" content=\"600\" \/>\n\t<meta property=\"og:image:type\" content=\"image\/jpeg\" \/>\n<meta name=\"twitter:card\" content=\"summary_large_image\" \/>\n<meta name=\"twitter:label1\" content=\"Est. reading time\" \/>\n\t<meta name=\"twitter:data1\" content=\"1 minute\" \/>\n<script type=\"application\/ld+json\" class=\"yoast-schema-graph\">{\"@context\":\"https:\/\/schema.org\",\"@graph\":[{\"@type\":\"WebPage\",\"@id\":\"https:\/\/techmasterdemexico.com\/producto\/transportador-de-angulos-universal-12-blade\/\",\"url\":\"https:\/\/techmasterdemexico.com\/producto\/transportador-de-angulos-universal-12-blade\/\",\"name\":\"Transportador de \u00e1ngulos universal 12\\\" Blade - Techmaster de Mexico\",\"isPartOf\":{\"@id\":\"https:\/\/techmasterdemexico.com\/#website\"},\"primaryImageOfPage\":{\"@id\":\"https:\/\/techmasterdemexico.com\/producto\/transportador-de-angulos-universal-12-blade\/#primaryimage\"},\"image\":{\"@id\":\"https:\/\/techmasterdemexico.com\/producto\/transportador-de-angulos-universal-12-blade\/#primaryimage\"},\"thumbnailUrl\":\"https:\/\/techmasterdemexico.com\/wp-content\/uploads\/2021\/12\/187-906_z1_jpg.jpg\",\"datePublished\":\"2021-12-22T00:20:32+00:00\",\"dateModified\":\"2022-02-21T20:33:21+00:00\",\"breadcrumb\":{\"@id\":\"https:\/\/techmasterdemexico.com\/producto\/transportador-de-angulos-universal-12-blade\/#breadcrumb\"},\"inLanguage\":\"en-US\",\"potentialAction\":[{\"@type\":\"ReadAction\",\"target\":[\"https:\/\/techmasterdemexico.com\/producto\/transportador-de-angulos-universal-12-blade\/\"]}]},{\"@type\":\"ImageObject\",\"inLanguage\":\"en-US\",\"@id\":\"https:\/\/techmasterdemexico.com\/producto\/transportador-de-angulos-universal-12-blade\/#primaryimage\",\"url\":\"https:\/\/techmasterdemexico.com\/wp-content\/uploads\/2021\/12\/187-906_z1_jpg.jpg\",\"contentUrl\":\"https:\/\/techmasterdemexico.com\/wp-content\/uploads\/2021\/12\/187-906_z1_jpg.jpg\",\"width\":600,\"height\":600},{\"@type\":\"BreadcrumbList\",\"@id\":\"https:\/\/techmasterdemexico.com\/producto\/transportador-de-angulos-universal-12-blade\/#breadcrumb\",\"itemListElement\":[{\"@type\":\"ListItem\",\"position\":1,\"name\":\"Portada\",\"item\":\"https:\/\/techmasterdemexico.com\/\"},{\"@type\":\"ListItem\",\"position\":2,\"name\":\"Transportador de \u00e1ngulos universal 12&#8243; Blade\"}]},{\"@type\":\"WebSite\",\"@id\":\"https:\/\/techmasterdemexico.com\/#website\",\"url\":\"https:\/\/techmasterdemexico.com\/\",\"name\":\"Techmaster de Mexico\",\"description\":\"\",\"potentialAction\":[{\"@type\":\"SearchAction\",\"target\":{\"@type\":\"EntryPoint\",\"urlTemplate\":\"https:\/\/techmasterdemexico.com\/?s={search_term_string}\"},\"query-input\":{\"@type\":\"PropertyValueSpecification\",\"valueRequired\":true,\"valueName\":\"search_term_string\"}}],\"inLanguage\":\"en-US\"}]}<\/script>\n<!-- \/ Yoast SEO plugin. -->","yoast_head_json":{"title":"Transportador de \u00e1ngulos universal 12\" Blade - Techmaster de Mexico","robots":{"index":"index","follow":"follow","max-snippet":"max-snippet:-1","max-image-preview":"max-image-preview:large","max-video-preview":"max-video-preview:-1"},"canonical":"https:\/\/techmasterdemexico.com\/producto\/transportador-de-angulos-universal-12-blade\/","og_locale":"en_US","og_type":"article","og_title":"Transportador de \u00e1ngulos universal 12\" Blade - Techmaster de Mexico","og_description":"\u00c1ngulo ext. de reglas:  60\u00b0, 45\u00b0 edges    Longitud de hoja:  12\"    Entregado:  In a box with holder for height gauge, magnifier    Peso:  885\u00a0g    Graduaci\u00f3n:  5\u00b4    Entrega:  En estuche    pulgadas-m\u00e9trico:  Pulgadas","og_url":"https:\/\/techmasterdemexico.com\/producto\/transportador-de-angulos-universal-12-blade\/","og_site_name":"Techmaster de Mexico","article_modified_time":"2022-02-21T20:33:21+00:00","og_image":[{"width":600,"height":600,"url":"https:\/\/techmasterdemexico.com\/wp-content\/uploads\/2021\/12\/187-906_z1_jpg.jpg","type":"image\/jpeg"}],"twitter_card":"summary_large_image","twitter_misc":{"Est. reading time":"1 minute"},"schema":{"@context":"https:\/\/schema.org","@graph":[{"@type":"WebPage","@id":"https:\/\/techmasterdemexico.com\/producto\/transportador-de-angulos-universal-12-blade\/","url":"https:\/\/techmasterdemexico.com\/producto\/transportador-de-angulos-universal-12-blade\/","name":"Transportador de \u00e1ngulos universal 12\" Blade - Techmaster de Mexico","isPartOf":{"@id":"https:\/\/techmasterdemexico.com\/#website"},"primaryImageOfPage":{"@id":"https:\/\/techmasterdemexico.com\/producto\/transportador-de-angulos-universal-12-blade\/#primaryimage"},"image":{"@id":"https:\/\/techmasterdemexico.com\/producto\/transportador-de-angulos-universal-12-blade\/#primaryimage"},"thumbnailUrl":"https:\/\/techmasterdemexico.com\/wp-content\/uploads\/2021\/12\/187-906_z1_jpg.jpg","datePublished":"2021-12-22T00:20:32+00:00","dateModified":"2022-02-21T20:33:21+00:00","breadcrumb":{"@id":"https:\/\/techmasterdemexico.com\/producto\/transportador-de-angulos-universal-12-blade\/#breadcrumb"},"inLanguage":"en-US","potentialAction":[{"@type":"ReadAction","target":["https:\/\/techmasterdemexico.com\/producto\/transportador-de-angulos-universal-12-blade\/"]}]},{"@type":"ImageObject","inLanguage":"en-US","@id":"https:\/\/techmasterdemexico.com\/producto\/transportador-de-angulos-universal-12-blade\/#primaryimage","url":"https:\/\/techmasterdemexico.com\/wp-content\/uploads\/2021\/12\/187-906_z1_jpg.jpg","contentUrl":"https:\/\/techmasterdemexico.com\/wp-content\/uploads\/2021\/12\/187-906_z1_jpg.jpg","width":600,"height":600},{"@type":"BreadcrumbList","@id":"https:\/\/techmasterdemexico.com\/producto\/transportador-de-angulos-universal-12-blade\/#breadcrumb","itemListElement":[{"@type":"ListItem","position":1,"name":"Portada","item":"https:\/\/techmasterdemexico.com\/"},{"@type":"ListItem","position":2,"name":"Transportador de \u00e1ngulos universal 12&#8243; Blade"}]},{"@type":"WebSite","@id":"https:\/\/techmasterdemexico.com\/#website","url":"https:\/\/techmasterdemexico.com\/","name":"Techmaster de Mexico","description":"","potentialAction":[{"@type":"SearchAction","target":{"@type":"EntryPoint","urlTemplate":"https:\/\/techmasterdemexico.com\/?s={search_term_string}"},"query-input":{"@type":"PropertyValueSpecification","valueRequired":true,"valueName":"search_term_string"}}],"inLanguage":"en-US"}]}},"brands":[{"id":39,"name":"Mitutoyo","slug":"mitutoyo"}],"_links":{"self":[{"href":"https:\/\/techmasterdemexico.com\/en\/wp-json\/wp\/v2\/product\/13478","targetHints":{"allow":["GET"]}}],"collection":[{"href":"https:\/\/techmasterdemexico.com\/en\/wp-json\/wp\/v2\/product"}],"about":[{"href":"https:\/\/techmasterdemexico.com\/en\/wp-json\/wp\/v2\/types\/product"}],"wp:featuredmedia":[{"embeddable":true,"href":"https:\/\/techmasterdemexico.com\/en\/wp-json\/wp\/v2\/media\/18290"}],"wp:attachment":[{"href":"https:\/\/techmasterdemexico.com\/en\/wp-json\/wp\/v2\/media?parent=13478"}],"wp:term":[{"taxonomy":"pwb-brand","embeddable":true,"href":"https:\/\/techmasterdemexico.com\/en\/wp-json\/wp\/v2\/pwb-brand?post=13478"},{"taxonomy":"product_brand","embeddable":true,"href":"https:\/\/techmasterdemexico.com\/en\/wp-json\/wp\/v2\/product_brand?post=13478"},{"taxonomy":"product_cat","embeddable":true,"href":"https:\/\/techmasterdemexico.com\/en\/wp-json\/wp\/v2\/product_cat?post=13478"},{"taxonomy":"product_tag","embeddable":true,"href":"https:\/\/techmasterdemexico.com\/en\/wp-json\/wp\/v2\/product_tag?post=13478"}],"curies":[{"name":"wp","href":"https:\/\/api.w.org\/{rel}","templated":true}]}}