{"id":13461,"date":"2021-12-22T00:20:14","date_gmt":"2021-12-22T00:20:14","guid":{"rendered":"https:\/\/techmastermx.ddns.net\/producto\/feeler-gauge-28-leaves-005-1mm\/"},"modified":"2022-02-21T21:03:02","modified_gmt":"2022-02-21T21:03:02","slug":"feeler-gauge-28-leaves-005-1mm","status":"publish","type":"product","link":"https:\/\/techmasterdemexico.com\/en\/producto\/feeler-gauge-28-leaves-005-1mm\/","title":{"rendered":"Feeler Gauge 28 Leaves 0,05-1mm"},"content":{"rendered":"<p>Feeler Gauge 28 Leaves<br \/>\n0,05-1mm<br \/>\nN\u00famero de art\u00edculo: 184-303S<\/p>\n<p>&nbsp;<\/p>\n<p>Galgas de espesor es ideal para una variedad de tareas de medici\u00f3n\u00a0que le ofrecen los siguientes beneficios:<\/p>\n<ul>\n<li>Medida claramente marcada\u00a0en cada hoja.<\/li>\n<li>Las hojas son f\u00e1ciles de quitar y\u00a0pueden ser\u00a0bloqueadas de forma individual.<\/li>\n<\/ul>\n","protected":false},"excerpt":{"rendered":"<div id=\"productDetailPage:accform:parametersContent\" class=\"accordion-content parameters\">\n<div id=\"product_parameters\" class=\"tab-content\">\n<table class=\"product_properties\">\n<tbody>\n<tr class=\"table-row-odd\">\n<td class=\"parameter\">\n<div class=\"product_properties_propertyName\"><span class=\"name\">Rango :<\/span><\/div>\n<\/td>\n<td class=\"value\">\n<div class=\"product_properties_propertyValue\">0,05-1 mm<\/div>\n<\/td>\n<\/tr>\n<tr class=\"table-row-even\">\n<td class=\"parameter\">\n<div class=\"product_properties_propertyName\"><span class=\"name\">Exactitud:<\/span><\/div>\n<\/td>\n<td class=\"value\">\n<div class=\"product_properties_propertyValue\">0,03-0,15 mm: \u00b10,005 mm, 0,2- 0,5 mm: \u00b10,012 mm, 0,55-1 mm: \u00b10,02 mm<\/div>\n<\/td>\n<\/tr>\n<tr class=\"table-row-odd\">\n<td class=\"parameter\">\n<div class=\"product_properties_propertyName\"><span class=\"name\">pulgadas-m\u00e9trico:<\/span><\/div>\n<\/td>\n<td class=\"value\">\n<div class=\"product_properties_propertyValue\">M\u00e9trico<\/div>\n<\/td>\n<\/tr>\n<tr class=\"table-row-even\">\n<td class=\"parameter\">\n<div class=\"product_properties_propertyName\"><span class=\"name\">Vol\u00famen de suministro:<\/span><\/div>\n<\/td>\n<td class=\"value\">\n<div class=\"product_properties_propertyValue\">0.05-0.15mm: 0.01mm, 0.2-1mm: 0.05mm<\/div>\n<\/td>\n<\/tr>\n<tr class=\"table-row-odd\">\n<td class=\"parameter\">\n<div class=\"product_properties_propertyName\"><span class=\"name\">Length:<\/span><\/div>\n<\/td>\n<td class=\"value\">\n<div class=\"product_properties_propertyValue\">150 mm<\/div>\n<\/td>\n<\/tr>\n<\/tbody>\n<\/table>\n<\/div>\n<\/div>\n<div class=\"accordion-header variants\"><\/div>\n","protected":false},"featured_media":18314,"template":"","meta":{"_acf_changed":false},"pwb-brand":[39],"product_brand":[],"product_cat":[366,387,331,390,38],"product_tag":[],"class_list":{"0":"post-13461","1":"product","2":"type-product","3":"status-publish","4":"has-post-thumbnail","6":"pwb-brand-mitutoyo","7":"product_cat-todos-los-productos","8":"product_cat-equipamiento-auxiliar-de-control","9":"product_cat-instrumentos-de-medicion-y-gestion-de-datos","10":"product_cat-laminas-de-espesores","11":"product_cat-mitutoyo","13":"first","14":"instock","15":"taxable","16":"shipping-taxable","17":"product-type-simple"},"acf":[],"yoast_head":"<!-- This site is optimized with the Yoast SEO plugin v27.2 - https:\/\/yoast.com\/product\/yoast-seo-wordpress\/ -->\n<title>Feeler Gauge 28 Leaves 0,05-1mm - Techmaster de Mexico<\/title>\n<meta name=\"robots\" content=\"index, follow, max-snippet:-1, max-image-preview:large, max-video-preview:-1\" \/>\n<link rel=\"canonical\" href=\"https:\/\/techmasterdemexico.com\/en\/producto\/feeler-gauge-28-leaves-005-1mm\/\" \/>\n<meta property=\"og:locale\" content=\"en_US\" \/>\n<meta property=\"og:type\" content=\"article\" \/>\n<meta property=\"og:title\" content=\"Feeler Gauge 28 Leaves 0,05-1mm - Techmaster de Mexico\" \/>\n<meta property=\"og:description\" content=\"Rango :  0,05-1 mm    Exactitud:  0,03-0,15 mm: \u00b10,005 mm, 0,2- 0,5 mm: \u00b10,012 mm, 0,55-1 mm: \u00b10,02 mm    pulgadas-m\u00e9trico:  M\u00e9trico    Vol\u00famen de suministro:  0.05-0.15mm: 0.01mm, 0.2-1mm: 0.05mm    Length:  150 mm\" \/>\n<meta property=\"og:url\" content=\"https:\/\/techmasterdemexico.com\/en\/producto\/feeler-gauge-28-leaves-005-1mm\/\" \/>\n<meta property=\"og:site_name\" content=\"Techmaster de Mexico\" \/>\n<meta property=\"article:modified_time\" content=\"2022-02-21T21:03:02+00:00\" \/>\n<meta property=\"og:image\" content=\"https:\/\/techmasterdemexico.com\/wp-content\/uploads\/2021\/12\/184-303s_z1_jpg.jpg\" \/>\n\t<meta property=\"og:image:width\" content=\"600\" \/>\n\t<meta property=\"og:image:height\" content=\"600\" \/>\n\t<meta property=\"og:image:type\" content=\"image\/jpeg\" \/>\n<meta name=\"twitter:card\" content=\"summary_large_image\" \/>\n<script type=\"application\/ld+json\" class=\"yoast-schema-graph\">{\"@context\":\"https:\/\/schema.org\",\"@graph\":[{\"@type\":\"WebPage\",\"@id\":\"https:\/\/techmasterdemexico.com\/en\/producto\/feeler-gauge-28-leaves-005-1mm\/\",\"url\":\"https:\/\/techmasterdemexico.com\/en\/producto\/feeler-gauge-28-leaves-005-1mm\/\",\"name\":\"Feeler Gauge 28 Leaves 0,05-1mm - Techmaster de Mexico\",\"isPartOf\":{\"@id\":\"https:\/\/techmasterdemexico.com\/#website\"},\"primaryImageOfPage\":{\"@id\":\"https:\/\/techmasterdemexico.com\/en\/producto\/feeler-gauge-28-leaves-005-1mm\/#primaryimage\"},\"image\":{\"@id\":\"https:\/\/techmasterdemexico.com\/en\/producto\/feeler-gauge-28-leaves-005-1mm\/#primaryimage\"},\"thumbnailUrl\":\"https:\/\/techmasterdemexico.com\/wp-content\/uploads\/2021\/12\/184-303s_z1_jpg.jpg\",\"datePublished\":\"2021-12-22T00:20:14+00:00\",\"dateModified\":\"2022-02-21T21:03:02+00:00\",\"breadcrumb\":{\"@id\":\"https:\/\/techmasterdemexico.com\/en\/producto\/feeler-gauge-28-leaves-005-1mm\/#breadcrumb\"},\"inLanguage\":\"en-US\",\"potentialAction\":[{\"@type\":\"ReadAction\",\"target\":[\"https:\/\/techmasterdemexico.com\/en\/producto\/feeler-gauge-28-leaves-005-1mm\/\"]}]},{\"@type\":\"ImageObject\",\"inLanguage\":\"en-US\",\"@id\":\"https:\/\/techmasterdemexico.com\/en\/producto\/feeler-gauge-28-leaves-005-1mm\/#primaryimage\",\"url\":\"https:\/\/techmasterdemexico.com\/wp-content\/uploads\/2021\/12\/184-303s_z1_jpg.jpg\",\"contentUrl\":\"https:\/\/techmasterdemexico.com\/wp-content\/uploads\/2021\/12\/184-303s_z1_jpg.jpg\",\"width\":600,\"height\":600},{\"@type\":\"BreadcrumbList\",\"@id\":\"https:\/\/techmasterdemexico.com\/en\/producto\/feeler-gauge-28-leaves-005-1mm\/#breadcrumb\",\"itemListElement\":[{\"@type\":\"ListItem\",\"position\":1,\"name\":\"Portada\",\"item\":\"https:\/\/techmasterdemexico.com\/\"},{\"@type\":\"ListItem\",\"position\":2,\"name\":\"Feeler Gauge 28 Leaves 0,05-1mm\"}]},{\"@type\":\"WebSite\",\"@id\":\"https:\/\/techmasterdemexico.com\/#website\",\"url\":\"https:\/\/techmasterdemexico.com\/\",\"name\":\"Techmaster de Mexico\",\"description\":\"\",\"potentialAction\":[{\"@type\":\"SearchAction\",\"target\":{\"@type\":\"EntryPoint\",\"urlTemplate\":\"https:\/\/techmasterdemexico.com\/?s={search_term_string}\"},\"query-input\":{\"@type\":\"PropertyValueSpecification\",\"valueRequired\":true,\"valueName\":\"search_term_string\"}}],\"inLanguage\":\"en-US\"}]}<\/script>\n<!-- \/ Yoast SEO plugin. -->","yoast_head_json":{"title":"Feeler Gauge 28 Leaves 0,05-1mm - Techmaster de Mexico","robots":{"index":"index","follow":"follow","max-snippet":"max-snippet:-1","max-image-preview":"max-image-preview:large","max-video-preview":"max-video-preview:-1"},"canonical":"https:\/\/techmasterdemexico.com\/en\/producto\/feeler-gauge-28-leaves-005-1mm\/","og_locale":"en_US","og_type":"article","og_title":"Feeler Gauge 28 Leaves 0,05-1mm - Techmaster de Mexico","og_description":"Rango :  0,05-1 mm    Exactitud:  0,03-0,15 mm: \u00b10,005 mm, 0,2- 0,5 mm: \u00b10,012 mm, 0,55-1 mm: \u00b10,02 mm    pulgadas-m\u00e9trico:  M\u00e9trico    Vol\u00famen de suministro:  0.05-0.15mm: 0.01mm, 0.2-1mm: 0.05mm    Length:  150 mm","og_url":"https:\/\/techmasterdemexico.com\/en\/producto\/feeler-gauge-28-leaves-005-1mm\/","og_site_name":"Techmaster de Mexico","article_modified_time":"2022-02-21T21:03:02+00:00","og_image":[{"width":600,"height":600,"url":"https:\/\/techmasterdemexico.com\/wp-content\/uploads\/2021\/12\/184-303s_z1_jpg.jpg","type":"image\/jpeg"}],"twitter_card":"summary_large_image","schema":{"@context":"https:\/\/schema.org","@graph":[{"@type":"WebPage","@id":"https:\/\/techmasterdemexico.com\/en\/producto\/feeler-gauge-28-leaves-005-1mm\/","url":"https:\/\/techmasterdemexico.com\/en\/producto\/feeler-gauge-28-leaves-005-1mm\/","name":"Feeler Gauge 28 Leaves 0,05-1mm - Techmaster de Mexico","isPartOf":{"@id":"https:\/\/techmasterdemexico.com\/#website"},"primaryImageOfPage":{"@id":"https:\/\/techmasterdemexico.com\/en\/producto\/feeler-gauge-28-leaves-005-1mm\/#primaryimage"},"image":{"@id":"https:\/\/techmasterdemexico.com\/en\/producto\/feeler-gauge-28-leaves-005-1mm\/#primaryimage"},"thumbnailUrl":"https:\/\/techmasterdemexico.com\/wp-content\/uploads\/2021\/12\/184-303s_z1_jpg.jpg","datePublished":"2021-12-22T00:20:14+00:00","dateModified":"2022-02-21T21:03:02+00:00","breadcrumb":{"@id":"https:\/\/techmasterdemexico.com\/en\/producto\/feeler-gauge-28-leaves-005-1mm\/#breadcrumb"},"inLanguage":"en-US","potentialAction":[{"@type":"ReadAction","target":["https:\/\/techmasterdemexico.com\/en\/producto\/feeler-gauge-28-leaves-005-1mm\/"]}]},{"@type":"ImageObject","inLanguage":"en-US","@id":"https:\/\/techmasterdemexico.com\/en\/producto\/feeler-gauge-28-leaves-005-1mm\/#primaryimage","url":"https:\/\/techmasterdemexico.com\/wp-content\/uploads\/2021\/12\/184-303s_z1_jpg.jpg","contentUrl":"https:\/\/techmasterdemexico.com\/wp-content\/uploads\/2021\/12\/184-303s_z1_jpg.jpg","width":600,"height":600},{"@type":"BreadcrumbList","@id":"https:\/\/techmasterdemexico.com\/en\/producto\/feeler-gauge-28-leaves-005-1mm\/#breadcrumb","itemListElement":[{"@type":"ListItem","position":1,"name":"Portada","item":"https:\/\/techmasterdemexico.com\/"},{"@type":"ListItem","position":2,"name":"Feeler Gauge 28 Leaves 0,05-1mm"}]},{"@type":"WebSite","@id":"https:\/\/techmasterdemexico.com\/#website","url":"https:\/\/techmasterdemexico.com\/","name":"Techmaster de Mexico","description":"","potentialAction":[{"@type":"SearchAction","target":{"@type":"EntryPoint","urlTemplate":"https:\/\/techmasterdemexico.com\/?s={search_term_string}"},"query-input":{"@type":"PropertyValueSpecification","valueRequired":true,"valueName":"search_term_string"}}],"inLanguage":"en-US"}]}},"brands":[{"id":39,"name":"Mitutoyo","slug":"mitutoyo"}],"_links":{"self":[{"href":"https:\/\/techmasterdemexico.com\/en\/wp-json\/wp\/v2\/product\/13461","targetHints":{"allow":["GET"]}}],"collection":[{"href":"https:\/\/techmasterdemexico.com\/en\/wp-json\/wp\/v2\/product"}],"about":[{"href":"https:\/\/techmasterdemexico.com\/en\/wp-json\/wp\/v2\/types\/product"}],"wp:featuredmedia":[{"embeddable":true,"href":"https:\/\/techmasterdemexico.com\/en\/wp-json\/wp\/v2\/media\/18314"}],"wp:attachment":[{"href":"https:\/\/techmasterdemexico.com\/en\/wp-json\/wp\/v2\/media?parent=13461"}],"wp:term":[{"taxonomy":"pwb-brand","embeddable":true,"href":"https:\/\/techmasterdemexico.com\/en\/wp-json\/wp\/v2\/pwb-brand?post=13461"},{"taxonomy":"product_brand","embeddable":true,"href":"https:\/\/techmasterdemexico.com\/en\/wp-json\/wp\/v2\/product_brand?post=13461"},{"taxonomy":"product_cat","embeddable":true,"href":"https:\/\/techmasterdemexico.com\/en\/wp-json\/wp\/v2\/product_cat?post=13461"},{"taxonomy":"product_tag","embeddable":true,"href":"https:\/\/techmasterdemexico.com\/en\/wp-json\/wp\/v2\/product_tag?post=13461"}],"curies":[{"name":"wp","href":"https:\/\/api.w.org\/{rel}","templated":true}]}}