{"id":13373,"date":"2021-12-22T00:18:32","date_gmt":"2021-12-22T00:18:32","guid":{"rendered":"https:\/\/techmastermx.ddns.net\/producto\/bloque-patron-escalonado-de-ceramica-hasta-300-mm\/"},"modified":"2022-02-18T22:13:47","modified_gmt":"2022-02-18T22:13:47","slug":"bloque-patron-escalonado-de-ceramica-hasta-300-mm","status":"publish","type":"product","link":"https:\/\/techmasterdemexico.com\/en\/producto\/bloque-patron-escalonado-de-ceramica-hasta-300-mm\/","title":{"rendered":"Bloque patr\u00f3n escalonado de cer\u00e1mica hasta 300 mm"},"content":{"rendered":"<p>Bloque patr\u00f3n escalonado de cer\u00e1mica hasta 300 mm<br \/>\n0-300mm, Ceramic Type<br \/>\nN\u00famero de art\u00edculo: 515-760<\/p>\n<p>&nbsp;<\/p>\n<ul>\n<li>Dise\u00f1ado para verificar la precisi\u00f3n de movimientos de mesa de maquina herramienta y calibrar MMCs.Una pila adherida permanente de bloques patr\u00f3n est\u00e1 situado en un marco r\u00edgido.<\/li>\n<li>Puede ser utilizado tanto en sentido horizontal como vertical.<\/li>\n<\/ul>\n<p><strong>Check Master Cer\u00e1mico<\/strong><\/p>\n<ul>\n<li>Cada bloque de medici\u00f3n est\u00e1 hecho de cer\u00e1mica basada en circonio que no requiere tratamiento anti corrosi\u00f3n para la medici\u00f3n de caras.<\/li>\n<li>Libre de deterioro y cambios dimensionales a trav\u00e9s del tiempo.<\/li>\n<\/ul>\n","protected":false},"excerpt":{"rendered":"<div id=\"productDetailPage:accform:parametersContent\" class=\"accordion-content parameters\">\n<div id=\"product_parameters\" class=\"tab-content\">\n<table class=\"product_properties\">\n<tbody>\n<tr class=\"table-row-odd\">\n<td class=\"parameter\">\n<div class=\"product_properties_propertyName\"><span class=\"name\">Rango:<\/span><\/div>\n<\/td>\n<td class=\"value\">\n<div class=\"product_properties_propertyValue\">0 &#8211; 310<span class=\"shortName\">\u00a0mm<\/span><\/div>\n<\/td>\n<\/tr>\n<tr class=\"table-row-even\">\n<td class=\"parameter\">\n<div class=\"product_properties_propertyName\"><span class=\"name\">Entregado:<\/span><\/div>\n<\/td>\n<td class=\"value\">\n<div class=\"product_properties_propertyValue\">In a wooden case with certificate of inspection<\/div>\n<\/td>\n<\/tr>\n<tr class=\"table-row-odd\">\n<td class=\"parameter\">\n<div class=\"product_properties_propertyName\"><span class=\"name\">Paso del bloque:<\/span><\/div>\n<\/td>\n<td class=\"value\">\n<div class=\"product_properties_propertyValue\">10mm<\/div>\n<\/td>\n<\/tr>\n<tr class=\"table-row-even\">\n<td class=\"parameter\">\n<div class=\"product_properties_propertyName\"><span class=\"name\">Precisi\u00f3n de paso de bloque:<\/span><\/div>\n<\/td>\n<td class=\"value\">\n<div class=\"product_properties_propertyValue\">Range \u2264\u00a0310 mm: \u00b11,2 \u00b5m<br \/>\n310 &lt;\u00a0range \u2264 610 mm: \u00b11,8 \u00b5m<br \/>\n610 &lt;\u00a0range \u2264 1010 mm: \u00b12,5 \u00b5m<br \/>\n1010 &lt;\u00a0range \u2264 1510 mm: \u00b14,0 \u00b5m<\/p>\n<p>&nbsp;<\/p>\n<\/div>\n<\/td>\n<\/tr>\n<tr class=\"table-row-odd\">\n<td class=\"parameter\">\n<div class=\"product_properties_propertyName\"><span class=\"name\">Paralelismo de los bloques:<\/span><\/div>\n<\/td>\n<td class=\"value\">\n<div class=\"product_properties_propertyValue\">\n<p>\u00a0\u00a0\u00a0\u00a0 \u00a00 &lt;\u00a0rango \u2264\u00a0\u00a0 450 mm : 1,0 \u00b5m<br \/>\n450 &lt;\u00a0rango \u2264\u00a01010 mm : 1,5 \u00b5m<br \/>\n1010 &lt;\u00a0rango \u2264 1510 mm : 2,0 \u00b5m<\/p>\n<\/div>\n<\/td>\n<\/tr>\n<tr class=\"table-row-even\">\n<td class=\"parameter\">\n<div class=\"product_properties_propertyName\"><span class=\"name\">pulgadas-m\u00e9trico:<\/span><\/div>\n<\/td>\n<td class=\"value\">\n<div class=\"product_properties_propertyValue\">M\u00e9trico<\/div>\n<\/td>\n<\/tr>\n<tr class=\"table-row-odd\">\n<td class=\"parameter\">\n<div class=\"product_properties_propertyName\"><span class=\"name\">Peso:<\/span><\/div>\n<\/td>\n<td class=\"value\">\n<div class=\"product_properties_propertyValue\">3.4<span class=\"shortName\">\u00a0kg<\/span><\/div>\n<\/td>\n<\/tr>\n<\/tbody>\n<\/table>\n<\/div>\n<\/div>\n<div class=\"accordion-header variants\"><\/div>\n","protected":false},"featured_media":18194,"template":"","meta":{"_acf_changed":false},"pwb-brand":[39],"product_brand":[],"product_cat":[366,385,375,331,38],"product_tag":[],"class_list":{"0":"post-13373","1":"product","2":"type-product","3":"status-publish","4":"has-post-thumbnail","6":"pwb-brand-mitutoyo","7":"product_cat-todos-los-productos","8":"product_cat-check-master","9":"product_cat-elementos-de-calibracion","10":"product_cat-instrumentos-de-medicion-y-gestion-de-datos","11":"product_cat-mitutoyo","13":"first","14":"instock","15":"taxable","16":"shipping-taxable","17":"product-type-simple"},"acf":[],"yoast_head":"<!-- This site is optimized with the Yoast SEO plugin v27.2 - https:\/\/yoast.com\/product\/yoast-seo-wordpress\/ -->\n<title>Bloque patr\u00f3n escalonado de cer\u00e1mica hasta 300 mm - Techmaster de Mexico<\/title>\n<meta name=\"robots\" content=\"index, follow, max-snippet:-1, max-image-preview:large, max-video-preview:-1\" \/>\n<link rel=\"canonical\" href=\"https:\/\/techmasterdemexico.com\/producto\/bloque-patron-escalonado-de-ceramica-hasta-300-mm\/\" \/>\n<meta property=\"og:locale\" content=\"en_US\" \/>\n<meta property=\"og:type\" content=\"article\" \/>\n<meta property=\"og:title\" content=\"Bloque patr\u00f3n escalonado de cer\u00e1mica hasta 300 mm - Techmaster de Mexico\" \/>\n<meta property=\"og:description\" content=\"Rango:  0 - 310\u00a0mm    Entregado:  In a wooden case with certificate of inspection    Paso del bloque:  10mm    Precisi\u00f3n de paso de bloque:  Range \u2264\u00a0310 mm: \u00b11,2 \u00b5m 310 &lt;\u00a0range \u2264 610 mm: \u00b11,8 \u00b5m 610 &lt;\u00a0range \u2264 1010 mm: \u00b12,5 \u00b5m 1010 &lt;\u00a0range \u2264 1510 mm: \u00b14,0 \u00b5m  &nbsp;      Paralelismo de los bloques:    \u00a0\u00a0\u00a0\u00a0 \u00a00 &lt;\u00a0rango \u2264\u00a0\u00a0 450 mm : 1,0 \u00b5m 450 &lt;\u00a0rango \u2264\u00a01010 mm : 1,5 \u00b5m 1010 &lt;\u00a0rango \u2264 1510 mm : 2,0 \u00b5m      pulgadas-m\u00e9trico:  M\u00e9trico    Peso:  3.4\u00a0kg\" \/>\n<meta property=\"og:url\" content=\"https:\/\/techmasterdemexico.com\/producto\/bloque-patron-escalonado-de-ceramica-hasta-300-mm\/\" \/>\n<meta property=\"og:site_name\" content=\"Techmaster de Mexico\" \/>\n<meta property=\"article:modified_time\" content=\"2022-02-18T22:13:47+00:00\" \/>\n<meta property=\"og:image\" content=\"https:\/\/techmasterdemexico.com\/wp-content\/uploads\/2021\/12\/515-740_z_gb_eps.jpg\" \/>\n\t<meta property=\"og:image:width\" content=\"600\" \/>\n\t<meta property=\"og:image:height\" content=\"600\" \/>\n\t<meta property=\"og:image:type\" content=\"image\/jpeg\" \/>\n<meta name=\"twitter:card\" content=\"summary_large_image\" \/>\n<meta name=\"twitter:label1\" content=\"Est. reading time\" \/>\n\t<meta name=\"twitter:data1\" content=\"1 minute\" \/>\n<script type=\"application\/ld+json\" class=\"yoast-schema-graph\">{\"@context\":\"https:\/\/schema.org\",\"@graph\":[{\"@type\":\"WebPage\",\"@id\":\"https:\/\/techmasterdemexico.com\/producto\/bloque-patron-escalonado-de-ceramica-hasta-300-mm\/\",\"url\":\"https:\/\/techmasterdemexico.com\/producto\/bloque-patron-escalonado-de-ceramica-hasta-300-mm\/\",\"name\":\"Bloque patr\u00f3n escalonado de cer\u00e1mica hasta 300 mm - Techmaster de Mexico\",\"isPartOf\":{\"@id\":\"https:\/\/techmasterdemexico.com\/#website\"},\"primaryImageOfPage\":{\"@id\":\"https:\/\/techmasterdemexico.com\/producto\/bloque-patron-escalonado-de-ceramica-hasta-300-mm\/#primaryimage\"},\"image\":{\"@id\":\"https:\/\/techmasterdemexico.com\/producto\/bloque-patron-escalonado-de-ceramica-hasta-300-mm\/#primaryimage\"},\"thumbnailUrl\":\"https:\/\/techmasterdemexico.com\/wp-content\/uploads\/2021\/12\/515-740_z_gb_eps.jpg\",\"datePublished\":\"2021-12-22T00:18:32+00:00\",\"dateModified\":\"2022-02-18T22:13:47+00:00\",\"breadcrumb\":{\"@id\":\"https:\/\/techmasterdemexico.com\/producto\/bloque-patron-escalonado-de-ceramica-hasta-300-mm\/#breadcrumb\"},\"inLanguage\":\"en-US\",\"potentialAction\":[{\"@type\":\"ReadAction\",\"target\":[\"https:\/\/techmasterdemexico.com\/producto\/bloque-patron-escalonado-de-ceramica-hasta-300-mm\/\"]}]},{\"@type\":\"ImageObject\",\"inLanguage\":\"en-US\",\"@id\":\"https:\/\/techmasterdemexico.com\/producto\/bloque-patron-escalonado-de-ceramica-hasta-300-mm\/#primaryimage\",\"url\":\"https:\/\/techmasterdemexico.com\/wp-content\/uploads\/2021\/12\/515-740_z_gb_eps.jpg\",\"contentUrl\":\"https:\/\/techmasterdemexico.com\/wp-content\/uploads\/2021\/12\/515-740_z_gb_eps.jpg\",\"width\":600,\"height\":600},{\"@type\":\"BreadcrumbList\",\"@id\":\"https:\/\/techmasterdemexico.com\/producto\/bloque-patron-escalonado-de-ceramica-hasta-300-mm\/#breadcrumb\",\"itemListElement\":[{\"@type\":\"ListItem\",\"position\":1,\"name\":\"Portada\",\"item\":\"https:\/\/techmasterdemexico.com\/\"},{\"@type\":\"ListItem\",\"position\":2,\"name\":\"Bloque patr\u00f3n escalonado de cer\u00e1mica hasta 300 mm\"}]},{\"@type\":\"WebSite\",\"@id\":\"https:\/\/techmasterdemexico.com\/#website\",\"url\":\"https:\/\/techmasterdemexico.com\/\",\"name\":\"Techmaster de Mexico\",\"description\":\"\",\"potentialAction\":[{\"@type\":\"SearchAction\",\"target\":{\"@type\":\"EntryPoint\",\"urlTemplate\":\"https:\/\/techmasterdemexico.com\/?s={search_term_string}\"},\"query-input\":{\"@type\":\"PropertyValueSpecification\",\"valueRequired\":true,\"valueName\":\"search_term_string\"}}],\"inLanguage\":\"en-US\"}]}<\/script>\n<!-- \/ Yoast SEO plugin. -->","yoast_head_json":{"title":"Bloque patr\u00f3n escalonado de cer\u00e1mica hasta 300 mm - Techmaster de Mexico","robots":{"index":"index","follow":"follow","max-snippet":"max-snippet:-1","max-image-preview":"max-image-preview:large","max-video-preview":"max-video-preview:-1"},"canonical":"https:\/\/techmasterdemexico.com\/producto\/bloque-patron-escalonado-de-ceramica-hasta-300-mm\/","og_locale":"en_US","og_type":"article","og_title":"Bloque patr\u00f3n escalonado de cer\u00e1mica hasta 300 mm - Techmaster de Mexico","og_description":"Rango:  0 - 310\u00a0mm    Entregado:  In a wooden case with certificate of inspection    Paso del bloque:  10mm    Precisi\u00f3n de paso de bloque:  Range \u2264\u00a0310 mm: \u00b11,2 \u00b5m 310 &lt;\u00a0range \u2264 610 mm: \u00b11,8 \u00b5m 610 &lt;\u00a0range \u2264 1010 mm: \u00b12,5 \u00b5m 1010 &lt;\u00a0range \u2264 1510 mm: \u00b14,0 \u00b5m  &nbsp;      Paralelismo de los bloques:    \u00a0\u00a0\u00a0\u00a0 \u00a00 &lt;\u00a0rango \u2264\u00a0\u00a0 450 mm : 1,0 \u00b5m 450 &lt;\u00a0rango \u2264\u00a01010 mm : 1,5 \u00b5m 1010 &lt;\u00a0rango \u2264 1510 mm : 2,0 \u00b5m      pulgadas-m\u00e9trico:  M\u00e9trico    Peso:  3.4\u00a0kg","og_url":"https:\/\/techmasterdemexico.com\/producto\/bloque-patron-escalonado-de-ceramica-hasta-300-mm\/","og_site_name":"Techmaster de Mexico","article_modified_time":"2022-02-18T22:13:47+00:00","og_image":[{"width":600,"height":600,"url":"https:\/\/techmasterdemexico.com\/wp-content\/uploads\/2021\/12\/515-740_z_gb_eps.jpg","type":"image\/jpeg"}],"twitter_card":"summary_large_image","twitter_misc":{"Est. reading time":"1 minute"},"schema":{"@context":"https:\/\/schema.org","@graph":[{"@type":"WebPage","@id":"https:\/\/techmasterdemexico.com\/producto\/bloque-patron-escalonado-de-ceramica-hasta-300-mm\/","url":"https:\/\/techmasterdemexico.com\/producto\/bloque-patron-escalonado-de-ceramica-hasta-300-mm\/","name":"Bloque patr\u00f3n escalonado de cer\u00e1mica hasta 300 mm - Techmaster de Mexico","isPartOf":{"@id":"https:\/\/techmasterdemexico.com\/#website"},"primaryImageOfPage":{"@id":"https:\/\/techmasterdemexico.com\/producto\/bloque-patron-escalonado-de-ceramica-hasta-300-mm\/#primaryimage"},"image":{"@id":"https:\/\/techmasterdemexico.com\/producto\/bloque-patron-escalonado-de-ceramica-hasta-300-mm\/#primaryimage"},"thumbnailUrl":"https:\/\/techmasterdemexico.com\/wp-content\/uploads\/2021\/12\/515-740_z_gb_eps.jpg","datePublished":"2021-12-22T00:18:32+00:00","dateModified":"2022-02-18T22:13:47+00:00","breadcrumb":{"@id":"https:\/\/techmasterdemexico.com\/producto\/bloque-patron-escalonado-de-ceramica-hasta-300-mm\/#breadcrumb"},"inLanguage":"en-US","potentialAction":[{"@type":"ReadAction","target":["https:\/\/techmasterdemexico.com\/producto\/bloque-patron-escalonado-de-ceramica-hasta-300-mm\/"]}]},{"@type":"ImageObject","inLanguage":"en-US","@id":"https:\/\/techmasterdemexico.com\/producto\/bloque-patron-escalonado-de-ceramica-hasta-300-mm\/#primaryimage","url":"https:\/\/techmasterdemexico.com\/wp-content\/uploads\/2021\/12\/515-740_z_gb_eps.jpg","contentUrl":"https:\/\/techmasterdemexico.com\/wp-content\/uploads\/2021\/12\/515-740_z_gb_eps.jpg","width":600,"height":600},{"@type":"BreadcrumbList","@id":"https:\/\/techmasterdemexico.com\/producto\/bloque-patron-escalonado-de-ceramica-hasta-300-mm\/#breadcrumb","itemListElement":[{"@type":"ListItem","position":1,"name":"Portada","item":"https:\/\/techmasterdemexico.com\/"},{"@type":"ListItem","position":2,"name":"Bloque patr\u00f3n escalonado de cer\u00e1mica hasta 300 mm"}]},{"@type":"WebSite","@id":"https:\/\/techmasterdemexico.com\/#website","url":"https:\/\/techmasterdemexico.com\/","name":"Techmaster de Mexico","description":"","potentialAction":[{"@type":"SearchAction","target":{"@type":"EntryPoint","urlTemplate":"https:\/\/techmasterdemexico.com\/?s={search_term_string}"},"query-input":{"@type":"PropertyValueSpecification","valueRequired":true,"valueName":"search_term_string"}}],"inLanguage":"en-US"}]}},"brands":[{"id":39,"name":"Mitutoyo","slug":"mitutoyo"}],"_links":{"self":[{"href":"https:\/\/techmasterdemexico.com\/en\/wp-json\/wp\/v2\/product\/13373","targetHints":{"allow":["GET"]}}],"collection":[{"href":"https:\/\/techmasterdemexico.com\/en\/wp-json\/wp\/v2\/product"}],"about":[{"href":"https:\/\/techmasterdemexico.com\/en\/wp-json\/wp\/v2\/types\/product"}],"wp:featuredmedia":[{"embeddable":true,"href":"https:\/\/techmasterdemexico.com\/en\/wp-json\/wp\/v2\/media\/18194"}],"wp:attachment":[{"href":"https:\/\/techmasterdemexico.com\/en\/wp-json\/wp\/v2\/media?parent=13373"}],"wp:term":[{"taxonomy":"pwb-brand","embeddable":true,"href":"https:\/\/techmasterdemexico.com\/en\/wp-json\/wp\/v2\/pwb-brand?post=13373"},{"taxonomy":"product_brand","embeddable":true,"href":"https:\/\/techmasterdemexico.com\/en\/wp-json\/wp\/v2\/product_brand?post=13373"},{"taxonomy":"product_cat","embeddable":true,"href":"https:\/\/techmasterdemexico.com\/en\/wp-json\/wp\/v2\/product_cat?post=13373"},{"taxonomy":"product_tag","embeddable":true,"href":"https:\/\/techmasterdemexico.com\/en\/wp-json\/wp\/v2\/product_tag?post=13373"}],"curies":[{"name":"wp","href":"https:\/\/api.w.org\/{rel}","templated":true}]}}