{"id":13341,"date":"2021-12-22T00:18:02","date_gmt":"2021-12-22T00:18:02","guid":{"rendered":"https:\/\/techmastermx.ddns.net\/producto\/reglas-de-acero-de-alta-precision-260x310x30mm\/"},"modified":"2022-02-21T06:48:55","modified_gmt":"2022-02-21T06:48:55","slug":"reglas-de-acero-de-alta-precision-260x310x30mm","status":"publish","type":"product","link":"https:\/\/techmasterdemexico.com\/en\/producto\/reglas-de-acero-de-alta-precision-260x310x30mm\/","title":{"rendered":"Reglas de acero de alta precisi\u00f3n 260x310x30mm"},"content":{"rendered":"<p>Reglas de acero de alta precisi\u00f3n<br \/>\n260x310x30mm<br \/>\nN\u00famero de art\u00edculo: 311-113<\/p>\n<p>&nbsp;<\/p>\n<p>La escuadra de alta precisi\u00f3n se emplea para comprobar la linealidad y<br \/>\nperpendicularidad axial de elementos m\u00f3viles en equipamientos como m\u00e1quinas-herramienta, MMC, medidores de formas y equipos de semiconducci\u00f3n.<\/p>\n<ul>\n<li>Con cuatro superficies lapeadas de referencia.<\/li>\n<\/ul>\n<ul>\n<li>Rectitud y perpendicularidad mejor que 1\u03bcm\/300mm.<\/li>\n<\/ul>\n","protected":false},"excerpt":{"rendered":"<div id=\"productDetailPage:accform:parametersContent\" class=\"accordion-content parameters\">\n<div id=\"product_parameters\" class=\"tab-content\">\n<table class=\"product_properties\">\n<tbody>\n<tr class=\"table-row-odd\">\n<td class=\"parameter\">\n<div class=\"product_properties_propertyName\"><span class=\"name\">Dimensiones (AnchoxAltoxLargo):<\/span><\/div>\n<\/td>\n<td class=\"value\">\n<div class=\"product_properties_propertyValue\">260 x 310 x 30 mm<\/div>\n<\/td>\n<\/tr>\n<tr class=\"table-row-even\">\n<td class=\"parameter\">\n<div class=\"product_properties_propertyName\"><span class=\"name\">Entregado:<\/span><\/div>\n<\/td>\n<td class=\"value\">\n<div class=\"product_properties_propertyValue\">In a wooden box<\/div>\n<\/td>\n<\/tr>\n<tr class=\"table-row-odd\">\n<td class=\"parameter\">\n<div class=\"product_properties_propertyName\"><span class=\"name\">Perpendicularidad:<\/span><\/div>\n<\/td>\n<td class=\"value\">\n<div class=\"product_properties_propertyValue\">Reference surface: 1 \u00b5m<br \/>\nfront\/back surface: 5 \u00b5m<\/div>\n<\/td>\n<\/tr>\n<tr class=\"table-row-even\">\n<td class=\"parameter\">\n<div class=\"product_properties_propertyName\"><span class=\"name\">Rectitud:<\/span><\/div>\n<\/td>\n<td class=\"value\">\n<div class=\"product_properties_propertyValue\">Superficie de referencia: 1 \u00b5m<br \/>\nfront\/superficie trasera: 5 \u00b5m<\/div>\n<\/td>\n<\/tr>\n<tr class=\"table-row-odd\">\n<td class=\"parameter\">\n<div class=\"product_properties_propertyName\"><span class=\"name\">pulgadas-m\u00e9trico:<\/span><\/div>\n<\/td>\n<td class=\"value\">\n<div class=\"product_properties_propertyValue\">M\u00e9trico<\/div>\n<\/td>\n<\/tr>\n<tr class=\"table-row-even\">\n<td class=\"parameter\">\n<div class=\"product_properties_propertyName\"><span class=\"name\">Peso:<\/span><\/div>\n<\/td>\n<td class=\"value\">\n<div class=\"product_properties_propertyValue\">14<span class=\"shortName\">\u00a0kg<\/span><\/div>\n<\/td>\n<\/tr>\n<\/tbody>\n<\/table>\n<\/div>\n<\/div>\n<div class=\"accordion-header variants\"><\/div>\n","protected":false},"featured_media":18202,"template":"","meta":{"_acf_changed":false},"pwb-brand":[39],"product_brand":[],"product_cat":[366,375,383,331,38],"product_tag":[],"class_list":{"0":"post-13341","1":"product","2":"type-product","3":"status-publish","4":"has-post-thumbnail","6":"pwb-brand-mitutoyo","7":"product_cat-todos-los-productos","8":"product_cat-elementos-de-calibracion","9":"product_cat-escuadra-4-caras-de-alta-precision","10":"product_cat-instrumentos-de-medicion-y-gestion-de-datos","11":"product_cat-mitutoyo","13":"first","14":"instock","15":"taxable","16":"shipping-taxable","17":"product-type-simple"},"acf":[],"yoast_head":"<!-- This site is optimized with the Yoast SEO plugin v27.2 - https:\/\/yoast.com\/product\/yoast-seo-wordpress\/ -->\n<title>Reglas de acero de alta precisi\u00f3n 260x310x30mm - Techmaster de Mexico<\/title>\n<meta name=\"robots\" content=\"index, follow, max-snippet:-1, max-image-preview:large, max-video-preview:-1\" \/>\n<link rel=\"canonical\" href=\"https:\/\/techmasterdemexico.com\/producto\/reglas-de-acero-de-alta-precision-260x310x30mm\/\" \/>\n<meta property=\"og:locale\" content=\"en_US\" \/>\n<meta property=\"og:type\" content=\"article\" \/>\n<meta property=\"og:title\" content=\"Reglas de acero de alta precisi\u00f3n 260x310x30mm - Techmaster de Mexico\" \/>\n<meta property=\"og:description\" content=\"Dimensiones (AnchoxAltoxLargo):  260 x 310 x 30 mm    Entregado:  In a wooden box    Perpendicularidad:  Reference surface: 1 \u00b5m front\/back surface: 5 \u00b5m    Rectitud:  Superficie de referencia: 1 \u00b5m front\/superficie trasera: 5 \u00b5m    pulgadas-m\u00e9trico:  M\u00e9trico    Peso:  14\u00a0kg\" \/>\n<meta property=\"og:url\" content=\"https:\/\/techmasterdemexico.com\/producto\/reglas-de-acero-de-alta-precision-260x310x30mm\/\" \/>\n<meta property=\"og:site_name\" content=\"Techmaster de Mexico\" \/>\n<meta property=\"article:modified_time\" content=\"2022-02-21T06:48:55+00:00\" \/>\n<meta property=\"og:image\" content=\"https:\/\/techmasterdemexico.com\/wp-content\/uploads\/2021\/12\/311-111_a1_eps.jpg\" \/>\n\t<meta property=\"og:image:width\" content=\"600\" \/>\n\t<meta property=\"og:image:height\" content=\"600\" \/>\n\t<meta property=\"og:image:type\" content=\"image\/jpeg\" \/>\n<meta name=\"twitter:card\" content=\"summary_large_image\" \/>\n<script type=\"application\/ld+json\" class=\"yoast-schema-graph\">{\"@context\":\"https:\/\/schema.org\",\"@graph\":[{\"@type\":\"WebPage\",\"@id\":\"https:\/\/techmasterdemexico.com\/producto\/reglas-de-acero-de-alta-precision-260x310x30mm\/\",\"url\":\"https:\/\/techmasterdemexico.com\/producto\/reglas-de-acero-de-alta-precision-260x310x30mm\/\",\"name\":\"Reglas de acero de alta precisi\u00f3n 260x310x30mm - Techmaster de Mexico\",\"isPartOf\":{\"@id\":\"https:\/\/techmasterdemexico.com\/#website\"},\"primaryImageOfPage\":{\"@id\":\"https:\/\/techmasterdemexico.com\/producto\/reglas-de-acero-de-alta-precision-260x310x30mm\/#primaryimage\"},\"image\":{\"@id\":\"https:\/\/techmasterdemexico.com\/producto\/reglas-de-acero-de-alta-precision-260x310x30mm\/#primaryimage\"},\"thumbnailUrl\":\"https:\/\/techmasterdemexico.com\/wp-content\/uploads\/2021\/12\/311-111_a1_eps.jpg\",\"datePublished\":\"2021-12-22T00:18:02+00:00\",\"dateModified\":\"2022-02-21T06:48:55+00:00\",\"breadcrumb\":{\"@id\":\"https:\/\/techmasterdemexico.com\/producto\/reglas-de-acero-de-alta-precision-260x310x30mm\/#breadcrumb\"},\"inLanguage\":\"en-US\",\"potentialAction\":[{\"@type\":\"ReadAction\",\"target\":[\"https:\/\/techmasterdemexico.com\/producto\/reglas-de-acero-de-alta-precision-260x310x30mm\/\"]}]},{\"@type\":\"ImageObject\",\"inLanguage\":\"en-US\",\"@id\":\"https:\/\/techmasterdemexico.com\/producto\/reglas-de-acero-de-alta-precision-260x310x30mm\/#primaryimage\",\"url\":\"https:\/\/techmasterdemexico.com\/wp-content\/uploads\/2021\/12\/311-111_a1_eps.jpg\",\"contentUrl\":\"https:\/\/techmasterdemexico.com\/wp-content\/uploads\/2021\/12\/311-111_a1_eps.jpg\",\"width\":600,\"height\":600},{\"@type\":\"BreadcrumbList\",\"@id\":\"https:\/\/techmasterdemexico.com\/producto\/reglas-de-acero-de-alta-precision-260x310x30mm\/#breadcrumb\",\"itemListElement\":[{\"@type\":\"ListItem\",\"position\":1,\"name\":\"Portada\",\"item\":\"https:\/\/techmasterdemexico.com\/\"},{\"@type\":\"ListItem\",\"position\":2,\"name\":\"Reglas de acero de alta precisi\u00f3n 260x310x30mm\"}]},{\"@type\":\"WebSite\",\"@id\":\"https:\/\/techmasterdemexico.com\/#website\",\"url\":\"https:\/\/techmasterdemexico.com\/\",\"name\":\"Techmaster de Mexico\",\"description\":\"\",\"potentialAction\":[{\"@type\":\"SearchAction\",\"target\":{\"@type\":\"EntryPoint\",\"urlTemplate\":\"https:\/\/techmasterdemexico.com\/?s={search_term_string}\"},\"query-input\":{\"@type\":\"PropertyValueSpecification\",\"valueRequired\":true,\"valueName\":\"search_term_string\"}}],\"inLanguage\":\"en-US\"}]}<\/script>\n<!-- \/ Yoast SEO plugin. -->","yoast_head_json":{"title":"Reglas de acero de alta precisi\u00f3n 260x310x30mm - Techmaster de Mexico","robots":{"index":"index","follow":"follow","max-snippet":"max-snippet:-1","max-image-preview":"max-image-preview:large","max-video-preview":"max-video-preview:-1"},"canonical":"https:\/\/techmasterdemexico.com\/producto\/reglas-de-acero-de-alta-precision-260x310x30mm\/","og_locale":"en_US","og_type":"article","og_title":"Reglas de acero de alta precisi\u00f3n 260x310x30mm - Techmaster de Mexico","og_description":"Dimensiones (AnchoxAltoxLargo):  260 x 310 x 30 mm    Entregado:  In a wooden box    Perpendicularidad:  Reference surface: 1 \u00b5m front\/back surface: 5 \u00b5m    Rectitud:  Superficie de referencia: 1 \u00b5m front\/superficie trasera: 5 \u00b5m    pulgadas-m\u00e9trico:  M\u00e9trico    Peso:  14\u00a0kg","og_url":"https:\/\/techmasterdemexico.com\/producto\/reglas-de-acero-de-alta-precision-260x310x30mm\/","og_site_name":"Techmaster de Mexico","article_modified_time":"2022-02-21T06:48:55+00:00","og_image":[{"width":600,"height":600,"url":"https:\/\/techmasterdemexico.com\/wp-content\/uploads\/2021\/12\/311-111_a1_eps.jpg","type":"image\/jpeg"}],"twitter_card":"summary_large_image","schema":{"@context":"https:\/\/schema.org","@graph":[{"@type":"WebPage","@id":"https:\/\/techmasterdemexico.com\/producto\/reglas-de-acero-de-alta-precision-260x310x30mm\/","url":"https:\/\/techmasterdemexico.com\/producto\/reglas-de-acero-de-alta-precision-260x310x30mm\/","name":"Reglas de acero de alta precisi\u00f3n 260x310x30mm - Techmaster de Mexico","isPartOf":{"@id":"https:\/\/techmasterdemexico.com\/#website"},"primaryImageOfPage":{"@id":"https:\/\/techmasterdemexico.com\/producto\/reglas-de-acero-de-alta-precision-260x310x30mm\/#primaryimage"},"image":{"@id":"https:\/\/techmasterdemexico.com\/producto\/reglas-de-acero-de-alta-precision-260x310x30mm\/#primaryimage"},"thumbnailUrl":"https:\/\/techmasterdemexico.com\/wp-content\/uploads\/2021\/12\/311-111_a1_eps.jpg","datePublished":"2021-12-22T00:18:02+00:00","dateModified":"2022-02-21T06:48:55+00:00","breadcrumb":{"@id":"https:\/\/techmasterdemexico.com\/producto\/reglas-de-acero-de-alta-precision-260x310x30mm\/#breadcrumb"},"inLanguage":"en-US","potentialAction":[{"@type":"ReadAction","target":["https:\/\/techmasterdemexico.com\/producto\/reglas-de-acero-de-alta-precision-260x310x30mm\/"]}]},{"@type":"ImageObject","inLanguage":"en-US","@id":"https:\/\/techmasterdemexico.com\/producto\/reglas-de-acero-de-alta-precision-260x310x30mm\/#primaryimage","url":"https:\/\/techmasterdemexico.com\/wp-content\/uploads\/2021\/12\/311-111_a1_eps.jpg","contentUrl":"https:\/\/techmasterdemexico.com\/wp-content\/uploads\/2021\/12\/311-111_a1_eps.jpg","width":600,"height":600},{"@type":"BreadcrumbList","@id":"https:\/\/techmasterdemexico.com\/producto\/reglas-de-acero-de-alta-precision-260x310x30mm\/#breadcrumb","itemListElement":[{"@type":"ListItem","position":1,"name":"Portada","item":"https:\/\/techmasterdemexico.com\/"},{"@type":"ListItem","position":2,"name":"Reglas de acero de alta precisi\u00f3n 260x310x30mm"}]},{"@type":"WebSite","@id":"https:\/\/techmasterdemexico.com\/#website","url":"https:\/\/techmasterdemexico.com\/","name":"Techmaster de Mexico","description":"","potentialAction":[{"@type":"SearchAction","target":{"@type":"EntryPoint","urlTemplate":"https:\/\/techmasterdemexico.com\/?s={search_term_string}"},"query-input":{"@type":"PropertyValueSpecification","valueRequired":true,"valueName":"search_term_string"}}],"inLanguage":"en-US"}]}},"brands":[{"id":39,"name":"Mitutoyo","slug":"mitutoyo"}],"_links":{"self":[{"href":"https:\/\/techmasterdemexico.com\/en\/wp-json\/wp\/v2\/product\/13341","targetHints":{"allow":["GET"]}}],"collection":[{"href":"https:\/\/techmasterdemexico.com\/en\/wp-json\/wp\/v2\/product"}],"about":[{"href":"https:\/\/techmasterdemexico.com\/en\/wp-json\/wp\/v2\/types\/product"}],"wp:featuredmedia":[{"embeddable":true,"href":"https:\/\/techmasterdemexico.com\/en\/wp-json\/wp\/v2\/media\/18202"}],"wp:attachment":[{"href":"https:\/\/techmasterdemexico.com\/en\/wp-json\/wp\/v2\/media?parent=13341"}],"wp:term":[{"taxonomy":"pwb-brand","embeddable":true,"href":"https:\/\/techmasterdemexico.com\/en\/wp-json\/wp\/v2\/pwb-brand?post=13341"},{"taxonomy":"product_brand","embeddable":true,"href":"https:\/\/techmasterdemexico.com\/en\/wp-json\/wp\/v2\/product_brand?post=13341"},{"taxonomy":"product_cat","embeddable":true,"href":"https:\/\/techmasterdemexico.com\/en\/wp-json\/wp\/v2\/product_cat?post=13341"},{"taxonomy":"product_tag","embeddable":true,"href":"https:\/\/techmasterdemexico.com\/en\/wp-json\/wp\/v2\/product_tag?post=13341"}],"curies":[{"name":"wp","href":"https:\/\/api.w.org\/{rel}","templated":true}]}}