{"id":13321,"date":"2021-12-22T00:17:35","date_gmt":"2021-12-22T00:17:35","guid":{"rendered":"https:\/\/techmastermx.ddns.net\/producto\/dial-indicator-tester-metric-0-25mm-0001mm\/"},"modified":"2022-02-18T19:54:47","modified_gmt":"2022-02-18T19:54:47","slug":"dial-indicator-tester-metric-0-25mm-0001mm","status":"publish","type":"product","link":"https:\/\/techmasterdemexico.com\/en\/producto\/dial-indicator-tester-metric-0-25mm-0001mm\/","title":{"rendered":"Dial Indicator Tester Metric, 0-25mm, 0,001mm"},"content":{"rendered":"<p>Dial Indicator Tester<br \/>\nMetric, 0-25mm, 0,001mm<br \/>\nN\u00famero de art\u00edculo: 170-102-12<\/p>\n<p>Comprobador de relojes comparadores<\/p>\n<ul>\n<li>Este comprobador puede verificar relojes comparadores rectos, de palpador oscilante y alex\u00f3metros de interiores .<\/li>\n<li>Puede ser colocado horizontal y verticalmente.<\/li>\n<\/ul>\n","protected":false},"excerpt":{"rendered":"<ul>\n<li>Rango:<br \/>\n0 &#8211; 25 mm<\/li>\n<li>Peso:<br \/>\n7.5 kg<\/li>\n<li>Graduaci\u00f3n:<br \/>\n2 \u00b5m<\/li>\n<li>Contacto de medici\u00f3n:<br \/>\nContactos de metal duro<\/li>\n<li>Capacidad de bloqueo (v\u00e1stago):<br \/>\n\u00d8 6\/8 mm<\/li>\n<li>Exactitud:<br \/>\n\u00b12 \u00b5m<\/li>\n<li>pulgadas-m\u00e9trico:<br \/>\nM\u00e9trico<\/li>\n<li>Entregado:<br \/>\nWith holder 953419<\/li>\n<\/ul>\n","protected":false},"featured_media":18181,"template":"","meta":{"_acf_changed":false},"pwb-brand":[39],"product_brand":[],"product_cat":[366,380,375,331,38],"product_tag":[],"class_list":{"0":"post-13321","1":"product","2":"type-product","3":"status-publish","4":"has-post-thumbnail","6":"pwb-brand-mitutoyo","7":"product_cat-todos-los-productos","8":"product_cat-calibrador-de-relojes-comparadores","9":"product_cat-elementos-de-calibracion","10":"product_cat-instrumentos-de-medicion-y-gestion-de-datos","11":"product_cat-mitutoyo","13":"first","14":"instock","15":"taxable","16":"shipping-taxable","17":"product-type-simple"},"acf":[],"yoast_head":"<!-- This site is optimized with the Yoast SEO plugin v27.2 - https:\/\/yoast.com\/product\/yoast-seo-wordpress\/ -->\n<title>Dial Indicator Tester Metric, 0-25mm, 0,001mm - Techmaster de Mexico<\/title>\n<meta name=\"robots\" content=\"index, follow, max-snippet:-1, max-image-preview:large, max-video-preview:-1\" \/>\n<link rel=\"canonical\" href=\"https:\/\/techmasterdemexico.com\/producto\/dial-indicator-tester-metric-0-25mm-0001mm\/\" \/>\n<meta property=\"og:locale\" content=\"en_US\" \/>\n<meta property=\"og:type\" content=\"article\" \/>\n<meta property=\"og:title\" content=\"Dial Indicator Tester Metric, 0-25mm, 0,001mm - Techmaster de Mexico\" \/>\n<meta property=\"og:description\" content=\"Rango: 0 - 25 mm  Peso: 7.5 kg  Graduaci\u00f3n: 2 \u00b5m  Contacto de medici\u00f3n: Contactos de metal duro  Capacidad de bloqueo (v\u00e1stago): \u00d8 6\/8 mm  Exactitud: \u00b12 \u00b5m  pulgadas-m\u00e9trico: M\u00e9trico  Entregado: With holder 953419\" \/>\n<meta property=\"og:url\" content=\"https:\/\/techmasterdemexico.com\/producto\/dial-indicator-tester-metric-0-25mm-0001mm\/\" \/>\n<meta property=\"og:site_name\" content=\"Techmaster de Mexico\" \/>\n<meta property=\"article:modified_time\" content=\"2022-02-18T19:54:47+00:00\" \/>\n<meta property=\"og:image\" content=\"https:\/\/techmasterdemexico.com\/wp-content\/uploads\/2021\/12\/170-102-12.jpg\" \/>\n\t<meta property=\"og:image:width\" content=\"600\" \/>\n\t<meta property=\"og:image:height\" content=\"600\" \/>\n\t<meta property=\"og:image:type\" content=\"image\/jpeg\" \/>\n<meta name=\"twitter:card\" content=\"summary_large_image\" \/>\n<script type=\"application\/ld+json\" class=\"yoast-schema-graph\">{\"@context\":\"https:\/\/schema.org\",\"@graph\":[{\"@type\":\"WebPage\",\"@id\":\"https:\/\/techmasterdemexico.com\/producto\/dial-indicator-tester-metric-0-25mm-0001mm\/\",\"url\":\"https:\/\/techmasterdemexico.com\/producto\/dial-indicator-tester-metric-0-25mm-0001mm\/\",\"name\":\"Dial Indicator Tester Metric, 0-25mm, 0,001mm - Techmaster de Mexico\",\"isPartOf\":{\"@id\":\"https:\/\/techmasterdemexico.com\/#website\"},\"primaryImageOfPage\":{\"@id\":\"https:\/\/techmasterdemexico.com\/producto\/dial-indicator-tester-metric-0-25mm-0001mm\/#primaryimage\"},\"image\":{\"@id\":\"https:\/\/techmasterdemexico.com\/producto\/dial-indicator-tester-metric-0-25mm-0001mm\/#primaryimage\"},\"thumbnailUrl\":\"https:\/\/techmasterdemexico.com\/wp-content\/uploads\/2021\/12\/170-102-12.jpg\",\"datePublished\":\"2021-12-22T00:17:35+00:00\",\"dateModified\":\"2022-02-18T19:54:47+00:00\",\"breadcrumb\":{\"@id\":\"https:\/\/techmasterdemexico.com\/producto\/dial-indicator-tester-metric-0-25mm-0001mm\/#breadcrumb\"},\"inLanguage\":\"en-US\",\"potentialAction\":[{\"@type\":\"ReadAction\",\"target\":[\"https:\/\/techmasterdemexico.com\/producto\/dial-indicator-tester-metric-0-25mm-0001mm\/\"]}]},{\"@type\":\"ImageObject\",\"inLanguage\":\"en-US\",\"@id\":\"https:\/\/techmasterdemexico.com\/producto\/dial-indicator-tester-metric-0-25mm-0001mm\/#primaryimage\",\"url\":\"https:\/\/techmasterdemexico.com\/wp-content\/uploads\/2021\/12\/170-102-12.jpg\",\"contentUrl\":\"https:\/\/techmasterdemexico.com\/wp-content\/uploads\/2021\/12\/170-102-12.jpg\",\"width\":600,\"height\":600},{\"@type\":\"BreadcrumbList\",\"@id\":\"https:\/\/techmasterdemexico.com\/producto\/dial-indicator-tester-metric-0-25mm-0001mm\/#breadcrumb\",\"itemListElement\":[{\"@type\":\"ListItem\",\"position\":1,\"name\":\"Portada\",\"item\":\"https:\/\/techmasterdemexico.com\/\"},{\"@type\":\"ListItem\",\"position\":2,\"name\":\"Dial Indicator Tester Metric, 0-25mm, 0,001mm\"}]},{\"@type\":\"WebSite\",\"@id\":\"https:\/\/techmasterdemexico.com\/#website\",\"url\":\"https:\/\/techmasterdemexico.com\/\",\"name\":\"Techmaster de Mexico\",\"description\":\"\",\"potentialAction\":[{\"@type\":\"SearchAction\",\"target\":{\"@type\":\"EntryPoint\",\"urlTemplate\":\"https:\/\/techmasterdemexico.com\/?s={search_term_string}\"},\"query-input\":{\"@type\":\"PropertyValueSpecification\",\"valueRequired\":true,\"valueName\":\"search_term_string\"}}],\"inLanguage\":\"en-US\"}]}<\/script>\n<!-- \/ Yoast SEO plugin. -->","yoast_head_json":{"title":"Dial Indicator Tester Metric, 0-25mm, 0,001mm - Techmaster de Mexico","robots":{"index":"index","follow":"follow","max-snippet":"max-snippet:-1","max-image-preview":"max-image-preview:large","max-video-preview":"max-video-preview:-1"},"canonical":"https:\/\/techmasterdemexico.com\/producto\/dial-indicator-tester-metric-0-25mm-0001mm\/","og_locale":"en_US","og_type":"article","og_title":"Dial Indicator Tester Metric, 0-25mm, 0,001mm - Techmaster de Mexico","og_description":"Rango: 0 - 25 mm  Peso: 7.5 kg  Graduaci\u00f3n: 2 \u00b5m  Contacto de medici\u00f3n: Contactos de metal duro  Capacidad de bloqueo (v\u00e1stago): \u00d8 6\/8 mm  Exactitud: \u00b12 \u00b5m  pulgadas-m\u00e9trico: M\u00e9trico  Entregado: With holder 953419","og_url":"https:\/\/techmasterdemexico.com\/producto\/dial-indicator-tester-metric-0-25mm-0001mm\/","og_site_name":"Techmaster de Mexico","article_modified_time":"2022-02-18T19:54:47+00:00","og_image":[{"width":600,"height":600,"url":"https:\/\/techmasterdemexico.com\/wp-content\/uploads\/2021\/12\/170-102-12.jpg","type":"image\/jpeg"}],"twitter_card":"summary_large_image","schema":{"@context":"https:\/\/schema.org","@graph":[{"@type":"WebPage","@id":"https:\/\/techmasterdemexico.com\/producto\/dial-indicator-tester-metric-0-25mm-0001mm\/","url":"https:\/\/techmasterdemexico.com\/producto\/dial-indicator-tester-metric-0-25mm-0001mm\/","name":"Dial Indicator Tester Metric, 0-25mm, 0,001mm - Techmaster de Mexico","isPartOf":{"@id":"https:\/\/techmasterdemexico.com\/#website"},"primaryImageOfPage":{"@id":"https:\/\/techmasterdemexico.com\/producto\/dial-indicator-tester-metric-0-25mm-0001mm\/#primaryimage"},"image":{"@id":"https:\/\/techmasterdemexico.com\/producto\/dial-indicator-tester-metric-0-25mm-0001mm\/#primaryimage"},"thumbnailUrl":"https:\/\/techmasterdemexico.com\/wp-content\/uploads\/2021\/12\/170-102-12.jpg","datePublished":"2021-12-22T00:17:35+00:00","dateModified":"2022-02-18T19:54:47+00:00","breadcrumb":{"@id":"https:\/\/techmasterdemexico.com\/producto\/dial-indicator-tester-metric-0-25mm-0001mm\/#breadcrumb"},"inLanguage":"en-US","potentialAction":[{"@type":"ReadAction","target":["https:\/\/techmasterdemexico.com\/producto\/dial-indicator-tester-metric-0-25mm-0001mm\/"]}]},{"@type":"ImageObject","inLanguage":"en-US","@id":"https:\/\/techmasterdemexico.com\/producto\/dial-indicator-tester-metric-0-25mm-0001mm\/#primaryimage","url":"https:\/\/techmasterdemexico.com\/wp-content\/uploads\/2021\/12\/170-102-12.jpg","contentUrl":"https:\/\/techmasterdemexico.com\/wp-content\/uploads\/2021\/12\/170-102-12.jpg","width":600,"height":600},{"@type":"BreadcrumbList","@id":"https:\/\/techmasterdemexico.com\/producto\/dial-indicator-tester-metric-0-25mm-0001mm\/#breadcrumb","itemListElement":[{"@type":"ListItem","position":1,"name":"Portada","item":"https:\/\/techmasterdemexico.com\/"},{"@type":"ListItem","position":2,"name":"Dial Indicator Tester Metric, 0-25mm, 0,001mm"}]},{"@type":"WebSite","@id":"https:\/\/techmasterdemexico.com\/#website","url":"https:\/\/techmasterdemexico.com\/","name":"Techmaster de Mexico","description":"","potentialAction":[{"@type":"SearchAction","target":{"@type":"EntryPoint","urlTemplate":"https:\/\/techmasterdemexico.com\/?s={search_term_string}"},"query-input":{"@type":"PropertyValueSpecification","valueRequired":true,"valueName":"search_term_string"}}],"inLanguage":"en-US"}]}},"brands":[{"id":39,"name":"Mitutoyo","slug":"mitutoyo"}],"_links":{"self":[{"href":"https:\/\/techmasterdemexico.com\/en\/wp-json\/wp\/v2\/product\/13321","targetHints":{"allow":["GET"]}}],"collection":[{"href":"https:\/\/techmasterdemexico.com\/en\/wp-json\/wp\/v2\/product"}],"about":[{"href":"https:\/\/techmasterdemexico.com\/en\/wp-json\/wp\/v2\/types\/product"}],"wp:featuredmedia":[{"embeddable":true,"href":"https:\/\/techmasterdemexico.com\/en\/wp-json\/wp\/v2\/media\/18181"}],"wp:attachment":[{"href":"https:\/\/techmasterdemexico.com\/en\/wp-json\/wp\/v2\/media?parent=13321"}],"wp:term":[{"taxonomy":"pwb-brand","embeddable":true,"href":"https:\/\/techmasterdemexico.com\/en\/wp-json\/wp\/v2\/pwb-brand?post=13321"},{"taxonomy":"product_brand","embeddable":true,"href":"https:\/\/techmasterdemexico.com\/en\/wp-json\/wp\/v2\/product_brand?post=13321"},{"taxonomy":"product_cat","embeddable":true,"href":"https:\/\/techmasterdemexico.com\/en\/wp-json\/wp\/v2\/product_cat?post=13321"},{"taxonomy":"product_tag","embeddable":true,"href":"https:\/\/techmasterdemexico.com\/en\/wp-json\/wp\/v2\/product_tag?post=13321"}],"curies":[{"name":"wp","href":"https:\/\/api.w.org\/{rel}","templated":true}]}}