{"id":13320,"date":"2021-12-22T00:17:34","date_gmt":"2021-12-22T00:17:34","guid":{"rendered":"https:\/\/techmastermx.ddns.net\/producto\/calibrador-inch-0-1-00001\/"},"modified":"2022-02-18T19:56:23","modified_gmt":"2022-02-18T19:56:23","slug":"calibrador-inch-0-1-00001","status":"publish","type":"product","link":"https:\/\/techmasterdemexico.com\/en\/producto\/calibrador-inch-0-1-00001\/","title":{"rendered":"Calibrador Inch, 0-1&#8243;, 0,0001&#8243;"},"content":{"rendered":"<p>Calibrador<br \/>\nInch, 0-1&#8243;, 0,0001&#8243;<br \/>\nN\u00famero de art\u00edculo: 170-101-10<\/p>\n<p>&nbsp;<\/p>\n<p><strong>Comprobador de relojes comparadores<\/strong><\/p>\n<ul>\n<li>Este comprobador puede verificar relojes comparadores\u00a0rectos, de palpador oscilante y alex\u00f3metros de interiores .<\/li>\n<li>Puede ser colocado\u00a0horizontal y verticalmente.<\/li>\n<\/ul>\n","protected":false},"excerpt":{"rendered":"<ul>\n<li class=\"product_properties_propertyName\"><span class=\"name\">Entregado: <\/span>With holder\u00a0<strong>953419<\/strong><\/li>\n<li class=\"product_properties_propertyName\"><span class=\"name\">Graduaci\u00f3n: <\/span>0.0001&#8243;<\/li>\n<li class=\"product_properties_propertyName\"><span class=\"name\">Contacto de medici\u00f3n: <\/span>Contactos de metal duro<\/li>\n<li class=\"product_properties_propertyName\"><span class=\"name\">Capacidad de bloqueo (v\u00e1stago): <\/span>\u00d8 6\/8 mm<\/li>\n<li class=\"product_properties_propertyName\"><span class=\"name\">Exactitud: <\/span>\u00b10.0001&#8243;<\/li>\n<li class=\"product_properties_propertyName\"><span class=\"name\">pulgadas-m\u00e9trico: <\/span>Pulgadas<\/li>\n<li class=\"product_properties_propertyName\"><span class=\"name\">Peso: <\/span>7.5<span class=\"shortName\">\u00a0kg<\/span><\/li>\n<\/ul>\n","protected":false},"featured_media":18181,"template":"","meta":{"_acf_changed":false},"pwb-brand":[39],"product_brand":[],"product_cat":[366,380,375,331,38],"product_tag":[],"class_list":{"0":"post-13320","1":"product","2":"type-product","3":"status-publish","4":"has-post-thumbnail","6":"pwb-brand-mitutoyo","7":"product_cat-todos-los-productos","8":"product_cat-calibrador-de-relojes-comparadores","9":"product_cat-elementos-de-calibracion","10":"product_cat-instrumentos-de-medicion-y-gestion-de-datos","11":"product_cat-mitutoyo","13":"first","14":"instock","15":"taxable","16":"shipping-taxable","17":"product-type-simple"},"acf":[],"yoast_head":"<!-- This site is optimized with the Yoast SEO plugin v27.2 - https:\/\/yoast.com\/product\/yoast-seo-wordpress\/ -->\n<title>Calibrador Inch, 0-1&quot;, 0,0001&quot; - Techmaster de Mexico<\/title>\n<meta name=\"robots\" content=\"index, follow, max-snippet:-1, max-image-preview:large, max-video-preview:-1\" \/>\n<link rel=\"canonical\" href=\"https:\/\/techmasterdemexico.com\/producto\/calibrador-inch-0-1-00001\/\" \/>\n<meta property=\"og:locale\" content=\"en_US\" \/>\n<meta property=\"og:type\" content=\"article\" \/>\n<meta property=\"og:title\" content=\"Calibrador Inch, 0-1&quot;, 0,0001&quot; - Techmaster de Mexico\" \/>\n<meta property=\"og:description\" content=\"Entregado: With holder\u00a0953419  Graduaci\u00f3n: 0.0001&quot;  Contacto de medici\u00f3n: Contactos de metal duro  Capacidad de bloqueo (v\u00e1stago): \u00d8 6\/8 mm  Exactitud: \u00b10.0001&quot;  pulgadas-m\u00e9trico: Pulgadas  Peso: 7.5\u00a0kg\" \/>\n<meta property=\"og:url\" content=\"https:\/\/techmasterdemexico.com\/producto\/calibrador-inch-0-1-00001\/\" \/>\n<meta property=\"og:site_name\" content=\"Techmaster de Mexico\" \/>\n<meta property=\"article:modified_time\" content=\"2022-02-18T19:56:23+00:00\" \/>\n<meta property=\"og:image\" content=\"https:\/\/techmasterdemexico.com\/wp-content\/uploads\/2021\/12\/170-102-12.jpg\" \/>\n\t<meta property=\"og:image:width\" content=\"600\" \/>\n\t<meta property=\"og:image:height\" content=\"600\" \/>\n\t<meta property=\"og:image:type\" content=\"image\/jpeg\" \/>\n<meta name=\"twitter:card\" content=\"summary_large_image\" \/>\n<script type=\"application\/ld+json\" class=\"yoast-schema-graph\">{\"@context\":\"https:\/\/schema.org\",\"@graph\":[{\"@type\":\"WebPage\",\"@id\":\"https:\/\/techmasterdemexico.com\/producto\/calibrador-inch-0-1-00001\/\",\"url\":\"https:\/\/techmasterdemexico.com\/producto\/calibrador-inch-0-1-00001\/\",\"name\":\"Calibrador Inch, 0-1\\\", 0,0001\\\" - Techmaster de Mexico\",\"isPartOf\":{\"@id\":\"https:\/\/techmasterdemexico.com\/#website\"},\"primaryImageOfPage\":{\"@id\":\"https:\/\/techmasterdemexico.com\/producto\/calibrador-inch-0-1-00001\/#primaryimage\"},\"image\":{\"@id\":\"https:\/\/techmasterdemexico.com\/producto\/calibrador-inch-0-1-00001\/#primaryimage\"},\"thumbnailUrl\":\"https:\/\/techmasterdemexico.com\/wp-content\/uploads\/2021\/12\/170-102-12.jpg\",\"datePublished\":\"2021-12-22T00:17:34+00:00\",\"dateModified\":\"2022-02-18T19:56:23+00:00\",\"breadcrumb\":{\"@id\":\"https:\/\/techmasterdemexico.com\/producto\/calibrador-inch-0-1-00001\/#breadcrumb\"},\"inLanguage\":\"en-US\",\"potentialAction\":[{\"@type\":\"ReadAction\",\"target\":[\"https:\/\/techmasterdemexico.com\/producto\/calibrador-inch-0-1-00001\/\"]}]},{\"@type\":\"ImageObject\",\"inLanguage\":\"en-US\",\"@id\":\"https:\/\/techmasterdemexico.com\/producto\/calibrador-inch-0-1-00001\/#primaryimage\",\"url\":\"https:\/\/techmasterdemexico.com\/wp-content\/uploads\/2021\/12\/170-102-12.jpg\",\"contentUrl\":\"https:\/\/techmasterdemexico.com\/wp-content\/uploads\/2021\/12\/170-102-12.jpg\",\"width\":600,\"height\":600},{\"@type\":\"BreadcrumbList\",\"@id\":\"https:\/\/techmasterdemexico.com\/producto\/calibrador-inch-0-1-00001\/#breadcrumb\",\"itemListElement\":[{\"@type\":\"ListItem\",\"position\":1,\"name\":\"Portada\",\"item\":\"https:\/\/techmasterdemexico.com\/\"},{\"@type\":\"ListItem\",\"position\":2,\"name\":\"Calibrador Inch, 0-1&#8243;, 0,0001&#8243;\"}]},{\"@type\":\"WebSite\",\"@id\":\"https:\/\/techmasterdemexico.com\/#website\",\"url\":\"https:\/\/techmasterdemexico.com\/\",\"name\":\"Techmaster de Mexico\",\"description\":\"\",\"potentialAction\":[{\"@type\":\"SearchAction\",\"target\":{\"@type\":\"EntryPoint\",\"urlTemplate\":\"https:\/\/techmasterdemexico.com\/?s={search_term_string}\"},\"query-input\":{\"@type\":\"PropertyValueSpecification\",\"valueRequired\":true,\"valueName\":\"search_term_string\"}}],\"inLanguage\":\"en-US\"}]}<\/script>\n<!-- \/ Yoast SEO plugin. -->","yoast_head_json":{"title":"Calibrador Inch, 0-1\", 0,0001\" - Techmaster de Mexico","robots":{"index":"index","follow":"follow","max-snippet":"max-snippet:-1","max-image-preview":"max-image-preview:large","max-video-preview":"max-video-preview:-1"},"canonical":"https:\/\/techmasterdemexico.com\/producto\/calibrador-inch-0-1-00001\/","og_locale":"en_US","og_type":"article","og_title":"Calibrador Inch, 0-1\", 0,0001\" - Techmaster de Mexico","og_description":"Entregado: With holder\u00a0953419  Graduaci\u00f3n: 0.0001\"  Contacto de medici\u00f3n: Contactos de metal duro  Capacidad de bloqueo (v\u00e1stago): \u00d8 6\/8 mm  Exactitud: \u00b10.0001\"  pulgadas-m\u00e9trico: Pulgadas  Peso: 7.5\u00a0kg","og_url":"https:\/\/techmasterdemexico.com\/producto\/calibrador-inch-0-1-00001\/","og_site_name":"Techmaster de Mexico","article_modified_time":"2022-02-18T19:56:23+00:00","og_image":[{"width":600,"height":600,"url":"https:\/\/techmasterdemexico.com\/wp-content\/uploads\/2021\/12\/170-102-12.jpg","type":"image\/jpeg"}],"twitter_card":"summary_large_image","schema":{"@context":"https:\/\/schema.org","@graph":[{"@type":"WebPage","@id":"https:\/\/techmasterdemexico.com\/producto\/calibrador-inch-0-1-00001\/","url":"https:\/\/techmasterdemexico.com\/producto\/calibrador-inch-0-1-00001\/","name":"Calibrador Inch, 0-1\", 0,0001\" - Techmaster de Mexico","isPartOf":{"@id":"https:\/\/techmasterdemexico.com\/#website"},"primaryImageOfPage":{"@id":"https:\/\/techmasterdemexico.com\/producto\/calibrador-inch-0-1-00001\/#primaryimage"},"image":{"@id":"https:\/\/techmasterdemexico.com\/producto\/calibrador-inch-0-1-00001\/#primaryimage"},"thumbnailUrl":"https:\/\/techmasterdemexico.com\/wp-content\/uploads\/2021\/12\/170-102-12.jpg","datePublished":"2021-12-22T00:17:34+00:00","dateModified":"2022-02-18T19:56:23+00:00","breadcrumb":{"@id":"https:\/\/techmasterdemexico.com\/producto\/calibrador-inch-0-1-00001\/#breadcrumb"},"inLanguage":"en-US","potentialAction":[{"@type":"ReadAction","target":["https:\/\/techmasterdemexico.com\/producto\/calibrador-inch-0-1-00001\/"]}]},{"@type":"ImageObject","inLanguage":"en-US","@id":"https:\/\/techmasterdemexico.com\/producto\/calibrador-inch-0-1-00001\/#primaryimage","url":"https:\/\/techmasterdemexico.com\/wp-content\/uploads\/2021\/12\/170-102-12.jpg","contentUrl":"https:\/\/techmasterdemexico.com\/wp-content\/uploads\/2021\/12\/170-102-12.jpg","width":600,"height":600},{"@type":"BreadcrumbList","@id":"https:\/\/techmasterdemexico.com\/producto\/calibrador-inch-0-1-00001\/#breadcrumb","itemListElement":[{"@type":"ListItem","position":1,"name":"Portada","item":"https:\/\/techmasterdemexico.com\/"},{"@type":"ListItem","position":2,"name":"Calibrador Inch, 0-1&#8243;, 0,0001&#8243;"}]},{"@type":"WebSite","@id":"https:\/\/techmasterdemexico.com\/#website","url":"https:\/\/techmasterdemexico.com\/","name":"Techmaster de Mexico","description":"","potentialAction":[{"@type":"SearchAction","target":{"@type":"EntryPoint","urlTemplate":"https:\/\/techmasterdemexico.com\/?s={search_term_string}"},"query-input":{"@type":"PropertyValueSpecification","valueRequired":true,"valueName":"search_term_string"}}],"inLanguage":"en-US"}]}},"brands":[{"id":39,"name":"Mitutoyo","slug":"mitutoyo"}],"_links":{"self":[{"href":"https:\/\/techmasterdemexico.com\/en\/wp-json\/wp\/v2\/product\/13320","targetHints":{"allow":["GET"]}}],"collection":[{"href":"https:\/\/techmasterdemexico.com\/en\/wp-json\/wp\/v2\/product"}],"about":[{"href":"https:\/\/techmasterdemexico.com\/en\/wp-json\/wp\/v2\/types\/product"}],"wp:featuredmedia":[{"embeddable":true,"href":"https:\/\/techmasterdemexico.com\/en\/wp-json\/wp\/v2\/media\/18181"}],"wp:attachment":[{"href":"https:\/\/techmasterdemexico.com\/en\/wp-json\/wp\/v2\/media?parent=13320"}],"wp:term":[{"taxonomy":"pwb-brand","embeddable":true,"href":"https:\/\/techmasterdemexico.com\/en\/wp-json\/wp\/v2\/pwb-brand?post=13320"},{"taxonomy":"product_brand","embeddable":true,"href":"https:\/\/techmasterdemexico.com\/en\/wp-json\/wp\/v2\/product_brand?post=13320"},{"taxonomy":"product_cat","embeddable":true,"href":"https:\/\/techmasterdemexico.com\/en\/wp-json\/wp\/v2\/product_cat?post=13320"},{"taxonomy":"product_tag","embeddable":true,"href":"https:\/\/techmasterdemexico.com\/en\/wp-json\/wp\/v2\/product_tag?post=13320"}],"curies":[{"name":"wp","href":"https:\/\/api.w.org\/{rel}","templated":true}]}}