{"id":13314,"date":"2021-12-22T00:17:29","date_gmt":"2021-12-22T00:17:29","guid":{"rendered":"https:\/\/techmastermx.ddns.net\/producto\/juegos-de-espigas-de-precision-91-pcs-grade-2\/"},"modified":"2022-02-21T06:59:58","modified_gmt":"2022-02-21T06:59:58","slug":"juegos-de-espigas-de-precision-91-pcs-grade-2","status":"publish","type":"product","link":"https:\/\/techmasterdemexico.com\/en\/producto\/juegos-de-espigas-de-precision-91-pcs-grade-2\/","title":{"rendered":"Juegos de espigas de precisi\u00f3n 91 pcs. Grade 2"},"content":{"rendered":"<p>Juegos de espigas de precisi\u00f3n<br \/>\n91 pcs. Grade 2<br \/>\nN\u00famero de art\u00edculo: 926-222<\/p>\n<p>&nbsp;<\/p>\n<p>Completo juego incremental de espigas de precisi\u00f3n, que\u00a0ofrece los siguientes beneficios:<\/p>\n<ul>\n<li>Disponible en juego de 91 \u00f3 273 piezas el cual se puede utilizar tanto en sala de inspecci\u00f3n como en taller en herramientas y anclajes.<\/li>\n<\/ul>\n","protected":false},"excerpt":{"rendered":"<p class=\"qtranxs-available-languages-message qtranxs-available-languages-message-en\">Sorry, this entry is only available in <a href=\"https:\/\/techmasterdemexico.com\/es\/wp-json\/wp\/v2\/product\/13314\" class=\"qtranxs-available-language-link qtranxs-available-language-link-es\" title=\"Espa\u00f1ol\">Espa\u00f1ol<\/a>.<\/p>\n","protected":false},"featured_media":18205,"template":"","meta":{"_acf_changed":false},"pwb-brand":[39],"product_brand":[],"product_cat":[366,375,379,331,38],"product_tag":[],"class_list":{"0":"post-13314","1":"product","2":"type-product","3":"status-publish","4":"has-post-thumbnail","6":"pwb-brand-mitutoyo","7":"product_cat-todos-los-productos","8":"product_cat-elementos-de-calibracion","9":"product_cat-espigas-cilindricas-de-comprobacion","10":"product_cat-instrumentos-de-medicion-y-gestion-de-datos","11":"product_cat-mitutoyo","13":"first","14":"instock","15":"taxable","16":"shipping-taxable","17":"product-type-simple"},"acf":[],"yoast_head":"<!-- This site is optimized with the Yoast SEO plugin v27.2 - https:\/\/yoast.com\/product\/yoast-seo-wordpress\/ -->\n<title>Juegos de espigas de precisi\u00f3n 91 pcs. Grade 2 - Techmaster de Mexico<\/title>\n<meta name=\"robots\" content=\"index, follow, max-snippet:-1, max-image-preview:large, max-video-preview:-1\" \/>\n<link rel=\"canonical\" href=\"https:\/\/techmasterdemexico.com\/producto\/juegos-de-espigas-de-precision-91-pcs-grade-2\/\" \/>\n<meta property=\"og:locale\" content=\"en_US\" \/>\n<meta property=\"og:type\" content=\"article\" \/>\n<meta property=\"og:title\" content=\"Juegos de espigas de precisi\u00f3n 91 pcs. Grade 2 - Techmaster de Mexico\" \/>\n<meta property=\"og:description\" content=\"[:es]      Grado de precisi\u00f3n:  2    Exactitud:  DIN 2269    Entregado:  In a wooden box    Dureza:  HRC 60-62    Longitud nominal (mm):  up to \u00d8 6 mm = 50 mm over \u00d8 6 mm = 70 mm    Observaciones:  1-10mm,\u00a0con progresi\u00f3n de\u00a00,1mm      [:]\" \/>\n<meta property=\"og:url\" content=\"https:\/\/techmasterdemexico.com\/producto\/juegos-de-espigas-de-precision-91-pcs-grade-2\/\" \/>\n<meta property=\"og:site_name\" content=\"Techmaster de Mexico\" \/>\n<meta property=\"article:modified_time\" content=\"2022-02-21T06:59:58+00:00\" \/>\n<meta property=\"og:image\" content=\"https:\/\/techmasterdemexico.com\/wp-content\/uploads\/2021\/12\/926-222_z_eps.jpg\" \/>\n\t<meta property=\"og:image:width\" content=\"600\" \/>\n\t<meta property=\"og:image:height\" content=\"600\" \/>\n\t<meta property=\"og:image:type\" content=\"image\/jpeg\" \/>\n<meta name=\"twitter:card\" content=\"summary_large_image\" \/>\n<script type=\"application\/ld+json\" class=\"yoast-schema-graph\">{\"@context\":\"https:\/\/schema.org\",\"@graph\":[{\"@type\":\"WebPage\",\"@id\":\"https:\/\/techmasterdemexico.com\/producto\/juegos-de-espigas-de-precision-91-pcs-grade-2\/\",\"url\":\"https:\/\/techmasterdemexico.com\/producto\/juegos-de-espigas-de-precision-91-pcs-grade-2\/\",\"name\":\"Juegos de espigas de precisi\u00f3n 91 pcs. Grade 2 - Techmaster de Mexico\",\"isPartOf\":{\"@id\":\"https:\/\/techmasterdemexico.com\/#website\"},\"primaryImageOfPage\":{\"@id\":\"https:\/\/techmasterdemexico.com\/producto\/juegos-de-espigas-de-precision-91-pcs-grade-2\/#primaryimage\"},\"image\":{\"@id\":\"https:\/\/techmasterdemexico.com\/producto\/juegos-de-espigas-de-precision-91-pcs-grade-2\/#primaryimage\"},\"thumbnailUrl\":\"https:\/\/techmasterdemexico.com\/wp-content\/uploads\/2021\/12\/926-222_z_eps.jpg\",\"datePublished\":\"2021-12-22T00:17:29+00:00\",\"dateModified\":\"2022-02-21T06:59:58+00:00\",\"breadcrumb\":{\"@id\":\"https:\/\/techmasterdemexico.com\/producto\/juegos-de-espigas-de-precision-91-pcs-grade-2\/#breadcrumb\"},\"inLanguage\":\"en-US\",\"potentialAction\":[{\"@type\":\"ReadAction\",\"target\":[\"https:\/\/techmasterdemexico.com\/producto\/juegos-de-espigas-de-precision-91-pcs-grade-2\/\"]}]},{\"@type\":\"ImageObject\",\"inLanguage\":\"en-US\",\"@id\":\"https:\/\/techmasterdemexico.com\/producto\/juegos-de-espigas-de-precision-91-pcs-grade-2\/#primaryimage\",\"url\":\"https:\/\/techmasterdemexico.com\/wp-content\/uploads\/2021\/12\/926-222_z_eps.jpg\",\"contentUrl\":\"https:\/\/techmasterdemexico.com\/wp-content\/uploads\/2021\/12\/926-222_z_eps.jpg\",\"width\":600,\"height\":600},{\"@type\":\"BreadcrumbList\",\"@id\":\"https:\/\/techmasterdemexico.com\/producto\/juegos-de-espigas-de-precision-91-pcs-grade-2\/#breadcrumb\",\"itemListElement\":[{\"@type\":\"ListItem\",\"position\":1,\"name\":\"Portada\",\"item\":\"https:\/\/techmasterdemexico.com\/\"},{\"@type\":\"ListItem\",\"position\":2,\"name\":\"Juegos de espigas de precisi\u00f3n 91 pcs. Grade 2\"}]},{\"@type\":\"WebSite\",\"@id\":\"https:\/\/techmasterdemexico.com\/#website\",\"url\":\"https:\/\/techmasterdemexico.com\/\",\"name\":\"Techmaster de Mexico\",\"description\":\"\",\"potentialAction\":[{\"@type\":\"SearchAction\",\"target\":{\"@type\":\"EntryPoint\",\"urlTemplate\":\"https:\/\/techmasterdemexico.com\/?s={search_term_string}\"},\"query-input\":{\"@type\":\"PropertyValueSpecification\",\"valueRequired\":true,\"valueName\":\"search_term_string\"}}],\"inLanguage\":\"en-US\"}]}<\/script>\n<!-- \/ Yoast SEO plugin. -->","yoast_head_json":{"title":"Juegos de espigas de precisi\u00f3n 91 pcs. Grade 2 - Techmaster de Mexico","robots":{"index":"index","follow":"follow","max-snippet":"max-snippet:-1","max-image-preview":"max-image-preview:large","max-video-preview":"max-video-preview:-1"},"canonical":"https:\/\/techmasterdemexico.com\/producto\/juegos-de-espigas-de-precision-91-pcs-grade-2\/","og_locale":"en_US","og_type":"article","og_title":"Juegos de espigas de precisi\u00f3n 91 pcs. Grade 2 - Techmaster de Mexico","og_description":"[:es]      Grado de precisi\u00f3n:  2    Exactitud:  DIN 2269    Entregado:  In a wooden box    Dureza:  HRC 60-62    Longitud nominal (mm):  up to \u00d8 6 mm = 50 mm over \u00d8 6 mm = 70 mm    Observaciones:  1-10mm,\u00a0con progresi\u00f3n de\u00a00,1mm      [:]","og_url":"https:\/\/techmasterdemexico.com\/producto\/juegos-de-espigas-de-precision-91-pcs-grade-2\/","og_site_name":"Techmaster de Mexico","article_modified_time":"2022-02-21T06:59:58+00:00","og_image":[{"width":600,"height":600,"url":"https:\/\/techmasterdemexico.com\/wp-content\/uploads\/2021\/12\/926-222_z_eps.jpg","type":"image\/jpeg"}],"twitter_card":"summary_large_image","schema":{"@context":"https:\/\/schema.org","@graph":[{"@type":"WebPage","@id":"https:\/\/techmasterdemexico.com\/producto\/juegos-de-espigas-de-precision-91-pcs-grade-2\/","url":"https:\/\/techmasterdemexico.com\/producto\/juegos-de-espigas-de-precision-91-pcs-grade-2\/","name":"Juegos de espigas de precisi\u00f3n 91 pcs. Grade 2 - Techmaster de Mexico","isPartOf":{"@id":"https:\/\/techmasterdemexico.com\/#website"},"primaryImageOfPage":{"@id":"https:\/\/techmasterdemexico.com\/producto\/juegos-de-espigas-de-precision-91-pcs-grade-2\/#primaryimage"},"image":{"@id":"https:\/\/techmasterdemexico.com\/producto\/juegos-de-espigas-de-precision-91-pcs-grade-2\/#primaryimage"},"thumbnailUrl":"https:\/\/techmasterdemexico.com\/wp-content\/uploads\/2021\/12\/926-222_z_eps.jpg","datePublished":"2021-12-22T00:17:29+00:00","dateModified":"2022-02-21T06:59:58+00:00","breadcrumb":{"@id":"https:\/\/techmasterdemexico.com\/producto\/juegos-de-espigas-de-precision-91-pcs-grade-2\/#breadcrumb"},"inLanguage":"en-US","potentialAction":[{"@type":"ReadAction","target":["https:\/\/techmasterdemexico.com\/producto\/juegos-de-espigas-de-precision-91-pcs-grade-2\/"]}]},{"@type":"ImageObject","inLanguage":"en-US","@id":"https:\/\/techmasterdemexico.com\/producto\/juegos-de-espigas-de-precision-91-pcs-grade-2\/#primaryimage","url":"https:\/\/techmasterdemexico.com\/wp-content\/uploads\/2021\/12\/926-222_z_eps.jpg","contentUrl":"https:\/\/techmasterdemexico.com\/wp-content\/uploads\/2021\/12\/926-222_z_eps.jpg","width":600,"height":600},{"@type":"BreadcrumbList","@id":"https:\/\/techmasterdemexico.com\/producto\/juegos-de-espigas-de-precision-91-pcs-grade-2\/#breadcrumb","itemListElement":[{"@type":"ListItem","position":1,"name":"Portada","item":"https:\/\/techmasterdemexico.com\/"},{"@type":"ListItem","position":2,"name":"Juegos de espigas de precisi\u00f3n 91 pcs. Grade 2"}]},{"@type":"WebSite","@id":"https:\/\/techmasterdemexico.com\/#website","url":"https:\/\/techmasterdemexico.com\/","name":"Techmaster de Mexico","description":"","potentialAction":[{"@type":"SearchAction","target":{"@type":"EntryPoint","urlTemplate":"https:\/\/techmasterdemexico.com\/?s={search_term_string}"},"query-input":{"@type":"PropertyValueSpecification","valueRequired":true,"valueName":"search_term_string"}}],"inLanguage":"en-US"}]}},"brands":[{"id":39,"name":"Mitutoyo","slug":"mitutoyo"}],"_links":{"self":[{"href":"https:\/\/techmasterdemexico.com\/en\/wp-json\/wp\/v2\/product\/13314","targetHints":{"allow":["GET"]}}],"collection":[{"href":"https:\/\/techmasterdemexico.com\/en\/wp-json\/wp\/v2\/product"}],"about":[{"href":"https:\/\/techmasterdemexico.com\/en\/wp-json\/wp\/v2\/types\/product"}],"wp:featuredmedia":[{"embeddable":true,"href":"https:\/\/techmasterdemexico.com\/en\/wp-json\/wp\/v2\/media\/18205"}],"wp:attachment":[{"href":"https:\/\/techmasterdemexico.com\/en\/wp-json\/wp\/v2\/media?parent=13314"}],"wp:term":[{"taxonomy":"pwb-brand","embeddable":true,"href":"https:\/\/techmasterdemexico.com\/en\/wp-json\/wp\/v2\/pwb-brand?post=13314"},{"taxonomy":"product_brand","embeddable":true,"href":"https:\/\/techmasterdemexico.com\/en\/wp-json\/wp\/v2\/product_brand?post=13314"},{"taxonomy":"product_cat","embeddable":true,"href":"https:\/\/techmasterdemexico.com\/en\/wp-json\/wp\/v2\/product_cat?post=13314"},{"taxonomy":"product_tag","embeddable":true,"href":"https:\/\/techmasterdemexico.com\/en\/wp-json\/wp\/v2\/product_tag?post=13314"}],"curies":[{"name":"wp","href":"https:\/\/api.w.org\/{rel}","templated":true}]}}