{"id":13306,"date":"2021-12-22T00:17:11","date_gmt":"2021-12-22T00:17:11","guid":{"rendered":"https:\/\/techmastermx.ddns.net\/producto\/gauge-block-set-metric-ins-cert-iso-47-blocks-grade-0-steel-square-type\/"},"modified":"2022-02-21T18:18:18","modified_gmt":"2022-02-21T18:18:18","slug":"gauge-block-set-metric-ins-cert-iso-47-blocks-grade-0-steel-square-type","status":"publish","type":"product","link":"https:\/\/techmasterdemexico.com\/en\/producto\/gauge-block-set-metric-ins-cert-iso-47-blocks-grade-0-steel-square-type\/","title":{"rendered":"Gauge Block Set, Metric, Ins. Cert., ISO 47 Blocks, Grade 0, Steel, Square Type"},"content":{"rendered":"<p>Gauge Block Set, Metric, Ins. Cert., ISO<br \/>\n47 Blocks, Grade 0, Steel, Square Type<br \/>\nN\u00famero de art\u00edculo: 516-458-10<\/p>\n<p>&nbsp;<\/p>\n<p>Los bloques patr\u00f3n cuadrados garantizan la m\u00e1xima estabilidad y se adaptan a la perfecci\u00f3n a tareas de control sobre mesas de planitud. Contribuyen a la realizaci\u00f3n de m\u00faltiples tareas de verificaci\u00f3n como el posicionamiento de herramientas de corte, medici\u00f3n de \u00e1ngulos junto con reglas de senos y la comprobaci\u00f3n del estado de los mic\u00f3metros de profundidad.<\/p>\n","protected":false},"excerpt":{"rendered":"<table class=\"product_properties\">\n<tbody>\n<tr class=\"table-row-odd\">\n<td class=\"parameter\">\n<div class=\"product_properties_propertyName\"><span class=\"name\">Grado:<\/span><\/div>\n<\/td>\n<td class=\"value\">\n<div class=\"product_properties_propertyValue\">0<\/div>\n<\/td>\n<\/tr>\n<\/tbody>\n<\/table>\n","protected":false},"featured_media":18231,"template":"","meta":{"_acf_changed":false},"pwb-brand":[39],"product_brand":[],"product_cat":[366,375,331,378,38],"product_tag":[],"class_list":{"0":"post-13306","1":"product","2":"type-product","3":"status-publish","4":"has-post-thumbnail","6":"pwb-brand-mitutoyo","7":"product_cat-todos-los-productos","8":"product_cat-elementos-de-calibracion","9":"product_cat-instrumentos-de-medicion-y-gestion-de-datos","10":"product_cat-juegos-de-bloques-patron-cuadrados-metricos","11":"product_cat-mitutoyo","13":"first","14":"instock","15":"taxable","16":"shipping-taxable","17":"product-type-simple"},"acf":[],"yoast_head":"<!-- This site is optimized with the Yoast SEO plugin v27.2 - https:\/\/yoast.com\/product\/yoast-seo-wordpress\/ -->\n<title>Gauge Block Set, Metric, Ins. Cert., ISO 47 Blocks, Grade 0, Steel, Square Type - Techmaster de Mexico<\/title>\n<meta name=\"robots\" content=\"index, follow, max-snippet:-1, max-image-preview:large, max-video-preview:-1\" \/>\n<link rel=\"canonical\" href=\"https:\/\/techmasterdemexico.com\/producto\/gauge-block-set-metric-ins-cert-iso-47-blocks-grade-0-steel-square-type\/\" \/>\n<meta property=\"og:locale\" content=\"en_US\" \/>\n<meta property=\"og:type\" content=\"article\" \/>\n<meta property=\"og:title\" content=\"Gauge Block Set, Metric, Ins. Cert., ISO 47 Blocks, Grade 0, Steel, Square Type - Techmaster de Mexico\" \/>\n<meta property=\"og:description\" content=\"Grado:  0\" \/>\n<meta property=\"og:url\" content=\"https:\/\/techmasterdemexico.com\/producto\/gauge-block-set-metric-ins-cert-iso-47-blocks-grade-0-steel-square-type\/\" \/>\n<meta property=\"og:site_name\" content=\"Techmaster de Mexico\" \/>\n<meta property=\"article:modified_time\" content=\"2022-02-21T18:18:18+00:00\" \/>\n<meta property=\"og:image\" content=\"https:\/\/techmasterdemexico.com\/wp-content\/uploads\/2021\/12\/516-438_z_eps-1.png\" \/>\n\t<meta property=\"og:image:width\" content=\"769\" \/>\n\t<meta property=\"og:image:height\" content=\"769\" \/>\n\t<meta property=\"og:image:type\" content=\"image\/png\" \/>\n<meta name=\"twitter:card\" content=\"summary_large_image\" \/>\n<script type=\"application\/ld+json\" class=\"yoast-schema-graph\">{\"@context\":\"https:\/\/schema.org\",\"@graph\":[{\"@type\":\"WebPage\",\"@id\":\"https:\/\/techmasterdemexico.com\/producto\/gauge-block-set-metric-ins-cert-iso-47-blocks-grade-0-steel-square-type\/\",\"url\":\"https:\/\/techmasterdemexico.com\/producto\/gauge-block-set-metric-ins-cert-iso-47-blocks-grade-0-steel-square-type\/\",\"name\":\"Gauge Block Set, Metric, Ins. Cert., ISO 47 Blocks, Grade 0, Steel, Square Type - Techmaster de Mexico\",\"isPartOf\":{\"@id\":\"https:\/\/techmasterdemexico.com\/#website\"},\"primaryImageOfPage\":{\"@id\":\"https:\/\/techmasterdemexico.com\/producto\/gauge-block-set-metric-ins-cert-iso-47-blocks-grade-0-steel-square-type\/#primaryimage\"},\"image\":{\"@id\":\"https:\/\/techmasterdemexico.com\/producto\/gauge-block-set-metric-ins-cert-iso-47-blocks-grade-0-steel-square-type\/#primaryimage\"},\"thumbnailUrl\":\"https:\/\/techmasterdemexico.com\/wp-content\/uploads\/2021\/12\/516-438_z_eps-1.png\",\"datePublished\":\"2021-12-22T00:17:11+00:00\",\"dateModified\":\"2022-02-21T18:18:18+00:00\",\"breadcrumb\":{\"@id\":\"https:\/\/techmasterdemexico.com\/producto\/gauge-block-set-metric-ins-cert-iso-47-blocks-grade-0-steel-square-type\/#breadcrumb\"},\"inLanguage\":\"en-US\",\"potentialAction\":[{\"@type\":\"ReadAction\",\"target\":[\"https:\/\/techmasterdemexico.com\/producto\/gauge-block-set-metric-ins-cert-iso-47-blocks-grade-0-steel-square-type\/\"]}]},{\"@type\":\"ImageObject\",\"inLanguage\":\"en-US\",\"@id\":\"https:\/\/techmasterdemexico.com\/producto\/gauge-block-set-metric-ins-cert-iso-47-blocks-grade-0-steel-square-type\/#primaryimage\",\"url\":\"https:\/\/techmasterdemexico.com\/wp-content\/uploads\/2021\/12\/516-438_z_eps-1.png\",\"contentUrl\":\"https:\/\/techmasterdemexico.com\/wp-content\/uploads\/2021\/12\/516-438_z_eps-1.png\",\"width\":769,\"height\":769},{\"@type\":\"BreadcrumbList\",\"@id\":\"https:\/\/techmasterdemexico.com\/producto\/gauge-block-set-metric-ins-cert-iso-47-blocks-grade-0-steel-square-type\/#breadcrumb\",\"itemListElement\":[{\"@type\":\"ListItem\",\"position\":1,\"name\":\"Portada\",\"item\":\"https:\/\/techmasterdemexico.com\/\"},{\"@type\":\"ListItem\",\"position\":2,\"name\":\"Gauge Block Set, Metric, Ins. Cert., ISO 47 Blocks, Grade 0, Steel, Square Type\"}]},{\"@type\":\"WebSite\",\"@id\":\"https:\/\/techmasterdemexico.com\/#website\",\"url\":\"https:\/\/techmasterdemexico.com\/\",\"name\":\"Techmaster de Mexico\",\"description\":\"\",\"potentialAction\":[{\"@type\":\"SearchAction\",\"target\":{\"@type\":\"EntryPoint\",\"urlTemplate\":\"https:\/\/techmasterdemexico.com\/?s={search_term_string}\"},\"query-input\":{\"@type\":\"PropertyValueSpecification\",\"valueRequired\":true,\"valueName\":\"search_term_string\"}}],\"inLanguage\":\"en-US\"}]}<\/script>\n<!-- \/ Yoast SEO plugin. -->","yoast_head_json":{"title":"Gauge Block Set, Metric, Ins. Cert., ISO 47 Blocks, Grade 0, Steel, Square Type - Techmaster de Mexico","robots":{"index":"index","follow":"follow","max-snippet":"max-snippet:-1","max-image-preview":"max-image-preview:large","max-video-preview":"max-video-preview:-1"},"canonical":"https:\/\/techmasterdemexico.com\/producto\/gauge-block-set-metric-ins-cert-iso-47-blocks-grade-0-steel-square-type\/","og_locale":"en_US","og_type":"article","og_title":"Gauge Block Set, Metric, Ins. Cert., ISO 47 Blocks, Grade 0, Steel, Square Type - Techmaster de Mexico","og_description":"Grado:  0","og_url":"https:\/\/techmasterdemexico.com\/producto\/gauge-block-set-metric-ins-cert-iso-47-blocks-grade-0-steel-square-type\/","og_site_name":"Techmaster de Mexico","article_modified_time":"2022-02-21T18:18:18+00:00","og_image":[{"width":769,"height":769,"url":"https:\/\/techmasterdemexico.com\/wp-content\/uploads\/2021\/12\/516-438_z_eps-1.png","type":"image\/png"}],"twitter_card":"summary_large_image","schema":{"@context":"https:\/\/schema.org","@graph":[{"@type":"WebPage","@id":"https:\/\/techmasterdemexico.com\/producto\/gauge-block-set-metric-ins-cert-iso-47-blocks-grade-0-steel-square-type\/","url":"https:\/\/techmasterdemexico.com\/producto\/gauge-block-set-metric-ins-cert-iso-47-blocks-grade-0-steel-square-type\/","name":"Gauge Block Set, Metric, Ins. Cert., ISO 47 Blocks, Grade 0, Steel, Square Type - Techmaster de Mexico","isPartOf":{"@id":"https:\/\/techmasterdemexico.com\/#website"},"primaryImageOfPage":{"@id":"https:\/\/techmasterdemexico.com\/producto\/gauge-block-set-metric-ins-cert-iso-47-blocks-grade-0-steel-square-type\/#primaryimage"},"image":{"@id":"https:\/\/techmasterdemexico.com\/producto\/gauge-block-set-metric-ins-cert-iso-47-blocks-grade-0-steel-square-type\/#primaryimage"},"thumbnailUrl":"https:\/\/techmasterdemexico.com\/wp-content\/uploads\/2021\/12\/516-438_z_eps-1.png","datePublished":"2021-12-22T00:17:11+00:00","dateModified":"2022-02-21T18:18:18+00:00","breadcrumb":{"@id":"https:\/\/techmasterdemexico.com\/producto\/gauge-block-set-metric-ins-cert-iso-47-blocks-grade-0-steel-square-type\/#breadcrumb"},"inLanguage":"en-US","potentialAction":[{"@type":"ReadAction","target":["https:\/\/techmasterdemexico.com\/producto\/gauge-block-set-metric-ins-cert-iso-47-blocks-grade-0-steel-square-type\/"]}]},{"@type":"ImageObject","inLanguage":"en-US","@id":"https:\/\/techmasterdemexico.com\/producto\/gauge-block-set-metric-ins-cert-iso-47-blocks-grade-0-steel-square-type\/#primaryimage","url":"https:\/\/techmasterdemexico.com\/wp-content\/uploads\/2021\/12\/516-438_z_eps-1.png","contentUrl":"https:\/\/techmasterdemexico.com\/wp-content\/uploads\/2021\/12\/516-438_z_eps-1.png","width":769,"height":769},{"@type":"BreadcrumbList","@id":"https:\/\/techmasterdemexico.com\/producto\/gauge-block-set-metric-ins-cert-iso-47-blocks-grade-0-steel-square-type\/#breadcrumb","itemListElement":[{"@type":"ListItem","position":1,"name":"Portada","item":"https:\/\/techmasterdemexico.com\/"},{"@type":"ListItem","position":2,"name":"Gauge Block Set, Metric, Ins. Cert., ISO 47 Blocks, Grade 0, Steel, Square Type"}]},{"@type":"WebSite","@id":"https:\/\/techmasterdemexico.com\/#website","url":"https:\/\/techmasterdemexico.com\/","name":"Techmaster de Mexico","description":"","potentialAction":[{"@type":"SearchAction","target":{"@type":"EntryPoint","urlTemplate":"https:\/\/techmasterdemexico.com\/?s={search_term_string}"},"query-input":{"@type":"PropertyValueSpecification","valueRequired":true,"valueName":"search_term_string"}}],"inLanguage":"en-US"}]}},"brands":[{"id":39,"name":"Mitutoyo","slug":"mitutoyo"}],"_links":{"self":[{"href":"https:\/\/techmasterdemexico.com\/en\/wp-json\/wp\/v2\/product\/13306","targetHints":{"allow":["GET"]}}],"collection":[{"href":"https:\/\/techmasterdemexico.com\/en\/wp-json\/wp\/v2\/product"}],"about":[{"href":"https:\/\/techmasterdemexico.com\/en\/wp-json\/wp\/v2\/types\/product"}],"wp:featuredmedia":[{"embeddable":true,"href":"https:\/\/techmasterdemexico.com\/en\/wp-json\/wp\/v2\/media\/18231"}],"wp:attachment":[{"href":"https:\/\/techmasterdemexico.com\/en\/wp-json\/wp\/v2\/media?parent=13306"}],"wp:term":[{"taxonomy":"pwb-brand","embeddable":true,"href":"https:\/\/techmasterdemexico.com\/en\/wp-json\/wp\/v2\/pwb-brand?post=13306"},{"taxonomy":"product_brand","embeddable":true,"href":"https:\/\/techmasterdemexico.com\/en\/wp-json\/wp\/v2\/product_brand?post=13306"},{"taxonomy":"product_cat","embeddable":true,"href":"https:\/\/techmasterdemexico.com\/en\/wp-json\/wp\/v2\/product_cat?post=13306"},{"taxonomy":"product_tag","embeddable":true,"href":"https:\/\/techmasterdemexico.com\/en\/wp-json\/wp\/v2\/product_tag?post=13306"}],"curies":[{"name":"wp","href":"https:\/\/api.w.org\/{rel}","templated":true}]}}