{"id":13165,"date":"2021-12-22T00:14:38","date_gmt":"2021-12-22T00:14:38","guid":{"rendered":"https:\/\/techmastermx.ddns.net\/producto\/gauge-block-accessories-2\/"},"modified":"2022-02-18T19:42:57","modified_gmt":"2022-02-18T19:42:57","slug":"gauge-block-accessories-2","status":"publish","type":"product","link":"https:\/\/techmasterdemexico.com\/en\/producto\/gauge-block-accessories-2\/","title":{"rendered":"Gauge Block Accessories"},"content":{"rendered":"<p>Gauge Block Accessories<br \/>\nInch, for Square Gauge Blocks<br \/>\nN\u00famero de art\u00edculo: 516-612<\/p>\n<p>&nbsp;<\/p>\n<p>Con el fin de incrementar las aplicaciones de los bloques patr\u00f3n cuadrados, Mitutoyo le ofrece el juego de accesorios para bloques. Al combinar estos elementos, podr\u00e1 montar dispositivos de medici\u00f3n de forma r\u00e1pida, que servir\u00e1, aunque temporalmente, de referencia.<\/p>\n","protected":false},"excerpt":{"rendered":"<p>Gauge Block Accessories Inch, for Square Gauge Blocks N\u00famero de art\u00edculo: 516-612 &nbsp; Con el fin de incrementar las aplicaciones de los bloques patr\u00f3n cuadrados, Mitutoyo le ofrece el juego de accesorios para bloques. Al combinar estos elementos, podr\u00e1 montar dispositivos de medici\u00f3n de forma r\u00e1pida, que servir\u00e1, aunque temporalmente, de referencia.<\/p>\n","protected":false},"featured_media":18180,"template":"","meta":{"_acf_changed":false},"pwb-brand":[39],"product_brand":[],"product_cat":[366,376,375,331,38],"product_tag":[],"class_list":{"0":"post-13165","1":"product","2":"type-product","3":"status-publish","4":"has-post-thumbnail","6":"pwb-brand-mitutoyo","7":"product_cat-todos-los-productos","8":"product_cat-accesorios-para-bloques-patron-cuadrados","9":"product_cat-elementos-de-calibracion","10":"product_cat-instrumentos-de-medicion-y-gestion-de-datos","11":"product_cat-mitutoyo","13":"first","14":"instock","15":"taxable","16":"shipping-taxable","17":"product-type-simple"},"acf":[],"yoast_head":"<!-- This site is optimized with the Yoast SEO plugin v27.2 - https:\/\/yoast.com\/product\/yoast-seo-wordpress\/ -->\n<title>Gauge Block Accessories - Techmaster de Mexico<\/title>\n<meta name=\"robots\" content=\"index, follow, max-snippet:-1, max-image-preview:large, max-video-preview:-1\" \/>\n<link rel=\"canonical\" href=\"https:\/\/techmasterdemexico.com\/en\/producto\/gauge-block-accessories-2\/\" \/>\n<meta property=\"og:locale\" content=\"en_US\" \/>\n<meta property=\"og:type\" content=\"article\" \/>\n<meta property=\"og:title\" content=\"Gauge Block Accessories - Techmaster de Mexico\" \/>\n<meta property=\"og:description\" content=\"Gauge Block Accessories Inch, for Square Gauge Blocks N\u00famero de art\u00edculo: 516-612 &nbsp; Con el fin de incrementar las aplicaciones de los bloques patr\u00f3n cuadrados, Mitutoyo le ofrece el juego de accesorios para bloques. Al combinar estos elementos, podr\u00e1 montar dispositivos de medici\u00f3n de forma r\u00e1pida, que servir\u00e1, aunque temporalmente, de referencia.\" \/>\n<meta property=\"og:url\" content=\"https:\/\/techmasterdemexico.com\/en\/producto\/gauge-block-accessories-2\/\" \/>\n<meta property=\"og:site_name\" content=\"Techmaster de Mexico\" \/>\n<meta property=\"article:modified_time\" content=\"2022-02-18T19:42:57+00:00\" \/>\n<meta property=\"og:image\" content=\"https:\/\/techmasterdemexico.com\/wp-content\/uploads\/2021\/12\/516-612.jpg\" \/>\n\t<meta property=\"og:image:width\" content=\"600\" \/>\n\t<meta property=\"og:image:height\" content=\"600\" \/>\n\t<meta property=\"og:image:type\" content=\"image\/jpeg\" \/>\n<meta name=\"twitter:card\" content=\"summary_large_image\" \/>\n<script type=\"application\/ld+json\" class=\"yoast-schema-graph\">{\"@context\":\"https:\/\/schema.org\",\"@graph\":[{\"@type\":\"WebPage\",\"@id\":\"https:\/\/techmasterdemexico.com\/en\/producto\/gauge-block-accessories-2\/\",\"url\":\"https:\/\/techmasterdemexico.com\/en\/producto\/gauge-block-accessories-2\/\",\"name\":\"Gauge Block Accessories - Techmaster de Mexico\",\"isPartOf\":{\"@id\":\"https:\/\/techmasterdemexico.com\/#website\"},\"primaryImageOfPage\":{\"@id\":\"https:\/\/techmasterdemexico.com\/en\/producto\/gauge-block-accessories-2\/#primaryimage\"},\"image\":{\"@id\":\"https:\/\/techmasterdemexico.com\/en\/producto\/gauge-block-accessories-2\/#primaryimage\"},\"thumbnailUrl\":\"https:\/\/techmasterdemexico.com\/wp-content\/uploads\/2021\/12\/516-612.jpg\",\"datePublished\":\"2021-12-22T00:14:38+00:00\",\"dateModified\":\"2022-02-18T19:42:57+00:00\",\"breadcrumb\":{\"@id\":\"https:\/\/techmasterdemexico.com\/en\/producto\/gauge-block-accessories-2\/#breadcrumb\"},\"inLanguage\":\"en-US\",\"potentialAction\":[{\"@type\":\"ReadAction\",\"target\":[\"https:\/\/techmasterdemexico.com\/en\/producto\/gauge-block-accessories-2\/\"]}]},{\"@type\":\"ImageObject\",\"inLanguage\":\"en-US\",\"@id\":\"https:\/\/techmasterdemexico.com\/en\/producto\/gauge-block-accessories-2\/#primaryimage\",\"url\":\"https:\/\/techmasterdemexico.com\/wp-content\/uploads\/2021\/12\/516-612.jpg\",\"contentUrl\":\"https:\/\/techmasterdemexico.com\/wp-content\/uploads\/2021\/12\/516-612.jpg\",\"width\":600,\"height\":600},{\"@type\":\"BreadcrumbList\",\"@id\":\"https:\/\/techmasterdemexico.com\/en\/producto\/gauge-block-accessories-2\/#breadcrumb\",\"itemListElement\":[{\"@type\":\"ListItem\",\"position\":1,\"name\":\"Portada\",\"item\":\"https:\/\/techmasterdemexico.com\/\"},{\"@type\":\"ListItem\",\"position\":2,\"name\":\"Gauge Block Accessories\"}]},{\"@type\":\"WebSite\",\"@id\":\"https:\/\/techmasterdemexico.com\/#website\",\"url\":\"https:\/\/techmasterdemexico.com\/\",\"name\":\"Techmaster de Mexico\",\"description\":\"\",\"potentialAction\":[{\"@type\":\"SearchAction\",\"target\":{\"@type\":\"EntryPoint\",\"urlTemplate\":\"https:\/\/techmasterdemexico.com\/?s={search_term_string}\"},\"query-input\":{\"@type\":\"PropertyValueSpecification\",\"valueRequired\":true,\"valueName\":\"search_term_string\"}}],\"inLanguage\":\"en-US\"}]}<\/script>\n<!-- \/ Yoast SEO plugin. -->","yoast_head_json":{"title":"Gauge Block Accessories - Techmaster de Mexico","robots":{"index":"index","follow":"follow","max-snippet":"max-snippet:-1","max-image-preview":"max-image-preview:large","max-video-preview":"max-video-preview:-1"},"canonical":"https:\/\/techmasterdemexico.com\/en\/producto\/gauge-block-accessories-2\/","og_locale":"en_US","og_type":"article","og_title":"Gauge Block Accessories - Techmaster de Mexico","og_description":"Gauge Block Accessories Inch, for Square Gauge Blocks N\u00famero de art\u00edculo: 516-612 &nbsp; Con el fin de incrementar las aplicaciones de los bloques patr\u00f3n cuadrados, Mitutoyo le ofrece el juego de accesorios para bloques. Al combinar estos elementos, podr\u00e1 montar dispositivos de medici\u00f3n de forma r\u00e1pida, que servir\u00e1, aunque temporalmente, de referencia.","og_url":"https:\/\/techmasterdemexico.com\/en\/producto\/gauge-block-accessories-2\/","og_site_name":"Techmaster de Mexico","article_modified_time":"2022-02-18T19:42:57+00:00","og_image":[{"width":600,"height":600,"url":"https:\/\/techmasterdemexico.com\/wp-content\/uploads\/2021\/12\/516-612.jpg","type":"image\/jpeg"}],"twitter_card":"summary_large_image","schema":{"@context":"https:\/\/schema.org","@graph":[{"@type":"WebPage","@id":"https:\/\/techmasterdemexico.com\/en\/producto\/gauge-block-accessories-2\/","url":"https:\/\/techmasterdemexico.com\/en\/producto\/gauge-block-accessories-2\/","name":"Gauge Block Accessories - Techmaster de Mexico","isPartOf":{"@id":"https:\/\/techmasterdemexico.com\/#website"},"primaryImageOfPage":{"@id":"https:\/\/techmasterdemexico.com\/en\/producto\/gauge-block-accessories-2\/#primaryimage"},"image":{"@id":"https:\/\/techmasterdemexico.com\/en\/producto\/gauge-block-accessories-2\/#primaryimage"},"thumbnailUrl":"https:\/\/techmasterdemexico.com\/wp-content\/uploads\/2021\/12\/516-612.jpg","datePublished":"2021-12-22T00:14:38+00:00","dateModified":"2022-02-18T19:42:57+00:00","breadcrumb":{"@id":"https:\/\/techmasterdemexico.com\/en\/producto\/gauge-block-accessories-2\/#breadcrumb"},"inLanguage":"en-US","potentialAction":[{"@type":"ReadAction","target":["https:\/\/techmasterdemexico.com\/en\/producto\/gauge-block-accessories-2\/"]}]},{"@type":"ImageObject","inLanguage":"en-US","@id":"https:\/\/techmasterdemexico.com\/en\/producto\/gauge-block-accessories-2\/#primaryimage","url":"https:\/\/techmasterdemexico.com\/wp-content\/uploads\/2021\/12\/516-612.jpg","contentUrl":"https:\/\/techmasterdemexico.com\/wp-content\/uploads\/2021\/12\/516-612.jpg","width":600,"height":600},{"@type":"BreadcrumbList","@id":"https:\/\/techmasterdemexico.com\/en\/producto\/gauge-block-accessories-2\/#breadcrumb","itemListElement":[{"@type":"ListItem","position":1,"name":"Portada","item":"https:\/\/techmasterdemexico.com\/"},{"@type":"ListItem","position":2,"name":"Gauge Block Accessories"}]},{"@type":"WebSite","@id":"https:\/\/techmasterdemexico.com\/#website","url":"https:\/\/techmasterdemexico.com\/","name":"Techmaster de Mexico","description":"","potentialAction":[{"@type":"SearchAction","target":{"@type":"EntryPoint","urlTemplate":"https:\/\/techmasterdemexico.com\/?s={search_term_string}"},"query-input":{"@type":"PropertyValueSpecification","valueRequired":true,"valueName":"search_term_string"}}],"inLanguage":"en-US"}]}},"brands":[{"id":39,"name":"Mitutoyo","slug":"mitutoyo"}],"_links":{"self":[{"href":"https:\/\/techmasterdemexico.com\/en\/wp-json\/wp\/v2\/product\/13165","targetHints":{"allow":["GET"]}}],"collection":[{"href":"https:\/\/techmasterdemexico.com\/en\/wp-json\/wp\/v2\/product"}],"about":[{"href":"https:\/\/techmasterdemexico.com\/en\/wp-json\/wp\/v2\/types\/product"}],"wp:featuredmedia":[{"embeddable":true,"href":"https:\/\/techmasterdemexico.com\/en\/wp-json\/wp\/v2\/media\/18180"}],"wp:attachment":[{"href":"https:\/\/techmasterdemexico.com\/en\/wp-json\/wp\/v2\/media?parent=13165"}],"wp:term":[{"taxonomy":"pwb-brand","embeddable":true,"href":"https:\/\/techmasterdemexico.com\/en\/wp-json\/wp\/v2\/pwb-brand?post=13165"},{"taxonomy":"product_brand","embeddable":true,"href":"https:\/\/techmasterdemexico.com\/en\/wp-json\/wp\/v2\/product_brand?post=13165"},{"taxonomy":"product_cat","embeddable":true,"href":"https:\/\/techmasterdemexico.com\/en\/wp-json\/wp\/v2\/product_cat?post=13165"},{"taxonomy":"product_tag","embeddable":true,"href":"https:\/\/techmasterdemexico.com\/en\/wp-json\/wp\/v2\/product_tag?post=13165"}],"curies":[{"name":"wp","href":"https:\/\/api.w.org\/{rel}","templated":true}]}}