{"id":13164,"date":"2021-12-22T00:14:38","date_gmt":"2021-12-22T00:14:38","guid":{"rendered":"https:\/\/techmastermx.ddns.net\/producto\/gauge-block-accessories\/"},"modified":"2022-02-18T19:44:14","modified_gmt":"2022-02-18T19:44:14","slug":"gauge-block-accessories","status":"publish","type":"product","link":"https:\/\/techmasterdemexico.com\/en\/producto\/gauge-block-accessories\/","title":{"rendered":"Gauge Block Accessories"},"content":{"rendered":"<p>Gauge Block Accessories<br \/>\nMetric, for Square Gauge Blocks<br \/>\nN\u00famero de art\u00edculo: 516-611<\/p>\n<p>&nbsp;<\/p>\n<p>Con el fin de incrementar las aplicaciones de los bloques patr\u00f3n cuadrados, Mitutoyo le ofrece el juego de accesorios para bloques. Al combinar estos elementos, podr\u00e1 montar dispositivos de medici\u00f3n de forma r\u00e1pida, que servir\u00e1, aunque temporalmente, de referencia.<\/p>\n","protected":false},"excerpt":{"rendered":"<ul>\n<li class=\"product_properties_propertyName\"><span class=\"name\">Composici\u00f3n:<\/span>\n<ul>\n<li class=\"product_properties_propertyName\">Contacto semi-esf\u00e9rico 2mm(<strong>619070<\/strong>)-2 pcs<\/li>\n<li class=\"product_properties_propertyName\">Contacto semi-esf\u00e9rico 5mm(<strong>619071<\/strong>)-2 pcs<\/li>\n<li class=\"product_properties_propertyName\">Contacto liso (<strong>619072<\/strong>)-2 pcs<\/li>\n<li class=\"product_properties_propertyName\">Punto de centrado (<strong>619073<\/strong>)-1 pc<\/li>\n<li class=\"product_properties_propertyName\">Punto de trazado(<strong>619054<\/strong>)-1 pc<\/li>\n<li class=\"product_properties_propertyName\">Bloque-base (<strong>619055<\/strong>)-1 pc<\/li>\n<li class=\"product_properties_propertyName\">Tornillo cabeza plana 1.1\/4&#8243; (<strong>619057<\/strong>)-2 pcs<\/li>\n<li class=\"product_properties_propertyName\">Tornillo cabeza plana 5\/8&#8243; (<strong>619058<\/strong>)-2 pcs<\/li>\n<li class=\"product_properties_propertyName\">Tuerca de cabeza moleteada (<strong>619059<\/strong>)-2 pcs<\/li>\n<li class=\"product_properties_propertyName\">Barra ajustable 6&#8243; (<strong>619060<\/strong>)-2 pcs<\/li>\n<li class=\"product_properties_propertyName\">Barra ajustable 4.1\/2&#8243; (<strong>619061<\/strong>)-2 pcs<\/li>\n<li class=\"product_properties_propertyName\">Barra 3&#8243; (<strong>619062<\/strong>)-1 pc<\/li>\n<li class=\"product_properties_propertyName\">Barra 2.1\/4&#8243; (<strong>619063<\/strong>)-1 pc<\/li>\n<li class=\"product_properties_propertyName\">Barra 1.1\/2&#8243; (<strong>619064<\/strong>)-1 pc<\/li>\n<li class=\"product_properties_propertyName\">Tie rod 3\/4&#8243; (<strong>619065<\/strong>)-1 pc<\/li>\n<li class=\"product_properties_propertyName\">Bot\u00f3n (<strong>619056<\/strong>)-2 pcs<\/li>\n<li class=\"product_properties_propertyName\">Tuerca de cabeza moleteada (<strong>619066<\/strong>)-2 pcs<\/li>\n<\/ul>\n<\/li>\n<li class=\"product_properties_propertyName\"><span class=\"name\">pulgadas-m\u00e9trico: <\/span>M\u00e9trico<\/li>\n<\/ul>\n","protected":false},"featured_media":18180,"template":"","meta":{"_acf_changed":false},"pwb-brand":[39],"product_brand":[],"product_cat":[366,376,375,331,38],"product_tag":[],"class_list":{"0":"post-13164","1":"product","2":"type-product","3":"status-publish","4":"has-post-thumbnail","6":"pwb-brand-mitutoyo","7":"product_cat-todos-los-productos","8":"product_cat-accesorios-para-bloques-patron-cuadrados","9":"product_cat-elementos-de-calibracion","10":"product_cat-instrumentos-de-medicion-y-gestion-de-datos","11":"product_cat-mitutoyo","13":"first","14":"instock","15":"taxable","16":"shipping-taxable","17":"product-type-simple"},"acf":[],"yoast_head":"<!-- This site is optimized with the Yoast SEO plugin v27.2 - https:\/\/yoast.com\/product\/yoast-seo-wordpress\/ -->\n<title>Gauge Block Accessories - Techmaster de Mexico<\/title>\n<meta name=\"robots\" content=\"index, follow, max-snippet:-1, max-image-preview:large, max-video-preview:-1\" \/>\n<link rel=\"canonical\" href=\"https:\/\/techmasterdemexico.com\/producto\/gauge-block-accessories\/\" \/>\n<meta property=\"og:locale\" content=\"en_US\" \/>\n<meta property=\"og:type\" content=\"article\" \/>\n<meta property=\"og:title\" content=\"Gauge Block Accessories - Techmaster de Mexico\" \/>\n<meta property=\"og:description\" content=\"Composici\u00f3n:   Contacto semi-esf\u00e9rico 2mm(619070)-2 pcs  Contacto semi-esf\u00e9rico 5mm(619071)-2 pcs  Contacto liso (619072)-2 pcs  Punto de centrado (619073)-1 pc  Punto de trazado(619054)-1 pc  Bloque-base (619055)-1 pc  Tornillo cabeza plana 1.1\/4&quot; (619057)-2 pcs  Tornillo cabeza plana 5\/8&quot; (619058)-2 pcs  Tuerca de cabeza moleteada (619059)-2 pcs  Barra ajustable 6&quot; (619060)-2 pcs  Barra ajustable 4.1\/2&quot; (619061)-2 pcs  Barra 3&quot; (619062)-1 pc  Barra 2.1\/4&quot; (619063)-1 pc  Barra 1.1\/2&quot; (619064)-1 pc  Tie rod 3\/4&quot; (619065)-1 pc  Bot\u00f3n (619056)-2 pcs  Tuerca de cabeza moleteada (619066)-2 pcs    pulgadas-m\u00e9trico: M\u00e9trico\" \/>\n<meta property=\"og:url\" content=\"https:\/\/techmasterdemexico.com\/producto\/gauge-block-accessories\/\" \/>\n<meta property=\"og:site_name\" content=\"Techmaster de Mexico\" \/>\n<meta property=\"article:modified_time\" content=\"2022-02-18T19:44:14+00:00\" \/>\n<meta property=\"og:image\" content=\"https:\/\/techmasterdemexico.com\/wp-content\/uploads\/2021\/12\/516-612.jpg\" \/>\n\t<meta property=\"og:image:width\" content=\"600\" \/>\n\t<meta property=\"og:image:height\" content=\"600\" \/>\n\t<meta property=\"og:image:type\" content=\"image\/jpeg\" \/>\n<meta name=\"twitter:card\" content=\"summary_large_image\" \/>\n<script type=\"application\/ld+json\" class=\"yoast-schema-graph\">{\"@context\":\"https:\/\/schema.org\",\"@graph\":[{\"@type\":\"WebPage\",\"@id\":\"https:\/\/techmasterdemexico.com\/producto\/gauge-block-accessories\/\",\"url\":\"https:\/\/techmasterdemexico.com\/producto\/gauge-block-accessories\/\",\"name\":\"Gauge Block Accessories - Techmaster de Mexico\",\"isPartOf\":{\"@id\":\"https:\/\/techmasterdemexico.com\/#website\"},\"primaryImageOfPage\":{\"@id\":\"https:\/\/techmasterdemexico.com\/producto\/gauge-block-accessories\/#primaryimage\"},\"image\":{\"@id\":\"https:\/\/techmasterdemexico.com\/producto\/gauge-block-accessories\/#primaryimage\"},\"thumbnailUrl\":\"https:\/\/techmasterdemexico.com\/wp-content\/uploads\/2021\/12\/516-612.jpg\",\"datePublished\":\"2021-12-22T00:14:38+00:00\",\"dateModified\":\"2022-02-18T19:44:14+00:00\",\"breadcrumb\":{\"@id\":\"https:\/\/techmasterdemexico.com\/producto\/gauge-block-accessories\/#breadcrumb\"},\"inLanguage\":\"en-US\",\"potentialAction\":[{\"@type\":\"ReadAction\",\"target\":[\"https:\/\/techmasterdemexico.com\/producto\/gauge-block-accessories\/\"]}]},{\"@type\":\"ImageObject\",\"inLanguage\":\"en-US\",\"@id\":\"https:\/\/techmasterdemexico.com\/producto\/gauge-block-accessories\/#primaryimage\",\"url\":\"https:\/\/techmasterdemexico.com\/wp-content\/uploads\/2021\/12\/516-612.jpg\",\"contentUrl\":\"https:\/\/techmasterdemexico.com\/wp-content\/uploads\/2021\/12\/516-612.jpg\",\"width\":600,\"height\":600},{\"@type\":\"BreadcrumbList\",\"@id\":\"https:\/\/techmasterdemexico.com\/producto\/gauge-block-accessories\/#breadcrumb\",\"itemListElement\":[{\"@type\":\"ListItem\",\"position\":1,\"name\":\"Portada\",\"item\":\"https:\/\/techmasterdemexico.com\/\"},{\"@type\":\"ListItem\",\"position\":2,\"name\":\"Gauge Block Accessories\"}]},{\"@type\":\"WebSite\",\"@id\":\"https:\/\/techmasterdemexico.com\/#website\",\"url\":\"https:\/\/techmasterdemexico.com\/\",\"name\":\"Techmaster de Mexico\",\"description\":\"\",\"potentialAction\":[{\"@type\":\"SearchAction\",\"target\":{\"@type\":\"EntryPoint\",\"urlTemplate\":\"https:\/\/techmasterdemexico.com\/?s={search_term_string}\"},\"query-input\":{\"@type\":\"PropertyValueSpecification\",\"valueRequired\":true,\"valueName\":\"search_term_string\"}}],\"inLanguage\":\"en-US\"}]}<\/script>\n<!-- \/ Yoast SEO plugin. -->","yoast_head_json":{"title":"Gauge Block Accessories - Techmaster de Mexico","robots":{"index":"index","follow":"follow","max-snippet":"max-snippet:-1","max-image-preview":"max-image-preview:large","max-video-preview":"max-video-preview:-1"},"canonical":"https:\/\/techmasterdemexico.com\/producto\/gauge-block-accessories\/","og_locale":"en_US","og_type":"article","og_title":"Gauge Block Accessories - Techmaster de Mexico","og_description":"Composici\u00f3n:   Contacto semi-esf\u00e9rico 2mm(619070)-2 pcs  Contacto semi-esf\u00e9rico 5mm(619071)-2 pcs  Contacto liso (619072)-2 pcs  Punto de centrado (619073)-1 pc  Punto de trazado(619054)-1 pc  Bloque-base (619055)-1 pc  Tornillo cabeza plana 1.1\/4\" (619057)-2 pcs  Tornillo cabeza plana 5\/8\" (619058)-2 pcs  Tuerca de cabeza moleteada (619059)-2 pcs  Barra ajustable 6\" (619060)-2 pcs  Barra ajustable 4.1\/2\" (619061)-2 pcs  Barra 3\" (619062)-1 pc  Barra 2.1\/4\" (619063)-1 pc  Barra 1.1\/2\" (619064)-1 pc  Tie rod 3\/4\" (619065)-1 pc  Bot\u00f3n (619056)-2 pcs  Tuerca de cabeza moleteada (619066)-2 pcs    pulgadas-m\u00e9trico: M\u00e9trico","og_url":"https:\/\/techmasterdemexico.com\/producto\/gauge-block-accessories\/","og_site_name":"Techmaster de Mexico","article_modified_time":"2022-02-18T19:44:14+00:00","og_image":[{"width":600,"height":600,"url":"https:\/\/techmasterdemexico.com\/wp-content\/uploads\/2021\/12\/516-612.jpg","type":"image\/jpeg"}],"twitter_card":"summary_large_image","schema":{"@context":"https:\/\/schema.org","@graph":[{"@type":"WebPage","@id":"https:\/\/techmasterdemexico.com\/producto\/gauge-block-accessories\/","url":"https:\/\/techmasterdemexico.com\/producto\/gauge-block-accessories\/","name":"Gauge Block Accessories - Techmaster de Mexico","isPartOf":{"@id":"https:\/\/techmasterdemexico.com\/#website"},"primaryImageOfPage":{"@id":"https:\/\/techmasterdemexico.com\/producto\/gauge-block-accessories\/#primaryimage"},"image":{"@id":"https:\/\/techmasterdemexico.com\/producto\/gauge-block-accessories\/#primaryimage"},"thumbnailUrl":"https:\/\/techmasterdemexico.com\/wp-content\/uploads\/2021\/12\/516-612.jpg","datePublished":"2021-12-22T00:14:38+00:00","dateModified":"2022-02-18T19:44:14+00:00","breadcrumb":{"@id":"https:\/\/techmasterdemexico.com\/producto\/gauge-block-accessories\/#breadcrumb"},"inLanguage":"en-US","potentialAction":[{"@type":"ReadAction","target":["https:\/\/techmasterdemexico.com\/producto\/gauge-block-accessories\/"]}]},{"@type":"ImageObject","inLanguage":"en-US","@id":"https:\/\/techmasterdemexico.com\/producto\/gauge-block-accessories\/#primaryimage","url":"https:\/\/techmasterdemexico.com\/wp-content\/uploads\/2021\/12\/516-612.jpg","contentUrl":"https:\/\/techmasterdemexico.com\/wp-content\/uploads\/2021\/12\/516-612.jpg","width":600,"height":600},{"@type":"BreadcrumbList","@id":"https:\/\/techmasterdemexico.com\/producto\/gauge-block-accessories\/#breadcrumb","itemListElement":[{"@type":"ListItem","position":1,"name":"Portada","item":"https:\/\/techmasterdemexico.com\/"},{"@type":"ListItem","position":2,"name":"Gauge Block Accessories"}]},{"@type":"WebSite","@id":"https:\/\/techmasterdemexico.com\/#website","url":"https:\/\/techmasterdemexico.com\/","name":"Techmaster de Mexico","description":"","potentialAction":[{"@type":"SearchAction","target":{"@type":"EntryPoint","urlTemplate":"https:\/\/techmasterdemexico.com\/?s={search_term_string}"},"query-input":{"@type":"PropertyValueSpecification","valueRequired":true,"valueName":"search_term_string"}}],"inLanguage":"en-US"}]}},"brands":[{"id":39,"name":"Mitutoyo","slug":"mitutoyo"}],"_links":{"self":[{"href":"https:\/\/techmasterdemexico.com\/en\/wp-json\/wp\/v2\/product\/13164","targetHints":{"allow":["GET"]}}],"collection":[{"href":"https:\/\/techmasterdemexico.com\/en\/wp-json\/wp\/v2\/product"}],"about":[{"href":"https:\/\/techmasterdemexico.com\/en\/wp-json\/wp\/v2\/types\/product"}],"wp:featuredmedia":[{"embeddable":true,"href":"https:\/\/techmasterdemexico.com\/en\/wp-json\/wp\/v2\/media\/18180"}],"wp:attachment":[{"href":"https:\/\/techmasterdemexico.com\/en\/wp-json\/wp\/v2\/media?parent=13164"}],"wp:term":[{"taxonomy":"pwb-brand","embeddable":true,"href":"https:\/\/techmasterdemexico.com\/en\/wp-json\/wp\/v2\/pwb-brand?post=13164"},{"taxonomy":"product_brand","embeddable":true,"href":"https:\/\/techmasterdemexico.com\/en\/wp-json\/wp\/v2\/product_brand?post=13164"},{"taxonomy":"product_cat","embeddable":true,"href":"https:\/\/techmasterdemexico.com\/en\/wp-json\/wp\/v2\/product_cat?post=13164"},{"taxonomy":"product_tag","embeddable":true,"href":"https:\/\/techmasterdemexico.com\/en\/wp-json\/wp\/v2\/product_tag?post=13164"}],"curies":[{"name":"wp","href":"https:\/\/api.w.org\/{rel}","templated":true}]}}