{"id":13142,"date":"2021-12-22T00:14:13","date_gmt":"2021-12-22T00:14:13","guid":{"rendered":"https:\/\/techmastermx.ddns.net\/producto\/bloque-patron-para-inspeccion-de-micrometros-de-acero-grado-0-10-blocks-opt-parallel-12mm-3\/"},"modified":"2022-01-12T01:08:19","modified_gmt":"2022-01-12T01:08:19","slug":"bloque-patron-para-inspeccion-de-micrometros-de-acero-grado-0-10-blocks-opt-parallel-12mm-3","status":"publish","type":"product","link":"https:\/\/techmasterdemexico.com\/en\/producto\/bloque-patron-para-inspeccion-de-micrometros-de-acero-grado-0-10-blocks-opt-parallel-12mm-3\/","title":{"rendered":"Bloque Patr\u00f3n para Inspecci\u00f3n de Micr\u00f3metros de Acero Grado 0, 10 Blocks, Opt. Parallel 12mm"},"content":{"rendered":"<p>Bloque Patr\u00f3n para Inspecci\u00f3n de Micr\u00f3metros de Acero Grado 0<br \/>\n10 Blocks, Grade 0, Steel, Opt. Parallel 12mm<br \/>\nN\u00famero de art\u00edculo: 516-978-10<\/p>\n","protected":false},"excerpt":{"rendered":"<ul>\n<li>Grado:<br \/>\n0<\/li>\n<li>Material:<br \/>\nSteel<\/li>\n<li>Type of Certificate:<br \/>\nInspection certificate<\/li>\n<li>pulgadas-m\u00e9trico:<br \/>\nM\u00e9trico<\/li>\n<li>Exactitud:<br \/>\nEN ISO 3650<\/li>\n<li>Set configuration:<br \/>\n1,00, 1,25, 1,5, 2, 3, 5, 10, 15, 20, 20, 25 mm, Optical parallel (t = 12 mm)<\/li>\n<\/ul>\n","protected":false},"featured_media":17435,"template":"","meta":{"_acf_changed":false},"pwb-brand":[39],"product_brand":[],"product_cat":[366,114,331,374,38],"product_tag":[],"class_list":{"0":"post-13142","1":"product","2":"type-product","3":"status-publish","4":"has-post-thumbnail","6":"pwb-brand-mitutoyo","7":"product_cat-todos-los-productos","8":"product_cat-bloques-patron","9":"product_cat-instrumentos-de-medicion-y-gestion-de-datos","10":"product_cat-juegos-de-bloques-patron-en-acero","11":"product_cat-mitutoyo","13":"first","14":"instock","15":"taxable","16":"shipping-taxable","17":"product-type-simple"},"acf":[],"yoast_head":"<!-- This site is optimized with the Yoast SEO plugin v27.2 - https:\/\/yoast.com\/product\/yoast-seo-wordpress\/ -->\n<title>Bloque Patr\u00f3n para Inspecci\u00f3n de Micr\u00f3metros de Acero Grado 0, 10 Blocks, Opt. Parallel 12mm - Techmaster de Mexico<\/title>\n<meta name=\"robots\" content=\"index, follow, max-snippet:-1, max-image-preview:large, max-video-preview:-1\" \/>\n<link rel=\"canonical\" href=\"https:\/\/techmasterdemexico.com\/en\/producto\/bloque-patron-para-inspeccion-de-micrometros-de-acero-grado-0-10-blocks-opt-parallel-12mm-3\/\" \/>\n<meta property=\"og:locale\" content=\"en_US\" \/>\n<meta property=\"og:type\" content=\"article\" \/>\n<meta property=\"og:title\" content=\"Bloque Patr\u00f3n para Inspecci\u00f3n de Micr\u00f3metros de Acero Grado 0, 10 Blocks, Opt. Parallel 12mm - Techmaster de Mexico\" \/>\n<meta property=\"og:description\" content=\"Grado: 0  Material: Steel  Type of Certificate: Inspection certificate  pulgadas-m\u00e9trico: M\u00e9trico  Exactitud: EN ISO 3650  Set configuration: 1,00, 1,25, 1,5, 2, 3, 5, 10, 15, 20, 20, 25 mm, Optical parallel (t = 12 mm)\" \/>\n<meta property=\"og:url\" content=\"https:\/\/techmasterdemexico.com\/en\/producto\/bloque-patron-para-inspeccion-de-micrometros-de-acero-grado-0-10-blocks-opt-parallel-12mm-3\/\" \/>\n<meta property=\"og:site_name\" content=\"Techmaster de Mexico\" \/>\n<meta property=\"article:modified_time\" content=\"2022-01-12T01:08:19+00:00\" \/>\n<meta property=\"og:image\" content=\"https:\/\/techmasterdemexico.com\/wp-content\/uploads\/2021\/12\/steel_10-block_jpg.jpg\" \/>\n\t<meta property=\"og:image:width\" content=\"600\" \/>\n\t<meta property=\"og:image:height\" content=\"600\" \/>\n\t<meta property=\"og:image:type\" content=\"image\/jpeg\" \/>\n<meta name=\"twitter:card\" content=\"summary_large_image\" \/>\n<script type=\"application\/ld+json\" class=\"yoast-schema-graph\">{\"@context\":\"https:\/\/schema.org\",\"@graph\":[{\"@type\":\"WebPage\",\"@id\":\"https:\/\/techmasterdemexico.com\/en\/producto\/bloque-patron-para-inspeccion-de-micrometros-de-acero-grado-0-10-blocks-opt-parallel-12mm-3\/\",\"url\":\"https:\/\/techmasterdemexico.com\/en\/producto\/bloque-patron-para-inspeccion-de-micrometros-de-acero-grado-0-10-blocks-opt-parallel-12mm-3\/\",\"name\":\"Bloque Patr\u00f3n para Inspecci\u00f3n de Micr\u00f3metros de Acero Grado 0, 10 Blocks, Opt. Parallel 12mm - Techmaster de Mexico\",\"isPartOf\":{\"@id\":\"https:\/\/techmasterdemexico.com\/#website\"},\"primaryImageOfPage\":{\"@id\":\"https:\/\/techmasterdemexico.com\/en\/producto\/bloque-patron-para-inspeccion-de-micrometros-de-acero-grado-0-10-blocks-opt-parallel-12mm-3\/#primaryimage\"},\"image\":{\"@id\":\"https:\/\/techmasterdemexico.com\/en\/producto\/bloque-patron-para-inspeccion-de-micrometros-de-acero-grado-0-10-blocks-opt-parallel-12mm-3\/#primaryimage\"},\"thumbnailUrl\":\"https:\/\/techmasterdemexico.com\/wp-content\/uploads\/2021\/12\/steel_10-block_jpg.jpg\",\"datePublished\":\"2021-12-22T00:14:13+00:00\",\"dateModified\":\"2022-01-12T01:08:19+00:00\",\"breadcrumb\":{\"@id\":\"https:\/\/techmasterdemexico.com\/en\/producto\/bloque-patron-para-inspeccion-de-micrometros-de-acero-grado-0-10-blocks-opt-parallel-12mm-3\/#breadcrumb\"},\"inLanguage\":\"en-US\",\"potentialAction\":[{\"@type\":\"ReadAction\",\"target\":[\"https:\/\/techmasterdemexico.com\/en\/producto\/bloque-patron-para-inspeccion-de-micrometros-de-acero-grado-0-10-blocks-opt-parallel-12mm-3\/\"]}]},{\"@type\":\"ImageObject\",\"inLanguage\":\"en-US\",\"@id\":\"https:\/\/techmasterdemexico.com\/en\/producto\/bloque-patron-para-inspeccion-de-micrometros-de-acero-grado-0-10-blocks-opt-parallel-12mm-3\/#primaryimage\",\"url\":\"https:\/\/techmasterdemexico.com\/wp-content\/uploads\/2021\/12\/steel_10-block_jpg.jpg\",\"contentUrl\":\"https:\/\/techmasterdemexico.com\/wp-content\/uploads\/2021\/12\/steel_10-block_jpg.jpg\",\"width\":600,\"height\":600},{\"@type\":\"BreadcrumbList\",\"@id\":\"https:\/\/techmasterdemexico.com\/en\/producto\/bloque-patron-para-inspeccion-de-micrometros-de-acero-grado-0-10-blocks-opt-parallel-12mm-3\/#breadcrumb\",\"itemListElement\":[{\"@type\":\"ListItem\",\"position\":1,\"name\":\"Portada\",\"item\":\"https:\/\/techmasterdemexico.com\/\"},{\"@type\":\"ListItem\",\"position\":2,\"name\":\"Bloque Patr\u00f3n para Inspecci\u00f3n de Micr\u00f3metros de Acero Grado 0, 10 Blocks, Opt. Parallel 12mm\"}]},{\"@type\":\"WebSite\",\"@id\":\"https:\/\/techmasterdemexico.com\/#website\",\"url\":\"https:\/\/techmasterdemexico.com\/\",\"name\":\"Techmaster de Mexico\",\"description\":\"\",\"potentialAction\":[{\"@type\":\"SearchAction\",\"target\":{\"@type\":\"EntryPoint\",\"urlTemplate\":\"https:\/\/techmasterdemexico.com\/?s={search_term_string}\"},\"query-input\":{\"@type\":\"PropertyValueSpecification\",\"valueRequired\":true,\"valueName\":\"search_term_string\"}}],\"inLanguage\":\"en-US\"}]}<\/script>\n<!-- \/ Yoast SEO plugin. -->","yoast_head_json":{"title":"Bloque Patr\u00f3n para Inspecci\u00f3n de Micr\u00f3metros de Acero Grado 0, 10 Blocks, Opt. Parallel 12mm - Techmaster de Mexico","robots":{"index":"index","follow":"follow","max-snippet":"max-snippet:-1","max-image-preview":"max-image-preview:large","max-video-preview":"max-video-preview:-1"},"canonical":"https:\/\/techmasterdemexico.com\/en\/producto\/bloque-patron-para-inspeccion-de-micrometros-de-acero-grado-0-10-blocks-opt-parallel-12mm-3\/","og_locale":"en_US","og_type":"article","og_title":"Bloque Patr\u00f3n para Inspecci\u00f3n de Micr\u00f3metros de Acero Grado 0, 10 Blocks, Opt. Parallel 12mm - Techmaster de Mexico","og_description":"Grado: 0  Material: Steel  Type of Certificate: Inspection certificate  pulgadas-m\u00e9trico: M\u00e9trico  Exactitud: EN ISO 3650  Set configuration: 1,00, 1,25, 1,5, 2, 3, 5, 10, 15, 20, 20, 25 mm, Optical parallel (t = 12 mm)","og_url":"https:\/\/techmasterdemexico.com\/en\/producto\/bloque-patron-para-inspeccion-de-micrometros-de-acero-grado-0-10-blocks-opt-parallel-12mm-3\/","og_site_name":"Techmaster de Mexico","article_modified_time":"2022-01-12T01:08:19+00:00","og_image":[{"width":600,"height":600,"url":"https:\/\/techmasterdemexico.com\/wp-content\/uploads\/2021\/12\/steel_10-block_jpg.jpg","type":"image\/jpeg"}],"twitter_card":"summary_large_image","schema":{"@context":"https:\/\/schema.org","@graph":[{"@type":"WebPage","@id":"https:\/\/techmasterdemexico.com\/en\/producto\/bloque-patron-para-inspeccion-de-micrometros-de-acero-grado-0-10-blocks-opt-parallel-12mm-3\/","url":"https:\/\/techmasterdemexico.com\/en\/producto\/bloque-patron-para-inspeccion-de-micrometros-de-acero-grado-0-10-blocks-opt-parallel-12mm-3\/","name":"Bloque Patr\u00f3n para Inspecci\u00f3n de Micr\u00f3metros de Acero Grado 0, 10 Blocks, Opt. Parallel 12mm - Techmaster de Mexico","isPartOf":{"@id":"https:\/\/techmasterdemexico.com\/#website"},"primaryImageOfPage":{"@id":"https:\/\/techmasterdemexico.com\/en\/producto\/bloque-patron-para-inspeccion-de-micrometros-de-acero-grado-0-10-blocks-opt-parallel-12mm-3\/#primaryimage"},"image":{"@id":"https:\/\/techmasterdemexico.com\/en\/producto\/bloque-patron-para-inspeccion-de-micrometros-de-acero-grado-0-10-blocks-opt-parallel-12mm-3\/#primaryimage"},"thumbnailUrl":"https:\/\/techmasterdemexico.com\/wp-content\/uploads\/2021\/12\/steel_10-block_jpg.jpg","datePublished":"2021-12-22T00:14:13+00:00","dateModified":"2022-01-12T01:08:19+00:00","breadcrumb":{"@id":"https:\/\/techmasterdemexico.com\/en\/producto\/bloque-patron-para-inspeccion-de-micrometros-de-acero-grado-0-10-blocks-opt-parallel-12mm-3\/#breadcrumb"},"inLanguage":"en-US","potentialAction":[{"@type":"ReadAction","target":["https:\/\/techmasterdemexico.com\/en\/producto\/bloque-patron-para-inspeccion-de-micrometros-de-acero-grado-0-10-blocks-opt-parallel-12mm-3\/"]}]},{"@type":"ImageObject","inLanguage":"en-US","@id":"https:\/\/techmasterdemexico.com\/en\/producto\/bloque-patron-para-inspeccion-de-micrometros-de-acero-grado-0-10-blocks-opt-parallel-12mm-3\/#primaryimage","url":"https:\/\/techmasterdemexico.com\/wp-content\/uploads\/2021\/12\/steel_10-block_jpg.jpg","contentUrl":"https:\/\/techmasterdemexico.com\/wp-content\/uploads\/2021\/12\/steel_10-block_jpg.jpg","width":600,"height":600},{"@type":"BreadcrumbList","@id":"https:\/\/techmasterdemexico.com\/en\/producto\/bloque-patron-para-inspeccion-de-micrometros-de-acero-grado-0-10-blocks-opt-parallel-12mm-3\/#breadcrumb","itemListElement":[{"@type":"ListItem","position":1,"name":"Portada","item":"https:\/\/techmasterdemexico.com\/"},{"@type":"ListItem","position":2,"name":"Bloque Patr\u00f3n para Inspecci\u00f3n de Micr\u00f3metros de Acero Grado 0, 10 Blocks, Opt. Parallel 12mm"}]},{"@type":"WebSite","@id":"https:\/\/techmasterdemexico.com\/#website","url":"https:\/\/techmasterdemexico.com\/","name":"Techmaster de Mexico","description":"","potentialAction":[{"@type":"SearchAction","target":{"@type":"EntryPoint","urlTemplate":"https:\/\/techmasterdemexico.com\/?s={search_term_string}"},"query-input":{"@type":"PropertyValueSpecification","valueRequired":true,"valueName":"search_term_string"}}],"inLanguage":"en-US"}]}},"brands":[{"id":39,"name":"Mitutoyo","slug":"mitutoyo"}],"_links":{"self":[{"href":"https:\/\/techmasterdemexico.com\/en\/wp-json\/wp\/v2\/product\/13142","targetHints":{"allow":["GET"]}}],"collection":[{"href":"https:\/\/techmasterdemexico.com\/en\/wp-json\/wp\/v2\/product"}],"about":[{"href":"https:\/\/techmasterdemexico.com\/en\/wp-json\/wp\/v2\/types\/product"}],"wp:featuredmedia":[{"embeddable":true,"href":"https:\/\/techmasterdemexico.com\/en\/wp-json\/wp\/v2\/media\/17435"}],"wp:attachment":[{"href":"https:\/\/techmasterdemexico.com\/en\/wp-json\/wp\/v2\/media?parent=13142"}],"wp:term":[{"taxonomy":"pwb-brand","embeddable":true,"href":"https:\/\/techmasterdemexico.com\/en\/wp-json\/wp\/v2\/pwb-brand?post=13142"},{"taxonomy":"product_brand","embeddable":true,"href":"https:\/\/techmasterdemexico.com\/en\/wp-json\/wp\/v2\/product_brand?post=13142"},{"taxonomy":"product_cat","embeddable":true,"href":"https:\/\/techmasterdemexico.com\/en\/wp-json\/wp\/v2\/product_cat?post=13142"},{"taxonomy":"product_tag","embeddable":true,"href":"https:\/\/techmasterdemexico.com\/en\/wp-json\/wp\/v2\/product_tag?post=13142"}],"curies":[{"name":"wp","href":"https:\/\/api.w.org\/{rel}","templated":true}]}}