{"id":12938,"date":"2021-12-22T00:10:11","date_gmt":"2021-12-22T00:10:11","guid":{"rendered":"https:\/\/techmastermx.ddns.net\/producto\/bloque-patron-de-ceramica-grado-k-8-blocks-grade-k-ceramic\/"},"modified":"2022-02-07T03:52:37","modified_gmt":"2022-02-07T03:52:37","slug":"bloque-patron-de-ceramica-grado-k-8-blocks-grade-k-ceramic","status":"publish","type":"product","link":"https:\/\/techmasterdemexico.com\/en\/producto\/bloque-patron-de-ceramica-grado-k-8-blocks-grade-k-ceramic\/","title":{"rendered":"Bloque patr\u00f3n de cer\u00e1mica Grado K 8 Blocks, Grade K, Ceramic"},"content":{"rendered":"<p>Bloque patr\u00f3n de cer\u00e1mica Grado K<br \/>\n8 Blocks, Grade K, Ceramic<br \/>\nN\u00famero de art\u00edculo: 516-731-60<\/p>\n","protected":false},"excerpt":{"rendered":"<div id=\"productDetailPage:accform:parametersContent\" class=\"accordion-content parameters\">\n<div id=\"product_parameters\" class=\"tab-content\">\n<table class=\"product_properties\">\n<tbody>\n<tr class=\"table-row-odd\">\n<td class=\"parameter\">\n<div class=\"product_properties_propertyName\"><span class=\"name\">Grado:<\/span><\/div>\n<\/td>\n<td class=\"value\">\n<div class=\"product_properties_propertyValue\">K<\/div>\n<\/td>\n<\/tr>\n<tr class=\"table-row-even\">\n<td class=\"parameter\">\n<div class=\"product_properties_propertyName\"><span class=\"name\">Material:<\/span><\/div>\n<\/td>\n<td class=\"value\">\n<div class=\"product_properties_propertyValue\">Ceramic<\/div>\n<\/td>\n<\/tr>\n<tr class=\"table-row-odd\">\n<td class=\"parameter\">\n<div class=\"product_properties_propertyName\"><span class=\"name\">Set configuration:<\/span><\/div>\n<\/td>\n<td class=\"value\">\n<div class=\"product_properties_propertyValue\">125-175 mm (25 mm step \/ 3 blocks)<br \/>\n200-250 mm (50 mm step \/ 2 blocks)<br \/>\n300-500 mm (100 mm step \/ 3 blocks)<\/div>\n<\/td>\n<\/tr>\n<tr class=\"table-row-even\">\n<td class=\"parameter\">\n<div class=\"product_properties_propertyName\"><span class=\"name\">Type of Certificate:<\/span><\/div>\n<\/td>\n<td class=\"value\">\n<div class=\"product_properties_propertyValue\">JCSS certificate<\/div>\n<\/td>\n<\/tr>\n<tr class=\"table-row-odd\">\n<td class=\"parameter\">\n<div class=\"product_properties_propertyName\"><span class=\"name\">Metrica-pulgadas:<\/span><\/div>\n<\/td>\n<td class=\"value\">\n<div class=\"product_properties_propertyValue\">M\u00e9trica<\/div>\n<\/td>\n<\/tr>\n<tr class=\"table-row-even\">\n<td class=\"parameter\">\n<div class=\"product_properties_propertyName\"><span class=\"name\">Accuracy:<\/span><\/div>\n<\/td>\n<td class=\"value\">\n<div class=\"product_properties_propertyValue\">EN ISO 3650<\/div>\n<\/td>\n<\/tr>\n<tr class=\"table-row-odd\">\n<td class=\"parameter\">\n<div class=\"product_properties_propertyName\"><span class=\"name\">Grade:<\/span><\/div>\n<\/td>\n<td class=\"value\">\n<div class=\"product_properties_propertyValue\">K<\/div>\n<\/td>\n<\/tr>\n<\/tbody>\n<\/table>\n<\/div>\n<\/div>\n","protected":false},"featured_media":17963,"template":"","meta":{"_acf_changed":false},"pwb-brand":[39],"product_brand":[],"product_cat":[366,114,331,373,38],"product_tag":[],"class_list":{"0":"post-12938","1":"product","2":"type-product","3":"status-publish","4":"has-post-thumbnail","6":"pwb-brand-mitutoyo","7":"product_cat-todos-los-productos","8":"product_cat-bloques-patron","9":"product_cat-instrumentos-de-medicion-y-gestion-de-datos","10":"product_cat-juegos-de-bloques-patron-de-ceramica","11":"product_cat-mitutoyo","13":"first","14":"instock","15":"taxable","16":"shipping-taxable","17":"product-type-simple"},"acf":[],"yoast_head":"<!-- This site is optimized with the Yoast SEO plugin v27.3 - https:\/\/yoast.com\/product\/yoast-seo-wordpress\/ -->\n<title>Bloque patr\u00f3n de cer\u00e1mica Grado K 8 Blocks, Grade K, Ceramic - Techmaster de Mexico<\/title>\n<meta name=\"robots\" content=\"index, follow, max-snippet:-1, max-image-preview:large, max-video-preview:-1\" \/>\n<link rel=\"canonical\" href=\"https:\/\/techmasterdemexico.com\/producto\/bloque-patron-de-ceramica-grado-k-8-blocks-grade-k-ceramic\/\" \/>\n<meta property=\"og:locale\" content=\"en_US\" \/>\n<meta property=\"og:type\" content=\"article\" \/>\n<meta property=\"og:title\" content=\"Bloque patr\u00f3n de cer\u00e1mica Grado K 8 Blocks, Grade K, Ceramic - Techmaster de Mexico\" \/>\n<meta property=\"og:description\" content=\"Grado:  K    Material:  Ceramic    Set configuration:  125-175 mm (25 mm step \/ 3 blocks) 200-250 mm (50 mm step \/ 2 blocks) 300-500 mm (100 mm step \/ 3 blocks)    Type of Certificate:  JCSS certificate    Metrica-pulgadas:  M\u00e9trica    Accuracy:  EN ISO 3650    Grade:  K\" \/>\n<meta property=\"og:url\" content=\"https:\/\/techmasterdemexico.com\/producto\/bloque-patron-de-ceramica-grado-k-8-blocks-grade-k-ceramic\/\" \/>\n<meta property=\"og:site_name\" content=\"Techmaster de Mexico\" \/>\n<meta property=\"article:modified_time\" content=\"2022-02-07T03:52:37+00:00\" \/>\n<meta property=\"og:image\" content=\"https:\/\/techmasterdemexico.com\/wp-content\/uploads\/2021\/12\/ceramic_gb_set_long_8-block_jpg.jpg\" \/>\n\t<meta property=\"og:image:width\" content=\"300\" \/>\n\t<meta property=\"og:image:height\" content=\"300\" \/>\n\t<meta property=\"og:image:type\" content=\"image\/jpeg\" \/>\n<meta name=\"twitter:card\" content=\"summary_large_image\" \/>\n<script type=\"application\/ld+json\" class=\"yoast-schema-graph\">{\"@context\":\"https:\\\/\\\/schema.org\",\"@graph\":[{\"@type\":\"WebPage\",\"@id\":\"https:\\\/\\\/techmasterdemexico.com\\\/producto\\\/bloque-patron-de-ceramica-grado-k-8-blocks-grade-k-ceramic\\\/\",\"url\":\"https:\\\/\\\/techmasterdemexico.com\\\/producto\\\/bloque-patron-de-ceramica-grado-k-8-blocks-grade-k-ceramic\\\/\",\"name\":\"Bloque patr\u00f3n de cer\u00e1mica Grado K 8 Blocks, Grade K, Ceramic - Techmaster de Mexico\",\"isPartOf\":{\"@id\":\"https:\\\/\\\/techmasterdemexico.com\\\/#website\"},\"primaryImageOfPage\":{\"@id\":\"https:\\\/\\\/techmasterdemexico.com\\\/producto\\\/bloque-patron-de-ceramica-grado-k-8-blocks-grade-k-ceramic\\\/#primaryimage\"},\"image\":{\"@id\":\"https:\\\/\\\/techmasterdemexico.com\\\/producto\\\/bloque-patron-de-ceramica-grado-k-8-blocks-grade-k-ceramic\\\/#primaryimage\"},\"thumbnailUrl\":\"https:\\\/\\\/techmasterdemexico.com\\\/wp-content\\\/uploads\\\/2021\\\/12\\\/ceramic_gb_set_long_8-block_jpg.jpg\",\"datePublished\":\"2021-12-22T00:10:11+00:00\",\"dateModified\":\"2022-02-07T03:52:37+00:00\",\"breadcrumb\":{\"@id\":\"https:\\\/\\\/techmasterdemexico.com\\\/producto\\\/bloque-patron-de-ceramica-grado-k-8-blocks-grade-k-ceramic\\\/#breadcrumb\"},\"inLanguage\":\"en-US\",\"potentialAction\":[{\"@type\":\"ReadAction\",\"target\":[\"https:\\\/\\\/techmasterdemexico.com\\\/producto\\\/bloque-patron-de-ceramica-grado-k-8-blocks-grade-k-ceramic\\\/\"]}]},{\"@type\":\"ImageObject\",\"inLanguage\":\"en-US\",\"@id\":\"https:\\\/\\\/techmasterdemexico.com\\\/producto\\\/bloque-patron-de-ceramica-grado-k-8-blocks-grade-k-ceramic\\\/#primaryimage\",\"url\":\"https:\\\/\\\/techmasterdemexico.com\\\/wp-content\\\/uploads\\\/2021\\\/12\\\/ceramic_gb_set_long_8-block_jpg.jpg\",\"contentUrl\":\"https:\\\/\\\/techmasterdemexico.com\\\/wp-content\\\/uploads\\\/2021\\\/12\\\/ceramic_gb_set_long_8-block_jpg.jpg\",\"width\":300,\"height\":300},{\"@type\":\"BreadcrumbList\",\"@id\":\"https:\\\/\\\/techmasterdemexico.com\\\/producto\\\/bloque-patron-de-ceramica-grado-k-8-blocks-grade-k-ceramic\\\/#breadcrumb\",\"itemListElement\":[{\"@type\":\"ListItem\",\"position\":1,\"name\":\"Portada\",\"item\":\"https:\\\/\\\/techmasterdemexico.com\\\/\"},{\"@type\":\"ListItem\",\"position\":2,\"name\":\"Bloque patr\u00f3n de cer\u00e1mica Grado K 8 Blocks, Grade K, Ceramic\"}]},{\"@type\":\"WebSite\",\"@id\":\"https:\\\/\\\/techmasterdemexico.com\\\/#website\",\"url\":\"https:\\\/\\\/techmasterdemexico.com\\\/\",\"name\":\"Techmaster de Mexico\",\"description\":\"\",\"potentialAction\":[{\"@type\":\"SearchAction\",\"target\":{\"@type\":\"EntryPoint\",\"urlTemplate\":\"https:\\\/\\\/techmasterdemexico.com\\\/?s={search_term_string}\"},\"query-input\":{\"@type\":\"PropertyValueSpecification\",\"valueRequired\":true,\"valueName\":\"search_term_string\"}}],\"inLanguage\":\"en-US\"}]}<\/script>\n<!-- \/ Yoast SEO plugin. -->","yoast_head_json":{"title":"Bloque patr\u00f3n de cer\u00e1mica Grado K 8 Blocks, Grade K, Ceramic - Techmaster de Mexico","robots":{"index":"index","follow":"follow","max-snippet":"max-snippet:-1","max-image-preview":"max-image-preview:large","max-video-preview":"max-video-preview:-1"},"canonical":"https:\/\/techmasterdemexico.com\/producto\/bloque-patron-de-ceramica-grado-k-8-blocks-grade-k-ceramic\/","og_locale":"en_US","og_type":"article","og_title":"Bloque patr\u00f3n de cer\u00e1mica Grado K 8 Blocks, Grade K, Ceramic - Techmaster de Mexico","og_description":"Grado:  K    Material:  Ceramic    Set configuration:  125-175 mm (25 mm step \/ 3 blocks) 200-250 mm (50 mm step \/ 2 blocks) 300-500 mm (100 mm step \/ 3 blocks)    Type of Certificate:  JCSS certificate    Metrica-pulgadas:  M\u00e9trica    Accuracy:  EN ISO 3650    Grade:  K","og_url":"https:\/\/techmasterdemexico.com\/producto\/bloque-patron-de-ceramica-grado-k-8-blocks-grade-k-ceramic\/","og_site_name":"Techmaster de Mexico","article_modified_time":"2022-02-07T03:52:37+00:00","og_image":[{"width":300,"height":300,"url":"https:\/\/techmasterdemexico.com\/wp-content\/uploads\/2021\/12\/ceramic_gb_set_long_8-block_jpg.jpg","type":"image\/jpeg"}],"twitter_card":"summary_large_image","schema":{"@context":"https:\/\/schema.org","@graph":[{"@type":"WebPage","@id":"https:\/\/techmasterdemexico.com\/producto\/bloque-patron-de-ceramica-grado-k-8-blocks-grade-k-ceramic\/","url":"https:\/\/techmasterdemexico.com\/producto\/bloque-patron-de-ceramica-grado-k-8-blocks-grade-k-ceramic\/","name":"Bloque patr\u00f3n de cer\u00e1mica Grado K 8 Blocks, Grade K, Ceramic - Techmaster de Mexico","isPartOf":{"@id":"https:\/\/techmasterdemexico.com\/#website"},"primaryImageOfPage":{"@id":"https:\/\/techmasterdemexico.com\/producto\/bloque-patron-de-ceramica-grado-k-8-blocks-grade-k-ceramic\/#primaryimage"},"image":{"@id":"https:\/\/techmasterdemexico.com\/producto\/bloque-patron-de-ceramica-grado-k-8-blocks-grade-k-ceramic\/#primaryimage"},"thumbnailUrl":"https:\/\/techmasterdemexico.com\/wp-content\/uploads\/2021\/12\/ceramic_gb_set_long_8-block_jpg.jpg","datePublished":"2021-12-22T00:10:11+00:00","dateModified":"2022-02-07T03:52:37+00:00","breadcrumb":{"@id":"https:\/\/techmasterdemexico.com\/producto\/bloque-patron-de-ceramica-grado-k-8-blocks-grade-k-ceramic\/#breadcrumb"},"inLanguage":"en-US","potentialAction":[{"@type":"ReadAction","target":["https:\/\/techmasterdemexico.com\/producto\/bloque-patron-de-ceramica-grado-k-8-blocks-grade-k-ceramic\/"]}]},{"@type":"ImageObject","inLanguage":"en-US","@id":"https:\/\/techmasterdemexico.com\/producto\/bloque-patron-de-ceramica-grado-k-8-blocks-grade-k-ceramic\/#primaryimage","url":"https:\/\/techmasterdemexico.com\/wp-content\/uploads\/2021\/12\/ceramic_gb_set_long_8-block_jpg.jpg","contentUrl":"https:\/\/techmasterdemexico.com\/wp-content\/uploads\/2021\/12\/ceramic_gb_set_long_8-block_jpg.jpg","width":300,"height":300},{"@type":"BreadcrumbList","@id":"https:\/\/techmasterdemexico.com\/producto\/bloque-patron-de-ceramica-grado-k-8-blocks-grade-k-ceramic\/#breadcrumb","itemListElement":[{"@type":"ListItem","position":1,"name":"Portada","item":"https:\/\/techmasterdemexico.com\/"},{"@type":"ListItem","position":2,"name":"Bloque patr\u00f3n de cer\u00e1mica Grado K 8 Blocks, Grade K, Ceramic"}]},{"@type":"WebSite","@id":"https:\/\/techmasterdemexico.com\/#website","url":"https:\/\/techmasterdemexico.com\/","name":"Techmaster de Mexico","description":"","potentialAction":[{"@type":"SearchAction","target":{"@type":"EntryPoint","urlTemplate":"https:\/\/techmasterdemexico.com\/?s={search_term_string}"},"query-input":{"@type":"PropertyValueSpecification","valueRequired":true,"valueName":"search_term_string"}}],"inLanguage":"en-US"}]}},"brands":[{"id":39,"name":"Mitutoyo","slug":"mitutoyo"}],"_links":{"self":[{"href":"https:\/\/techmasterdemexico.com\/en\/wp-json\/wp\/v2\/product\/12938","targetHints":{"allow":["GET"]}}],"collection":[{"href":"https:\/\/techmasterdemexico.com\/en\/wp-json\/wp\/v2\/product"}],"about":[{"href":"https:\/\/techmasterdemexico.com\/en\/wp-json\/wp\/v2\/types\/product"}],"wp:featuredmedia":[{"embeddable":true,"href":"https:\/\/techmasterdemexico.com\/en\/wp-json\/wp\/v2\/media\/17963"}],"wp:attachment":[{"href":"https:\/\/techmasterdemexico.com\/en\/wp-json\/wp\/v2\/media?parent=12938"}],"wp:term":[{"taxonomy":"pwb-brand","embeddable":true,"href":"https:\/\/techmasterdemexico.com\/en\/wp-json\/wp\/v2\/pwb-brand?post=12938"},{"taxonomy":"product_brand","embeddable":true,"href":"https:\/\/techmasterdemexico.com\/en\/wp-json\/wp\/v2\/product_brand?post=12938"},{"taxonomy":"product_cat","embeddable":true,"href":"https:\/\/techmasterdemexico.com\/en\/wp-json\/wp\/v2\/product_cat?post=12938"},{"taxonomy":"product_tag","embeddable":true,"href":"https:\/\/techmasterdemexico.com\/en\/wp-json\/wp\/v2\/product_tag?post=12938"}],"curies":[{"name":"wp","href":"https:\/\/api.w.org\/{rel}","templated":true}]}}