{"id":11644,"date":"2021-12-21T23:47:21","date_gmt":"2021-12-21T23:47:21","guid":{"rendered":"https:\/\/techmastermx.ddns.net\/producto\/bloques-patron-calibrados-con-cte-gauge-block-calibrated-cte-iso-100mm-grade-k-steel\/"},"modified":"2022-02-07T03:28:08","modified_gmt":"2022-02-07T03:28:08","slug":"bloques-patron-calibrados-con-cte-gauge-block-calibrated-cte-iso-100mm-grade-k-steel","status":"publish","type":"product","link":"https:\/\/techmasterdemexico.com\/en\/producto\/bloques-patron-calibrados-con-cte-gauge-block-calibrated-cte-iso-100mm-grade-k-steel\/","title":{"rendered":"Bloques patr\u00f3n calibrados con CTE Gauge Block, Calibrated CTE, ISO, 100mm, Grade K, Steel"},"content":{"rendered":"<p>Gauge Block, Calibrated CTE, ISO<br \/>\n100mm, Grade K, Steel<br \/>\nN\u00famero de art\u00edculo: 611681-01B<\/p>\n<p>&nbsp;<\/p>\n<p>Bloques m\u00e9tricos con CTE<\/p>\n<ul>\n<li>Mitutoyo ofrece\u00a0bloques patr\u00f3n de alto nivel (de acero y cer\u00e1mica) que son superiores a los bloques de la clase K, con calidad respaldados por las mejores tecnolog\u00edas de Mitutoyo.<\/li>\n<li>Caracter\u00edzado con un coeficiente de medici\u00f3n de expansi\u00f3n t\u00e9rmica calibradas con precisi\u00f3n y con una propiedad de dos caras de interferometr\u00eda (DFI).<\/li>\n<li>La longitud cada bloque se calibra con un sistema de interferometr\u00eda de calibrado de bloques de alta precisi\u00f3n (GBI).<\/li>\n<li>Incertidumbre del coeficiente de expension t\u00e9rmica: 0,035 x\u00a010<sup>-6\u00a0<\/sup>\/K (k=2).<\/li>\n<li>Incertidumbre sobre la medida nominal: 30 nm (k=2), para bloques de 100 mm.<\/li>\n<\/ul>\n","protected":false},"excerpt":{"rendered":"<div id=\"productDetailPage:accform:parametersContent\" class=\"accordion-content parameters\">\n<div id=\"product_parameters\" class=\"tab-content\">\n<table class=\"product_properties\">\n<tbody>\n<tr class=\"table-row-odd\">\n<td class=\"parameter\">\n<div class=\"product_properties_propertyName\"><span class=\"name\">Medida<br \/>\n[mm]:<\/span><\/div>\n<\/td>\n<td class=\"value\">\n<div class=\"product_properties_propertyValue\">100<\/div>\n<\/td>\n<\/tr>\n<tr class=\"table-row-even\">\n<td class=\"parameter\">\n<div class=\"product_properties_propertyName\"><span class=\"name\">Precisi\u00f3n:<\/span><\/div>\n<\/td>\n<td class=\"value\">\n<div class=\"product_properties_propertyValue\">EN ISO 3650, Grade K<\/div>\n<\/td>\n<\/tr>\n<tr class=\"table-row-odd\">\n<td class=\"parameter\">\n<div class=\"product_properties_propertyName\"><span class=\"name\">Grado:<\/span><\/div>\n<\/td>\n<td class=\"value\">\n<div class=\"product_properties_propertyValue\">K<\/div>\n<\/td>\n<\/tr>\n<tr class=\"table-row-even\">\n<td class=\"parameter\">\n<div class=\"product_properties_propertyName\"><span class=\"name\">Material:<\/span><\/div>\n<\/td>\n<td class=\"value\">\n<div class=\"product_properties_propertyValue\">Steel<\/div>\n<\/td>\n<\/tr>\n<tr class=\"table-row-odd\">\n<td class=\"parameter\">\n<div class=\"product_properties_propertyName\"><span class=\"name\">Type of Certificate:<\/span><\/div>\n<\/td>\n<td class=\"value\">\n<div class=\"product_properties_propertyValue\">JCSS certificate<\/div>\n<\/td>\n<\/tr>\n<tr class=\"table-row-even\">\n<td class=\"parameter\">\n<div class=\"product_properties_propertyName\"><span class=\"name\">Metrica-pulgadas:<\/span><\/div>\n<\/td>\n<td class=\"value\">\n<div class=\"product_properties_propertyValue\">M\u00e9trica<\/div>\n<\/td>\n<\/tr>\n<tr class=\"table-row-odd\">\n<td class=\"parameter\">\n<div class=\"product_properties_propertyName\"><span class=\"name\">Accuracy:<\/span><\/div>\n<\/td>\n<td class=\"value\">\n<div class=\"product_properties_propertyValue\">EN ISO 3650<\/div>\n<\/td>\n<\/tr>\n<\/tbody>\n<\/table>\n<\/div>\n<\/div>\n","protected":false},"featured_media":17957,"template":"","meta":{"_acf_changed":false},"pwb-brand":[39],"product_brand":[],"product_cat":[366,114,370,331,38],"product_tag":[],"class_list":{"0":"post-11644","1":"product","2":"type-product","3":"status-publish","4":"has-post-thumbnail","6":"pwb-brand-mitutoyo","7":"product_cat-todos-los-productos","8":"product_cat-bloques-patron","9":"product_cat-bloques-patron-especiales","10":"product_cat-instrumentos-de-medicion-y-gestion-de-datos","11":"product_cat-mitutoyo","13":"first","14":"instock","15":"taxable","16":"shipping-taxable","17":"product-type-simple"},"acf":[],"yoast_head":"<!-- This site is optimized with the Yoast SEO plugin v27.2 - https:\/\/yoast.com\/product\/yoast-seo-wordpress\/ -->\n<title>Bloques patr\u00f3n calibrados con CTE Gauge Block, Calibrated CTE, ISO, 100mm, Grade K, Steel - Techmaster de Mexico<\/title>\n<meta name=\"robots\" content=\"index, follow, max-snippet:-1, max-image-preview:large, max-video-preview:-1\" \/>\n<link rel=\"canonical\" href=\"https:\/\/techmasterdemexico.com\/producto\/bloques-patron-calibrados-con-cte-gauge-block-calibrated-cte-iso-100mm-grade-k-steel\/\" \/>\n<meta property=\"og:locale\" content=\"en_US\" \/>\n<meta property=\"og:type\" content=\"article\" \/>\n<meta property=\"og:title\" content=\"Bloques patr\u00f3n calibrados con CTE Gauge Block, Calibrated CTE, ISO, 100mm, Grade K, Steel - Techmaster de Mexico\" \/>\n<meta property=\"og:description\" content=\"Medida [mm]:  100    Precisi\u00f3n:  EN ISO 3650, Grade K    Grado:  K    Material:  Steel    Type of Certificate:  JCSS certificate    Metrica-pulgadas:  M\u00e9trica    Accuracy:  EN ISO 3650\" \/>\n<meta property=\"og:url\" content=\"https:\/\/techmasterdemexico.com\/producto\/bloques-patron-calibrados-con-cte-gauge-block-calibrated-cte-iso-100mm-grade-k-steel\/\" \/>\n<meta property=\"og:site_name\" content=\"Techmaster de Mexico\" \/>\n<meta property=\"article:modified_time\" content=\"2022-02-07T03:28:08+00:00\" \/>\n<meta property=\"og:image\" content=\"https:\/\/techmasterdemexico.com\/wp-content\/uploads\/2021\/12\/cte_gauge_block_steel_100_jpg.png\" \/>\n\t<meta property=\"og:image:width\" content=\"500\" \/>\n\t<meta property=\"og:image:height\" content=\"500\" \/>\n\t<meta property=\"og:image:type\" content=\"image\/png\" \/>\n<meta name=\"twitter:card\" content=\"summary_large_image\" \/>\n<meta name=\"twitter:label1\" content=\"Est. reading time\" \/>\n\t<meta name=\"twitter:data1\" content=\"1 minute\" \/>\n<script type=\"application\/ld+json\" class=\"yoast-schema-graph\">{\"@context\":\"https:\/\/schema.org\",\"@graph\":[{\"@type\":\"WebPage\",\"@id\":\"https:\/\/techmasterdemexico.com\/producto\/bloques-patron-calibrados-con-cte-gauge-block-calibrated-cte-iso-100mm-grade-k-steel\/\",\"url\":\"https:\/\/techmasterdemexico.com\/producto\/bloques-patron-calibrados-con-cte-gauge-block-calibrated-cte-iso-100mm-grade-k-steel\/\",\"name\":\"Bloques patr\u00f3n calibrados con CTE Gauge Block, Calibrated CTE, ISO, 100mm, Grade K, Steel - Techmaster de Mexico\",\"isPartOf\":{\"@id\":\"https:\/\/techmasterdemexico.com\/#website\"},\"primaryImageOfPage\":{\"@id\":\"https:\/\/techmasterdemexico.com\/producto\/bloques-patron-calibrados-con-cte-gauge-block-calibrated-cte-iso-100mm-grade-k-steel\/#primaryimage\"},\"image\":{\"@id\":\"https:\/\/techmasterdemexico.com\/producto\/bloques-patron-calibrados-con-cte-gauge-block-calibrated-cte-iso-100mm-grade-k-steel\/#primaryimage\"},\"thumbnailUrl\":\"https:\/\/techmasterdemexico.com\/wp-content\/uploads\/2021\/12\/cte_gauge_block_steel_100_jpg.png\",\"datePublished\":\"2021-12-21T23:47:21+00:00\",\"dateModified\":\"2022-02-07T03:28:08+00:00\",\"breadcrumb\":{\"@id\":\"https:\/\/techmasterdemexico.com\/producto\/bloques-patron-calibrados-con-cte-gauge-block-calibrated-cte-iso-100mm-grade-k-steel\/#breadcrumb\"},\"inLanguage\":\"en-US\",\"potentialAction\":[{\"@type\":\"ReadAction\",\"target\":[\"https:\/\/techmasterdemexico.com\/producto\/bloques-patron-calibrados-con-cte-gauge-block-calibrated-cte-iso-100mm-grade-k-steel\/\"]}]},{\"@type\":\"ImageObject\",\"inLanguage\":\"en-US\",\"@id\":\"https:\/\/techmasterdemexico.com\/producto\/bloques-patron-calibrados-con-cte-gauge-block-calibrated-cte-iso-100mm-grade-k-steel\/#primaryimage\",\"url\":\"https:\/\/techmasterdemexico.com\/wp-content\/uploads\/2021\/12\/cte_gauge_block_steel_100_jpg.png\",\"contentUrl\":\"https:\/\/techmasterdemexico.com\/wp-content\/uploads\/2021\/12\/cte_gauge_block_steel_100_jpg.png\",\"width\":500,\"height\":500},{\"@type\":\"BreadcrumbList\",\"@id\":\"https:\/\/techmasterdemexico.com\/producto\/bloques-patron-calibrados-con-cte-gauge-block-calibrated-cte-iso-100mm-grade-k-steel\/#breadcrumb\",\"itemListElement\":[{\"@type\":\"ListItem\",\"position\":1,\"name\":\"Portada\",\"item\":\"https:\/\/techmasterdemexico.com\/\"},{\"@type\":\"ListItem\",\"position\":2,\"name\":\"Bloques patr\u00f3n calibrados con CTE Gauge Block, Calibrated CTE, ISO, 100mm, Grade K, Steel\"}]},{\"@type\":\"WebSite\",\"@id\":\"https:\/\/techmasterdemexico.com\/#website\",\"url\":\"https:\/\/techmasterdemexico.com\/\",\"name\":\"Techmaster de Mexico\",\"description\":\"\",\"potentialAction\":[{\"@type\":\"SearchAction\",\"target\":{\"@type\":\"EntryPoint\",\"urlTemplate\":\"https:\/\/techmasterdemexico.com\/?s={search_term_string}\"},\"query-input\":{\"@type\":\"PropertyValueSpecification\",\"valueRequired\":true,\"valueName\":\"search_term_string\"}}],\"inLanguage\":\"en-US\"}]}<\/script>\n<!-- \/ Yoast SEO plugin. -->","yoast_head_json":{"title":"Bloques patr\u00f3n calibrados con CTE Gauge Block, Calibrated CTE, ISO, 100mm, Grade K, Steel - Techmaster de Mexico","robots":{"index":"index","follow":"follow","max-snippet":"max-snippet:-1","max-image-preview":"max-image-preview:large","max-video-preview":"max-video-preview:-1"},"canonical":"https:\/\/techmasterdemexico.com\/producto\/bloques-patron-calibrados-con-cte-gauge-block-calibrated-cte-iso-100mm-grade-k-steel\/","og_locale":"en_US","og_type":"article","og_title":"Bloques patr\u00f3n calibrados con CTE Gauge Block, Calibrated CTE, ISO, 100mm, Grade K, Steel - Techmaster de Mexico","og_description":"Medida [mm]:  100    Precisi\u00f3n:  EN ISO 3650, Grade K    Grado:  K    Material:  Steel    Type of Certificate:  JCSS certificate    Metrica-pulgadas:  M\u00e9trica    Accuracy:  EN ISO 3650","og_url":"https:\/\/techmasterdemexico.com\/producto\/bloques-patron-calibrados-con-cte-gauge-block-calibrated-cte-iso-100mm-grade-k-steel\/","og_site_name":"Techmaster de Mexico","article_modified_time":"2022-02-07T03:28:08+00:00","og_image":[{"width":500,"height":500,"url":"https:\/\/techmasterdemexico.com\/wp-content\/uploads\/2021\/12\/cte_gauge_block_steel_100_jpg.png","type":"image\/png"}],"twitter_card":"summary_large_image","twitter_misc":{"Est. reading time":"1 minute"},"schema":{"@context":"https:\/\/schema.org","@graph":[{"@type":"WebPage","@id":"https:\/\/techmasterdemexico.com\/producto\/bloques-patron-calibrados-con-cte-gauge-block-calibrated-cte-iso-100mm-grade-k-steel\/","url":"https:\/\/techmasterdemexico.com\/producto\/bloques-patron-calibrados-con-cte-gauge-block-calibrated-cte-iso-100mm-grade-k-steel\/","name":"Bloques patr\u00f3n calibrados con CTE Gauge Block, Calibrated CTE, ISO, 100mm, Grade K, Steel - Techmaster de Mexico","isPartOf":{"@id":"https:\/\/techmasterdemexico.com\/#website"},"primaryImageOfPage":{"@id":"https:\/\/techmasterdemexico.com\/producto\/bloques-patron-calibrados-con-cte-gauge-block-calibrated-cte-iso-100mm-grade-k-steel\/#primaryimage"},"image":{"@id":"https:\/\/techmasterdemexico.com\/producto\/bloques-patron-calibrados-con-cte-gauge-block-calibrated-cte-iso-100mm-grade-k-steel\/#primaryimage"},"thumbnailUrl":"https:\/\/techmasterdemexico.com\/wp-content\/uploads\/2021\/12\/cte_gauge_block_steel_100_jpg.png","datePublished":"2021-12-21T23:47:21+00:00","dateModified":"2022-02-07T03:28:08+00:00","breadcrumb":{"@id":"https:\/\/techmasterdemexico.com\/producto\/bloques-patron-calibrados-con-cte-gauge-block-calibrated-cte-iso-100mm-grade-k-steel\/#breadcrumb"},"inLanguage":"en-US","potentialAction":[{"@type":"ReadAction","target":["https:\/\/techmasterdemexico.com\/producto\/bloques-patron-calibrados-con-cte-gauge-block-calibrated-cte-iso-100mm-grade-k-steel\/"]}]},{"@type":"ImageObject","inLanguage":"en-US","@id":"https:\/\/techmasterdemexico.com\/producto\/bloques-patron-calibrados-con-cte-gauge-block-calibrated-cte-iso-100mm-grade-k-steel\/#primaryimage","url":"https:\/\/techmasterdemexico.com\/wp-content\/uploads\/2021\/12\/cte_gauge_block_steel_100_jpg.png","contentUrl":"https:\/\/techmasterdemexico.com\/wp-content\/uploads\/2021\/12\/cte_gauge_block_steel_100_jpg.png","width":500,"height":500},{"@type":"BreadcrumbList","@id":"https:\/\/techmasterdemexico.com\/producto\/bloques-patron-calibrados-con-cte-gauge-block-calibrated-cte-iso-100mm-grade-k-steel\/#breadcrumb","itemListElement":[{"@type":"ListItem","position":1,"name":"Portada","item":"https:\/\/techmasterdemexico.com\/"},{"@type":"ListItem","position":2,"name":"Bloques patr\u00f3n calibrados con CTE Gauge Block, Calibrated CTE, ISO, 100mm, Grade K, Steel"}]},{"@type":"WebSite","@id":"https:\/\/techmasterdemexico.com\/#website","url":"https:\/\/techmasterdemexico.com\/","name":"Techmaster de Mexico","description":"","potentialAction":[{"@type":"SearchAction","target":{"@type":"EntryPoint","urlTemplate":"https:\/\/techmasterdemexico.com\/?s={search_term_string}"},"query-input":{"@type":"PropertyValueSpecification","valueRequired":true,"valueName":"search_term_string"}}],"inLanguage":"en-US"}]}},"brands":[{"id":39,"name":"Mitutoyo","slug":"mitutoyo"}],"_links":{"self":[{"href":"https:\/\/techmasterdemexico.com\/en\/wp-json\/wp\/v2\/product\/11644","targetHints":{"allow":["GET"]}}],"collection":[{"href":"https:\/\/techmasterdemexico.com\/en\/wp-json\/wp\/v2\/product"}],"about":[{"href":"https:\/\/techmasterdemexico.com\/en\/wp-json\/wp\/v2\/types\/product"}],"wp:featuredmedia":[{"embeddable":true,"href":"https:\/\/techmasterdemexico.com\/en\/wp-json\/wp\/v2\/media\/17957"}],"wp:attachment":[{"href":"https:\/\/techmasterdemexico.com\/en\/wp-json\/wp\/v2\/media?parent=11644"}],"wp:term":[{"taxonomy":"pwb-brand","embeddable":true,"href":"https:\/\/techmasterdemexico.com\/en\/wp-json\/wp\/v2\/pwb-brand?post=11644"},{"taxonomy":"product_brand","embeddable":true,"href":"https:\/\/techmasterdemexico.com\/en\/wp-json\/wp\/v2\/product_brand?post=11644"},{"taxonomy":"product_cat","embeddable":true,"href":"https:\/\/techmasterdemexico.com\/en\/wp-json\/wp\/v2\/product_cat?post=11644"},{"taxonomy":"product_tag","embeddable":true,"href":"https:\/\/techmasterdemexico.com\/en\/wp-json\/wp\/v2\/product_tag?post=11644"}],"curies":[{"name":"wp","href":"https:\/\/api.w.org\/{rel}","templated":true}]}}