{"id":11643,"date":"2021-12-21T23:47:21","date_gmt":"2021-12-21T23:47:21","guid":{"rendered":"https:\/\/techmastermx.ddns.net\/producto\/cerastone-para-bloques-patron-100x25x12mm\/"},"modified":"2022-02-06T03:19:37","modified_gmt":"2022-02-06T03:19:37","slug":"cerastone-para-bloques-patron-100x25x12mm","status":"publish","type":"product","link":"https:\/\/techmasterdemexico.com\/en\/producto\/cerastone-para-bloques-patron-100x25x12mm\/","title":{"rendered":"Cerastone para Bloques patr\u00f3n 100x25x12mm"},"content":{"rendered":"<p>Cerastone para Bloques patr\u00f3n<br \/>\n100x25x12mm<br \/>\nN\u00famero de art\u00edculo: 601645<\/p>\n<p>&nbsp;<\/p>\n<ul>\n<li>Piedra abrasiva Alumina-ceramic para el rebabado en materiales duros como en la cer\u00e1mica donde las piedras ordinarias no pueden actuar.<\/li>\n<li>\u00a0Pueden emplearse para los bloques patr\u00f3n de acero y cer\u00e1mica.<\/li>\n<\/ul>\n<p>Rebabado<br \/>\n(1) Elimine el polvo y el aceite que pudiera haber tanto en el bloque patr\u00f3n como en la Ceraston (o piedra Arkansas) mediante disolvente.<br \/>\n(2) Coloque el bloque patr\u00f3n sobre la piedra abrasiva Ceraston de forma que la zona a pulir quede contra la cara abrasiva de la piedra. Presione ligeramente y mueva en dos direcciones aprox. diez veces (Fig. 1). Empl\u00e9e un bloque de goma para el retoque de bloques patr\u00f3n finos ejerciendo una ligera presi\u00f3n (Fig. 2).<br \/>\n(3) Examine la planitud del bloque con un v\u00eddrio plano-paralelo. Si las imperfecciones no hubieran desaparecido, repita el paso (2). Si el defecto es demasiado grande, pueden no poder ser corregidas mediante una piedra abrasiva.<br \/>\nEn tal caso, rechace el bloque patr\u00f3n.<\/p>\n","protected":false},"excerpt":{"rendered":"<table class=\"product_properties\">\n<tbody>\n<tr class=\"table-row-odd\">\n<td class=\"parameter\">\n<div class=\"product_properties_propertyName\"><span class=\"name\">Dimensiones (AnchoxAltoxLargo):<\/span><\/div>\n<\/td>\n<td class=\"value\">\n<div class=\"product_properties_propertyValue\">100 x 25 x 12 mm<\/div>\n<\/td>\n<\/tr>\n<tr class=\"table-row-even\">\n<td class=\"parameter\">\n<div class=\"product_properties_propertyName\"><span class=\"name\">Peso:<\/span><\/div>\n<\/td>\n<td class=\"value\">\n<div class=\"product_properties_propertyValue\">110<span class=\"shortName\">\u00a0g<\/span><\/div>\n<\/td>\n<\/tr>\n<\/tbody>\n<\/table>\n","protected":false},"featured_media":17802,"template":"","meta":{"_acf_changed":false},"pwb-brand":[39],"product_brand":[],"product_cat":[366,114,331,38,369],"product_tag":[],"class_list":{"0":"post-11643","1":"product","2":"type-product","3":"status-publish","4":"has-post-thumbnail","6":"pwb-brand-mitutoyo","7":"product_cat-todos-los-productos","8":"product_cat-bloques-patron","9":"product_cat-instrumentos-de-medicion-y-gestion-de-datos","10":"product_cat-mitutoyo","11":"product_cat-piedras-de-mantenimiento-ceraston","13":"first","14":"instock","15":"taxable","16":"shipping-taxable","17":"product-type-simple"},"acf":[],"yoast_head":"<!-- This site is optimized with the Yoast SEO plugin v27.2 - https:\/\/yoast.com\/product\/yoast-seo-wordpress\/ -->\n<title>Cerastone para Bloques patr\u00f3n 100x25x12mm - Techmaster de Mexico<\/title>\n<meta name=\"robots\" content=\"index, follow, max-snippet:-1, max-image-preview:large, max-video-preview:-1\" \/>\n<link rel=\"canonical\" href=\"https:\/\/techmasterdemexico.com\/producto\/cerastone-para-bloques-patron-100x25x12mm\/\" \/>\n<meta property=\"og:locale\" content=\"en_US\" \/>\n<meta property=\"og:type\" content=\"article\" \/>\n<meta property=\"og:title\" content=\"Cerastone para Bloques patr\u00f3n 100x25x12mm - Techmaster de Mexico\" \/>\n<meta property=\"og:description\" content=\"Dimensiones (AnchoxAltoxLargo):  100 x 25 x 12 mm    Peso:  110\u00a0g\" \/>\n<meta property=\"og:url\" content=\"https:\/\/techmasterdemexico.com\/producto\/cerastone-para-bloques-patron-100x25x12mm\/\" \/>\n<meta property=\"og:site_name\" content=\"Techmaster de Mexico\" \/>\n<meta property=\"article:modified_time\" content=\"2022-02-06T03:19:37+00:00\" \/>\n<meta property=\"og:image\" content=\"https:\/\/techmasterdemexico.com\/wp-content\/uploads\/2021\/12\/601645_jpg.png\" \/>\n\t<meta property=\"og:image:width\" content=\"399\" \/>\n\t<meta property=\"og:image:height\" content=\"399\" \/>\n\t<meta property=\"og:image:type\" content=\"image\/png\" \/>\n<meta name=\"twitter:card\" content=\"summary_large_image\" \/>\n<meta name=\"twitter:label1\" content=\"Est. reading time\" \/>\n\t<meta name=\"twitter:data1\" content=\"1 minute\" \/>\n<script type=\"application\/ld+json\" class=\"yoast-schema-graph\">{\"@context\":\"https:\/\/schema.org\",\"@graph\":[{\"@type\":\"WebPage\",\"@id\":\"https:\/\/techmasterdemexico.com\/producto\/cerastone-para-bloques-patron-100x25x12mm\/\",\"url\":\"https:\/\/techmasterdemexico.com\/producto\/cerastone-para-bloques-patron-100x25x12mm\/\",\"name\":\"Cerastone para Bloques patr\u00f3n 100x25x12mm - Techmaster de Mexico\",\"isPartOf\":{\"@id\":\"https:\/\/techmasterdemexico.com\/#website\"},\"primaryImageOfPage\":{\"@id\":\"https:\/\/techmasterdemexico.com\/producto\/cerastone-para-bloques-patron-100x25x12mm\/#primaryimage\"},\"image\":{\"@id\":\"https:\/\/techmasterdemexico.com\/producto\/cerastone-para-bloques-patron-100x25x12mm\/#primaryimage\"},\"thumbnailUrl\":\"https:\/\/techmasterdemexico.com\/wp-content\/uploads\/2021\/12\/601645_jpg.png\",\"datePublished\":\"2021-12-21T23:47:21+00:00\",\"dateModified\":\"2022-02-06T03:19:37+00:00\",\"breadcrumb\":{\"@id\":\"https:\/\/techmasterdemexico.com\/producto\/cerastone-para-bloques-patron-100x25x12mm\/#breadcrumb\"},\"inLanguage\":\"en-US\",\"potentialAction\":[{\"@type\":\"ReadAction\",\"target\":[\"https:\/\/techmasterdemexico.com\/producto\/cerastone-para-bloques-patron-100x25x12mm\/\"]}]},{\"@type\":\"ImageObject\",\"inLanguage\":\"en-US\",\"@id\":\"https:\/\/techmasterdemexico.com\/producto\/cerastone-para-bloques-patron-100x25x12mm\/#primaryimage\",\"url\":\"https:\/\/techmasterdemexico.com\/wp-content\/uploads\/2021\/12\/601645_jpg.png\",\"contentUrl\":\"https:\/\/techmasterdemexico.com\/wp-content\/uploads\/2021\/12\/601645_jpg.png\",\"width\":399,\"height\":399},{\"@type\":\"BreadcrumbList\",\"@id\":\"https:\/\/techmasterdemexico.com\/producto\/cerastone-para-bloques-patron-100x25x12mm\/#breadcrumb\",\"itemListElement\":[{\"@type\":\"ListItem\",\"position\":1,\"name\":\"Portada\",\"item\":\"https:\/\/techmasterdemexico.com\/\"},{\"@type\":\"ListItem\",\"position\":2,\"name\":\"Cerastone para Bloques patr\u00f3n 100x25x12mm\"}]},{\"@type\":\"WebSite\",\"@id\":\"https:\/\/techmasterdemexico.com\/#website\",\"url\":\"https:\/\/techmasterdemexico.com\/\",\"name\":\"Techmaster de Mexico\",\"description\":\"\",\"potentialAction\":[{\"@type\":\"SearchAction\",\"target\":{\"@type\":\"EntryPoint\",\"urlTemplate\":\"https:\/\/techmasterdemexico.com\/?s={search_term_string}\"},\"query-input\":{\"@type\":\"PropertyValueSpecification\",\"valueRequired\":true,\"valueName\":\"search_term_string\"}}],\"inLanguage\":\"en-US\"}]}<\/script>\n<!-- \/ Yoast SEO plugin. -->","yoast_head_json":{"title":"Cerastone para Bloques patr\u00f3n 100x25x12mm - Techmaster de Mexico","robots":{"index":"index","follow":"follow","max-snippet":"max-snippet:-1","max-image-preview":"max-image-preview:large","max-video-preview":"max-video-preview:-1"},"canonical":"https:\/\/techmasterdemexico.com\/producto\/cerastone-para-bloques-patron-100x25x12mm\/","og_locale":"en_US","og_type":"article","og_title":"Cerastone para Bloques patr\u00f3n 100x25x12mm - Techmaster de Mexico","og_description":"Dimensiones (AnchoxAltoxLargo):  100 x 25 x 12 mm    Peso:  110\u00a0g","og_url":"https:\/\/techmasterdemexico.com\/producto\/cerastone-para-bloques-patron-100x25x12mm\/","og_site_name":"Techmaster de Mexico","article_modified_time":"2022-02-06T03:19:37+00:00","og_image":[{"width":399,"height":399,"url":"https:\/\/techmasterdemexico.com\/wp-content\/uploads\/2021\/12\/601645_jpg.png","type":"image\/png"}],"twitter_card":"summary_large_image","twitter_misc":{"Est. reading time":"1 minute"},"schema":{"@context":"https:\/\/schema.org","@graph":[{"@type":"WebPage","@id":"https:\/\/techmasterdemexico.com\/producto\/cerastone-para-bloques-patron-100x25x12mm\/","url":"https:\/\/techmasterdemexico.com\/producto\/cerastone-para-bloques-patron-100x25x12mm\/","name":"Cerastone para Bloques patr\u00f3n 100x25x12mm - Techmaster de Mexico","isPartOf":{"@id":"https:\/\/techmasterdemexico.com\/#website"},"primaryImageOfPage":{"@id":"https:\/\/techmasterdemexico.com\/producto\/cerastone-para-bloques-patron-100x25x12mm\/#primaryimage"},"image":{"@id":"https:\/\/techmasterdemexico.com\/producto\/cerastone-para-bloques-patron-100x25x12mm\/#primaryimage"},"thumbnailUrl":"https:\/\/techmasterdemexico.com\/wp-content\/uploads\/2021\/12\/601645_jpg.png","datePublished":"2021-12-21T23:47:21+00:00","dateModified":"2022-02-06T03:19:37+00:00","breadcrumb":{"@id":"https:\/\/techmasterdemexico.com\/producto\/cerastone-para-bloques-patron-100x25x12mm\/#breadcrumb"},"inLanguage":"en-US","potentialAction":[{"@type":"ReadAction","target":["https:\/\/techmasterdemexico.com\/producto\/cerastone-para-bloques-patron-100x25x12mm\/"]}]},{"@type":"ImageObject","inLanguage":"en-US","@id":"https:\/\/techmasterdemexico.com\/producto\/cerastone-para-bloques-patron-100x25x12mm\/#primaryimage","url":"https:\/\/techmasterdemexico.com\/wp-content\/uploads\/2021\/12\/601645_jpg.png","contentUrl":"https:\/\/techmasterdemexico.com\/wp-content\/uploads\/2021\/12\/601645_jpg.png","width":399,"height":399},{"@type":"BreadcrumbList","@id":"https:\/\/techmasterdemexico.com\/producto\/cerastone-para-bloques-patron-100x25x12mm\/#breadcrumb","itemListElement":[{"@type":"ListItem","position":1,"name":"Portada","item":"https:\/\/techmasterdemexico.com\/"},{"@type":"ListItem","position":2,"name":"Cerastone para Bloques patr\u00f3n 100x25x12mm"}]},{"@type":"WebSite","@id":"https:\/\/techmasterdemexico.com\/#website","url":"https:\/\/techmasterdemexico.com\/","name":"Techmaster de Mexico","description":"","potentialAction":[{"@type":"SearchAction","target":{"@type":"EntryPoint","urlTemplate":"https:\/\/techmasterdemexico.com\/?s={search_term_string}"},"query-input":{"@type":"PropertyValueSpecification","valueRequired":true,"valueName":"search_term_string"}}],"inLanguage":"en-US"}]}},"brands":[{"id":39,"name":"Mitutoyo","slug":"mitutoyo"}],"_links":{"self":[{"href":"https:\/\/techmasterdemexico.com\/en\/wp-json\/wp\/v2\/product\/11643","targetHints":{"allow":["GET"]}}],"collection":[{"href":"https:\/\/techmasterdemexico.com\/en\/wp-json\/wp\/v2\/product"}],"about":[{"href":"https:\/\/techmasterdemexico.com\/en\/wp-json\/wp\/v2\/types\/product"}],"wp:featuredmedia":[{"embeddable":true,"href":"https:\/\/techmasterdemexico.com\/en\/wp-json\/wp\/v2\/media\/17802"}],"wp:attachment":[{"href":"https:\/\/techmasterdemexico.com\/en\/wp-json\/wp\/v2\/media?parent=11643"}],"wp:term":[{"taxonomy":"pwb-brand","embeddable":true,"href":"https:\/\/techmasterdemexico.com\/en\/wp-json\/wp\/v2\/pwb-brand?post=11643"},{"taxonomy":"product_brand","embeddable":true,"href":"https:\/\/techmasterdemexico.com\/en\/wp-json\/wp\/v2\/product_brand?post=11643"},{"taxonomy":"product_cat","embeddable":true,"href":"https:\/\/techmasterdemexico.com\/en\/wp-json\/wp\/v2\/product_cat?post=11643"},{"taxonomy":"product_tag","embeddable":true,"href":"https:\/\/techmasterdemexico.com\/en\/wp-json\/wp\/v2\/product_tag?post=11643"}],"curies":[{"name":"wp","href":"https:\/\/api.w.org\/{rel}","templated":true}]}}