{"id":11641,"date":"2021-12-21T23:47:19","date_gmt":"2021-12-21T23:47:19","guid":{"rendered":"https:\/\/techmastermx.ddns.net\/producto\/juego-de-mantenimiento\/"},"modified":"2022-02-07T03:32:54","modified_gmt":"2022-02-07T03:32:54","slug":"juego-de-mantenimiento","status":"publish","type":"product","link":"https:\/\/techmasterdemexico.com\/en\/producto\/juego-de-mantenimiento\/","title":{"rendered":"Juego de mantenimiento"},"content":{"rendered":"<p>Juego de mantenimiento<br \/>\nN\u00famero de art\u00edculo: 516-650E<\/p>\n<p>&nbsp;<\/p>\n<ul>\n<li>Incluye todas las herramientas de mantenimiento necesarias para el cuidado diario y el almacenamiento de bloques patr\u00f3n.<\/li>\n<li>Se suministra en un estuche de madera para uso port\u00e1til.<\/li>\n<\/ul>\n","protected":false},"excerpt":{"rendered":"<table class=\"product_properties\">\n<tbody>\n<tr class=\"table-row-odd\">\n<td class=\"parameter\">\n<div class=\"product_properties_propertyName\"><span class=\"name\">Tools and accessories included:<\/span><\/div>\n<\/td>\n<td class=\"value\">\n<div class=\"product_properties_propertyValue\">\n<p>Ceraston (<strong>601645<\/strong>): Usado para la eliminaci\u00f3n de rebabas en la superficie de medici\u00f3n.<br \/>\nPinzas (<strong>600004<\/strong>): Se utiliza para el manejo de bloques de calibre fino.<br \/>\nCepillo soplador (<strong>600005<\/strong>): Se utiliza para quitar el polvo de la superficie de medici\u00f3n.<br \/>\nPapel de limpieza (<strong>600006<\/strong>): Se utiliza para limpiar el aceite y la contaminaci\u00f3n de \u00f3xido.<br \/>\nGamuza\u00a0de cuero artificial (<strong>600007<\/strong>): Se utiliza como una alfombra de bloques patr\u00f3n.<br \/>\nBotella de reactivo (<strong>600008<\/strong>): Botella de soluci\u00f3n limpiadora (100 ml).<br \/>\nGuantes (<strong>600009D<\/strong>)<\/p>\n<\/div>\n<\/td>\n<\/tr>\n<\/tbody>\n<\/table>\n","protected":false},"featured_media":17960,"template":"","meta":{"_acf_changed":false},"pwb-brand":[39],"product_brand":[],"product_cat":[366,114,331,368,38],"product_tag":[],"class_list":{"0":"post-11641","1":"product","2":"type-product","3":"status-publish","4":"has-post-thumbnail","6":"pwb-brand-mitutoyo","7":"product_cat-todos-los-productos","8":"product_cat-bloques-patron","9":"product_cat-instrumentos-de-medicion-y-gestion-de-datos","10":"product_cat-juegos-de-mantenimiento","11":"product_cat-mitutoyo","13":"first","14":"instock","15":"taxable","16":"shipping-taxable","17":"product-type-simple"},"acf":[],"yoast_head":"<!-- This site is optimized with the Yoast SEO plugin v27.2 - https:\/\/yoast.com\/product\/yoast-seo-wordpress\/ -->\n<title>Juego de mantenimiento - Techmaster de Mexico<\/title>\n<meta name=\"robots\" content=\"index, follow, max-snippet:-1, max-image-preview:large, max-video-preview:-1\" \/>\n<link rel=\"canonical\" href=\"https:\/\/techmasterdemexico.com\/producto\/juego-de-mantenimiento\/\" \/>\n<meta property=\"og:locale\" content=\"en_US\" \/>\n<meta property=\"og:type\" content=\"article\" \/>\n<meta property=\"og:title\" content=\"Juego de mantenimiento - Techmaster de Mexico\" \/>\n<meta property=\"og:description\" content=\"Tools and accessories included:    Ceraston (601645): Usado para la eliminaci\u00f3n de rebabas en la superficie de medici\u00f3n. Pinzas (600004): Se utiliza para el manejo de bloques de calibre fino. Cepillo soplador (600005): Se utiliza para quitar el polvo de la superficie de medici\u00f3n. Papel de limpieza (600006): Se utiliza para limpiar el aceite y la contaminaci\u00f3n de \u00f3xido. Gamuza\u00a0de cuero artificial (600007): Se utiliza como una alfombra de bloques patr\u00f3n. Botella de reactivo (600008): Botella de soluci\u00f3n limpiadora (100 ml). Guantes (600009D)\" \/>\n<meta property=\"og:url\" content=\"https:\/\/techmasterdemexico.com\/producto\/juego-de-mantenimiento\/\" \/>\n<meta property=\"og:site_name\" content=\"Techmaster de Mexico\" \/>\n<meta property=\"article:modified_time\" content=\"2022-02-07T03:32:54+00:00\" \/>\n<meta property=\"og:image\" content=\"https:\/\/techmasterdemexico.com\/wp-content\/uploads\/2021\/12\/516-650_z_jpg.png\" \/>\n\t<meta property=\"og:image:width\" content=\"792\" \/>\n\t<meta property=\"og:image:height\" content=\"792\" \/>\n\t<meta property=\"og:image:type\" content=\"image\/png\" \/>\n<meta name=\"twitter:card\" content=\"summary_large_image\" \/>\n<script type=\"application\/ld+json\" class=\"yoast-schema-graph\">{\"@context\":\"https:\/\/schema.org\",\"@graph\":[{\"@type\":\"WebPage\",\"@id\":\"https:\/\/techmasterdemexico.com\/producto\/juego-de-mantenimiento\/\",\"url\":\"https:\/\/techmasterdemexico.com\/producto\/juego-de-mantenimiento\/\",\"name\":\"Juego de mantenimiento - Techmaster de Mexico\",\"isPartOf\":{\"@id\":\"https:\/\/techmasterdemexico.com\/#website\"},\"primaryImageOfPage\":{\"@id\":\"https:\/\/techmasterdemexico.com\/producto\/juego-de-mantenimiento\/#primaryimage\"},\"image\":{\"@id\":\"https:\/\/techmasterdemexico.com\/producto\/juego-de-mantenimiento\/#primaryimage\"},\"thumbnailUrl\":\"https:\/\/techmasterdemexico.com\/wp-content\/uploads\/2021\/12\/516-650_z_jpg.png\",\"datePublished\":\"2021-12-21T23:47:19+00:00\",\"dateModified\":\"2022-02-07T03:32:54+00:00\",\"breadcrumb\":{\"@id\":\"https:\/\/techmasterdemexico.com\/producto\/juego-de-mantenimiento\/#breadcrumb\"},\"inLanguage\":\"en-US\",\"potentialAction\":[{\"@type\":\"ReadAction\",\"target\":[\"https:\/\/techmasterdemexico.com\/producto\/juego-de-mantenimiento\/\"]}]},{\"@type\":\"ImageObject\",\"inLanguage\":\"en-US\",\"@id\":\"https:\/\/techmasterdemexico.com\/producto\/juego-de-mantenimiento\/#primaryimage\",\"url\":\"https:\/\/techmasterdemexico.com\/wp-content\/uploads\/2021\/12\/516-650_z_jpg.png\",\"contentUrl\":\"https:\/\/techmasterdemexico.com\/wp-content\/uploads\/2021\/12\/516-650_z_jpg.png\",\"width\":792,\"height\":792},{\"@type\":\"BreadcrumbList\",\"@id\":\"https:\/\/techmasterdemexico.com\/producto\/juego-de-mantenimiento\/#breadcrumb\",\"itemListElement\":[{\"@type\":\"ListItem\",\"position\":1,\"name\":\"Portada\",\"item\":\"https:\/\/techmasterdemexico.com\/\"},{\"@type\":\"ListItem\",\"position\":2,\"name\":\"Juego de mantenimiento\"}]},{\"@type\":\"WebSite\",\"@id\":\"https:\/\/techmasterdemexico.com\/#website\",\"url\":\"https:\/\/techmasterdemexico.com\/\",\"name\":\"Techmaster de Mexico\",\"description\":\"\",\"potentialAction\":[{\"@type\":\"SearchAction\",\"target\":{\"@type\":\"EntryPoint\",\"urlTemplate\":\"https:\/\/techmasterdemexico.com\/?s={search_term_string}\"},\"query-input\":{\"@type\":\"PropertyValueSpecification\",\"valueRequired\":true,\"valueName\":\"search_term_string\"}}],\"inLanguage\":\"en-US\"}]}<\/script>\n<!-- \/ Yoast SEO plugin. -->","yoast_head_json":{"title":"Juego de mantenimiento - Techmaster de Mexico","robots":{"index":"index","follow":"follow","max-snippet":"max-snippet:-1","max-image-preview":"max-image-preview:large","max-video-preview":"max-video-preview:-1"},"canonical":"https:\/\/techmasterdemexico.com\/producto\/juego-de-mantenimiento\/","og_locale":"en_US","og_type":"article","og_title":"Juego de mantenimiento - Techmaster de Mexico","og_description":"Tools and accessories included:    Ceraston (601645): Usado para la eliminaci\u00f3n de rebabas en la superficie de medici\u00f3n. Pinzas (600004): Se utiliza para el manejo de bloques de calibre fino. Cepillo soplador (600005): Se utiliza para quitar el polvo de la superficie de medici\u00f3n. Papel de limpieza (600006): Se utiliza para limpiar el aceite y la contaminaci\u00f3n de \u00f3xido. Gamuza\u00a0de cuero artificial (600007): Se utiliza como una alfombra de bloques patr\u00f3n. Botella de reactivo (600008): Botella de soluci\u00f3n limpiadora (100 ml). Guantes (600009D)","og_url":"https:\/\/techmasterdemexico.com\/producto\/juego-de-mantenimiento\/","og_site_name":"Techmaster de Mexico","article_modified_time":"2022-02-07T03:32:54+00:00","og_image":[{"width":792,"height":792,"url":"https:\/\/techmasterdemexico.com\/wp-content\/uploads\/2021\/12\/516-650_z_jpg.png","type":"image\/png"}],"twitter_card":"summary_large_image","schema":{"@context":"https:\/\/schema.org","@graph":[{"@type":"WebPage","@id":"https:\/\/techmasterdemexico.com\/producto\/juego-de-mantenimiento\/","url":"https:\/\/techmasterdemexico.com\/producto\/juego-de-mantenimiento\/","name":"Juego de mantenimiento - Techmaster de Mexico","isPartOf":{"@id":"https:\/\/techmasterdemexico.com\/#website"},"primaryImageOfPage":{"@id":"https:\/\/techmasterdemexico.com\/producto\/juego-de-mantenimiento\/#primaryimage"},"image":{"@id":"https:\/\/techmasterdemexico.com\/producto\/juego-de-mantenimiento\/#primaryimage"},"thumbnailUrl":"https:\/\/techmasterdemexico.com\/wp-content\/uploads\/2021\/12\/516-650_z_jpg.png","datePublished":"2021-12-21T23:47:19+00:00","dateModified":"2022-02-07T03:32:54+00:00","breadcrumb":{"@id":"https:\/\/techmasterdemexico.com\/producto\/juego-de-mantenimiento\/#breadcrumb"},"inLanguage":"en-US","potentialAction":[{"@type":"ReadAction","target":["https:\/\/techmasterdemexico.com\/producto\/juego-de-mantenimiento\/"]}]},{"@type":"ImageObject","inLanguage":"en-US","@id":"https:\/\/techmasterdemexico.com\/producto\/juego-de-mantenimiento\/#primaryimage","url":"https:\/\/techmasterdemexico.com\/wp-content\/uploads\/2021\/12\/516-650_z_jpg.png","contentUrl":"https:\/\/techmasterdemexico.com\/wp-content\/uploads\/2021\/12\/516-650_z_jpg.png","width":792,"height":792},{"@type":"BreadcrumbList","@id":"https:\/\/techmasterdemexico.com\/producto\/juego-de-mantenimiento\/#breadcrumb","itemListElement":[{"@type":"ListItem","position":1,"name":"Portada","item":"https:\/\/techmasterdemexico.com\/"},{"@type":"ListItem","position":2,"name":"Juego de mantenimiento"}]},{"@type":"WebSite","@id":"https:\/\/techmasterdemexico.com\/#website","url":"https:\/\/techmasterdemexico.com\/","name":"Techmaster de Mexico","description":"","potentialAction":[{"@type":"SearchAction","target":{"@type":"EntryPoint","urlTemplate":"https:\/\/techmasterdemexico.com\/?s={search_term_string}"},"query-input":{"@type":"PropertyValueSpecification","valueRequired":true,"valueName":"search_term_string"}}],"inLanguage":"en-US"}]}},"brands":[{"id":39,"name":"Mitutoyo","slug":"mitutoyo"}],"_links":{"self":[{"href":"https:\/\/techmasterdemexico.com\/en\/wp-json\/wp\/v2\/product\/11641","targetHints":{"allow":["GET"]}}],"collection":[{"href":"https:\/\/techmasterdemexico.com\/en\/wp-json\/wp\/v2\/product"}],"about":[{"href":"https:\/\/techmasterdemexico.com\/en\/wp-json\/wp\/v2\/types\/product"}],"wp:featuredmedia":[{"embeddable":true,"href":"https:\/\/techmasterdemexico.com\/en\/wp-json\/wp\/v2\/media\/17960"}],"wp:attachment":[{"href":"https:\/\/techmasterdemexico.com\/en\/wp-json\/wp\/v2\/media?parent=11641"}],"wp:term":[{"taxonomy":"pwb-brand","embeddable":true,"href":"https:\/\/techmasterdemexico.com\/en\/wp-json\/wp\/v2\/pwb-brand?post=11641"},{"taxonomy":"product_brand","embeddable":true,"href":"https:\/\/techmasterdemexico.com\/en\/wp-json\/wp\/v2\/product_brand?post=11641"},{"taxonomy":"product_cat","embeddable":true,"href":"https:\/\/techmasterdemexico.com\/en\/wp-json\/wp\/v2\/product_cat?post=11641"},{"taxonomy":"product_tag","embeddable":true,"href":"https:\/\/techmasterdemexico.com\/en\/wp-json\/wp\/v2\/product_tag?post=11641"}],"curies":[{"name":"wp","href":"https:\/\/api.w.org\/{rel}","templated":true}]}}