{"id":11590,"date":"2021-12-09T18:25:19","date_gmt":"2021-12-09T18:25:19","guid":{"rendered":"https:\/\/techmastermx.ddns.net\/?post_type=product&#038;p=11590"},"modified":"2022-05-12T04:14:44","modified_gmt":"2022-05-12T04:14:44","slug":"soporte-para-qv-302-qvst-3c-qv-302","status":"publish","type":"product","link":"https:\/\/techmasterdemexico.com\/en\/producto\/soporte-para-qv-302-qvst-3c-qv-302\/","title":{"rendered":"Soporte para QV-302 QVST-3C (QV 302)"},"content":{"rendered":"<p>Soporte para QV-302<br \/>\nQVST-3C (QV 302)<br \/>\nN\u00famero de art\u00edculo: 02ATN332<\/p>\n<p>&nbsp;<\/p>\n<p>Funci\u00f3n Tracking Auto Focus TTL (a trav\u00e9s de lente)*<\/p>\n<p>&nbsp;<\/p>\n<p>Para Quick Vision-APEX, Quick Vision-HYPER, Quick Vision-STREAM PLUS, Quick Vision-ULTRA.<\/p>\n<p>&nbsp;<\/p>\n<p>La unidad Tracking Auto Focus (TAF) permite la medici\u00f3n estable y de alta velocidad en el eje Z, gracias al m\u00e9todo de doble sensor adoptado en el sistema de detecci\u00f3n. La funci\u00f3n TAF analiza la ondulaci\u00f3n y la deformaci\u00f3n de la pieza en direcci\u00f3n Z y mejora el rendimiento en comparaci\u00f3n con el modo normal de medici\u00f3n.<\/p>\n<p>&nbsp;<\/p>\n<p>Cuando se emplea el TAF en los modelos Quick Vision Stream Plus, es posible la medici\u00f3n inninterrupida.<\/p>\n","protected":false},"excerpt":{"rendered":"<p>Soporte para QV-302 QVST-3C (QV 302) N\u00famero de art\u00edculo: 02ATN332 &nbsp; Funci\u00f3n Tracking Auto Focus TTL (a trav\u00e9s de lente)* &nbsp; Para Quick Vision-APEX, Quick Vision-HYPER, Quick Vision-STREAM PLUS, Quick Vision-ULTRA. &nbsp; La unidad Tracking Auto Focus (TAF) permite la medici\u00f3n estable y de alta velocidad en el eje Z, gracias al m\u00e9todo de doble [&hellip;]<\/p>\n","protected":false},"featured_media":11591,"template":"","meta":{"_acf_changed":false},"pwb-brand":[39],"product_brand":[],"product_cat":[366,38,348,356],"product_tag":[],"class_list":{"0":"post-11590","1":"product","2":"type-product","3":"status-publish","4":"has-post-thumbnail","6":"pwb-brand-mitutoyo","7":"product_cat-todos-los-productos","8":"product_cat-mitutoyo","9":"product_cat-sistemas-de-medicion-por-vision","10":"product_cat-software-para-sistemas-quick-vision","12":"first","13":"instock","14":"taxable","15":"shipping-taxable","16":"product-type-simple"},"acf":[],"yoast_head":"<!-- This site is optimized with the Yoast SEO plugin v27.4 - https:\/\/yoast.com\/product\/yoast-seo-wordpress\/ -->\n<title>Soporte para QV-302 QVST-3C (QV 302) - Techmaster de Mexico<\/title>\n<meta name=\"robots\" content=\"index, follow, max-snippet:-1, max-image-preview:large, max-video-preview:-1\" \/>\n<link rel=\"canonical\" href=\"https:\/\/techmasterdemexico.com\/producto\/soporte-para-qv-302-qvst-3c-qv-302\/\" \/>\n<meta property=\"og:locale\" content=\"en_US\" \/>\n<meta property=\"og:type\" content=\"article\" \/>\n<meta property=\"og:title\" content=\"Soporte para QV-302 QVST-3C (QV 302) - Techmaster de Mexico\" \/>\n<meta property=\"og:description\" content=\"Soporte para QV-302 QVST-3C (QV 302) N\u00famero de art\u00edculo: 02ATN332 &nbsp; Funci\u00f3n Tracking Auto Focus TTL (a trav\u00e9s de lente)* &nbsp; Para Quick Vision-APEX, Quick Vision-HYPER, Quick Vision-STREAM PLUS, Quick Vision-ULTRA. &nbsp; La unidad Tracking Auto Focus (TAF) permite la medici\u00f3n estable y de alta velocidad en el eje Z, gracias al m\u00e9todo de doble [&hellip;]\" \/>\n<meta property=\"og:url\" content=\"https:\/\/techmasterdemexico.com\/producto\/soporte-para-qv-302-qvst-3c-qv-302\/\" \/>\n<meta property=\"og:site_name\" content=\"Techmaster de Mexico\" \/>\n<meta property=\"article:modified_time\" content=\"2022-05-12T04:14:44+00:00\" \/>\n<meta property=\"og:image\" content=\"https:\/\/techmasterdemexico.com\/wp-content\/uploads\/2021\/12\/qv_filter_a_eps-1.png\" \/>\n\t<meta property=\"og:image:width\" content=\"500\" \/>\n\t<meta property=\"og:image:height\" content=\"500\" \/>\n\t<meta property=\"og:image:type\" content=\"image\/png\" \/>\n<meta name=\"twitter:card\" content=\"summary_large_image\" \/>\n<meta name=\"twitter:label1\" content=\"Est. reading time\" \/>\n\t<meta name=\"twitter:data1\" content=\"1 minute\" \/>\n<script type=\"application\/ld+json\" class=\"yoast-schema-graph\">{\"@context\":\"https:\\\/\\\/schema.org\",\"@graph\":[{\"@type\":\"WebPage\",\"@id\":\"https:\\\/\\\/techmasterdemexico.com\\\/producto\\\/soporte-para-qv-302-qvst-3c-qv-302\\\/\",\"url\":\"https:\\\/\\\/techmasterdemexico.com\\\/producto\\\/soporte-para-qv-302-qvst-3c-qv-302\\\/\",\"name\":\"Soporte para QV-302 QVST-3C (QV 302) - Techmaster de Mexico\",\"isPartOf\":{\"@id\":\"https:\\\/\\\/techmasterdemexico.com\\\/#website\"},\"primaryImageOfPage\":{\"@id\":\"https:\\\/\\\/techmasterdemexico.com\\\/producto\\\/soporte-para-qv-302-qvst-3c-qv-302\\\/#primaryimage\"},\"image\":{\"@id\":\"https:\\\/\\\/techmasterdemexico.com\\\/producto\\\/soporte-para-qv-302-qvst-3c-qv-302\\\/#primaryimage\"},\"thumbnailUrl\":\"https:\\\/\\\/techmasterdemexico.com\\\/wp-content\\\/uploads\\\/2021\\\/12\\\/qv_filter_a_eps-1.png\",\"datePublished\":\"2021-12-09T18:25:19+00:00\",\"dateModified\":\"2022-05-12T04:14:44+00:00\",\"breadcrumb\":{\"@id\":\"https:\\\/\\\/techmasterdemexico.com\\\/producto\\\/soporte-para-qv-302-qvst-3c-qv-302\\\/#breadcrumb\"},\"inLanguage\":\"en-US\",\"potentialAction\":[{\"@type\":\"ReadAction\",\"target\":[\"https:\\\/\\\/techmasterdemexico.com\\\/producto\\\/soporte-para-qv-302-qvst-3c-qv-302\\\/\"]}]},{\"@type\":\"ImageObject\",\"inLanguage\":\"en-US\",\"@id\":\"https:\\\/\\\/techmasterdemexico.com\\\/producto\\\/soporte-para-qv-302-qvst-3c-qv-302\\\/#primaryimage\",\"url\":\"https:\\\/\\\/techmasterdemexico.com\\\/wp-content\\\/uploads\\\/2021\\\/12\\\/qv_filter_a_eps-1.png\",\"contentUrl\":\"https:\\\/\\\/techmasterdemexico.com\\\/wp-content\\\/uploads\\\/2021\\\/12\\\/qv_filter_a_eps-1.png\",\"width\":500,\"height\":500},{\"@type\":\"BreadcrumbList\",\"@id\":\"https:\\\/\\\/techmasterdemexico.com\\\/producto\\\/soporte-para-qv-302-qvst-3c-qv-302\\\/#breadcrumb\",\"itemListElement\":[{\"@type\":\"ListItem\",\"position\":1,\"name\":\"Portada\",\"item\":\"https:\\\/\\\/techmasterdemexico.com\\\/\"},{\"@type\":\"ListItem\",\"position\":2,\"name\":\"Soporte para QV-302 QVST-3C (QV 302)\"}]},{\"@type\":\"WebSite\",\"@id\":\"https:\\\/\\\/techmasterdemexico.com\\\/#website\",\"url\":\"https:\\\/\\\/techmasterdemexico.com\\\/\",\"name\":\"Techmaster de Mexico\",\"description\":\"\",\"potentialAction\":[{\"@type\":\"SearchAction\",\"target\":{\"@type\":\"EntryPoint\",\"urlTemplate\":\"https:\\\/\\\/techmasterdemexico.com\\\/?s={search_term_string}\"},\"query-input\":{\"@type\":\"PropertyValueSpecification\",\"valueRequired\":true,\"valueName\":\"search_term_string\"}}],\"inLanguage\":\"en-US\"}]}<\/script>\n<!-- \/ Yoast SEO plugin. -->","yoast_head_json":{"title":"Soporte para QV-302 QVST-3C (QV 302) - Techmaster de Mexico","robots":{"index":"index","follow":"follow","max-snippet":"max-snippet:-1","max-image-preview":"max-image-preview:large","max-video-preview":"max-video-preview:-1"},"canonical":"https:\/\/techmasterdemexico.com\/producto\/soporte-para-qv-302-qvst-3c-qv-302\/","og_locale":"en_US","og_type":"article","og_title":"Soporte para QV-302 QVST-3C (QV 302) - Techmaster de Mexico","og_description":"Soporte para QV-302 QVST-3C (QV 302) N\u00famero de art\u00edculo: 02ATN332 &nbsp; Funci\u00f3n Tracking Auto Focus TTL (a trav\u00e9s de lente)* &nbsp; Para Quick Vision-APEX, Quick Vision-HYPER, Quick Vision-STREAM PLUS, Quick Vision-ULTRA. &nbsp; La unidad Tracking Auto Focus (TAF) permite la medici\u00f3n estable y de alta velocidad en el eje Z, gracias al m\u00e9todo de doble [&hellip;]","og_url":"https:\/\/techmasterdemexico.com\/producto\/soporte-para-qv-302-qvst-3c-qv-302\/","og_site_name":"Techmaster de Mexico","article_modified_time":"2022-05-12T04:14:44+00:00","og_image":[{"width":500,"height":500,"url":"https:\/\/techmasterdemexico.com\/wp-content\/uploads\/2021\/12\/qv_filter_a_eps-1.png","type":"image\/png"}],"twitter_card":"summary_large_image","twitter_misc":{"Est. reading time":"1 minute"},"schema":{"@context":"https:\/\/schema.org","@graph":[{"@type":"WebPage","@id":"https:\/\/techmasterdemexico.com\/producto\/soporte-para-qv-302-qvst-3c-qv-302\/","url":"https:\/\/techmasterdemexico.com\/producto\/soporte-para-qv-302-qvst-3c-qv-302\/","name":"Soporte para QV-302 QVST-3C (QV 302) - Techmaster de Mexico","isPartOf":{"@id":"https:\/\/techmasterdemexico.com\/#website"},"primaryImageOfPage":{"@id":"https:\/\/techmasterdemexico.com\/producto\/soporte-para-qv-302-qvst-3c-qv-302\/#primaryimage"},"image":{"@id":"https:\/\/techmasterdemexico.com\/producto\/soporte-para-qv-302-qvst-3c-qv-302\/#primaryimage"},"thumbnailUrl":"https:\/\/techmasterdemexico.com\/wp-content\/uploads\/2021\/12\/qv_filter_a_eps-1.png","datePublished":"2021-12-09T18:25:19+00:00","dateModified":"2022-05-12T04:14:44+00:00","breadcrumb":{"@id":"https:\/\/techmasterdemexico.com\/producto\/soporte-para-qv-302-qvst-3c-qv-302\/#breadcrumb"},"inLanguage":"en-US","potentialAction":[{"@type":"ReadAction","target":["https:\/\/techmasterdemexico.com\/producto\/soporte-para-qv-302-qvst-3c-qv-302\/"]}]},{"@type":"ImageObject","inLanguage":"en-US","@id":"https:\/\/techmasterdemexico.com\/producto\/soporte-para-qv-302-qvst-3c-qv-302\/#primaryimage","url":"https:\/\/techmasterdemexico.com\/wp-content\/uploads\/2021\/12\/qv_filter_a_eps-1.png","contentUrl":"https:\/\/techmasterdemexico.com\/wp-content\/uploads\/2021\/12\/qv_filter_a_eps-1.png","width":500,"height":500},{"@type":"BreadcrumbList","@id":"https:\/\/techmasterdemexico.com\/producto\/soporte-para-qv-302-qvst-3c-qv-302\/#breadcrumb","itemListElement":[{"@type":"ListItem","position":1,"name":"Portada","item":"https:\/\/techmasterdemexico.com\/"},{"@type":"ListItem","position":2,"name":"Soporte para QV-302 QVST-3C (QV 302)"}]},{"@type":"WebSite","@id":"https:\/\/techmasterdemexico.com\/#website","url":"https:\/\/techmasterdemexico.com\/","name":"Techmaster de Mexico","description":"","potentialAction":[{"@type":"SearchAction","target":{"@type":"EntryPoint","urlTemplate":"https:\/\/techmasterdemexico.com\/?s={search_term_string}"},"query-input":{"@type":"PropertyValueSpecification","valueRequired":true,"valueName":"search_term_string"}}],"inLanguage":"en-US"}]}},"brands":[{"id":39,"name":"Mitutoyo","slug":"mitutoyo"}],"_links":{"self":[{"href":"https:\/\/techmasterdemexico.com\/en\/wp-json\/wp\/v2\/product\/11590","targetHints":{"allow":["GET"]}}],"collection":[{"href":"https:\/\/techmasterdemexico.com\/en\/wp-json\/wp\/v2\/product"}],"about":[{"href":"https:\/\/techmasterdemexico.com\/en\/wp-json\/wp\/v2\/types\/product"}],"wp:featuredmedia":[{"embeddable":true,"href":"https:\/\/techmasterdemexico.com\/en\/wp-json\/wp\/v2\/media\/11591"}],"wp:attachment":[{"href":"https:\/\/techmasterdemexico.com\/en\/wp-json\/wp\/v2\/media?parent=11590"}],"wp:term":[{"taxonomy":"pwb-brand","embeddable":true,"href":"https:\/\/techmasterdemexico.com\/en\/wp-json\/wp\/v2\/pwb-brand?post=11590"},{"taxonomy":"product_brand","embeddable":true,"href":"https:\/\/techmasterdemexico.com\/en\/wp-json\/wp\/v2\/product_brand?post=11590"},{"taxonomy":"product_cat","embeddable":true,"href":"https:\/\/techmasterdemexico.com\/en\/wp-json\/wp\/v2\/product_cat?post=11590"},{"taxonomy":"product_tag","embeddable":true,"href":"https:\/\/techmasterdemexico.com\/en\/wp-json\/wp\/v2\/product_tag?post=11590"}],"curies":[{"name":"wp","href":"https:\/\/api.w.org\/{rel}","templated":true}]}}