{"id":11586,"date":"2021-12-09T17:57:10","date_gmt":"2021-12-09T17:57:10","guid":{"rendered":"https:\/\/techmastermx.ddns.net\/?post_type=product&#038;p=11586"},"modified":"2022-05-12T04:14:46","modified_gmt":"2022-05-12T04:14:46","slug":"quick-scope-qs-l2010z-afc-manual-vmm","status":"publish","type":"product","link":"https:\/\/techmasterdemexico.com\/en\/producto\/quick-scope-qs-l2010z-afc-manual-vmm\/","title":{"rendered":"Quick Scope QS-L2010Z\/AFC Manual VMM"},"content":{"rendered":"<p>Quick Scope QS-L2010Z\/AFC<br \/>\nManual VMM<br \/>\nN\u00famero de art\u00edculo: 359-713-10<\/p>\n<p>&nbsp;<\/p>\n<p>Este sistema de medici\u00f3n por visi\u00f3n manual es un excelente equipo de observaci\u00f3n de superficies en una amplia variedad de piezas de trabajo.<\/p>\n<p>&nbsp;<\/p>\n<p>Quick Scope le ofrece los siguientes beneficios:<\/p>\n<ul>\n<li>Resoluci\u00f3n de 0,1 \u03bcm e intervalo del eje Z de 150 mm.<\/li>\n<li>El zoom motorizado le permite cambiar de aumento de forma r\u00e1pida y sencilla.<\/li>\n<li>Capacidad de iluminaci\u00f3n fina que le permite adaptarse a los requisitos de su pieza de trabajo.<\/li>\n<li>Un sistema de liberaci\u00f3n r\u00e1pida en la platina, para que pueda cambiar instant\u00e1neamente entre movimiento libre y fino.<\/li>\n<li>Funci\u00f3n de navegaci\u00f3n r\u00e1pida que le permite repetir las mediciones r\u00e1pidamente.<\/li>\n<li>El eje Z motorizado permite un enfoque autom\u00e1tico, r\u00e1pido y exacto.<\/li>\n<\/ul>\n","protected":false},"excerpt":{"rendered":"<ul>\n<li>Tipo de sensor:<br \/>\nColor CMOS<br \/>\n3 Megapixeles<\/li>\n<li>Ampliaci\u00f3n<br \/>\n(sistema \u00f3ptico):<br \/>\n0,75X -&gt; 5,25X con el objetivo 1,5x<\/li>\n<li>Medici\u00f3n eje Z:<br \/>\nMotorizado con AF<\/li>\n<li>Max. Capacidad de carga:<br \/>\n10<br \/>\nkg<\/li>\n<li>Funciones:<br \/>\nModelos QS-L Z\/AFC<\/li>\n<\/ul>\n","protected":false},"featured_media":11587,"template":"","meta":{"_acf_changed":false},"pwb-brand":[39],"product_brand":[],"product_cat":[366,38,355,348],"product_tag":[],"class_list":{"0":"post-11586","1":"product","2":"type-product","3":"status-publish","4":"has-post-thumbnail","6":"pwb-brand-mitutoyo","7":"product_cat-todos-los-productos","8":"product_cat-mitutoyo","9":"product_cat-sistema-manual-de-medicion-por-vision-3d-quick-scope","10":"product_cat-sistemas-de-medicion-por-vision","12":"first","13":"instock","14":"taxable","15":"shipping-taxable","16":"product-type-simple"},"acf":[],"yoast_head":"<!-- This site is optimized with the Yoast SEO plugin v27.4 - https:\/\/yoast.com\/product\/yoast-seo-wordpress\/ -->\n<title>Quick Scope QS-L2010Z\/AFC Manual VMM - Techmaster de Mexico<\/title>\n<meta name=\"robots\" content=\"index, follow, max-snippet:-1, max-image-preview:large, max-video-preview:-1\" \/>\n<link rel=\"canonical\" href=\"https:\/\/techmasterdemexico.com\/producto\/quick-scope-qs-l2010z-afc-manual-vmm\/\" \/>\n<meta property=\"og:locale\" content=\"en_US\" \/>\n<meta property=\"og:type\" content=\"article\" \/>\n<meta property=\"og:title\" content=\"Quick Scope QS-L2010Z\/AFC Manual VMM - Techmaster de Mexico\" \/>\n<meta property=\"og:description\" content=\"Tipo de sensor: Color CMOS 3 Megapixeles  Ampliaci\u00f3n (sistema \u00f3ptico): 0,75X -&gt; 5,25X con el objetivo 1,5x  Medici\u00f3n eje Z: Motorizado con AF  Max. Capacidad de carga: 10 kg  Funciones: Modelos QS-L Z\/AFC\" \/>\n<meta property=\"og:url\" content=\"https:\/\/techmasterdemexico.com\/producto\/quick-scope-qs-l2010z-afc-manual-vmm\/\" \/>\n<meta property=\"og:site_name\" content=\"Techmaster de Mexico\" \/>\n<meta property=\"article:modified_time\" content=\"2022-05-12T04:14:46+00:00\" \/>\n<meta property=\"og:image\" content=\"https:\/\/techmasterdemexico.com\/wp-content\/uploads\/2021\/12\/qs_l_z2_jpg.png\" \/>\n\t<meta property=\"og:image:width\" content=\"1000\" \/>\n\t<meta property=\"og:image:height\" content=\"1000\" \/>\n\t<meta property=\"og:image:type\" content=\"image\/png\" \/>\n<meta name=\"twitter:card\" content=\"summary_large_image\" \/>\n<meta name=\"twitter:label1\" content=\"Est. reading time\" \/>\n\t<meta name=\"twitter:data1\" content=\"1 minute\" \/>\n<script type=\"application\/ld+json\" class=\"yoast-schema-graph\">{\"@context\":\"https:\\\/\\\/schema.org\",\"@graph\":[{\"@type\":\"WebPage\",\"@id\":\"https:\\\/\\\/techmasterdemexico.com\\\/producto\\\/quick-scope-qs-l2010z-afc-manual-vmm\\\/\",\"url\":\"https:\\\/\\\/techmasterdemexico.com\\\/producto\\\/quick-scope-qs-l2010z-afc-manual-vmm\\\/\",\"name\":\"Quick Scope QS-L2010Z\\\/AFC Manual VMM - Techmaster de Mexico\",\"isPartOf\":{\"@id\":\"https:\\\/\\\/techmasterdemexico.com\\\/#website\"},\"primaryImageOfPage\":{\"@id\":\"https:\\\/\\\/techmasterdemexico.com\\\/producto\\\/quick-scope-qs-l2010z-afc-manual-vmm\\\/#primaryimage\"},\"image\":{\"@id\":\"https:\\\/\\\/techmasterdemexico.com\\\/producto\\\/quick-scope-qs-l2010z-afc-manual-vmm\\\/#primaryimage\"},\"thumbnailUrl\":\"https:\\\/\\\/techmasterdemexico.com\\\/wp-content\\\/uploads\\\/2021\\\/12\\\/qs_l_z2_jpg.png\",\"datePublished\":\"2021-12-09T17:57:10+00:00\",\"dateModified\":\"2022-05-12T04:14:46+00:00\",\"breadcrumb\":{\"@id\":\"https:\\\/\\\/techmasterdemexico.com\\\/producto\\\/quick-scope-qs-l2010z-afc-manual-vmm\\\/#breadcrumb\"},\"inLanguage\":\"en-US\",\"potentialAction\":[{\"@type\":\"ReadAction\",\"target\":[\"https:\\\/\\\/techmasterdemexico.com\\\/producto\\\/quick-scope-qs-l2010z-afc-manual-vmm\\\/\"]}]},{\"@type\":\"ImageObject\",\"inLanguage\":\"en-US\",\"@id\":\"https:\\\/\\\/techmasterdemexico.com\\\/producto\\\/quick-scope-qs-l2010z-afc-manual-vmm\\\/#primaryimage\",\"url\":\"https:\\\/\\\/techmasterdemexico.com\\\/wp-content\\\/uploads\\\/2021\\\/12\\\/qs_l_z2_jpg.png\",\"contentUrl\":\"https:\\\/\\\/techmasterdemexico.com\\\/wp-content\\\/uploads\\\/2021\\\/12\\\/qs_l_z2_jpg.png\",\"width\":1000,\"height\":1000},{\"@type\":\"BreadcrumbList\",\"@id\":\"https:\\\/\\\/techmasterdemexico.com\\\/producto\\\/quick-scope-qs-l2010z-afc-manual-vmm\\\/#breadcrumb\",\"itemListElement\":[{\"@type\":\"ListItem\",\"position\":1,\"name\":\"Portada\",\"item\":\"https:\\\/\\\/techmasterdemexico.com\\\/\"},{\"@type\":\"ListItem\",\"position\":2,\"name\":\"Quick Scope QS-L2010Z\\\/AFC Manual VMM\"}]},{\"@type\":\"WebSite\",\"@id\":\"https:\\\/\\\/techmasterdemexico.com\\\/#website\",\"url\":\"https:\\\/\\\/techmasterdemexico.com\\\/\",\"name\":\"Techmaster de Mexico\",\"description\":\"\",\"potentialAction\":[{\"@type\":\"SearchAction\",\"target\":{\"@type\":\"EntryPoint\",\"urlTemplate\":\"https:\\\/\\\/techmasterdemexico.com\\\/?s={search_term_string}\"},\"query-input\":{\"@type\":\"PropertyValueSpecification\",\"valueRequired\":true,\"valueName\":\"search_term_string\"}}],\"inLanguage\":\"en-US\"}]}<\/script>\n<!-- \/ Yoast SEO plugin. -->","yoast_head_json":{"title":"Quick Scope QS-L2010Z\/AFC Manual VMM - Techmaster de Mexico","robots":{"index":"index","follow":"follow","max-snippet":"max-snippet:-1","max-image-preview":"max-image-preview:large","max-video-preview":"max-video-preview:-1"},"canonical":"https:\/\/techmasterdemexico.com\/producto\/quick-scope-qs-l2010z-afc-manual-vmm\/","og_locale":"en_US","og_type":"article","og_title":"Quick Scope QS-L2010Z\/AFC Manual VMM - Techmaster de Mexico","og_description":"Tipo de sensor: Color CMOS 3 Megapixeles  Ampliaci\u00f3n (sistema \u00f3ptico): 0,75X -&gt; 5,25X con el objetivo 1,5x  Medici\u00f3n eje Z: Motorizado con AF  Max. Capacidad de carga: 10 kg  Funciones: Modelos QS-L Z\/AFC","og_url":"https:\/\/techmasterdemexico.com\/producto\/quick-scope-qs-l2010z-afc-manual-vmm\/","og_site_name":"Techmaster de Mexico","article_modified_time":"2022-05-12T04:14:46+00:00","og_image":[{"width":1000,"height":1000,"url":"https:\/\/techmasterdemexico.com\/wp-content\/uploads\/2021\/12\/qs_l_z2_jpg.png","type":"image\/png"}],"twitter_card":"summary_large_image","twitter_misc":{"Est. reading time":"1 minute"},"schema":{"@context":"https:\/\/schema.org","@graph":[{"@type":"WebPage","@id":"https:\/\/techmasterdemexico.com\/producto\/quick-scope-qs-l2010z-afc-manual-vmm\/","url":"https:\/\/techmasterdemexico.com\/producto\/quick-scope-qs-l2010z-afc-manual-vmm\/","name":"Quick Scope QS-L2010Z\/AFC Manual VMM - Techmaster de Mexico","isPartOf":{"@id":"https:\/\/techmasterdemexico.com\/#website"},"primaryImageOfPage":{"@id":"https:\/\/techmasterdemexico.com\/producto\/quick-scope-qs-l2010z-afc-manual-vmm\/#primaryimage"},"image":{"@id":"https:\/\/techmasterdemexico.com\/producto\/quick-scope-qs-l2010z-afc-manual-vmm\/#primaryimage"},"thumbnailUrl":"https:\/\/techmasterdemexico.com\/wp-content\/uploads\/2021\/12\/qs_l_z2_jpg.png","datePublished":"2021-12-09T17:57:10+00:00","dateModified":"2022-05-12T04:14:46+00:00","breadcrumb":{"@id":"https:\/\/techmasterdemexico.com\/producto\/quick-scope-qs-l2010z-afc-manual-vmm\/#breadcrumb"},"inLanguage":"en-US","potentialAction":[{"@type":"ReadAction","target":["https:\/\/techmasterdemexico.com\/producto\/quick-scope-qs-l2010z-afc-manual-vmm\/"]}]},{"@type":"ImageObject","inLanguage":"en-US","@id":"https:\/\/techmasterdemexico.com\/producto\/quick-scope-qs-l2010z-afc-manual-vmm\/#primaryimage","url":"https:\/\/techmasterdemexico.com\/wp-content\/uploads\/2021\/12\/qs_l_z2_jpg.png","contentUrl":"https:\/\/techmasterdemexico.com\/wp-content\/uploads\/2021\/12\/qs_l_z2_jpg.png","width":1000,"height":1000},{"@type":"BreadcrumbList","@id":"https:\/\/techmasterdemexico.com\/producto\/quick-scope-qs-l2010z-afc-manual-vmm\/#breadcrumb","itemListElement":[{"@type":"ListItem","position":1,"name":"Portada","item":"https:\/\/techmasterdemexico.com\/"},{"@type":"ListItem","position":2,"name":"Quick Scope QS-L2010Z\/AFC Manual VMM"}]},{"@type":"WebSite","@id":"https:\/\/techmasterdemexico.com\/#website","url":"https:\/\/techmasterdemexico.com\/","name":"Techmaster de Mexico","description":"","potentialAction":[{"@type":"SearchAction","target":{"@type":"EntryPoint","urlTemplate":"https:\/\/techmasterdemexico.com\/?s={search_term_string}"},"query-input":{"@type":"PropertyValueSpecification","valueRequired":true,"valueName":"search_term_string"}}],"inLanguage":"en-US"}]}},"brands":[{"id":39,"name":"Mitutoyo","slug":"mitutoyo"}],"_links":{"self":[{"href":"https:\/\/techmasterdemexico.com\/en\/wp-json\/wp\/v2\/product\/11586","targetHints":{"allow":["GET"]}}],"collection":[{"href":"https:\/\/techmasterdemexico.com\/en\/wp-json\/wp\/v2\/product"}],"about":[{"href":"https:\/\/techmasterdemexico.com\/en\/wp-json\/wp\/v2\/types\/product"}],"wp:featuredmedia":[{"embeddable":true,"href":"https:\/\/techmasterdemexico.com\/en\/wp-json\/wp\/v2\/media\/11587"}],"wp:attachment":[{"href":"https:\/\/techmasterdemexico.com\/en\/wp-json\/wp\/v2\/media?parent=11586"}],"wp:term":[{"taxonomy":"pwb-brand","embeddable":true,"href":"https:\/\/techmasterdemexico.com\/en\/wp-json\/wp\/v2\/pwb-brand?post=11586"},{"taxonomy":"product_brand","embeddable":true,"href":"https:\/\/techmasterdemexico.com\/en\/wp-json\/wp\/v2\/product_brand?post=11586"},{"taxonomy":"product_cat","embeddable":true,"href":"https:\/\/techmasterdemexico.com\/en\/wp-json\/wp\/v2\/product_cat?post=11586"},{"taxonomy":"product_tag","embeddable":true,"href":"https:\/\/techmasterdemexico.com\/en\/wp-json\/wp\/v2\/product_tag?post=11586"}],"curies":[{"name":"wp","href":"https:\/\/api.w.org\/{rel}","templated":true}]}}