{"id":11576,"date":"2021-12-09T17:30:15","date_gmt":"2021-12-09T17:30:15","guid":{"rendered":"https:\/\/techmastermx.ddns.net\/?post_type=product&#038;p=11576"},"modified":"2022-05-12T04:14:49","modified_gmt":"2022-05-12T04:14:49","slug":"qv-h404p1l-d-qv-hyper-404","status":"publish","type":"product","link":"https:\/\/techmasterdemexico.com\/en\/producto\/qv-h404p1l-d-qv-hyper-404\/","title":{"rendered":"QV-H404P1L-D QV Hyper 404"},"content":{"rendered":"<p>QV-H404P1L-D<br \/>\nQV Hyper 404<br \/>\nN\u00famero de art\u00edculo: 363-183-20S<\/p>\n<p>&nbsp;<\/p>\n<p>Los modelos est\u00e1ndar de la serie QV var\u00edan en tama\u00f1o, desde compactos hasta grandes. Ofrecemos un modelo con enfoque autom\u00e1tico de seguimiento que puede enfocarse r\u00e1pidamente en el objeto y, por lo tanto, mejorar el rendimiento de manera significativa.<\/p>\n<p>&nbsp;<\/p>\n<p>Hay un modelo de uso general con luz LED blanca y un modelo de detecci\u00f3n de bordes mejorada con LED de color RGB.<\/p>\n<p>Modelos Quick Vision Hyper<br \/>\nEl Quick Vision Hyper es un modelo de alta precisi\u00f3n que est\u00e1 equipado con una escala de alta resoluci\u00f3n \/ precisi\u00f3n.<br \/>\nEste modelo est\u00e1 equipado de serie con una funci\u00f3n de compensaci\u00f3n autom\u00e1tica de temperatura que utiliza un sensor de temperatura en la unidad principal de la m\u00e1quina de medici\u00f3n y un sensor de temperatura para la pieza de trabajo.<\/p>\n","protected":false},"excerpt":{"rendered":"<ul>\n<li>Resoluci\u00f3n:<br \/>\n0,02 \u00b5m<\/li>\n<li>Max. Capacidad de carga:<br \/>\n30<br \/>\nkg<\/li>\n<li>Resoluci\u00f3n \u00b5m:<br \/>\n0.02 \u00b5m<\/li>\n<li>Exactitud(1):\n<ul>\n<li>E1(x, y) = (0.8+0.2L\/100)<\/li>\n<li>E1(z) = (1.5+0.2L\/100)<\/li>\n<li>E2(xy) = (1.4+0.3L\/100)<\/li>\n<\/ul>\n<\/li>\n<li>Observaciones:<br \/>\nCode numbers ending with 2SEU are for machine models that have temperature compensation and are conform ISO 10360-7 specifications.<\/li>\n<li>Temperature compensation function:\n<ul>\n<li>QV APEX PRO<br \/>\nManual compensation<\/li>\n<li>QV HYPER PRO<br \/>\nAutomatic compensation<\/li>\n<\/ul>\n<\/li>\n<\/ul>\n","protected":false},"featured_media":11573,"template":"","meta":{"_acf_changed":false},"pwb-brand":[39],"product_brand":[],"product_cat":[366,38,353,348],"product_tag":[],"class_list":{"0":"post-11576","1":"product","2":"type-product","3":"status-publish","4":"has-post-thumbnail","6":"pwb-brand-mitutoyo","7":"product_cat-todos-los-productos","8":"product_cat-mitutoyo","9":"product_cat-sistema-de-medicion-vision-quick-3d-cnc","10":"product_cat-sistemas-de-medicion-por-vision","12":"first","13":"instock","14":"taxable","15":"shipping-taxable","16":"product-type-simple"},"acf":[],"yoast_head":"<!-- This site is optimized with the Yoast SEO plugin v27.4 - https:\/\/yoast.com\/product\/yoast-seo-wordpress\/ -->\n<title>QV-H404P1L-D QV Hyper 404 - Techmaster de Mexico<\/title>\n<meta name=\"robots\" content=\"index, follow, max-snippet:-1, max-image-preview:large, max-video-preview:-1\" \/>\n<link rel=\"canonical\" href=\"https:\/\/techmasterdemexico.com\/producto\/qv-h404p1l-d-qv-hyper-404\/\" \/>\n<meta property=\"og:locale\" content=\"en_US\" \/>\n<meta property=\"og:type\" content=\"article\" \/>\n<meta property=\"og:title\" content=\"QV-H404P1L-D QV Hyper 404 - Techmaster de Mexico\" \/>\n<meta property=\"og:description\" content=\"Resoluci\u00f3n: 0,02 \u00b5m  Max. Capacidad de carga: 30 kg  Resoluci\u00f3n \u00b5m: 0.02 \u00b5m  Exactitud(1):   E1(x, y) = (0.8+0.2L\/100)  E1(z) = (1.5+0.2L\/100)  E2(xy) = (1.4+0.3L\/100)    Observaciones: Code numbers ending with 2SEU are for machine models that have temperature compensation and are conform ISO 10360-7 specifications.  Temperature compensation function:   QV APEX PRO Manual compensation  QV HYPER PRO Automatic compensation\" \/>\n<meta property=\"og:url\" content=\"https:\/\/techmasterdemexico.com\/producto\/qv-h404p1l-d-qv-hyper-404\/\" \/>\n<meta property=\"og:site_name\" content=\"Techmaster de Mexico\" \/>\n<meta property=\"article:modified_time\" content=\"2022-05-12T04:14:49+00:00\" \/>\n<meta property=\"og:image\" content=\"https:\/\/techmasterdemexico.com\/wp-content\/uploads\/2021\/12\/hyper_qv_404pro_frei_eps.png\" \/>\n\t<meta property=\"og:image:width\" content=\"1000\" \/>\n\t<meta property=\"og:image:height\" content=\"1000\" \/>\n\t<meta property=\"og:image:type\" content=\"image\/png\" \/>\n<meta name=\"twitter:card\" content=\"summary_large_image\" \/>\n<meta name=\"twitter:label1\" content=\"Est. reading time\" \/>\n\t<meta name=\"twitter:data1\" content=\"1 minute\" \/>\n<script type=\"application\/ld+json\" class=\"yoast-schema-graph\">{\"@context\":\"https:\\\/\\\/schema.org\",\"@graph\":[{\"@type\":\"WebPage\",\"@id\":\"https:\\\/\\\/techmasterdemexico.com\\\/producto\\\/qv-h404p1l-d-qv-hyper-404\\\/\",\"url\":\"https:\\\/\\\/techmasterdemexico.com\\\/producto\\\/qv-h404p1l-d-qv-hyper-404\\\/\",\"name\":\"QV-H404P1L-D QV Hyper 404 - Techmaster de Mexico\",\"isPartOf\":{\"@id\":\"https:\\\/\\\/techmasterdemexico.com\\\/#website\"},\"primaryImageOfPage\":{\"@id\":\"https:\\\/\\\/techmasterdemexico.com\\\/producto\\\/qv-h404p1l-d-qv-hyper-404\\\/#primaryimage\"},\"image\":{\"@id\":\"https:\\\/\\\/techmasterdemexico.com\\\/producto\\\/qv-h404p1l-d-qv-hyper-404\\\/#primaryimage\"},\"thumbnailUrl\":\"https:\\\/\\\/techmasterdemexico.com\\\/wp-content\\\/uploads\\\/2021\\\/12\\\/hyper_qv_404pro_frei_eps.png\",\"datePublished\":\"2021-12-09T17:30:15+00:00\",\"dateModified\":\"2022-05-12T04:14:49+00:00\",\"breadcrumb\":{\"@id\":\"https:\\\/\\\/techmasterdemexico.com\\\/producto\\\/qv-h404p1l-d-qv-hyper-404\\\/#breadcrumb\"},\"inLanguage\":\"en-US\",\"potentialAction\":[{\"@type\":\"ReadAction\",\"target\":[\"https:\\\/\\\/techmasterdemexico.com\\\/producto\\\/qv-h404p1l-d-qv-hyper-404\\\/\"]}]},{\"@type\":\"ImageObject\",\"inLanguage\":\"en-US\",\"@id\":\"https:\\\/\\\/techmasterdemexico.com\\\/producto\\\/qv-h404p1l-d-qv-hyper-404\\\/#primaryimage\",\"url\":\"https:\\\/\\\/techmasterdemexico.com\\\/wp-content\\\/uploads\\\/2021\\\/12\\\/hyper_qv_404pro_frei_eps.png\",\"contentUrl\":\"https:\\\/\\\/techmasterdemexico.com\\\/wp-content\\\/uploads\\\/2021\\\/12\\\/hyper_qv_404pro_frei_eps.png\",\"width\":1000,\"height\":1000},{\"@type\":\"BreadcrumbList\",\"@id\":\"https:\\\/\\\/techmasterdemexico.com\\\/producto\\\/qv-h404p1l-d-qv-hyper-404\\\/#breadcrumb\",\"itemListElement\":[{\"@type\":\"ListItem\",\"position\":1,\"name\":\"Portada\",\"item\":\"https:\\\/\\\/techmasterdemexico.com\\\/\"},{\"@type\":\"ListItem\",\"position\":2,\"name\":\"QV-H404P1L-D QV Hyper 404\"}]},{\"@type\":\"WebSite\",\"@id\":\"https:\\\/\\\/techmasterdemexico.com\\\/#website\",\"url\":\"https:\\\/\\\/techmasterdemexico.com\\\/\",\"name\":\"Techmaster de Mexico\",\"description\":\"\",\"potentialAction\":[{\"@type\":\"SearchAction\",\"target\":{\"@type\":\"EntryPoint\",\"urlTemplate\":\"https:\\\/\\\/techmasterdemexico.com\\\/?s={search_term_string}\"},\"query-input\":{\"@type\":\"PropertyValueSpecification\",\"valueRequired\":true,\"valueName\":\"search_term_string\"}}],\"inLanguage\":\"en-US\"}]}<\/script>\n<!-- \/ Yoast SEO plugin. -->","yoast_head_json":{"title":"QV-H404P1L-D QV Hyper 404 - Techmaster de Mexico","robots":{"index":"index","follow":"follow","max-snippet":"max-snippet:-1","max-image-preview":"max-image-preview:large","max-video-preview":"max-video-preview:-1"},"canonical":"https:\/\/techmasterdemexico.com\/producto\/qv-h404p1l-d-qv-hyper-404\/","og_locale":"en_US","og_type":"article","og_title":"QV-H404P1L-D QV Hyper 404 - Techmaster de Mexico","og_description":"Resoluci\u00f3n: 0,02 \u00b5m  Max. Capacidad de carga: 30 kg  Resoluci\u00f3n \u00b5m: 0.02 \u00b5m  Exactitud(1):   E1(x, y) = (0.8+0.2L\/100)  E1(z) = (1.5+0.2L\/100)  E2(xy) = (1.4+0.3L\/100)    Observaciones: Code numbers ending with 2SEU are for machine models that have temperature compensation and are conform ISO 10360-7 specifications.  Temperature compensation function:   QV APEX PRO Manual compensation  QV HYPER PRO Automatic compensation","og_url":"https:\/\/techmasterdemexico.com\/producto\/qv-h404p1l-d-qv-hyper-404\/","og_site_name":"Techmaster de Mexico","article_modified_time":"2022-05-12T04:14:49+00:00","og_image":[{"width":1000,"height":1000,"url":"https:\/\/techmasterdemexico.com\/wp-content\/uploads\/2021\/12\/hyper_qv_404pro_frei_eps.png","type":"image\/png"}],"twitter_card":"summary_large_image","twitter_misc":{"Est. reading time":"1 minute"},"schema":{"@context":"https:\/\/schema.org","@graph":[{"@type":"WebPage","@id":"https:\/\/techmasterdemexico.com\/producto\/qv-h404p1l-d-qv-hyper-404\/","url":"https:\/\/techmasterdemexico.com\/producto\/qv-h404p1l-d-qv-hyper-404\/","name":"QV-H404P1L-D QV Hyper 404 - Techmaster de Mexico","isPartOf":{"@id":"https:\/\/techmasterdemexico.com\/#website"},"primaryImageOfPage":{"@id":"https:\/\/techmasterdemexico.com\/producto\/qv-h404p1l-d-qv-hyper-404\/#primaryimage"},"image":{"@id":"https:\/\/techmasterdemexico.com\/producto\/qv-h404p1l-d-qv-hyper-404\/#primaryimage"},"thumbnailUrl":"https:\/\/techmasterdemexico.com\/wp-content\/uploads\/2021\/12\/hyper_qv_404pro_frei_eps.png","datePublished":"2021-12-09T17:30:15+00:00","dateModified":"2022-05-12T04:14:49+00:00","breadcrumb":{"@id":"https:\/\/techmasterdemexico.com\/producto\/qv-h404p1l-d-qv-hyper-404\/#breadcrumb"},"inLanguage":"en-US","potentialAction":[{"@type":"ReadAction","target":["https:\/\/techmasterdemexico.com\/producto\/qv-h404p1l-d-qv-hyper-404\/"]}]},{"@type":"ImageObject","inLanguage":"en-US","@id":"https:\/\/techmasterdemexico.com\/producto\/qv-h404p1l-d-qv-hyper-404\/#primaryimage","url":"https:\/\/techmasterdemexico.com\/wp-content\/uploads\/2021\/12\/hyper_qv_404pro_frei_eps.png","contentUrl":"https:\/\/techmasterdemexico.com\/wp-content\/uploads\/2021\/12\/hyper_qv_404pro_frei_eps.png","width":1000,"height":1000},{"@type":"BreadcrumbList","@id":"https:\/\/techmasterdemexico.com\/producto\/qv-h404p1l-d-qv-hyper-404\/#breadcrumb","itemListElement":[{"@type":"ListItem","position":1,"name":"Portada","item":"https:\/\/techmasterdemexico.com\/"},{"@type":"ListItem","position":2,"name":"QV-H404P1L-D QV Hyper 404"}]},{"@type":"WebSite","@id":"https:\/\/techmasterdemexico.com\/#website","url":"https:\/\/techmasterdemexico.com\/","name":"Techmaster de Mexico","description":"","potentialAction":[{"@type":"SearchAction","target":{"@type":"EntryPoint","urlTemplate":"https:\/\/techmasterdemexico.com\/?s={search_term_string}"},"query-input":{"@type":"PropertyValueSpecification","valueRequired":true,"valueName":"search_term_string"}}],"inLanguage":"en-US"}]}},"brands":[{"id":39,"name":"Mitutoyo","slug":"mitutoyo"}],"_links":{"self":[{"href":"https:\/\/techmasterdemexico.com\/en\/wp-json\/wp\/v2\/product\/11576","targetHints":{"allow":["GET"]}}],"collection":[{"href":"https:\/\/techmasterdemexico.com\/en\/wp-json\/wp\/v2\/product"}],"about":[{"href":"https:\/\/techmasterdemexico.com\/en\/wp-json\/wp\/v2\/types\/product"}],"wp:featuredmedia":[{"embeddable":true,"href":"https:\/\/techmasterdemexico.com\/en\/wp-json\/wp\/v2\/media\/11573"}],"wp:attachment":[{"href":"https:\/\/techmasterdemexico.com\/en\/wp-json\/wp\/v2\/media?parent=11576"}],"wp:term":[{"taxonomy":"pwb-brand","embeddable":true,"href":"https:\/\/techmasterdemexico.com\/en\/wp-json\/wp\/v2\/pwb-brand?post=11576"},{"taxonomy":"product_brand","embeddable":true,"href":"https:\/\/techmasterdemexico.com\/en\/wp-json\/wp\/v2\/product_brand?post=11576"},{"taxonomy":"product_cat","embeddable":true,"href":"https:\/\/techmasterdemexico.com\/en\/wp-json\/wp\/v2\/product_cat?post=11576"},{"taxonomy":"product_tag","embeddable":true,"href":"https:\/\/techmasterdemexico.com\/en\/wp-json\/wp\/v2\/product_tag?post=11576"}],"curies":[{"name":"wp","href":"https:\/\/api.w.org\/{rel}","templated":true}]}}