{"id":11567,"date":"2021-12-09T17:19:51","date_gmt":"2021-12-09T17:19:51","guid":{"rendered":"https:\/\/techmastermx.ddns.net\/?post_type=product&#038;p=11567"},"modified":"2022-05-12T04:14:51","modified_gmt":"2022-05-12T04:14:51","slug":"qv-u404p1n-d-ultra-qv-404","status":"publish","type":"product","link":"https:\/\/techmasterdemexico.com\/en\/producto\/qv-u404p1n-d-ultra-qv-404\/","title":{"rendered":"QV-U404P1N-D Ultra QV 404"},"content":{"rendered":"<p>QV-U404P1N-D<br \/>\nUltra QV 404<br \/>\nN\u00famero de art\u00edculo: 363-518-20S<\/p>\n<p>&nbsp;<\/p>\n<p>Este dispositivo de medici\u00f3n por visi\u00f3n CNC le garantiza niveles ultra-altos de exactitud. Quick Vision ULTRA ofrece las siguientes ventajas:<\/p>\n<ul>\n<li>La rectitud del desplazamiento axial se maximiza gracias a su sistema de gu\u00edas por cojinetes de aire.<\/li>\n<li>Alta resoluci\u00f3n (0,01 \u03bcm) en sus escalas, que han sido fabricadas en un entorno ultra-exacto a 11 metros de profundidad.<\/li>\n<li>Estas reglas han sido fabricadas con un vidrio cuyo coeficiente de expansi\u00f3n es virtualmente cero, de manera que la exactitud de medida que obtendr\u00e1 no ofrece variabilidad antes posibles cambios de temperatura.<\/li>\n<li>Su estructura ha sido construida con base al an\u00e1lisis de m\u00e9todo de elementos finitos; gracias a ello se obtiene un \u00f3ptimo equilibrio de rigidez\/peso y una excelente estabilidad geom\u00e9trica en t\u00e9rminos de rectitud\/perpendicularidad, ante alteraciones de temperatura.<\/li>\n<li>Exactitud comforme a la norma ISO 10360-7 (bajo requerimiento).<\/li>\n<li>Posibilidad de generar mediciones topogr\u00e1ficas 3D gracias a la funcionalidad del PFF opcional.<\/li>\n<\/ul>\n","protected":false},"excerpt":{"rendered":"<ul>\n<li>Dimensions (W x D x H) (2):<br \/>\n1190 x 1735 x 1910<\/li>\n<li>Medida cristal de la mesa:<br \/>\n493 x 551 [mm]<\/li>\n<li>Exactitud(1):\n<ul>\n<li>E1(x, y) = (0.25+0.1L\/100)<\/li>\n<li>E1(z) = (1.5+0.2L\/100)<\/li>\n<li>E2(xy) = (0.5+0.2L\/100)<\/li>\n<\/ul>\n<\/li>\n<\/ul>\n","protected":false},"featured_media":11569,"template":"","meta":{"_acf_changed":false},"pwb-brand":[39],"product_brand":[],"product_cat":[366,38,353,348],"product_tag":[],"class_list":{"0":"post-11567","1":"product","2":"type-product","3":"status-publish","4":"has-post-thumbnail","6":"pwb-brand-mitutoyo","7":"product_cat-todos-los-productos","8":"product_cat-mitutoyo","9":"product_cat-sistema-de-medicion-vision-quick-3d-cnc","10":"product_cat-sistemas-de-medicion-por-vision","12":"first","13":"instock","14":"taxable","15":"shipping-taxable","16":"product-type-simple"},"acf":[],"yoast_head":"<!-- This site is optimized with the Yoast SEO plugin v27.5 - https:\/\/yoast.com\/product\/yoast-seo-wordpress\/ -->\n<title>QV-U404P1N-D Ultra QV 404 - Techmaster de Mexico<\/title>\n<meta name=\"robots\" content=\"index, follow, max-snippet:-1, max-image-preview:large, max-video-preview:-1\" \/>\n<link rel=\"canonical\" href=\"https:\/\/techmasterdemexico.com\/producto\/qv-u404p1n-d-ultra-qv-404\/\" \/>\n<meta property=\"og:locale\" content=\"en_US\" \/>\n<meta property=\"og:type\" content=\"article\" \/>\n<meta property=\"og:title\" content=\"QV-U404P1N-D Ultra QV 404 - Techmaster de Mexico\" \/>\n<meta property=\"og:description\" content=\"Dimensions (W x D x H) (2): 1190 x 1735 x 1910  Medida cristal de la mesa: 493 x 551 [mm]  Exactitud(1):   E1(x, y) = (0.25+0.1L\/100)  E1(z) = (1.5+0.2L\/100)  E2(xy) = (0.5+0.2L\/100)\" \/>\n<meta property=\"og:url\" content=\"https:\/\/techmasterdemexico.com\/producto\/qv-u404p1n-d-ultra-qv-404\/\" \/>\n<meta property=\"og:site_name\" content=\"Techmaster de Mexico\" \/>\n<meta property=\"article:modified_time\" content=\"2022-05-12T04:14:51+00:00\" \/>\n<meta property=\"og:image\" content=\"https:\/\/techmasterdemexico.com\/wp-content\/uploads\/2021\/12\/ultra_qv_404pro_frei_eps.png\" \/>\n\t<meta property=\"og:image:width\" content=\"500\" \/>\n\t<meta property=\"og:image:height\" content=\"500\" \/>\n\t<meta property=\"og:image:type\" content=\"image\/png\" \/>\n<meta name=\"twitter:card\" content=\"summary_large_image\" \/>\n<meta name=\"twitter:label1\" content=\"Est. reading time\" \/>\n\t<meta name=\"twitter:data1\" content=\"1 minute\" \/>\n<script type=\"application\/ld+json\" class=\"yoast-schema-graph\">{\"@context\":\"https:\\\/\\\/schema.org\",\"@graph\":[{\"@type\":\"WebPage\",\"@id\":\"https:\\\/\\\/techmasterdemexico.com\\\/producto\\\/qv-u404p1n-d-ultra-qv-404\\\/\",\"url\":\"https:\\\/\\\/techmasterdemexico.com\\\/producto\\\/qv-u404p1n-d-ultra-qv-404\\\/\",\"name\":\"QV-U404P1N-D Ultra QV 404 - Techmaster de Mexico\",\"isPartOf\":{\"@id\":\"https:\\\/\\\/techmasterdemexico.com\\\/#website\"},\"primaryImageOfPage\":{\"@id\":\"https:\\\/\\\/techmasterdemexico.com\\\/producto\\\/qv-u404p1n-d-ultra-qv-404\\\/#primaryimage\"},\"image\":{\"@id\":\"https:\\\/\\\/techmasterdemexico.com\\\/producto\\\/qv-u404p1n-d-ultra-qv-404\\\/#primaryimage\"},\"thumbnailUrl\":\"https:\\\/\\\/techmasterdemexico.com\\\/wp-content\\\/uploads\\\/2021\\\/12\\\/ultra_qv_404pro_frei_eps.png\",\"datePublished\":\"2021-12-09T17:19:51+00:00\",\"dateModified\":\"2022-05-12T04:14:51+00:00\",\"breadcrumb\":{\"@id\":\"https:\\\/\\\/techmasterdemexico.com\\\/producto\\\/qv-u404p1n-d-ultra-qv-404\\\/#breadcrumb\"},\"inLanguage\":\"en-US\",\"potentialAction\":[{\"@type\":\"ReadAction\",\"target\":[\"https:\\\/\\\/techmasterdemexico.com\\\/producto\\\/qv-u404p1n-d-ultra-qv-404\\\/\"]}]},{\"@type\":\"ImageObject\",\"inLanguage\":\"en-US\",\"@id\":\"https:\\\/\\\/techmasterdemexico.com\\\/producto\\\/qv-u404p1n-d-ultra-qv-404\\\/#primaryimage\",\"url\":\"https:\\\/\\\/techmasterdemexico.com\\\/wp-content\\\/uploads\\\/2021\\\/12\\\/ultra_qv_404pro_frei_eps.png\",\"contentUrl\":\"https:\\\/\\\/techmasterdemexico.com\\\/wp-content\\\/uploads\\\/2021\\\/12\\\/ultra_qv_404pro_frei_eps.png\",\"width\":500,\"height\":500},{\"@type\":\"BreadcrumbList\",\"@id\":\"https:\\\/\\\/techmasterdemexico.com\\\/producto\\\/qv-u404p1n-d-ultra-qv-404\\\/#breadcrumb\",\"itemListElement\":[{\"@type\":\"ListItem\",\"position\":1,\"name\":\"Portada\",\"item\":\"https:\\\/\\\/techmasterdemexico.com\\\/\"},{\"@type\":\"ListItem\",\"position\":2,\"name\":\"QV-U404P1N-D Ultra QV 404\"}]},{\"@type\":\"WebSite\",\"@id\":\"https:\\\/\\\/techmasterdemexico.com\\\/#website\",\"url\":\"https:\\\/\\\/techmasterdemexico.com\\\/\",\"name\":\"Techmaster de Mexico\",\"description\":\"\",\"potentialAction\":[{\"@type\":\"SearchAction\",\"target\":{\"@type\":\"EntryPoint\",\"urlTemplate\":\"https:\\\/\\\/techmasterdemexico.com\\\/?s={search_term_string}\"},\"query-input\":{\"@type\":\"PropertyValueSpecification\",\"valueRequired\":true,\"valueName\":\"search_term_string\"}}],\"inLanguage\":\"en-US\"}]}<\/script>\n<!-- \/ Yoast SEO plugin. -->","yoast_head_json":{"title":"QV-U404P1N-D Ultra QV 404 - Techmaster de Mexico","robots":{"index":"index","follow":"follow","max-snippet":"max-snippet:-1","max-image-preview":"max-image-preview:large","max-video-preview":"max-video-preview:-1"},"canonical":"https:\/\/techmasterdemexico.com\/producto\/qv-u404p1n-d-ultra-qv-404\/","og_locale":"en_US","og_type":"article","og_title":"QV-U404P1N-D Ultra QV 404 - Techmaster de Mexico","og_description":"Dimensions (W x D x H) (2): 1190 x 1735 x 1910  Medida cristal de la mesa: 493 x 551 [mm]  Exactitud(1):   E1(x, y) = (0.25+0.1L\/100)  E1(z) = (1.5+0.2L\/100)  E2(xy) = (0.5+0.2L\/100)","og_url":"https:\/\/techmasterdemexico.com\/producto\/qv-u404p1n-d-ultra-qv-404\/","og_site_name":"Techmaster de Mexico","article_modified_time":"2022-05-12T04:14:51+00:00","og_image":[{"width":500,"height":500,"url":"https:\/\/techmasterdemexico.com\/wp-content\/uploads\/2021\/12\/ultra_qv_404pro_frei_eps.png","type":"image\/png"}],"twitter_card":"summary_large_image","twitter_misc":{"Est. reading time":"1 minute"},"schema":{"@context":"https:\/\/schema.org","@graph":[{"@type":"WebPage","@id":"https:\/\/techmasterdemexico.com\/producto\/qv-u404p1n-d-ultra-qv-404\/","url":"https:\/\/techmasterdemexico.com\/producto\/qv-u404p1n-d-ultra-qv-404\/","name":"QV-U404P1N-D Ultra QV 404 - Techmaster de Mexico","isPartOf":{"@id":"https:\/\/techmasterdemexico.com\/#website"},"primaryImageOfPage":{"@id":"https:\/\/techmasterdemexico.com\/producto\/qv-u404p1n-d-ultra-qv-404\/#primaryimage"},"image":{"@id":"https:\/\/techmasterdemexico.com\/producto\/qv-u404p1n-d-ultra-qv-404\/#primaryimage"},"thumbnailUrl":"https:\/\/techmasterdemexico.com\/wp-content\/uploads\/2021\/12\/ultra_qv_404pro_frei_eps.png","datePublished":"2021-12-09T17:19:51+00:00","dateModified":"2022-05-12T04:14:51+00:00","breadcrumb":{"@id":"https:\/\/techmasterdemexico.com\/producto\/qv-u404p1n-d-ultra-qv-404\/#breadcrumb"},"inLanguage":"en-US","potentialAction":[{"@type":"ReadAction","target":["https:\/\/techmasterdemexico.com\/producto\/qv-u404p1n-d-ultra-qv-404\/"]}]},{"@type":"ImageObject","inLanguage":"en-US","@id":"https:\/\/techmasterdemexico.com\/producto\/qv-u404p1n-d-ultra-qv-404\/#primaryimage","url":"https:\/\/techmasterdemexico.com\/wp-content\/uploads\/2021\/12\/ultra_qv_404pro_frei_eps.png","contentUrl":"https:\/\/techmasterdemexico.com\/wp-content\/uploads\/2021\/12\/ultra_qv_404pro_frei_eps.png","width":500,"height":500},{"@type":"BreadcrumbList","@id":"https:\/\/techmasterdemexico.com\/producto\/qv-u404p1n-d-ultra-qv-404\/#breadcrumb","itemListElement":[{"@type":"ListItem","position":1,"name":"Portada","item":"https:\/\/techmasterdemexico.com\/"},{"@type":"ListItem","position":2,"name":"QV-U404P1N-D Ultra QV 404"}]},{"@type":"WebSite","@id":"https:\/\/techmasterdemexico.com\/#website","url":"https:\/\/techmasterdemexico.com\/","name":"Techmaster de Mexico","description":"","potentialAction":[{"@type":"SearchAction","target":{"@type":"EntryPoint","urlTemplate":"https:\/\/techmasterdemexico.com\/?s={search_term_string}"},"query-input":{"@type":"PropertyValueSpecification","valueRequired":true,"valueName":"search_term_string"}}],"inLanguage":"en-US"}]}},"brands":[{"id":39,"name":"Mitutoyo","slug":"mitutoyo"}],"_links":{"self":[{"href":"https:\/\/techmasterdemexico.com\/en\/wp-json\/wp\/v2\/product\/11567","targetHints":{"allow":["GET"]}}],"collection":[{"href":"https:\/\/techmasterdemexico.com\/en\/wp-json\/wp\/v2\/product"}],"about":[{"href":"https:\/\/techmasterdemexico.com\/en\/wp-json\/wp\/v2\/types\/product"}],"wp:featuredmedia":[{"embeddable":true,"href":"https:\/\/techmasterdemexico.com\/en\/wp-json\/wp\/v2\/media\/11569"}],"wp:attachment":[{"href":"https:\/\/techmasterdemexico.com\/en\/wp-json\/wp\/v2\/media?parent=11567"}],"wp:term":[{"taxonomy":"pwb-brand","embeddable":true,"href":"https:\/\/techmasterdemexico.com\/en\/wp-json\/wp\/v2\/pwb-brand?post=11567"},{"taxonomy":"product_brand","embeddable":true,"href":"https:\/\/techmasterdemexico.com\/en\/wp-json\/wp\/v2\/product_brand?post=11567"},{"taxonomy":"product_cat","embeddable":true,"href":"https:\/\/techmasterdemexico.com\/en\/wp-json\/wp\/v2\/product_cat?post=11567"},{"taxonomy":"product_tag","embeddable":true,"href":"https:\/\/techmasterdemexico.com\/en\/wp-json\/wp\/v2\/product_tag?post=11567"}],"curies":[{"name":"wp","href":"https:\/\/api.w.org\/{rel}","templated":true}]}}