{"id":11565,"date":"2021-12-09T17:14:08","date_gmt":"2021-12-09T17:14:08","guid":{"rendered":"https:\/\/techmastermx.ddns.net\/?post_type=product&#038;p=11565"},"modified":"2022-05-12T04:14:52","modified_gmt":"2022-05-12T04:14:52","slug":"mvs-h404p1l-d-miscan-hyper-404","status":"publish","type":"product","link":"https:\/\/techmasterdemexico.com\/en\/producto\/mvs-h404p1l-d-miscan-hyper-404\/","title":{"rendered":"MVS-H404P1L-D MiSCAN Hyper 404"},"content":{"rendered":"<p>MVS-H404P1L-D<br \/>\nMiSCAN Hyper 404<br \/>\nN\u00famero de art\u00edculo: 364-512-10S<\/p>\n<p>&nbsp;<\/p>\n<p>Los sistemas de medici\u00f3n por visi\u00f3n MiSCAN MVS-HYPER y MVS-APEX combinan el procesamiento avanzado de im\u00e1genes con mediciones de digitalizado t\u00e1ctil.<\/p>\n<ul>\n<li>El MVS-HYPER 302 se puede equipar tanto con el palpador MPP-Nano o el palpador de escaneo continuo SP25M<\/li>\n<li>La MPP-Nano es un palpador de digitalizado para la medici\u00f3n de piezas diminutas y utiliza m\u00f3dulos de palpadores con di\u00e1metros de punta que var\u00edan de 125 hasta 500 \u00b5m<\/li>\n<li>Los modelos MVS-HYPER y MVS APEX 404 est\u00e1n equipados con el palpador de escaneo continuo SP25M para trabajos de digitalizado est\u00e1ndares con rango de medici\u00f3n de tama\u00f1o medio.<\/li>\n<li>Los sistemas de visi\u00f3n MiSCAN se accionan por medio de la combinaci\u00f3n del potente software MCOSMOS y VISIONPAK-PRO para garantizar la funcionalidad m\u00e1xima para ambas mediciones sin contacto y con contacto.<\/li>\n<li>Todos los beneficios de los sistemas est\u00e1ndares QUICK VISION HYPER\/APEX se incorporan tambi\u00e9n en los sistemas de visi\u00f3n MiSCAN<\/li>\n<\/ul>\n","protected":false},"excerpt":{"rendered":"<ul>\n<li>Modelo:<br \/>\nMVS-H404P1L-D<\/li>\n<li>Rango de medici\u00f3n utilizando sensor de visi\u00f3n:<br \/>\n400 x 400 x 250 mm<\/li>\n<li>Intervalo de medici\u00f3n utilizando palpador de escaneo:<br \/>\n275 x 400 x 250 mm<\/li>\n<li>Precisi\u00f3n de la medici\u00f3n con sensor de visi\u00f3n [\u03bcm]:\n<ul>\n<li>E1x, E1y= (0,8+0,2L\/100)<\/li>\n<li>E1z= (1,5+0,2L\/100)<\/li>\n<li>E2xy= (1,4+0,3L\/100)<\/li>\n<\/ul>\n<\/li>\n<li>Precisi\u00f3n de la medici\u00f3n con sonda de barrido [\u03bcm]:<br \/>\nE0,MPE= (1,9+0,4L\/100)<\/li>\n<li>Type:<br \/>\nMiSCAN HYPER 404<\/li>\n<li>Power supply report:<br \/>\nUN 38.3 Test Summary Report<\/li>\n<\/ul>\n","protected":false},"featured_media":11566,"template":"","meta":{"_acf_changed":false},"pwb-brand":[39],"product_brand":[],"product_cat":[366,38,352,348],"product_tag":[],"class_list":{"0":"post-11565","1":"product","2":"type-product","3":"status-publish","4":"has-post-thumbnail","6":"pwb-brand-mitutoyo","7":"product_cat-todos-los-productos","8":"product_cat-mitutoyo","9":"product_cat-sistema-de-medicion-por-vision-miscan","10":"product_cat-sistemas-de-medicion-por-vision","12":"first","13":"instock","14":"taxable","15":"shipping-taxable","16":"product-type-simple"},"acf":[],"yoast_head":"<!-- This site is optimized with the Yoast SEO plugin v27.4 - https:\/\/yoast.com\/product\/yoast-seo-wordpress\/ -->\n<title>MVS-H404P1L-D MiSCAN Hyper 404 - Techmaster de Mexico<\/title>\n<meta name=\"robots\" content=\"index, follow, max-snippet:-1, max-image-preview:large, max-video-preview:-1\" \/>\n<link rel=\"canonical\" href=\"https:\/\/techmasterdemexico.com\/producto\/mvs-h404p1l-d-miscan-hyper-404\/\" \/>\n<meta property=\"og:locale\" content=\"en_US\" \/>\n<meta property=\"og:type\" content=\"article\" \/>\n<meta property=\"og:title\" content=\"MVS-H404P1L-D MiSCAN Hyper 404 - Techmaster de Mexico\" \/>\n<meta property=\"og:description\" content=\"Modelo: MVS-H404P1L-D  Rango de medici\u00f3n utilizando sensor de visi\u00f3n: 400 x 400 x 250 mm  Intervalo de medici\u00f3n utilizando palpador de escaneo: 275 x 400 x 250 mm  Precisi\u00f3n de la medici\u00f3n con sensor de visi\u00f3n [\u03bcm]:   E1x, E1y= (0,8+0,2L\/100)  E1z= (1,5+0,2L\/100)  E2xy= (1,4+0,3L\/100)    Precisi\u00f3n de la medici\u00f3n con sonda de barrido [\u03bcm]: E0,MPE= (1,9+0,4L\/100)  Type: MiSCAN HYPER 404  Power supply report: UN 38.3 Test Summary Report\" \/>\n<meta property=\"og:url\" content=\"https:\/\/techmasterdemexico.com\/producto\/mvs-h404p1l-d-miscan-hyper-404\/\" \/>\n<meta property=\"og:site_name\" content=\"Techmaster de Mexico\" \/>\n<meta property=\"article:modified_time\" content=\"2022-05-12T04:14:52+00:00\" \/>\n<meta property=\"og:image\" content=\"https:\/\/techmasterdemexico.com\/wp-content\/uploads\/2021\/12\/mvs-hyper_302_-_mpp_nano_jpg-1.png\" \/>\n\t<meta property=\"og:image:width\" content=\"500\" \/>\n\t<meta property=\"og:image:height\" content=\"500\" \/>\n\t<meta property=\"og:image:type\" content=\"image\/png\" \/>\n<meta name=\"twitter:card\" content=\"summary_large_image\" \/>\n<meta name=\"twitter:label1\" content=\"Est. reading time\" \/>\n\t<meta name=\"twitter:data1\" content=\"1 minute\" \/>\n<script type=\"application\/ld+json\" class=\"yoast-schema-graph\">{\"@context\":\"https:\\\/\\\/schema.org\",\"@graph\":[{\"@type\":\"WebPage\",\"@id\":\"https:\\\/\\\/techmasterdemexico.com\\\/producto\\\/mvs-h404p1l-d-miscan-hyper-404\\\/\",\"url\":\"https:\\\/\\\/techmasterdemexico.com\\\/producto\\\/mvs-h404p1l-d-miscan-hyper-404\\\/\",\"name\":\"MVS-H404P1L-D MiSCAN Hyper 404 - Techmaster de Mexico\",\"isPartOf\":{\"@id\":\"https:\\\/\\\/techmasterdemexico.com\\\/#website\"},\"primaryImageOfPage\":{\"@id\":\"https:\\\/\\\/techmasterdemexico.com\\\/producto\\\/mvs-h404p1l-d-miscan-hyper-404\\\/#primaryimage\"},\"image\":{\"@id\":\"https:\\\/\\\/techmasterdemexico.com\\\/producto\\\/mvs-h404p1l-d-miscan-hyper-404\\\/#primaryimage\"},\"thumbnailUrl\":\"https:\\\/\\\/techmasterdemexico.com\\\/wp-content\\\/uploads\\\/2021\\\/12\\\/mvs-hyper_302_-_mpp_nano_jpg-1.png\",\"datePublished\":\"2021-12-09T17:14:08+00:00\",\"dateModified\":\"2022-05-12T04:14:52+00:00\",\"breadcrumb\":{\"@id\":\"https:\\\/\\\/techmasterdemexico.com\\\/producto\\\/mvs-h404p1l-d-miscan-hyper-404\\\/#breadcrumb\"},\"inLanguage\":\"en-US\",\"potentialAction\":[{\"@type\":\"ReadAction\",\"target\":[\"https:\\\/\\\/techmasterdemexico.com\\\/producto\\\/mvs-h404p1l-d-miscan-hyper-404\\\/\"]}]},{\"@type\":\"ImageObject\",\"inLanguage\":\"en-US\",\"@id\":\"https:\\\/\\\/techmasterdemexico.com\\\/producto\\\/mvs-h404p1l-d-miscan-hyper-404\\\/#primaryimage\",\"url\":\"https:\\\/\\\/techmasterdemexico.com\\\/wp-content\\\/uploads\\\/2021\\\/12\\\/mvs-hyper_302_-_mpp_nano_jpg-1.png\",\"contentUrl\":\"https:\\\/\\\/techmasterdemexico.com\\\/wp-content\\\/uploads\\\/2021\\\/12\\\/mvs-hyper_302_-_mpp_nano_jpg-1.png\",\"width\":500,\"height\":500},{\"@type\":\"BreadcrumbList\",\"@id\":\"https:\\\/\\\/techmasterdemexico.com\\\/producto\\\/mvs-h404p1l-d-miscan-hyper-404\\\/#breadcrumb\",\"itemListElement\":[{\"@type\":\"ListItem\",\"position\":1,\"name\":\"Portada\",\"item\":\"https:\\\/\\\/techmasterdemexico.com\\\/\"},{\"@type\":\"ListItem\",\"position\":2,\"name\":\"MVS-H404P1L-D MiSCAN Hyper 404\"}]},{\"@type\":\"WebSite\",\"@id\":\"https:\\\/\\\/techmasterdemexico.com\\\/#website\",\"url\":\"https:\\\/\\\/techmasterdemexico.com\\\/\",\"name\":\"Techmaster de Mexico\",\"description\":\"\",\"potentialAction\":[{\"@type\":\"SearchAction\",\"target\":{\"@type\":\"EntryPoint\",\"urlTemplate\":\"https:\\\/\\\/techmasterdemexico.com\\\/?s={search_term_string}\"},\"query-input\":{\"@type\":\"PropertyValueSpecification\",\"valueRequired\":true,\"valueName\":\"search_term_string\"}}],\"inLanguage\":\"en-US\"}]}<\/script>\n<!-- \/ Yoast SEO plugin. -->","yoast_head_json":{"title":"MVS-H404P1L-D MiSCAN Hyper 404 - Techmaster de Mexico","robots":{"index":"index","follow":"follow","max-snippet":"max-snippet:-1","max-image-preview":"max-image-preview:large","max-video-preview":"max-video-preview:-1"},"canonical":"https:\/\/techmasterdemexico.com\/producto\/mvs-h404p1l-d-miscan-hyper-404\/","og_locale":"en_US","og_type":"article","og_title":"MVS-H404P1L-D MiSCAN Hyper 404 - Techmaster de Mexico","og_description":"Modelo: MVS-H404P1L-D  Rango de medici\u00f3n utilizando sensor de visi\u00f3n: 400 x 400 x 250 mm  Intervalo de medici\u00f3n utilizando palpador de escaneo: 275 x 400 x 250 mm  Precisi\u00f3n de la medici\u00f3n con sensor de visi\u00f3n [\u03bcm]:   E1x, E1y= (0,8+0,2L\/100)  E1z= (1,5+0,2L\/100)  E2xy= (1,4+0,3L\/100)    Precisi\u00f3n de la medici\u00f3n con sonda de barrido [\u03bcm]: E0,MPE= (1,9+0,4L\/100)  Type: MiSCAN HYPER 404  Power supply report: UN 38.3 Test Summary Report","og_url":"https:\/\/techmasterdemexico.com\/producto\/mvs-h404p1l-d-miscan-hyper-404\/","og_site_name":"Techmaster de Mexico","article_modified_time":"2022-05-12T04:14:52+00:00","og_image":[{"width":500,"height":500,"url":"https:\/\/techmasterdemexico.com\/wp-content\/uploads\/2021\/12\/mvs-hyper_302_-_mpp_nano_jpg-1.png","type":"image\/png"}],"twitter_card":"summary_large_image","twitter_misc":{"Est. reading time":"1 minute"},"schema":{"@context":"https:\/\/schema.org","@graph":[{"@type":"WebPage","@id":"https:\/\/techmasterdemexico.com\/producto\/mvs-h404p1l-d-miscan-hyper-404\/","url":"https:\/\/techmasterdemexico.com\/producto\/mvs-h404p1l-d-miscan-hyper-404\/","name":"MVS-H404P1L-D MiSCAN Hyper 404 - Techmaster de Mexico","isPartOf":{"@id":"https:\/\/techmasterdemexico.com\/#website"},"primaryImageOfPage":{"@id":"https:\/\/techmasterdemexico.com\/producto\/mvs-h404p1l-d-miscan-hyper-404\/#primaryimage"},"image":{"@id":"https:\/\/techmasterdemexico.com\/producto\/mvs-h404p1l-d-miscan-hyper-404\/#primaryimage"},"thumbnailUrl":"https:\/\/techmasterdemexico.com\/wp-content\/uploads\/2021\/12\/mvs-hyper_302_-_mpp_nano_jpg-1.png","datePublished":"2021-12-09T17:14:08+00:00","dateModified":"2022-05-12T04:14:52+00:00","breadcrumb":{"@id":"https:\/\/techmasterdemexico.com\/producto\/mvs-h404p1l-d-miscan-hyper-404\/#breadcrumb"},"inLanguage":"en-US","potentialAction":[{"@type":"ReadAction","target":["https:\/\/techmasterdemexico.com\/producto\/mvs-h404p1l-d-miscan-hyper-404\/"]}]},{"@type":"ImageObject","inLanguage":"en-US","@id":"https:\/\/techmasterdemexico.com\/producto\/mvs-h404p1l-d-miscan-hyper-404\/#primaryimage","url":"https:\/\/techmasterdemexico.com\/wp-content\/uploads\/2021\/12\/mvs-hyper_302_-_mpp_nano_jpg-1.png","contentUrl":"https:\/\/techmasterdemexico.com\/wp-content\/uploads\/2021\/12\/mvs-hyper_302_-_mpp_nano_jpg-1.png","width":500,"height":500},{"@type":"BreadcrumbList","@id":"https:\/\/techmasterdemexico.com\/producto\/mvs-h404p1l-d-miscan-hyper-404\/#breadcrumb","itemListElement":[{"@type":"ListItem","position":1,"name":"Portada","item":"https:\/\/techmasterdemexico.com\/"},{"@type":"ListItem","position":2,"name":"MVS-H404P1L-D MiSCAN Hyper 404"}]},{"@type":"WebSite","@id":"https:\/\/techmasterdemexico.com\/#website","url":"https:\/\/techmasterdemexico.com\/","name":"Techmaster de Mexico","description":"","potentialAction":[{"@type":"SearchAction","target":{"@type":"EntryPoint","urlTemplate":"https:\/\/techmasterdemexico.com\/?s={search_term_string}"},"query-input":{"@type":"PropertyValueSpecification","valueRequired":true,"valueName":"search_term_string"}}],"inLanguage":"en-US"}]}},"brands":[{"id":39,"name":"Mitutoyo","slug":"mitutoyo"}],"_links":{"self":[{"href":"https:\/\/techmasterdemexico.com\/en\/wp-json\/wp\/v2\/product\/11565","targetHints":{"allow":["GET"]}}],"collection":[{"href":"https:\/\/techmasterdemexico.com\/en\/wp-json\/wp\/v2\/product"}],"about":[{"href":"https:\/\/techmasterdemexico.com\/en\/wp-json\/wp\/v2\/types\/product"}],"wp:featuredmedia":[{"embeddable":true,"href":"https:\/\/techmasterdemexico.com\/en\/wp-json\/wp\/v2\/media\/11566"}],"wp:attachment":[{"href":"https:\/\/techmasterdemexico.com\/en\/wp-json\/wp\/v2\/media?parent=11565"}],"wp:term":[{"taxonomy":"pwb-brand","embeddable":true,"href":"https:\/\/techmasterdemexico.com\/en\/wp-json\/wp\/v2\/pwb-brand?post=11565"},{"taxonomy":"product_brand","embeddable":true,"href":"https:\/\/techmasterdemexico.com\/en\/wp-json\/wp\/v2\/product_brand?post=11565"},{"taxonomy":"product_cat","embeddable":true,"href":"https:\/\/techmasterdemexico.com\/en\/wp-json\/wp\/v2\/product_cat?post=11565"},{"taxonomy":"product_tag","embeddable":true,"href":"https:\/\/techmasterdemexico.com\/en\/wp-json\/wp\/v2\/product_tag?post=11565"}],"curies":[{"name":"wp","href":"https:\/\/api.w.org\/{rel}","templated":true}]}}