{"id":11555,"date":"2021-12-09T17:04:50","date_gmt":"2021-12-09T17:04:50","guid":{"rendered":"https:\/\/techmastermx.ddns.net\/?post_type=product&#038;p=11555"},"modified":"2022-05-12T04:14:54","modified_gmt":"2022-05-12T04:14:54","slug":"qvh4a-x606p1s-d-qv-stream-plus-hybrid-type-4a-606","status":"publish","type":"product","link":"https:\/\/techmasterdemexico.com\/en\/producto\/qvh4a-x606p1s-d-qv-stream-plus-hybrid-type-4a-606\/","title":{"rendered":"QVH4A-X606P1S-D QV STREAM PLUS HYBRID TYPE 4A 606"},"content":{"rendered":"<p><\/p>\n<div class=\"objectName\">\n<div class=\"objectName\">\n<p>QVH4A-X606P1S-D<br \/>\nQV STREAM PLUS HYBRID TYPE 4A 606<br \/>\nN\u00famero de art\u00edculo: 365-455-20<\/p>\n<p>&nbsp;<\/p>\n<ul>\n<li>La Quick Vision HYBRID tipo 4 es una m\u00e1quina multisensor que permite medir la topograf\u00eda de la superficie y el espesor de objetos transparentes.<\/li>\n<li>El rango de medici\u00f3n del sensor de escaneo es de 0-1200 \u00b5m.<\/li>\n<li>Eficaz incluso para \u00e1ngulos de inclinaci\u00f3n elevados. \u00c1ngulo de inclinaci\u00f3n m\u00e1ximo medible: \u00b1 80 \u00b0<\/li>\n<li>Logra una medici\u00f3n de altura de alta resoluci\u00f3n y alta exactitud mediante el m\u00e9todo confocal de longitud de onda que utiliza aberraci\u00f3n crom\u00e1tica axial.<\/li>\n<li>El control autom\u00e1tico de la intensidad de la luz proporciona mediciones confiables incluso cuando la reflectancia de la superficie medida cambia durante la medici\u00f3n.<\/li>\n<\/ul>\n<\/div>\n<\/div>\n<p><\/p>","protected":false},"excerpt":{"rendered":"<p>QVH4A-X606P1S-D QV STREAM PLUS HYBRID TYPE 4A 606 N\u00famero de art\u00edculo: 365-455-20 &nbsp; La Quick Vision HYBRID tipo 4 es una m\u00e1quina multisensor que permite medir la topograf\u00eda de la superficie y el espesor de objetos transparentes. El rango de medici\u00f3n del sensor de escaneo es de 0-1200 \u00b5m. Eficaz incluso para \u00e1ngulos de inclinaci\u00f3n [&hellip;]<\/p>\n","protected":false},"featured_media":11547,"template":"","meta":{"_acf_changed":false},"pwb-brand":[39],"product_brand":[],"product_cat":[366,38,351,348],"product_tag":[],"class_list":{"0":"post-11555","1":"product","2":"type-product","3":"status-publish","4":"has-post-thumbnail","6":"pwb-brand-mitutoyo","7":"product_cat-todos-los-productos","8":"product_cat-mitutoyo","9":"product_cat-quick-vision-sistema-multisensor-de-medicion-3d-cnc","10":"product_cat-sistemas-de-medicion-por-vision","12":"first","13":"instock","14":"taxable","15":"shipping-taxable","16":"product-type-simple"},"acf":[],"yoast_head":"<!-- This site is optimized with the Yoast SEO plugin v27.3 - https:\/\/yoast.com\/product\/yoast-seo-wordpress\/ -->\n<title>QVH4A-X606P1S-D QV STREAM PLUS HYBRID TYPE 4A 606 - Techmaster de Mexico<\/title>\n<meta name=\"robots\" content=\"index, follow, max-snippet:-1, max-image-preview:large, max-video-preview:-1\" \/>\n<link rel=\"canonical\" href=\"https:\/\/techmasterdemexico.com\/producto\/qvh4a-x606p1s-d-qv-stream-plus-hybrid-type-4a-606\/\" \/>\n<meta property=\"og:locale\" content=\"en_US\" \/>\n<meta property=\"og:type\" content=\"article\" \/>\n<meta property=\"og:title\" content=\"QVH4A-X606P1S-D QV STREAM PLUS HYBRID TYPE 4A 606 - Techmaster de Mexico\" \/>\n<meta property=\"og:description\" content=\"QVH4A-X606P1S-D QV STREAM PLUS HYBRID TYPE 4A 606 N\u00famero de art\u00edculo: 365-455-20 &nbsp; La Quick Vision HYBRID tipo 4 es una m\u00e1quina multisensor que permite medir la topograf\u00eda de la superficie y el espesor de objetos transparentes. El rango de medici\u00f3n del sensor de escaneo es de 0-1200 \u00b5m. Eficaz incluso para \u00e1ngulos de inclinaci\u00f3n [&hellip;]\" \/>\n<meta property=\"og:url\" content=\"https:\/\/techmasterdemexico.com\/producto\/qvh4a-x606p1s-d-qv-stream-plus-hybrid-type-4a-606\/\" \/>\n<meta property=\"og:site_name\" content=\"Techmaster de Mexico\" \/>\n<meta property=\"article:modified_time\" content=\"2022-05-12T04:14:54+00:00\" \/>\n<meta property=\"og:image\" content=\"https:\/\/techmasterdemexico.com\/wp-content\/uploads\/2021\/12\/qvh3_hyper_404_pro_psd.png\" \/>\n\t<meta property=\"og:image:width\" content=\"500\" \/>\n\t<meta property=\"og:image:height\" content=\"500\" \/>\n\t<meta property=\"og:image:type\" content=\"image\/png\" \/>\n<meta name=\"twitter:card\" content=\"summary_large_image\" \/>\n<meta name=\"twitter:label1\" content=\"Est. reading time\" \/>\n\t<meta name=\"twitter:data1\" content=\"1 minute\" \/>\n<script type=\"application\/ld+json\" class=\"yoast-schema-graph\">{\"@context\":\"https:\\\/\\\/schema.org\",\"@graph\":[{\"@type\":\"WebPage\",\"@id\":\"https:\\\/\\\/techmasterdemexico.com\\\/producto\\\/qvh4a-x606p1s-d-qv-stream-plus-hybrid-type-4a-606\\\/\",\"url\":\"https:\\\/\\\/techmasterdemexico.com\\\/producto\\\/qvh4a-x606p1s-d-qv-stream-plus-hybrid-type-4a-606\\\/\",\"name\":\"QVH4A-X606P1S-D QV STREAM PLUS HYBRID TYPE 4A 606 - Techmaster de Mexico\",\"isPartOf\":{\"@id\":\"https:\\\/\\\/techmasterdemexico.com\\\/#website\"},\"primaryImageOfPage\":{\"@id\":\"https:\\\/\\\/techmasterdemexico.com\\\/producto\\\/qvh4a-x606p1s-d-qv-stream-plus-hybrid-type-4a-606\\\/#primaryimage\"},\"image\":{\"@id\":\"https:\\\/\\\/techmasterdemexico.com\\\/producto\\\/qvh4a-x606p1s-d-qv-stream-plus-hybrid-type-4a-606\\\/#primaryimage\"},\"thumbnailUrl\":\"https:\\\/\\\/techmasterdemexico.com\\\/wp-content\\\/uploads\\\/2021\\\/12\\\/qvh3_hyper_404_pro_psd.png\",\"datePublished\":\"2021-12-09T17:04:50+00:00\",\"dateModified\":\"2022-05-12T04:14:54+00:00\",\"breadcrumb\":{\"@id\":\"https:\\\/\\\/techmasterdemexico.com\\\/producto\\\/qvh4a-x606p1s-d-qv-stream-plus-hybrid-type-4a-606\\\/#breadcrumb\"},\"inLanguage\":\"en-US\",\"potentialAction\":[{\"@type\":\"ReadAction\",\"target\":[\"https:\\\/\\\/techmasterdemexico.com\\\/producto\\\/qvh4a-x606p1s-d-qv-stream-plus-hybrid-type-4a-606\\\/\"]}]},{\"@type\":\"ImageObject\",\"inLanguage\":\"en-US\",\"@id\":\"https:\\\/\\\/techmasterdemexico.com\\\/producto\\\/qvh4a-x606p1s-d-qv-stream-plus-hybrid-type-4a-606\\\/#primaryimage\",\"url\":\"https:\\\/\\\/techmasterdemexico.com\\\/wp-content\\\/uploads\\\/2021\\\/12\\\/qvh3_hyper_404_pro_psd.png\",\"contentUrl\":\"https:\\\/\\\/techmasterdemexico.com\\\/wp-content\\\/uploads\\\/2021\\\/12\\\/qvh3_hyper_404_pro_psd.png\",\"width\":500,\"height\":500},{\"@type\":\"BreadcrumbList\",\"@id\":\"https:\\\/\\\/techmasterdemexico.com\\\/producto\\\/qvh4a-x606p1s-d-qv-stream-plus-hybrid-type-4a-606\\\/#breadcrumb\",\"itemListElement\":[{\"@type\":\"ListItem\",\"position\":1,\"name\":\"Portada\",\"item\":\"https:\\\/\\\/techmasterdemexico.com\\\/\"},{\"@type\":\"ListItem\",\"position\":2,\"name\":\"QVH4A-X606P1S-D QV STREAM PLUS HYBRID TYPE 4A 606\"}]},{\"@type\":\"WebSite\",\"@id\":\"https:\\\/\\\/techmasterdemexico.com\\\/#website\",\"url\":\"https:\\\/\\\/techmasterdemexico.com\\\/\",\"name\":\"Techmaster de Mexico\",\"description\":\"\",\"potentialAction\":[{\"@type\":\"SearchAction\",\"target\":{\"@type\":\"EntryPoint\",\"urlTemplate\":\"https:\\\/\\\/techmasterdemexico.com\\\/?s={search_term_string}\"},\"query-input\":{\"@type\":\"PropertyValueSpecification\",\"valueRequired\":true,\"valueName\":\"search_term_string\"}}],\"inLanguage\":\"en-US\"}]}<\/script>\n<!-- \/ Yoast SEO plugin. -->","yoast_head_json":{"title":"QVH4A-X606P1S-D QV STREAM PLUS HYBRID TYPE 4A 606 - Techmaster de Mexico","robots":{"index":"index","follow":"follow","max-snippet":"max-snippet:-1","max-image-preview":"max-image-preview:large","max-video-preview":"max-video-preview:-1"},"canonical":"https:\/\/techmasterdemexico.com\/producto\/qvh4a-x606p1s-d-qv-stream-plus-hybrid-type-4a-606\/","og_locale":"en_US","og_type":"article","og_title":"QVH4A-X606P1S-D QV STREAM PLUS HYBRID TYPE 4A 606 - Techmaster de Mexico","og_description":"QVH4A-X606P1S-D QV STREAM PLUS HYBRID TYPE 4A 606 N\u00famero de art\u00edculo: 365-455-20 &nbsp; La Quick Vision HYBRID tipo 4 es una m\u00e1quina multisensor que permite medir la topograf\u00eda de la superficie y el espesor de objetos transparentes. El rango de medici\u00f3n del sensor de escaneo es de 0-1200 \u00b5m. Eficaz incluso para \u00e1ngulos de inclinaci\u00f3n [&hellip;]","og_url":"https:\/\/techmasterdemexico.com\/producto\/qvh4a-x606p1s-d-qv-stream-plus-hybrid-type-4a-606\/","og_site_name":"Techmaster de Mexico","article_modified_time":"2022-05-12T04:14:54+00:00","og_image":[{"width":500,"height":500,"url":"https:\/\/techmasterdemexico.com\/wp-content\/uploads\/2021\/12\/qvh3_hyper_404_pro_psd.png","type":"image\/png"}],"twitter_card":"summary_large_image","twitter_misc":{"Est. reading time":"1 minute"},"schema":{"@context":"https:\/\/schema.org","@graph":[{"@type":"WebPage","@id":"https:\/\/techmasterdemexico.com\/producto\/qvh4a-x606p1s-d-qv-stream-plus-hybrid-type-4a-606\/","url":"https:\/\/techmasterdemexico.com\/producto\/qvh4a-x606p1s-d-qv-stream-plus-hybrid-type-4a-606\/","name":"QVH4A-X606P1S-D QV STREAM PLUS HYBRID TYPE 4A 606 - Techmaster de Mexico","isPartOf":{"@id":"https:\/\/techmasterdemexico.com\/#website"},"primaryImageOfPage":{"@id":"https:\/\/techmasterdemexico.com\/producto\/qvh4a-x606p1s-d-qv-stream-plus-hybrid-type-4a-606\/#primaryimage"},"image":{"@id":"https:\/\/techmasterdemexico.com\/producto\/qvh4a-x606p1s-d-qv-stream-plus-hybrid-type-4a-606\/#primaryimage"},"thumbnailUrl":"https:\/\/techmasterdemexico.com\/wp-content\/uploads\/2021\/12\/qvh3_hyper_404_pro_psd.png","datePublished":"2021-12-09T17:04:50+00:00","dateModified":"2022-05-12T04:14:54+00:00","breadcrumb":{"@id":"https:\/\/techmasterdemexico.com\/producto\/qvh4a-x606p1s-d-qv-stream-plus-hybrid-type-4a-606\/#breadcrumb"},"inLanguage":"en-US","potentialAction":[{"@type":"ReadAction","target":["https:\/\/techmasterdemexico.com\/producto\/qvh4a-x606p1s-d-qv-stream-plus-hybrid-type-4a-606\/"]}]},{"@type":"ImageObject","inLanguage":"en-US","@id":"https:\/\/techmasterdemexico.com\/producto\/qvh4a-x606p1s-d-qv-stream-plus-hybrid-type-4a-606\/#primaryimage","url":"https:\/\/techmasterdemexico.com\/wp-content\/uploads\/2021\/12\/qvh3_hyper_404_pro_psd.png","contentUrl":"https:\/\/techmasterdemexico.com\/wp-content\/uploads\/2021\/12\/qvh3_hyper_404_pro_psd.png","width":500,"height":500},{"@type":"BreadcrumbList","@id":"https:\/\/techmasterdemexico.com\/producto\/qvh4a-x606p1s-d-qv-stream-plus-hybrid-type-4a-606\/#breadcrumb","itemListElement":[{"@type":"ListItem","position":1,"name":"Portada","item":"https:\/\/techmasterdemexico.com\/"},{"@type":"ListItem","position":2,"name":"QVH4A-X606P1S-D QV STREAM PLUS HYBRID TYPE 4A 606"}]},{"@type":"WebSite","@id":"https:\/\/techmasterdemexico.com\/#website","url":"https:\/\/techmasterdemexico.com\/","name":"Techmaster de Mexico","description":"","potentialAction":[{"@type":"SearchAction","target":{"@type":"EntryPoint","urlTemplate":"https:\/\/techmasterdemexico.com\/?s={search_term_string}"},"query-input":{"@type":"PropertyValueSpecification","valueRequired":true,"valueName":"search_term_string"}}],"inLanguage":"en-US"}]}},"brands":[{"id":39,"name":"Mitutoyo","slug":"mitutoyo"}],"_links":{"self":[{"href":"https:\/\/techmasterdemexico.com\/en\/wp-json\/wp\/v2\/product\/11555","targetHints":{"allow":["GET"]}}],"collection":[{"href":"https:\/\/techmasterdemexico.com\/en\/wp-json\/wp\/v2\/product"}],"about":[{"href":"https:\/\/techmasterdemexico.com\/en\/wp-json\/wp\/v2\/types\/product"}],"wp:featuredmedia":[{"embeddable":true,"href":"https:\/\/techmasterdemexico.com\/en\/wp-json\/wp\/v2\/media\/11547"}],"wp:attachment":[{"href":"https:\/\/techmasterdemexico.com\/en\/wp-json\/wp\/v2\/media?parent=11555"}],"wp:term":[{"taxonomy":"pwb-brand","embeddable":true,"href":"https:\/\/techmasterdemexico.com\/en\/wp-json\/wp\/v2\/pwb-brand?post=11555"},{"taxonomy":"product_brand","embeddable":true,"href":"https:\/\/techmasterdemexico.com\/en\/wp-json\/wp\/v2\/product_brand?post=11555"},{"taxonomy":"product_cat","embeddable":true,"href":"https:\/\/techmasterdemexico.com\/en\/wp-json\/wp\/v2\/product_cat?post=11555"},{"taxonomy":"product_tag","embeddable":true,"href":"https:\/\/techmasterdemexico.com\/en\/wp-json\/wp\/v2\/product_tag?post=11555"}],"curies":[{"name":"wp","href":"https:\/\/api.w.org\/{rel}","templated":true}]}}