{"id":11526,"date":"2021-12-09T06:29:32","date_gmt":"2021-12-09T06:29:32","guid":{"rendered":"https:\/\/techmastermx.ddns.net\/?post_type=product&#038;p=11526"},"modified":"2022-05-12T04:15:32","modified_gmt":"2022-05-12T04:15:32","slug":"qi-c2010d-200-x-100-mm-motorized-2d-vision-measuring-machine","status":"publish","type":"product","link":"https:\/\/techmasterdemexico.com\/en\/producto\/qi-c2010d-200-x-100-mm-motorized-2d-vision-measuring-machine\/","title":{"rendered":"QI-C2010D, 200 x 100 mm Motorized 2D Vision Measuring Machine"},"content":{"rendered":"<p>QI-C2010D, 200 x 100 mm<br \/>\nMotorized 2D Vision Measuring Machine<br \/>\nN\u00famero de art\u00edculo: 361-860A<\/p>\n<p>&nbsp;<\/p>\n<p>Lo \u00faltimo en tecnolog\u00eda de operaci\u00f3n simple con medici\u00f3n de un clic.<\/p>\n<p>&nbsp;<\/p>\n<p>Este sistema de medici\u00f3n de visi\u00f3n 2D sin contacto le ofrece un nuevo concepto en instrumentos de medici\u00f3n de visi\u00f3n. Ofrece varias caracter\u00edsticas \u00fanicas para mejorar la eficiencia de sus mediciones, incluyendo:<\/p>\n<p>&nbsp;<\/p>\n<ul>\n<li>Profundidad focal larga y amplio campo de visi\u00f3n.<\/li>\n<li>Doble sistema \u00f3ptico telec\u00e9ntrico.<\/li>\n<li>C\u00e1mara a color de 3 megap\u00edxeles.<\/li>\n<li>Anillo de luz LED de cuatro cuadrantes.<\/li>\n<li>Los modelos de platinas motorizadas proporcionan la m\u00e1s alta eficiencia de medici\u00f3n.<\/li>\n<\/ul>\n","protected":false},"excerpt":{"rendered":"<ul>\n<li>Modelo:<br \/>\nQI-C2010D<\/li>\n<li>Rango de desplazamiento ejes X-, Y-:<br \/>\n200 x 100 [mm]<\/li>\n<li>Rango de desplazamiento eje Z:<br \/>\n100 [mm]<\/li>\n<li>Medida cristal de la mesa:<br \/>\n242 x 140 [mm]<\/li>\n<li>Modo de medici\u00f3n:<br \/>\nHigh-resolution mode and Normal mode<\/li>\n<li>Distancia de trabajo de sistema \u00f3ptico:<br \/>\n90 mm<\/li>\n<li>Sistema \u00f3ptico<br \/>\nprofundidad de enfoque<br \/>\n:<br \/>\nHigh-resolution mode : \u00b10.6 mm; Normal mode : \u00b111 mm<\/li>\n<li>Exactitud(1):<br \/>\nE1(x,y) = \u00b1(3.5+0.02L) \u03bcm*L = measuring length (mm)<\/li>\n<li>Aumento de sistema \u00f3ptico:<br \/>\nQI-C models : 0.2X<\/li>\n<li>C\u00e1mara CCD:<br \/>\n3 Megapixels colour CCD camera<\/li>\n<li>Iluminaci\u00f3n:<br \/>\n&#8211; Contour- Coaxial- 4-quadrant LED (RL)<\/li>\n<li>Precisi\u00f3n de la pantalla (\u00b12\u03c3):<br \/>\nSpecifications when at focal position QI-C models : \u00b12 \u03bcm (high-resolution mode)\u00b14 \u03bcm (normal mode)<\/li>\n<li>Repetibilidad (\u00b12 \u03c3)<br \/>\ndentro de la pantalla:<br \/>\nQI-C models : \u00b11 \u03bcm (high-resolution mode) \u00b12 \u03bcm (normal mode)<\/li>\n<li>Funciones:<br \/>\nModelos QI-C, 0,2x aumentos, mesa motorizada<\/li>\n<\/ul>\n","protected":false},"featured_media":11515,"template":"","meta":{"_acf_changed":false},"pwb-brand":[39],"product_brand":[],"product_cat":[366,38,350,348],"product_tag":[],"class_list":{"0":"post-11526","1":"product","2":"type-product","3":"status-publish","4":"has-post-thumbnail","6":"pwb-brand-mitutoyo","7":"product_cat-todos-los-productos","8":"product_cat-mitutoyo","9":"product_cat-quick-image-sistema-de-medicion-manual-por-vision-2d","10":"product_cat-sistemas-de-medicion-por-vision","12":"first","13":"instock","14":"taxable","15":"shipping-taxable","16":"product-type-simple"},"acf":[],"yoast_head":"<!-- This site is optimized with the Yoast SEO plugin v27.4 - https:\/\/yoast.com\/product\/yoast-seo-wordpress\/ -->\n<title>QI-C2010D, 200 x 100 mm Motorized 2D Vision Measuring Machine - Techmaster de Mexico<\/title>\n<meta name=\"robots\" content=\"index, follow, max-snippet:-1, max-image-preview:large, max-video-preview:-1\" \/>\n<link rel=\"canonical\" href=\"https:\/\/techmasterdemexico.com\/producto\/qi-c2010d-200-x-100-mm-motorized-2d-vision-measuring-machine\/\" \/>\n<meta property=\"og:locale\" content=\"en_US\" \/>\n<meta property=\"og:type\" content=\"article\" \/>\n<meta property=\"og:title\" content=\"QI-C2010D, 200 x 100 mm Motorized 2D Vision Measuring Machine - Techmaster de Mexico\" \/>\n<meta property=\"og:description\" content=\"Modelo: QI-C2010D  Rango de desplazamiento ejes X-, Y-: 200 x 100 [mm]  Rango de desplazamiento eje Z: 100 [mm]  Medida cristal de la mesa: 242 x 140 [mm]  Modo de medici\u00f3n: High-resolution mode and Normal mode  Distancia de trabajo de sistema \u00f3ptico: 90 mm  Sistema \u00f3ptico profundidad de enfoque : High-resolution mode : \u00b10.6 mm; Normal mode : \u00b111 mm  Exactitud(1): E1(x,y) = \u00b1(3.5+0.02L) \u03bcm*L = measuring length (mm)  Aumento de sistema \u00f3ptico: QI-C models : 0.2X  C\u00e1mara CCD: 3 Megapixels colour CCD camera  Iluminaci\u00f3n: - Contour- Coaxial- 4-quadrant LED (RL)  Precisi\u00f3n de la pantalla (\u00b12\u03c3): Specifications when at focal position QI-C models : \u00b12 \u03bcm (high-resolution mode)\u00b14 \u03bcm (normal mode)  Repetibilidad (\u00b12 \u03c3) dentro de la pantalla: QI-C models : \u00b11 \u03bcm (high-resolution mode) \u00b12 \u03bcm (normal mode)  Funciones: Modelos QI-C, 0,2x aumentos, mesa motorizada\" \/>\n<meta property=\"og:url\" content=\"https:\/\/techmasterdemexico.com\/producto\/qi-c2010d-200-x-100-mm-motorized-2d-vision-measuring-machine\/\" \/>\n<meta property=\"og:site_name\" content=\"Techmaster de Mexico\" \/>\n<meta property=\"article:modified_time\" content=\"2022-05-12T04:15:32+00:00\" \/>\n<meta property=\"og:image\" content=\"https:\/\/techmasterdemexico.com\/wp-content\/uploads\/2021\/12\/qi-ab_web_eps.png\" \/>\n\t<meta property=\"og:image:width\" content=\"500\" \/>\n\t<meta property=\"og:image:height\" content=\"500\" \/>\n\t<meta property=\"og:image:type\" content=\"image\/png\" \/>\n<meta name=\"twitter:card\" content=\"summary_large_image\" \/>\n<meta name=\"twitter:label1\" content=\"Est. reading time\" \/>\n\t<meta name=\"twitter:data1\" content=\"1 minute\" \/>\n<script type=\"application\/ld+json\" class=\"yoast-schema-graph\">{\"@context\":\"https:\\\/\\\/schema.org\",\"@graph\":[{\"@type\":\"WebPage\",\"@id\":\"https:\\\/\\\/techmasterdemexico.com\\\/producto\\\/qi-c2010d-200-x-100-mm-motorized-2d-vision-measuring-machine\\\/\",\"url\":\"https:\\\/\\\/techmasterdemexico.com\\\/producto\\\/qi-c2010d-200-x-100-mm-motorized-2d-vision-measuring-machine\\\/\",\"name\":\"QI-C2010D, 200 x 100 mm Motorized 2D Vision Measuring Machine - Techmaster de Mexico\",\"isPartOf\":{\"@id\":\"https:\\\/\\\/techmasterdemexico.com\\\/#website\"},\"primaryImageOfPage\":{\"@id\":\"https:\\\/\\\/techmasterdemexico.com\\\/producto\\\/qi-c2010d-200-x-100-mm-motorized-2d-vision-measuring-machine\\\/#primaryimage\"},\"image\":{\"@id\":\"https:\\\/\\\/techmasterdemexico.com\\\/producto\\\/qi-c2010d-200-x-100-mm-motorized-2d-vision-measuring-machine\\\/#primaryimage\"},\"thumbnailUrl\":\"https:\\\/\\\/techmasterdemexico.com\\\/wp-content\\\/uploads\\\/2021\\\/12\\\/qi-ab_web_eps.png\",\"datePublished\":\"2021-12-09T06:29:32+00:00\",\"dateModified\":\"2022-05-12T04:15:32+00:00\",\"breadcrumb\":{\"@id\":\"https:\\\/\\\/techmasterdemexico.com\\\/producto\\\/qi-c2010d-200-x-100-mm-motorized-2d-vision-measuring-machine\\\/#breadcrumb\"},\"inLanguage\":\"en-US\",\"potentialAction\":[{\"@type\":\"ReadAction\",\"target\":[\"https:\\\/\\\/techmasterdemexico.com\\\/producto\\\/qi-c2010d-200-x-100-mm-motorized-2d-vision-measuring-machine\\\/\"]}]},{\"@type\":\"ImageObject\",\"inLanguage\":\"en-US\",\"@id\":\"https:\\\/\\\/techmasterdemexico.com\\\/producto\\\/qi-c2010d-200-x-100-mm-motorized-2d-vision-measuring-machine\\\/#primaryimage\",\"url\":\"https:\\\/\\\/techmasterdemexico.com\\\/wp-content\\\/uploads\\\/2021\\\/12\\\/qi-ab_web_eps.png\",\"contentUrl\":\"https:\\\/\\\/techmasterdemexico.com\\\/wp-content\\\/uploads\\\/2021\\\/12\\\/qi-ab_web_eps.png\",\"width\":500,\"height\":500},{\"@type\":\"BreadcrumbList\",\"@id\":\"https:\\\/\\\/techmasterdemexico.com\\\/producto\\\/qi-c2010d-200-x-100-mm-motorized-2d-vision-measuring-machine\\\/#breadcrumb\",\"itemListElement\":[{\"@type\":\"ListItem\",\"position\":1,\"name\":\"Portada\",\"item\":\"https:\\\/\\\/techmasterdemexico.com\\\/\"},{\"@type\":\"ListItem\",\"position\":2,\"name\":\"QI-C2010D, 200 x 100 mm Motorized 2D Vision Measuring Machine\"}]},{\"@type\":\"WebSite\",\"@id\":\"https:\\\/\\\/techmasterdemexico.com\\\/#website\",\"url\":\"https:\\\/\\\/techmasterdemexico.com\\\/\",\"name\":\"Techmaster de Mexico\",\"description\":\"\",\"potentialAction\":[{\"@type\":\"SearchAction\",\"target\":{\"@type\":\"EntryPoint\",\"urlTemplate\":\"https:\\\/\\\/techmasterdemexico.com\\\/?s={search_term_string}\"},\"query-input\":{\"@type\":\"PropertyValueSpecification\",\"valueRequired\":true,\"valueName\":\"search_term_string\"}}],\"inLanguage\":\"en-US\"}]}<\/script>\n<!-- \/ Yoast SEO plugin. -->","yoast_head_json":{"title":"QI-C2010D, 200 x 100 mm Motorized 2D Vision Measuring Machine - Techmaster de Mexico","robots":{"index":"index","follow":"follow","max-snippet":"max-snippet:-1","max-image-preview":"max-image-preview:large","max-video-preview":"max-video-preview:-1"},"canonical":"https:\/\/techmasterdemexico.com\/producto\/qi-c2010d-200-x-100-mm-motorized-2d-vision-measuring-machine\/","og_locale":"en_US","og_type":"article","og_title":"QI-C2010D, 200 x 100 mm Motorized 2D Vision Measuring Machine - Techmaster de Mexico","og_description":"Modelo: QI-C2010D  Rango de desplazamiento ejes X-, Y-: 200 x 100 [mm]  Rango de desplazamiento eje Z: 100 [mm]  Medida cristal de la mesa: 242 x 140 [mm]  Modo de medici\u00f3n: High-resolution mode and Normal mode  Distancia de trabajo de sistema \u00f3ptico: 90 mm  Sistema \u00f3ptico profundidad de enfoque : High-resolution mode : \u00b10.6 mm; Normal mode : \u00b111 mm  Exactitud(1): E1(x,y) = \u00b1(3.5+0.02L) \u03bcm*L = measuring length (mm)  Aumento de sistema \u00f3ptico: QI-C models : 0.2X  C\u00e1mara CCD: 3 Megapixels colour CCD camera  Iluminaci\u00f3n: - Contour- Coaxial- 4-quadrant LED (RL)  Precisi\u00f3n de la pantalla (\u00b12\u03c3): Specifications when at focal position QI-C models : \u00b12 \u03bcm (high-resolution mode)\u00b14 \u03bcm (normal mode)  Repetibilidad (\u00b12 \u03c3) dentro de la pantalla: QI-C models : \u00b11 \u03bcm (high-resolution mode) \u00b12 \u03bcm (normal mode)  Funciones: Modelos QI-C, 0,2x aumentos, mesa motorizada","og_url":"https:\/\/techmasterdemexico.com\/producto\/qi-c2010d-200-x-100-mm-motorized-2d-vision-measuring-machine\/","og_site_name":"Techmaster de Mexico","article_modified_time":"2022-05-12T04:15:32+00:00","og_image":[{"width":500,"height":500,"url":"https:\/\/techmasterdemexico.com\/wp-content\/uploads\/2021\/12\/qi-ab_web_eps.png","type":"image\/png"}],"twitter_card":"summary_large_image","twitter_misc":{"Est. reading time":"1 minute"},"schema":{"@context":"https:\/\/schema.org","@graph":[{"@type":"WebPage","@id":"https:\/\/techmasterdemexico.com\/producto\/qi-c2010d-200-x-100-mm-motorized-2d-vision-measuring-machine\/","url":"https:\/\/techmasterdemexico.com\/producto\/qi-c2010d-200-x-100-mm-motorized-2d-vision-measuring-machine\/","name":"QI-C2010D, 200 x 100 mm Motorized 2D Vision Measuring Machine - Techmaster de Mexico","isPartOf":{"@id":"https:\/\/techmasterdemexico.com\/#website"},"primaryImageOfPage":{"@id":"https:\/\/techmasterdemexico.com\/producto\/qi-c2010d-200-x-100-mm-motorized-2d-vision-measuring-machine\/#primaryimage"},"image":{"@id":"https:\/\/techmasterdemexico.com\/producto\/qi-c2010d-200-x-100-mm-motorized-2d-vision-measuring-machine\/#primaryimage"},"thumbnailUrl":"https:\/\/techmasterdemexico.com\/wp-content\/uploads\/2021\/12\/qi-ab_web_eps.png","datePublished":"2021-12-09T06:29:32+00:00","dateModified":"2022-05-12T04:15:32+00:00","breadcrumb":{"@id":"https:\/\/techmasterdemexico.com\/producto\/qi-c2010d-200-x-100-mm-motorized-2d-vision-measuring-machine\/#breadcrumb"},"inLanguage":"en-US","potentialAction":[{"@type":"ReadAction","target":["https:\/\/techmasterdemexico.com\/producto\/qi-c2010d-200-x-100-mm-motorized-2d-vision-measuring-machine\/"]}]},{"@type":"ImageObject","inLanguage":"en-US","@id":"https:\/\/techmasterdemexico.com\/producto\/qi-c2010d-200-x-100-mm-motorized-2d-vision-measuring-machine\/#primaryimage","url":"https:\/\/techmasterdemexico.com\/wp-content\/uploads\/2021\/12\/qi-ab_web_eps.png","contentUrl":"https:\/\/techmasterdemexico.com\/wp-content\/uploads\/2021\/12\/qi-ab_web_eps.png","width":500,"height":500},{"@type":"BreadcrumbList","@id":"https:\/\/techmasterdemexico.com\/producto\/qi-c2010d-200-x-100-mm-motorized-2d-vision-measuring-machine\/#breadcrumb","itemListElement":[{"@type":"ListItem","position":1,"name":"Portada","item":"https:\/\/techmasterdemexico.com\/"},{"@type":"ListItem","position":2,"name":"QI-C2010D, 200 x 100 mm Motorized 2D Vision Measuring Machine"}]},{"@type":"WebSite","@id":"https:\/\/techmasterdemexico.com\/#website","url":"https:\/\/techmasterdemexico.com\/","name":"Techmaster de Mexico","description":"","potentialAction":[{"@type":"SearchAction","target":{"@type":"EntryPoint","urlTemplate":"https:\/\/techmasterdemexico.com\/?s={search_term_string}"},"query-input":{"@type":"PropertyValueSpecification","valueRequired":true,"valueName":"search_term_string"}}],"inLanguage":"en-US"}]}},"brands":[{"id":39,"name":"Mitutoyo","slug":"mitutoyo"}],"_links":{"self":[{"href":"https:\/\/techmasterdemexico.com\/en\/wp-json\/wp\/v2\/product\/11526","targetHints":{"allow":["GET"]}}],"collection":[{"href":"https:\/\/techmasterdemexico.com\/en\/wp-json\/wp\/v2\/product"}],"about":[{"href":"https:\/\/techmasterdemexico.com\/en\/wp-json\/wp\/v2\/types\/product"}],"wp:featuredmedia":[{"embeddable":true,"href":"https:\/\/techmasterdemexico.com\/en\/wp-json\/wp\/v2\/media\/11515"}],"wp:attachment":[{"href":"https:\/\/techmasterdemexico.com\/en\/wp-json\/wp\/v2\/media?parent=11526"}],"wp:term":[{"taxonomy":"pwb-brand","embeddable":true,"href":"https:\/\/techmasterdemexico.com\/en\/wp-json\/wp\/v2\/pwb-brand?post=11526"},{"taxonomy":"product_brand","embeddable":true,"href":"https:\/\/techmasterdemexico.com\/en\/wp-json\/wp\/v2\/product_brand?post=11526"},{"taxonomy":"product_cat","embeddable":true,"href":"https:\/\/techmasterdemexico.com\/en\/wp-json\/wp\/v2\/product_cat?post=11526"},{"taxonomy":"product_tag","embeddable":true,"href":"https:\/\/techmasterdemexico.com\/en\/wp-json\/wp\/v2\/product_tag?post=11526"}],"curies":[{"name":"wp","href":"https:\/\/api.w.org\/{rel}","templated":true}]}}