{"id":11509,"date":"2021-12-08T23:31:55","date_gmt":"2021-12-08T23:31:55","guid":{"rendered":"https:\/\/techmastermx.ddns.net\/?post_type=product&#038;p=11509"},"modified":"2022-05-12T04:16:08","modified_gmt":"2022-05-12T04:16:08","slug":"plantilla-de-calibracion-con-soporte","status":"publish","type":"product","link":"https:\/\/techmasterdemexico.com\/en\/producto\/plantilla-de-calibracion-con-soporte\/","title":{"rendered":"Plantilla de calibraci\u00f3n con soporte"},"content":{"rendered":"<p>Plantilla de calibraci\u00f3n con soporte<br \/>\nTabla de calibraci\u00f3n con soporte<br \/>\nN\u00famero de art\u00edculo: 02ATN695<\/p>\n","protected":false},"excerpt":{"rendered":"<p>Plantilla de calibraci\u00f3n con soporte Tabla de calibraci\u00f3n con soporte N\u00famero de art\u00edculo: 02ATN695<\/p>\n","protected":false},"featured_media":11510,"template":"","meta":{"_acf_changed":false},"pwb-brand":[39],"product_brand":[],"product_cat":[366,349,38,348],"product_tag":[],"class_list":{"0":"post-11509","1":"product","2":"type-product","3":"status-publish","4":"has-post-thumbnail","6":"pwb-brand-mitutoyo","7":"product_cat-todos-los-productos","8":"product_cat-accesorios-para-sistemas-de-vision","9":"product_cat-mitutoyo","10":"product_cat-sistemas-de-medicion-por-vision","12":"first","13":"instock","14":"taxable","15":"shipping-taxable","16":"product-type-simple"},"acf":[],"yoast_head":"<!-- This site is optimized with the Yoast SEO plugin v27.4 - https:\/\/yoast.com\/product\/yoast-seo-wordpress\/ -->\n<title>Plantilla de calibraci\u00f3n con soporte - Techmaster de Mexico<\/title>\n<meta name=\"robots\" content=\"index, follow, max-snippet:-1, max-image-preview:large, max-video-preview:-1\" \/>\n<link rel=\"canonical\" href=\"https:\/\/techmasterdemexico.com\/en\/producto\/plantilla-de-calibracion-con-soporte\/\" \/>\n<meta property=\"og:locale\" content=\"en_US\" \/>\n<meta property=\"og:type\" content=\"article\" \/>\n<meta property=\"og:title\" content=\"Plantilla de calibraci\u00f3n con soporte - Techmaster de Mexico\" \/>\n<meta property=\"og:description\" content=\"Plantilla de calibraci\u00f3n con soporte Tabla de calibraci\u00f3n con soporte N\u00famero de art\u00edculo: 02ATN695\" \/>\n<meta property=\"og:url\" content=\"https:\/\/techmasterdemexico.com\/en\/producto\/plantilla-de-calibracion-con-soporte\/\" \/>\n<meta property=\"og:site_name\" content=\"Techmaster de Mexico\" \/>\n<meta property=\"article:modified_time\" content=\"2022-05-12T04:16:08+00:00\" \/>\n<meta property=\"og:image\" content=\"https:\/\/techmasterdemexico.com\/wp-content\/uploads\/2021\/12\/02atn695_z1_eps.png\" \/>\n\t<meta property=\"og:image:width\" content=\"500\" \/>\n\t<meta property=\"og:image:height\" content=\"500\" \/>\n\t<meta property=\"og:image:type\" content=\"image\/png\" \/>\n<meta name=\"twitter:card\" content=\"summary_large_image\" \/>\n<script type=\"application\/ld+json\" class=\"yoast-schema-graph\">{\"@context\":\"https:\\\/\\\/schema.org\",\"@graph\":[{\"@type\":\"WebPage\",\"@id\":\"https:\\\/\\\/techmasterdemexico.com\\\/en\\\/producto\\\/plantilla-de-calibracion-con-soporte\\\/\",\"url\":\"https:\\\/\\\/techmasterdemexico.com\\\/en\\\/producto\\\/plantilla-de-calibracion-con-soporte\\\/\",\"name\":\"Plantilla de calibraci\u00f3n con soporte - Techmaster de Mexico\",\"isPartOf\":{\"@id\":\"https:\\\/\\\/techmasterdemexico.com\\\/#website\"},\"primaryImageOfPage\":{\"@id\":\"https:\\\/\\\/techmasterdemexico.com\\\/en\\\/producto\\\/plantilla-de-calibracion-con-soporte\\\/#primaryimage\"},\"image\":{\"@id\":\"https:\\\/\\\/techmasterdemexico.com\\\/en\\\/producto\\\/plantilla-de-calibracion-con-soporte\\\/#primaryimage\"},\"thumbnailUrl\":\"https:\\\/\\\/techmasterdemexico.com\\\/wp-content\\\/uploads\\\/2021\\\/12\\\/02atn695_z1_eps.png\",\"datePublished\":\"2021-12-08T23:31:55+00:00\",\"dateModified\":\"2022-05-12T04:16:08+00:00\",\"breadcrumb\":{\"@id\":\"https:\\\/\\\/techmasterdemexico.com\\\/en\\\/producto\\\/plantilla-de-calibracion-con-soporte\\\/#breadcrumb\"},\"inLanguage\":\"en-US\",\"potentialAction\":[{\"@type\":\"ReadAction\",\"target\":[\"https:\\\/\\\/techmasterdemexico.com\\\/en\\\/producto\\\/plantilla-de-calibracion-con-soporte\\\/\"]}]},{\"@type\":\"ImageObject\",\"inLanguage\":\"en-US\",\"@id\":\"https:\\\/\\\/techmasterdemexico.com\\\/en\\\/producto\\\/plantilla-de-calibracion-con-soporte\\\/#primaryimage\",\"url\":\"https:\\\/\\\/techmasterdemexico.com\\\/wp-content\\\/uploads\\\/2021\\\/12\\\/02atn695_z1_eps.png\",\"contentUrl\":\"https:\\\/\\\/techmasterdemexico.com\\\/wp-content\\\/uploads\\\/2021\\\/12\\\/02atn695_z1_eps.png\",\"width\":500,\"height\":500},{\"@type\":\"BreadcrumbList\",\"@id\":\"https:\\\/\\\/techmasterdemexico.com\\\/en\\\/producto\\\/plantilla-de-calibracion-con-soporte\\\/#breadcrumb\",\"itemListElement\":[{\"@type\":\"ListItem\",\"position\":1,\"name\":\"Portada\",\"item\":\"https:\\\/\\\/techmasterdemexico.com\\\/\"},{\"@type\":\"ListItem\",\"position\":2,\"name\":\"Plantilla de calibraci\u00f3n con soporte\"}]},{\"@type\":\"WebSite\",\"@id\":\"https:\\\/\\\/techmasterdemexico.com\\\/#website\",\"url\":\"https:\\\/\\\/techmasterdemexico.com\\\/\",\"name\":\"Techmaster de Mexico\",\"description\":\"\",\"potentialAction\":[{\"@type\":\"SearchAction\",\"target\":{\"@type\":\"EntryPoint\",\"urlTemplate\":\"https:\\\/\\\/techmasterdemexico.com\\\/?s={search_term_string}\"},\"query-input\":{\"@type\":\"PropertyValueSpecification\",\"valueRequired\":true,\"valueName\":\"search_term_string\"}}],\"inLanguage\":\"en-US\"}]}<\/script>\n<!-- \/ Yoast SEO plugin. -->","yoast_head_json":{"title":"Plantilla de calibraci\u00f3n con soporte - Techmaster de Mexico","robots":{"index":"index","follow":"follow","max-snippet":"max-snippet:-1","max-image-preview":"max-image-preview:large","max-video-preview":"max-video-preview:-1"},"canonical":"https:\/\/techmasterdemexico.com\/en\/producto\/plantilla-de-calibracion-con-soporte\/","og_locale":"en_US","og_type":"article","og_title":"Plantilla de calibraci\u00f3n con soporte - Techmaster de Mexico","og_description":"Plantilla de calibraci\u00f3n con soporte Tabla de calibraci\u00f3n con soporte N\u00famero de art\u00edculo: 02ATN695","og_url":"https:\/\/techmasterdemexico.com\/en\/producto\/plantilla-de-calibracion-con-soporte\/","og_site_name":"Techmaster de Mexico","article_modified_time":"2022-05-12T04:16:08+00:00","og_image":[{"width":500,"height":500,"url":"https:\/\/techmasterdemexico.com\/wp-content\/uploads\/2021\/12\/02atn695_z1_eps.png","type":"image\/png"}],"twitter_card":"summary_large_image","schema":{"@context":"https:\/\/schema.org","@graph":[{"@type":"WebPage","@id":"https:\/\/techmasterdemexico.com\/en\/producto\/plantilla-de-calibracion-con-soporte\/","url":"https:\/\/techmasterdemexico.com\/en\/producto\/plantilla-de-calibracion-con-soporte\/","name":"Plantilla de calibraci\u00f3n con soporte - Techmaster de Mexico","isPartOf":{"@id":"https:\/\/techmasterdemexico.com\/#website"},"primaryImageOfPage":{"@id":"https:\/\/techmasterdemexico.com\/en\/producto\/plantilla-de-calibracion-con-soporte\/#primaryimage"},"image":{"@id":"https:\/\/techmasterdemexico.com\/en\/producto\/plantilla-de-calibracion-con-soporte\/#primaryimage"},"thumbnailUrl":"https:\/\/techmasterdemexico.com\/wp-content\/uploads\/2021\/12\/02atn695_z1_eps.png","datePublished":"2021-12-08T23:31:55+00:00","dateModified":"2022-05-12T04:16:08+00:00","breadcrumb":{"@id":"https:\/\/techmasterdemexico.com\/en\/producto\/plantilla-de-calibracion-con-soporte\/#breadcrumb"},"inLanguage":"en-US","potentialAction":[{"@type":"ReadAction","target":["https:\/\/techmasterdemexico.com\/en\/producto\/plantilla-de-calibracion-con-soporte\/"]}]},{"@type":"ImageObject","inLanguage":"en-US","@id":"https:\/\/techmasterdemexico.com\/en\/producto\/plantilla-de-calibracion-con-soporte\/#primaryimage","url":"https:\/\/techmasterdemexico.com\/wp-content\/uploads\/2021\/12\/02atn695_z1_eps.png","contentUrl":"https:\/\/techmasterdemexico.com\/wp-content\/uploads\/2021\/12\/02atn695_z1_eps.png","width":500,"height":500},{"@type":"BreadcrumbList","@id":"https:\/\/techmasterdemexico.com\/en\/producto\/plantilla-de-calibracion-con-soporte\/#breadcrumb","itemListElement":[{"@type":"ListItem","position":1,"name":"Portada","item":"https:\/\/techmasterdemexico.com\/"},{"@type":"ListItem","position":2,"name":"Plantilla de calibraci\u00f3n con soporte"}]},{"@type":"WebSite","@id":"https:\/\/techmasterdemexico.com\/#website","url":"https:\/\/techmasterdemexico.com\/","name":"Techmaster de Mexico","description":"","potentialAction":[{"@type":"SearchAction","target":{"@type":"EntryPoint","urlTemplate":"https:\/\/techmasterdemexico.com\/?s={search_term_string}"},"query-input":{"@type":"PropertyValueSpecification","valueRequired":true,"valueName":"search_term_string"}}],"inLanguage":"en-US"}]}},"brands":[{"id":39,"name":"Mitutoyo","slug":"mitutoyo"}],"_links":{"self":[{"href":"https:\/\/techmasterdemexico.com\/en\/wp-json\/wp\/v2\/product\/11509","targetHints":{"allow":["GET"]}}],"collection":[{"href":"https:\/\/techmasterdemexico.com\/en\/wp-json\/wp\/v2\/product"}],"about":[{"href":"https:\/\/techmasterdemexico.com\/en\/wp-json\/wp\/v2\/types\/product"}],"wp:featuredmedia":[{"embeddable":true,"href":"https:\/\/techmasterdemexico.com\/en\/wp-json\/wp\/v2\/media\/11510"}],"wp:attachment":[{"href":"https:\/\/techmasterdemexico.com\/en\/wp-json\/wp\/v2\/media?parent=11509"}],"wp:term":[{"taxonomy":"pwb-brand","embeddable":true,"href":"https:\/\/techmasterdemexico.com\/en\/wp-json\/wp\/v2\/pwb-brand?post=11509"},{"taxonomy":"product_brand","embeddable":true,"href":"https:\/\/techmasterdemexico.com\/en\/wp-json\/wp\/v2\/product_brand?post=11509"},{"taxonomy":"product_cat","embeddable":true,"href":"https:\/\/techmasterdemexico.com\/en\/wp-json\/wp\/v2\/product_cat?post=11509"},{"taxonomy":"product_tag","embeddable":true,"href":"https:\/\/techmasterdemexico.com\/en\/wp-json\/wp\/v2\/product_tag?post=11509"}],"curies":[{"name":"wp","href":"https:\/\/api.w.org\/{rel}","templated":true}]}}