{"id":11483,"date":"2021-12-08T01:57:23","date_gmt":"2021-12-08T01:57:23","guid":{"rendered":"https:\/\/techmastermx.ddns.net\/?post_type=product&#038;p=11483"},"modified":"2022-05-12T04:16:52","modified_gmt":"2022-05-12T04:16:52","slug":"fuente-de-luz-pulsada-pls-for-taglens-t","status":"publish","type":"product","link":"https:\/\/techmasterdemexico.com\/en\/producto\/fuente-de-luz-pulsada-pls-for-taglens-t\/","title":{"rendered":"Fuente de luz pulsada (PLS) for TAGLENS-T1"},"content":{"rendered":"<p>Fuente de luz pulsada (PLS)<br \/>\nfor TAGLENS-T1<br \/>\nN\u00famero de art\u00edculo: 379-200A<\/p>\n<p>&nbsp;<\/p>\n<p>La nueva fuente de luz pulsada (PLS) es un iluminador de pulsos LED ultrarr\u00e1pido que se combina con TAGLENS-T1 para lograr la adquisici\u00f3n de im\u00e1genes enfocadas y la s\u00edntesis de im\u00e1genes bidimensionales en la posici\u00f3n deseada.<\/p>\n<p>&nbsp;<\/p>\n<p>Con el software PLS y TAGLENS (TAGPAK-C), se puede ajustar el brillo y la posici\u00f3n de enfoque.<\/p>\n","protected":false},"excerpt":{"rendered":"<ul>\n<li>Sistema de iluminaci\u00f3n:<br \/>\nIluminaci\u00f3n de pulso<\/li>\n<li>Color luminoso:<br \/>\nBlanco<\/li>\n<li>Frecuencia:<br \/>\n75 kHz o menos<\/li>\n<li>Salida de luz m\u00e1xima:<br \/>\n30 lm<\/li>\n<li>Ancho de pulso de entrada:<br \/>\n10 ns a 85 ns<\/li>\n<li>Ancho de pulso \u00f3ptico:<br \/>\n50 ns a 100 ns<\/li>\n<li>Rango de temperatura de funcionamiento:<br \/>\n5 a 40 \u00b0 C, 80% RH m\u00e1x.<\/li>\n<\/ul>\n","protected":false},"featured_media":11485,"template":"","meta":{"_acf_changed":false},"pwb-brand":[39],"product_brand":[],"product_cat":[366,347,38,342],"product_tag":[],"class_list":{"0":"post-11483","1":"product","2":"type-product","3":"status-publish","4":"has-post-thumbnail","6":"pwb-brand-mitutoyo","7":"product_cat-todos-los-productos","8":"product_cat-lupas-oculares","9":"product_cat-mitutoyo","10":"product_cat-sistemas-opticos","12":"first","13":"instock","14":"taxable","15":"shipping-taxable","16":"product-type-simple"},"acf":[],"yoast_head":"<!-- This site is optimized with the Yoast SEO plugin v27.4 - https:\/\/yoast.com\/product\/yoast-seo-wordpress\/ -->\n<title>Fuente de luz pulsada (PLS) for TAGLENS-T1 - Techmaster de Mexico<\/title>\n<meta name=\"robots\" content=\"index, follow, max-snippet:-1, max-image-preview:large, max-video-preview:-1\" \/>\n<link rel=\"canonical\" href=\"https:\/\/techmasterdemexico.com\/producto\/fuente-de-luz-pulsada-pls-for-taglens-t\/\" \/>\n<meta property=\"og:locale\" content=\"en_US\" \/>\n<meta property=\"og:type\" content=\"article\" \/>\n<meta property=\"og:title\" content=\"Fuente de luz pulsada (PLS) for TAGLENS-T1 - Techmaster de Mexico\" \/>\n<meta property=\"og:description\" content=\"Sistema de iluminaci\u00f3n: Iluminaci\u00f3n de pulso  Color luminoso: Blanco  Frecuencia: 75 kHz o menos  Salida de luz m\u00e1xima: 30 lm  Ancho de pulso de entrada: 10 ns a 85 ns  Ancho de pulso \u00f3ptico: 50 ns a 100 ns  Rango de temperatura de funcionamiento: 5 a 40 \u00b0 C, 80% RH m\u00e1x.\" \/>\n<meta property=\"og:url\" content=\"https:\/\/techmasterdemexico.com\/producto\/fuente-de-luz-pulsada-pls-for-taglens-t\/\" \/>\n<meta property=\"og:site_name\" content=\"Techmaster de Mexico\" \/>\n<meta property=\"article:modified_time\" content=\"2022-05-12T04:16:52+00:00\" \/>\n<meta property=\"og:image\" content=\"https:\/\/techmasterdemexico.com\/wp-content\/uploads\/2021\/12\/32_3_pls_201911_fs_2_jpg.png\" \/>\n\t<meta property=\"og:image:width\" content=\"500\" \/>\n\t<meta property=\"og:image:height\" content=\"500\" \/>\n\t<meta property=\"og:image:type\" content=\"image\/png\" \/>\n<meta name=\"twitter:card\" content=\"summary_large_image\" \/>\n<script type=\"application\/ld+json\" class=\"yoast-schema-graph\">{\"@context\":\"https:\\\/\\\/schema.org\",\"@graph\":[{\"@type\":\"WebPage\",\"@id\":\"https:\\\/\\\/techmasterdemexico.com\\\/producto\\\/fuente-de-luz-pulsada-pls-for-taglens-t\\\/\",\"url\":\"https:\\\/\\\/techmasterdemexico.com\\\/producto\\\/fuente-de-luz-pulsada-pls-for-taglens-t\\\/\",\"name\":\"Fuente de luz pulsada (PLS) for TAGLENS-T1 - Techmaster de Mexico\",\"isPartOf\":{\"@id\":\"https:\\\/\\\/techmasterdemexico.com\\\/#website\"},\"primaryImageOfPage\":{\"@id\":\"https:\\\/\\\/techmasterdemexico.com\\\/producto\\\/fuente-de-luz-pulsada-pls-for-taglens-t\\\/#primaryimage\"},\"image\":{\"@id\":\"https:\\\/\\\/techmasterdemexico.com\\\/producto\\\/fuente-de-luz-pulsada-pls-for-taglens-t\\\/#primaryimage\"},\"thumbnailUrl\":\"https:\\\/\\\/techmasterdemexico.com\\\/wp-content\\\/uploads\\\/2021\\\/12\\\/32_3_pls_201911_fs_2_jpg.png\",\"datePublished\":\"2021-12-08T01:57:23+00:00\",\"dateModified\":\"2022-05-12T04:16:52+00:00\",\"breadcrumb\":{\"@id\":\"https:\\\/\\\/techmasterdemexico.com\\\/producto\\\/fuente-de-luz-pulsada-pls-for-taglens-t\\\/#breadcrumb\"},\"inLanguage\":\"en-US\",\"potentialAction\":[{\"@type\":\"ReadAction\",\"target\":[\"https:\\\/\\\/techmasterdemexico.com\\\/producto\\\/fuente-de-luz-pulsada-pls-for-taglens-t\\\/\"]}]},{\"@type\":\"ImageObject\",\"inLanguage\":\"en-US\",\"@id\":\"https:\\\/\\\/techmasterdemexico.com\\\/producto\\\/fuente-de-luz-pulsada-pls-for-taglens-t\\\/#primaryimage\",\"url\":\"https:\\\/\\\/techmasterdemexico.com\\\/wp-content\\\/uploads\\\/2021\\\/12\\\/32_3_pls_201911_fs_2_jpg.png\",\"contentUrl\":\"https:\\\/\\\/techmasterdemexico.com\\\/wp-content\\\/uploads\\\/2021\\\/12\\\/32_3_pls_201911_fs_2_jpg.png\",\"width\":500,\"height\":500},{\"@type\":\"BreadcrumbList\",\"@id\":\"https:\\\/\\\/techmasterdemexico.com\\\/producto\\\/fuente-de-luz-pulsada-pls-for-taglens-t\\\/#breadcrumb\",\"itemListElement\":[{\"@type\":\"ListItem\",\"position\":1,\"name\":\"Portada\",\"item\":\"https:\\\/\\\/techmasterdemexico.com\\\/\"},{\"@type\":\"ListItem\",\"position\":2,\"name\":\"Fuente de luz pulsada (PLS) for TAGLENS-T1\"}]},{\"@type\":\"WebSite\",\"@id\":\"https:\\\/\\\/techmasterdemexico.com\\\/#website\",\"url\":\"https:\\\/\\\/techmasterdemexico.com\\\/\",\"name\":\"Techmaster de Mexico\",\"description\":\"\",\"potentialAction\":[{\"@type\":\"SearchAction\",\"target\":{\"@type\":\"EntryPoint\",\"urlTemplate\":\"https:\\\/\\\/techmasterdemexico.com\\\/?s={search_term_string}\"},\"query-input\":{\"@type\":\"PropertyValueSpecification\",\"valueRequired\":true,\"valueName\":\"search_term_string\"}}],\"inLanguage\":\"en-US\"}]}<\/script>\n<!-- \/ Yoast SEO plugin. -->","yoast_head_json":{"title":"Fuente de luz pulsada (PLS) for TAGLENS-T1 - Techmaster de Mexico","robots":{"index":"index","follow":"follow","max-snippet":"max-snippet:-1","max-image-preview":"max-image-preview:large","max-video-preview":"max-video-preview:-1"},"canonical":"https:\/\/techmasterdemexico.com\/producto\/fuente-de-luz-pulsada-pls-for-taglens-t\/","og_locale":"en_US","og_type":"article","og_title":"Fuente de luz pulsada (PLS) for TAGLENS-T1 - Techmaster de Mexico","og_description":"Sistema de iluminaci\u00f3n: Iluminaci\u00f3n de pulso  Color luminoso: Blanco  Frecuencia: 75 kHz o menos  Salida de luz m\u00e1xima: 30 lm  Ancho de pulso de entrada: 10 ns a 85 ns  Ancho de pulso \u00f3ptico: 50 ns a 100 ns  Rango de temperatura de funcionamiento: 5 a 40 \u00b0 C, 80% RH m\u00e1x.","og_url":"https:\/\/techmasterdemexico.com\/producto\/fuente-de-luz-pulsada-pls-for-taglens-t\/","og_site_name":"Techmaster de Mexico","article_modified_time":"2022-05-12T04:16:52+00:00","og_image":[{"width":500,"height":500,"url":"https:\/\/techmasterdemexico.com\/wp-content\/uploads\/2021\/12\/32_3_pls_201911_fs_2_jpg.png","type":"image\/png"}],"twitter_card":"summary_large_image","schema":{"@context":"https:\/\/schema.org","@graph":[{"@type":"WebPage","@id":"https:\/\/techmasterdemexico.com\/producto\/fuente-de-luz-pulsada-pls-for-taglens-t\/","url":"https:\/\/techmasterdemexico.com\/producto\/fuente-de-luz-pulsada-pls-for-taglens-t\/","name":"Fuente de luz pulsada (PLS) for TAGLENS-T1 - Techmaster de Mexico","isPartOf":{"@id":"https:\/\/techmasterdemexico.com\/#website"},"primaryImageOfPage":{"@id":"https:\/\/techmasterdemexico.com\/producto\/fuente-de-luz-pulsada-pls-for-taglens-t\/#primaryimage"},"image":{"@id":"https:\/\/techmasterdemexico.com\/producto\/fuente-de-luz-pulsada-pls-for-taglens-t\/#primaryimage"},"thumbnailUrl":"https:\/\/techmasterdemexico.com\/wp-content\/uploads\/2021\/12\/32_3_pls_201911_fs_2_jpg.png","datePublished":"2021-12-08T01:57:23+00:00","dateModified":"2022-05-12T04:16:52+00:00","breadcrumb":{"@id":"https:\/\/techmasterdemexico.com\/producto\/fuente-de-luz-pulsada-pls-for-taglens-t\/#breadcrumb"},"inLanguage":"en-US","potentialAction":[{"@type":"ReadAction","target":["https:\/\/techmasterdemexico.com\/producto\/fuente-de-luz-pulsada-pls-for-taglens-t\/"]}]},{"@type":"ImageObject","inLanguage":"en-US","@id":"https:\/\/techmasterdemexico.com\/producto\/fuente-de-luz-pulsada-pls-for-taglens-t\/#primaryimage","url":"https:\/\/techmasterdemexico.com\/wp-content\/uploads\/2021\/12\/32_3_pls_201911_fs_2_jpg.png","contentUrl":"https:\/\/techmasterdemexico.com\/wp-content\/uploads\/2021\/12\/32_3_pls_201911_fs_2_jpg.png","width":500,"height":500},{"@type":"BreadcrumbList","@id":"https:\/\/techmasterdemexico.com\/producto\/fuente-de-luz-pulsada-pls-for-taglens-t\/#breadcrumb","itemListElement":[{"@type":"ListItem","position":1,"name":"Portada","item":"https:\/\/techmasterdemexico.com\/"},{"@type":"ListItem","position":2,"name":"Fuente de luz pulsada (PLS) for TAGLENS-T1"}]},{"@type":"WebSite","@id":"https:\/\/techmasterdemexico.com\/#website","url":"https:\/\/techmasterdemexico.com\/","name":"Techmaster de Mexico","description":"","potentialAction":[{"@type":"SearchAction","target":{"@type":"EntryPoint","urlTemplate":"https:\/\/techmasterdemexico.com\/?s={search_term_string}"},"query-input":{"@type":"PropertyValueSpecification","valueRequired":true,"valueName":"search_term_string"}}],"inLanguage":"en-US"}]}},"brands":[{"id":39,"name":"Mitutoyo","slug":"mitutoyo"}],"_links":{"self":[{"href":"https:\/\/techmasterdemexico.com\/en\/wp-json\/wp\/v2\/product\/11483","targetHints":{"allow":["GET"]}}],"collection":[{"href":"https:\/\/techmasterdemexico.com\/en\/wp-json\/wp\/v2\/product"}],"about":[{"href":"https:\/\/techmasterdemexico.com\/en\/wp-json\/wp\/v2\/types\/product"}],"wp:featuredmedia":[{"embeddable":true,"href":"https:\/\/techmasterdemexico.com\/en\/wp-json\/wp\/v2\/media\/11485"}],"wp:attachment":[{"href":"https:\/\/techmasterdemexico.com\/en\/wp-json\/wp\/v2\/media?parent=11483"}],"wp:term":[{"taxonomy":"pwb-brand","embeddable":true,"href":"https:\/\/techmasterdemexico.com\/en\/wp-json\/wp\/v2\/pwb-brand?post=11483"},{"taxonomy":"product_brand","embeddable":true,"href":"https:\/\/techmasterdemexico.com\/en\/wp-json\/wp\/v2\/product_brand?post=11483"},{"taxonomy":"product_cat","embeddable":true,"href":"https:\/\/techmasterdemexico.com\/en\/wp-json\/wp\/v2\/product_cat?post=11483"},{"taxonomy":"product_tag","embeddable":true,"href":"https:\/\/techmasterdemexico.com\/en\/wp-json\/wp\/v2\/product_tag?post=11483"}],"curies":[{"name":"wp","href":"https:\/\/api.w.org\/{rel}","templated":true}]}}