{"id":11463,"date":"2021-12-08T01:05:45","date_gmt":"2021-12-08T01:05:45","guid":{"rendered":"https:\/\/techmastermx.ddns.net\/?post_type=product&#038;p=11463"},"modified":"2022-05-12T04:16:57","modified_gmt":"2022-05-12T04:16:57","slug":"m-plan-apo-100x","status":"publish","type":"product","link":"https:\/\/techmasterdemexico.com\/en\/producto\/m-plan-apo-100x\/","title":{"rendered":"M Plan APO 100X"},"content":{"rendered":"<p>M Plan APO 100x<br \/>\nN\u00famero de art\u00edculo: 378-806-3<\/p>\n","protected":false},"excerpt":{"rendered":"<ul>\n<li>Modelo:<br \/>\nM Plan Apo 100X<\/li>\n<li>N.A.:<br \/>\n0.7<\/li>\n<li>W.D.<br \/>\n[mm]:<br \/>\n6<\/li>\n<li>f&lt;br \/&gt;[mm]:<br \/>\n2<\/li>\n<li>P.D.<br \/>\n[mm]:<br \/>\n95<\/li>\n<li>R:<br \/>\n0.4<\/li>\n<li>Campo de visi\u00f3n 1:<br \/>\n\u00f80.24<\/li>\n<li>Campo de visi\u00f3n 2:<br \/>\n0,05&#215;0,06<\/li>\n<li>Peso:<br \/>\n320 g<\/li>\n<li>Abreviaciones en tabla del producto:\n<ul>\n<li>N.A. : Apertura num\u00e9rica<\/li>\n<li>W.D. : Distancia de trabajo<\/li>\n<li>f : Distancia focal<\/li>\n<li>R : Resoluci\u00f3n<\/li>\n<li>D.F. : Profundidad de enfoque<\/li>\n<li>FOV 1 : Campo de visi\u00f3n con el empleo de ocular \u00f824 mm<\/li>\n<li>FOV 2 : Campo de visi\u00f3n con el empleo de c\u00e1mara digital 1\/2&#8243;<\/li>\n<\/ul>\n<\/li>\n<li>Funciones:\n<ul>\n<li>M Plan Apo para la Observaci\u00f3n del Campo Brillante<\/li>\n<li>Compatible con los modelos de microscopios VMU \/ FS-70 \/ MF-U \/ Hyper MF-U<\/li>\n<\/ul>\n<\/li>\n<\/ul>\n<p>Nota : Se requiere unidad polarizadora (378-074) al utilizar objetivo 1X.<\/p>\n","protected":false},"featured_media":11464,"template":"","meta":{"_acf_changed":false},"pwb-brand":[39],"product_brand":[],"product_cat":[366,38,346,342],"product_tag":[],"class_list":{"0":"post-11463","1":"product","2":"type-product","3":"status-publish","4":"has-post-thumbnail","6":"pwb-brand-mitutoyo","7":"product_cat-todos-los-productos","8":"product_cat-mitutoyo","9":"product_cat-oculares-y-lentes-objetivo","10":"product_cat-sistemas-opticos","12":"first","13":"instock","14":"taxable","15":"shipping-taxable","16":"product-type-simple"},"acf":[],"yoast_head":"<!-- This site is optimized with the Yoast SEO plugin v27.4 - https:\/\/yoast.com\/product\/yoast-seo-wordpress\/ -->\n<title>M Plan APO 100X - Techmaster de Mexico<\/title>\n<meta name=\"robots\" content=\"index, follow, max-snippet:-1, max-image-preview:large, max-video-preview:-1\" \/>\n<link rel=\"canonical\" href=\"https:\/\/techmasterdemexico.com\/producto\/m-plan-apo-100x\/\" \/>\n<meta property=\"og:locale\" content=\"en_US\" \/>\n<meta property=\"og:type\" content=\"article\" \/>\n<meta property=\"og:title\" content=\"M Plan APO 100X - Techmaster de Mexico\" \/>\n<meta property=\"og:description\" content=\"Modelo: M Plan Apo 100X  N.A.: 0.7  W.D. [mm]: 6  f&lt;br \/&gt;[mm]: 2  P.D. [mm]: 95  R: 0.4  Campo de visi\u00f3n 1: \u00f80.24  Campo de visi\u00f3n 2: 0,05x0,06  Peso: 320 g  Abreviaciones en tabla del producto:   N.A. : Apertura num\u00e9rica  W.D. : Distancia de trabajo  f : Distancia focal  R : Resoluci\u00f3n  D.F. : Profundidad de enfoque  FOV 1 : Campo de visi\u00f3n con el empleo de ocular \u00f824 mm  FOV 2 : Campo de visi\u00f3n con el empleo de c\u00e1mara digital 1\/2&quot;    Funciones:   M Plan Apo para la Observaci\u00f3n del Campo Brillante  Compatible con los modelos de microscopios VMU \/ FS-70 \/ MF-U \/ Hyper MF-U    Nota : Se requiere unidad polarizadora (378-074) al utilizar objetivo 1X.\" \/>\n<meta property=\"og:url\" content=\"https:\/\/techmasterdemexico.com\/producto\/m-plan-apo-100x\/\" \/>\n<meta property=\"og:site_name\" content=\"Techmaster de Mexico\" \/>\n<meta property=\"article:modified_time\" content=\"2022-05-12T04:16:57+00:00\" \/>\n<meta property=\"og:image\" content=\"https:\/\/techmasterdemexico.com\/wp-content\/uploads\/2021\/12\/378-806-3.jpg\" \/>\n\t<meta property=\"og:image:width\" content=\"400\" \/>\n\t<meta property=\"og:image:height\" content=\"400\" \/>\n\t<meta property=\"og:image:type\" content=\"image\/jpeg\" \/>\n<meta name=\"twitter:card\" content=\"summary_large_image\" \/>\n<script type=\"application\/ld+json\" class=\"yoast-schema-graph\">{\"@context\":\"https:\\\/\\\/schema.org\",\"@graph\":[{\"@type\":\"WebPage\",\"@id\":\"https:\\\/\\\/techmasterdemexico.com\\\/producto\\\/m-plan-apo-100x\\\/\",\"url\":\"https:\\\/\\\/techmasterdemexico.com\\\/producto\\\/m-plan-apo-100x\\\/\",\"name\":\"M Plan APO 100X - Techmaster de Mexico\",\"isPartOf\":{\"@id\":\"https:\\\/\\\/techmasterdemexico.com\\\/#website\"},\"primaryImageOfPage\":{\"@id\":\"https:\\\/\\\/techmasterdemexico.com\\\/producto\\\/m-plan-apo-100x\\\/#primaryimage\"},\"image\":{\"@id\":\"https:\\\/\\\/techmasterdemexico.com\\\/producto\\\/m-plan-apo-100x\\\/#primaryimage\"},\"thumbnailUrl\":\"https:\\\/\\\/techmasterdemexico.com\\\/wp-content\\\/uploads\\\/2021\\\/12\\\/378-806-3.jpg\",\"datePublished\":\"2021-12-08T01:05:45+00:00\",\"dateModified\":\"2022-05-12T04:16:57+00:00\",\"breadcrumb\":{\"@id\":\"https:\\\/\\\/techmasterdemexico.com\\\/producto\\\/m-plan-apo-100x\\\/#breadcrumb\"},\"inLanguage\":\"en-US\",\"potentialAction\":[{\"@type\":\"ReadAction\",\"target\":[\"https:\\\/\\\/techmasterdemexico.com\\\/producto\\\/m-plan-apo-100x\\\/\"]}]},{\"@type\":\"ImageObject\",\"inLanguage\":\"en-US\",\"@id\":\"https:\\\/\\\/techmasterdemexico.com\\\/producto\\\/m-plan-apo-100x\\\/#primaryimage\",\"url\":\"https:\\\/\\\/techmasterdemexico.com\\\/wp-content\\\/uploads\\\/2021\\\/12\\\/378-806-3.jpg\",\"contentUrl\":\"https:\\\/\\\/techmasterdemexico.com\\\/wp-content\\\/uploads\\\/2021\\\/12\\\/378-806-3.jpg\",\"width\":400,\"height\":400},{\"@type\":\"BreadcrumbList\",\"@id\":\"https:\\\/\\\/techmasterdemexico.com\\\/producto\\\/m-plan-apo-100x\\\/#breadcrumb\",\"itemListElement\":[{\"@type\":\"ListItem\",\"position\":1,\"name\":\"Portada\",\"item\":\"https:\\\/\\\/techmasterdemexico.com\\\/\"},{\"@type\":\"ListItem\",\"position\":2,\"name\":\"M Plan APO 100X\"}]},{\"@type\":\"WebSite\",\"@id\":\"https:\\\/\\\/techmasterdemexico.com\\\/#website\",\"url\":\"https:\\\/\\\/techmasterdemexico.com\\\/\",\"name\":\"Techmaster de Mexico\",\"description\":\"\",\"potentialAction\":[{\"@type\":\"SearchAction\",\"target\":{\"@type\":\"EntryPoint\",\"urlTemplate\":\"https:\\\/\\\/techmasterdemexico.com\\\/?s={search_term_string}\"},\"query-input\":{\"@type\":\"PropertyValueSpecification\",\"valueRequired\":true,\"valueName\":\"search_term_string\"}}],\"inLanguage\":\"en-US\"}]}<\/script>\n<!-- \/ Yoast SEO plugin. -->","yoast_head_json":{"title":"M Plan APO 100X - Techmaster de Mexico","robots":{"index":"index","follow":"follow","max-snippet":"max-snippet:-1","max-image-preview":"max-image-preview:large","max-video-preview":"max-video-preview:-1"},"canonical":"https:\/\/techmasterdemexico.com\/producto\/m-plan-apo-100x\/","og_locale":"en_US","og_type":"article","og_title":"M Plan APO 100X - Techmaster de Mexico","og_description":"Modelo: M Plan Apo 100X  N.A.: 0.7  W.D. [mm]: 6  f&lt;br \/&gt;[mm]: 2  P.D. [mm]: 95  R: 0.4  Campo de visi\u00f3n 1: \u00f80.24  Campo de visi\u00f3n 2: 0,05x0,06  Peso: 320 g  Abreviaciones en tabla del producto:   N.A. : Apertura num\u00e9rica  W.D. : Distancia de trabajo  f : Distancia focal  R : Resoluci\u00f3n  D.F. : Profundidad de enfoque  FOV 1 : Campo de visi\u00f3n con el empleo de ocular \u00f824 mm  FOV 2 : Campo de visi\u00f3n con el empleo de c\u00e1mara digital 1\/2\"    Funciones:   M Plan Apo para la Observaci\u00f3n del Campo Brillante  Compatible con los modelos de microscopios VMU \/ FS-70 \/ MF-U \/ Hyper MF-U    Nota : Se requiere unidad polarizadora (378-074) al utilizar objetivo 1X.","og_url":"https:\/\/techmasterdemexico.com\/producto\/m-plan-apo-100x\/","og_site_name":"Techmaster de Mexico","article_modified_time":"2022-05-12T04:16:57+00:00","og_image":[{"width":400,"height":400,"url":"https:\/\/techmasterdemexico.com\/wp-content\/uploads\/2021\/12\/378-806-3.jpg","type":"image\/jpeg"}],"twitter_card":"summary_large_image","schema":{"@context":"https:\/\/schema.org","@graph":[{"@type":"WebPage","@id":"https:\/\/techmasterdemexico.com\/producto\/m-plan-apo-100x\/","url":"https:\/\/techmasterdemexico.com\/producto\/m-plan-apo-100x\/","name":"M Plan APO 100X - Techmaster de Mexico","isPartOf":{"@id":"https:\/\/techmasterdemexico.com\/#website"},"primaryImageOfPage":{"@id":"https:\/\/techmasterdemexico.com\/producto\/m-plan-apo-100x\/#primaryimage"},"image":{"@id":"https:\/\/techmasterdemexico.com\/producto\/m-plan-apo-100x\/#primaryimage"},"thumbnailUrl":"https:\/\/techmasterdemexico.com\/wp-content\/uploads\/2021\/12\/378-806-3.jpg","datePublished":"2021-12-08T01:05:45+00:00","dateModified":"2022-05-12T04:16:57+00:00","breadcrumb":{"@id":"https:\/\/techmasterdemexico.com\/producto\/m-plan-apo-100x\/#breadcrumb"},"inLanguage":"en-US","potentialAction":[{"@type":"ReadAction","target":["https:\/\/techmasterdemexico.com\/producto\/m-plan-apo-100x\/"]}]},{"@type":"ImageObject","inLanguage":"en-US","@id":"https:\/\/techmasterdemexico.com\/producto\/m-plan-apo-100x\/#primaryimage","url":"https:\/\/techmasterdemexico.com\/wp-content\/uploads\/2021\/12\/378-806-3.jpg","contentUrl":"https:\/\/techmasterdemexico.com\/wp-content\/uploads\/2021\/12\/378-806-3.jpg","width":400,"height":400},{"@type":"BreadcrumbList","@id":"https:\/\/techmasterdemexico.com\/producto\/m-plan-apo-100x\/#breadcrumb","itemListElement":[{"@type":"ListItem","position":1,"name":"Portada","item":"https:\/\/techmasterdemexico.com\/"},{"@type":"ListItem","position":2,"name":"M Plan APO 100X"}]},{"@type":"WebSite","@id":"https:\/\/techmasterdemexico.com\/#website","url":"https:\/\/techmasterdemexico.com\/","name":"Techmaster de Mexico","description":"","potentialAction":[{"@type":"SearchAction","target":{"@type":"EntryPoint","urlTemplate":"https:\/\/techmasterdemexico.com\/?s={search_term_string}"},"query-input":{"@type":"PropertyValueSpecification","valueRequired":true,"valueName":"search_term_string"}}],"inLanguage":"en-US"}]}},"brands":[{"id":39,"name":"Mitutoyo","slug":"mitutoyo"}],"_links":{"self":[{"href":"https:\/\/techmasterdemexico.com\/en\/wp-json\/wp\/v2\/product\/11463","targetHints":{"allow":["GET"]}}],"collection":[{"href":"https:\/\/techmasterdemexico.com\/en\/wp-json\/wp\/v2\/product"}],"about":[{"href":"https:\/\/techmasterdemexico.com\/en\/wp-json\/wp\/v2\/types\/product"}],"wp:featuredmedia":[{"embeddable":true,"href":"https:\/\/techmasterdemexico.com\/en\/wp-json\/wp\/v2\/media\/11464"}],"wp:attachment":[{"href":"https:\/\/techmasterdemexico.com\/en\/wp-json\/wp\/v2\/media?parent=11463"}],"wp:term":[{"taxonomy":"pwb-brand","embeddable":true,"href":"https:\/\/techmasterdemexico.com\/en\/wp-json\/wp\/v2\/pwb-brand?post=11463"},{"taxonomy":"product_brand","embeddable":true,"href":"https:\/\/techmasterdemexico.com\/en\/wp-json\/wp\/v2\/product_brand?post=11463"},{"taxonomy":"product_cat","embeddable":true,"href":"https:\/\/techmasterdemexico.com\/en\/wp-json\/wp\/v2\/product_cat?post=11463"},{"taxonomy":"product_tag","embeddable":true,"href":"https:\/\/techmasterdemexico.com\/en\/wp-json\/wp\/v2\/product_tag?post=11463"}],"curies":[{"name":"wp","href":"https:\/\/api.w.org\/{rel}","templated":true}]}}