{"id":11432,"date":"2021-12-08T00:23:46","date_gmt":"2021-12-08T00:23:46","guid":{"rendered":"https:\/\/techmastermx.ddns.net\/?post_type=product&#038;p=11432"},"modified":"2022-05-12T04:17:32","modified_gmt":"2022-05-12T04:17:32","slug":"m-plan-apo-nir-5x","status":"publish","type":"product","link":"https:\/\/techmasterdemexico.com\/en\/producto\/m-plan-apo-nir-5x\/","title":{"rendered":"M Plan Apo NIR 5X"},"content":{"rendered":"<p>M Plan Apo NIR 5X<br \/>\nN\u00famero de art\u00edculo: 378-822-5<\/p>\n","protected":false},"excerpt":{"rendered":"<ul>\n<li>Modelo:<br \/>\nM Plan Apo NIR 5X<\/li>\n<li>Ampliaci\u00f3n:<br \/>\n5X<\/li>\n<li>N.A.:<br \/>\n0.14<\/li>\n<li>W.D.<br \/>\n[mm]:<br \/>\n37.5<\/li>\n<li>f&lt;br \/&gt;[mm]:<br \/>\n40<\/li>\n<li>P.D.<br \/>\n[mm]:<br \/>\n95<\/li>\n<li>R:<br \/>\n2<\/li>\n<li>D.F.<br \/>\n[\u03bcm]:<br \/>\n14<\/li>\n<li>Campo de visi\u00f3n 1:<br \/>\n\u00f84.8<\/li>\n<li>Campo de visi\u00f3n 2:<br \/>\n0,96&#215;1,28<\/li>\n<li>Peso:<br \/>\n220 g<\/li>\n<li>Abreviaciones en tabla del producto:\n<ul>\n<li>N.A. : Apertura num\u00e9rica<\/li>\n<li>W.D. : Distancia de trabajo<\/li>\n<li>f : Distancia focal<\/li>\n<li>R : Resoluci\u00f3n<\/li>\n<li>D.F. : Profundidad de enfoque<\/li>\n<li>FOV 1: Field of view when using \u00f824 mm eyepiece<\/li>\n<li>FOV 2: Campo de visi\u00f3n con el empleo de ocular \u00f824 mm<\/li>\n<li>FOV 2: Campo de visi\u00f3n con el empleo de c\u00e1mara CCD 1\/2&#8243;<\/li>\n<\/ul>\n<\/li>\n<li>M Plan Apo NIR:<br \/>\nNota : Estos lentes objetivo est\u00e1n dise\u00f1ados de forma que la imagen de una pieza permanecece enfocada dentro de la profundidad de enfoque incluso cuando la longitud de onda es alterada del rango visible al casi ultravioleta (480 to 1800 nm). As\u00ed, la serie M Plan NUV es adecuada para reparaciones l\u00e1ser. Sin embargo, cuando la longitud de onda empleada supera los 1100 nm, la posici\u00f3n de enfoque puede desviarse ligeramente del rango visible debido a cambios en la dispersi\u00f3n del v\u00eddrio y la refracci\u00f3n.<\/li>\n<li>Funciones:\n<ul>\n<li>Longitud de onda de Infrarrojo Cercano Corregido<\/li>\n<li>M Plan Apo NIR para la Observaci\u00f3n del Campo Claro<\/li>\n<li>Compatible con los modelos de microscopios VMU \/ FS-70<\/li>\n<\/ul>\n<\/li>\n<\/ul>\n","protected":false},"featured_media":11433,"template":"","meta":{"_acf_changed":false},"pwb-brand":[39],"product_brand":[],"product_cat":[366,38,346,342],"product_tag":[],"class_list":{"0":"post-11432","1":"product","2":"type-product","3":"status-publish","4":"has-post-thumbnail","6":"pwb-brand-mitutoyo","7":"product_cat-todos-los-productos","8":"product_cat-mitutoyo","9":"product_cat-oculares-y-lentes-objetivo","10":"product_cat-sistemas-opticos","12":"first","13":"instock","14":"taxable","15":"shipping-taxable","16":"product-type-simple"},"acf":[],"yoast_head":"<!-- This site is optimized with the Yoast SEO plugin v27.4 - https:\/\/yoast.com\/product\/yoast-seo-wordpress\/ -->\n<title>M Plan Apo NIR 5X - Techmaster de Mexico<\/title>\n<meta name=\"robots\" content=\"index, follow, max-snippet:-1, max-image-preview:large, max-video-preview:-1\" \/>\n<link rel=\"canonical\" href=\"https:\/\/techmasterdemexico.com\/producto\/m-plan-apo-nir-5x\/\" \/>\n<meta property=\"og:locale\" content=\"en_US\" \/>\n<meta property=\"og:type\" content=\"article\" \/>\n<meta property=\"og:title\" content=\"M Plan Apo NIR 5X - Techmaster de Mexico\" \/>\n<meta property=\"og:description\" content=\"[:es]  Modelo: M Plan Apo NIR 5X  Ampliaci\u00f3n: 5X  N.A.: 0.14  W.D. [mm]: 37.5  f&lt;br \/&gt;[mm]: 40  P.D. [mm]: 95  R: 2  D.F. [\u03bcm]: 14  Campo de visi\u00f3n 1: \u00f84.8  Campo de visi\u00f3n 2: 0,96x1,28  Peso: 220 g  Abreviaciones en tabla del producto:   N.A. : Apertura num\u00e9rica  W.D. : Distancia de trabajo  f : Distancia focal  R : Resoluci\u00f3n  D.F. : Profundidad de enfoque  FOV 1: Field of view when using \u00f824 mm eyepiece  FOV 2: Campo de visi\u00f3n con el empleo de ocular \u00f824 mm  FOV 2: Campo de visi\u00f3n con el empleo de c\u00e1mara CCD 1\/2&quot;    M Plan Apo NIR: Nota : Estos lentes objetivo est\u00e1n dise\u00f1ados de forma que la imagen de una pieza permanecece enfocada dentro de la profundidad de enfoque incluso cuando la longitud de onda es alterada del rango visible al casi ultravioleta (480 to 1800 nm). As\u00ed, la serie M Plan NUV es adecuada para reparaciones l\u00e1ser. Sin embargo, cuando la longitud de onda empleada supera los 1100 nm, la posici\u00f3n de enfoque puede desviarse ligeramente del rango visible debido a cambios en la dispersi\u00f3n del v\u00eddrio y la refracci\u00f3n.  Funciones:   Longitud de onda de Infrarrojo Cercano Corregido  M Plan Apo NIR para la Observaci\u00f3n del Campo Claro  Compatible con los modelos de microscopios VMU \/ FS-70     [:en]  Modelo: M Plan Apo NIR 5X  Ampliaci\u00f3n: 5X  N.A.: 0.14  W.D. [mm]: 37.5  f&lt;br \/&gt;[mm]: 40  P.D. [mm]: 95  R: 2  D.F. [\u03bcm]: 14  Campo de visi\u00f3n 1: \u00f84.8  Campo de visi\u00f3n 2: 0,96x1,28  Peso: 220 g  Abreviaciones en tabla del producto:   N.A. : Apertura num\u00e9rica  W.D. : Distancia de trabajo  f : Distancia focal  R : Resoluci\u00f3n  D.F. : Profundidad de enfoque  FOV 1: Field of view when using \u00f824 mm eyepiece  FOV 2: Campo de visi\u00f3n con el empleo de ocular \u00f824 mm  FOV 2: Campo de visi\u00f3n con el empleo de c\u00e1mara CCD 1\/2&quot;    M Plan Apo NIR: Nota : Estos lentes objetivo est\u00e1n dise\u00f1ados de forma que la imagen de una pieza permanecece enfocada dentro de la profundidad de enfoque incluso cuando la longitud de onda es alterada del rango visible al casi ultravioleta (480 to 1800 nm). As\u00ed, la serie M Plan NUV es adecuada para reparaciones l\u00e1ser. Sin embargo, cuando la longitud de onda empleada supera los 1100 nm, la posici\u00f3n de enfoque puede desviarse ligeramente del rango visible debido a cambios en la dispersi\u00f3n del v\u00eddrio y la refracci\u00f3n.  Funciones:   Longitud de onda de Infrarrojo Cercano Corregido  M Plan Apo NIR para la Observaci\u00f3n del Campo Claro  Compatible con los modelos de microscopios VMU \/ FS-70   [:]\" \/>\n<meta property=\"og:url\" content=\"https:\/\/techmasterdemexico.com\/producto\/m-plan-apo-nir-5x\/\" \/>\n<meta property=\"og:site_name\" content=\"Techmaster de Mexico\" \/>\n<meta property=\"article:modified_time\" content=\"2022-05-12T04:17:32+00:00\" \/>\n<meta property=\"og:image\" content=\"https:\/\/techmasterdemexico.com\/wp-content\/uploads\/2021\/12\/378-822-5_jpg-1.png\" \/>\n\t<meta property=\"og:image:width\" content=\"500\" \/>\n\t<meta property=\"og:image:height\" content=\"500\" \/>\n\t<meta property=\"og:image:type\" content=\"image\/png\" \/>\n<meta name=\"twitter:card\" content=\"summary_large_image\" \/>\n<script type=\"application\/ld+json\" class=\"yoast-schema-graph\">{\"@context\":\"https:\\\/\\\/schema.org\",\"@graph\":[{\"@type\":\"WebPage\",\"@id\":\"https:\\\/\\\/techmasterdemexico.com\\\/producto\\\/m-plan-apo-nir-5x\\\/\",\"url\":\"https:\\\/\\\/techmasterdemexico.com\\\/producto\\\/m-plan-apo-nir-5x\\\/\",\"name\":\"M Plan Apo NIR 5X - Techmaster de Mexico\",\"isPartOf\":{\"@id\":\"https:\\\/\\\/techmasterdemexico.com\\\/#website\"},\"primaryImageOfPage\":{\"@id\":\"https:\\\/\\\/techmasterdemexico.com\\\/producto\\\/m-plan-apo-nir-5x\\\/#primaryimage\"},\"image\":{\"@id\":\"https:\\\/\\\/techmasterdemexico.com\\\/producto\\\/m-plan-apo-nir-5x\\\/#primaryimage\"},\"thumbnailUrl\":\"https:\\\/\\\/techmasterdemexico.com\\\/wp-content\\\/uploads\\\/2021\\\/12\\\/378-822-5_jpg-1.png\",\"datePublished\":\"2021-12-08T00:23:46+00:00\",\"dateModified\":\"2022-05-12T04:17:32+00:00\",\"breadcrumb\":{\"@id\":\"https:\\\/\\\/techmasterdemexico.com\\\/producto\\\/m-plan-apo-nir-5x\\\/#breadcrumb\"},\"inLanguage\":\"en-US\",\"potentialAction\":[{\"@type\":\"ReadAction\",\"target\":[\"https:\\\/\\\/techmasterdemexico.com\\\/producto\\\/m-plan-apo-nir-5x\\\/\"]}]},{\"@type\":\"ImageObject\",\"inLanguage\":\"en-US\",\"@id\":\"https:\\\/\\\/techmasterdemexico.com\\\/producto\\\/m-plan-apo-nir-5x\\\/#primaryimage\",\"url\":\"https:\\\/\\\/techmasterdemexico.com\\\/wp-content\\\/uploads\\\/2021\\\/12\\\/378-822-5_jpg-1.png\",\"contentUrl\":\"https:\\\/\\\/techmasterdemexico.com\\\/wp-content\\\/uploads\\\/2021\\\/12\\\/378-822-5_jpg-1.png\",\"width\":500,\"height\":500},{\"@type\":\"BreadcrumbList\",\"@id\":\"https:\\\/\\\/techmasterdemexico.com\\\/producto\\\/m-plan-apo-nir-5x\\\/#breadcrumb\",\"itemListElement\":[{\"@type\":\"ListItem\",\"position\":1,\"name\":\"Portada\",\"item\":\"https:\\\/\\\/techmasterdemexico.com\\\/\"},{\"@type\":\"ListItem\",\"position\":2,\"name\":\"M Plan Apo NIR 5X\"}]},{\"@type\":\"WebSite\",\"@id\":\"https:\\\/\\\/techmasterdemexico.com\\\/#website\",\"url\":\"https:\\\/\\\/techmasterdemexico.com\\\/\",\"name\":\"Techmaster de Mexico\",\"description\":\"\",\"potentialAction\":[{\"@type\":\"SearchAction\",\"target\":{\"@type\":\"EntryPoint\",\"urlTemplate\":\"https:\\\/\\\/techmasterdemexico.com\\\/?s={search_term_string}\"},\"query-input\":{\"@type\":\"PropertyValueSpecification\",\"valueRequired\":true,\"valueName\":\"search_term_string\"}}],\"inLanguage\":\"en-US\"}]}<\/script>\n<!-- \/ Yoast SEO plugin. -->","yoast_head_json":{"title":"M Plan Apo NIR 5X - Techmaster de Mexico","robots":{"index":"index","follow":"follow","max-snippet":"max-snippet:-1","max-image-preview":"max-image-preview:large","max-video-preview":"max-video-preview:-1"},"canonical":"https:\/\/techmasterdemexico.com\/producto\/m-plan-apo-nir-5x\/","og_locale":"en_US","og_type":"article","og_title":"M Plan Apo NIR 5X - Techmaster de Mexico","og_description":"[:es]  Modelo: M Plan Apo NIR 5X  Ampliaci\u00f3n: 5X  N.A.: 0.14  W.D. [mm]: 37.5  f&lt;br \/&gt;[mm]: 40  P.D. [mm]: 95  R: 2  D.F. [\u03bcm]: 14  Campo de visi\u00f3n 1: \u00f84.8  Campo de visi\u00f3n 2: 0,96x1,28  Peso: 220 g  Abreviaciones en tabla del producto:   N.A. : Apertura num\u00e9rica  W.D. : Distancia de trabajo  f : Distancia focal  R : Resoluci\u00f3n  D.F. : Profundidad de enfoque  FOV 1: Field of view when using \u00f824 mm eyepiece  FOV 2: Campo de visi\u00f3n con el empleo de ocular \u00f824 mm  FOV 2: Campo de visi\u00f3n con el empleo de c\u00e1mara CCD 1\/2\"    M Plan Apo NIR: Nota : Estos lentes objetivo est\u00e1n dise\u00f1ados de forma que la imagen de una pieza permanecece enfocada dentro de la profundidad de enfoque incluso cuando la longitud de onda es alterada del rango visible al casi ultravioleta (480 to 1800 nm). As\u00ed, la serie M Plan NUV es adecuada para reparaciones l\u00e1ser. Sin embargo, cuando la longitud de onda empleada supera los 1100 nm, la posici\u00f3n de enfoque puede desviarse ligeramente del rango visible debido a cambios en la dispersi\u00f3n del v\u00eddrio y la refracci\u00f3n.  Funciones:   Longitud de onda de Infrarrojo Cercano Corregido  M Plan Apo NIR para la Observaci\u00f3n del Campo Claro  Compatible con los modelos de microscopios VMU \/ FS-70     [:en]  Modelo: M Plan Apo NIR 5X  Ampliaci\u00f3n: 5X  N.A.: 0.14  W.D. [mm]: 37.5  f&lt;br \/&gt;[mm]: 40  P.D. [mm]: 95  R: 2  D.F. [\u03bcm]: 14  Campo de visi\u00f3n 1: \u00f84.8  Campo de visi\u00f3n 2: 0,96x1,28  Peso: 220 g  Abreviaciones en tabla del producto:   N.A. : Apertura num\u00e9rica  W.D. : Distancia de trabajo  f : Distancia focal  R : Resoluci\u00f3n  D.F. : Profundidad de enfoque  FOV 1: Field of view when using \u00f824 mm eyepiece  FOV 2: Campo de visi\u00f3n con el empleo de ocular \u00f824 mm  FOV 2: Campo de visi\u00f3n con el empleo de c\u00e1mara CCD 1\/2\"    M Plan Apo NIR: Nota : Estos lentes objetivo est\u00e1n dise\u00f1ados de forma que la imagen de una pieza permanecece enfocada dentro de la profundidad de enfoque incluso cuando la longitud de onda es alterada del rango visible al casi ultravioleta (480 to 1800 nm). As\u00ed, la serie M Plan NUV es adecuada para reparaciones l\u00e1ser. Sin embargo, cuando la longitud de onda empleada supera los 1100 nm, la posici\u00f3n de enfoque puede desviarse ligeramente del rango visible debido a cambios en la dispersi\u00f3n del v\u00eddrio y la refracci\u00f3n.  Funciones:   Longitud de onda de Infrarrojo Cercano Corregido  M Plan Apo NIR para la Observaci\u00f3n del Campo Claro  Compatible con los modelos de microscopios VMU \/ FS-70   [:]","og_url":"https:\/\/techmasterdemexico.com\/producto\/m-plan-apo-nir-5x\/","og_site_name":"Techmaster de Mexico","article_modified_time":"2022-05-12T04:17:32+00:00","og_image":[{"width":500,"height":500,"url":"https:\/\/techmasterdemexico.com\/wp-content\/uploads\/2021\/12\/378-822-5_jpg-1.png","type":"image\/png"}],"twitter_card":"summary_large_image","schema":{"@context":"https:\/\/schema.org","@graph":[{"@type":"WebPage","@id":"https:\/\/techmasterdemexico.com\/producto\/m-plan-apo-nir-5x\/","url":"https:\/\/techmasterdemexico.com\/producto\/m-plan-apo-nir-5x\/","name":"M Plan Apo NIR 5X - Techmaster de Mexico","isPartOf":{"@id":"https:\/\/techmasterdemexico.com\/#website"},"primaryImageOfPage":{"@id":"https:\/\/techmasterdemexico.com\/producto\/m-plan-apo-nir-5x\/#primaryimage"},"image":{"@id":"https:\/\/techmasterdemexico.com\/producto\/m-plan-apo-nir-5x\/#primaryimage"},"thumbnailUrl":"https:\/\/techmasterdemexico.com\/wp-content\/uploads\/2021\/12\/378-822-5_jpg-1.png","datePublished":"2021-12-08T00:23:46+00:00","dateModified":"2022-05-12T04:17:32+00:00","breadcrumb":{"@id":"https:\/\/techmasterdemexico.com\/producto\/m-plan-apo-nir-5x\/#breadcrumb"},"inLanguage":"en-US","potentialAction":[{"@type":"ReadAction","target":["https:\/\/techmasterdemexico.com\/producto\/m-plan-apo-nir-5x\/"]}]},{"@type":"ImageObject","inLanguage":"en-US","@id":"https:\/\/techmasterdemexico.com\/producto\/m-plan-apo-nir-5x\/#primaryimage","url":"https:\/\/techmasterdemexico.com\/wp-content\/uploads\/2021\/12\/378-822-5_jpg-1.png","contentUrl":"https:\/\/techmasterdemexico.com\/wp-content\/uploads\/2021\/12\/378-822-5_jpg-1.png","width":500,"height":500},{"@type":"BreadcrumbList","@id":"https:\/\/techmasterdemexico.com\/producto\/m-plan-apo-nir-5x\/#breadcrumb","itemListElement":[{"@type":"ListItem","position":1,"name":"Portada","item":"https:\/\/techmasterdemexico.com\/"},{"@type":"ListItem","position":2,"name":"M Plan Apo NIR 5X"}]},{"@type":"WebSite","@id":"https:\/\/techmasterdemexico.com\/#website","url":"https:\/\/techmasterdemexico.com\/","name":"Techmaster de Mexico","description":"","potentialAction":[{"@type":"SearchAction","target":{"@type":"EntryPoint","urlTemplate":"https:\/\/techmasterdemexico.com\/?s={search_term_string}"},"query-input":{"@type":"PropertyValueSpecification","valueRequired":true,"valueName":"search_term_string"}}],"inLanguage":"en-US"}]}},"brands":[{"id":39,"name":"Mitutoyo","slug":"mitutoyo"}],"_links":{"self":[{"href":"https:\/\/techmasterdemexico.com\/en\/wp-json\/wp\/v2\/product\/11432","targetHints":{"allow":["GET"]}}],"collection":[{"href":"https:\/\/techmasterdemexico.com\/en\/wp-json\/wp\/v2\/product"}],"about":[{"href":"https:\/\/techmasterdemexico.com\/en\/wp-json\/wp\/v2\/types\/product"}],"wp:featuredmedia":[{"embeddable":true,"href":"https:\/\/techmasterdemexico.com\/en\/wp-json\/wp\/v2\/media\/11433"}],"wp:attachment":[{"href":"https:\/\/techmasterdemexico.com\/en\/wp-json\/wp\/v2\/media?parent=11432"}],"wp:term":[{"taxonomy":"pwb-brand","embeddable":true,"href":"https:\/\/techmasterdemexico.com\/en\/wp-json\/wp\/v2\/pwb-brand?post=11432"},{"taxonomy":"product_brand","embeddable":true,"href":"https:\/\/techmasterdemexico.com\/en\/wp-json\/wp\/v2\/product_brand?post=11432"},{"taxonomy":"product_cat","embeddable":true,"href":"https:\/\/techmasterdemexico.com\/en\/wp-json\/wp\/v2\/product_cat?post=11432"},{"taxonomy":"product_tag","embeddable":true,"href":"https:\/\/techmasterdemexico.com\/en\/wp-json\/wp\/v2\/product_tag?post=11432"}],"curies":[{"name":"wp","href":"https:\/\/api.w.org\/{rel}","templated":true}]}}