{"id":11415,"date":"2021-12-07T23:47:12","date_gmt":"2021-12-07T23:47:12","guid":{"rendered":"https:\/\/techmastermx.ddns.net\/?post_type=product&#038;p=11415"},"modified":"2022-05-12T04:17:37","modified_gmt":"2022-05-12T04:17:37","slug":"bd-plan-apo-5x","status":"publish","type":"product","link":"https:\/\/techmasterdemexico.com\/en\/producto\/bd-plan-apo-5x\/","title":{"rendered":"BD Plan APO 5X"},"content":{"rendered":"<p>BD Plan APO 5X<br \/>\nN\u00famero de art\u00edculo: 378-832-7<\/p>\n","protected":false},"excerpt":{"rendered":"<ul>\n<li>Modelo:<br \/>\nBD Plan Apo 5X<\/li>\n<li>Ampliaci\u00f3n:<br \/>\n5X<\/li>\n<li>N.A.:<br \/>\n0.14<\/li>\n<li>W.D.<br \/>\n[mm]:<br \/>\n34<\/li>\n<li>f&lt;br \/&gt;[mm]:<br \/>\n40<\/li>\n<li>R:<br \/>\n2<\/li>\n<li>D.F.<br \/>\n[\u03bcm]:<br \/>\n14<\/li>\n<li>Campo de visi\u00f3n 1:<br \/>\n\u00f84.8<\/li>\n<li>Campo de visi\u00f3n 2:<br \/>\n0,96&#215;1,28<\/li>\n<li>Peso:<br \/>\n350 g<\/li>\n<li>Abreviaciones en tabla del producto:\n<ul>\n<li>N.A. : Apertura num\u00e9rica<\/li>\n<li>W.D. : Distancia de trabajo<\/li>\n<li>f : Distancia focal<\/li>\n<li>R : Resoluci\u00f3n<\/li>\n<li>D.F. : Profundidad de enfoque<\/li>\n<li>FOV 1: Campo de visi\u00f3n con el empleo de ocular \u00f824 mm<\/li>\n<li>FOV 2: Campo de visi\u00f3n con el empleo de c\u00e1mara CCD 1\/2&#8243;<\/li>\n<\/ul>\n<\/li>\n<li>Funciones:<br \/>\nBD Plan Apo para campos de observaci\u00f3n Claros\/Oscuros<br \/>\nCompatible con microscopios tipo MF-U \/ Hyper MF-U<\/li>\n<\/ul>\n","protected":false},"featured_media":11416,"template":"","meta":{"_acf_changed":false},"pwb-brand":[39],"product_brand":[],"product_cat":[366,38,346,342],"product_tag":[],"class_list":{"0":"post-11415","1":"product","2":"type-product","3":"status-publish","4":"has-post-thumbnail","6":"pwb-brand-mitutoyo","7":"product_cat-todos-los-productos","8":"product_cat-mitutoyo","9":"product_cat-oculares-y-lentes-objetivo","10":"product_cat-sistemas-opticos","12":"first","13":"instock","14":"taxable","15":"shipping-taxable","16":"product-type-simple"},"acf":[],"yoast_head":"<!-- This site is optimized with the Yoast SEO plugin v27.4 - https:\/\/yoast.com\/product\/yoast-seo-wordpress\/ -->\n<title>BD Plan APO 5X - Techmaster de Mexico<\/title>\n<meta name=\"robots\" content=\"index, follow, max-snippet:-1, max-image-preview:large, max-video-preview:-1\" \/>\n<link rel=\"canonical\" href=\"https:\/\/techmasterdemexico.com\/producto\/bd-plan-apo-5x\/\" \/>\n<meta property=\"og:locale\" content=\"en_US\" \/>\n<meta property=\"og:type\" content=\"article\" \/>\n<meta property=\"og:title\" content=\"BD Plan APO 5X - Techmaster de Mexico\" \/>\n<meta property=\"og:description\" content=\"Modelo: BD Plan Apo 5X  Ampliaci\u00f3n: 5X  N.A.: 0.14  W.D. [mm]: 34  f&lt;br \/&gt;[mm]: 40  R: 2  D.F. [\u03bcm]: 14  Campo de visi\u00f3n 1: \u00f84.8  Campo de visi\u00f3n 2: 0,96x1,28  Peso: 350 g  Abreviaciones en tabla del producto:   N.A. : Apertura num\u00e9rica  W.D. : Distancia de trabajo  f : Distancia focal  R : Resoluci\u00f3n  D.F. : Profundidad de enfoque  FOV 1: Campo de visi\u00f3n con el empleo de ocular \u00f824 mm  FOV 2: Campo de visi\u00f3n con el empleo de c\u00e1mara CCD 1\/2&quot;    Funciones: BD Plan Apo para campos de observaci\u00f3n Claros\/Oscuros Compatible con microscopios tipo MF-U \/ Hyper MF-U\" \/>\n<meta property=\"og:url\" content=\"https:\/\/techmasterdemexico.com\/producto\/bd-plan-apo-5x\/\" \/>\n<meta property=\"og:site_name\" content=\"Techmaster de Mexico\" \/>\n<meta property=\"article:modified_time\" content=\"2022-05-12T04:17:37+00:00\" \/>\n<meta property=\"og:image\" content=\"https:\/\/techmasterdemexico.com\/wp-content\/uploads\/2021\/12\/bd_plan_apo_jpg.png\" \/>\n\t<meta property=\"og:image:width\" content=\"500\" \/>\n\t<meta property=\"og:image:height\" content=\"500\" \/>\n\t<meta property=\"og:image:type\" content=\"image\/png\" \/>\n<meta name=\"twitter:card\" content=\"summary_large_image\" \/>\n<script type=\"application\/ld+json\" class=\"yoast-schema-graph\">{\"@context\":\"https:\\\/\\\/schema.org\",\"@graph\":[{\"@type\":\"WebPage\",\"@id\":\"https:\\\/\\\/techmasterdemexico.com\\\/producto\\\/bd-plan-apo-5x\\\/\",\"url\":\"https:\\\/\\\/techmasterdemexico.com\\\/producto\\\/bd-plan-apo-5x\\\/\",\"name\":\"BD Plan APO 5X - Techmaster de Mexico\",\"isPartOf\":{\"@id\":\"https:\\\/\\\/techmasterdemexico.com\\\/#website\"},\"primaryImageOfPage\":{\"@id\":\"https:\\\/\\\/techmasterdemexico.com\\\/producto\\\/bd-plan-apo-5x\\\/#primaryimage\"},\"image\":{\"@id\":\"https:\\\/\\\/techmasterdemexico.com\\\/producto\\\/bd-plan-apo-5x\\\/#primaryimage\"},\"thumbnailUrl\":\"https:\\\/\\\/techmasterdemexico.com\\\/wp-content\\\/uploads\\\/2021\\\/12\\\/bd_plan_apo_jpg.png\",\"datePublished\":\"2021-12-07T23:47:12+00:00\",\"dateModified\":\"2022-05-12T04:17:37+00:00\",\"breadcrumb\":{\"@id\":\"https:\\\/\\\/techmasterdemexico.com\\\/producto\\\/bd-plan-apo-5x\\\/#breadcrumb\"},\"inLanguage\":\"en-US\",\"potentialAction\":[{\"@type\":\"ReadAction\",\"target\":[\"https:\\\/\\\/techmasterdemexico.com\\\/producto\\\/bd-plan-apo-5x\\\/\"]}]},{\"@type\":\"ImageObject\",\"inLanguage\":\"en-US\",\"@id\":\"https:\\\/\\\/techmasterdemexico.com\\\/producto\\\/bd-plan-apo-5x\\\/#primaryimage\",\"url\":\"https:\\\/\\\/techmasterdemexico.com\\\/wp-content\\\/uploads\\\/2021\\\/12\\\/bd_plan_apo_jpg.png\",\"contentUrl\":\"https:\\\/\\\/techmasterdemexico.com\\\/wp-content\\\/uploads\\\/2021\\\/12\\\/bd_plan_apo_jpg.png\",\"width\":500,\"height\":500},{\"@type\":\"BreadcrumbList\",\"@id\":\"https:\\\/\\\/techmasterdemexico.com\\\/producto\\\/bd-plan-apo-5x\\\/#breadcrumb\",\"itemListElement\":[{\"@type\":\"ListItem\",\"position\":1,\"name\":\"Portada\",\"item\":\"https:\\\/\\\/techmasterdemexico.com\\\/\"},{\"@type\":\"ListItem\",\"position\":2,\"name\":\"BD Plan APO 5X\"}]},{\"@type\":\"WebSite\",\"@id\":\"https:\\\/\\\/techmasterdemexico.com\\\/#website\",\"url\":\"https:\\\/\\\/techmasterdemexico.com\\\/\",\"name\":\"Techmaster de Mexico\",\"description\":\"\",\"potentialAction\":[{\"@type\":\"SearchAction\",\"target\":{\"@type\":\"EntryPoint\",\"urlTemplate\":\"https:\\\/\\\/techmasterdemexico.com\\\/?s={search_term_string}\"},\"query-input\":{\"@type\":\"PropertyValueSpecification\",\"valueRequired\":true,\"valueName\":\"search_term_string\"}}],\"inLanguage\":\"en-US\"}]}<\/script>\n<!-- \/ Yoast SEO plugin. -->","yoast_head_json":{"title":"BD Plan APO 5X - Techmaster de Mexico","robots":{"index":"index","follow":"follow","max-snippet":"max-snippet:-1","max-image-preview":"max-image-preview:large","max-video-preview":"max-video-preview:-1"},"canonical":"https:\/\/techmasterdemexico.com\/producto\/bd-plan-apo-5x\/","og_locale":"en_US","og_type":"article","og_title":"BD Plan APO 5X - Techmaster de Mexico","og_description":"Modelo: BD Plan Apo 5X  Ampliaci\u00f3n: 5X  N.A.: 0.14  W.D. [mm]: 34  f&lt;br \/&gt;[mm]: 40  R: 2  D.F. [\u03bcm]: 14  Campo de visi\u00f3n 1: \u00f84.8  Campo de visi\u00f3n 2: 0,96x1,28  Peso: 350 g  Abreviaciones en tabla del producto:   N.A. : Apertura num\u00e9rica  W.D. : Distancia de trabajo  f : Distancia focal  R : Resoluci\u00f3n  D.F. : Profundidad de enfoque  FOV 1: Campo de visi\u00f3n con el empleo de ocular \u00f824 mm  FOV 2: Campo de visi\u00f3n con el empleo de c\u00e1mara CCD 1\/2\"    Funciones: BD Plan Apo para campos de observaci\u00f3n Claros\/Oscuros Compatible con microscopios tipo MF-U \/ Hyper MF-U","og_url":"https:\/\/techmasterdemexico.com\/producto\/bd-plan-apo-5x\/","og_site_name":"Techmaster de Mexico","article_modified_time":"2022-05-12T04:17:37+00:00","og_image":[{"width":500,"height":500,"url":"https:\/\/techmasterdemexico.com\/wp-content\/uploads\/2021\/12\/bd_plan_apo_jpg.png","type":"image\/png"}],"twitter_card":"summary_large_image","schema":{"@context":"https:\/\/schema.org","@graph":[{"@type":"WebPage","@id":"https:\/\/techmasterdemexico.com\/producto\/bd-plan-apo-5x\/","url":"https:\/\/techmasterdemexico.com\/producto\/bd-plan-apo-5x\/","name":"BD Plan APO 5X - Techmaster de Mexico","isPartOf":{"@id":"https:\/\/techmasterdemexico.com\/#website"},"primaryImageOfPage":{"@id":"https:\/\/techmasterdemexico.com\/producto\/bd-plan-apo-5x\/#primaryimage"},"image":{"@id":"https:\/\/techmasterdemexico.com\/producto\/bd-plan-apo-5x\/#primaryimage"},"thumbnailUrl":"https:\/\/techmasterdemexico.com\/wp-content\/uploads\/2021\/12\/bd_plan_apo_jpg.png","datePublished":"2021-12-07T23:47:12+00:00","dateModified":"2022-05-12T04:17:37+00:00","breadcrumb":{"@id":"https:\/\/techmasterdemexico.com\/producto\/bd-plan-apo-5x\/#breadcrumb"},"inLanguage":"en-US","potentialAction":[{"@type":"ReadAction","target":["https:\/\/techmasterdemexico.com\/producto\/bd-plan-apo-5x\/"]}]},{"@type":"ImageObject","inLanguage":"en-US","@id":"https:\/\/techmasterdemexico.com\/producto\/bd-plan-apo-5x\/#primaryimage","url":"https:\/\/techmasterdemexico.com\/wp-content\/uploads\/2021\/12\/bd_plan_apo_jpg.png","contentUrl":"https:\/\/techmasterdemexico.com\/wp-content\/uploads\/2021\/12\/bd_plan_apo_jpg.png","width":500,"height":500},{"@type":"BreadcrumbList","@id":"https:\/\/techmasterdemexico.com\/producto\/bd-plan-apo-5x\/#breadcrumb","itemListElement":[{"@type":"ListItem","position":1,"name":"Portada","item":"https:\/\/techmasterdemexico.com\/"},{"@type":"ListItem","position":2,"name":"BD Plan APO 5X"}]},{"@type":"WebSite","@id":"https:\/\/techmasterdemexico.com\/#website","url":"https:\/\/techmasterdemexico.com\/","name":"Techmaster de Mexico","description":"","potentialAction":[{"@type":"SearchAction","target":{"@type":"EntryPoint","urlTemplate":"https:\/\/techmasterdemexico.com\/?s={search_term_string}"},"query-input":{"@type":"PropertyValueSpecification","valueRequired":true,"valueName":"search_term_string"}}],"inLanguage":"en-US"}]}},"brands":[{"id":39,"name":"Mitutoyo","slug":"mitutoyo"}],"_links":{"self":[{"href":"https:\/\/techmasterdemexico.com\/en\/wp-json\/wp\/v2\/product\/11415","targetHints":{"allow":["GET"]}}],"collection":[{"href":"https:\/\/techmasterdemexico.com\/en\/wp-json\/wp\/v2\/product"}],"about":[{"href":"https:\/\/techmasterdemexico.com\/en\/wp-json\/wp\/v2\/types\/product"}],"wp:featuredmedia":[{"embeddable":true,"href":"https:\/\/techmasterdemexico.com\/en\/wp-json\/wp\/v2\/media\/11416"}],"wp:attachment":[{"href":"https:\/\/techmasterdemexico.com\/en\/wp-json\/wp\/v2\/media?parent=11415"}],"wp:term":[{"taxonomy":"pwb-brand","embeddable":true,"href":"https:\/\/techmasterdemexico.com\/en\/wp-json\/wp\/v2\/pwb-brand?post=11415"},{"taxonomy":"product_brand","embeddable":true,"href":"https:\/\/techmasterdemexico.com\/en\/wp-json\/wp\/v2\/product_brand?post=11415"},{"taxonomy":"product_cat","embeddable":true,"href":"https:\/\/techmasterdemexico.com\/en\/wp-json\/wp\/v2\/product_cat?post=11415"},{"taxonomy":"product_tag","embeddable":true,"href":"https:\/\/techmasterdemexico.com\/en\/wp-json\/wp\/v2\/product_tag?post=11415"}],"curies":[{"name":"wp","href":"https:\/\/api.w.org\/{rel}","templated":true}]}}