{"id":11409,"date":"2021-12-07T23:40:16","date_gmt":"2021-12-07T23:40:16","guid":{"rendered":"https:\/\/techmastermx.ddns.net\/?post_type=product&#038;p=11409"},"modified":"2022-05-12T04:17:38","modified_gmt":"2022-05-12T04:17:38","slug":"lente-20x-wd-20-mm-na-0-42","status":"publish","type":"product","link":"https:\/\/techmasterdemexico.com\/en\/producto\/lente-20x-wd-20-mm-na-0-42\/","title":{"rendered":"Lente 20X (WD : 20 mm, NA : 0.42)"},"content":{"rendered":"<p>Lente 20X (WD : 20 mm, NA : 0.42)<br \/>\nN\u00famero de art\u00edculo: 375-051<\/p>\n<p>&nbsp;<\/p>\n<p>Los lentes de objetivo con correcci\u00f3n de exactitud de la Serie 375 de Mitutoyo brindan im\u00e1genes claras y largas distancias de trabajo.<\/p>\n","protected":false},"excerpt":{"rendered":"<ul>\n<li>Ampliaci\u00f3n:<br \/>\n20X<\/li>\n<li>N.A.:<br \/>\n0.42<\/li>\n<li>W.D.<br \/>\n[mm]:<br \/>\n20<\/li>\n<li>R:<br \/>\n0.65<\/li>\n<li>Abreviaciones en tabla del producto:\n<ul>\n<li>Mag. : Amplificaci\u00f3n<\/li>\n<li>N.A.: Apertura Num\u00e9rica<\/li>\n<li>W.D.: Distancia de trabajo<\/li>\n<li>D.F. : Profundidad focal<\/li>\n<\/ul>\n<\/li>\n<\/ul>\n","protected":false},"featured_media":11410,"template":"","meta":{"_acf_changed":false},"pwb-brand":[39],"product_brand":[],"product_cat":[366,38,346,342],"product_tag":[],"class_list":{"0":"post-11409","1":"product","2":"type-product","3":"status-publish","4":"has-post-thumbnail","6":"pwb-brand-mitutoyo","7":"product_cat-todos-los-productos","8":"product_cat-mitutoyo","9":"product_cat-oculares-y-lentes-objetivo","10":"product_cat-sistemas-opticos","12":"first","13":"instock","14":"taxable","15":"shipping-taxable","16":"product-type-simple"},"acf":[],"yoast_head":"<!-- This site is optimized with the Yoast SEO plugin v27.2 - https:\/\/yoast.com\/product\/yoast-seo-wordpress\/ -->\n<title>Lente 20X (WD : 20 mm, NA : 0.42) - Techmaster de Mexico<\/title>\n<meta name=\"robots\" content=\"index, follow, max-snippet:-1, max-image-preview:large, max-video-preview:-1\" \/>\n<link rel=\"canonical\" href=\"https:\/\/techmasterdemexico.com\/producto\/lente-20x-wd-20-mm-na-0-42\/\" \/>\n<meta property=\"og:locale\" content=\"en_US\" \/>\n<meta property=\"og:type\" content=\"article\" \/>\n<meta property=\"og:title\" content=\"Lente 20X (WD : 20 mm, NA : 0.42) - Techmaster de Mexico\" \/>\n<meta property=\"og:description\" content=\"Ampliaci\u00f3n: 20X  N.A.: 0.42  W.D. [mm]: 20  R: 0.65  Abreviaciones en tabla del producto:   Mag. : Amplificaci\u00f3n  N.A.: Apertura Num\u00e9rica  W.D.: Distancia de trabajo  D.F. : Profundidad focal\" \/>\n<meta property=\"og:url\" content=\"https:\/\/techmasterdemexico.com\/producto\/lente-20x-wd-20-mm-na-0-42\/\" \/>\n<meta property=\"og:site_name\" content=\"Techmaster de Mexico\" \/>\n<meta property=\"article:modified_time\" content=\"2022-05-12T04:17:38+00:00\" \/>\n<meta property=\"og:image\" content=\"https:\/\/techmasterdemexico.com\/wp-content\/uploads\/2021\/12\/375-051_jpg.png\" \/>\n\t<meta property=\"og:image:width\" content=\"500\" \/>\n\t<meta property=\"og:image:height\" content=\"500\" \/>\n\t<meta property=\"og:image:type\" content=\"image\/png\" \/>\n<meta name=\"twitter:card\" content=\"summary_large_image\" \/>\n<script type=\"application\/ld+json\" class=\"yoast-schema-graph\">{\"@context\":\"https:\/\/schema.org\",\"@graph\":[{\"@type\":\"WebPage\",\"@id\":\"https:\/\/techmasterdemexico.com\/producto\/lente-20x-wd-20-mm-na-0-42\/\",\"url\":\"https:\/\/techmasterdemexico.com\/producto\/lente-20x-wd-20-mm-na-0-42\/\",\"name\":\"Lente 20X (WD : 20 mm, NA : 0.42) - Techmaster de Mexico\",\"isPartOf\":{\"@id\":\"https:\/\/techmasterdemexico.com\/#website\"},\"primaryImageOfPage\":{\"@id\":\"https:\/\/techmasterdemexico.com\/producto\/lente-20x-wd-20-mm-na-0-42\/#primaryimage\"},\"image\":{\"@id\":\"https:\/\/techmasterdemexico.com\/producto\/lente-20x-wd-20-mm-na-0-42\/#primaryimage\"},\"thumbnailUrl\":\"https:\/\/techmasterdemexico.com\/wp-content\/uploads\/2021\/12\/375-051_jpg.png\",\"datePublished\":\"2021-12-07T23:40:16+00:00\",\"dateModified\":\"2022-05-12T04:17:38+00:00\",\"breadcrumb\":{\"@id\":\"https:\/\/techmasterdemexico.com\/producto\/lente-20x-wd-20-mm-na-0-42\/#breadcrumb\"},\"inLanguage\":\"en-US\",\"potentialAction\":[{\"@type\":\"ReadAction\",\"target\":[\"https:\/\/techmasterdemexico.com\/producto\/lente-20x-wd-20-mm-na-0-42\/\"]}]},{\"@type\":\"ImageObject\",\"inLanguage\":\"en-US\",\"@id\":\"https:\/\/techmasterdemexico.com\/producto\/lente-20x-wd-20-mm-na-0-42\/#primaryimage\",\"url\":\"https:\/\/techmasterdemexico.com\/wp-content\/uploads\/2021\/12\/375-051_jpg.png\",\"contentUrl\":\"https:\/\/techmasterdemexico.com\/wp-content\/uploads\/2021\/12\/375-051_jpg.png\",\"width\":500,\"height\":500},{\"@type\":\"BreadcrumbList\",\"@id\":\"https:\/\/techmasterdemexico.com\/producto\/lente-20x-wd-20-mm-na-0-42\/#breadcrumb\",\"itemListElement\":[{\"@type\":\"ListItem\",\"position\":1,\"name\":\"Portada\",\"item\":\"https:\/\/techmasterdemexico.com\/\"},{\"@type\":\"ListItem\",\"position\":2,\"name\":\"Lente 20X (WD : 20 mm, NA : 0.42)\"}]},{\"@type\":\"WebSite\",\"@id\":\"https:\/\/techmasterdemexico.com\/#website\",\"url\":\"https:\/\/techmasterdemexico.com\/\",\"name\":\"Techmaster de Mexico\",\"description\":\"\",\"potentialAction\":[{\"@type\":\"SearchAction\",\"target\":{\"@type\":\"EntryPoint\",\"urlTemplate\":\"https:\/\/techmasterdemexico.com\/?s={search_term_string}\"},\"query-input\":{\"@type\":\"PropertyValueSpecification\",\"valueRequired\":true,\"valueName\":\"search_term_string\"}}],\"inLanguage\":\"en-US\"}]}<\/script>\n<!-- \/ Yoast SEO plugin. -->","yoast_head_json":{"title":"Lente 20X (WD : 20 mm, NA : 0.42) - Techmaster de Mexico","robots":{"index":"index","follow":"follow","max-snippet":"max-snippet:-1","max-image-preview":"max-image-preview:large","max-video-preview":"max-video-preview:-1"},"canonical":"https:\/\/techmasterdemexico.com\/producto\/lente-20x-wd-20-mm-na-0-42\/","og_locale":"en_US","og_type":"article","og_title":"Lente 20X (WD : 20 mm, NA : 0.42) - Techmaster de Mexico","og_description":"Ampliaci\u00f3n: 20X  N.A.: 0.42  W.D. [mm]: 20  R: 0.65  Abreviaciones en tabla del producto:   Mag. : Amplificaci\u00f3n  N.A.: Apertura Num\u00e9rica  W.D.: Distancia de trabajo  D.F. : Profundidad focal","og_url":"https:\/\/techmasterdemexico.com\/producto\/lente-20x-wd-20-mm-na-0-42\/","og_site_name":"Techmaster de Mexico","article_modified_time":"2022-05-12T04:17:38+00:00","og_image":[{"width":500,"height":500,"url":"https:\/\/techmasterdemexico.com\/wp-content\/uploads\/2021\/12\/375-051_jpg.png","type":"image\/png"}],"twitter_card":"summary_large_image","schema":{"@context":"https:\/\/schema.org","@graph":[{"@type":"WebPage","@id":"https:\/\/techmasterdemexico.com\/producto\/lente-20x-wd-20-mm-na-0-42\/","url":"https:\/\/techmasterdemexico.com\/producto\/lente-20x-wd-20-mm-na-0-42\/","name":"Lente 20X (WD : 20 mm, NA : 0.42) - Techmaster de Mexico","isPartOf":{"@id":"https:\/\/techmasterdemexico.com\/#website"},"primaryImageOfPage":{"@id":"https:\/\/techmasterdemexico.com\/producto\/lente-20x-wd-20-mm-na-0-42\/#primaryimage"},"image":{"@id":"https:\/\/techmasterdemexico.com\/producto\/lente-20x-wd-20-mm-na-0-42\/#primaryimage"},"thumbnailUrl":"https:\/\/techmasterdemexico.com\/wp-content\/uploads\/2021\/12\/375-051_jpg.png","datePublished":"2021-12-07T23:40:16+00:00","dateModified":"2022-05-12T04:17:38+00:00","breadcrumb":{"@id":"https:\/\/techmasterdemexico.com\/producto\/lente-20x-wd-20-mm-na-0-42\/#breadcrumb"},"inLanguage":"en-US","potentialAction":[{"@type":"ReadAction","target":["https:\/\/techmasterdemexico.com\/producto\/lente-20x-wd-20-mm-na-0-42\/"]}]},{"@type":"ImageObject","inLanguage":"en-US","@id":"https:\/\/techmasterdemexico.com\/producto\/lente-20x-wd-20-mm-na-0-42\/#primaryimage","url":"https:\/\/techmasterdemexico.com\/wp-content\/uploads\/2021\/12\/375-051_jpg.png","contentUrl":"https:\/\/techmasterdemexico.com\/wp-content\/uploads\/2021\/12\/375-051_jpg.png","width":500,"height":500},{"@type":"BreadcrumbList","@id":"https:\/\/techmasterdemexico.com\/producto\/lente-20x-wd-20-mm-na-0-42\/#breadcrumb","itemListElement":[{"@type":"ListItem","position":1,"name":"Portada","item":"https:\/\/techmasterdemexico.com\/"},{"@type":"ListItem","position":2,"name":"Lente 20X (WD : 20 mm, NA : 0.42)"}]},{"@type":"WebSite","@id":"https:\/\/techmasterdemexico.com\/#website","url":"https:\/\/techmasterdemexico.com\/","name":"Techmaster de Mexico","description":"","potentialAction":[{"@type":"SearchAction","target":{"@type":"EntryPoint","urlTemplate":"https:\/\/techmasterdemexico.com\/?s={search_term_string}"},"query-input":{"@type":"PropertyValueSpecification","valueRequired":true,"valueName":"search_term_string"}}],"inLanguage":"en-US"}]}},"brands":[{"id":39,"name":"Mitutoyo","slug":"mitutoyo"}],"_links":{"self":[{"href":"https:\/\/techmasterdemexico.com\/en\/wp-json\/wp\/v2\/product\/11409","targetHints":{"allow":["GET"]}}],"collection":[{"href":"https:\/\/techmasterdemexico.com\/en\/wp-json\/wp\/v2\/product"}],"about":[{"href":"https:\/\/techmasterdemexico.com\/en\/wp-json\/wp\/v2\/types\/product"}],"wp:featuredmedia":[{"embeddable":true,"href":"https:\/\/techmasterdemexico.com\/en\/wp-json\/wp\/v2\/media\/11410"}],"wp:attachment":[{"href":"https:\/\/techmasterdemexico.com\/en\/wp-json\/wp\/v2\/media?parent=11409"}],"wp:term":[{"taxonomy":"pwb-brand","embeddable":true,"href":"https:\/\/techmasterdemexico.com\/en\/wp-json\/wp\/v2\/pwb-brand?post=11409"},{"taxonomy":"product_brand","embeddable":true,"href":"https:\/\/techmasterdemexico.com\/en\/wp-json\/wp\/v2\/product_brand?post=11409"},{"taxonomy":"product_cat","embeddable":true,"href":"https:\/\/techmasterdemexico.com\/en\/wp-json\/wp\/v2\/product_cat?post=11409"},{"taxonomy":"product_tag","embeddable":true,"href":"https:\/\/techmasterdemexico.com\/en\/wp-json\/wp\/v2\/product_tag?post=11409"}],"curies":[{"name":"wp","href":"https:\/\/api.w.org\/{rel}","templated":true}]}}