{"id":11394,"date":"2021-12-07T21:02:41","date_gmt":"2021-12-07T21:02:41","guid":{"rendered":"https:\/\/techmastermx.ddns.net\/?post_type=product&#038;p=11394"},"modified":"2022-05-12T04:17:40","modified_gmt":"2022-05-12T04:17:40","slug":"unidad-de-vision-10d","status":"publish","type":"product","link":"https:\/\/techmasterdemexico.com\/en\/producto\/unidad-de-vision-10d\/","title":{"rendered":"Unidad de visi\u00f3n 10D"},"content":{"rendered":"<p>Unidad de visi\u00f3n 10D<br \/>\nN\u00famero de art\u00edculo: 359-763<\/p>\n<p>&nbsp;<\/p>\n<p>La instalaci\u00f3n de esta unidad puede actualizar su microscopio de medici\u00f3n a una m\u00e1quina de medici\u00f3n por visi\u00f3n.<\/p>\n<ul>\n<li>Las herramientas de medici\u00f3n y varios iconos de macro permiten medir en un solo paso.<\/li>\n<li>Los gr\u00e1ficos y las funciones de navegaci\u00f3n de medici\u00f3n facilitan la operaci\u00f3n.<\/li>\n<li>La funci\u00f3n de guardar la imagen y la funci\u00f3n de salida de datos al software de hoja de c\u00e1lculo son est\u00e1ndar.<\/li>\n<li>Combinado con el uso del enfoque piloto proporciona alta exactitud en mediciones de altura.<\/li>\n<\/ul>\n<p>&nbsp;<\/p>\n<p>Modelos aplicables<\/p>\n<ul>\n<li>Serie MF, Serie MF-U (la conexi\u00f3n a la serie MF-H no est\u00e1 disponible.)<br \/>\nSerie Hyper MF, serie Hyper MF-U<\/li>\n<\/ul>\n","protected":false},"excerpt":{"rendered":"<ul>\n<li>Modelo:<br \/>\nVision Unit 10D<\/li>\n<li>Dimensiones de la camara:\n<ul>\n<li>Sensor de imagen: c\u00e1mara CMOS en color de 1\/2 &#8220;\/ 12,7 mm<\/li>\n<li>Dimensiones: 100 x 58 x 89 mm<\/li>\n<li>Peso: 0,4 kg<\/li>\n<\/ul>\n<\/li>\n<li>Dimensiones del adaptador:\n<ul>\n<li>Software operativo: QSPAK VUE (opcional)<\/li>\n<li>Dimensiones: 45 x 123 mm<\/li>\n<li>Amplificaci\u00f3n: 0.5X<\/li>\n<li>Peso: 0,3 kg<\/li>\n<\/ul>\n<\/li>\n<li>QSPAK VUE, software opcional:<br \/>\nPara observaci\u00f3n \/ comparaci\u00f3n de forma<\/p>\n<ul>\n<li>Funci\u00f3n de coincidencia de plantillas<\/li>\n<li>Funci\u00f3n de coincidencia manual de patrones<\/li>\n<\/ul>\n<\/li>\n<li>Para medici\u00f3n sencilla\n<ul>\n<li>Funci\u00f3n de herramienta de detecci\u00f3n de bordes con un clic<\/li>\n<li>Funci\u00f3n de herramienta inteligente<\/li>\n<li>Funci\u00f3n de macro de usuario<\/li>\n<\/ul>\n<\/li>\n<li>Funciones para medici\u00f3n repetida \/ medici\u00f3n autom\u00e1tica\n<ul>\n<li>Navegacion rapida<\/li>\n<li>Reproducci\u00f3n<\/li>\n<li>Gr\u00e1fico<\/li>\n<li>Salida de datos externos<\/li>\n<li>C\u00e1lculo estad\u00edstico<\/li>\n<\/ul>\n<\/li>\n<\/ul>\n","protected":false},"featured_media":11395,"template":"","meta":{"_acf_changed":false},"pwb-brand":[39],"product_brand":[],"product_cat":[366,345,38,342],"product_tag":[],"class_list":{"0":"post-11394","1":"product","2":"type-product","3":"status-publish","4":"has-post-thumbnail","6":"pwb-brand-mitutoyo","7":"product_cat-todos-los-productos","8":"product_cat-microscopios-de-medicion-sistemas-opticos","9":"product_cat-mitutoyo","10":"product_cat-sistemas-opticos","12":"first","13":"instock","14":"taxable","15":"shipping-taxable","16":"product-type-simple"},"acf":[],"yoast_head":"<!-- This site is optimized with the Yoast SEO plugin v27.2 - https:\/\/yoast.com\/product\/yoast-seo-wordpress\/ -->\n<title>Unidad de visi\u00f3n 10D - Techmaster de Mexico<\/title>\n<meta name=\"robots\" content=\"index, follow, max-snippet:-1, max-image-preview:large, max-video-preview:-1\" \/>\n<link rel=\"canonical\" href=\"https:\/\/techmasterdemexico.com\/producto\/unidad-de-vision-10d\/\" \/>\n<meta property=\"og:locale\" content=\"en_US\" \/>\n<meta property=\"og:type\" content=\"article\" \/>\n<meta property=\"og:title\" content=\"Unidad de visi\u00f3n 10D - Techmaster de Mexico\" \/>\n<meta property=\"og:description\" content=\"Modelo: Vision Unit 10D  Dimensiones de la camara:   Sensor de imagen: c\u00e1mara CMOS en color de 1\/2 &quot;\/ 12,7 mm  Dimensiones: 100 x 58 x 89 mm  Peso: 0,4 kg    Dimensiones del adaptador:   Software operativo: QSPAK VUE (opcional)  Dimensiones: 45 x 123 mm  Amplificaci\u00f3n: 0.5X  Peso: 0,3 kg    QSPAK VUE, software opcional: Para observaci\u00f3n \/ comparaci\u00f3n de forma   Funci\u00f3n de coincidencia de plantillas  Funci\u00f3n de coincidencia manual de patrones    Para medici\u00f3n sencilla   Funci\u00f3n de herramienta de detecci\u00f3n de bordes con un clic  Funci\u00f3n de herramienta inteligente  Funci\u00f3n de macro de usuario    Funciones para medici\u00f3n repetida \/ medici\u00f3n autom\u00e1tica   Navegacion rapida  Reproducci\u00f3n  Gr\u00e1fico  Salida de datos externos  C\u00e1lculo estad\u00edstico\" \/>\n<meta property=\"og:url\" content=\"https:\/\/techmasterdemexico.com\/producto\/unidad-de-vision-10d\/\" \/>\n<meta property=\"og:site_name\" content=\"Techmaster de Mexico\" \/>\n<meta property=\"article:modified_time\" content=\"2022-05-12T04:17:40+00:00\" \/>\n<meta property=\"og:image\" content=\"https:\/\/techmasterdemexico.com\/wp-content\/uploads\/2021\/12\/359-739_z_eps.png\" \/>\n\t<meta property=\"og:image:width\" content=\"500\" \/>\n\t<meta property=\"og:image:height\" content=\"500\" \/>\n\t<meta property=\"og:image:type\" content=\"image\/png\" \/>\n<meta name=\"twitter:card\" content=\"summary_large_image\" \/>\n<meta name=\"twitter:label1\" content=\"Est. reading time\" \/>\n\t<meta name=\"twitter:data1\" content=\"1 minute\" \/>\n<script type=\"application\/ld+json\" class=\"yoast-schema-graph\">{\"@context\":\"https:\/\/schema.org\",\"@graph\":[{\"@type\":\"WebPage\",\"@id\":\"https:\/\/techmasterdemexico.com\/producto\/unidad-de-vision-10d\/\",\"url\":\"https:\/\/techmasterdemexico.com\/producto\/unidad-de-vision-10d\/\",\"name\":\"Unidad de visi\u00f3n 10D - Techmaster de Mexico\",\"isPartOf\":{\"@id\":\"https:\/\/techmasterdemexico.com\/#website\"},\"primaryImageOfPage\":{\"@id\":\"https:\/\/techmasterdemexico.com\/producto\/unidad-de-vision-10d\/#primaryimage\"},\"image\":{\"@id\":\"https:\/\/techmasterdemexico.com\/producto\/unidad-de-vision-10d\/#primaryimage\"},\"thumbnailUrl\":\"https:\/\/techmasterdemexico.com\/wp-content\/uploads\/2021\/12\/359-739_z_eps.png\",\"datePublished\":\"2021-12-07T21:02:41+00:00\",\"dateModified\":\"2022-05-12T04:17:40+00:00\",\"breadcrumb\":{\"@id\":\"https:\/\/techmasterdemexico.com\/producto\/unidad-de-vision-10d\/#breadcrumb\"},\"inLanguage\":\"en-US\",\"potentialAction\":[{\"@type\":\"ReadAction\",\"target\":[\"https:\/\/techmasterdemexico.com\/producto\/unidad-de-vision-10d\/\"]}]},{\"@type\":\"ImageObject\",\"inLanguage\":\"en-US\",\"@id\":\"https:\/\/techmasterdemexico.com\/producto\/unidad-de-vision-10d\/#primaryimage\",\"url\":\"https:\/\/techmasterdemexico.com\/wp-content\/uploads\/2021\/12\/359-739_z_eps.png\",\"contentUrl\":\"https:\/\/techmasterdemexico.com\/wp-content\/uploads\/2021\/12\/359-739_z_eps.png\",\"width\":500,\"height\":500},{\"@type\":\"BreadcrumbList\",\"@id\":\"https:\/\/techmasterdemexico.com\/producto\/unidad-de-vision-10d\/#breadcrumb\",\"itemListElement\":[{\"@type\":\"ListItem\",\"position\":1,\"name\":\"Portada\",\"item\":\"https:\/\/techmasterdemexico.com\/\"},{\"@type\":\"ListItem\",\"position\":2,\"name\":\"Unidad de visi\u00f3n 10D\"}]},{\"@type\":\"WebSite\",\"@id\":\"https:\/\/techmasterdemexico.com\/#website\",\"url\":\"https:\/\/techmasterdemexico.com\/\",\"name\":\"Techmaster de Mexico\",\"description\":\"\",\"potentialAction\":[{\"@type\":\"SearchAction\",\"target\":{\"@type\":\"EntryPoint\",\"urlTemplate\":\"https:\/\/techmasterdemexico.com\/?s={search_term_string}\"},\"query-input\":{\"@type\":\"PropertyValueSpecification\",\"valueRequired\":true,\"valueName\":\"search_term_string\"}}],\"inLanguage\":\"en-US\"}]}<\/script>\n<!-- \/ Yoast SEO plugin. -->","yoast_head_json":{"title":"Unidad de visi\u00f3n 10D - Techmaster de Mexico","robots":{"index":"index","follow":"follow","max-snippet":"max-snippet:-1","max-image-preview":"max-image-preview:large","max-video-preview":"max-video-preview:-1"},"canonical":"https:\/\/techmasterdemexico.com\/producto\/unidad-de-vision-10d\/","og_locale":"en_US","og_type":"article","og_title":"Unidad de visi\u00f3n 10D - Techmaster de Mexico","og_description":"Modelo: Vision Unit 10D  Dimensiones de la camara:   Sensor de imagen: c\u00e1mara CMOS en color de 1\/2 \"\/ 12,7 mm  Dimensiones: 100 x 58 x 89 mm  Peso: 0,4 kg    Dimensiones del adaptador:   Software operativo: QSPAK VUE (opcional)  Dimensiones: 45 x 123 mm  Amplificaci\u00f3n: 0.5X  Peso: 0,3 kg    QSPAK VUE, software opcional: Para observaci\u00f3n \/ comparaci\u00f3n de forma   Funci\u00f3n de coincidencia de plantillas  Funci\u00f3n de coincidencia manual de patrones    Para medici\u00f3n sencilla   Funci\u00f3n de herramienta de detecci\u00f3n de bordes con un clic  Funci\u00f3n de herramienta inteligente  Funci\u00f3n de macro de usuario    Funciones para medici\u00f3n repetida \/ medici\u00f3n autom\u00e1tica   Navegacion rapida  Reproducci\u00f3n  Gr\u00e1fico  Salida de datos externos  C\u00e1lculo estad\u00edstico","og_url":"https:\/\/techmasterdemexico.com\/producto\/unidad-de-vision-10d\/","og_site_name":"Techmaster de Mexico","article_modified_time":"2022-05-12T04:17:40+00:00","og_image":[{"width":500,"height":500,"url":"https:\/\/techmasterdemexico.com\/wp-content\/uploads\/2021\/12\/359-739_z_eps.png","type":"image\/png"}],"twitter_card":"summary_large_image","twitter_misc":{"Est. reading time":"1 minute"},"schema":{"@context":"https:\/\/schema.org","@graph":[{"@type":"WebPage","@id":"https:\/\/techmasterdemexico.com\/producto\/unidad-de-vision-10d\/","url":"https:\/\/techmasterdemexico.com\/producto\/unidad-de-vision-10d\/","name":"Unidad de visi\u00f3n 10D - Techmaster de Mexico","isPartOf":{"@id":"https:\/\/techmasterdemexico.com\/#website"},"primaryImageOfPage":{"@id":"https:\/\/techmasterdemexico.com\/producto\/unidad-de-vision-10d\/#primaryimage"},"image":{"@id":"https:\/\/techmasterdemexico.com\/producto\/unidad-de-vision-10d\/#primaryimage"},"thumbnailUrl":"https:\/\/techmasterdemexico.com\/wp-content\/uploads\/2021\/12\/359-739_z_eps.png","datePublished":"2021-12-07T21:02:41+00:00","dateModified":"2022-05-12T04:17:40+00:00","breadcrumb":{"@id":"https:\/\/techmasterdemexico.com\/producto\/unidad-de-vision-10d\/#breadcrumb"},"inLanguage":"en-US","potentialAction":[{"@type":"ReadAction","target":["https:\/\/techmasterdemexico.com\/producto\/unidad-de-vision-10d\/"]}]},{"@type":"ImageObject","inLanguage":"en-US","@id":"https:\/\/techmasterdemexico.com\/producto\/unidad-de-vision-10d\/#primaryimage","url":"https:\/\/techmasterdemexico.com\/wp-content\/uploads\/2021\/12\/359-739_z_eps.png","contentUrl":"https:\/\/techmasterdemexico.com\/wp-content\/uploads\/2021\/12\/359-739_z_eps.png","width":500,"height":500},{"@type":"BreadcrumbList","@id":"https:\/\/techmasterdemexico.com\/producto\/unidad-de-vision-10d\/#breadcrumb","itemListElement":[{"@type":"ListItem","position":1,"name":"Portada","item":"https:\/\/techmasterdemexico.com\/"},{"@type":"ListItem","position":2,"name":"Unidad de visi\u00f3n 10D"}]},{"@type":"WebSite","@id":"https:\/\/techmasterdemexico.com\/#website","url":"https:\/\/techmasterdemexico.com\/","name":"Techmaster de Mexico","description":"","potentialAction":[{"@type":"SearchAction","target":{"@type":"EntryPoint","urlTemplate":"https:\/\/techmasterdemexico.com\/?s={search_term_string}"},"query-input":{"@type":"PropertyValueSpecification","valueRequired":true,"valueName":"search_term_string"}}],"inLanguage":"en-US"}]}},"brands":[{"id":39,"name":"Mitutoyo","slug":"mitutoyo"}],"_links":{"self":[{"href":"https:\/\/techmasterdemexico.com\/en\/wp-json\/wp\/v2\/product\/11394","targetHints":{"allow":["GET"]}}],"collection":[{"href":"https:\/\/techmasterdemexico.com\/en\/wp-json\/wp\/v2\/product"}],"about":[{"href":"https:\/\/techmasterdemexico.com\/en\/wp-json\/wp\/v2\/types\/product"}],"wp:featuredmedia":[{"embeddable":true,"href":"https:\/\/techmasterdemexico.com\/en\/wp-json\/wp\/v2\/media\/11395"}],"wp:attachment":[{"href":"https:\/\/techmasterdemexico.com\/en\/wp-json\/wp\/v2\/media?parent=11394"}],"wp:term":[{"taxonomy":"pwb-brand","embeddable":true,"href":"https:\/\/techmasterdemexico.com\/en\/wp-json\/wp\/v2\/pwb-brand?post=11394"},{"taxonomy":"product_brand","embeddable":true,"href":"https:\/\/techmasterdemexico.com\/en\/wp-json\/wp\/v2\/product_brand?post=11394"},{"taxonomy":"product_cat","embeddable":true,"href":"https:\/\/techmasterdemexico.com\/en\/wp-json\/wp\/v2\/product_cat?post=11394"},{"taxonomy":"product_tag","embeddable":true,"href":"https:\/\/techmasterdemexico.com\/en\/wp-json\/wp\/v2\/product_tag?post=11394"}],"curies":[{"name":"wp","href":"https:\/\/api.w.org\/{rel}","templated":true}]}}