{"id":11390,"date":"2021-12-07T20:53:17","date_gmt":"2021-12-07T20:53:17","guid":{"rendered":"https:\/\/techmastermx.ddns.net\/?post_type=product&#038;p=11390"},"modified":"2022-05-12T04:18:11","modified_gmt":"2022-05-12T04:18:11","slug":"microscopio-de-medicion-mf-b-2010d-3-ejes-mf-b2010d","status":"publish","type":"product","link":"https:\/\/techmasterdemexico.com\/en\/producto\/microscopio-de-medicion-mf-b-2010d-3-ejes-mf-b2010d\/","title":{"rendered":"Microscopio de medici\u00f3n MF-B, 2010D 3 ejes MF-B2010D"},"content":{"rendered":"<p>Microscopio de medici\u00f3n MF-B, 2010D 3 ejes<br \/>\nMF-B2010D<br \/>\nN\u00famero de art\u00edculo: 176-867-10<\/p>\n<p>&nbsp;<\/p>\n<p>Serie MF Generation D: modelos manuales<br \/>\nEste microscopio de medici\u00f3n vers\u00e1til, ya sea que lo use para aumentar el rendimiento con la unidad de visi\u00f3n de Mitutoyo, para la gesti\u00f3n de datos en una PC u otras aplicaciones, le ofrece una eficiencia de medici\u00f3n a\u00fan m\u00e1s mejorada.<\/p>\n<p>&nbsp;<\/p>\n<p>El MF le ofrece los siguientes beneficios:<\/p>\n<ul>\n<li>Precisi\u00f3n de medici\u00f3n que es una de las m\u00e1s altas de su clase.<\/li>\n<li>Objetivos probados de alta NA de la serie \u00f3ptica ML (tipo de larga distancia de trabajo).<\/li>\n<li>Integraci\u00f3n de funciones de microscopio metal\u00fargico y de medici\u00f3n que le permiten<\/li>\n<li>Realice observaciones de alta resoluci\u00f3n y mediciones de alta precisi\u00f3n.<\/li>\n<li>La unidad de iluminaci\u00f3n (reflejada \/ transmitida) te da la opci\u00f3n de una bombilla hal\u00f3gena o LED de alta intensidad.<\/li>\n<li>El diafragma de apertura variable (reflejado \/ transmitido) permite la medici\u00f3n de la observaci\u00f3n mientras suprime la difracci\u00f3n de la luz.<\/li>\n<li>Variedad de platillos estandarizados en tama\u00f1os hasta 400 \u00d7 200 mm.<\/li>\n<li>Mecanismo de liberaci\u00f3n r\u00e1pida que le permite mover el escenario r\u00e1pidamente al medir<\/li>\n<li>Piezas grandes o numerosas.<\/li>\n<li>Ocular de observaci\u00f3n de gran aumento hasta 2000X.<\/li>\n<li>Una buena selecci\u00f3n de accesorios opcionales, incluida una unidad de visi\u00f3n, varias c\u00e1maras digitales o gesti\u00f3n de datos en una PC, promete un amplio campo de aplicaci\u00f3n y una excelente medici\u00f3n<\/li>\n<\/ul>\n","protected":false},"excerpt":{"rendered":"<ul>\n<li>Altura m\u00e1xima mesa XY:<br \/>\n350 x 280<\/li>\n<li>Tama\u00f1o Efectivo de la Platina:<br \/>\n250 x 150<\/li>\n<li>Altura m\u00e1xima de la pieza:<br \/>\n150 mm<\/li>\n<li>Peso:<br \/>\n69,5 kilogramos<\/li>\n<li>Motor del eje Z:<br \/>\nNo<\/li>\n<li>Observaci\u00f3n de imagen:<br \/>\nImagen erecta<\/li>\n<li>Precisi\u00f3n de lectura (a 20 \u00b0 C):<br \/>\nEje XY: (2,2 + 0,02L) \u00b5m Eje Z: (5 + 0,04L) \u00b5m L: Longitud de medici\u00f3n (mm) sin carga, JIS B 7153<\/li>\n<li>Funci\u00f3n de flotabilidad:<br \/>\nEjes X e Y con mecanismo de liberaci\u00f3n r\u00e1pida<\/li>\n<li>Objetivos:<br \/>\nEst\u00e1ndar: 3X<br \/>\nOpcional: 1X, 5X, 10X, 20X, 50X, 100X<\/li>\n<li>Puerto de la c\u00e1mara:<br \/>\ns\u00ed<\/li>\n<li>Torreta de energ\u00eda:<br \/>\nNo<\/li>\n<li>Puesta a cero:<br \/>\ns\u00ed<\/li>\n<li>Objetivo FS:<br \/>\nNo<\/li>\n<li>Remoto:<br \/>\nNo<\/li>\n<li>Encimera:<br \/>\ns\u00ed<\/li>\n<li>Liberaci\u00f3n r\u00e1pida:<br \/>\ns\u00ed<\/li>\n<li>Inclinaci\u00f3n:<br \/>\nNo<\/li>\n<li>Visi\u00f3n AF:<br \/>\nNo<\/li>\n<\/ul>\n","protected":false},"featured_media":11384,"template":"","meta":{"_acf_changed":false},"pwb-brand":[39],"product_brand":[],"product_cat":[366,345,38,342],"product_tag":[],"class_list":{"0":"post-11390","1":"product","2":"type-product","3":"status-publish","4":"has-post-thumbnail","6":"pwb-brand-mitutoyo","7":"product_cat-todos-los-productos","8":"product_cat-microscopios-de-medicion-sistemas-opticos","9":"product_cat-mitutoyo","10":"product_cat-sistemas-opticos","12":"first","13":"instock","14":"taxable","15":"shipping-taxable","16":"product-type-simple"},"acf":[],"yoast_head":"<!-- This site is optimized with the Yoast SEO plugin v27.2 - https:\/\/yoast.com\/product\/yoast-seo-wordpress\/ -->\n<title>Microscopio de medici\u00f3n MF-B, 2010D 3 ejes MF-B2010D - Techmaster de Mexico<\/title>\n<meta name=\"robots\" content=\"index, follow, max-snippet:-1, max-image-preview:large, max-video-preview:-1\" \/>\n<link rel=\"canonical\" href=\"https:\/\/techmasterdemexico.com\/producto\/microscopio-de-medicion-mf-b-2010d-3-ejes-mf-b2010d\/\" \/>\n<meta property=\"og:locale\" content=\"en_US\" \/>\n<meta property=\"og:type\" content=\"article\" \/>\n<meta property=\"og:title\" content=\"Microscopio de medici\u00f3n MF-B, 2010D 3 ejes MF-B2010D - Techmaster de Mexico\" \/>\n<meta property=\"og:description\" content=\"Altura m\u00e1xima mesa XY: 350 x 280  Tama\u00f1o Efectivo de la Platina: 250 x 150  Altura m\u00e1xima de la pieza: 150 mm  Peso: 69,5 kilogramos  Motor del eje Z: No  Observaci\u00f3n de imagen: Imagen erecta  Precisi\u00f3n de lectura (a 20 \u00b0 C): Eje XY: (2,2 + 0,02L) \u00b5m Eje Z: (5 + 0,04L) \u00b5m L: Longitud de medici\u00f3n (mm) sin carga, JIS B 7153  Funci\u00f3n de flotabilidad: Ejes X e Y con mecanismo de liberaci\u00f3n r\u00e1pida  Objetivos: Est\u00e1ndar: 3X Opcional: 1X, 5X, 10X, 20X, 50X, 100X  Puerto de la c\u00e1mara: s\u00ed  Torreta de energ\u00eda: No  Puesta a cero: s\u00ed  Objetivo FS: No  Remoto: No  Encimera: s\u00ed  Liberaci\u00f3n r\u00e1pida: s\u00ed  Inclinaci\u00f3n: No  Visi\u00f3n AF: No\" \/>\n<meta property=\"og:url\" content=\"https:\/\/techmasterdemexico.com\/producto\/microscopio-de-medicion-mf-b-2010d-3-ejes-mf-b2010d\/\" \/>\n<meta property=\"og:site_name\" content=\"Techmaster de Mexico\" \/>\n<meta property=\"article:modified_time\" content=\"2022-05-12T04:18:11+00:00\" \/>\n<meta property=\"og:image\" content=\"https:\/\/techmasterdemexico.com\/wp-content\/uploads\/2021\/12\/176-664-10_z_copier_ep.png\" \/>\n\t<meta property=\"og:image:width\" content=\"1000\" \/>\n\t<meta property=\"og:image:height\" content=\"1000\" \/>\n\t<meta property=\"og:image:type\" content=\"image\/png\" \/>\n<meta name=\"twitter:card\" content=\"summary_large_image\" \/>\n<meta name=\"twitter:label1\" content=\"Est. reading time\" \/>\n\t<meta name=\"twitter:data1\" content=\"1 minute\" \/>\n<script type=\"application\/ld+json\" class=\"yoast-schema-graph\">{\"@context\":\"https:\/\/schema.org\",\"@graph\":[{\"@type\":\"WebPage\",\"@id\":\"https:\/\/techmasterdemexico.com\/producto\/microscopio-de-medicion-mf-b-2010d-3-ejes-mf-b2010d\/\",\"url\":\"https:\/\/techmasterdemexico.com\/producto\/microscopio-de-medicion-mf-b-2010d-3-ejes-mf-b2010d\/\",\"name\":\"Microscopio de medici\u00f3n MF-B, 2010D 3 ejes MF-B2010D - Techmaster de Mexico\",\"isPartOf\":{\"@id\":\"https:\/\/techmasterdemexico.com\/#website\"},\"primaryImageOfPage\":{\"@id\":\"https:\/\/techmasterdemexico.com\/producto\/microscopio-de-medicion-mf-b-2010d-3-ejes-mf-b2010d\/#primaryimage\"},\"image\":{\"@id\":\"https:\/\/techmasterdemexico.com\/producto\/microscopio-de-medicion-mf-b-2010d-3-ejes-mf-b2010d\/#primaryimage\"},\"thumbnailUrl\":\"https:\/\/techmasterdemexico.com\/wp-content\/uploads\/2021\/12\/176-664-10_z_copier_ep.png\",\"datePublished\":\"2021-12-07T20:53:17+00:00\",\"dateModified\":\"2022-05-12T04:18:11+00:00\",\"breadcrumb\":{\"@id\":\"https:\/\/techmasterdemexico.com\/producto\/microscopio-de-medicion-mf-b-2010d-3-ejes-mf-b2010d\/#breadcrumb\"},\"inLanguage\":\"en-US\",\"potentialAction\":[{\"@type\":\"ReadAction\",\"target\":[\"https:\/\/techmasterdemexico.com\/producto\/microscopio-de-medicion-mf-b-2010d-3-ejes-mf-b2010d\/\"]}]},{\"@type\":\"ImageObject\",\"inLanguage\":\"en-US\",\"@id\":\"https:\/\/techmasterdemexico.com\/producto\/microscopio-de-medicion-mf-b-2010d-3-ejes-mf-b2010d\/#primaryimage\",\"url\":\"https:\/\/techmasterdemexico.com\/wp-content\/uploads\/2021\/12\/176-664-10_z_copier_ep.png\",\"contentUrl\":\"https:\/\/techmasterdemexico.com\/wp-content\/uploads\/2021\/12\/176-664-10_z_copier_ep.png\",\"width\":1000,\"height\":1000},{\"@type\":\"BreadcrumbList\",\"@id\":\"https:\/\/techmasterdemexico.com\/producto\/microscopio-de-medicion-mf-b-2010d-3-ejes-mf-b2010d\/#breadcrumb\",\"itemListElement\":[{\"@type\":\"ListItem\",\"position\":1,\"name\":\"Portada\",\"item\":\"https:\/\/techmasterdemexico.com\/\"},{\"@type\":\"ListItem\",\"position\":2,\"name\":\"Microscopio de medici\u00f3n MF-B, 2010D 3 ejes MF-B2010D\"}]},{\"@type\":\"WebSite\",\"@id\":\"https:\/\/techmasterdemexico.com\/#website\",\"url\":\"https:\/\/techmasterdemexico.com\/\",\"name\":\"Techmaster de Mexico\",\"description\":\"\",\"potentialAction\":[{\"@type\":\"SearchAction\",\"target\":{\"@type\":\"EntryPoint\",\"urlTemplate\":\"https:\/\/techmasterdemexico.com\/?s={search_term_string}\"},\"query-input\":{\"@type\":\"PropertyValueSpecification\",\"valueRequired\":true,\"valueName\":\"search_term_string\"}}],\"inLanguage\":\"en-US\"}]}<\/script>\n<!-- \/ Yoast SEO plugin. -->","yoast_head_json":{"title":"Microscopio de medici\u00f3n MF-B, 2010D 3 ejes MF-B2010D - Techmaster de Mexico","robots":{"index":"index","follow":"follow","max-snippet":"max-snippet:-1","max-image-preview":"max-image-preview:large","max-video-preview":"max-video-preview:-1"},"canonical":"https:\/\/techmasterdemexico.com\/producto\/microscopio-de-medicion-mf-b-2010d-3-ejes-mf-b2010d\/","og_locale":"en_US","og_type":"article","og_title":"Microscopio de medici\u00f3n MF-B, 2010D 3 ejes MF-B2010D - Techmaster de Mexico","og_description":"Altura m\u00e1xima mesa XY: 350 x 280  Tama\u00f1o Efectivo de la Platina: 250 x 150  Altura m\u00e1xima de la pieza: 150 mm  Peso: 69,5 kilogramos  Motor del eje Z: No  Observaci\u00f3n de imagen: Imagen erecta  Precisi\u00f3n de lectura (a 20 \u00b0 C): Eje XY: (2,2 + 0,02L) \u00b5m Eje Z: (5 + 0,04L) \u00b5m L: Longitud de medici\u00f3n (mm) sin carga, JIS B 7153  Funci\u00f3n de flotabilidad: Ejes X e Y con mecanismo de liberaci\u00f3n r\u00e1pida  Objetivos: Est\u00e1ndar: 3X Opcional: 1X, 5X, 10X, 20X, 50X, 100X  Puerto de la c\u00e1mara: s\u00ed  Torreta de energ\u00eda: No  Puesta a cero: s\u00ed  Objetivo FS: No  Remoto: No  Encimera: s\u00ed  Liberaci\u00f3n r\u00e1pida: s\u00ed  Inclinaci\u00f3n: No  Visi\u00f3n AF: No","og_url":"https:\/\/techmasterdemexico.com\/producto\/microscopio-de-medicion-mf-b-2010d-3-ejes-mf-b2010d\/","og_site_name":"Techmaster de Mexico","article_modified_time":"2022-05-12T04:18:11+00:00","og_image":[{"width":1000,"height":1000,"url":"https:\/\/techmasterdemexico.com\/wp-content\/uploads\/2021\/12\/176-664-10_z_copier_ep.png","type":"image\/png"}],"twitter_card":"summary_large_image","twitter_misc":{"Est. reading time":"1 minute"},"schema":{"@context":"https:\/\/schema.org","@graph":[{"@type":"WebPage","@id":"https:\/\/techmasterdemexico.com\/producto\/microscopio-de-medicion-mf-b-2010d-3-ejes-mf-b2010d\/","url":"https:\/\/techmasterdemexico.com\/producto\/microscopio-de-medicion-mf-b-2010d-3-ejes-mf-b2010d\/","name":"Microscopio de medici\u00f3n MF-B, 2010D 3 ejes MF-B2010D - Techmaster de Mexico","isPartOf":{"@id":"https:\/\/techmasterdemexico.com\/#website"},"primaryImageOfPage":{"@id":"https:\/\/techmasterdemexico.com\/producto\/microscopio-de-medicion-mf-b-2010d-3-ejes-mf-b2010d\/#primaryimage"},"image":{"@id":"https:\/\/techmasterdemexico.com\/producto\/microscopio-de-medicion-mf-b-2010d-3-ejes-mf-b2010d\/#primaryimage"},"thumbnailUrl":"https:\/\/techmasterdemexico.com\/wp-content\/uploads\/2021\/12\/176-664-10_z_copier_ep.png","datePublished":"2021-12-07T20:53:17+00:00","dateModified":"2022-05-12T04:18:11+00:00","breadcrumb":{"@id":"https:\/\/techmasterdemexico.com\/producto\/microscopio-de-medicion-mf-b-2010d-3-ejes-mf-b2010d\/#breadcrumb"},"inLanguage":"en-US","potentialAction":[{"@type":"ReadAction","target":["https:\/\/techmasterdemexico.com\/producto\/microscopio-de-medicion-mf-b-2010d-3-ejes-mf-b2010d\/"]}]},{"@type":"ImageObject","inLanguage":"en-US","@id":"https:\/\/techmasterdemexico.com\/producto\/microscopio-de-medicion-mf-b-2010d-3-ejes-mf-b2010d\/#primaryimage","url":"https:\/\/techmasterdemexico.com\/wp-content\/uploads\/2021\/12\/176-664-10_z_copier_ep.png","contentUrl":"https:\/\/techmasterdemexico.com\/wp-content\/uploads\/2021\/12\/176-664-10_z_copier_ep.png","width":1000,"height":1000},{"@type":"BreadcrumbList","@id":"https:\/\/techmasterdemexico.com\/producto\/microscopio-de-medicion-mf-b-2010d-3-ejes-mf-b2010d\/#breadcrumb","itemListElement":[{"@type":"ListItem","position":1,"name":"Portada","item":"https:\/\/techmasterdemexico.com\/"},{"@type":"ListItem","position":2,"name":"Microscopio de medici\u00f3n MF-B, 2010D 3 ejes MF-B2010D"}]},{"@type":"WebSite","@id":"https:\/\/techmasterdemexico.com\/#website","url":"https:\/\/techmasterdemexico.com\/","name":"Techmaster de Mexico","description":"","potentialAction":[{"@type":"SearchAction","target":{"@type":"EntryPoint","urlTemplate":"https:\/\/techmasterdemexico.com\/?s={search_term_string}"},"query-input":{"@type":"PropertyValueSpecification","valueRequired":true,"valueName":"search_term_string"}}],"inLanguage":"en-US"}]}},"brands":[{"id":39,"name":"Mitutoyo","slug":"mitutoyo"}],"_links":{"self":[{"href":"https:\/\/techmasterdemexico.com\/en\/wp-json\/wp\/v2\/product\/11390","targetHints":{"allow":["GET"]}}],"collection":[{"href":"https:\/\/techmasterdemexico.com\/en\/wp-json\/wp\/v2\/product"}],"about":[{"href":"https:\/\/techmasterdemexico.com\/en\/wp-json\/wp\/v2\/types\/product"}],"wp:featuredmedia":[{"embeddable":true,"href":"https:\/\/techmasterdemexico.com\/en\/wp-json\/wp\/v2\/media\/11384"}],"wp:attachment":[{"href":"https:\/\/techmasterdemexico.com\/en\/wp-json\/wp\/v2\/media?parent=11390"}],"wp:term":[{"taxonomy":"pwb-brand","embeddable":true,"href":"https:\/\/techmasterdemexico.com\/en\/wp-json\/wp\/v2\/pwb-brand?post=11390"},{"taxonomy":"product_brand","embeddable":true,"href":"https:\/\/techmasterdemexico.com\/en\/wp-json\/wp\/v2\/product_brand?post=11390"},{"taxonomy":"product_cat","embeddable":true,"href":"https:\/\/techmasterdemexico.com\/en\/wp-json\/wp\/v2\/product_cat?post=11390"},{"taxonomy":"product_tag","embeddable":true,"href":"https:\/\/techmasterdemexico.com\/en\/wp-json\/wp\/v2\/product_tag?post=11390"}],"curies":[{"name":"wp","href":"https:\/\/api.w.org\/{rel}","templated":true}]}}