{"id":11380,"date":"2021-12-07T20:25:19","date_gmt":"2021-12-07T20:25:19","guid":{"rendered":"https:\/\/techmastermx.ddns.net\/?post_type=product&#038;p=11380"},"modified":"2022-05-12T04:18:15","modified_gmt":"2022-05-12T04:18:15","slug":"microscopio-de-medicion-tm-505-50x50-mm","status":"publish","type":"product","link":"https:\/\/techmasterdemexico.com\/en\/producto\/microscopio-de-medicion-tm-505-50x50-mm\/","title":{"rendered":"Microscopio de medici\u00f3n &#8220;TM-505&#8221; 50&#215;50 mm"},"content":{"rendered":"<p>Microscopio de medici\u00f3n &#8220;TM-505&#8221; 50&#215;50 mm<br \/>\nTM-505B<br \/>\nN\u00famero de art\u00edculo: 176-818D<\/p>\n<p>&nbsp;<\/p>\n<p>Con este Microscopio de Taller puede realizar mediciones dimensionales y de \u00e1ngulos en piezas de trabajo peque\u00f1as gracias a las cabezas microm\u00e9tricas anal\u00f3gicas o digitales opcionales y la escala circular incorporada.<\/p>\n<p>&nbsp;<\/p>\n<p>Otros beneficios del microscopio TM Serie B:<\/p>\n<ul>\n<li>La intensidad de luz LED es ajustable para la iluminaci\u00f3n del perfil y la superficie, proporcionando condiciones de iluminaci\u00f3n \u00f3ptimas para la inspecci\u00f3n de la pieza de trabajo.<\/li>\n<li>El TM est\u00e1 disponible con platinas de trabajo de 50 x 50 mm o 100 x 50 mm.<\/li>\n<li>La mesa XY admite la incorporaci\u00f3n de distintas cabezas microm\u00e9tricas, se ofrecen anal\u00f3gicas y digitales de forma opcional.<\/li>\n<li>El compacto dise\u00f1o de estos microscopios lo convierte en ideal para el entorno del taller donde el espacio para los equipos de medici\u00f3n es limitado.<\/li>\n<\/ul>\n","protected":false},"excerpt":{"rendered":"<ul>\n<li>Dimensiones mesa XY:<br \/>\n152 x 152 mm<\/li>\n<li>Rango mesa XY:<br \/>\n50 x 50 mm<\/li>\n<li>Altura m\u00e1xima de la pieza:<br \/>\n115 mm<\/li>\n<li>Observaci\u00f3n de imagen:<br \/>\nErecta<\/li>\n<li>Iluminaci\u00f3n transmitida :\n<ul>\n<li>Fuente de luz: LED blanco con filtro verde<\/li>\n<li>Funciones: ajuste de intensidad de luz<\/li>\n<\/ul>\n<\/li>\n<li>Iluminaci\u00f3n de superficie:\n<ul>\n<li>Fuente de luz: LED blanco<\/li>\n<li>Funciones: ajuste de intensidad de luz<\/li>\n<\/ul>\n<\/li>\n<li>Observaciones:<br \/>\nTM-505B with optional micrometer screws<\/li>\n<\/ul>\n","protected":false},"featured_media":11381,"template":"","meta":{"_acf_changed":false},"pwb-brand":[39],"product_brand":[],"product_cat":[366,345,38,342],"product_tag":[],"class_list":{"0":"post-11380","1":"product","2":"type-product","3":"status-publish","4":"has-post-thumbnail","6":"pwb-brand-mitutoyo","7":"product_cat-todos-los-productos","8":"product_cat-microscopios-de-medicion-sistemas-opticos","9":"product_cat-mitutoyo","10":"product_cat-sistemas-opticos","12":"first","13":"instock","14":"taxable","15":"shipping-taxable","16":"product-type-simple"},"acf":[],"yoast_head":"<!-- This site is optimized with the Yoast SEO plugin v27.4 - https:\/\/yoast.com\/product\/yoast-seo-wordpress\/ -->\n<title>Microscopio de medici\u00f3n &quot;TM-505&quot; 50x50 mm - Techmaster de Mexico<\/title>\n<meta name=\"robots\" content=\"index, follow, max-snippet:-1, max-image-preview:large, max-video-preview:-1\" \/>\n<link rel=\"canonical\" href=\"https:\/\/techmasterdemexico.com\/producto\/microscopio-de-medicion-tm-505-50x50-mm\/\" \/>\n<meta property=\"og:locale\" content=\"en_US\" \/>\n<meta property=\"og:type\" content=\"article\" \/>\n<meta property=\"og:title\" content=\"Microscopio de medici\u00f3n &quot;TM-505&quot; 50x50 mm - Techmaster de Mexico\" \/>\n<meta property=\"og:description\" content=\"Dimensiones mesa XY: 152 x 152 mm  Rango mesa XY: 50 x 50 mm  Altura m\u00e1xima de la pieza: 115 mm  Observaci\u00f3n de imagen: Erecta  Iluminaci\u00f3n transmitida :   Fuente de luz: LED blanco con filtro verde  Funciones: ajuste de intensidad de luz    Iluminaci\u00f3n de superficie:   Fuente de luz: LED blanco  Funciones: ajuste de intensidad de luz    Observaciones: TM-505B with optional micrometer screws\" \/>\n<meta property=\"og:url\" content=\"https:\/\/techmasterdemexico.com\/producto\/microscopio-de-medicion-tm-505-50x50-mm\/\" \/>\n<meta property=\"og:site_name\" content=\"Techmaster de Mexico\" \/>\n<meta property=\"article:modified_time\" content=\"2022-05-12T04:18:15+00:00\" \/>\n<meta property=\"og:image\" content=\"https:\/\/techmasterdemexico.com\/wp-content\/uploads\/2021\/12\/176-818d_z_jpg.png\" \/>\n\t<meta property=\"og:image:width\" content=\"500\" \/>\n\t<meta property=\"og:image:height\" content=\"500\" \/>\n\t<meta property=\"og:image:type\" content=\"image\/png\" \/>\n<meta name=\"twitter:card\" content=\"summary_large_image\" \/>\n<meta name=\"twitter:label1\" content=\"Est. reading time\" \/>\n\t<meta name=\"twitter:data1\" content=\"1 minute\" \/>\n<script type=\"application\/ld+json\" class=\"yoast-schema-graph\">{\"@context\":\"https:\\\/\\\/schema.org\",\"@graph\":[{\"@type\":\"WebPage\",\"@id\":\"https:\\\/\\\/techmasterdemexico.com\\\/producto\\\/microscopio-de-medicion-tm-505-50x50-mm\\\/\",\"url\":\"https:\\\/\\\/techmasterdemexico.com\\\/producto\\\/microscopio-de-medicion-tm-505-50x50-mm\\\/\",\"name\":\"Microscopio de medici\u00f3n \\\"TM-505\\\" 50x50 mm - Techmaster de Mexico\",\"isPartOf\":{\"@id\":\"https:\\\/\\\/techmasterdemexico.com\\\/#website\"},\"primaryImageOfPage\":{\"@id\":\"https:\\\/\\\/techmasterdemexico.com\\\/producto\\\/microscopio-de-medicion-tm-505-50x50-mm\\\/#primaryimage\"},\"image\":{\"@id\":\"https:\\\/\\\/techmasterdemexico.com\\\/producto\\\/microscopio-de-medicion-tm-505-50x50-mm\\\/#primaryimage\"},\"thumbnailUrl\":\"https:\\\/\\\/techmasterdemexico.com\\\/wp-content\\\/uploads\\\/2021\\\/12\\\/176-818d_z_jpg.png\",\"datePublished\":\"2021-12-07T20:25:19+00:00\",\"dateModified\":\"2022-05-12T04:18:15+00:00\",\"breadcrumb\":{\"@id\":\"https:\\\/\\\/techmasterdemexico.com\\\/producto\\\/microscopio-de-medicion-tm-505-50x50-mm\\\/#breadcrumb\"},\"inLanguage\":\"en-US\",\"potentialAction\":[{\"@type\":\"ReadAction\",\"target\":[\"https:\\\/\\\/techmasterdemexico.com\\\/producto\\\/microscopio-de-medicion-tm-505-50x50-mm\\\/\"]}]},{\"@type\":\"ImageObject\",\"inLanguage\":\"en-US\",\"@id\":\"https:\\\/\\\/techmasterdemexico.com\\\/producto\\\/microscopio-de-medicion-tm-505-50x50-mm\\\/#primaryimage\",\"url\":\"https:\\\/\\\/techmasterdemexico.com\\\/wp-content\\\/uploads\\\/2021\\\/12\\\/176-818d_z_jpg.png\",\"contentUrl\":\"https:\\\/\\\/techmasterdemexico.com\\\/wp-content\\\/uploads\\\/2021\\\/12\\\/176-818d_z_jpg.png\",\"width\":500,\"height\":500},{\"@type\":\"BreadcrumbList\",\"@id\":\"https:\\\/\\\/techmasterdemexico.com\\\/producto\\\/microscopio-de-medicion-tm-505-50x50-mm\\\/#breadcrumb\",\"itemListElement\":[{\"@type\":\"ListItem\",\"position\":1,\"name\":\"Portada\",\"item\":\"https:\\\/\\\/techmasterdemexico.com\\\/\"},{\"@type\":\"ListItem\",\"position\":2,\"name\":\"Microscopio de medici\u00f3n \u00abTM-505\u00bb 50&#215;50 mm\"}]},{\"@type\":\"WebSite\",\"@id\":\"https:\\\/\\\/techmasterdemexico.com\\\/#website\",\"url\":\"https:\\\/\\\/techmasterdemexico.com\\\/\",\"name\":\"Techmaster de Mexico\",\"description\":\"\",\"potentialAction\":[{\"@type\":\"SearchAction\",\"target\":{\"@type\":\"EntryPoint\",\"urlTemplate\":\"https:\\\/\\\/techmasterdemexico.com\\\/?s={search_term_string}\"},\"query-input\":{\"@type\":\"PropertyValueSpecification\",\"valueRequired\":true,\"valueName\":\"search_term_string\"}}],\"inLanguage\":\"en-US\"}]}<\/script>\n<!-- \/ Yoast SEO plugin. -->","yoast_head_json":{"title":"Microscopio de medici\u00f3n \"TM-505\" 50x50 mm - Techmaster de Mexico","robots":{"index":"index","follow":"follow","max-snippet":"max-snippet:-1","max-image-preview":"max-image-preview:large","max-video-preview":"max-video-preview:-1"},"canonical":"https:\/\/techmasterdemexico.com\/producto\/microscopio-de-medicion-tm-505-50x50-mm\/","og_locale":"en_US","og_type":"article","og_title":"Microscopio de medici\u00f3n \"TM-505\" 50x50 mm - Techmaster de Mexico","og_description":"Dimensiones mesa XY: 152 x 152 mm  Rango mesa XY: 50 x 50 mm  Altura m\u00e1xima de la pieza: 115 mm  Observaci\u00f3n de imagen: Erecta  Iluminaci\u00f3n transmitida :   Fuente de luz: LED blanco con filtro verde  Funciones: ajuste de intensidad de luz    Iluminaci\u00f3n de superficie:   Fuente de luz: LED blanco  Funciones: ajuste de intensidad de luz    Observaciones: TM-505B with optional micrometer screws","og_url":"https:\/\/techmasterdemexico.com\/producto\/microscopio-de-medicion-tm-505-50x50-mm\/","og_site_name":"Techmaster de Mexico","article_modified_time":"2022-05-12T04:18:15+00:00","og_image":[{"width":500,"height":500,"url":"https:\/\/techmasterdemexico.com\/wp-content\/uploads\/2021\/12\/176-818d_z_jpg.png","type":"image\/png"}],"twitter_card":"summary_large_image","twitter_misc":{"Est. reading time":"1 minute"},"schema":{"@context":"https:\/\/schema.org","@graph":[{"@type":"WebPage","@id":"https:\/\/techmasterdemexico.com\/producto\/microscopio-de-medicion-tm-505-50x50-mm\/","url":"https:\/\/techmasterdemexico.com\/producto\/microscopio-de-medicion-tm-505-50x50-mm\/","name":"Microscopio de medici\u00f3n \"TM-505\" 50x50 mm - Techmaster de Mexico","isPartOf":{"@id":"https:\/\/techmasterdemexico.com\/#website"},"primaryImageOfPage":{"@id":"https:\/\/techmasterdemexico.com\/producto\/microscopio-de-medicion-tm-505-50x50-mm\/#primaryimage"},"image":{"@id":"https:\/\/techmasterdemexico.com\/producto\/microscopio-de-medicion-tm-505-50x50-mm\/#primaryimage"},"thumbnailUrl":"https:\/\/techmasterdemexico.com\/wp-content\/uploads\/2021\/12\/176-818d_z_jpg.png","datePublished":"2021-12-07T20:25:19+00:00","dateModified":"2022-05-12T04:18:15+00:00","breadcrumb":{"@id":"https:\/\/techmasterdemexico.com\/producto\/microscopio-de-medicion-tm-505-50x50-mm\/#breadcrumb"},"inLanguage":"en-US","potentialAction":[{"@type":"ReadAction","target":["https:\/\/techmasterdemexico.com\/producto\/microscopio-de-medicion-tm-505-50x50-mm\/"]}]},{"@type":"ImageObject","inLanguage":"en-US","@id":"https:\/\/techmasterdemexico.com\/producto\/microscopio-de-medicion-tm-505-50x50-mm\/#primaryimage","url":"https:\/\/techmasterdemexico.com\/wp-content\/uploads\/2021\/12\/176-818d_z_jpg.png","contentUrl":"https:\/\/techmasterdemexico.com\/wp-content\/uploads\/2021\/12\/176-818d_z_jpg.png","width":500,"height":500},{"@type":"BreadcrumbList","@id":"https:\/\/techmasterdemexico.com\/producto\/microscopio-de-medicion-tm-505-50x50-mm\/#breadcrumb","itemListElement":[{"@type":"ListItem","position":1,"name":"Portada","item":"https:\/\/techmasterdemexico.com\/"},{"@type":"ListItem","position":2,"name":"Microscopio de medici\u00f3n \u00abTM-505\u00bb 50&#215;50 mm"}]},{"@type":"WebSite","@id":"https:\/\/techmasterdemexico.com\/#website","url":"https:\/\/techmasterdemexico.com\/","name":"Techmaster de Mexico","description":"","potentialAction":[{"@type":"SearchAction","target":{"@type":"EntryPoint","urlTemplate":"https:\/\/techmasterdemexico.com\/?s={search_term_string}"},"query-input":{"@type":"PropertyValueSpecification","valueRequired":true,"valueName":"search_term_string"}}],"inLanguage":"en-US"}]}},"brands":[{"id":39,"name":"Mitutoyo","slug":"mitutoyo"}],"_links":{"self":[{"href":"https:\/\/techmasterdemexico.com\/en\/wp-json\/wp\/v2\/product\/11380","targetHints":{"allow":["GET"]}}],"collection":[{"href":"https:\/\/techmasterdemexico.com\/en\/wp-json\/wp\/v2\/product"}],"about":[{"href":"https:\/\/techmasterdemexico.com\/en\/wp-json\/wp\/v2\/types\/product"}],"wp:featuredmedia":[{"embeddable":true,"href":"https:\/\/techmasterdemexico.com\/en\/wp-json\/wp\/v2\/media\/11381"}],"wp:attachment":[{"href":"https:\/\/techmasterdemexico.com\/en\/wp-json\/wp\/v2\/media?parent=11380"}],"wp:term":[{"taxonomy":"pwb-brand","embeddable":true,"href":"https:\/\/techmasterdemexico.com\/en\/wp-json\/wp\/v2\/pwb-brand?post=11380"},{"taxonomy":"product_brand","embeddable":true,"href":"https:\/\/techmasterdemexico.com\/en\/wp-json\/wp\/v2\/product_brand?post=11380"},{"taxonomy":"product_cat","embeddable":true,"href":"https:\/\/techmasterdemexico.com\/en\/wp-json\/wp\/v2\/product_cat?post=11380"},{"taxonomy":"product_tag","embeddable":true,"href":"https:\/\/techmasterdemexico.com\/en\/wp-json\/wp\/v2\/product_tag?post=11380"}],"curies":[{"name":"wp","href":"https:\/\/api.w.org\/{rel}","templated":true}]}}