{"id":11376,"date":"2021-12-07T20:17:47","date_gmt":"2021-12-07T20:17:47","guid":{"rendered":"https:\/\/techmastermx.ddns.net\/?post_type=product&#038;p=11376"},"modified":"2022-05-12T04:18:16","modified_gmt":"2022-05-12T04:18:16","slug":"microscope-unit-wide-vmu-bdh","status":"publish","type":"product","link":"https:\/\/techmasterdemexico.com\/en\/producto\/microscope-unit-wide-vmu-bdh\/","title":{"rendered":"Microscope Unit WIDE VMU-BDH"},"content":{"rendered":"<p>Microscope Unit<br \/>\nWIDE VMU-BDH<br \/>\nN\u00famero de art\u00edculo: 378-518<\/p>\n<p>&nbsp;<\/p>\n<p>La serie WIDE VMU lleva la microscop\u00eda al siguiente nivel con un campo de visi\u00f3n 7 veces m\u00e1s grande que los modelos convencionales.<\/p>\n<p>&nbsp;<\/p>\n<p>WIDE VMU ofrece los siguientes beneficios:<\/p>\n<ul>\n<li>Tama\u00f1o de sensor equivalente a 2 pulgadas, formato APS-C<\/li>\n<li>Campo de imagen de \u00f830 mm con lente de tubo 1X<\/li>\n<li>Se pueden montar c\u00e1maras con montura C y F<\/li>\n<li>Las observaciones de BF son compatibles con los modelos WIDE VMU-V y -H,<\/li>\n<li>Las observaciones de BD son compatibles con los modelos WIDE VMU-BDV y -BDH<\/li>\n<li>Con la orientaci\u00f3n flexible para el montaje de la c\u00e1mara y la iluminaci\u00f3n, se pueden configurar configuraciones muy compactas.<\/li>\n<\/ul>\n<p><\/p>","protected":false},"excerpt":{"rendered":"<ul>\n<li>Montaje de c\u00e1mara:<br \/>\nHorizontal<\/li>\n<li>Tipo de observaci\u00f3n:<br \/>\nCampo claro \/ Campo oscuro (BD)<\/li>\n<li>Ilumunador:<br \/>\nPuerto dual<\/li>\n<\/ul>\n","protected":false},"featured_media":11377,"template":"","meta":{"_acf_changed":false},"pwb-brand":[39],"product_brand":[],"product_cat":[366,344,38,342],"product_tag":[],"class_list":{"0":"post-11376","1":"product","2":"type-product","3":"status-publish","4":"has-post-thumbnail","6":"pwb-brand-mitutoyo","7":"product_cat-todos-los-productos","8":"product_cat-microscopios-de-inspeccion","9":"product_cat-mitutoyo","10":"product_cat-sistemas-opticos","12":"first","13":"instock","14":"taxable","15":"shipping-taxable","16":"product-type-simple"},"acf":[],"yoast_head":"<!-- This site is optimized with the Yoast SEO plugin v27.4 - https:\/\/yoast.com\/product\/yoast-seo-wordpress\/ -->\n<title>Microscope Unit WIDE VMU-BDH - Techmaster de Mexico<\/title>\n<meta name=\"robots\" content=\"index, follow, max-snippet:-1, max-image-preview:large, max-video-preview:-1\" \/>\n<link rel=\"canonical\" href=\"https:\/\/techmasterdemexico.com\/producto\/microscope-unit-wide-vmu-bdh\/\" \/>\n<meta property=\"og:locale\" content=\"en_US\" \/>\n<meta property=\"og:type\" content=\"article\" \/>\n<meta property=\"og:title\" content=\"Microscope Unit WIDE VMU-BDH - Techmaster de Mexico\" \/>\n<meta property=\"og:description\" content=\"Montaje de c\u00e1mara: Horizontal  Tipo de observaci\u00f3n: Campo claro \/ Campo oscuro (BD)  Ilumunador: Puerto dual\" \/>\n<meta property=\"og:url\" content=\"https:\/\/techmasterdemexico.com\/producto\/microscope-unit-wide-vmu-bdh\/\" \/>\n<meta property=\"og:site_name\" content=\"Techmaster de Mexico\" \/>\n<meta property=\"article:modified_time\" content=\"2022-05-12T04:18:16+00:00\" \/>\n<meta property=\"og:image\" content=\"https:\/\/techmasterdemexico.com\/wp-content\/uploads\/2021\/12\/378-518_z1_jpg.png\" \/>\n\t<meta property=\"og:image:width\" content=\"500\" \/>\n\t<meta property=\"og:image:height\" content=\"500\" \/>\n\t<meta property=\"og:image:type\" content=\"image\/png\" \/>\n<meta name=\"twitter:card\" content=\"summary_large_image\" \/>\n<meta name=\"twitter:label1\" content=\"Est. reading time\" \/>\n\t<meta name=\"twitter:data1\" content=\"1 minute\" \/>\n<script type=\"application\/ld+json\" class=\"yoast-schema-graph\">{\"@context\":\"https:\\\/\\\/schema.org\",\"@graph\":[{\"@type\":\"WebPage\",\"@id\":\"https:\\\/\\\/techmasterdemexico.com\\\/producto\\\/microscope-unit-wide-vmu-bdh\\\/\",\"url\":\"https:\\\/\\\/techmasterdemexico.com\\\/producto\\\/microscope-unit-wide-vmu-bdh\\\/\",\"name\":\"Microscope Unit WIDE VMU-BDH - Techmaster de Mexico\",\"isPartOf\":{\"@id\":\"https:\\\/\\\/techmasterdemexico.com\\\/#website\"},\"primaryImageOfPage\":{\"@id\":\"https:\\\/\\\/techmasterdemexico.com\\\/producto\\\/microscope-unit-wide-vmu-bdh\\\/#primaryimage\"},\"image\":{\"@id\":\"https:\\\/\\\/techmasterdemexico.com\\\/producto\\\/microscope-unit-wide-vmu-bdh\\\/#primaryimage\"},\"thumbnailUrl\":\"https:\\\/\\\/techmasterdemexico.com\\\/wp-content\\\/uploads\\\/2021\\\/12\\\/378-518_z1_jpg.png\",\"datePublished\":\"2021-12-07T20:17:47+00:00\",\"dateModified\":\"2022-05-12T04:18:16+00:00\",\"breadcrumb\":{\"@id\":\"https:\\\/\\\/techmasterdemexico.com\\\/producto\\\/microscope-unit-wide-vmu-bdh\\\/#breadcrumb\"},\"inLanguage\":\"en-US\",\"potentialAction\":[{\"@type\":\"ReadAction\",\"target\":[\"https:\\\/\\\/techmasterdemexico.com\\\/producto\\\/microscope-unit-wide-vmu-bdh\\\/\"]}]},{\"@type\":\"ImageObject\",\"inLanguage\":\"en-US\",\"@id\":\"https:\\\/\\\/techmasterdemexico.com\\\/producto\\\/microscope-unit-wide-vmu-bdh\\\/#primaryimage\",\"url\":\"https:\\\/\\\/techmasterdemexico.com\\\/wp-content\\\/uploads\\\/2021\\\/12\\\/378-518_z1_jpg.png\",\"contentUrl\":\"https:\\\/\\\/techmasterdemexico.com\\\/wp-content\\\/uploads\\\/2021\\\/12\\\/378-518_z1_jpg.png\",\"width\":500,\"height\":500},{\"@type\":\"BreadcrumbList\",\"@id\":\"https:\\\/\\\/techmasterdemexico.com\\\/producto\\\/microscope-unit-wide-vmu-bdh\\\/#breadcrumb\",\"itemListElement\":[{\"@type\":\"ListItem\",\"position\":1,\"name\":\"Portada\",\"item\":\"https:\\\/\\\/techmasterdemexico.com\\\/\"},{\"@type\":\"ListItem\",\"position\":2,\"name\":\"Microscope Unit WIDE VMU-BDH\"}]},{\"@type\":\"WebSite\",\"@id\":\"https:\\\/\\\/techmasterdemexico.com\\\/#website\",\"url\":\"https:\\\/\\\/techmasterdemexico.com\\\/\",\"name\":\"Techmaster de Mexico\",\"description\":\"\",\"potentialAction\":[{\"@type\":\"SearchAction\",\"target\":{\"@type\":\"EntryPoint\",\"urlTemplate\":\"https:\\\/\\\/techmasterdemexico.com\\\/?s={search_term_string}\"},\"query-input\":{\"@type\":\"PropertyValueSpecification\",\"valueRequired\":true,\"valueName\":\"search_term_string\"}}],\"inLanguage\":\"en-US\"}]}<\/script>\n<!-- \/ Yoast SEO plugin. -->","yoast_head_json":{"title":"Microscope Unit WIDE VMU-BDH - Techmaster de Mexico","robots":{"index":"index","follow":"follow","max-snippet":"max-snippet:-1","max-image-preview":"max-image-preview:large","max-video-preview":"max-video-preview:-1"},"canonical":"https:\/\/techmasterdemexico.com\/producto\/microscope-unit-wide-vmu-bdh\/","og_locale":"en_US","og_type":"article","og_title":"Microscope Unit WIDE VMU-BDH - Techmaster de Mexico","og_description":"Montaje de c\u00e1mara: Horizontal  Tipo de observaci\u00f3n: Campo claro \/ Campo oscuro (BD)  Ilumunador: Puerto dual","og_url":"https:\/\/techmasterdemexico.com\/producto\/microscope-unit-wide-vmu-bdh\/","og_site_name":"Techmaster de Mexico","article_modified_time":"2022-05-12T04:18:16+00:00","og_image":[{"width":500,"height":500,"url":"https:\/\/techmasterdemexico.com\/wp-content\/uploads\/2021\/12\/378-518_z1_jpg.png","type":"image\/png"}],"twitter_card":"summary_large_image","twitter_misc":{"Est. reading time":"1 minute"},"schema":{"@context":"https:\/\/schema.org","@graph":[{"@type":"WebPage","@id":"https:\/\/techmasterdemexico.com\/producto\/microscope-unit-wide-vmu-bdh\/","url":"https:\/\/techmasterdemexico.com\/producto\/microscope-unit-wide-vmu-bdh\/","name":"Microscope Unit WIDE VMU-BDH - Techmaster de Mexico","isPartOf":{"@id":"https:\/\/techmasterdemexico.com\/#website"},"primaryImageOfPage":{"@id":"https:\/\/techmasterdemexico.com\/producto\/microscope-unit-wide-vmu-bdh\/#primaryimage"},"image":{"@id":"https:\/\/techmasterdemexico.com\/producto\/microscope-unit-wide-vmu-bdh\/#primaryimage"},"thumbnailUrl":"https:\/\/techmasterdemexico.com\/wp-content\/uploads\/2021\/12\/378-518_z1_jpg.png","datePublished":"2021-12-07T20:17:47+00:00","dateModified":"2022-05-12T04:18:16+00:00","breadcrumb":{"@id":"https:\/\/techmasterdemexico.com\/producto\/microscope-unit-wide-vmu-bdh\/#breadcrumb"},"inLanguage":"en-US","potentialAction":[{"@type":"ReadAction","target":["https:\/\/techmasterdemexico.com\/producto\/microscope-unit-wide-vmu-bdh\/"]}]},{"@type":"ImageObject","inLanguage":"en-US","@id":"https:\/\/techmasterdemexico.com\/producto\/microscope-unit-wide-vmu-bdh\/#primaryimage","url":"https:\/\/techmasterdemexico.com\/wp-content\/uploads\/2021\/12\/378-518_z1_jpg.png","contentUrl":"https:\/\/techmasterdemexico.com\/wp-content\/uploads\/2021\/12\/378-518_z1_jpg.png","width":500,"height":500},{"@type":"BreadcrumbList","@id":"https:\/\/techmasterdemexico.com\/producto\/microscope-unit-wide-vmu-bdh\/#breadcrumb","itemListElement":[{"@type":"ListItem","position":1,"name":"Portada","item":"https:\/\/techmasterdemexico.com\/"},{"@type":"ListItem","position":2,"name":"Microscope Unit WIDE VMU-BDH"}]},{"@type":"WebSite","@id":"https:\/\/techmasterdemexico.com\/#website","url":"https:\/\/techmasterdemexico.com\/","name":"Techmaster de Mexico","description":"","potentialAction":[{"@type":"SearchAction","target":{"@type":"EntryPoint","urlTemplate":"https:\/\/techmasterdemexico.com\/?s={search_term_string}"},"query-input":{"@type":"PropertyValueSpecification","valueRequired":true,"valueName":"search_term_string"}}],"inLanguage":"en-US"}]}},"brands":[{"id":39,"name":"Mitutoyo","slug":"mitutoyo"}],"_links":{"self":[{"href":"https:\/\/techmasterdemexico.com\/en\/wp-json\/wp\/v2\/product\/11376","targetHints":{"allow":["GET"]}}],"collection":[{"href":"https:\/\/techmasterdemexico.com\/en\/wp-json\/wp\/v2\/product"}],"about":[{"href":"https:\/\/techmasterdemexico.com\/en\/wp-json\/wp\/v2\/types\/product"}],"wp:featuredmedia":[{"embeddable":true,"href":"https:\/\/techmasterdemexico.com\/en\/wp-json\/wp\/v2\/media\/11377"}],"wp:attachment":[{"href":"https:\/\/techmasterdemexico.com\/en\/wp-json\/wp\/v2\/media?parent=11376"}],"wp:term":[{"taxonomy":"pwb-brand","embeddable":true,"href":"https:\/\/techmasterdemexico.com\/en\/wp-json\/wp\/v2\/pwb-brand?post=11376"},{"taxonomy":"product_brand","embeddable":true,"href":"https:\/\/techmasterdemexico.com\/en\/wp-json\/wp\/v2\/product_brand?post=11376"},{"taxonomy":"product_cat","embeddable":true,"href":"https:\/\/techmasterdemexico.com\/en\/wp-json\/wp\/v2\/product_cat?post=11376"},{"taxonomy":"product_tag","embeddable":true,"href":"https:\/\/techmasterdemexico.com\/en\/wp-json\/wp\/v2\/product_tag?post=11376"}],"curies":[{"name":"wp","href":"https:\/\/api.w.org\/{rel}","templated":true}]}}