{"id":11367,"date":"2021-12-07T19:57:26","date_gmt":"2021-12-07T19:57:26","guid":{"rendered":"https:\/\/techmastermx.ddns.net\/?post_type=product&#038;p=11367"},"modified":"2022-05-12T04:18:19","modified_gmt":"2022-05-12T04:18:19","slug":"vmu-unidad-de-video-del-microscopio-infrarrojo-cercano-ccd-radiacion-visible-horizontal-vmu-h","status":"publish","type":"product","link":"https:\/\/techmasterdemexico.com\/en\/producto\/vmu-unidad-de-video-del-microscopio-infrarrojo-cercano-ccd-radiacion-visible-horizontal-vmu-h\/","title":{"rendered":"VMU Unidad de video del microscopio: infrarrojo cercano \/ CCD radiaci\u00f3n visible horizontal VMU-H"},"content":{"rendered":"<p>VMU Unidad de video del microscopio: infrarrojo cercano \/ CCD radiaci\u00f3n visible horizontal<br \/>\nVMU-H<br \/>\nN\u00famero de art\u00edculo: 378-506<\/p>\n<p>&nbsp;<\/p>\n<p>La VMU es una unidad de microscopio compacta y ligera, f\u00e1cil de instalar para monitorizaci\u00f3n por c\u00e1mara CCD en las instalaciones de fabricaci\u00f3n de semiconductores.<\/p>\n<ul>\n<li>El sistema \u00f3ptico incluye objetivos de distancia de trabajo Ultralargo y correcci\u00f3n de la amplia gama de longitudes de onda de radiaci\u00f3n en uso.<\/li>\n<li>La iluminaci\u00f3n reflejada de fibra \u00f3ptica mantiene la pieza de trabajo libre de expansi\u00f3n t\u00e9rmica. El iluminador de fibra \u00f3ptica se requiere para la fuente de luz.<\/li>\n<li>Tambi\u00e9n est\u00e1 disponible con un montaje l\u00e1ser o torreta (objetivo de montaje).<\/li>\n<\/ul>\n","protected":false},"excerpt":{"rendered":"<ul>\n<li>Longitud de onda aplicable:<br \/>\nRadiaci\u00f3n casi infraroja, visible.<\/li>\n<li>Fibre optic illumination unit mount:<br \/>\nSi<\/li>\n<li>Peso:<br \/>\n590 g<\/li>\n<li>iluminaci\u00f3n reflejada:\n<ul>\n<li>Sistema telecentrico con sistema de parada de apertura<\/li>\n<li>Se requiere iluminador de fibra \u00f3ptica (opcional)<\/li>\n<\/ul>\n<\/li>\n<li>Fuentes de luz:<br \/>\nHalogen bulb (21V, 150W) (optional)<\/li>\n<\/ul>\n","protected":false},"featured_media":11364,"template":"","meta":{"_acf_changed":false},"pwb-brand":[39],"product_brand":[],"product_cat":[366,344,38,342],"product_tag":[],"class_list":{"0":"post-11367","1":"product","2":"type-product","3":"status-publish","4":"has-post-thumbnail","6":"pwb-brand-mitutoyo","7":"product_cat-todos-los-productos","8":"product_cat-microscopios-de-inspeccion","9":"product_cat-mitutoyo","10":"product_cat-sistemas-opticos","12":"first","13":"instock","14":"taxable","15":"shipping-taxable","16":"product-type-simple"},"acf":[],"yoast_head":"<!-- This site is optimized with the Yoast SEO plugin v27.4 - https:\/\/yoast.com\/product\/yoast-seo-wordpress\/ -->\n<title>VMU Unidad de video del microscopio: infrarrojo cercano \/ CCD radiaci\u00f3n visible horizontal VMU-H - Techmaster de Mexico<\/title>\n<meta name=\"robots\" content=\"index, follow, max-snippet:-1, max-image-preview:large, max-video-preview:-1\" \/>\n<link rel=\"canonical\" href=\"https:\/\/techmasterdemexico.com\/producto\/vmu-unidad-de-video-del-microscopio-infrarrojo-cercano-ccd-radiacion-visible-horizontal-vmu-h\/\" \/>\n<meta property=\"og:locale\" content=\"en_US\" \/>\n<meta property=\"og:type\" content=\"article\" \/>\n<meta property=\"og:title\" content=\"VMU Unidad de video del microscopio: infrarrojo cercano \/ CCD radiaci\u00f3n visible horizontal VMU-H - Techmaster de Mexico\" \/>\n<meta property=\"og:description\" content=\"Longitud de onda aplicable: Radiaci\u00f3n casi infraroja, visible.  Fibre optic illumination unit mount: Si  Peso: 590 g  iluminaci\u00f3n reflejada:   Sistema telecentrico con sistema de parada de apertura  Se requiere iluminador de fibra \u00f3ptica (opcional)    Fuentes de luz: Halogen bulb (21V, 150W) (optional)\" \/>\n<meta property=\"og:url\" content=\"https:\/\/techmasterdemexico.com\/producto\/vmu-unidad-de-video-del-microscopio-infrarrojo-cercano-ccd-radiacion-visible-horizontal-vmu-h\/\" \/>\n<meta property=\"og:site_name\" content=\"Techmaster de Mexico\" \/>\n<meta property=\"article:modified_time\" content=\"2022-05-12T04:18:19+00:00\" \/>\n<meta property=\"og:image\" content=\"https:\/\/techmasterdemexico.com\/wp-content\/uploads\/2021\/12\/378-506_z_eps.png\" \/>\n\t<meta property=\"og:image:width\" content=\"500\" \/>\n\t<meta property=\"og:image:height\" content=\"500\" \/>\n\t<meta property=\"og:image:type\" content=\"image\/png\" \/>\n<meta name=\"twitter:card\" content=\"summary_large_image\" \/>\n<meta name=\"twitter:label1\" content=\"Est. reading time\" \/>\n\t<meta name=\"twitter:data1\" content=\"1 minute\" \/>\n<script type=\"application\/ld+json\" class=\"yoast-schema-graph\">{\"@context\":\"https:\\\/\\\/schema.org\",\"@graph\":[{\"@type\":\"WebPage\",\"@id\":\"https:\\\/\\\/techmasterdemexico.com\\\/producto\\\/vmu-unidad-de-video-del-microscopio-infrarrojo-cercano-ccd-radiacion-visible-horizontal-vmu-h\\\/\",\"url\":\"https:\\\/\\\/techmasterdemexico.com\\\/producto\\\/vmu-unidad-de-video-del-microscopio-infrarrojo-cercano-ccd-radiacion-visible-horizontal-vmu-h\\\/\",\"name\":\"VMU Unidad de video del microscopio: infrarrojo cercano \\\/ CCD radiaci\u00f3n visible horizontal VMU-H - Techmaster de Mexico\",\"isPartOf\":{\"@id\":\"https:\\\/\\\/techmasterdemexico.com\\\/#website\"},\"primaryImageOfPage\":{\"@id\":\"https:\\\/\\\/techmasterdemexico.com\\\/producto\\\/vmu-unidad-de-video-del-microscopio-infrarrojo-cercano-ccd-radiacion-visible-horizontal-vmu-h\\\/#primaryimage\"},\"image\":{\"@id\":\"https:\\\/\\\/techmasterdemexico.com\\\/producto\\\/vmu-unidad-de-video-del-microscopio-infrarrojo-cercano-ccd-radiacion-visible-horizontal-vmu-h\\\/#primaryimage\"},\"thumbnailUrl\":\"https:\\\/\\\/techmasterdemexico.com\\\/wp-content\\\/uploads\\\/2021\\\/12\\\/378-506_z_eps.png\",\"datePublished\":\"2021-12-07T19:57:26+00:00\",\"dateModified\":\"2022-05-12T04:18:19+00:00\",\"breadcrumb\":{\"@id\":\"https:\\\/\\\/techmasterdemexico.com\\\/producto\\\/vmu-unidad-de-video-del-microscopio-infrarrojo-cercano-ccd-radiacion-visible-horizontal-vmu-h\\\/#breadcrumb\"},\"inLanguage\":\"en-US\",\"potentialAction\":[{\"@type\":\"ReadAction\",\"target\":[\"https:\\\/\\\/techmasterdemexico.com\\\/producto\\\/vmu-unidad-de-video-del-microscopio-infrarrojo-cercano-ccd-radiacion-visible-horizontal-vmu-h\\\/\"]}]},{\"@type\":\"ImageObject\",\"inLanguage\":\"en-US\",\"@id\":\"https:\\\/\\\/techmasterdemexico.com\\\/producto\\\/vmu-unidad-de-video-del-microscopio-infrarrojo-cercano-ccd-radiacion-visible-horizontal-vmu-h\\\/#primaryimage\",\"url\":\"https:\\\/\\\/techmasterdemexico.com\\\/wp-content\\\/uploads\\\/2021\\\/12\\\/378-506_z_eps.png\",\"contentUrl\":\"https:\\\/\\\/techmasterdemexico.com\\\/wp-content\\\/uploads\\\/2021\\\/12\\\/378-506_z_eps.png\",\"width\":500,\"height\":500},{\"@type\":\"BreadcrumbList\",\"@id\":\"https:\\\/\\\/techmasterdemexico.com\\\/producto\\\/vmu-unidad-de-video-del-microscopio-infrarrojo-cercano-ccd-radiacion-visible-horizontal-vmu-h\\\/#breadcrumb\",\"itemListElement\":[{\"@type\":\"ListItem\",\"position\":1,\"name\":\"Portada\",\"item\":\"https:\\\/\\\/techmasterdemexico.com\\\/\"},{\"@type\":\"ListItem\",\"position\":2,\"name\":\"VMU Unidad de video del microscopio: infrarrojo cercano \\\/ CCD radiaci\u00f3n visible horizontal VMU-H\"}]},{\"@type\":\"WebSite\",\"@id\":\"https:\\\/\\\/techmasterdemexico.com\\\/#website\",\"url\":\"https:\\\/\\\/techmasterdemexico.com\\\/\",\"name\":\"Techmaster de Mexico\",\"description\":\"\",\"potentialAction\":[{\"@type\":\"SearchAction\",\"target\":{\"@type\":\"EntryPoint\",\"urlTemplate\":\"https:\\\/\\\/techmasterdemexico.com\\\/?s={search_term_string}\"},\"query-input\":{\"@type\":\"PropertyValueSpecification\",\"valueRequired\":true,\"valueName\":\"search_term_string\"}}],\"inLanguage\":\"en-US\"}]}<\/script>\n<!-- \/ Yoast SEO plugin. -->","yoast_head_json":{"title":"VMU Unidad de video del microscopio: infrarrojo cercano \/ CCD radiaci\u00f3n visible horizontal VMU-H - Techmaster de Mexico","robots":{"index":"index","follow":"follow","max-snippet":"max-snippet:-1","max-image-preview":"max-image-preview:large","max-video-preview":"max-video-preview:-1"},"canonical":"https:\/\/techmasterdemexico.com\/producto\/vmu-unidad-de-video-del-microscopio-infrarrojo-cercano-ccd-radiacion-visible-horizontal-vmu-h\/","og_locale":"en_US","og_type":"article","og_title":"VMU Unidad de video del microscopio: infrarrojo cercano \/ CCD radiaci\u00f3n visible horizontal VMU-H - Techmaster de Mexico","og_description":"Longitud de onda aplicable: Radiaci\u00f3n casi infraroja, visible.  Fibre optic illumination unit mount: Si  Peso: 590 g  iluminaci\u00f3n reflejada:   Sistema telecentrico con sistema de parada de apertura  Se requiere iluminador de fibra \u00f3ptica (opcional)    Fuentes de luz: Halogen bulb (21V, 150W) (optional)","og_url":"https:\/\/techmasterdemexico.com\/producto\/vmu-unidad-de-video-del-microscopio-infrarrojo-cercano-ccd-radiacion-visible-horizontal-vmu-h\/","og_site_name":"Techmaster de Mexico","article_modified_time":"2022-05-12T04:18:19+00:00","og_image":[{"width":500,"height":500,"url":"https:\/\/techmasterdemexico.com\/wp-content\/uploads\/2021\/12\/378-506_z_eps.png","type":"image\/png"}],"twitter_card":"summary_large_image","twitter_misc":{"Est. reading time":"1 minute"},"schema":{"@context":"https:\/\/schema.org","@graph":[{"@type":"WebPage","@id":"https:\/\/techmasterdemexico.com\/producto\/vmu-unidad-de-video-del-microscopio-infrarrojo-cercano-ccd-radiacion-visible-horizontal-vmu-h\/","url":"https:\/\/techmasterdemexico.com\/producto\/vmu-unidad-de-video-del-microscopio-infrarrojo-cercano-ccd-radiacion-visible-horizontal-vmu-h\/","name":"VMU Unidad de video del microscopio: infrarrojo cercano \/ CCD radiaci\u00f3n visible horizontal VMU-H - Techmaster de Mexico","isPartOf":{"@id":"https:\/\/techmasterdemexico.com\/#website"},"primaryImageOfPage":{"@id":"https:\/\/techmasterdemexico.com\/producto\/vmu-unidad-de-video-del-microscopio-infrarrojo-cercano-ccd-radiacion-visible-horizontal-vmu-h\/#primaryimage"},"image":{"@id":"https:\/\/techmasterdemexico.com\/producto\/vmu-unidad-de-video-del-microscopio-infrarrojo-cercano-ccd-radiacion-visible-horizontal-vmu-h\/#primaryimage"},"thumbnailUrl":"https:\/\/techmasterdemexico.com\/wp-content\/uploads\/2021\/12\/378-506_z_eps.png","datePublished":"2021-12-07T19:57:26+00:00","dateModified":"2022-05-12T04:18:19+00:00","breadcrumb":{"@id":"https:\/\/techmasterdemexico.com\/producto\/vmu-unidad-de-video-del-microscopio-infrarrojo-cercano-ccd-radiacion-visible-horizontal-vmu-h\/#breadcrumb"},"inLanguage":"en-US","potentialAction":[{"@type":"ReadAction","target":["https:\/\/techmasterdemexico.com\/producto\/vmu-unidad-de-video-del-microscopio-infrarrojo-cercano-ccd-radiacion-visible-horizontal-vmu-h\/"]}]},{"@type":"ImageObject","inLanguage":"en-US","@id":"https:\/\/techmasterdemexico.com\/producto\/vmu-unidad-de-video-del-microscopio-infrarrojo-cercano-ccd-radiacion-visible-horizontal-vmu-h\/#primaryimage","url":"https:\/\/techmasterdemexico.com\/wp-content\/uploads\/2021\/12\/378-506_z_eps.png","contentUrl":"https:\/\/techmasterdemexico.com\/wp-content\/uploads\/2021\/12\/378-506_z_eps.png","width":500,"height":500},{"@type":"BreadcrumbList","@id":"https:\/\/techmasterdemexico.com\/producto\/vmu-unidad-de-video-del-microscopio-infrarrojo-cercano-ccd-radiacion-visible-horizontal-vmu-h\/#breadcrumb","itemListElement":[{"@type":"ListItem","position":1,"name":"Portada","item":"https:\/\/techmasterdemexico.com\/"},{"@type":"ListItem","position":2,"name":"VMU Unidad de video del microscopio: infrarrojo cercano \/ CCD radiaci\u00f3n visible horizontal VMU-H"}]},{"@type":"WebSite","@id":"https:\/\/techmasterdemexico.com\/#website","url":"https:\/\/techmasterdemexico.com\/","name":"Techmaster de Mexico","description":"","potentialAction":[{"@type":"SearchAction","target":{"@type":"EntryPoint","urlTemplate":"https:\/\/techmasterdemexico.com\/?s={search_term_string}"},"query-input":{"@type":"PropertyValueSpecification","valueRequired":true,"valueName":"search_term_string"}}],"inLanguage":"en-US"}]}},"brands":[{"id":39,"name":"Mitutoyo","slug":"mitutoyo"}],"_links":{"self":[{"href":"https:\/\/techmasterdemexico.com\/en\/wp-json\/wp\/v2\/product\/11367","targetHints":{"allow":["GET"]}}],"collection":[{"href":"https:\/\/techmasterdemexico.com\/en\/wp-json\/wp\/v2\/product"}],"about":[{"href":"https:\/\/techmasterdemexico.com\/en\/wp-json\/wp\/v2\/types\/product"}],"wp:featuredmedia":[{"embeddable":true,"href":"https:\/\/techmasterdemexico.com\/en\/wp-json\/wp\/v2\/media\/11364"}],"wp:attachment":[{"href":"https:\/\/techmasterdemexico.com\/en\/wp-json\/wp\/v2\/media?parent=11367"}],"wp:term":[{"taxonomy":"pwb-brand","embeddable":true,"href":"https:\/\/techmasterdemexico.com\/en\/wp-json\/wp\/v2\/pwb-brand?post=11367"},{"taxonomy":"product_brand","embeddable":true,"href":"https:\/\/techmasterdemexico.com\/en\/wp-json\/wp\/v2\/product_brand?post=11367"},{"taxonomy":"product_cat","embeddable":true,"href":"https:\/\/techmasterdemexico.com\/en\/wp-json\/wp\/v2\/product_cat?post=11367"},{"taxonomy":"product_tag","embeddable":true,"href":"https:\/\/techmasterdemexico.com\/en\/wp-json\/wp\/v2\/product_tag?post=11367"}],"curies":[{"name":"wp","href":"https:\/\/api.w.org\/{rel}","templated":true}]}}