{"id":11353,"date":"2021-12-07T17:54:21","date_gmt":"2021-12-07T17:54:21","guid":{"rendered":"https:\/\/techmastermx.ddns.net\/?post_type=product&#038;p=11353"},"modified":"2022-05-12T04:18:55","modified_gmt":"2022-05-12T04:18:55","slug":"microscopio-fs-70l4-ths","status":"publish","type":"product","link":"https:\/\/techmasterdemexico.com\/en\/producto\/microscopio-fs-70l4-ths\/","title":{"rendered":"Microscopio FS 70L4-THS"},"content":{"rendered":"<p>Microscopio FS 70L4-THS<br \/>\nFS70ZTHS<br \/>\nN\u00famero de art\u00edculo: 378-185-4<\/p>\n<p>&nbsp;<\/p>\n<p>El sistema \u00f3ptico FS60 desarrollado originalmente uno de los m\u00e1s los m\u00e1s demandados se mejor\u00f3 a\u00fan m\u00e1s con los modelos FS70. Es ideal como unidad de microscopio de una estaci\u00f3n de investigaci\u00f3n de semiconductores (todos los modelos de la marca CE)<\/p>\n","protected":false},"excerpt":{"rendered":"<p>&nbsp;<\/p>\n<ul>\n<li>Montaje de c\u00e1mara:<br \/>\nMontura C (mediante adaptador opcional B)<\/li>\n<li>Rango de ajuste del enfoque:\n<ul>\n<li>M\u00e9todo: Con ruedas de enfoque conc\u00e9ntricas gruesas y finas (derecha e izquierda)<\/li>\n<li>Intervalo: Intervalo de recorrido de 50 mm, 0,1 mm \/ rev. para ajuste fino, 3,8 mm \/ rev. para ajuste libre<\/li>\n<\/ul>\n<\/li>\n<li>Fuentes de luz:<br \/>\n12 V \/ 100 W fibre-optic, non-stopped adjustment, light guide length 1.5m, power consumption 150W<\/li>\n<li>Interpupillary distance:<br \/>\ntipo siedentopf, intervalo de ajuste: 51-76 mm<\/li>\n<li>Angulo de balanceo:<br \/>\n0\u00b0- 20\u00b0 (s\u00f3lo modelos &#8211; TH, &#8211; THS)<\/li>\n<li>Sistema de iluminaci\u00f3n:<br \/>\nIluminaci\u00f3n reflectante para campo brillante (iluminaci\u00f3n Koehler, con diafragma de apertura)<\/li>\n<li>FS-70L\/L4:\n<ul>\n<li>El FS70L es compatible con tres longitudes de onda l\u00e1ser YAG (1064 nm, 532 nm y 355 nm), mientras que el FS70L4 es compatible con dos longitudes de onda (532 nm y 266), ampliando as\u00ed el alcance de las aplicaciones del l\u00e1ser, lo que permite el corte por l\u00e1ser de pel\u00edculas delgadas que se utilizan en los semiconductores y sustratos de cristal l\u00edquido.<br \/>\nSin embargo, Mitutoyo no asume ninguna responsabilidad por la ejecuci\u00f3n y\/o la seguridad del sistema de l\u00e1ser que se utiliza con los microscopios de Mitutoyo. Se recomienda un examen cuidadoso, a la hora de seleccionar una unidad de l\u00e1ser de emisi\u00f3n.<\/li>\n<li>El campo claro, el contraste diferencial de interferencia (DIC) y las observaciones polarizadas vienen de serie con el FS70Z. El FS70L y FS70L4 no son compatibles con el m\u00e9todo de DIC.<\/li>\n<li>\u00a0Mediante el empleo de una torreta de tendencia hacia el interior , los objetivos a largo de la distancia detrabajo proporcionan una excelente operabilidad.<\/li>\n<\/ul>\n<\/li>\n<\/ul>\n","protected":false},"featured_media":11346,"template":"","meta":{"_acf_changed":false},"pwb-brand":[39],"product_brand":[],"product_cat":[366,344,38,342],"product_tag":[],"class_list":{"0":"post-11353","1":"product","2":"type-product","3":"status-publish","4":"has-post-thumbnail","6":"pwb-brand-mitutoyo","7":"product_cat-todos-los-productos","8":"product_cat-microscopios-de-inspeccion","9":"product_cat-mitutoyo","10":"product_cat-sistemas-opticos","12":"first","13":"instock","14":"taxable","15":"shipping-taxable","16":"product-type-simple"},"acf":[],"yoast_head":"<!-- This site is optimized with the Yoast SEO plugin v27.4 - https:\/\/yoast.com\/product\/yoast-seo-wordpress\/ -->\n<title>Microscopio FS 70L4-THS - Techmaster de Mexico<\/title>\n<meta name=\"robots\" content=\"index, follow, max-snippet:-1, max-image-preview:large, max-video-preview:-1\" \/>\n<link rel=\"canonical\" href=\"https:\/\/techmasterdemexico.com\/producto\/microscopio-fs-70l4-ths\/\" \/>\n<meta property=\"og:locale\" content=\"en_US\" \/>\n<meta property=\"og:type\" content=\"article\" \/>\n<meta property=\"og:title\" content=\"Microscopio FS 70L4-THS - Techmaster de Mexico\" \/>\n<meta property=\"og:description\" content=\"&nbsp;   Montaje de c\u00e1mara: Montura C (mediante adaptador opcional B)  Rango de ajuste del enfoque:   M\u00e9todo: Con ruedas de enfoque conc\u00e9ntricas gruesas y finas (derecha e izquierda)  Intervalo: Intervalo de recorrido de 50 mm, 0,1 mm \/ rev. para ajuste fino, 3,8 mm \/ rev. para ajuste libre    Fuentes de luz: 12 V \/ 100 W fibre-optic, non-stopped adjustment, light guide length 1.5m, power consumption 150W  Interpupillary distance: tipo siedentopf, intervalo de ajuste: 51-76 mm  Angulo de balanceo: 0\u00b0- 20\u00b0 (s\u00f3lo modelos - TH, - THS)  Sistema de iluminaci\u00f3n: Iluminaci\u00f3n reflectante para campo brillante (iluminaci\u00f3n Koehler, con diafragma de apertura)  FS-70L\/L4:   El FS70L es compatible con tres longitudes de onda l\u00e1ser YAG (1064 nm, 532 nm y 355 nm), mientras que el FS70L4 es compatible con dos longitudes de onda (532 nm y 266), ampliando as\u00ed el alcance de las aplicaciones del l\u00e1ser, lo que permite el corte por l\u00e1ser de pel\u00edculas delgadas que se utilizan en los semiconductores y sustratos de cristal l\u00edquido. Sin embargo, Mitutoyo no asume ninguna responsabilidad por la ejecuci\u00f3n y\/o la seguridad del sistema de l\u00e1ser que se utiliza con los microscopios de Mitutoyo. Se recomienda un examen cuidadoso, a la hora de seleccionar una unidad de l\u00e1ser de emisi\u00f3n.  El campo claro, el contraste diferencial de interferencia (DIC) y las observaciones polarizadas vienen de serie con el FS70Z. El FS70L y FS70L4 no son compatibles con el m\u00e9todo de DIC.  \u00a0Mediante el empleo de una torreta de tendencia hacia el interior , los objetivos a largo de la distancia detrabajo proporcionan una excelente operabilidad.\" \/>\n<meta property=\"og:url\" content=\"https:\/\/techmasterdemexico.com\/producto\/microscopio-fs-70l4-ths\/\" \/>\n<meta property=\"og:site_name\" content=\"Techmaster de Mexico\" \/>\n<meta property=\"article:modified_time\" content=\"2022-05-12T04:18:55+00:00\" \/>\n<meta property=\"og:image\" content=\"https:\/\/techmasterdemexico.com\/wp-content\/uploads\/2021\/12\/378-187_z_eps.png\" \/>\n\t<meta property=\"og:image:width\" content=\"500\" \/>\n\t<meta property=\"og:image:height\" content=\"500\" \/>\n\t<meta property=\"og:image:type\" content=\"image\/png\" \/>\n<meta name=\"twitter:card\" content=\"summary_large_image\" \/>\n<script type=\"application\/ld+json\" class=\"yoast-schema-graph\">{\"@context\":\"https:\\\/\\\/schema.org\",\"@graph\":[{\"@type\":\"WebPage\",\"@id\":\"https:\\\/\\\/techmasterdemexico.com\\\/producto\\\/microscopio-fs-70l4-ths\\\/\",\"url\":\"https:\\\/\\\/techmasterdemexico.com\\\/producto\\\/microscopio-fs-70l4-ths\\\/\",\"name\":\"Microscopio FS 70L4-THS - Techmaster de Mexico\",\"isPartOf\":{\"@id\":\"https:\\\/\\\/techmasterdemexico.com\\\/#website\"},\"primaryImageOfPage\":{\"@id\":\"https:\\\/\\\/techmasterdemexico.com\\\/producto\\\/microscopio-fs-70l4-ths\\\/#primaryimage\"},\"image\":{\"@id\":\"https:\\\/\\\/techmasterdemexico.com\\\/producto\\\/microscopio-fs-70l4-ths\\\/#primaryimage\"},\"thumbnailUrl\":\"https:\\\/\\\/techmasterdemexico.com\\\/wp-content\\\/uploads\\\/2021\\\/12\\\/378-187_z_eps.png\",\"datePublished\":\"2021-12-07T17:54:21+00:00\",\"dateModified\":\"2022-05-12T04:18:55+00:00\",\"breadcrumb\":{\"@id\":\"https:\\\/\\\/techmasterdemexico.com\\\/producto\\\/microscopio-fs-70l4-ths\\\/#breadcrumb\"},\"inLanguage\":\"en-US\",\"potentialAction\":[{\"@type\":\"ReadAction\",\"target\":[\"https:\\\/\\\/techmasterdemexico.com\\\/producto\\\/microscopio-fs-70l4-ths\\\/\"]}]},{\"@type\":\"ImageObject\",\"inLanguage\":\"en-US\",\"@id\":\"https:\\\/\\\/techmasterdemexico.com\\\/producto\\\/microscopio-fs-70l4-ths\\\/#primaryimage\",\"url\":\"https:\\\/\\\/techmasterdemexico.com\\\/wp-content\\\/uploads\\\/2021\\\/12\\\/378-187_z_eps.png\",\"contentUrl\":\"https:\\\/\\\/techmasterdemexico.com\\\/wp-content\\\/uploads\\\/2021\\\/12\\\/378-187_z_eps.png\",\"width\":500,\"height\":500},{\"@type\":\"BreadcrumbList\",\"@id\":\"https:\\\/\\\/techmasterdemexico.com\\\/producto\\\/microscopio-fs-70l4-ths\\\/#breadcrumb\",\"itemListElement\":[{\"@type\":\"ListItem\",\"position\":1,\"name\":\"Portada\",\"item\":\"https:\\\/\\\/techmasterdemexico.com\\\/\"},{\"@type\":\"ListItem\",\"position\":2,\"name\":\"Microscopio FS 70L4-THS\"}]},{\"@type\":\"WebSite\",\"@id\":\"https:\\\/\\\/techmasterdemexico.com\\\/#website\",\"url\":\"https:\\\/\\\/techmasterdemexico.com\\\/\",\"name\":\"Techmaster de Mexico\",\"description\":\"\",\"potentialAction\":[{\"@type\":\"SearchAction\",\"target\":{\"@type\":\"EntryPoint\",\"urlTemplate\":\"https:\\\/\\\/techmasterdemexico.com\\\/?s={search_term_string}\"},\"query-input\":{\"@type\":\"PropertyValueSpecification\",\"valueRequired\":true,\"valueName\":\"search_term_string\"}}],\"inLanguage\":\"en-US\"}]}<\/script>\n<!-- \/ Yoast SEO plugin. -->","yoast_head_json":{"title":"Microscopio FS 70L4-THS - Techmaster de Mexico","robots":{"index":"index","follow":"follow","max-snippet":"max-snippet:-1","max-image-preview":"max-image-preview:large","max-video-preview":"max-video-preview:-1"},"canonical":"https:\/\/techmasterdemexico.com\/producto\/microscopio-fs-70l4-ths\/","og_locale":"en_US","og_type":"article","og_title":"Microscopio FS 70L4-THS - Techmaster de Mexico","og_description":"&nbsp;   Montaje de c\u00e1mara: Montura C (mediante adaptador opcional B)  Rango de ajuste del enfoque:   M\u00e9todo: Con ruedas de enfoque conc\u00e9ntricas gruesas y finas (derecha e izquierda)  Intervalo: Intervalo de recorrido de 50 mm, 0,1 mm \/ rev. para ajuste fino, 3,8 mm \/ rev. para ajuste libre    Fuentes de luz: 12 V \/ 100 W fibre-optic, non-stopped adjustment, light guide length 1.5m, power consumption 150W  Interpupillary distance: tipo siedentopf, intervalo de ajuste: 51-76 mm  Angulo de balanceo: 0\u00b0- 20\u00b0 (s\u00f3lo modelos - TH, - THS)  Sistema de iluminaci\u00f3n: Iluminaci\u00f3n reflectante para campo brillante (iluminaci\u00f3n Koehler, con diafragma de apertura)  FS-70L\/L4:   El FS70L es compatible con tres longitudes de onda l\u00e1ser YAG (1064 nm, 532 nm y 355 nm), mientras que el FS70L4 es compatible con dos longitudes de onda (532 nm y 266), ampliando as\u00ed el alcance de las aplicaciones del l\u00e1ser, lo que permite el corte por l\u00e1ser de pel\u00edculas delgadas que se utilizan en los semiconductores y sustratos de cristal l\u00edquido. Sin embargo, Mitutoyo no asume ninguna responsabilidad por la ejecuci\u00f3n y\/o la seguridad del sistema de l\u00e1ser que se utiliza con los microscopios de Mitutoyo. Se recomienda un examen cuidadoso, a la hora de seleccionar una unidad de l\u00e1ser de emisi\u00f3n.  El campo claro, el contraste diferencial de interferencia (DIC) y las observaciones polarizadas vienen de serie con el FS70Z. El FS70L y FS70L4 no son compatibles con el m\u00e9todo de DIC.  \u00a0Mediante el empleo de una torreta de tendencia hacia el interior , los objetivos a largo de la distancia detrabajo proporcionan una excelente operabilidad.","og_url":"https:\/\/techmasterdemexico.com\/producto\/microscopio-fs-70l4-ths\/","og_site_name":"Techmaster de Mexico","article_modified_time":"2022-05-12T04:18:55+00:00","og_image":[{"width":500,"height":500,"url":"https:\/\/techmasterdemexico.com\/wp-content\/uploads\/2021\/12\/378-187_z_eps.png","type":"image\/png"}],"twitter_card":"summary_large_image","schema":{"@context":"https:\/\/schema.org","@graph":[{"@type":"WebPage","@id":"https:\/\/techmasterdemexico.com\/producto\/microscopio-fs-70l4-ths\/","url":"https:\/\/techmasterdemexico.com\/producto\/microscopio-fs-70l4-ths\/","name":"Microscopio FS 70L4-THS - Techmaster de Mexico","isPartOf":{"@id":"https:\/\/techmasterdemexico.com\/#website"},"primaryImageOfPage":{"@id":"https:\/\/techmasterdemexico.com\/producto\/microscopio-fs-70l4-ths\/#primaryimage"},"image":{"@id":"https:\/\/techmasterdemexico.com\/producto\/microscopio-fs-70l4-ths\/#primaryimage"},"thumbnailUrl":"https:\/\/techmasterdemexico.com\/wp-content\/uploads\/2021\/12\/378-187_z_eps.png","datePublished":"2021-12-07T17:54:21+00:00","dateModified":"2022-05-12T04:18:55+00:00","breadcrumb":{"@id":"https:\/\/techmasterdemexico.com\/producto\/microscopio-fs-70l4-ths\/#breadcrumb"},"inLanguage":"en-US","potentialAction":[{"@type":"ReadAction","target":["https:\/\/techmasterdemexico.com\/producto\/microscopio-fs-70l4-ths\/"]}]},{"@type":"ImageObject","inLanguage":"en-US","@id":"https:\/\/techmasterdemexico.com\/producto\/microscopio-fs-70l4-ths\/#primaryimage","url":"https:\/\/techmasterdemexico.com\/wp-content\/uploads\/2021\/12\/378-187_z_eps.png","contentUrl":"https:\/\/techmasterdemexico.com\/wp-content\/uploads\/2021\/12\/378-187_z_eps.png","width":500,"height":500},{"@type":"BreadcrumbList","@id":"https:\/\/techmasterdemexico.com\/producto\/microscopio-fs-70l4-ths\/#breadcrumb","itemListElement":[{"@type":"ListItem","position":1,"name":"Portada","item":"https:\/\/techmasterdemexico.com\/"},{"@type":"ListItem","position":2,"name":"Microscopio FS 70L4-THS"}]},{"@type":"WebSite","@id":"https:\/\/techmasterdemexico.com\/#website","url":"https:\/\/techmasterdemexico.com\/","name":"Techmaster de Mexico","description":"","potentialAction":[{"@type":"SearchAction","target":{"@type":"EntryPoint","urlTemplate":"https:\/\/techmasterdemexico.com\/?s={search_term_string}"},"query-input":{"@type":"PropertyValueSpecification","valueRequired":true,"valueName":"search_term_string"}}],"inLanguage":"en-US"}]}},"brands":[{"id":39,"name":"Mitutoyo","slug":"mitutoyo"}],"_links":{"self":[{"href":"https:\/\/techmasterdemexico.com\/en\/wp-json\/wp\/v2\/product\/11353","targetHints":{"allow":["GET"]}}],"collection":[{"href":"https:\/\/techmasterdemexico.com\/en\/wp-json\/wp\/v2\/product"}],"about":[{"href":"https:\/\/techmasterdemexico.com\/en\/wp-json\/wp\/v2\/types\/product"}],"wp:featuredmedia":[{"embeddable":true,"href":"https:\/\/techmasterdemexico.com\/en\/wp-json\/wp\/v2\/media\/11346"}],"wp:attachment":[{"href":"https:\/\/techmasterdemexico.com\/en\/wp-json\/wp\/v2\/media?parent=11353"}],"wp:term":[{"taxonomy":"pwb-brand","embeddable":true,"href":"https:\/\/techmasterdemexico.com\/en\/wp-json\/wp\/v2\/pwb-brand?post=11353"},{"taxonomy":"product_brand","embeddable":true,"href":"https:\/\/techmasterdemexico.com\/en\/wp-json\/wp\/v2\/product_brand?post=11353"},{"taxonomy":"product_cat","embeddable":true,"href":"https:\/\/techmasterdemexico.com\/en\/wp-json\/wp\/v2\/product_cat?post=11353"},{"taxonomy":"product_tag","embeddable":true,"href":"https:\/\/techmasterdemexico.com\/en\/wp-json\/wp\/v2\/product_tag?post=11353"}],"curies":[{"name":"wp","href":"https:\/\/api.w.org\/{rel}","templated":true}]}}