{"id":11334,"date":"2021-12-07T05:25:12","date_gmt":"2021-12-07T05:25:12","guid":{"rendered":"https:\/\/techmastermx.ddns.net\/?post_type=product&#038;p=11334"},"modified":"2022-05-12T04:19:00","modified_gmt":"2022-05-12T04:19:00","slug":"proyector-de-perfiles-pv-5110","status":"publish","type":"product","link":"https:\/\/techmasterdemexico.com\/en\/producto\/proyector-de-perfiles-pv-5110\/","title":{"rendered":"Proyector de perfiles PV-5110"},"content":{"rendered":"<p>Proyector de perfiles PV-5110<br \/>\nPV-5110, XY=200 x 100 mm<br \/>\nN\u00famero de art\u00edculo: 304-919D<\/p>\n<p>&nbsp;<\/p>\n<ul>\n<li>Este comparador \u00f3ptico es un dispositivo aut\u00f3nomo robusto.<\/li>\n<li>Su gran pantalla giratoria le garantiza una buena observaci\u00f3n y una medici\u00f3n sencilla.<\/li>\n<\/ul>\n","protected":false},"excerpt":{"rendered":"<ul>\n<li>Modelo:<br \/>\nPV-5110<\/li>\n<li>Mesa XY [mm]:<br \/>\n200 x 100<\/li>\n<li>Metodo de medici\u00f3n:<br \/>\nEncoder lineal<\/li>\n<li>Medida total de mesa XY:<br \/>\n380 x 250 mm<\/li>\n<li>Medida efectiva de mesa XY (mm):<br \/>\n266 x 170 mm<\/li>\n<li>Imagen proyectada:<br \/>\nInvertido<\/li>\n<li>Pantalla Proyectora:\n<ul>\n<li>Di\u00e1metro efectivo: 508 mm<\/li>\n<li>Material de la pantalla: vidrio fino<\/li>\n<li>Rotaci\u00f3n de pantalla: \u00b1 360 \u00b0, ajuste fino y sujeci\u00f3n<\/li>\n<li>Lectura de \u00e1ngulo: contador digital (LED)<\/li>\n<li>Resoluci\u00f3n: 1 &#8216;o 0,01 \u00b0 (conmutable)<\/li>\n<li>Rango: \u00b1 370 \u00b0<\/li>\n<li>Contador digital (LED) (modo intercambiable ABS\/INC, fijado del cero)<\/li>\n<li>L\u00edneas de referencia: ret\u00edculas<\/li>\n<\/ul>\n<\/li>\n<li>Lentes de proyecci\u00f3n:<br \/>\n10X (172-402)<br \/>\nOpcional : 5X, 20X, 50X, 100X<\/li>\n<li>Precisi\u00f3n de aumento:<\/li>\n<li>Iluminaci\u00f3n de Contorno : \u00b10.1% o mejor<\/li>\n<li>Iluminaci\u00f3n de Superficie : \u00b10.15% o mejor<\/li>\n<li>Iluminaci\u00f3n de Contornos:<\/li>\n<li>Iluminaci\u00f3n Foco hal\u00f3geno (24V, 150W, 500horas). Sistema Telec\u00e9ntrico, filtro de absorci\u00f3n de calor, ventilador de refrigeraci\u00f3n incorporado<\/li>\n<li>Interruptor de brillo de 2 pasos (alto\/bajo), el uso en combinaci\u00f3n con un filtro de color est\u00e1 disponible<\/li>\n<li>Iluminaci\u00f3n de superficie:<\/li>\n<li>Fuente de iluminaci\u00f3n: Foco hal\u00f3geno (24 V, 150 W)<\/li>\n<li>Sistema \u00f3ptico: iluminaci\u00f3n vertical<\/li>\n<li>Funciones: lente de condensador ajustable, iluminaci\u00f3n oblicua (para 5X, 10X y 20X), filtro absorbente de calor, ventilador de refrigeraci\u00f3n<\/li>\n<li>Resoluci\u00f3n:<br \/>\n0,001 mm<\/li>\n<li>Fuente de alimentaci\u00f3n:<br \/>\n220 &#8211; 240V AC, 50\/60Hz<\/li>\n<li><\/li>\n<\/ul>\n","protected":false},"featured_media":11335,"template":"","meta":{"_acf_changed":false},"pwb-brand":[39],"product_brand":[],"product_cat":[366,343,38,342],"product_tag":[],"class_list":{"0":"post-11334","1":"product","2":"type-product","3":"status-publish","4":"has-post-thumbnail","6":"pwb-brand-mitutoyo","7":"product_cat-todos-los-productos","8":"product_cat-comparadores-opticos-sistemas-opticos","9":"product_cat-mitutoyo","10":"product_cat-sistemas-opticos","12":"first","13":"instock","14":"taxable","15":"shipping-taxable","16":"product-type-simple"},"acf":[],"yoast_head":"<!-- This site is optimized with the Yoast SEO plugin v27.4 - https:\/\/yoast.com\/product\/yoast-seo-wordpress\/ -->\n<title>Proyector de perfiles PV-5110 - Techmaster de Mexico<\/title>\n<meta name=\"robots\" content=\"index, follow, max-snippet:-1, max-image-preview:large, max-video-preview:-1\" \/>\n<link rel=\"canonical\" href=\"https:\/\/techmasterdemexico.com\/producto\/proyector-de-perfiles-pv-5110\/\" \/>\n<meta property=\"og:locale\" content=\"en_US\" \/>\n<meta property=\"og:type\" content=\"article\" \/>\n<meta property=\"og:title\" content=\"Proyector de perfiles PV-5110 - Techmaster de Mexico\" \/>\n<meta property=\"og:description\" content=\"[:es]  Modelo: PV-5110  Mesa XY [mm]: 200 x 100  Metodo de medici\u00f3n: Encoder lineal  Medida total de mesa XY: 380 x 250 mm  Medida efectiva de mesa XY (mm): 266 x 170 mm  Imagen proyectada: Invertido  Pantalla Proyectora:   Di\u00e1metro efectivo: 508 mm  Material de la pantalla: vidrio fino  Rotaci\u00f3n de pantalla: \u00b1 360 \u00b0, ajuste fino y sujeci\u00f3n  Lectura de \u00e1ngulo: contador digital (LED)  Resoluci\u00f3n: 1 &#039;o 0,01 \u00b0 (conmutable)  Rango: \u00b1 370 \u00b0  Contador digital (LED) (modo intercambiable ABS\/INC, fijado del cero)  L\u00edneas de referencia: ret\u00edculas    Lentes de proyecci\u00f3n: 10X (172-402) Opcional : 5X, 20X, 50X, 100X  Precisi\u00f3n de aumento:  Iluminaci\u00f3n de Contorno : \u00b10.1% o mejor  Iluminaci\u00f3n de Superficie : \u00b10.15% o mejor  Iluminaci\u00f3n de Contornos:  Iluminaci\u00f3n Foco hal\u00f3geno (24V, 150W, 500horas). Sistema Telec\u00e9ntrico, filtro de absorci\u00f3n de calor, ventilador de refrigeraci\u00f3n incorporado  Interruptor de brillo de 2 pasos (alto\/bajo), el uso en combinaci\u00f3n con un filtro de color est\u00e1 disponible  Iluminaci\u00f3n de superficie:  Fuente de iluminaci\u00f3n: Foco hal\u00f3geno (24 V, 150 W)  Sistema \u00f3ptico: iluminaci\u00f3n vertical  Funciones: lente de condensador ajustable, iluminaci\u00f3n oblicua (para 5X, 10X y 20X), filtro absorbente de calor, ventilador de refrigeraci\u00f3n  Resoluci\u00f3n: 0,001 mm  Fuente de alimentaci\u00f3n: 220 - 240V AC, 50\/60Hz [:en]  Modelo: PV-5110  Mesa XY [mm]: 200 x 100  Metodo de medici\u00f3n: Encoder lineal  Medida total de mesa XY: 380 x 250 mm  Medida efectiva de mesa XY (mm): 266 x 170 mm  Imagen proyectada: Invertido  Pantalla Proyectora:   Di\u00e1metro efectivo: 508 mm  Material de la pantalla: vidrio fino  Rotaci\u00f3n de pantalla: \u00b1 360 \u00b0, ajuste fino y sujeci\u00f3n  Lectura de \u00e1ngulo: contador digital (LED)  Resoluci\u00f3n: 1 &#039;o 0,01 \u00b0 (conmutable)  Rango: \u00b1 370 \u00b0  Contador digital (LED) (modo intercambiable ABS\/INC, fijado del cero)  L\u00edneas de referencia: ret\u00edculas    Lentes de proyecci\u00f3n: 10X (172-402) Opcional : 5X, 20X, 50X, 100X  Precisi\u00f3n de aumento:  Iluminaci\u00f3n de Contorno : \u00b10.1% o mejor  Iluminaci\u00f3n de Superficie : \u00b10.15% o mejor  Iluminaci\u00f3n de Contornos:  Iluminaci\u00f3n Foco hal\u00f3geno (24V, 150W, 500horas). Sistema Telec\u00e9ntrico, filtro de absorci\u00f3n de calor, ventilador de refrigeraci\u00f3n incorporado  Interruptor de brillo de 2 pasos (alto\/bajo), el uso en combinaci\u00f3n con un filtro de color est\u00e1 disponible  Iluminaci\u00f3n de superficie:  Fuente de iluminaci\u00f3n: Foco hal\u00f3geno (24 V, 150 W)  Sistema \u00f3ptico: iluminaci\u00f3n vertical  Funciones: lente de condensador ajustable, iluminaci\u00f3n oblicua (para 5X, 10X y 20X), filtro absorbente de calor, ventilador de refrigeraci\u00f3n  Resoluci\u00f3n: 0,001 mm  Fuente de alimentaci\u00f3n: 220 - 240V AC, 50\/60Hz   [:]\" \/>\n<meta property=\"og:url\" content=\"https:\/\/techmasterdemexico.com\/producto\/proyector-de-perfiles-pv-5110\/\" \/>\n<meta property=\"og:site_name\" content=\"Techmaster de Mexico\" \/>\n<meta property=\"article:modified_time\" content=\"2022-05-12T04:19:00+00:00\" \/>\n<meta property=\"og:image\" content=\"https:\/\/techmasterdemexico.com\/wp-content\/uploads\/2021\/12\/304-919d_z2_eps.png\" \/>\n\t<meta property=\"og:image:width\" content=\"500\" \/>\n\t<meta property=\"og:image:height\" content=\"500\" \/>\n\t<meta property=\"og:image:type\" content=\"image\/png\" \/>\n<meta name=\"twitter:card\" content=\"summary_large_image\" \/>\n<script type=\"application\/ld+json\" class=\"yoast-schema-graph\">{\"@context\":\"https:\\\/\\\/schema.org\",\"@graph\":[{\"@type\":\"WebPage\",\"@id\":\"https:\\\/\\\/techmasterdemexico.com\\\/producto\\\/proyector-de-perfiles-pv-5110\\\/\",\"url\":\"https:\\\/\\\/techmasterdemexico.com\\\/producto\\\/proyector-de-perfiles-pv-5110\\\/\",\"name\":\"Proyector de perfiles PV-5110 - Techmaster de Mexico\",\"isPartOf\":{\"@id\":\"https:\\\/\\\/techmasterdemexico.com\\\/#website\"},\"primaryImageOfPage\":{\"@id\":\"https:\\\/\\\/techmasterdemexico.com\\\/producto\\\/proyector-de-perfiles-pv-5110\\\/#primaryimage\"},\"image\":{\"@id\":\"https:\\\/\\\/techmasterdemexico.com\\\/producto\\\/proyector-de-perfiles-pv-5110\\\/#primaryimage\"},\"thumbnailUrl\":\"https:\\\/\\\/techmasterdemexico.com\\\/wp-content\\\/uploads\\\/2021\\\/12\\\/304-919d_z2_eps.png\",\"datePublished\":\"2021-12-07T05:25:12+00:00\",\"dateModified\":\"2022-05-12T04:19:00+00:00\",\"breadcrumb\":{\"@id\":\"https:\\\/\\\/techmasterdemexico.com\\\/producto\\\/proyector-de-perfiles-pv-5110\\\/#breadcrumb\"},\"inLanguage\":\"en-US\",\"potentialAction\":[{\"@type\":\"ReadAction\",\"target\":[\"https:\\\/\\\/techmasterdemexico.com\\\/producto\\\/proyector-de-perfiles-pv-5110\\\/\"]}]},{\"@type\":\"ImageObject\",\"inLanguage\":\"en-US\",\"@id\":\"https:\\\/\\\/techmasterdemexico.com\\\/producto\\\/proyector-de-perfiles-pv-5110\\\/#primaryimage\",\"url\":\"https:\\\/\\\/techmasterdemexico.com\\\/wp-content\\\/uploads\\\/2021\\\/12\\\/304-919d_z2_eps.png\",\"contentUrl\":\"https:\\\/\\\/techmasterdemexico.com\\\/wp-content\\\/uploads\\\/2021\\\/12\\\/304-919d_z2_eps.png\",\"width\":500,\"height\":500},{\"@type\":\"BreadcrumbList\",\"@id\":\"https:\\\/\\\/techmasterdemexico.com\\\/producto\\\/proyector-de-perfiles-pv-5110\\\/#breadcrumb\",\"itemListElement\":[{\"@type\":\"ListItem\",\"position\":1,\"name\":\"Portada\",\"item\":\"https:\\\/\\\/techmasterdemexico.com\\\/\"},{\"@type\":\"ListItem\",\"position\":2,\"name\":\"Proyector de perfiles PV-5110\"}]},{\"@type\":\"WebSite\",\"@id\":\"https:\\\/\\\/techmasterdemexico.com\\\/#website\",\"url\":\"https:\\\/\\\/techmasterdemexico.com\\\/\",\"name\":\"Techmaster de Mexico\",\"description\":\"\",\"potentialAction\":[{\"@type\":\"SearchAction\",\"target\":{\"@type\":\"EntryPoint\",\"urlTemplate\":\"https:\\\/\\\/techmasterdemexico.com\\\/?s={search_term_string}\"},\"query-input\":{\"@type\":\"PropertyValueSpecification\",\"valueRequired\":true,\"valueName\":\"search_term_string\"}}],\"inLanguage\":\"en-US\"}]}<\/script>\n<!-- \/ Yoast SEO plugin. -->","yoast_head_json":{"title":"Proyector de perfiles PV-5110 - Techmaster de Mexico","robots":{"index":"index","follow":"follow","max-snippet":"max-snippet:-1","max-image-preview":"max-image-preview:large","max-video-preview":"max-video-preview:-1"},"canonical":"https:\/\/techmasterdemexico.com\/producto\/proyector-de-perfiles-pv-5110\/","og_locale":"en_US","og_type":"article","og_title":"Proyector de perfiles PV-5110 - Techmaster de Mexico","og_description":"[:es]  Modelo: PV-5110  Mesa XY [mm]: 200 x 100  Metodo de medici\u00f3n: Encoder lineal  Medida total de mesa XY: 380 x 250 mm  Medida efectiva de mesa XY (mm): 266 x 170 mm  Imagen proyectada: Invertido  Pantalla Proyectora:   Di\u00e1metro efectivo: 508 mm  Material de la pantalla: vidrio fino  Rotaci\u00f3n de pantalla: \u00b1 360 \u00b0, ajuste fino y sujeci\u00f3n  Lectura de \u00e1ngulo: contador digital (LED)  Resoluci\u00f3n: 1 'o 0,01 \u00b0 (conmutable)  Rango: \u00b1 370 \u00b0  Contador digital (LED) (modo intercambiable ABS\/INC, fijado del cero)  L\u00edneas de referencia: ret\u00edculas    Lentes de proyecci\u00f3n: 10X (172-402) Opcional : 5X, 20X, 50X, 100X  Precisi\u00f3n de aumento:  Iluminaci\u00f3n de Contorno : \u00b10.1% o mejor  Iluminaci\u00f3n de Superficie : \u00b10.15% o mejor  Iluminaci\u00f3n de Contornos:  Iluminaci\u00f3n Foco hal\u00f3geno (24V, 150W, 500horas). Sistema Telec\u00e9ntrico, filtro de absorci\u00f3n de calor, ventilador de refrigeraci\u00f3n incorporado  Interruptor de brillo de 2 pasos (alto\/bajo), el uso en combinaci\u00f3n con un filtro de color est\u00e1 disponible  Iluminaci\u00f3n de superficie:  Fuente de iluminaci\u00f3n: Foco hal\u00f3geno (24 V, 150 W)  Sistema \u00f3ptico: iluminaci\u00f3n vertical  Funciones: lente de condensador ajustable, iluminaci\u00f3n oblicua (para 5X, 10X y 20X), filtro absorbente de calor, ventilador de refrigeraci\u00f3n  Resoluci\u00f3n: 0,001 mm  Fuente de alimentaci\u00f3n: 220 - 240V AC, 50\/60Hz [:en]  Modelo: PV-5110  Mesa XY [mm]: 200 x 100  Metodo de medici\u00f3n: Encoder lineal  Medida total de mesa XY: 380 x 250 mm  Medida efectiva de mesa XY (mm): 266 x 170 mm  Imagen proyectada: Invertido  Pantalla Proyectora:   Di\u00e1metro efectivo: 508 mm  Material de la pantalla: vidrio fino  Rotaci\u00f3n de pantalla: \u00b1 360 \u00b0, ajuste fino y sujeci\u00f3n  Lectura de \u00e1ngulo: contador digital (LED)  Resoluci\u00f3n: 1 'o 0,01 \u00b0 (conmutable)  Rango: \u00b1 370 \u00b0  Contador digital (LED) (modo intercambiable ABS\/INC, fijado del cero)  L\u00edneas de referencia: ret\u00edculas    Lentes de proyecci\u00f3n: 10X (172-402) Opcional : 5X, 20X, 50X, 100X  Precisi\u00f3n de aumento:  Iluminaci\u00f3n de Contorno : \u00b10.1% o mejor  Iluminaci\u00f3n de Superficie : \u00b10.15% o mejor  Iluminaci\u00f3n de Contornos:  Iluminaci\u00f3n Foco hal\u00f3geno (24V, 150W, 500horas). Sistema Telec\u00e9ntrico, filtro de absorci\u00f3n de calor, ventilador de refrigeraci\u00f3n incorporado  Interruptor de brillo de 2 pasos (alto\/bajo), el uso en combinaci\u00f3n con un filtro de color est\u00e1 disponible  Iluminaci\u00f3n de superficie:  Fuente de iluminaci\u00f3n: Foco hal\u00f3geno (24 V, 150 W)  Sistema \u00f3ptico: iluminaci\u00f3n vertical  Funciones: lente de condensador ajustable, iluminaci\u00f3n oblicua (para 5X, 10X y 20X), filtro absorbente de calor, ventilador de refrigeraci\u00f3n  Resoluci\u00f3n: 0,001 mm  Fuente de alimentaci\u00f3n: 220 - 240V AC, 50\/60Hz   [:]","og_url":"https:\/\/techmasterdemexico.com\/producto\/proyector-de-perfiles-pv-5110\/","og_site_name":"Techmaster de Mexico","article_modified_time":"2022-05-12T04:19:00+00:00","og_image":[{"width":500,"height":500,"url":"https:\/\/techmasterdemexico.com\/wp-content\/uploads\/2021\/12\/304-919d_z2_eps.png","type":"image\/png"}],"twitter_card":"summary_large_image","schema":{"@context":"https:\/\/schema.org","@graph":[{"@type":"WebPage","@id":"https:\/\/techmasterdemexico.com\/producto\/proyector-de-perfiles-pv-5110\/","url":"https:\/\/techmasterdemexico.com\/producto\/proyector-de-perfiles-pv-5110\/","name":"Proyector de perfiles PV-5110 - Techmaster de Mexico","isPartOf":{"@id":"https:\/\/techmasterdemexico.com\/#website"},"primaryImageOfPage":{"@id":"https:\/\/techmasterdemexico.com\/producto\/proyector-de-perfiles-pv-5110\/#primaryimage"},"image":{"@id":"https:\/\/techmasterdemexico.com\/producto\/proyector-de-perfiles-pv-5110\/#primaryimage"},"thumbnailUrl":"https:\/\/techmasterdemexico.com\/wp-content\/uploads\/2021\/12\/304-919d_z2_eps.png","datePublished":"2021-12-07T05:25:12+00:00","dateModified":"2022-05-12T04:19:00+00:00","breadcrumb":{"@id":"https:\/\/techmasterdemexico.com\/producto\/proyector-de-perfiles-pv-5110\/#breadcrumb"},"inLanguage":"en-US","potentialAction":[{"@type":"ReadAction","target":["https:\/\/techmasterdemexico.com\/producto\/proyector-de-perfiles-pv-5110\/"]}]},{"@type":"ImageObject","inLanguage":"en-US","@id":"https:\/\/techmasterdemexico.com\/producto\/proyector-de-perfiles-pv-5110\/#primaryimage","url":"https:\/\/techmasterdemexico.com\/wp-content\/uploads\/2021\/12\/304-919d_z2_eps.png","contentUrl":"https:\/\/techmasterdemexico.com\/wp-content\/uploads\/2021\/12\/304-919d_z2_eps.png","width":500,"height":500},{"@type":"BreadcrumbList","@id":"https:\/\/techmasterdemexico.com\/producto\/proyector-de-perfiles-pv-5110\/#breadcrumb","itemListElement":[{"@type":"ListItem","position":1,"name":"Portada","item":"https:\/\/techmasterdemexico.com\/"},{"@type":"ListItem","position":2,"name":"Proyector de perfiles PV-5110"}]},{"@type":"WebSite","@id":"https:\/\/techmasterdemexico.com\/#website","url":"https:\/\/techmasterdemexico.com\/","name":"Techmaster de Mexico","description":"","potentialAction":[{"@type":"SearchAction","target":{"@type":"EntryPoint","urlTemplate":"https:\/\/techmasterdemexico.com\/?s={search_term_string}"},"query-input":{"@type":"PropertyValueSpecification","valueRequired":true,"valueName":"search_term_string"}}],"inLanguage":"en-US"}]}},"brands":[{"id":39,"name":"Mitutoyo","slug":"mitutoyo"}],"_links":{"self":[{"href":"https:\/\/techmasterdemexico.com\/en\/wp-json\/wp\/v2\/product\/11334","targetHints":{"allow":["GET"]}}],"collection":[{"href":"https:\/\/techmasterdemexico.com\/en\/wp-json\/wp\/v2\/product"}],"about":[{"href":"https:\/\/techmasterdemexico.com\/en\/wp-json\/wp\/v2\/types\/product"}],"wp:featuredmedia":[{"embeddable":true,"href":"https:\/\/techmasterdemexico.com\/en\/wp-json\/wp\/v2\/media\/11335"}],"wp:attachment":[{"href":"https:\/\/techmasterdemexico.com\/en\/wp-json\/wp\/v2\/media?parent=11334"}],"wp:term":[{"taxonomy":"pwb-brand","embeddable":true,"href":"https:\/\/techmasterdemexico.com\/en\/wp-json\/wp\/v2\/pwb-brand?post=11334"},{"taxonomy":"product_brand","embeddable":true,"href":"https:\/\/techmasterdemexico.com\/en\/wp-json\/wp\/v2\/product_brand?post=11334"},{"taxonomy":"product_cat","embeddable":true,"href":"https:\/\/techmasterdemexico.com\/en\/wp-json\/wp\/v2\/product_cat?post=11334"},{"taxonomy":"product_tag","embeddable":true,"href":"https:\/\/techmasterdemexico.com\/en\/wp-json\/wp\/v2\/product_tag?post=11334"}],"curies":[{"name":"wp","href":"https:\/\/api.w.org\/{rel}","templated":true}]}}