{"id":11329,"date":"2021-12-07T05:24:45","date_gmt":"2021-12-07T05:24:45","guid":{"rendered":"https:\/\/techmastermx.ddns.net\/?post_type=product&#038;p=11329"},"modified":"2022-05-12T04:19:01","modified_gmt":"2022-05-12T04:19:01","slug":"comaprador-optico-ph-3515f","status":"publish","type":"product","link":"https:\/\/techmasterdemexico.com\/en\/producto\/comaprador-optico-ph-3515f\/","title":{"rendered":"Comaprador \u00d3ptico PH-3515F"},"content":{"rendered":"<p>Measuring Projector<br \/>\nPH-3515F, XY=254 x 152 mm<br \/>\nN\u00famero de art\u00edculo: 172-868E<\/p>\n<p>&nbsp;<\/p>\n<p>Comaprador \u00d3ptico PH-3515F<br \/>\nGracias a la iluminaci\u00f3n horizontal del PH-3515F, puede medir f\u00e1cilmente piezas de trabajo m\u00e1s grandes y pesadas, incluidos bastidores dentados y herramientas de perforaci\u00f3n. Puede utilizar el comparadorr para una amplia gama de aplicaciones debido a su generoso recorrido de 254 x 152 mm y su carga permitida de 45 kg.<\/p>\n","protected":false},"excerpt":{"rendered":"<ul>\n<li>Rango de medida:<br \/>\n254mm x 152mm<\/li>\n<li>Observaciones:\n<ul>\n<li>Los accesorios necesarios son:<br \/>\n264-156E or 174-183E<br \/>\ny 12AAF182<\/li>\n<\/ul>\n<\/li>\n<li>Modelo:<br \/>\nPH-3515F<\/li>\n<li>Mesa XY [mm]:<br \/>\n254 x 152<\/li>\n<li>Metodo de medici\u00f3n:<br \/>\nEncoder lineal<\/li>\n<li>Mecanismo de cambio r\u00e1pido:<br \/>\nX axis<\/li>\n<li>Medida total de mesa XY:<br \/>\n450 x 146 mm<\/li>\n<li>Funcion de balanceo:<br \/>\n\u00b110\u00b0<\/li>\n<li>Carga m\u00e1x. admisible sobre mesa:<br \/>\n45 kg<\/li>\n<li>Imagen proyectada:<br \/>\nErecta<\/li>\n<li>Pantalla Proyectora:\n<ul>\n<li>Di\u00e1metro efectivo: 353 mm<\/li>\n<li>Material de la pantalla: vidrio fino<\/li>\n<li>Rotaci\u00f3n de pantalla: \u00b1 360 \u00b0, avance fino y pinza<\/li>\n<li>Pantalla de \u00e1ngulo: contador digital (LED)<\/li>\n<li>Resoluci\u00f3n: 1 &#8216;o 0,01 \u00b0 (intercambiable)<\/li>\n<li>Rango: \u00b1 370 \u00b0<\/li>\n<li>Contador digital (LED) (modo intercambiable ABS\/INC, fijado del cero)<br \/>\nL\u00edneas de referencia: ret\u00edculas<\/li>\n<\/ul>\n<\/li>\n<li>Lentes de proyecci\u00f3n:<br \/>\n10X (172-184)<br \/>\nOpcional : 5X, 20X, 50X, 100X<\/li>\n<li>Precisi\u00f3n de aumento:<\/li>\n<li>Iluminaci\u00f3n de Contorno : \u00b10.1% o mejor<\/li>\n<li>Iluminaci\u00f3n de Superficie : \u00b10.15% o mejor<\/li>\n<li>Iluminaci\u00f3n de Contornos:<\/li>\n<li>Iluminaci\u00f3n: Foco hal\u00f3geno (24 V, 150 W)<\/li>\n<li>Sistema \u00f3ptico: sistema telec\u00e9ntrico<\/li>\n<li>Funciones: ajuste de brillo de 2 pasos (alto \/ bajo), filtro absorbente de calor, ventilador de refrigeraci\u00f3n<\/li>\n<li>Iluminaci\u00f3n de superficie:<\/li>\n<li>Iluminaci\u00f3n: Foco hal\u00f3geno (24 V, 150 W)<\/li>\n<li>Sistema \u00f3ptico: iluminaci\u00f3n vertical<\/li>\n<li>Funciones: lente de condensador ajustable, ajuste de brillo de 2 pasos (alto \/ bajo), filtro absorbente de calor, ventilador de refrigeraci\u00f3n<\/li>\n<li>Resoluci\u00f3n:<br \/>\n0,001 mm<\/li>\n<li>Fuente de alimentaci\u00f3n:<br \/>\n220 &#8211; 240V AC, 50\/60Hz<\/li>\n<\/ul>\n","protected":false},"featured_media":11330,"template":"","meta":{"_acf_changed":false},"pwb-brand":[39],"product_brand":[],"product_cat":[366,343,38,342],"product_tag":[],"class_list":{"0":"post-11329","1":"product","2":"type-product","3":"status-publish","4":"has-post-thumbnail","6":"pwb-brand-mitutoyo","7":"product_cat-todos-los-productos","8":"product_cat-comparadores-opticos-sistemas-opticos","9":"product_cat-mitutoyo","10":"product_cat-sistemas-opticos","12":"first","13":"instock","14":"taxable","15":"shipping-taxable","16":"product-type-simple"},"acf":[],"yoast_head":"<!-- This site is optimized with the Yoast SEO plugin v27.4 - https:\/\/yoast.com\/product\/yoast-seo-wordpress\/ -->\n<title>Comaprador \u00d3ptico PH-3515F - Techmaster de Mexico<\/title>\n<meta name=\"robots\" content=\"index, follow, max-snippet:-1, max-image-preview:large, max-video-preview:-1\" \/>\n<link rel=\"canonical\" href=\"https:\/\/techmasterdemexico.com\/producto\/comaprador-optico-ph-3515f\/\" \/>\n<meta property=\"og:locale\" content=\"en_US\" \/>\n<meta property=\"og:type\" content=\"article\" \/>\n<meta property=\"og:title\" content=\"Comaprador \u00d3ptico PH-3515F - Techmaster de Mexico\" \/>\n<meta property=\"og:description\" content=\"Rango de medida: 254mm x 152mm  Observaciones:   Los accesorios necesarios son: 264-156E or 174-183E y 12AAF182    Modelo: PH-3515F  Mesa XY [mm]: 254 x 152  Metodo de medici\u00f3n: Encoder lineal  Mecanismo de cambio r\u00e1pido: X axis  Medida total de mesa XY: 450 x 146 mm  Funcion de balanceo: \u00b110\u00b0  Carga m\u00e1x. admisible sobre mesa: 45 kg  Imagen proyectada: Erecta  Pantalla Proyectora:   Di\u00e1metro efectivo: 353 mm  Material de la pantalla: vidrio fino  Rotaci\u00f3n de pantalla: \u00b1 360 \u00b0, avance fino y pinza  Pantalla de \u00e1ngulo: contador digital (LED)  Resoluci\u00f3n: 1 &#039;o 0,01 \u00b0 (intercambiable)  Rango: \u00b1 370 \u00b0  Contador digital (LED) (modo intercambiable ABS\/INC, fijado del cero) L\u00edneas de referencia: ret\u00edculas    Lentes de proyecci\u00f3n: 10X (172-184) Opcional : 5X, 20X, 50X, 100X  Precisi\u00f3n de aumento:  Iluminaci\u00f3n de Contorno : \u00b10.1% o mejor  Iluminaci\u00f3n de Superficie : \u00b10.15% o mejor  Iluminaci\u00f3n de Contornos:  Iluminaci\u00f3n: Foco hal\u00f3geno (24 V, 150 W)  Sistema \u00f3ptico: sistema telec\u00e9ntrico  Funciones: ajuste de brillo de 2 pasos (alto \/ bajo), filtro absorbente de calor, ventilador de refrigeraci\u00f3n  Iluminaci\u00f3n de superficie:  Iluminaci\u00f3n: Foco hal\u00f3geno (24 V, 150 W)  Sistema \u00f3ptico: iluminaci\u00f3n vertical  Funciones: lente de condensador ajustable, ajuste de brillo de 2 pasos (alto \/ bajo), filtro absorbente de calor, ventilador de refrigeraci\u00f3n  Resoluci\u00f3n: 0,001 mm  Fuente de alimentaci\u00f3n: 220 - 240V AC, 50\/60Hz\" \/>\n<meta property=\"og:url\" content=\"https:\/\/techmasterdemexico.com\/producto\/comaprador-optico-ph-3515f\/\" \/>\n<meta property=\"og:site_name\" content=\"Techmaster de Mexico\" \/>\n<meta property=\"article:modified_time\" content=\"2022-05-12T04:19:01+00:00\" \/>\n<meta property=\"og:image\" content=\"https:\/\/techmasterdemexico.com\/wp-content\/uploads\/2021\/12\/172-868a_z1_jpg.png\" \/>\n\t<meta property=\"og:image:width\" content=\"500\" \/>\n\t<meta property=\"og:image:height\" content=\"500\" \/>\n\t<meta property=\"og:image:type\" content=\"image\/png\" \/>\n<meta name=\"twitter:card\" content=\"summary_large_image\" \/>\n<script type=\"application\/ld+json\" class=\"yoast-schema-graph\">{\"@context\":\"https:\\\/\\\/schema.org\",\"@graph\":[{\"@type\":\"WebPage\",\"@id\":\"https:\\\/\\\/techmasterdemexico.com\\\/producto\\\/comaprador-optico-ph-3515f\\\/\",\"url\":\"https:\\\/\\\/techmasterdemexico.com\\\/producto\\\/comaprador-optico-ph-3515f\\\/\",\"name\":\"Comaprador \u00d3ptico PH-3515F - Techmaster de Mexico\",\"isPartOf\":{\"@id\":\"https:\\\/\\\/techmasterdemexico.com\\\/#website\"},\"primaryImageOfPage\":{\"@id\":\"https:\\\/\\\/techmasterdemexico.com\\\/producto\\\/comaprador-optico-ph-3515f\\\/#primaryimage\"},\"image\":{\"@id\":\"https:\\\/\\\/techmasterdemexico.com\\\/producto\\\/comaprador-optico-ph-3515f\\\/#primaryimage\"},\"thumbnailUrl\":\"https:\\\/\\\/techmasterdemexico.com\\\/wp-content\\\/uploads\\\/2021\\\/12\\\/172-868a_z1_jpg.png\",\"datePublished\":\"2021-12-07T05:24:45+00:00\",\"dateModified\":\"2022-05-12T04:19:01+00:00\",\"breadcrumb\":{\"@id\":\"https:\\\/\\\/techmasterdemexico.com\\\/producto\\\/comaprador-optico-ph-3515f\\\/#breadcrumb\"},\"inLanguage\":\"en-US\",\"potentialAction\":[{\"@type\":\"ReadAction\",\"target\":[\"https:\\\/\\\/techmasterdemexico.com\\\/producto\\\/comaprador-optico-ph-3515f\\\/\"]}]},{\"@type\":\"ImageObject\",\"inLanguage\":\"en-US\",\"@id\":\"https:\\\/\\\/techmasterdemexico.com\\\/producto\\\/comaprador-optico-ph-3515f\\\/#primaryimage\",\"url\":\"https:\\\/\\\/techmasterdemexico.com\\\/wp-content\\\/uploads\\\/2021\\\/12\\\/172-868a_z1_jpg.png\",\"contentUrl\":\"https:\\\/\\\/techmasterdemexico.com\\\/wp-content\\\/uploads\\\/2021\\\/12\\\/172-868a_z1_jpg.png\",\"width\":500,\"height\":500},{\"@type\":\"BreadcrumbList\",\"@id\":\"https:\\\/\\\/techmasterdemexico.com\\\/producto\\\/comaprador-optico-ph-3515f\\\/#breadcrumb\",\"itemListElement\":[{\"@type\":\"ListItem\",\"position\":1,\"name\":\"Portada\",\"item\":\"https:\\\/\\\/techmasterdemexico.com\\\/\"},{\"@type\":\"ListItem\",\"position\":2,\"name\":\"Comaprador \u00d3ptico PH-3515F\"}]},{\"@type\":\"WebSite\",\"@id\":\"https:\\\/\\\/techmasterdemexico.com\\\/#website\",\"url\":\"https:\\\/\\\/techmasterdemexico.com\\\/\",\"name\":\"Techmaster de Mexico\",\"description\":\"\",\"potentialAction\":[{\"@type\":\"SearchAction\",\"target\":{\"@type\":\"EntryPoint\",\"urlTemplate\":\"https:\\\/\\\/techmasterdemexico.com\\\/?s={search_term_string}\"},\"query-input\":{\"@type\":\"PropertyValueSpecification\",\"valueRequired\":true,\"valueName\":\"search_term_string\"}}],\"inLanguage\":\"en-US\"}]}<\/script>\n<!-- \/ Yoast SEO plugin. -->","yoast_head_json":{"title":"Comaprador \u00d3ptico PH-3515F - Techmaster de Mexico","robots":{"index":"index","follow":"follow","max-snippet":"max-snippet:-1","max-image-preview":"max-image-preview:large","max-video-preview":"max-video-preview:-1"},"canonical":"https:\/\/techmasterdemexico.com\/producto\/comaprador-optico-ph-3515f\/","og_locale":"en_US","og_type":"article","og_title":"Comaprador \u00d3ptico PH-3515F - Techmaster de Mexico","og_description":"Rango de medida: 254mm x 152mm  Observaciones:   Los accesorios necesarios son: 264-156E or 174-183E y 12AAF182    Modelo: PH-3515F  Mesa XY [mm]: 254 x 152  Metodo de medici\u00f3n: Encoder lineal  Mecanismo de cambio r\u00e1pido: X axis  Medida total de mesa XY: 450 x 146 mm  Funcion de balanceo: \u00b110\u00b0  Carga m\u00e1x. admisible sobre mesa: 45 kg  Imagen proyectada: Erecta  Pantalla Proyectora:   Di\u00e1metro efectivo: 353 mm  Material de la pantalla: vidrio fino  Rotaci\u00f3n de pantalla: \u00b1 360 \u00b0, avance fino y pinza  Pantalla de \u00e1ngulo: contador digital (LED)  Resoluci\u00f3n: 1 'o 0,01 \u00b0 (intercambiable)  Rango: \u00b1 370 \u00b0  Contador digital (LED) (modo intercambiable ABS\/INC, fijado del cero) L\u00edneas de referencia: ret\u00edculas    Lentes de proyecci\u00f3n: 10X (172-184) Opcional : 5X, 20X, 50X, 100X  Precisi\u00f3n de aumento:  Iluminaci\u00f3n de Contorno : \u00b10.1% o mejor  Iluminaci\u00f3n de Superficie : \u00b10.15% o mejor  Iluminaci\u00f3n de Contornos:  Iluminaci\u00f3n: Foco hal\u00f3geno (24 V, 150 W)  Sistema \u00f3ptico: sistema telec\u00e9ntrico  Funciones: ajuste de brillo de 2 pasos (alto \/ bajo), filtro absorbente de calor, ventilador de refrigeraci\u00f3n  Iluminaci\u00f3n de superficie:  Iluminaci\u00f3n: Foco hal\u00f3geno (24 V, 150 W)  Sistema \u00f3ptico: iluminaci\u00f3n vertical  Funciones: lente de condensador ajustable, ajuste de brillo de 2 pasos (alto \/ bajo), filtro absorbente de calor, ventilador de refrigeraci\u00f3n  Resoluci\u00f3n: 0,001 mm  Fuente de alimentaci\u00f3n: 220 - 240V AC, 50\/60Hz","og_url":"https:\/\/techmasterdemexico.com\/producto\/comaprador-optico-ph-3515f\/","og_site_name":"Techmaster de Mexico","article_modified_time":"2022-05-12T04:19:01+00:00","og_image":[{"width":500,"height":500,"url":"https:\/\/techmasterdemexico.com\/wp-content\/uploads\/2021\/12\/172-868a_z1_jpg.png","type":"image\/png"}],"twitter_card":"summary_large_image","schema":{"@context":"https:\/\/schema.org","@graph":[{"@type":"WebPage","@id":"https:\/\/techmasterdemexico.com\/producto\/comaprador-optico-ph-3515f\/","url":"https:\/\/techmasterdemexico.com\/producto\/comaprador-optico-ph-3515f\/","name":"Comaprador \u00d3ptico PH-3515F - Techmaster de Mexico","isPartOf":{"@id":"https:\/\/techmasterdemexico.com\/#website"},"primaryImageOfPage":{"@id":"https:\/\/techmasterdemexico.com\/producto\/comaprador-optico-ph-3515f\/#primaryimage"},"image":{"@id":"https:\/\/techmasterdemexico.com\/producto\/comaprador-optico-ph-3515f\/#primaryimage"},"thumbnailUrl":"https:\/\/techmasterdemexico.com\/wp-content\/uploads\/2021\/12\/172-868a_z1_jpg.png","datePublished":"2021-12-07T05:24:45+00:00","dateModified":"2022-05-12T04:19:01+00:00","breadcrumb":{"@id":"https:\/\/techmasterdemexico.com\/producto\/comaprador-optico-ph-3515f\/#breadcrumb"},"inLanguage":"en-US","potentialAction":[{"@type":"ReadAction","target":["https:\/\/techmasterdemexico.com\/producto\/comaprador-optico-ph-3515f\/"]}]},{"@type":"ImageObject","inLanguage":"en-US","@id":"https:\/\/techmasterdemexico.com\/producto\/comaprador-optico-ph-3515f\/#primaryimage","url":"https:\/\/techmasterdemexico.com\/wp-content\/uploads\/2021\/12\/172-868a_z1_jpg.png","contentUrl":"https:\/\/techmasterdemexico.com\/wp-content\/uploads\/2021\/12\/172-868a_z1_jpg.png","width":500,"height":500},{"@type":"BreadcrumbList","@id":"https:\/\/techmasterdemexico.com\/producto\/comaprador-optico-ph-3515f\/#breadcrumb","itemListElement":[{"@type":"ListItem","position":1,"name":"Portada","item":"https:\/\/techmasterdemexico.com\/"},{"@type":"ListItem","position":2,"name":"Comaprador \u00d3ptico PH-3515F"}]},{"@type":"WebSite","@id":"https:\/\/techmasterdemexico.com\/#website","url":"https:\/\/techmasterdemexico.com\/","name":"Techmaster de Mexico","description":"","potentialAction":[{"@type":"SearchAction","target":{"@type":"EntryPoint","urlTemplate":"https:\/\/techmasterdemexico.com\/?s={search_term_string}"},"query-input":{"@type":"PropertyValueSpecification","valueRequired":true,"valueName":"search_term_string"}}],"inLanguage":"en-US"}]}},"brands":[{"id":39,"name":"Mitutoyo","slug":"mitutoyo"}],"_links":{"self":[{"href":"https:\/\/techmasterdemexico.com\/en\/wp-json\/wp\/v2\/product\/11329","targetHints":{"allow":["GET"]}}],"collection":[{"href":"https:\/\/techmasterdemexico.com\/en\/wp-json\/wp\/v2\/product"}],"about":[{"href":"https:\/\/techmasterdemexico.com\/en\/wp-json\/wp\/v2\/types\/product"}],"wp:featuredmedia":[{"embeddable":true,"href":"https:\/\/techmasterdemexico.com\/en\/wp-json\/wp\/v2\/media\/11330"}],"wp:attachment":[{"href":"https:\/\/techmasterdemexico.com\/en\/wp-json\/wp\/v2\/media?parent=11329"}],"wp:term":[{"taxonomy":"pwb-brand","embeddable":true,"href":"https:\/\/techmasterdemexico.com\/en\/wp-json\/wp\/v2\/pwb-brand?post=11329"},{"taxonomy":"product_brand","embeddable":true,"href":"https:\/\/techmasterdemexico.com\/en\/wp-json\/wp\/v2\/product_brand?post=11329"},{"taxonomy":"product_cat","embeddable":true,"href":"https:\/\/techmasterdemexico.com\/en\/wp-json\/wp\/v2\/product_cat?post=11329"},{"taxonomy":"product_tag","embeddable":true,"href":"https:\/\/techmasterdemexico.com\/en\/wp-json\/wp\/v2\/product_tag?post=11329"}],"curies":[{"name":"wp","href":"https:\/\/api.w.org\/{rel}","templated":true}]}}