{"id":10813,"date":"2021-10-28T17:47:27","date_gmt":"2021-10-28T17:47:27","guid":{"rendered":"https:\/\/techmastermx.ddns.net\/producto\/surftest-sj-412-mm-r5%c2%b5m-4mn-x50mm\/"},"modified":"2022-05-12T04:20:10","modified_gmt":"2022-05-12T04:20:10","slug":"surftest-sj-412-mm-r5%c2%b5m-4mn-x50mm","status":"publish","type":"product","link":"https:\/\/techmasterdemexico.com\/en\/producto\/surftest-sj-412-mm-r5%c2%b5m-4mn-x50mm\/","title":{"rendered":"Surftest SJ-412 [mm], &#8220;R5\u00b5m; 4mN; X=50mm&#8221;"},"content":{"rendered":"<p>Surftest SJ-412 [mm]<br \/>\n&#8220;R5\u00b5m; 4mN; X=50mm&#8221;<br \/>\nN\u00famero de art\u00edculo: 178-582-12D<\/p>\n<p>&nbsp;<\/p>\n<p>Este instrumento de medici\u00f3n port\u00e1til le permite medir de manera f\u00e1cil y exacta la rugosidad superficial.<\/p>\n<p>&nbsp;<\/p>\n<p>El Rugos\u00edmetro SJ-410 le ofrece los siguientes beneficios:<\/p>\n<ul>\n<li>Sistema sin deslizamiento con funcionalidad de pantalla t\u00e1ctil e impresora incorporada.<\/li>\n<li>Funciona sin necesidad de estar conectado a la corriente el\u00e9ctrica, lo que le permite realizar mediciones en sitio.<\/li>\n<li>Navegaci\u00f3n de men\u00fa f\u00e1cil e intuitiva.<\/li>\n<li>La gran pantalla LCD a color de 14,5 cm [5,7 &#8220;] le ofrece una alta visibilidad.<\/li>\n<li>Su detector le permite medir el perfil primario (P), el perfil de rugosidad (R), perfil de ondulaci\u00f3n (W) y m\u00e1s.<\/li>\n<li>Compensaci\u00f3n de superficie para superficies curvas, radiales e inclinadas.<\/li>\n<li>Realiza an\u00e1lisis de rugosidad conforme a varios est\u00e1ndares internacionales (EN ISO, VDA, ANSI, JIS) y configuraciones personalizadas.<\/li>\n<li>Puede almacenar hasta 10 condiciones de medici\u00f3n diferentes dentro de la memoria del SJ-410, y hasta 500 con una tarjeta SD opcional.<\/li>\n<li>Puede proteger con contrase\u00f1a muchas funciones por separado.<\/li>\n<li>Viene con soporte para 16 idiomas.<\/li>\n<li>Las opciones disponibles incluyen una unidad de ajuste autom\u00e1tico, ajuste fino del eje X y unidad de nivelaci\u00f3n digital.<\/li>\n<\/ul>\n","protected":false},"excerpt":{"rendered":"<ul>\n<li>Presi\u00f3n de medida (detector):<br \/>\n4 mN<\/li>\n<li>Angulo de punta:<br \/>\n90\u00b0<\/li>\n<li>Radio punta:<br \/>\n5 \u00b5m<\/li>\n<li>Transversal:\n<ul>\n<li>SJ-411: 25 mm<\/li>\n<li>SJ-412: 50 mm<\/li>\n<\/ul>\n<\/li>\n<li>Velocidad de medici\u00f3n:<br \/>\n0.05, 0.1, 0.5, 1 mm\/s<\/li>\n<li>Metodo de medici\u00f3n:<br \/>\nSkidless \/ skidded<\/li>\n<li>Rango de medida:<br \/>\n800 \u00b5m; 80 \u00b5m; 8 \u00b5m<br \/>\n(up to 2,4 mm with an optional stylus)<\/li>\n<li>Posicionado:<br \/>\n\u00b11.5\u00b0 (tilting), 10 mm (up\/down)<\/li>\n<li>Perfiles:<br \/>\nPerfil primario (P), Perfil de rugosidad (R), Ondulaci\u00f3n (W), MOTIF (R, W) y m\u00e1s<\/li>\n<li>Normas:<br \/>\nEN ISO, VDA, JIS, ANSI y configuraciones personalizadas<\/li>\n<li>Graficos de analisis:<br \/>\nBAC, ADC<\/li>\n<li>Filtro digital:<br \/>\nGauss, 2CR75, PC75<\/li>\n<li>Longitud de ejemplo:<br \/>\nx 1, x 3, x 5, x L* (* = oder jeder beliebige Wert)<\/li>\n<li>Longitud de cut-off:\n<ul>\n<li>\u03bbc : 0.08 mm; 0.25 mm; 0.8 mm;<br \/>\n2.5 mm; 8 mm<\/li>\n<li>\u03bbs : 2.5 \u00b5m; 8 \u00b5m; 25 \u00b5m<\/li>\n<\/ul>\n<\/li>\n<li>Impresora:<br \/>\nImpresora T\u00e9rmica<\/li>\n<li>Tolerancia:<br \/>\nL\u00edmite superior\/inferior con color<\/li>\n<li>Interfaz:<br \/>\nUSB, Digimatic, RS-232C, Foot switch<\/li>\n<li>Fuente de alimentaci\u00f3n:<br \/>\nVia AC adapter, rechargeable battery<\/li>\n<li>Funciones:<br \/>\nSurftest SJ-412<\/li>\n<li>Desplazamiento : 50 mm<\/li>\n<li>Rectitud de desplazamiento : 0.5 \u00b5m \/ 50 mm<\/li>\n<\/ul>\n","protected":false},"featured_media":11273,"template":"","meta":{"_acf_changed":false},"pwb-brand":[39],"product_brand":[],"product_cat":[366,38,326,330],"product_tag":[],"class_list":{"0":"post-10813","1":"product","2":"type-product","3":"status-publish","4":"has-post-thumbnail","6":"pwb-brand-mitutoyo","7":"product_cat-todos-los-productos","8":"product_cat-mitutoyo","9":"product_cat-sistemas-de-medicion-de-forma","10":"product_cat-sistemas-de-medicion-de-rugosidad-superficial","12":"first","13":"instock","14":"taxable","15":"shipping-taxable","16":"product-type-simple"},"acf":[],"yoast_head":"<!-- This site is optimized with the Yoast SEO plugin v27.4 - https:\/\/yoast.com\/product\/yoast-seo-wordpress\/ -->\n<title>Surftest SJ-412 [mm], &quot;R5\u00b5m; 4mN; X=50mm&quot; - Techmaster de Mexico<\/title>\n<meta name=\"robots\" content=\"index, follow, max-snippet:-1, max-image-preview:large, max-video-preview:-1\" \/>\n<link rel=\"canonical\" href=\"https:\/\/techmasterdemexico.com\/producto\/surftest-sj-412-mm-r5\u00b5m-4mn-x50mm\/\" \/>\n<meta property=\"og:locale\" content=\"en_US\" \/>\n<meta property=\"og:type\" content=\"article\" \/>\n<meta property=\"og:title\" content=\"Surftest SJ-412 [mm], &quot;R5\u00b5m; 4mN; X=50mm&quot; - Techmaster de Mexico\" \/>\n<meta property=\"og:description\" content=\"Presi\u00f3n de medida (detector): 4 mN  Angulo de punta: 90\u00b0  Radio punta: 5 \u00b5m  Transversal:   SJ-411: 25 mm  SJ-412: 50 mm    Velocidad de medici\u00f3n: 0.05, 0.1, 0.5, 1 mm\/s  Metodo de medici\u00f3n: Skidless \/ skidded  Rango de medida: 800 \u00b5m; 80 \u00b5m; 8 \u00b5m (up to 2,4 mm with an optional stylus)  Posicionado: \u00b11.5\u00b0 (tilting), 10 mm (up\/down)  Perfiles: Perfil primario (P), Perfil de rugosidad (R), Ondulaci\u00f3n (W), MOTIF (R, W) y m\u00e1s  Normas: EN ISO, VDA, JIS, ANSI y configuraciones personalizadas  Graficos de analisis: BAC, ADC  Filtro digital: Gauss, 2CR75, PC75  Longitud de ejemplo: x 1, x 3, x 5, x L* (* = oder jeder beliebige Wert)  Longitud de cut-off:   \u03bbc : 0.08 mm; 0.25 mm; 0.8 mm; 2.5 mm; 8 mm  \u03bbs : 2.5 \u00b5m; 8 \u00b5m; 25 \u00b5m    Impresora: Impresora T\u00e9rmica  Tolerancia: L\u00edmite superior\/inferior con color  Interfaz: USB, Digimatic, RS-232C, Foot switch  Fuente de alimentaci\u00f3n: Via AC adapter, rechargeable battery  Funciones: Surftest SJ-412  Desplazamiento : 50 mm  Rectitud de desplazamiento : 0.5 \u00b5m \/ 50 mm\" \/>\n<meta property=\"og:url\" content=\"https:\/\/techmasterdemexico.com\/producto\/surftest-sj-412-mm-r5\u00b5m-4mn-x50mm\/\" \/>\n<meta property=\"og:site_name\" content=\"Techmaster de Mexico\" \/>\n<meta property=\"article:modified_time\" content=\"2022-05-12T04:20:10+00:00\" \/>\n<meta property=\"og:image\" content=\"https:\/\/techmasterdemexico.com\/wp-content\/uploads\/2021\/10\/sj-410_jpg.jpg\" \/>\n\t<meta property=\"og:image:width\" content=\"600\" \/>\n\t<meta property=\"og:image:height\" content=\"600\" \/>\n\t<meta property=\"og:image:type\" content=\"image\/jpeg\" \/>\n<meta name=\"twitter:card\" content=\"summary_large_image\" \/>\n<meta name=\"twitter:label1\" content=\"Est. reading time\" \/>\n\t<meta name=\"twitter:data1\" content=\"1 minute\" \/>\n<script type=\"application\/ld+json\" class=\"yoast-schema-graph\">{\"@context\":\"https:\\\/\\\/schema.org\",\"@graph\":[{\"@type\":\"WebPage\",\"@id\":\"https:\\\/\\\/techmasterdemexico.com\\\/producto\\\/surftest-sj-412-mm-r5%c2%b5m-4mn-x50mm\\\/\",\"url\":\"https:\\\/\\\/techmasterdemexico.com\\\/producto\\\/surftest-sj-412-mm-r5%c2%b5m-4mn-x50mm\\\/\",\"name\":\"Surftest SJ-412 [mm], \\\"R5\u00b5m; 4mN; X=50mm\\\" - Techmaster de Mexico\",\"isPartOf\":{\"@id\":\"https:\\\/\\\/techmasterdemexico.com\\\/#website\"},\"primaryImageOfPage\":{\"@id\":\"https:\\\/\\\/techmasterdemexico.com\\\/producto\\\/surftest-sj-412-mm-r5%c2%b5m-4mn-x50mm\\\/#primaryimage\"},\"image\":{\"@id\":\"https:\\\/\\\/techmasterdemexico.com\\\/producto\\\/surftest-sj-412-mm-r5%c2%b5m-4mn-x50mm\\\/#primaryimage\"},\"thumbnailUrl\":\"https:\\\/\\\/techmasterdemexico.com\\\/wp-content\\\/uploads\\\/2021\\\/10\\\/sj-410_jpg.jpg\",\"datePublished\":\"2021-10-28T17:47:27+00:00\",\"dateModified\":\"2022-05-12T04:20:10+00:00\",\"breadcrumb\":{\"@id\":\"https:\\\/\\\/techmasterdemexico.com\\\/producto\\\/surftest-sj-412-mm-r5%c2%b5m-4mn-x50mm\\\/#breadcrumb\"},\"inLanguage\":\"en-US\",\"potentialAction\":[{\"@type\":\"ReadAction\",\"target\":[\"https:\\\/\\\/techmasterdemexico.com\\\/producto\\\/surftest-sj-412-mm-r5%c2%b5m-4mn-x50mm\\\/\"]}]},{\"@type\":\"ImageObject\",\"inLanguage\":\"en-US\",\"@id\":\"https:\\\/\\\/techmasterdemexico.com\\\/producto\\\/surftest-sj-412-mm-r5%c2%b5m-4mn-x50mm\\\/#primaryimage\",\"url\":\"https:\\\/\\\/techmasterdemexico.com\\\/wp-content\\\/uploads\\\/2021\\\/10\\\/sj-410_jpg.jpg\",\"contentUrl\":\"https:\\\/\\\/techmasterdemexico.com\\\/wp-content\\\/uploads\\\/2021\\\/10\\\/sj-410_jpg.jpg\",\"width\":600,\"height\":600},{\"@type\":\"BreadcrumbList\",\"@id\":\"https:\\\/\\\/techmasterdemexico.com\\\/producto\\\/surftest-sj-412-mm-r5%c2%b5m-4mn-x50mm\\\/#breadcrumb\",\"itemListElement\":[{\"@type\":\"ListItem\",\"position\":1,\"name\":\"Portada\",\"item\":\"https:\\\/\\\/techmasterdemexico.com\\\/\"},{\"@type\":\"ListItem\",\"position\":2,\"name\":\"Surftest SJ-412 [mm], \u00abR5\u00b5m; 4mN; X=50mm\u00bb\"}]},{\"@type\":\"WebSite\",\"@id\":\"https:\\\/\\\/techmasterdemexico.com\\\/#website\",\"url\":\"https:\\\/\\\/techmasterdemexico.com\\\/\",\"name\":\"Techmaster de Mexico\",\"description\":\"\",\"potentialAction\":[{\"@type\":\"SearchAction\",\"target\":{\"@type\":\"EntryPoint\",\"urlTemplate\":\"https:\\\/\\\/techmasterdemexico.com\\\/?s={search_term_string}\"},\"query-input\":{\"@type\":\"PropertyValueSpecification\",\"valueRequired\":true,\"valueName\":\"search_term_string\"}}],\"inLanguage\":\"en-US\"}]}<\/script>\n<!-- \/ Yoast SEO plugin. -->","yoast_head_json":{"title":"Surftest SJ-412 [mm], \"R5\u00b5m; 4mN; X=50mm\" - Techmaster de Mexico","robots":{"index":"index","follow":"follow","max-snippet":"max-snippet:-1","max-image-preview":"max-image-preview:large","max-video-preview":"max-video-preview:-1"},"canonical":"https:\/\/techmasterdemexico.com\/producto\/surftest-sj-412-mm-r5\u00b5m-4mn-x50mm\/","og_locale":"en_US","og_type":"article","og_title":"Surftest SJ-412 [mm], \"R5\u00b5m; 4mN; X=50mm\" - Techmaster de Mexico","og_description":"Presi\u00f3n de medida (detector): 4 mN  Angulo de punta: 90\u00b0  Radio punta: 5 \u00b5m  Transversal:   SJ-411: 25 mm  SJ-412: 50 mm    Velocidad de medici\u00f3n: 0.05, 0.1, 0.5, 1 mm\/s  Metodo de medici\u00f3n: Skidless \/ skidded  Rango de medida: 800 \u00b5m; 80 \u00b5m; 8 \u00b5m (up to 2,4 mm with an optional stylus)  Posicionado: \u00b11.5\u00b0 (tilting), 10 mm (up\/down)  Perfiles: Perfil primario (P), Perfil de rugosidad (R), Ondulaci\u00f3n (W), MOTIF (R, W) y m\u00e1s  Normas: EN ISO, VDA, JIS, ANSI y configuraciones personalizadas  Graficos de analisis: BAC, ADC  Filtro digital: Gauss, 2CR75, PC75  Longitud de ejemplo: x 1, x 3, x 5, x L* (* = oder jeder beliebige Wert)  Longitud de cut-off:   \u03bbc : 0.08 mm; 0.25 mm; 0.8 mm; 2.5 mm; 8 mm  \u03bbs : 2.5 \u00b5m; 8 \u00b5m; 25 \u00b5m    Impresora: Impresora T\u00e9rmica  Tolerancia: L\u00edmite superior\/inferior con color  Interfaz: USB, Digimatic, RS-232C, Foot switch  Fuente de alimentaci\u00f3n: Via AC adapter, rechargeable battery  Funciones: Surftest SJ-412  Desplazamiento : 50 mm  Rectitud de desplazamiento : 0.5 \u00b5m \/ 50 mm","og_url":"https:\/\/techmasterdemexico.com\/producto\/surftest-sj-412-mm-r5\u00b5m-4mn-x50mm\/","og_site_name":"Techmaster de Mexico","article_modified_time":"2022-05-12T04:20:10+00:00","og_image":[{"width":600,"height":600,"url":"https:\/\/techmasterdemexico.com\/wp-content\/uploads\/2021\/10\/sj-410_jpg.jpg","type":"image\/jpeg"}],"twitter_card":"summary_large_image","twitter_misc":{"Est. reading time":"1 minute"},"schema":{"@context":"https:\/\/schema.org","@graph":[{"@type":"WebPage","@id":"https:\/\/techmasterdemexico.com\/producto\/surftest-sj-412-mm-r5%c2%b5m-4mn-x50mm\/","url":"https:\/\/techmasterdemexico.com\/producto\/surftest-sj-412-mm-r5%c2%b5m-4mn-x50mm\/","name":"Surftest SJ-412 [mm], \"R5\u00b5m; 4mN; X=50mm\" - Techmaster de Mexico","isPartOf":{"@id":"https:\/\/techmasterdemexico.com\/#website"},"primaryImageOfPage":{"@id":"https:\/\/techmasterdemexico.com\/producto\/surftest-sj-412-mm-r5%c2%b5m-4mn-x50mm\/#primaryimage"},"image":{"@id":"https:\/\/techmasterdemexico.com\/producto\/surftest-sj-412-mm-r5%c2%b5m-4mn-x50mm\/#primaryimage"},"thumbnailUrl":"https:\/\/techmasterdemexico.com\/wp-content\/uploads\/2021\/10\/sj-410_jpg.jpg","datePublished":"2021-10-28T17:47:27+00:00","dateModified":"2022-05-12T04:20:10+00:00","breadcrumb":{"@id":"https:\/\/techmasterdemexico.com\/producto\/surftest-sj-412-mm-r5%c2%b5m-4mn-x50mm\/#breadcrumb"},"inLanguage":"en-US","potentialAction":[{"@type":"ReadAction","target":["https:\/\/techmasterdemexico.com\/producto\/surftest-sj-412-mm-r5%c2%b5m-4mn-x50mm\/"]}]},{"@type":"ImageObject","inLanguage":"en-US","@id":"https:\/\/techmasterdemexico.com\/producto\/surftest-sj-412-mm-r5%c2%b5m-4mn-x50mm\/#primaryimage","url":"https:\/\/techmasterdemexico.com\/wp-content\/uploads\/2021\/10\/sj-410_jpg.jpg","contentUrl":"https:\/\/techmasterdemexico.com\/wp-content\/uploads\/2021\/10\/sj-410_jpg.jpg","width":600,"height":600},{"@type":"BreadcrumbList","@id":"https:\/\/techmasterdemexico.com\/producto\/surftest-sj-412-mm-r5%c2%b5m-4mn-x50mm\/#breadcrumb","itemListElement":[{"@type":"ListItem","position":1,"name":"Portada","item":"https:\/\/techmasterdemexico.com\/"},{"@type":"ListItem","position":2,"name":"Surftest SJ-412 [mm], \u00abR5\u00b5m; 4mN; X=50mm\u00bb"}]},{"@type":"WebSite","@id":"https:\/\/techmasterdemexico.com\/#website","url":"https:\/\/techmasterdemexico.com\/","name":"Techmaster de Mexico","description":"","potentialAction":[{"@type":"SearchAction","target":{"@type":"EntryPoint","urlTemplate":"https:\/\/techmasterdemexico.com\/?s={search_term_string}"},"query-input":{"@type":"PropertyValueSpecification","valueRequired":true,"valueName":"search_term_string"}}],"inLanguage":"en-US"}]}},"brands":[{"id":39,"name":"Mitutoyo","slug":"mitutoyo"}],"_links":{"self":[{"href":"https:\/\/techmasterdemexico.com\/en\/wp-json\/wp\/v2\/product\/10813","targetHints":{"allow":["GET"]}}],"collection":[{"href":"https:\/\/techmasterdemexico.com\/en\/wp-json\/wp\/v2\/product"}],"about":[{"href":"https:\/\/techmasterdemexico.com\/en\/wp-json\/wp\/v2\/types\/product"}],"wp:featuredmedia":[{"embeddable":true,"href":"https:\/\/techmasterdemexico.com\/en\/wp-json\/wp\/v2\/media\/11273"}],"wp:attachment":[{"href":"https:\/\/techmasterdemexico.com\/en\/wp-json\/wp\/v2\/media?parent=10813"}],"wp:term":[{"taxonomy":"pwb-brand","embeddable":true,"href":"https:\/\/techmasterdemexico.com\/en\/wp-json\/wp\/v2\/pwb-brand?post=10813"},{"taxonomy":"product_brand","embeddable":true,"href":"https:\/\/techmasterdemexico.com\/en\/wp-json\/wp\/v2\/product_brand?post=10813"},{"taxonomy":"product_cat","embeddable":true,"href":"https:\/\/techmasterdemexico.com\/en\/wp-json\/wp\/v2\/product_cat?post=10813"},{"taxonomy":"product_tag","embeddable":true,"href":"https:\/\/techmasterdemexico.com\/en\/wp-json\/wp\/v2\/product_tag?post=10813"}],"curies":[{"name":"wp","href":"https:\/\/api.w.org\/{rel}","templated":true}]}}