{"id":10810,"date":"2021-10-28T17:47:26","date_gmt":"2021-10-28T17:47:26","guid":{"rendered":"https:\/\/techmastermx.ddns.net\/producto\/surftest-sj-310r-mm-r2%c2%b5m-075mn-retract-drive\/"},"modified":"2022-05-12T04:20:11","modified_gmt":"2022-05-12T04:20:11","slug":"surftest-sj-310r-mm-r2%c2%b5m-075mn-retract-drive","status":"publish","type":"product","link":"https:\/\/techmasterdemexico.com\/en\/producto\/surftest-sj-310r-mm-r2%c2%b5m-075mn-retract-drive\/","title":{"rendered":"Surftest SJ-310R [mm], &#8220;R2\u00b5m; 0,75mN; Retract-Drive&#8221;"},"content":{"rendered":"<p>Surftest SJ-310R [mm]<br \/>\n&#8220;R2\u00b5m; 0,75mN; Retract-Drive&#8221;<br \/>\nN\u00famero de art\u00edculo: 178-572-11D<\/p>\n<p>&nbsp;<\/p>\n<p>Este es un instrumento de medici\u00f3n port\u00e1til que le permite medir de manera f\u00e1cil y exacta la rugosidad de la superficie.<\/p>\n<p>&nbsp;<\/p>\n<p>El Surftest SJ-310 le ofrece los siguientes beneficios:<\/p>\n<ul>\n<li>Sistema antideslizante con funcionalidad de pantalla tactil e impresora incorporada.<\/li>\n<li>Funciona independientemente de la red electrica, lo que le permite realizar mediciones en l\u00ednea de producci\u00f3n<\/li>\n<li>Navegacion por menu facil e intuitiva.<\/li>\n<li>La gran pantalla LCD a color de 14,5 cm [5,7 &#8220;] le ofrece una gran visibilidad.<\/li>\n<li>Realiza analisis de rugosidad de acuerdo con varias normas internacionales (EN ISO, VDA, ANSI,JIS) y configuraciones personalizadas.<\/li>\n<li>Puede almacenar hasta 10 condiciones de medicion diferentes dentro del SJ-310 y hasta 500 con una tarjeta SD opcional.<\/li>\n<li>Analisis estadistico y criterio de tolerancia de color.<\/li>\n<li>2 condiciones de evaluacion diferentes dentro de 1 medida ajustable.<\/li>\n<li>Puede proteger por contrase\u00f1a varias funciones por separado.<\/li>\n<li>Soporta hasta 16 idiomas.<\/li>\n<\/ul>\n","protected":false},"excerpt":{"rendered":"<ul>\n<li>Presi\u00f3n de medida (detector):<br \/>\n0.75 mN<\/li>\n<li>Angulo de punta:<br \/>\n60\u00b0<\/li>\n<li>Radio punta:<br \/>\n2 \u00b5m<\/li>\n<li>Peso :<br \/>\n1.7 kg<\/li>\n<li>Longitud del cable:<br \/>\n1 m<\/li>\n<li>Metodo de medici\u00f3n (sonda est\u00e1ndar):<br \/>\nInduction method<\/li>\n<li>Palpador (sonda est\u00e1ndar):<br \/>\nPunta de Diamante<\/li>\n<li>Radio de pat\u00edn:<br \/>\n40 mm<\/li>\n<li>Fuerza de medici\u00f3n Mn:<br \/>\n0.75 mN<\/li>\n<li>Interfaz:<br \/>\nRS-232 C interface for input\/output,DIGIMATIC output,Compact flash card<\/li>\n<li>Perfiles:<br \/>\nPrimary Profile (P), Roughness Profile (R), DIN 4776, MOTIF<\/li>\n<li>Visualizador de rangos:\n<ul>\n<li>Ra, Rq: 0.01 \u00b5m &#8211; 100 \u00b5m<\/li>\n<li>Ry, Rz, Rt, Rv, R3z, Rk, Rpk, Rvk, R,<\/li>\n<li>Rp, Rx, AR, W,<\/li>\n<li>Wx, Wte: 0.02 \u00b5m &#8211; 350 \u00b5m<\/li>\n<li>S, Sm: 2 \u00b5m &#8211; 4000 \u00b5m<\/li>\n<li>HSC, Pc: 2.5\/cm &#8211; 5000\/cm;<\/li>\n<li>Ppi: 6.35 &#8211; 12700\/inch<\/li>\n<li>dc: &#8211; 350 \u00b5m &#8211; + 350 \u00b5m<\/li>\n<li>Lo: 0.1 mm &#8211; 99999 mm<\/li>\n<li>mr, Mr 1, Mr 2: 0 &#8211; 100 %<\/li>\n<li>A1, A2: 0 &#8211; 15000<\/li>\n<\/ul>\n<\/li>\n<li>Normas de rugosidad:<br \/>\nDIN, ISO, ANSI, JIS<\/li>\n<li>Longitud de medici\u00f3n (L):<br \/>\n0.08 mm, 0.25 mm, 0.8 mm, 2.5 mm, 8 mm or input<\/li>\n<li>Longitud de ejemplo:<br \/>\nx\u20051, x\u20053, x\u20055, x\u2005L<\/li>\n<li>Filtro digital:<br \/>\n2RC-75%, 2RC-75% (phase corrected), Gauss -50%<\/li>\n<li>Longitud de cut-off:<br \/>\nlc: 0.08 mm, 0.25 mm, 0.8 mm, 2.5 mm, 8 mm, ls: 2.5 \u00b5m, 8 \u00b5m, 25 \u00b5m<\/li>\n<li>Impresora:<br \/>\nImpresora T\u00e9rmica (ancho de impresi\u00f3n: 48mm)<\/li>\n<li>Estad\u00edstica:<br \/>\nMax\/Min,Average value, Standard deviation (s), Pass Ratio, Frequency Distribution Table<\/li>\n<li>Valoraci\u00f3n de tolerancia:<br \/>\nUpper\/lower limit values for three parameters<\/li>\n<li>Auto-sleep:<br \/>\nAutomatic after 5 minutes<\/li>\n<li>pulgadas-m\u00e9trico:<br \/>\nM\u00e9trico<\/li>\n<\/ul>\n","protected":false},"featured_media":11279,"template":"","meta":{"_acf_changed":false},"pwb-brand":[39],"product_brand":[],"product_cat":[366,38,326,330],"product_tag":[],"class_list":{"0":"post-10810","1":"product","2":"type-product","3":"status-publish","4":"has-post-thumbnail","6":"pwb-brand-mitutoyo","7":"product_cat-todos-los-productos","8":"product_cat-mitutoyo","9":"product_cat-sistemas-de-medicion-de-forma","10":"product_cat-sistemas-de-medicion-de-rugosidad-superficial","12":"first","13":"instock","14":"taxable","15":"shipping-taxable","16":"product-type-simple"},"acf":[],"yoast_head":"<!-- This site is optimized with the Yoast SEO plugin v27.5 - https:\/\/yoast.com\/product\/yoast-seo-wordpress\/ -->\n<title>Surftest SJ-310R [mm], &quot;R2\u00b5m; 0,75mN; Retract-Drive&quot; - Techmaster de Mexico<\/title>\n<meta name=\"robots\" content=\"index, follow, max-snippet:-1, max-image-preview:large, max-video-preview:-1\" \/>\n<link rel=\"canonical\" href=\"https:\/\/techmasterdemexico.com\/producto\/surftest-sj-310r-mm-r2\u00b5m-075mn-retract-drive\/\" \/>\n<meta property=\"og:locale\" content=\"en_US\" \/>\n<meta property=\"og:type\" content=\"article\" \/>\n<meta property=\"og:title\" content=\"Surftest SJ-310R [mm], &quot;R2\u00b5m; 0,75mN; Retract-Drive&quot; - Techmaster de Mexico\" \/>\n<meta property=\"og:description\" content=\"Presi\u00f3n de medida (detector): 0.75 mN  Angulo de punta: 60\u00b0  Radio punta: 2 \u00b5m  Peso : 1.7 kg  Longitud del cable: 1 m  Metodo de medici\u00f3n (sonda est\u00e1ndar): Induction method  Palpador (sonda est\u00e1ndar): Punta de Diamante  Radio de pat\u00edn: 40 mm  Fuerza de medici\u00f3n Mn: 0.75 mN  Interfaz: RS-232 C interface for input\/output,DIGIMATIC output,Compact flash card  Perfiles: Primary Profile (P), Roughness Profile (R), DIN 4776, MOTIF  Visualizador de rangos:   Ra, Rq: 0.01 \u00b5m - 100 \u00b5m  Ry, Rz, Rt, Rv, R3z, Rk, Rpk, Rvk, R,  Rp, Rx, AR, W,  Wx, Wte: 0.02 \u00b5m - 350 \u00b5m  S, Sm: 2 \u00b5m - 4000 \u00b5m  HSC, Pc: 2.5\/cm - 5000\/cm;  Ppi: 6.35 - 12700\/inch  dc: - 350 \u00b5m - + 350 \u00b5m  Lo: 0.1 mm - 99999 mm  mr, Mr 1, Mr 2: 0 - 100 %  A1, A2: 0 - 15000    Normas de rugosidad: DIN, ISO, ANSI, JIS  Longitud de medici\u00f3n (L): 0.08 mm, 0.25 mm, 0.8 mm, 2.5 mm, 8 mm or input  Longitud de ejemplo: x\u20051, x\u20053, x\u20055, x\u2005L  Filtro digital: 2RC-75%, 2RC-75% (phase corrected), Gauss -50%  Longitud de cut-off: lc: 0.08 mm, 0.25 mm, 0.8 mm, 2.5 mm, 8 mm, ls: 2.5 \u00b5m, 8 \u00b5m, 25 \u00b5m  Impresora: Impresora T\u00e9rmica (ancho de impresi\u00f3n: 48mm)  Estad\u00edstica: Max\/Min,Average value, Standard deviation (s), Pass Ratio, Frequency Distribution Table  Valoraci\u00f3n de tolerancia: Upper\/lower limit values for three parameters  Auto-sleep: Automatic after 5 minutes  pulgadas-m\u00e9trico: M\u00e9trico\" \/>\n<meta property=\"og:url\" content=\"https:\/\/techmasterdemexico.com\/producto\/surftest-sj-310r-mm-r2\u00b5m-075mn-retract-drive\/\" \/>\n<meta property=\"og:site_name\" content=\"Techmaster de Mexico\" \/>\n<meta property=\"article:modified_time\" content=\"2022-05-12T04:20:11+00:00\" \/>\n<meta property=\"og:image\" content=\"https:\/\/techmasterdemexico.com\/wp-content\/uploads\/2021\/10\/sj-310_jpg.jpg\" \/>\n\t<meta property=\"og:image:width\" content=\"600\" \/>\n\t<meta property=\"og:image:height\" content=\"600\" \/>\n\t<meta property=\"og:image:type\" content=\"image\/jpeg\" \/>\n<meta name=\"twitter:card\" content=\"summary_large_image\" \/>\n<meta name=\"twitter:label1\" content=\"Est. reading time\" \/>\n\t<meta name=\"twitter:data1\" content=\"1 minute\" \/>\n<script type=\"application\/ld+json\" class=\"yoast-schema-graph\">{\"@context\":\"https:\\\/\\\/schema.org\",\"@graph\":[{\"@type\":\"WebPage\",\"@id\":\"https:\\\/\\\/techmasterdemexico.com\\\/producto\\\/surftest-sj-310r-mm-r2%c2%b5m-075mn-retract-drive\\\/\",\"url\":\"https:\\\/\\\/techmasterdemexico.com\\\/producto\\\/surftest-sj-310r-mm-r2%c2%b5m-075mn-retract-drive\\\/\",\"name\":\"Surftest SJ-310R [mm], \\\"R2\u00b5m; 0,75mN; Retract-Drive\\\" - Techmaster de Mexico\",\"isPartOf\":{\"@id\":\"https:\\\/\\\/techmasterdemexico.com\\\/#website\"},\"primaryImageOfPage\":{\"@id\":\"https:\\\/\\\/techmasterdemexico.com\\\/producto\\\/surftest-sj-310r-mm-r2%c2%b5m-075mn-retract-drive\\\/#primaryimage\"},\"image\":{\"@id\":\"https:\\\/\\\/techmasterdemexico.com\\\/producto\\\/surftest-sj-310r-mm-r2%c2%b5m-075mn-retract-drive\\\/#primaryimage\"},\"thumbnailUrl\":\"https:\\\/\\\/techmasterdemexico.com\\\/wp-content\\\/uploads\\\/2021\\\/10\\\/sj-310_jpg.jpg\",\"datePublished\":\"2021-10-28T17:47:26+00:00\",\"dateModified\":\"2022-05-12T04:20:11+00:00\",\"breadcrumb\":{\"@id\":\"https:\\\/\\\/techmasterdemexico.com\\\/producto\\\/surftest-sj-310r-mm-r2%c2%b5m-075mn-retract-drive\\\/#breadcrumb\"},\"inLanguage\":\"en-US\",\"potentialAction\":[{\"@type\":\"ReadAction\",\"target\":[\"https:\\\/\\\/techmasterdemexico.com\\\/producto\\\/surftest-sj-310r-mm-r2%c2%b5m-075mn-retract-drive\\\/\"]}]},{\"@type\":\"ImageObject\",\"inLanguage\":\"en-US\",\"@id\":\"https:\\\/\\\/techmasterdemexico.com\\\/producto\\\/surftest-sj-310r-mm-r2%c2%b5m-075mn-retract-drive\\\/#primaryimage\",\"url\":\"https:\\\/\\\/techmasterdemexico.com\\\/wp-content\\\/uploads\\\/2021\\\/10\\\/sj-310_jpg.jpg\",\"contentUrl\":\"https:\\\/\\\/techmasterdemexico.com\\\/wp-content\\\/uploads\\\/2021\\\/10\\\/sj-310_jpg.jpg\",\"width\":600,\"height\":600},{\"@type\":\"BreadcrumbList\",\"@id\":\"https:\\\/\\\/techmasterdemexico.com\\\/producto\\\/surftest-sj-310r-mm-r2%c2%b5m-075mn-retract-drive\\\/#breadcrumb\",\"itemListElement\":[{\"@type\":\"ListItem\",\"position\":1,\"name\":\"Portada\",\"item\":\"https:\\\/\\\/techmasterdemexico.com\\\/\"},{\"@type\":\"ListItem\",\"position\":2,\"name\":\"Surftest SJ-310R [mm], \u00abR2\u00b5m; 0,75mN; Retract-Drive\u00bb\"}]},{\"@type\":\"WebSite\",\"@id\":\"https:\\\/\\\/techmasterdemexico.com\\\/#website\",\"url\":\"https:\\\/\\\/techmasterdemexico.com\\\/\",\"name\":\"Techmaster de Mexico\",\"description\":\"\",\"potentialAction\":[{\"@type\":\"SearchAction\",\"target\":{\"@type\":\"EntryPoint\",\"urlTemplate\":\"https:\\\/\\\/techmasterdemexico.com\\\/?s={search_term_string}\"},\"query-input\":{\"@type\":\"PropertyValueSpecification\",\"valueRequired\":true,\"valueName\":\"search_term_string\"}}],\"inLanguage\":\"en-US\"}]}<\/script>\n<!-- \/ Yoast SEO plugin. -->","yoast_head_json":{"title":"Surftest SJ-310R [mm], \"R2\u00b5m; 0,75mN; Retract-Drive\" - Techmaster de Mexico","robots":{"index":"index","follow":"follow","max-snippet":"max-snippet:-1","max-image-preview":"max-image-preview:large","max-video-preview":"max-video-preview:-1"},"canonical":"https:\/\/techmasterdemexico.com\/producto\/surftest-sj-310r-mm-r2\u00b5m-075mn-retract-drive\/","og_locale":"en_US","og_type":"article","og_title":"Surftest SJ-310R [mm], \"R2\u00b5m; 0,75mN; Retract-Drive\" - Techmaster de Mexico","og_description":"Presi\u00f3n de medida (detector): 0.75 mN  Angulo de punta: 60\u00b0  Radio punta: 2 \u00b5m  Peso : 1.7 kg  Longitud del cable: 1 m  Metodo de medici\u00f3n (sonda est\u00e1ndar): Induction method  Palpador (sonda est\u00e1ndar): Punta de Diamante  Radio de pat\u00edn: 40 mm  Fuerza de medici\u00f3n Mn: 0.75 mN  Interfaz: RS-232 C interface for input\/output,DIGIMATIC output,Compact flash card  Perfiles: Primary Profile (P), Roughness Profile (R), DIN 4776, MOTIF  Visualizador de rangos:   Ra, Rq: 0.01 \u00b5m - 100 \u00b5m  Ry, Rz, Rt, Rv, R3z, Rk, Rpk, Rvk, R,  Rp, Rx, AR, W,  Wx, Wte: 0.02 \u00b5m - 350 \u00b5m  S, Sm: 2 \u00b5m - 4000 \u00b5m  HSC, Pc: 2.5\/cm - 5000\/cm;  Ppi: 6.35 - 12700\/inch  dc: - 350 \u00b5m - + 350 \u00b5m  Lo: 0.1 mm - 99999 mm  mr, Mr 1, Mr 2: 0 - 100 %  A1, A2: 0 - 15000    Normas de rugosidad: DIN, ISO, ANSI, JIS  Longitud de medici\u00f3n (L): 0.08 mm, 0.25 mm, 0.8 mm, 2.5 mm, 8 mm or input  Longitud de ejemplo: x\u20051, x\u20053, x\u20055, x\u2005L  Filtro digital: 2RC-75%, 2RC-75% (phase corrected), Gauss -50%  Longitud de cut-off: lc: 0.08 mm, 0.25 mm, 0.8 mm, 2.5 mm, 8 mm, ls: 2.5 \u00b5m, 8 \u00b5m, 25 \u00b5m  Impresora: Impresora T\u00e9rmica (ancho de impresi\u00f3n: 48mm)  Estad\u00edstica: Max\/Min,Average value, Standard deviation (s), Pass Ratio, Frequency Distribution Table  Valoraci\u00f3n de tolerancia: Upper\/lower limit values for three parameters  Auto-sleep: Automatic after 5 minutes  pulgadas-m\u00e9trico: M\u00e9trico","og_url":"https:\/\/techmasterdemexico.com\/producto\/surftest-sj-310r-mm-r2\u00b5m-075mn-retract-drive\/","og_site_name":"Techmaster de Mexico","article_modified_time":"2022-05-12T04:20:11+00:00","og_image":[{"width":600,"height":600,"url":"https:\/\/techmasterdemexico.com\/wp-content\/uploads\/2021\/10\/sj-310_jpg.jpg","type":"image\/jpeg"}],"twitter_card":"summary_large_image","twitter_misc":{"Est. reading time":"1 minute"},"schema":{"@context":"https:\/\/schema.org","@graph":[{"@type":"WebPage","@id":"https:\/\/techmasterdemexico.com\/producto\/surftest-sj-310r-mm-r2%c2%b5m-075mn-retract-drive\/","url":"https:\/\/techmasterdemexico.com\/producto\/surftest-sj-310r-mm-r2%c2%b5m-075mn-retract-drive\/","name":"Surftest SJ-310R [mm], \"R2\u00b5m; 0,75mN; Retract-Drive\" - Techmaster de Mexico","isPartOf":{"@id":"https:\/\/techmasterdemexico.com\/#website"},"primaryImageOfPage":{"@id":"https:\/\/techmasterdemexico.com\/producto\/surftest-sj-310r-mm-r2%c2%b5m-075mn-retract-drive\/#primaryimage"},"image":{"@id":"https:\/\/techmasterdemexico.com\/producto\/surftest-sj-310r-mm-r2%c2%b5m-075mn-retract-drive\/#primaryimage"},"thumbnailUrl":"https:\/\/techmasterdemexico.com\/wp-content\/uploads\/2021\/10\/sj-310_jpg.jpg","datePublished":"2021-10-28T17:47:26+00:00","dateModified":"2022-05-12T04:20:11+00:00","breadcrumb":{"@id":"https:\/\/techmasterdemexico.com\/producto\/surftest-sj-310r-mm-r2%c2%b5m-075mn-retract-drive\/#breadcrumb"},"inLanguage":"en-US","potentialAction":[{"@type":"ReadAction","target":["https:\/\/techmasterdemexico.com\/producto\/surftest-sj-310r-mm-r2%c2%b5m-075mn-retract-drive\/"]}]},{"@type":"ImageObject","inLanguage":"en-US","@id":"https:\/\/techmasterdemexico.com\/producto\/surftest-sj-310r-mm-r2%c2%b5m-075mn-retract-drive\/#primaryimage","url":"https:\/\/techmasterdemexico.com\/wp-content\/uploads\/2021\/10\/sj-310_jpg.jpg","contentUrl":"https:\/\/techmasterdemexico.com\/wp-content\/uploads\/2021\/10\/sj-310_jpg.jpg","width":600,"height":600},{"@type":"BreadcrumbList","@id":"https:\/\/techmasterdemexico.com\/producto\/surftest-sj-310r-mm-r2%c2%b5m-075mn-retract-drive\/#breadcrumb","itemListElement":[{"@type":"ListItem","position":1,"name":"Portada","item":"https:\/\/techmasterdemexico.com\/"},{"@type":"ListItem","position":2,"name":"Surftest SJ-310R [mm], \u00abR2\u00b5m; 0,75mN; Retract-Drive\u00bb"}]},{"@type":"WebSite","@id":"https:\/\/techmasterdemexico.com\/#website","url":"https:\/\/techmasterdemexico.com\/","name":"Techmaster de Mexico","description":"","potentialAction":[{"@type":"SearchAction","target":{"@type":"EntryPoint","urlTemplate":"https:\/\/techmasterdemexico.com\/?s={search_term_string}"},"query-input":{"@type":"PropertyValueSpecification","valueRequired":true,"valueName":"search_term_string"}}],"inLanguage":"en-US"}]}},"brands":[{"id":39,"name":"Mitutoyo","slug":"mitutoyo"}],"_links":{"self":[{"href":"https:\/\/techmasterdemexico.com\/en\/wp-json\/wp\/v2\/product\/10810","targetHints":{"allow":["GET"]}}],"collection":[{"href":"https:\/\/techmasterdemexico.com\/en\/wp-json\/wp\/v2\/product"}],"about":[{"href":"https:\/\/techmasterdemexico.com\/en\/wp-json\/wp\/v2\/types\/product"}],"wp:featuredmedia":[{"embeddable":true,"href":"https:\/\/techmasterdemexico.com\/en\/wp-json\/wp\/v2\/media\/11279"}],"wp:attachment":[{"href":"https:\/\/techmasterdemexico.com\/en\/wp-json\/wp\/v2\/media?parent=10810"}],"wp:term":[{"taxonomy":"pwb-brand","embeddable":true,"href":"https:\/\/techmasterdemexico.com\/en\/wp-json\/wp\/v2\/pwb-brand?post=10810"},{"taxonomy":"product_brand","embeddable":true,"href":"https:\/\/techmasterdemexico.com\/en\/wp-json\/wp\/v2\/product_brand?post=10810"},{"taxonomy":"product_cat","embeddable":true,"href":"https:\/\/techmasterdemexico.com\/en\/wp-json\/wp\/v2\/product_cat?post=10810"},{"taxonomy":"product_tag","embeddable":true,"href":"https:\/\/techmasterdemexico.com\/en\/wp-json\/wp\/v2\/product_tag?post=10810"}],"curies":[{"name":"wp","href":"https:\/\/api.w.org\/{rel}","templated":true}]}}