{"id":10808,"date":"2021-10-28T17:47:25","date_gmt":"2021-10-28T17:47:25","guid":{"rendered":"https:\/\/techmastermx.ddns.net\/producto\/surftest-sj-210-mm-r2%c2%b5m-075mn\/"},"modified":"2025-09-10T14:04:38","modified_gmt":"2025-09-10T21:04:38","slug":"surftest-sj-210-mm-r2%c2%b5m-075mn","status":"publish","type":"product","link":"https:\/\/techmasterdemexico.com\/en\/producto\/surftest-sj-210-mm-r2%c2%b5m-075mn\/","title":{"rendered":"Surftest SJ-210 [mm], \u00abR2\u00b5m; 0,75mN\u00bb"},"content":{"rendered":"<p><span style=\"color: red;\">Producto descontinuado.<\/span><br \/>\nConoce la nueva versi\u00f3n:<a href=\"https:\/\/techmasterdemexico.com\/producto\/surftest-sj-200-rugosimetro-portatil\/\">SJ-220<\/a><\/p>\n<p>&nbsp;<\/p>\n<p>Surftest SJ-210 [mm]<br \/>\n&#8220;R2\u00b5m; 0,75mN&#8221;<br \/>\nN\u00famero de art\u00edculo: 178-560-11D<\/p>\n<p>&nbsp;<\/p>\n<p>Este es un rugos\u00edmetro port\u00e1til que le permite medir de manera f\u00e1cil y exacta la rugosidad.<\/p>\n<p>&nbsp;<\/p>\n<p>El Surftest SJ-210 le ofrece los siguientes beneficios:<\/p>\n<ul>\n<li>Su sistema de deslizamiento le ofrece un men\u00fa de navegaci\u00f3n amigable e intuitivo.<\/li>\n<li>Funciona independientemente de la red el\u00e9ctrica, lo que le permite realizar mediciones en sitio.<\/li>\n<li>La pantalla LCD a color de 6.0 cm [2.4 &#8220;] le brinda una excelente legibilidad.<\/li>\n<li>Realiza an\u00e1lisis de rugosidad conforme a varios est\u00e1ndares internacionales (EN ISO, VDA, ANSI, JIS) y configuraciones personalizadas.<\/li>\n<li>Diferentes controladores que ampl\u00edan la gama de aplicaciones.<\/li>\n<li>Se pueden mostrar los resultados del c\u00e1lculo, los perfiles evaluados, las curvas y amplitud directamente en el display.<\/li>\n<li>Permite seleccionar entre 21 idiomas.<\/li>\n<li>Operaci\u00f3n por botones en el frente y debajo de su cubierta deslizante.<\/li>\n<\/ul>\n","protected":false},"excerpt":{"rendered":"<ul>\n<li>Presi\u00f3n de medida (detector):<br \/>\n0.75 mN<\/li>\n<li>Angulo de punta:<br \/>\n60\u00b0<\/li>\n<li>Radio punta:<br \/>\n2 \u00b5m<\/li>\n<li>Peso :<br \/>\n500 g<\/li>\n<li>Intervalo de Medici\u00f3n: 16 mm 4,8 mm (Versi\u00f3n S)<\/li>\n<li>Transversal: 17.5 mm, 5.6 mm [S-type]<\/li>\n<li>Velocidad de medici\u00f3n:<br \/>\n0.25 mm\/s; 0.5 mm\/s;<br \/>\n0.75 mm\/s<\/li>\n<li>Longitud del cable:<br \/>\n1 m<\/li>\n<li>Metodo de medici\u00f3n (sonda est\u00e1ndar):<br \/>\nDifferential inductance<\/li>\n<li>Rango :<br \/>\n360 \u00b5m<\/li>\n<li>Palpador (sonda est\u00e1ndar):<br \/>\nPunta de diamante<\/li>\n<li>Radio de pat\u00edn:<br \/>\n40 mm<\/li>\n<li>Perfiles:<br \/>\nRoughness Profile (R), R-Motif,<br \/>\nDF-Profile and more<\/li>\n<li>Normas de rugosidad:<br \/>\nEN ISO, VDA, JIS, ANSI and customize settings<\/li>\n<li>Longitud de ejemplo:<br \/>\nx\u20051, x\u20053, x\u20055, x\u2005L<\/li>\n<li>Filtro digital:<br \/>\nGauss, 2CR75, PC75<\/li>\n<li>Longitud de cut-off:\n<ul>\n<li>\u03bbc : 0.08 mm; 0.25 mm;<br \/>\n0.8 mm; 2.5 mm<\/li>\n<li>\u03bbs : 2.5 \u00b5m; 8 \u00b5m<\/li>\n<\/ul>\n<\/li>\n<li>Valoraci\u00f3n de tolerancia:<br \/>\nColoured upper \/ lower limit<\/li>\n<li>Fuente de alimentaci\u00f3n:<br \/>\nVia AC adapter (DC 7.5 V 1.5 W) built-in or rechargeable battery<\/li>\n<li>Funciones:<br \/>\nSwitchable between 16 languages: Japanese, English, German, French, Italian, Spanish, Portuguese, Czech, Polish, Hungarian, Turkish, Swedish, Dutch, Korean, Traditional Chinese, Simplified Chinese<\/li>\n<li>Auto-sleep:<br \/>\nAutomatic after 30 seconds<\/li>\n<li>pulgadas-m\u00e9trico:<br \/>\nM\u00e9trico<\/li>\n<\/ul>\n","protected":false},"featured_media":11284,"template":"","meta":{"_acf_changed":false},"pwb-brand":[39],"product_brand":[],"product_cat":[366,38,326,330],"product_tag":[],"class_list":{"0":"post-10808","1":"product","2":"type-product","3":"status-publish","4":"has-post-thumbnail","6":"pwb-brand-mitutoyo","7":"product_cat-todos-los-productos","8":"product_cat-mitutoyo","9":"product_cat-sistemas-de-medicion-de-forma","10":"product_cat-sistemas-de-medicion-de-rugosidad-superficial","12":"first","13":"instock","14":"taxable","15":"shipping-taxable","16":"product-type-simple"},"acf":[],"yoast_head":"<!-- This site is optimized with the Yoast SEO plugin v27.4 - https:\/\/yoast.com\/product\/yoast-seo-wordpress\/ -->\n<title>Surftest SJ-210 [mm], \u00abR2\u00b5m; 0,75mN\u00bb - Techmaster de Mexico<\/title>\n<meta name=\"robots\" content=\"index, follow, max-snippet:-1, max-image-preview:large, max-video-preview:-1\" \/>\n<link rel=\"canonical\" href=\"https:\/\/techmasterdemexico.com\/producto\/surftest-sj-210-mm-r2\u00b5m-075mn\/\" \/>\n<meta property=\"og:locale\" content=\"en_US\" \/>\n<meta property=\"og:type\" content=\"article\" \/>\n<meta property=\"og:title\" content=\"Surftest SJ-210 [mm], \u00abR2\u00b5m; 0,75mN\u00bb - Techmaster de Mexico\" \/>\n<meta property=\"og:description\" content=\"Presi\u00f3n de medida (detector): 0.75 mN  Angulo de punta: 60\u00b0  Radio punta: 2 \u00b5m  Peso : 500 g  Intervalo de Medici\u00f3n: 16 mm 4,8 mm (Versi\u00f3n S)  Transversal: 17.5 mm, 5.6 mm [S-type]  Velocidad de medici\u00f3n: 0.25 mm\/s; 0.5 mm\/s; 0.75 mm\/s  Longitud del cable: 1 m  Metodo de medici\u00f3n (sonda est\u00e1ndar): Differential inductance  Rango : 360 \u00b5m  Palpador (sonda est\u00e1ndar): Punta de diamante  Radio de pat\u00edn: 40 mm  Perfiles: Roughness Profile (R), R-Motif, DF-Profile and more  Normas de rugosidad: EN ISO, VDA, JIS, ANSI and customize settings  Longitud de ejemplo: x\u20051, x\u20053, x\u20055, x\u2005L  Filtro digital: Gauss, 2CR75, PC75  Longitud de cut-off:   \u03bbc : 0.08 mm; 0.25 mm; 0.8 mm; 2.5 mm  \u03bbs : 2.5 \u00b5m; 8 \u00b5m    Valoraci\u00f3n de tolerancia: Coloured upper \/ lower limit  Fuente de alimentaci\u00f3n: Via AC adapter (DC 7.5 V 1.5 W) built-in or rechargeable battery  Funciones: Switchable between 16 languages: Japanese, English, German, French, Italian, Spanish, Portuguese, Czech, Polish, Hungarian, Turkish, Swedish, Dutch, Korean, Traditional Chinese, Simplified Chinese  Auto-sleep: Automatic after 30 seconds  pulgadas-m\u00e9trico: M\u00e9trico\" \/>\n<meta property=\"og:url\" content=\"https:\/\/techmasterdemexico.com\/producto\/surftest-sj-210-mm-r2\u00b5m-075mn\/\" \/>\n<meta property=\"og:site_name\" content=\"Techmaster de Mexico\" \/>\n<meta property=\"article:modified_time\" content=\"2025-09-10T21:04:38+00:00\" \/>\n<meta property=\"og:image\" content=\"https:\/\/techmasterdemexico.com\/wp-content\/uploads\/2021\/10\/sj210_jpg.jpg\" \/>\n\t<meta property=\"og:image:width\" content=\"600\" \/>\n\t<meta property=\"og:image:height\" content=\"600\" \/>\n\t<meta property=\"og:image:type\" content=\"image\/jpeg\" \/>\n<meta name=\"twitter:card\" content=\"summary_large_image\" \/>\n<meta name=\"twitter:label1\" content=\"Est. reading time\" \/>\n\t<meta name=\"twitter:data1\" content=\"1 minute\" \/>\n<script type=\"application\/ld+json\" class=\"yoast-schema-graph\">{\"@context\":\"https:\\\/\\\/schema.org\",\"@graph\":[{\"@type\":\"WebPage\",\"@id\":\"https:\\\/\\\/techmasterdemexico.com\\\/producto\\\/surftest-sj-210-mm-r2%c2%b5m-075mn\\\/\",\"url\":\"https:\\\/\\\/techmasterdemexico.com\\\/producto\\\/surftest-sj-210-mm-r2%c2%b5m-075mn\\\/\",\"name\":\"Surftest SJ-210 [mm], \u00abR2\u00b5m; 0,75mN\u00bb - Techmaster de Mexico\",\"isPartOf\":{\"@id\":\"https:\\\/\\\/techmasterdemexico.com\\\/#website\"},\"primaryImageOfPage\":{\"@id\":\"https:\\\/\\\/techmasterdemexico.com\\\/producto\\\/surftest-sj-210-mm-r2%c2%b5m-075mn\\\/#primaryimage\"},\"image\":{\"@id\":\"https:\\\/\\\/techmasterdemexico.com\\\/producto\\\/surftest-sj-210-mm-r2%c2%b5m-075mn\\\/#primaryimage\"},\"thumbnailUrl\":\"https:\\\/\\\/techmasterdemexico.com\\\/wp-content\\\/uploads\\\/2021\\\/10\\\/sj210_jpg.jpg\",\"datePublished\":\"2021-10-28T17:47:25+00:00\",\"dateModified\":\"2025-09-10T21:04:38+00:00\",\"breadcrumb\":{\"@id\":\"https:\\\/\\\/techmasterdemexico.com\\\/producto\\\/surftest-sj-210-mm-r2%c2%b5m-075mn\\\/#breadcrumb\"},\"inLanguage\":\"en-US\",\"potentialAction\":[{\"@type\":\"ReadAction\",\"target\":[\"https:\\\/\\\/techmasterdemexico.com\\\/producto\\\/surftest-sj-210-mm-r2%c2%b5m-075mn\\\/\"]}]},{\"@type\":\"ImageObject\",\"inLanguage\":\"en-US\",\"@id\":\"https:\\\/\\\/techmasterdemexico.com\\\/producto\\\/surftest-sj-210-mm-r2%c2%b5m-075mn\\\/#primaryimage\",\"url\":\"https:\\\/\\\/techmasterdemexico.com\\\/wp-content\\\/uploads\\\/2021\\\/10\\\/sj210_jpg.jpg\",\"contentUrl\":\"https:\\\/\\\/techmasterdemexico.com\\\/wp-content\\\/uploads\\\/2021\\\/10\\\/sj210_jpg.jpg\",\"width\":600,\"height\":600},{\"@type\":\"BreadcrumbList\",\"@id\":\"https:\\\/\\\/techmasterdemexico.com\\\/producto\\\/surftest-sj-210-mm-r2%c2%b5m-075mn\\\/#breadcrumb\",\"itemListElement\":[{\"@type\":\"ListItem\",\"position\":1,\"name\":\"Portada\",\"item\":\"https:\\\/\\\/techmasterdemexico.com\\\/\"},{\"@type\":\"ListItem\",\"position\":2,\"name\":\"Surftest SJ-210 [mm], \u00abR2\u00b5m; 0,75mN\u00bb\"}]},{\"@type\":\"WebSite\",\"@id\":\"https:\\\/\\\/techmasterdemexico.com\\\/#website\",\"url\":\"https:\\\/\\\/techmasterdemexico.com\\\/\",\"name\":\"Techmaster de Mexico\",\"description\":\"\",\"potentialAction\":[{\"@type\":\"SearchAction\",\"target\":{\"@type\":\"EntryPoint\",\"urlTemplate\":\"https:\\\/\\\/techmasterdemexico.com\\\/?s={search_term_string}\"},\"query-input\":{\"@type\":\"PropertyValueSpecification\",\"valueRequired\":true,\"valueName\":\"search_term_string\"}}],\"inLanguage\":\"en-US\"}]}<\/script>\n<!-- \/ Yoast SEO plugin. -->","yoast_head_json":{"title":"Surftest SJ-210 [mm], \u00abR2\u00b5m; 0,75mN\u00bb - Techmaster de Mexico","robots":{"index":"index","follow":"follow","max-snippet":"max-snippet:-1","max-image-preview":"max-image-preview:large","max-video-preview":"max-video-preview:-1"},"canonical":"https:\/\/techmasterdemexico.com\/producto\/surftest-sj-210-mm-r2\u00b5m-075mn\/","og_locale":"en_US","og_type":"article","og_title":"Surftest SJ-210 [mm], \u00abR2\u00b5m; 0,75mN\u00bb - Techmaster de Mexico","og_description":"Presi\u00f3n de medida (detector): 0.75 mN  Angulo de punta: 60\u00b0  Radio punta: 2 \u00b5m  Peso : 500 g  Intervalo de Medici\u00f3n: 16 mm 4,8 mm (Versi\u00f3n S)  Transversal: 17.5 mm, 5.6 mm [S-type]  Velocidad de medici\u00f3n: 0.25 mm\/s; 0.5 mm\/s; 0.75 mm\/s  Longitud del cable: 1 m  Metodo de medici\u00f3n (sonda est\u00e1ndar): Differential inductance  Rango : 360 \u00b5m  Palpador (sonda est\u00e1ndar): Punta de diamante  Radio de pat\u00edn: 40 mm  Perfiles: Roughness Profile (R), R-Motif, DF-Profile and more  Normas de rugosidad: EN ISO, VDA, JIS, ANSI and customize settings  Longitud de ejemplo: x\u20051, x\u20053, x\u20055, x\u2005L  Filtro digital: Gauss, 2CR75, PC75  Longitud de cut-off:   \u03bbc : 0.08 mm; 0.25 mm; 0.8 mm; 2.5 mm  \u03bbs : 2.5 \u00b5m; 8 \u00b5m    Valoraci\u00f3n de tolerancia: Coloured upper \/ lower limit  Fuente de alimentaci\u00f3n: Via AC adapter (DC 7.5 V 1.5 W) built-in or rechargeable battery  Funciones: Switchable between 16 languages: Japanese, English, German, French, Italian, Spanish, Portuguese, Czech, Polish, Hungarian, Turkish, Swedish, Dutch, Korean, Traditional Chinese, Simplified Chinese  Auto-sleep: Automatic after 30 seconds  pulgadas-m\u00e9trico: M\u00e9trico","og_url":"https:\/\/techmasterdemexico.com\/producto\/surftest-sj-210-mm-r2\u00b5m-075mn\/","og_site_name":"Techmaster de Mexico","article_modified_time":"2025-09-10T21:04:38+00:00","og_image":[{"width":600,"height":600,"url":"https:\/\/techmasterdemexico.com\/wp-content\/uploads\/2021\/10\/sj210_jpg.jpg","type":"image\/jpeg"}],"twitter_card":"summary_large_image","twitter_misc":{"Est. reading time":"1 minute"},"schema":{"@context":"https:\/\/schema.org","@graph":[{"@type":"WebPage","@id":"https:\/\/techmasterdemexico.com\/producto\/surftest-sj-210-mm-r2%c2%b5m-075mn\/","url":"https:\/\/techmasterdemexico.com\/producto\/surftest-sj-210-mm-r2%c2%b5m-075mn\/","name":"Surftest SJ-210 [mm], \u00abR2\u00b5m; 0,75mN\u00bb - Techmaster de Mexico","isPartOf":{"@id":"https:\/\/techmasterdemexico.com\/#website"},"primaryImageOfPage":{"@id":"https:\/\/techmasterdemexico.com\/producto\/surftest-sj-210-mm-r2%c2%b5m-075mn\/#primaryimage"},"image":{"@id":"https:\/\/techmasterdemexico.com\/producto\/surftest-sj-210-mm-r2%c2%b5m-075mn\/#primaryimage"},"thumbnailUrl":"https:\/\/techmasterdemexico.com\/wp-content\/uploads\/2021\/10\/sj210_jpg.jpg","datePublished":"2021-10-28T17:47:25+00:00","dateModified":"2025-09-10T21:04:38+00:00","breadcrumb":{"@id":"https:\/\/techmasterdemexico.com\/producto\/surftest-sj-210-mm-r2%c2%b5m-075mn\/#breadcrumb"},"inLanguage":"en-US","potentialAction":[{"@type":"ReadAction","target":["https:\/\/techmasterdemexico.com\/producto\/surftest-sj-210-mm-r2%c2%b5m-075mn\/"]}]},{"@type":"ImageObject","inLanguage":"en-US","@id":"https:\/\/techmasterdemexico.com\/producto\/surftest-sj-210-mm-r2%c2%b5m-075mn\/#primaryimage","url":"https:\/\/techmasterdemexico.com\/wp-content\/uploads\/2021\/10\/sj210_jpg.jpg","contentUrl":"https:\/\/techmasterdemexico.com\/wp-content\/uploads\/2021\/10\/sj210_jpg.jpg","width":600,"height":600},{"@type":"BreadcrumbList","@id":"https:\/\/techmasterdemexico.com\/producto\/surftest-sj-210-mm-r2%c2%b5m-075mn\/#breadcrumb","itemListElement":[{"@type":"ListItem","position":1,"name":"Portada","item":"https:\/\/techmasterdemexico.com\/"},{"@type":"ListItem","position":2,"name":"Surftest SJ-210 [mm], \u00abR2\u00b5m; 0,75mN\u00bb"}]},{"@type":"WebSite","@id":"https:\/\/techmasterdemexico.com\/#website","url":"https:\/\/techmasterdemexico.com\/","name":"Techmaster de Mexico","description":"","potentialAction":[{"@type":"SearchAction","target":{"@type":"EntryPoint","urlTemplate":"https:\/\/techmasterdemexico.com\/?s={search_term_string}"},"query-input":{"@type":"PropertyValueSpecification","valueRequired":true,"valueName":"search_term_string"}}],"inLanguage":"en-US"}]}},"brands":[{"id":39,"name":"Mitutoyo","slug":"mitutoyo"}],"_links":{"self":[{"href":"https:\/\/techmasterdemexico.com\/en\/wp-json\/wp\/v2\/product\/10808","targetHints":{"allow":["GET"]}}],"collection":[{"href":"https:\/\/techmasterdemexico.com\/en\/wp-json\/wp\/v2\/product"}],"about":[{"href":"https:\/\/techmasterdemexico.com\/en\/wp-json\/wp\/v2\/types\/product"}],"wp:featuredmedia":[{"embeddable":true,"href":"https:\/\/techmasterdemexico.com\/en\/wp-json\/wp\/v2\/media\/11284"}],"wp:attachment":[{"href":"https:\/\/techmasterdemexico.com\/en\/wp-json\/wp\/v2\/media?parent=10808"}],"wp:term":[{"taxonomy":"pwb-brand","embeddable":true,"href":"https:\/\/techmasterdemexico.com\/en\/wp-json\/wp\/v2\/pwb-brand?post=10808"},{"taxonomy":"product_brand","embeddable":true,"href":"https:\/\/techmasterdemexico.com\/en\/wp-json\/wp\/v2\/product_brand?post=10808"},{"taxonomy":"product_cat","embeddable":true,"href":"https:\/\/techmasterdemexico.com\/en\/wp-json\/wp\/v2\/product_cat?post=10808"},{"taxonomy":"product_tag","embeddable":true,"href":"https:\/\/techmasterdemexico.com\/en\/wp-json\/wp\/v2\/product_tag?post=10808"}],"curies":[{"name":"wp","href":"https:\/\/api.w.org\/{rel}","templated":true}]}}