{"id":10785,"date":"2021-10-28T17:47:08","date_gmt":"2021-10-28T17:47:08","guid":{"rendered":"https:\/\/techmastermx.ddns.net\/producto\/formtracer-avant-fta-s4-s3000-d-inch-x100mm-z2300mm-075mn-%ce%b1\/"},"modified":"2022-05-12T04:21:00","modified_gmt":"2022-05-12T04:21:00","slug":"formtracer-avant-fta-s4-s3000-d-inch-x100mm-z2300mm-075mn-%ce%b1","status":"publish","type":"product","link":"https:\/\/techmasterdemexico.com\/en\/producto\/formtracer-avant-fta-s4-s3000-d-inch-x100mm-z2300mm-075mn-%ce%b1\/","title":{"rendered":"Formtracer Avant FTA &#8211; S4 S3000-D [inch], X=100mm; Z2=300mm; 0,75mN; \u03b1"},"content":{"rendered":"<p>Formtracer Avant FTA &#8211; S4 S3000-D [inch]<br \/>\nX=100mm; Z2=300mm; 0,75mN; \u03b1<br \/>\nN\u00famero de art\u00edculo: 178-151-13<\/p>\n<p>&nbsp;<\/p>\n<p>El Formtracer Avant S3000-D es una m\u00e1quina de medici\u00f3n de rugosidad de \u00faltima generaci\u00f3n que cuenta con una operabilidad sobresaliente y amplia variedad de funciones de medici\u00f3n gracias a sus accesorios opcionales.<\/p>\n<p>&nbsp;<\/p>\n<p>Principales beneficios:<\/p>\n<ul>\n<li>F\u00e1cil de operar<\/li>\n<li>Detectores de rugosidad de alta exactitud<\/li>\n<li>Una amplia gama de accesorios opcionales que garantiza el acceso a funciones restringidas<\/li>\n<li>Joystick para posicionamiento r\u00e1pido y exacto de la m\u00e1quina.<\/li>\n<li>La mesa opcional 3D \/ eje Y con un rango de desplazamiento de 100 mm permite la medici\u00f3n de la rugosidad 3D<\/li>\n<li>La unidad DAT (opcional) puede inclinar la unidad de accionamiento del eje X para permitir que una pieza de trabajo se nivele y centre f\u00e1cilmente<\/li>\n<li>Accesorios motorizados opcionales<\/li>\n<li>Opciones deretrofit para integrar la medici\u00f3n de perfiles<\/li>\n<li>Inclinaci\u00f3n del eje X<\/li>\n<\/ul>\n","protected":false},"excerpt":{"rendered":"<ul>\n<li>Rango :<br \/>\n800 \u00b5m; 80 \u00b5m; 8 \u00b5m<br \/>\n(up to 2.4 mm with an optional stylus) \u00b5m<\/li>\n<li>Tama\u00f1o de la base de granito (unidad principal, AnchoxLargo):<br \/>\n600 x 450<\/li>\n<li>Presi\u00f3n de medida (detector):<br \/>\n0.75 mN<\/li>\n<li>Peso:<br \/>\n140 [kg]<\/li>\n<li>Transversal:<br \/>\n100 mm<\/li>\n<li>Velocidad de medici\u00f3n:<br \/>\n0.02 &#8211; 30 mm\/s<\/li>\n<li>Velocidad de movimiento:<br \/>\nX: 0 &#8211; 80 mm\/s; Z2: 0 &#8211; 40mm\/s<\/li>\n<li>Rectitud transversal:<br \/>\n(0,05+0,001L) \u00b5m<\/li>\n<li>Rango de inclinaci\u00f3n:<br \/>\n\u00b145\u00b0<\/li>\n<li>Perfiles:<br \/>\nPrimary Profile (P), Roughness Profile (R), Waviness (W), MOTIF (P, R, W) and more<\/li>\n<li>Software:<br \/>\nFORMTRACEPAK<\/p>\n<ul>\n<li>Permite el control de todos los ejes y la mesa giratoria para realizar una automatizaci\u00f3n eficiente de la medici\u00f3n.<\/li>\n<li>Realiza la evaluaci\u00f3n de rugosidad de la superficie y de la ondulaci\u00f3n.<\/li>\n<li>Este software es capaz de crear un certificado de inspecci\u00f3n original configurando el formato de impresi\u00f3n para satisfacer requisitos particulares.<\/li>\n<\/ul>\n<\/li>\n<li>pulgadas-m\u00e9trico:<br \/>\nPulgadas<\/li>\n<\/ul>\n","protected":false},"featured_media":11293,"template":"","meta":{"_acf_changed":false},"pwb-brand":[39],"product_brand":[],"product_cat":[366,38,326,330],"product_tag":[],"class_list":{"0":"post-10785","1":"product","2":"type-product","3":"status-publish","4":"has-post-thumbnail","6":"pwb-brand-mitutoyo","7":"product_cat-todos-los-productos","8":"product_cat-mitutoyo","9":"product_cat-sistemas-de-medicion-de-forma","10":"product_cat-sistemas-de-medicion-de-rugosidad-superficial","12":"first","13":"instock","14":"taxable","15":"shipping-taxable","16":"product-type-simple"},"acf":[],"yoast_head":"<!-- This site is optimized with the Yoast SEO plugin v27.2 - https:\/\/yoast.com\/product\/yoast-seo-wordpress\/ -->\n<title>Formtracer Avant FTA - S4 S3000-D [inch], X=100mm; Z2=300mm; 0,75mN; \u03b1 - Techmaster de Mexico<\/title>\n<meta name=\"robots\" content=\"index, follow, max-snippet:-1, max-image-preview:large, max-video-preview:-1\" \/>\n<link rel=\"canonical\" href=\"https:\/\/techmasterdemexico.com\/producto\/formtracer-avant-fta-s4-s3000-d-inch-x100mm-z2300mm-075mn-\u03b1\/\" \/>\n<meta property=\"og:locale\" content=\"en_US\" \/>\n<meta property=\"og:type\" content=\"article\" \/>\n<meta property=\"og:title\" content=\"Formtracer Avant FTA - S4 S3000-D [inch], X=100mm; Z2=300mm; 0,75mN; \u03b1 - Techmaster de Mexico\" \/>\n<meta property=\"og:description\" content=\"Rango : 800 \u00b5m; 80 \u00b5m; 8 \u00b5m (up to 2.4 mm with an optional stylus) \u00b5m  Tama\u00f1o de la base de granito (unidad principal, AnchoxLargo): 600 x 450  Presi\u00f3n de medida (detector): 0.75 mN  Peso: 140 [kg]  Transversal: 100 mm  Velocidad de medici\u00f3n: 0.02 - 30 mm\/s  Velocidad de movimiento: X: 0 - 80 mm\/s; Z2: 0 - 40mm\/s  Rectitud transversal: (0,05+0,001L) \u00b5m  Rango de inclinaci\u00f3n: \u00b145\u00b0  Perfiles: Primary Profile (P), Roughness Profile (R), Waviness (W), MOTIF (P, R, W) and more  Software: FORMTRACEPAK   Permite el control de todos los ejes y la mesa giratoria para realizar una automatizaci\u00f3n eficiente de la medici\u00f3n.  Realiza la evaluaci\u00f3n de rugosidad de la superficie y de la ondulaci\u00f3n.  Este software es capaz de crear un certificado de inspecci\u00f3n original configurando el formato de impresi\u00f3n para satisfacer requisitos particulares.    pulgadas-m\u00e9trico: Pulgadas\" \/>\n<meta property=\"og:url\" content=\"https:\/\/techmasterdemexico.com\/producto\/formtracer-avant-fta-s4-s3000-d-inch-x100mm-z2300mm-075mn-\u03b1\/\" \/>\n<meta property=\"og:site_name\" content=\"Techmaster de Mexico\" \/>\n<meta property=\"article:modified_time\" content=\"2022-05-12T04:21:00+00:00\" \/>\n<meta property=\"og:image\" content=\"https:\/\/techmasterdemexico.com\/wp-content\/uploads\/2021\/10\/fta-s3000_f_jpg.jpg\" \/>\n\t<meta property=\"og:image:width\" content=\"700\" \/>\n\t<meta property=\"og:image:height\" content=\"700\" \/>\n\t<meta property=\"og:image:type\" content=\"image\/jpeg\" \/>\n<meta name=\"twitter:card\" content=\"summary_large_image\" \/>\n<meta name=\"twitter:label1\" content=\"Est. reading time\" \/>\n\t<meta name=\"twitter:data1\" content=\"1 minute\" \/>\n<script type=\"application\/ld+json\" class=\"yoast-schema-graph\">{\"@context\":\"https:\/\/schema.org\",\"@graph\":[{\"@type\":\"WebPage\",\"@id\":\"https:\/\/techmasterdemexico.com\/producto\/formtracer-avant-fta-s4-s3000-d-inch-x100mm-z2300mm-075mn-%ce%b1\/\",\"url\":\"https:\/\/techmasterdemexico.com\/producto\/formtracer-avant-fta-s4-s3000-d-inch-x100mm-z2300mm-075mn-%ce%b1\/\",\"name\":\"Formtracer Avant FTA - S4 S3000-D [inch], X=100mm; Z2=300mm; 0,75mN; \u03b1 - Techmaster de Mexico\",\"isPartOf\":{\"@id\":\"https:\/\/techmasterdemexico.com\/#website\"},\"primaryImageOfPage\":{\"@id\":\"https:\/\/techmasterdemexico.com\/producto\/formtracer-avant-fta-s4-s3000-d-inch-x100mm-z2300mm-075mn-%ce%b1\/#primaryimage\"},\"image\":{\"@id\":\"https:\/\/techmasterdemexico.com\/producto\/formtracer-avant-fta-s4-s3000-d-inch-x100mm-z2300mm-075mn-%ce%b1\/#primaryimage\"},\"thumbnailUrl\":\"https:\/\/techmasterdemexico.com\/wp-content\/uploads\/2021\/10\/fta-s3000_f_jpg.jpg\",\"datePublished\":\"2021-10-28T17:47:08+00:00\",\"dateModified\":\"2022-05-12T04:21:00+00:00\",\"breadcrumb\":{\"@id\":\"https:\/\/techmasterdemexico.com\/producto\/formtracer-avant-fta-s4-s3000-d-inch-x100mm-z2300mm-075mn-%ce%b1\/#breadcrumb\"},\"inLanguage\":\"en-US\",\"potentialAction\":[{\"@type\":\"ReadAction\",\"target\":[\"https:\/\/techmasterdemexico.com\/producto\/formtracer-avant-fta-s4-s3000-d-inch-x100mm-z2300mm-075mn-%ce%b1\/\"]}]},{\"@type\":\"ImageObject\",\"inLanguage\":\"en-US\",\"@id\":\"https:\/\/techmasterdemexico.com\/producto\/formtracer-avant-fta-s4-s3000-d-inch-x100mm-z2300mm-075mn-%ce%b1\/#primaryimage\",\"url\":\"https:\/\/techmasterdemexico.com\/wp-content\/uploads\/2021\/10\/fta-s3000_f_jpg.jpg\",\"contentUrl\":\"https:\/\/techmasterdemexico.com\/wp-content\/uploads\/2021\/10\/fta-s3000_f_jpg.jpg\",\"width\":700,\"height\":700},{\"@type\":\"BreadcrumbList\",\"@id\":\"https:\/\/techmasterdemexico.com\/producto\/formtracer-avant-fta-s4-s3000-d-inch-x100mm-z2300mm-075mn-%ce%b1\/#breadcrumb\",\"itemListElement\":[{\"@type\":\"ListItem\",\"position\":1,\"name\":\"Portada\",\"item\":\"https:\/\/techmasterdemexico.com\/\"},{\"@type\":\"ListItem\",\"position\":2,\"name\":\"Formtracer Avant FTA &#8211; S4 S3000-D [inch], X=100mm; Z2=300mm; 0,75mN; \u03b1\"}]},{\"@type\":\"WebSite\",\"@id\":\"https:\/\/techmasterdemexico.com\/#website\",\"url\":\"https:\/\/techmasterdemexico.com\/\",\"name\":\"Techmaster de Mexico\",\"description\":\"\",\"potentialAction\":[{\"@type\":\"SearchAction\",\"target\":{\"@type\":\"EntryPoint\",\"urlTemplate\":\"https:\/\/techmasterdemexico.com\/?s={search_term_string}\"},\"query-input\":{\"@type\":\"PropertyValueSpecification\",\"valueRequired\":true,\"valueName\":\"search_term_string\"}}],\"inLanguage\":\"en-US\"}]}<\/script>\n<!-- \/ Yoast SEO plugin. -->","yoast_head_json":{"title":"Formtracer Avant FTA - S4 S3000-D [inch], X=100mm; Z2=300mm; 0,75mN; \u03b1 - Techmaster de Mexico","robots":{"index":"index","follow":"follow","max-snippet":"max-snippet:-1","max-image-preview":"max-image-preview:large","max-video-preview":"max-video-preview:-1"},"canonical":"https:\/\/techmasterdemexico.com\/producto\/formtracer-avant-fta-s4-s3000-d-inch-x100mm-z2300mm-075mn-\u03b1\/","og_locale":"en_US","og_type":"article","og_title":"Formtracer Avant FTA - S4 S3000-D [inch], X=100mm; Z2=300mm; 0,75mN; \u03b1 - Techmaster de Mexico","og_description":"Rango : 800 \u00b5m; 80 \u00b5m; 8 \u00b5m (up to 2.4 mm with an optional stylus) \u00b5m  Tama\u00f1o de la base de granito (unidad principal, AnchoxLargo): 600 x 450  Presi\u00f3n de medida (detector): 0.75 mN  Peso: 140 [kg]  Transversal: 100 mm  Velocidad de medici\u00f3n: 0.02 - 30 mm\/s  Velocidad de movimiento: X: 0 - 80 mm\/s; Z2: 0 - 40mm\/s  Rectitud transversal: (0,05+0,001L) \u00b5m  Rango de inclinaci\u00f3n: \u00b145\u00b0  Perfiles: Primary Profile (P), Roughness Profile (R), Waviness (W), MOTIF (P, R, W) and more  Software: FORMTRACEPAK   Permite el control de todos los ejes y la mesa giratoria para realizar una automatizaci\u00f3n eficiente de la medici\u00f3n.  Realiza la evaluaci\u00f3n de rugosidad de la superficie y de la ondulaci\u00f3n.  Este software es capaz de crear un certificado de inspecci\u00f3n original configurando el formato de impresi\u00f3n para satisfacer requisitos particulares.    pulgadas-m\u00e9trico: Pulgadas","og_url":"https:\/\/techmasterdemexico.com\/producto\/formtracer-avant-fta-s4-s3000-d-inch-x100mm-z2300mm-075mn-\u03b1\/","og_site_name":"Techmaster de Mexico","article_modified_time":"2022-05-12T04:21:00+00:00","og_image":[{"width":700,"height":700,"url":"https:\/\/techmasterdemexico.com\/wp-content\/uploads\/2021\/10\/fta-s3000_f_jpg.jpg","type":"image\/jpeg"}],"twitter_card":"summary_large_image","twitter_misc":{"Est. reading time":"1 minute"},"schema":{"@context":"https:\/\/schema.org","@graph":[{"@type":"WebPage","@id":"https:\/\/techmasterdemexico.com\/producto\/formtracer-avant-fta-s4-s3000-d-inch-x100mm-z2300mm-075mn-%ce%b1\/","url":"https:\/\/techmasterdemexico.com\/producto\/formtracer-avant-fta-s4-s3000-d-inch-x100mm-z2300mm-075mn-%ce%b1\/","name":"Formtracer Avant FTA - S4 S3000-D [inch], X=100mm; Z2=300mm; 0,75mN; \u03b1 - Techmaster de Mexico","isPartOf":{"@id":"https:\/\/techmasterdemexico.com\/#website"},"primaryImageOfPage":{"@id":"https:\/\/techmasterdemexico.com\/producto\/formtracer-avant-fta-s4-s3000-d-inch-x100mm-z2300mm-075mn-%ce%b1\/#primaryimage"},"image":{"@id":"https:\/\/techmasterdemexico.com\/producto\/formtracer-avant-fta-s4-s3000-d-inch-x100mm-z2300mm-075mn-%ce%b1\/#primaryimage"},"thumbnailUrl":"https:\/\/techmasterdemexico.com\/wp-content\/uploads\/2021\/10\/fta-s3000_f_jpg.jpg","datePublished":"2021-10-28T17:47:08+00:00","dateModified":"2022-05-12T04:21:00+00:00","breadcrumb":{"@id":"https:\/\/techmasterdemexico.com\/producto\/formtracer-avant-fta-s4-s3000-d-inch-x100mm-z2300mm-075mn-%ce%b1\/#breadcrumb"},"inLanguage":"en-US","potentialAction":[{"@type":"ReadAction","target":["https:\/\/techmasterdemexico.com\/producto\/formtracer-avant-fta-s4-s3000-d-inch-x100mm-z2300mm-075mn-%ce%b1\/"]}]},{"@type":"ImageObject","inLanguage":"en-US","@id":"https:\/\/techmasterdemexico.com\/producto\/formtracer-avant-fta-s4-s3000-d-inch-x100mm-z2300mm-075mn-%ce%b1\/#primaryimage","url":"https:\/\/techmasterdemexico.com\/wp-content\/uploads\/2021\/10\/fta-s3000_f_jpg.jpg","contentUrl":"https:\/\/techmasterdemexico.com\/wp-content\/uploads\/2021\/10\/fta-s3000_f_jpg.jpg","width":700,"height":700},{"@type":"BreadcrumbList","@id":"https:\/\/techmasterdemexico.com\/producto\/formtracer-avant-fta-s4-s3000-d-inch-x100mm-z2300mm-075mn-%ce%b1\/#breadcrumb","itemListElement":[{"@type":"ListItem","position":1,"name":"Portada","item":"https:\/\/techmasterdemexico.com\/"},{"@type":"ListItem","position":2,"name":"Formtracer Avant FTA &#8211; S4 S3000-D [inch], X=100mm; Z2=300mm; 0,75mN; \u03b1"}]},{"@type":"WebSite","@id":"https:\/\/techmasterdemexico.com\/#website","url":"https:\/\/techmasterdemexico.com\/","name":"Techmaster de Mexico","description":"","potentialAction":[{"@type":"SearchAction","target":{"@type":"EntryPoint","urlTemplate":"https:\/\/techmasterdemexico.com\/?s={search_term_string}"},"query-input":{"@type":"PropertyValueSpecification","valueRequired":true,"valueName":"search_term_string"}}],"inLanguage":"en-US"}]}},"brands":[{"id":39,"name":"Mitutoyo","slug":"mitutoyo"}],"_links":{"self":[{"href":"https:\/\/techmasterdemexico.com\/en\/wp-json\/wp\/v2\/product\/10785","targetHints":{"allow":["GET"]}}],"collection":[{"href":"https:\/\/techmasterdemexico.com\/en\/wp-json\/wp\/v2\/product"}],"about":[{"href":"https:\/\/techmasterdemexico.com\/en\/wp-json\/wp\/v2\/types\/product"}],"wp:featuredmedia":[{"embeddable":true,"href":"https:\/\/techmasterdemexico.com\/en\/wp-json\/wp\/v2\/media\/11293"}],"wp:attachment":[{"href":"https:\/\/techmasterdemexico.com\/en\/wp-json\/wp\/v2\/media?parent=10785"}],"wp:term":[{"taxonomy":"pwb-brand","embeddable":true,"href":"https:\/\/techmasterdemexico.com\/en\/wp-json\/wp\/v2\/pwb-brand?post=10785"},{"taxonomy":"product_brand","embeddable":true,"href":"https:\/\/techmasterdemexico.com\/en\/wp-json\/wp\/v2\/product_brand?post=10785"},{"taxonomy":"product_cat","embeddable":true,"href":"https:\/\/techmasterdemexico.com\/en\/wp-json\/wp\/v2\/product_cat?post=10785"},{"taxonomy":"product_tag","embeddable":true,"href":"https:\/\/techmasterdemexico.com\/en\/wp-json\/wp\/v2\/product_tag?post=10785"}],"curies":[{"name":"wp","href":"https:\/\/api.w.org\/{rel}","templated":true}]}}