{"id":10783,"date":"2021-10-28T17:47:07","date_gmt":"2021-10-28T17:47:07","guid":{"rendered":"https:\/\/techmastermx.ddns.net\/producto\/maquina-de-redondez-ra-2200cnc-columna-alta-z500mm\/"},"modified":"2022-05-12T04:21:02","modified_gmt":"2022-05-12T04:21:02","slug":"maquina-de-redondez-ra-2200cnc-columna-alta-z500mm","status":"publish","type":"product","link":"https:\/\/techmasterdemexico.com\/en\/producto\/maquina-de-redondez-ra-2200cnc-columna-alta-z500mm\/","title":{"rendered":"M\u00e1quina de redondez RA-2200CNC columna alta, Z=500mm"},"content":{"rendered":"<p>M\u00e1quina de redondez RA-2200CNC columna alta<br \/>\nZ=500mm<br \/>\nN\u00famero de art\u00edculo: 211-518D<\/p>\n<p>&nbsp;<\/p>\n<p>Este es un sistema de medici\u00f3n CNC completamente autom\u00e1tico que le permite resultados de alta exactitud.<br \/>\nEl modelo Roundtest Extreme RA-2200CNC le ofrece los siguiente beneficios:<\/p>\n<ul>\n<li>Tiene un sistema de medici\u00f3n controlado por CNC con pasos de orientaci\u00f3n de 1 \u00b0.<\/li>\n<li>La exactitud de su mesa giratoria (0.02+0.00035H) \u00b5m le permite an\u00e1lisis y resultados de medici\u00f3n de gran exactitud.<\/li>\n<li>Su software f\u00e1cil de usar, ROUNDPAK, le brinda herramientas para arrastrar y soltar adem\u00e1s de una amplia gama de par\u00e1metros.<\/li>\n<li>ROUNDPAK tambi\u00e9n tiene una programaci\u00f3n de piezas f\u00e1cil de usar y funciones de medici\u00f3n individuales.<\/li>\n<li>A.A.T. (Mesa de ajuste autom\u00e1tico) le permite llevar a cabo un centrado y nivelado completamente autom\u00e1ticos<\/li>\n<\/ul>\n","protected":false},"excerpt":{"rendered":"<ul>\n<li>Modelo:<br \/>\nRA-2200CNC AH<\/li>\n<li>Ajuste de centre\/nivelaci\u00f3n 1*:<br \/>\nAAT<\/li>\n<li>Recorrido vertical:<br \/>\n500 mm<\/li>\n<li>Di\u00e1metro m\u00e1ximo de palpado:<br \/>\n256 mm<\/li>\n<li>\u00d8 M\u00e1x. De pieza<br \/>\n[mm]:<br \/>\n580 mm<\/li>\n<li>Carga M\u00e1x. mesa &lt;br \/&gt;[kg]:<br \/>\n30<\/li>\n<li>Turntable:<\/li>\n<li>Precisi\u00f3n de giro radial:<br \/>\n(0,02+3,5H\/10000) \u00b5m H : Altura de sondeo (mm)<\/li>\n<li>Precisi\u00f3n de giro axial:<br \/>\n(0,02+3,5X\/10000) \u00b5m<br \/>\nX : Distancia desde el centro de rotaci\u00f3n (mm)<\/li>\n<li>Precisi\u00f3n de giro:\n<ul>\n<li>Radial:<br \/>\n(0,02+0,00035H)\u00b5m<\/li>\n<li>H: Altura de medici\u00f3n desde la superficie de la mesa giratoria (mm)<\/li>\n<li>Axial:<br \/>\n(0,02+0,00035X)\u00b5m<\/li>\n<li>X: Distancia radial desde el centro (mm)<\/li>\n<\/ul>\n<\/li>\n<li>Velocidad rotacional:<br \/>\n2, 4, 6, 10 rpm<\/li>\n<li>Di\u00e1metro m\u00e1ximo de palpado:<br \/>\n256 mm mm<\/li>\n<li>Di\u00e1metro m\u00e1ximo de pieza:<br \/>\n580 mm mm<\/li>\n<li>Carga m\u00e1xima:<br \/>\n30 kg<\/li>\n<li>Gama de centrado:<br \/>\n\u00b13 mm<\/li>\n<li>Rango de nivelaci\u00f3n:<br \/>\n\u00b11\u00b0<\/li>\n<li>Vertical column:<\/li>\n<li>Altura m\u00e1x. de muestra:\n<ul>\n<li>AS : 300 mm<\/li>\n<li>AH: 500 mm<br \/>\ndesde la parte superior de la mesa giratoria<\/li>\n<\/ul>\n<\/li>\n<li>Profundidad m\u00e1x. de muestra:\n<ul>\n<li>104 mm (minimo ID : \u00f832 mm)<\/li>\n<li>26 mm (minimo ID : \u00f812,7 mm)<\/li>\n<\/ul>\n<\/li>\n<li>Rectitud:\n<ul>\n<li>AS \/ AH : 0.1 \u00b5m \/ 100 mm<\/li>\n<li>AS : 0.15 \u00b5m \/ 300 mm<\/li>\n<li>AH : 0.25 \u00b5m \/ 500 mm<\/li>\n<\/ul>\n<\/li>\n<li>Paralelismo con centro de giro:\n<ul>\n<li>AS : 0.7 \u00b5m \/ 300 mm<\/li>\n<li>AH : 1.2 \u00b5m \/ 500 mm<\/li>\n<\/ul>\n<\/li>\n<li>Horizontal axis:<\/li>\n<li>Perpendicularidad al centro de rotaci\u00f3n:<br \/>\n1 \u00b5m \/ 150 mm<\/li>\n<li>Software:<br \/>\nROUNDPAK<\/li>\n<li>FORMTRACEPAK-AP<br \/>\n(opcional en caso de usar unidad de rugosidad)<\/li>\n<li>M\u00e1x. profundidad con palpador est\u00e1ndar:<br \/>\n26 mm para \u00f812,7 o m\u00e1s, 104 mm para \u00f832 o m\u00e1s<\/li>\n<li>Palpador (sonda est\u00e1ndar):<br \/>\n\u00f8 1,6 mm carburo de tugsteno<\/li>\n<li>Consumo de aire:<br \/>\n30L\/min. (estado standard)<\/li>\n<li>M\u00e1x. di\u00e1metro de muestra:<br \/>\n\u00f8280 mm (\u00f8380 mm: Cuando la orientaci\u00f3n del palpador es alterada a la posici\u00f3n vertical, solo podr\u00e1n medirse piezas cuya medida no supere los 50 mm desde la superficie de medida de la mesa) mm<\/li>\n<li>Sentido de la medici\u00f3n:<br \/>\nBidireccional<\/li>\n<li>An\u00e1lisis de datos:<br \/>\nRedondez, coaxialidad, concentricidad, planitud, desviaci\u00f3n circular (radial), desviaci\u00f3n circular (axial), perpendicularidad (contra el eje), perpendicularidad (contra el plano), espesor de pared, paralelismo, cilindricidad<\/li>\n<li>Impresora:<br \/>\nBuilt-in thermal line printer (optional external printer)<\/li>\n<li>Filtro:<br \/>\nFiltro de paso reducido, filtro de banda<\/li>\n<li>Tipos de filtro:<br \/>\n2CR-75%, 2CR-50%, 2CR-75% (fase corregida), 2CR-50% (fase corregida), Gaussiano, filtro OFF<\/li>\n<\/ul>\n","protected":false},"featured_media":11294,"template":"","meta":{"_acf_changed":false},"pwb-brand":[39],"product_brand":[],"product_cat":[366,38,326,329],"product_tag":[],"class_list":{"0":"post-10783","1":"product","2":"type-product","3":"status-publish","4":"has-post-thumbnail","6":"pwb-brand-mitutoyo","7":"product_cat-todos-los-productos","8":"product_cat-mitutoyo","9":"product_cat-sistemas-de-medicion-de-forma","10":"product_cat-sistemas-de-medicion-de-forma-redondez","12":"first","13":"instock","14":"taxable","15":"shipping-taxable","16":"product-type-simple"},"acf":[],"yoast_head":"<!-- This site is optimized with the Yoast SEO plugin v27.4 - https:\/\/yoast.com\/product\/yoast-seo-wordpress\/ -->\n<title>M\u00e1quina de redondez RA-2200CNC columna alta, Z=500mm - Techmaster de Mexico<\/title>\n<meta name=\"robots\" content=\"index, follow, max-snippet:-1, max-image-preview:large, max-video-preview:-1\" \/>\n<link rel=\"canonical\" href=\"https:\/\/techmasterdemexico.com\/producto\/maquina-de-redondez-ra-2200cnc-columna-alta-z500mm\/\" \/>\n<meta property=\"og:locale\" content=\"en_US\" \/>\n<meta property=\"og:type\" content=\"article\" \/>\n<meta property=\"og:title\" content=\"M\u00e1quina de redondez RA-2200CNC columna alta, Z=500mm - Techmaster de Mexico\" \/>\n<meta property=\"og:description\" content=\"Modelo: RA-2200CNC AH  Ajuste de centre\/nivelaci\u00f3n 1*: AAT  Recorrido vertical: 500 mm  Di\u00e1metro m\u00e1ximo de palpado: 256 mm  \u00d8 M\u00e1x. De pieza [mm]: 580 mm  Carga M\u00e1x. mesa &lt;br \/&gt;[kg]: 30  Turntable:  Precisi\u00f3n de giro radial: (0,02+3,5H\/10000) \u00b5m H : Altura de sondeo (mm)  Precisi\u00f3n de giro axial: (0,02+3,5X\/10000) \u00b5m X : Distancia desde el centro de rotaci\u00f3n (mm)  Precisi\u00f3n de giro:   Radial: (0,02+0,00035H)\u00b5m  H: Altura de medici\u00f3n desde la superficie de la mesa giratoria (mm)  Axial: (0,02+0,00035X)\u00b5m  X: Distancia radial desde el centro (mm)    Velocidad rotacional: 2, 4, 6, 10 rpm  Di\u00e1metro m\u00e1ximo de palpado: 256 mm mm  Di\u00e1metro m\u00e1ximo de pieza: 580 mm mm  Carga m\u00e1xima: 30 kg  Gama de centrado: \u00b13 mm  Rango de nivelaci\u00f3n: \u00b11\u00b0  Vertical column:  Altura m\u00e1x. de muestra:   AS : 300 mm  AH: 500 mm desde la parte superior de la mesa giratoria    Profundidad m\u00e1x. de muestra:   104 mm (minimo ID : \u00f832 mm)  26 mm (minimo ID : \u00f812,7 mm)    Rectitud:   AS \/ AH : 0.1 \u00b5m \/ 100 mm  AS : 0.15 \u00b5m \/ 300 mm  AH : 0.25 \u00b5m \/ 500 mm    Paralelismo con centro de giro:   AS : 0.7 \u00b5m \/ 300 mm  AH : 1.2 \u00b5m \/ 500 mm    Horizontal axis:  Perpendicularidad al centro de rotaci\u00f3n: 1 \u00b5m \/ 150 mm  Software: ROUNDPAK  FORMTRACEPAK-AP (opcional en caso de usar unidad de rugosidad)  M\u00e1x. profundidad con palpador est\u00e1ndar: 26 mm para \u00f812,7 o m\u00e1s, 104 mm para \u00f832 o m\u00e1s  Palpador (sonda est\u00e1ndar): \u00f8 1,6 mm carburo de tugsteno  Consumo de aire: 30L\/min. (estado standard)  M\u00e1x. di\u00e1metro de muestra: \u00f8280 mm (\u00f8380 mm: Cuando la orientaci\u00f3n del palpador es alterada a la posici\u00f3n vertical, solo podr\u00e1n medirse piezas cuya medida no supere los 50 mm desde la superficie de medida de la mesa) mm  Sentido de la medici\u00f3n: Bidireccional  An\u00e1lisis de datos: Redondez, coaxialidad, concentricidad, planitud, desviaci\u00f3n circular (radial), desviaci\u00f3n circular (axial), perpendicularidad (contra el eje), perpendicularidad (contra el plano), espesor de pared, paralelismo, cilindricidad  Impresora: Built-in thermal line printer (optional external printer)  Filtro: Filtro de paso reducido, filtro de banda  Tipos de filtro: 2CR-75%, 2CR-50%, 2CR-75% (fase corregida), 2CR-50% (fase corregida), Gaussiano, filtro OFF\" \/>\n<meta property=\"og:url\" content=\"https:\/\/techmasterdemexico.com\/producto\/maquina-de-redondez-ra-2200cnc-columna-alta-z500mm\/\" \/>\n<meta property=\"og:site_name\" content=\"Techmaster de Mexico\" \/>\n<meta property=\"article:modified_time\" content=\"2022-05-12T04:21:02+00:00\" \/>\n<meta property=\"og:image\" content=\"https:\/\/techmasterdemexico.com\/wp-content\/uploads\/2021\/10\/211-517d_z_eps.jpg\" \/>\n\t<meta property=\"og:image:width\" content=\"800\" \/>\n\t<meta property=\"og:image:height\" content=\"800\" \/>\n\t<meta property=\"og:image:type\" content=\"image\/jpeg\" \/>\n<meta name=\"twitter:card\" content=\"summary_large_image\" \/>\n<meta name=\"twitter:label1\" content=\"Est. reading time\" \/>\n\t<meta name=\"twitter:data1\" content=\"1 minute\" \/>\n<script type=\"application\/ld+json\" class=\"yoast-schema-graph\">{\"@context\":\"https:\\\/\\\/schema.org\",\"@graph\":[{\"@type\":\"WebPage\",\"@id\":\"https:\\\/\\\/techmasterdemexico.com\\\/producto\\\/maquina-de-redondez-ra-2200cnc-columna-alta-z500mm\\\/\",\"url\":\"https:\\\/\\\/techmasterdemexico.com\\\/producto\\\/maquina-de-redondez-ra-2200cnc-columna-alta-z500mm\\\/\",\"name\":\"M\u00e1quina de redondez RA-2200CNC columna alta, Z=500mm - Techmaster de Mexico\",\"isPartOf\":{\"@id\":\"https:\\\/\\\/techmasterdemexico.com\\\/#website\"},\"primaryImageOfPage\":{\"@id\":\"https:\\\/\\\/techmasterdemexico.com\\\/producto\\\/maquina-de-redondez-ra-2200cnc-columna-alta-z500mm\\\/#primaryimage\"},\"image\":{\"@id\":\"https:\\\/\\\/techmasterdemexico.com\\\/producto\\\/maquina-de-redondez-ra-2200cnc-columna-alta-z500mm\\\/#primaryimage\"},\"thumbnailUrl\":\"https:\\\/\\\/techmasterdemexico.com\\\/wp-content\\\/uploads\\\/2021\\\/10\\\/211-517d_z_eps.jpg\",\"datePublished\":\"2021-10-28T17:47:07+00:00\",\"dateModified\":\"2022-05-12T04:21:02+00:00\",\"breadcrumb\":{\"@id\":\"https:\\\/\\\/techmasterdemexico.com\\\/producto\\\/maquina-de-redondez-ra-2200cnc-columna-alta-z500mm\\\/#breadcrumb\"},\"inLanguage\":\"en-US\",\"potentialAction\":[{\"@type\":\"ReadAction\",\"target\":[\"https:\\\/\\\/techmasterdemexico.com\\\/producto\\\/maquina-de-redondez-ra-2200cnc-columna-alta-z500mm\\\/\"]}]},{\"@type\":\"ImageObject\",\"inLanguage\":\"en-US\",\"@id\":\"https:\\\/\\\/techmasterdemexico.com\\\/producto\\\/maquina-de-redondez-ra-2200cnc-columna-alta-z500mm\\\/#primaryimage\",\"url\":\"https:\\\/\\\/techmasterdemexico.com\\\/wp-content\\\/uploads\\\/2021\\\/10\\\/211-517d_z_eps.jpg\",\"contentUrl\":\"https:\\\/\\\/techmasterdemexico.com\\\/wp-content\\\/uploads\\\/2021\\\/10\\\/211-517d_z_eps.jpg\",\"width\":800,\"height\":800},{\"@type\":\"BreadcrumbList\",\"@id\":\"https:\\\/\\\/techmasterdemexico.com\\\/producto\\\/maquina-de-redondez-ra-2200cnc-columna-alta-z500mm\\\/#breadcrumb\",\"itemListElement\":[{\"@type\":\"ListItem\",\"position\":1,\"name\":\"Portada\",\"item\":\"https:\\\/\\\/techmasterdemexico.com\\\/\"},{\"@type\":\"ListItem\",\"position\":2,\"name\":\"M\u00e1quina de redondez RA-2200CNC columna alta, Z=500mm\"}]},{\"@type\":\"WebSite\",\"@id\":\"https:\\\/\\\/techmasterdemexico.com\\\/#website\",\"url\":\"https:\\\/\\\/techmasterdemexico.com\\\/\",\"name\":\"Techmaster de Mexico\",\"description\":\"\",\"potentialAction\":[{\"@type\":\"SearchAction\",\"target\":{\"@type\":\"EntryPoint\",\"urlTemplate\":\"https:\\\/\\\/techmasterdemexico.com\\\/?s={search_term_string}\"},\"query-input\":{\"@type\":\"PropertyValueSpecification\",\"valueRequired\":true,\"valueName\":\"search_term_string\"}}],\"inLanguage\":\"en-US\"}]}<\/script>\n<!-- \/ Yoast SEO plugin. -->","yoast_head_json":{"title":"M\u00e1quina de redondez RA-2200CNC columna alta, Z=500mm - Techmaster de Mexico","robots":{"index":"index","follow":"follow","max-snippet":"max-snippet:-1","max-image-preview":"max-image-preview:large","max-video-preview":"max-video-preview:-1"},"canonical":"https:\/\/techmasterdemexico.com\/producto\/maquina-de-redondez-ra-2200cnc-columna-alta-z500mm\/","og_locale":"en_US","og_type":"article","og_title":"M\u00e1quina de redondez RA-2200CNC columna alta, Z=500mm - Techmaster de Mexico","og_description":"Modelo: RA-2200CNC AH  Ajuste de centre\/nivelaci\u00f3n 1*: AAT  Recorrido vertical: 500 mm  Di\u00e1metro m\u00e1ximo de palpado: 256 mm  \u00d8 M\u00e1x. De pieza [mm]: 580 mm  Carga M\u00e1x. mesa &lt;br \/&gt;[kg]: 30  Turntable:  Precisi\u00f3n de giro radial: (0,02+3,5H\/10000) \u00b5m H : Altura de sondeo (mm)  Precisi\u00f3n de giro axial: (0,02+3,5X\/10000) \u00b5m X : Distancia desde el centro de rotaci\u00f3n (mm)  Precisi\u00f3n de giro:   Radial: (0,02+0,00035H)\u00b5m  H: Altura de medici\u00f3n desde la superficie de la mesa giratoria (mm)  Axial: (0,02+0,00035X)\u00b5m  X: Distancia radial desde el centro (mm)    Velocidad rotacional: 2, 4, 6, 10 rpm  Di\u00e1metro m\u00e1ximo de palpado: 256 mm mm  Di\u00e1metro m\u00e1ximo de pieza: 580 mm mm  Carga m\u00e1xima: 30 kg  Gama de centrado: \u00b13 mm  Rango de nivelaci\u00f3n: \u00b11\u00b0  Vertical column:  Altura m\u00e1x. de muestra:   AS : 300 mm  AH: 500 mm desde la parte superior de la mesa giratoria    Profundidad m\u00e1x. de muestra:   104 mm (minimo ID : \u00f832 mm)  26 mm (minimo ID : \u00f812,7 mm)    Rectitud:   AS \/ AH : 0.1 \u00b5m \/ 100 mm  AS : 0.15 \u00b5m \/ 300 mm  AH : 0.25 \u00b5m \/ 500 mm    Paralelismo con centro de giro:   AS : 0.7 \u00b5m \/ 300 mm  AH : 1.2 \u00b5m \/ 500 mm    Horizontal axis:  Perpendicularidad al centro de rotaci\u00f3n: 1 \u00b5m \/ 150 mm  Software: ROUNDPAK  FORMTRACEPAK-AP (opcional en caso de usar unidad de rugosidad)  M\u00e1x. profundidad con palpador est\u00e1ndar: 26 mm para \u00f812,7 o m\u00e1s, 104 mm para \u00f832 o m\u00e1s  Palpador (sonda est\u00e1ndar): \u00f8 1,6 mm carburo de tugsteno  Consumo de aire: 30L\/min. (estado standard)  M\u00e1x. di\u00e1metro de muestra: \u00f8280 mm (\u00f8380 mm: Cuando la orientaci\u00f3n del palpador es alterada a la posici\u00f3n vertical, solo podr\u00e1n medirse piezas cuya medida no supere los 50 mm desde la superficie de medida de la mesa) mm  Sentido de la medici\u00f3n: Bidireccional  An\u00e1lisis de datos: Redondez, coaxialidad, concentricidad, planitud, desviaci\u00f3n circular (radial), desviaci\u00f3n circular (axial), perpendicularidad (contra el eje), perpendicularidad (contra el plano), espesor de pared, paralelismo, cilindricidad  Impresora: Built-in thermal line printer (optional external printer)  Filtro: Filtro de paso reducido, filtro de banda  Tipos de filtro: 2CR-75%, 2CR-50%, 2CR-75% (fase corregida), 2CR-50% (fase corregida), Gaussiano, filtro OFF","og_url":"https:\/\/techmasterdemexico.com\/producto\/maquina-de-redondez-ra-2200cnc-columna-alta-z500mm\/","og_site_name":"Techmaster de Mexico","article_modified_time":"2022-05-12T04:21:02+00:00","og_image":[{"width":800,"height":800,"url":"https:\/\/techmasterdemexico.com\/wp-content\/uploads\/2021\/10\/211-517d_z_eps.jpg","type":"image\/jpeg"}],"twitter_card":"summary_large_image","twitter_misc":{"Est. reading time":"1 minute"},"schema":{"@context":"https:\/\/schema.org","@graph":[{"@type":"WebPage","@id":"https:\/\/techmasterdemexico.com\/producto\/maquina-de-redondez-ra-2200cnc-columna-alta-z500mm\/","url":"https:\/\/techmasterdemexico.com\/producto\/maquina-de-redondez-ra-2200cnc-columna-alta-z500mm\/","name":"M\u00e1quina de redondez RA-2200CNC columna alta, Z=500mm - Techmaster de Mexico","isPartOf":{"@id":"https:\/\/techmasterdemexico.com\/#website"},"primaryImageOfPage":{"@id":"https:\/\/techmasterdemexico.com\/producto\/maquina-de-redondez-ra-2200cnc-columna-alta-z500mm\/#primaryimage"},"image":{"@id":"https:\/\/techmasterdemexico.com\/producto\/maquina-de-redondez-ra-2200cnc-columna-alta-z500mm\/#primaryimage"},"thumbnailUrl":"https:\/\/techmasterdemexico.com\/wp-content\/uploads\/2021\/10\/211-517d_z_eps.jpg","datePublished":"2021-10-28T17:47:07+00:00","dateModified":"2022-05-12T04:21:02+00:00","breadcrumb":{"@id":"https:\/\/techmasterdemexico.com\/producto\/maquina-de-redondez-ra-2200cnc-columna-alta-z500mm\/#breadcrumb"},"inLanguage":"en-US","potentialAction":[{"@type":"ReadAction","target":["https:\/\/techmasterdemexico.com\/producto\/maquina-de-redondez-ra-2200cnc-columna-alta-z500mm\/"]}]},{"@type":"ImageObject","inLanguage":"en-US","@id":"https:\/\/techmasterdemexico.com\/producto\/maquina-de-redondez-ra-2200cnc-columna-alta-z500mm\/#primaryimage","url":"https:\/\/techmasterdemexico.com\/wp-content\/uploads\/2021\/10\/211-517d_z_eps.jpg","contentUrl":"https:\/\/techmasterdemexico.com\/wp-content\/uploads\/2021\/10\/211-517d_z_eps.jpg","width":800,"height":800},{"@type":"BreadcrumbList","@id":"https:\/\/techmasterdemexico.com\/producto\/maquina-de-redondez-ra-2200cnc-columna-alta-z500mm\/#breadcrumb","itemListElement":[{"@type":"ListItem","position":1,"name":"Portada","item":"https:\/\/techmasterdemexico.com\/"},{"@type":"ListItem","position":2,"name":"M\u00e1quina de redondez RA-2200CNC columna alta, Z=500mm"}]},{"@type":"WebSite","@id":"https:\/\/techmasterdemexico.com\/#website","url":"https:\/\/techmasterdemexico.com\/","name":"Techmaster de Mexico","description":"","potentialAction":[{"@type":"SearchAction","target":{"@type":"EntryPoint","urlTemplate":"https:\/\/techmasterdemexico.com\/?s={search_term_string}"},"query-input":{"@type":"PropertyValueSpecification","valueRequired":true,"valueName":"search_term_string"}}],"inLanguage":"en-US"}]}},"brands":[{"id":39,"name":"Mitutoyo","slug":"mitutoyo"}],"_links":{"self":[{"href":"https:\/\/techmasterdemexico.com\/en\/wp-json\/wp\/v2\/product\/10783","targetHints":{"allow":["GET"]}}],"collection":[{"href":"https:\/\/techmasterdemexico.com\/en\/wp-json\/wp\/v2\/product"}],"about":[{"href":"https:\/\/techmasterdemexico.com\/en\/wp-json\/wp\/v2\/types\/product"}],"wp:featuredmedia":[{"embeddable":true,"href":"https:\/\/techmasterdemexico.com\/en\/wp-json\/wp\/v2\/media\/11294"}],"wp:attachment":[{"href":"https:\/\/techmasterdemexico.com\/en\/wp-json\/wp\/v2\/media?parent=10783"}],"wp:term":[{"taxonomy":"pwb-brand","embeddable":true,"href":"https:\/\/techmasterdemexico.com\/en\/wp-json\/wp\/v2\/pwb-brand?post=10783"},{"taxonomy":"product_brand","embeddable":true,"href":"https:\/\/techmasterdemexico.com\/en\/wp-json\/wp\/v2\/product_brand?post=10783"},{"taxonomy":"product_cat","embeddable":true,"href":"https:\/\/techmasterdemexico.com\/en\/wp-json\/wp\/v2\/product_cat?post=10783"},{"taxonomy":"product_tag","embeddable":true,"href":"https:\/\/techmasterdemexico.com\/en\/wp-json\/wp\/v2\/product_tag?post=10783"}],"curies":[{"name":"wp","href":"https:\/\/api.w.org\/{rel}","templated":true}]}}