{"id":10778,"date":"2021-10-28T17:47:04","date_gmt":"2021-10-28T17:47:04","guid":{"rendered":"https:\/\/techmastermx.ddns.net\/producto\/maquina-de-redondez-ra-2200as-a-a-t-z300mm\/"},"modified":"2022-05-12T04:21:06","modified_gmt":"2022-05-12T04:21:06","slug":"maquina-de-redondez-ra-2200as-a-a-t-z300mm","status":"publish","type":"product","link":"https:\/\/techmasterdemexico.com\/en\/producto\/maquina-de-redondez-ra-2200as-a-a-t-z300mm\/","title":{"rendered":"M\u00e1quina de redondez RA-2200AS, A.A.T.; Z=300mm"},"content":{"rendered":"<p>M\u00e1quina de redondez RA-2200AS<br \/>\nA.A.T.; Z=300mm<br \/>\nN\u00famero de art\u00edculo: 211-511D<\/p>\n<p>&nbsp;<\/p>\n<p>Este es un sistema de medici\u00f3n de forma altamente exacto que le permite medir la geometr\u00eda de caracter\u00edsticas como la cilindricidad.<\/p>\n<p>&nbsp;<\/p>\n<p>El modelo Roundtest RA-2200 le ofrece los siguientes beneficios:<\/p>\n<ul>\n<li>Tiene movimiento de ejes totalmente motorizados<\/li>\n<li>La alta exactitud de su mesa giratoria (0.02+0.00035H) \u00b5m permite llevar a cabo an\u00e1lisis confiables.<\/li>\n<li>Su software f\u00e1cil de usar, ROUNDPAK, le brinda herramientas para arrastrar y soltar adem\u00e1s de una amplia gama de par\u00e1metros.<\/li>\n<li>ROUNDPAK tambi\u00e9n tiene una programaci\u00f3n de piezas f\u00e1cil de usar y funciones de medici\u00f3n individuales.<\/li>\n<li>Una gran variedad de puntas y accesorios le permiten tener mayor flexibilidad de medici\u00f3n.<\/li>\n<li>Tiene una funci\u00f3n de pre-centrado autom\u00e1tico que le permite mayor exactitud en la medici\u00f3n.<\/li>\n<\/ul>\n<p>&nbsp;<\/p>\n<p>Esta serie cuenta con una gran variedad de modelos para medir cada aplicaci\u00f3n.<\/p>\n<ul>\n<li>RA-2200DS\/DH: Estos modelos tienen una funci\u00f3n est\u00e1ndar para guiarle r\u00e1pida y simplemente a trav\u00e9s de la tarea de centrado y nivelaci\u00f3n. Los modelos est\u00e1n equipados con el D.A.T. (Mesa de ajuste digital).<\/li>\n<li>RA-2200AS\/AH: Estos modelos tienen la funci\u00f3n de centrado y nivelado autom\u00e1tico. Los modelos est\u00e1n equipados con el A.A.T. (Mesa de ajuste autom\u00e1tico).<\/li>\n<\/ul>\n","protected":false},"excerpt":{"rendered":"<ul>\n<li>Modelo:<br \/>\nRA-2200AS<\/li>\n<li>Ajuste de centre\/nivelaci\u00f3n 1*:<br \/>\nAAT<\/li>\n<li>Recorrido vertical:<br \/>\n300 mm<\/li>\n<li>Di\u00e1metro m\u00e1ximo de palpado:<br \/>\n300 mm mm<\/li>\n<li>Di\u00e1metro m\u00e1ximo de pieza:<br \/>\n580 mm mm<\/li>\n<li>Carga M\u00e1x. mesa &lt;br \/&gt;[kg]:<br \/>\n30<\/li>\n<\/ul>\n<p>Turntable:<\/p>\n<ul>\n<li>Precisi\u00f3n de giro radial:<br \/>\n(0,02+3,5H\/10000) \u00b5m<br \/>\nH : Altura de medida seg\u00fan superficie del plato giratorio (mm) JIS B7451-1997<\/li>\n<li>Precisi\u00f3n de giro axial:<br \/>\n(0,02+3,5X\/10000) \u00b5m<br \/>\nX : Distancia radial con referencia al centro rotacional (mm)<\/li>\n<li>Precisi\u00f3n de giro:\n<ul>\n<li>Radial:<br \/>\n(0,02+0,0006H)\u00b5m<br \/>\nH: Altura de medici\u00f3n desde la superficie de la mesa giratoria (mm)<\/li>\n<li>Axial:<br \/>\n(0,02+0,0006X)\u00b5m<br \/>\nX: Distancia radial desde el centro (mm)<\/li>\n<\/ul>\n<\/li>\n<li>Velocidad rotacional:<br \/>\n2, 4, 6, 10 rpm<\/li>\n<li>Carga m\u00e1xima:<br \/>\n30 kg kg<\/li>\n<li>Gama de centrado:\n<ul>\n<li>DS \/ DH: \u00b15 mm<\/li>\n<li>AS \/ AH: \u00b13 mm<\/li>\n<\/ul>\n<\/li>\n<li>Rango de nivelaci\u00f3n:<br \/>\n\u00b11\u00b0<\/li>\n<\/ul>\n<p>Vertical column:<\/p>\n<ul>\n<li>Altura m\u00e1x. de muestra:\n<ul>\n<li>AS \/ DS : 300 mm<\/li>\n<li>AH \/ DH: 500 mm<br \/>\nsobre la mesa giratoria<\/li>\n<\/ul>\n<\/li>\n<li>Profundidad m\u00e1x. de muestra:<br \/>\n100 mm ( ID m\u00ednimo : \u00f8 30 mm)<\/li>\n<li>Rectitud:\n<ul>\n<li>AS \/ DS : 0.1 \u00b5m \/ 100 mm<\/li>\n<li>AS \/ DS : 0.15 \u00b5m \/ 300 mm<\/li>\n<li>AH \/ DH: 0.25 \u00b5m \/ 500 mm<\/li>\n<\/ul>\n<\/li>\n<li>Paralelismo con centro de giro:\n<ul>\n<li>AS \/ DS : 0.7 \u00b5m \/ 300 mm<\/li>\n<li>AH \/ DH: 1.2 \u00b5m \/ 500 mm<\/li>\n<\/ul>\n<\/li>\n<\/ul>\n<p>Horizontal axis:<\/p>\n<ul>\n<li>Rectitud:<br \/>\n0.7 \u00b5m \/ 150 mm<\/li>\n<li>Perpendicularidad al centro de rotaci\u00f3n:<br \/>\n1 \u00b5m \/ 150 mm<\/li>\n<\/ul>\n<p>&nbsp;<\/p>\n<ul>\n<li>Software:\n<ul>\n<li>ROUNDPAK<\/li>\n<li>FORMTRACEPAK-AP<br \/>\n(opcional para unidad de medici\u00f3n de rugosidad)<\/li>\n<\/ul>\n<\/li>\n<li>Velocidad de posicionado:<br \/>\nMax. 50 mm\/s (Medici\u00f3n : 0,5, 1, 2, 5 mm\/s)<\/li>\n<li>Velocidad de posicionado:<br \/>\nMax. 30 mm\/s (Medici\u00f3n 0,5, 1, 2, 5 mm\/s)<\/li>\n<li>Palpador (sonda est\u00e1ndar):<br \/>\n\u00f8 1,6 mm carburo de tugsteno<\/li>\n<li>Consumo de aire:<br \/>\n30L\/min. (estado standard)<\/li>\n<li>Accesorios opcionales :<br \/>\nM\u00e1s adelante en esta secci\u00f3n se enumeran otros accesorios opcionales y palpadores.<\/li>\n<li>M\u00e1x. di\u00e1metro de muestra:<br \/>\n\u00f8280 mm (\u00f8380 mm: Cuando la orientaci\u00f3n del palpador es alterada a la posici\u00f3n vertical, solo podr\u00e1n medirse piezas cuya medida no supere los 50 mm desde la superficie de medida de la mesa) mm<\/li>\n<li>Di\u00e1metro m\u00e1ximo de palpado:<br \/>\n300 mm<\/li>\n<li>\u00d8 M\u00e1x. De pieza<br \/>\n[mm]:<br \/>\n580 mm<\/li>\n<li>Sentido de la medici\u00f3n:<br \/>\nBidireccional<\/li>\n<li>An\u00e1lisis de datos:<br \/>\nRedondez, coaxialidad, concentricidad, planitud, desviaci\u00f3n circular (radial), desviaci\u00f3n circular (axial), perpendicularidad (contra el eje), perpendicularidad (contra el plano), espesor de pared, paralelismo, cilindricidad<\/li>\n<li>Impresora:<br \/>\nImpresora t\u00e9rmica Integrada (impresora externa opcional)<\/li>\n<li>Filtro:<br \/>\nFiltro de paso reducido, filtro de banda<\/li>\n<li>Tipos de filtro:<br \/>\n2CR-75%, 2CR-50%, 2CR-75% (fase corregida), 2CR-50% (fase corregida), Gaussiano, filtro OFF<\/li>\n<\/ul>\n","protected":false},"featured_media":11297,"template":"","meta":{"_acf_changed":false},"pwb-brand":[39],"product_brand":[],"product_cat":[366,38,326,329],"product_tag":[],"class_list":{"0":"post-10778","1":"product","2":"type-product","3":"status-publish","4":"has-post-thumbnail","6":"pwb-brand-mitutoyo","7":"product_cat-todos-los-productos","8":"product_cat-mitutoyo","9":"product_cat-sistemas-de-medicion-de-forma","10":"product_cat-sistemas-de-medicion-de-forma-redondez","12":"first","13":"instock","14":"taxable","15":"shipping-taxable","16":"product-type-simple"},"acf":[],"yoast_head":"<!-- This site is optimized with the Yoast SEO plugin v27.2 - https:\/\/yoast.com\/product\/yoast-seo-wordpress\/ -->\n<title>M\u00e1quina de redondez RA-2200AS, A.A.T.; Z=300mm - Techmaster de Mexico<\/title>\n<meta name=\"robots\" content=\"index, follow, max-snippet:-1, max-image-preview:large, max-video-preview:-1\" \/>\n<link rel=\"canonical\" href=\"https:\/\/techmasterdemexico.com\/producto\/maquina-de-redondez-ra-2200as-a-a-t-z300mm\/\" \/>\n<meta property=\"og:locale\" content=\"en_US\" \/>\n<meta property=\"og:type\" content=\"article\" \/>\n<meta property=\"og:title\" content=\"M\u00e1quina de redondez RA-2200AS, A.A.T.; Z=300mm - Techmaster de Mexico\" \/>\n<meta property=\"og:description\" content=\"Modelo: RA-2200AS  Ajuste de centre\/nivelaci\u00f3n 1*: AAT  Recorrido vertical: 300 mm  Di\u00e1metro m\u00e1ximo de palpado: 300 mm mm  Di\u00e1metro m\u00e1ximo de pieza: 580 mm mm  Carga M\u00e1x. mesa &lt;br \/&gt;[kg]: 30  Turntable:   Precisi\u00f3n de giro radial: (0,02+3,5H\/10000) \u00b5m H : Altura de medida seg\u00fan superficie del plato giratorio (mm) JIS B7451-1997  Precisi\u00f3n de giro axial: (0,02+3,5X\/10000) \u00b5m X : Distancia radial con referencia al centro rotacional (mm)  Precisi\u00f3n de giro:   Radial: (0,02+0,0006H)\u00b5m H: Altura de medici\u00f3n desde la superficie de la mesa giratoria (mm)  Axial: (0,02+0,0006X)\u00b5m X: Distancia radial desde el centro (mm)    Velocidad rotacional: 2, 4, 6, 10 rpm  Carga m\u00e1xima: 30 kg kg  Gama de centrado:   DS \/ DH: \u00b15 mm  AS \/ AH: \u00b13 mm    Rango de nivelaci\u00f3n: \u00b11\u00b0  Vertical column:   Altura m\u00e1x. de muestra:   AS \/ DS : 300 mm  AH \/ DH: 500 mm sobre la mesa giratoria    Profundidad m\u00e1x. de muestra: 100 mm ( ID m\u00ednimo : \u00f8 30 mm)  Rectitud:   AS \/ DS : 0.1 \u00b5m \/ 100 mm  AS \/ DS : 0.15 \u00b5m \/ 300 mm  AH \/ DH: 0.25 \u00b5m \/ 500 mm    Paralelismo con centro de giro:   AS \/ DS : 0.7 \u00b5m \/ 300 mm  AH \/ DH: 1.2 \u00b5m \/ 500 mm    Horizontal axis:   Rectitud: 0.7 \u00b5m \/ 150 mm  Perpendicularidad al centro de rotaci\u00f3n: 1 \u00b5m \/ 150 mm  &nbsp;   Software:   ROUNDPAK  FORMTRACEPAK-AP (opcional para unidad de medici\u00f3n de rugosidad)    Velocidad de posicionado: Max. 50 mm\/s (Medici\u00f3n : 0,5, 1, 2, 5 mm\/s)  Velocidad de posicionado: Max. 30 mm\/s (Medici\u00f3n 0,5, 1, 2, 5 mm\/s)  Palpador (sonda est\u00e1ndar): \u00f8 1,6 mm carburo de tugsteno  Consumo de aire: 30L\/min. (estado standard)  Accesorios opcionales : M\u00e1s adelante en esta secci\u00f3n se enumeran otros accesorios opcionales y palpadores.  M\u00e1x. di\u00e1metro de muestra: \u00f8280 mm (\u00f8380 mm: Cuando la orientaci\u00f3n del palpador es alterada a la posici\u00f3n vertical, solo podr\u00e1n medirse piezas cuya medida no supere los 50 mm desde la superficie de medida de la mesa) mm  Di\u00e1metro m\u00e1ximo de palpado: 300 mm  \u00d8 M\u00e1x. De pieza [mm]: 580 mm  Sentido de la medici\u00f3n: Bidireccional  An\u00e1lisis de datos: Redondez, coaxialidad, concentricidad, planitud, desviaci\u00f3n circular (radial), desviaci\u00f3n circular (axial), perpendicularidad (contra el eje), perpendicularidad (contra el plano), espesor de pared, paralelismo, cilindricidad  Impresora: Impresora t\u00e9rmica Integrada (impresora externa opcional)  Filtro: Filtro de paso reducido, filtro de banda  Tipos de filtro: 2CR-75%, 2CR-50%, 2CR-75% (fase corregida), 2CR-50% (fase corregida), Gaussiano, filtro OFF\" \/>\n<meta property=\"og:url\" content=\"https:\/\/techmasterdemexico.com\/producto\/maquina-de-redondez-ra-2200as-a-a-t-z300mm\/\" \/>\n<meta property=\"og:site_name\" content=\"Techmaster de Mexico\" \/>\n<meta property=\"article:modified_time\" content=\"2022-05-12T04:21:06+00:00\" \/>\n<meta property=\"og:image\" content=\"https:\/\/techmasterdemexico.com\/wp-content\/uploads\/2021\/10\/211-511d_ra_2200_z_eps.jpg\" \/>\n\t<meta property=\"og:image:width\" content=\"700\" \/>\n\t<meta property=\"og:image:height\" content=\"700\" \/>\n\t<meta property=\"og:image:type\" content=\"image\/jpeg\" \/>\n<meta name=\"twitter:card\" content=\"summary_large_image\" \/>\n<meta name=\"twitter:label1\" content=\"Est. reading time\" \/>\n\t<meta name=\"twitter:data1\" content=\"1 minute\" \/>\n<script type=\"application\/ld+json\" class=\"yoast-schema-graph\">{\"@context\":\"https:\/\/schema.org\",\"@graph\":[{\"@type\":\"WebPage\",\"@id\":\"https:\/\/techmasterdemexico.com\/producto\/maquina-de-redondez-ra-2200as-a-a-t-z300mm\/\",\"url\":\"https:\/\/techmasterdemexico.com\/producto\/maquina-de-redondez-ra-2200as-a-a-t-z300mm\/\",\"name\":\"M\u00e1quina de redondez RA-2200AS, A.A.T.; Z=300mm - Techmaster de Mexico\",\"isPartOf\":{\"@id\":\"https:\/\/techmasterdemexico.com\/#website\"},\"primaryImageOfPage\":{\"@id\":\"https:\/\/techmasterdemexico.com\/producto\/maquina-de-redondez-ra-2200as-a-a-t-z300mm\/#primaryimage\"},\"image\":{\"@id\":\"https:\/\/techmasterdemexico.com\/producto\/maquina-de-redondez-ra-2200as-a-a-t-z300mm\/#primaryimage\"},\"thumbnailUrl\":\"https:\/\/techmasterdemexico.com\/wp-content\/uploads\/2021\/10\/211-511d_ra_2200_z_eps.jpg\",\"datePublished\":\"2021-10-28T17:47:04+00:00\",\"dateModified\":\"2022-05-12T04:21:06+00:00\",\"breadcrumb\":{\"@id\":\"https:\/\/techmasterdemexico.com\/producto\/maquina-de-redondez-ra-2200as-a-a-t-z300mm\/#breadcrumb\"},\"inLanguage\":\"en-US\",\"potentialAction\":[{\"@type\":\"ReadAction\",\"target\":[\"https:\/\/techmasterdemexico.com\/producto\/maquina-de-redondez-ra-2200as-a-a-t-z300mm\/\"]}]},{\"@type\":\"ImageObject\",\"inLanguage\":\"en-US\",\"@id\":\"https:\/\/techmasterdemexico.com\/producto\/maquina-de-redondez-ra-2200as-a-a-t-z300mm\/#primaryimage\",\"url\":\"https:\/\/techmasterdemexico.com\/wp-content\/uploads\/2021\/10\/211-511d_ra_2200_z_eps.jpg\",\"contentUrl\":\"https:\/\/techmasterdemexico.com\/wp-content\/uploads\/2021\/10\/211-511d_ra_2200_z_eps.jpg\",\"width\":700,\"height\":700},{\"@type\":\"BreadcrumbList\",\"@id\":\"https:\/\/techmasterdemexico.com\/producto\/maquina-de-redondez-ra-2200as-a-a-t-z300mm\/#breadcrumb\",\"itemListElement\":[{\"@type\":\"ListItem\",\"position\":1,\"name\":\"Portada\",\"item\":\"https:\/\/techmasterdemexico.com\/\"},{\"@type\":\"ListItem\",\"position\":2,\"name\":\"M\u00e1quina de redondez RA-2200AS, A.A.T.; Z=300mm\"}]},{\"@type\":\"WebSite\",\"@id\":\"https:\/\/techmasterdemexico.com\/#website\",\"url\":\"https:\/\/techmasterdemexico.com\/\",\"name\":\"Techmaster de Mexico\",\"description\":\"\",\"potentialAction\":[{\"@type\":\"SearchAction\",\"target\":{\"@type\":\"EntryPoint\",\"urlTemplate\":\"https:\/\/techmasterdemexico.com\/?s={search_term_string}\"},\"query-input\":{\"@type\":\"PropertyValueSpecification\",\"valueRequired\":true,\"valueName\":\"search_term_string\"}}],\"inLanguage\":\"en-US\"}]}<\/script>\n<!-- \/ Yoast SEO plugin. -->","yoast_head_json":{"title":"M\u00e1quina de redondez RA-2200AS, A.A.T.; Z=300mm - Techmaster de Mexico","robots":{"index":"index","follow":"follow","max-snippet":"max-snippet:-1","max-image-preview":"max-image-preview:large","max-video-preview":"max-video-preview:-1"},"canonical":"https:\/\/techmasterdemexico.com\/producto\/maquina-de-redondez-ra-2200as-a-a-t-z300mm\/","og_locale":"en_US","og_type":"article","og_title":"M\u00e1quina de redondez RA-2200AS, A.A.T.; Z=300mm - Techmaster de Mexico","og_description":"Modelo: RA-2200AS  Ajuste de centre\/nivelaci\u00f3n 1*: AAT  Recorrido vertical: 300 mm  Di\u00e1metro m\u00e1ximo de palpado: 300 mm mm  Di\u00e1metro m\u00e1ximo de pieza: 580 mm mm  Carga M\u00e1x. mesa &lt;br \/&gt;[kg]: 30  Turntable:   Precisi\u00f3n de giro radial: (0,02+3,5H\/10000) \u00b5m H : Altura de medida seg\u00fan superficie del plato giratorio (mm) JIS B7451-1997  Precisi\u00f3n de giro axial: (0,02+3,5X\/10000) \u00b5m X : Distancia radial con referencia al centro rotacional (mm)  Precisi\u00f3n de giro:   Radial: (0,02+0,0006H)\u00b5m H: Altura de medici\u00f3n desde la superficie de la mesa giratoria (mm)  Axial: (0,02+0,0006X)\u00b5m X: Distancia radial desde el centro (mm)    Velocidad rotacional: 2, 4, 6, 10 rpm  Carga m\u00e1xima: 30 kg kg  Gama de centrado:   DS \/ DH: \u00b15 mm  AS \/ AH: \u00b13 mm    Rango de nivelaci\u00f3n: \u00b11\u00b0  Vertical column:   Altura m\u00e1x. de muestra:   AS \/ DS : 300 mm  AH \/ DH: 500 mm sobre la mesa giratoria    Profundidad m\u00e1x. de muestra: 100 mm ( ID m\u00ednimo : \u00f8 30 mm)  Rectitud:   AS \/ DS : 0.1 \u00b5m \/ 100 mm  AS \/ DS : 0.15 \u00b5m \/ 300 mm  AH \/ DH: 0.25 \u00b5m \/ 500 mm    Paralelismo con centro de giro:   AS \/ DS : 0.7 \u00b5m \/ 300 mm  AH \/ DH: 1.2 \u00b5m \/ 500 mm    Horizontal axis:   Rectitud: 0.7 \u00b5m \/ 150 mm  Perpendicularidad al centro de rotaci\u00f3n: 1 \u00b5m \/ 150 mm  &nbsp;   Software:   ROUNDPAK  FORMTRACEPAK-AP (opcional para unidad de medici\u00f3n de rugosidad)    Velocidad de posicionado: Max. 50 mm\/s (Medici\u00f3n : 0,5, 1, 2, 5 mm\/s)  Velocidad de posicionado: Max. 30 mm\/s (Medici\u00f3n 0,5, 1, 2, 5 mm\/s)  Palpador (sonda est\u00e1ndar): \u00f8 1,6 mm carburo de tugsteno  Consumo de aire: 30L\/min. (estado standard)  Accesorios opcionales : M\u00e1s adelante en esta secci\u00f3n se enumeran otros accesorios opcionales y palpadores.  M\u00e1x. di\u00e1metro de muestra: \u00f8280 mm (\u00f8380 mm: Cuando la orientaci\u00f3n del palpador es alterada a la posici\u00f3n vertical, solo podr\u00e1n medirse piezas cuya medida no supere los 50 mm desde la superficie de medida de la mesa) mm  Di\u00e1metro m\u00e1ximo de palpado: 300 mm  \u00d8 M\u00e1x. De pieza [mm]: 580 mm  Sentido de la medici\u00f3n: Bidireccional  An\u00e1lisis de datos: Redondez, coaxialidad, concentricidad, planitud, desviaci\u00f3n circular (radial), desviaci\u00f3n circular (axial), perpendicularidad (contra el eje), perpendicularidad (contra el plano), espesor de pared, paralelismo, cilindricidad  Impresora: Impresora t\u00e9rmica Integrada (impresora externa opcional)  Filtro: Filtro de paso reducido, filtro de banda  Tipos de filtro: 2CR-75%, 2CR-50%, 2CR-75% (fase corregida), 2CR-50% (fase corregida), Gaussiano, filtro OFF","og_url":"https:\/\/techmasterdemexico.com\/producto\/maquina-de-redondez-ra-2200as-a-a-t-z300mm\/","og_site_name":"Techmaster de Mexico","article_modified_time":"2022-05-12T04:21:06+00:00","og_image":[{"width":700,"height":700,"url":"https:\/\/techmasterdemexico.com\/wp-content\/uploads\/2021\/10\/211-511d_ra_2200_z_eps.jpg","type":"image\/jpeg"}],"twitter_card":"summary_large_image","twitter_misc":{"Est. reading time":"1 minute"},"schema":{"@context":"https:\/\/schema.org","@graph":[{"@type":"WebPage","@id":"https:\/\/techmasterdemexico.com\/producto\/maquina-de-redondez-ra-2200as-a-a-t-z300mm\/","url":"https:\/\/techmasterdemexico.com\/producto\/maquina-de-redondez-ra-2200as-a-a-t-z300mm\/","name":"M\u00e1quina de redondez RA-2200AS, A.A.T.; Z=300mm - Techmaster de Mexico","isPartOf":{"@id":"https:\/\/techmasterdemexico.com\/#website"},"primaryImageOfPage":{"@id":"https:\/\/techmasterdemexico.com\/producto\/maquina-de-redondez-ra-2200as-a-a-t-z300mm\/#primaryimage"},"image":{"@id":"https:\/\/techmasterdemexico.com\/producto\/maquina-de-redondez-ra-2200as-a-a-t-z300mm\/#primaryimage"},"thumbnailUrl":"https:\/\/techmasterdemexico.com\/wp-content\/uploads\/2021\/10\/211-511d_ra_2200_z_eps.jpg","datePublished":"2021-10-28T17:47:04+00:00","dateModified":"2022-05-12T04:21:06+00:00","breadcrumb":{"@id":"https:\/\/techmasterdemexico.com\/producto\/maquina-de-redondez-ra-2200as-a-a-t-z300mm\/#breadcrumb"},"inLanguage":"en-US","potentialAction":[{"@type":"ReadAction","target":["https:\/\/techmasterdemexico.com\/producto\/maquina-de-redondez-ra-2200as-a-a-t-z300mm\/"]}]},{"@type":"ImageObject","inLanguage":"en-US","@id":"https:\/\/techmasterdemexico.com\/producto\/maquina-de-redondez-ra-2200as-a-a-t-z300mm\/#primaryimage","url":"https:\/\/techmasterdemexico.com\/wp-content\/uploads\/2021\/10\/211-511d_ra_2200_z_eps.jpg","contentUrl":"https:\/\/techmasterdemexico.com\/wp-content\/uploads\/2021\/10\/211-511d_ra_2200_z_eps.jpg","width":700,"height":700},{"@type":"BreadcrumbList","@id":"https:\/\/techmasterdemexico.com\/producto\/maquina-de-redondez-ra-2200as-a-a-t-z300mm\/#breadcrumb","itemListElement":[{"@type":"ListItem","position":1,"name":"Portada","item":"https:\/\/techmasterdemexico.com\/"},{"@type":"ListItem","position":2,"name":"M\u00e1quina de redondez RA-2200AS, A.A.T.; Z=300mm"}]},{"@type":"WebSite","@id":"https:\/\/techmasterdemexico.com\/#website","url":"https:\/\/techmasterdemexico.com\/","name":"Techmaster de Mexico","description":"","potentialAction":[{"@type":"SearchAction","target":{"@type":"EntryPoint","urlTemplate":"https:\/\/techmasterdemexico.com\/?s={search_term_string}"},"query-input":{"@type":"PropertyValueSpecification","valueRequired":true,"valueName":"search_term_string"}}],"inLanguage":"en-US"}]}},"brands":[{"id":39,"name":"Mitutoyo","slug":"mitutoyo"}],"_links":{"self":[{"href":"https:\/\/techmasterdemexico.com\/en\/wp-json\/wp\/v2\/product\/10778","targetHints":{"allow":["GET"]}}],"collection":[{"href":"https:\/\/techmasterdemexico.com\/en\/wp-json\/wp\/v2\/product"}],"about":[{"href":"https:\/\/techmasterdemexico.com\/en\/wp-json\/wp\/v2\/types\/product"}],"wp:featuredmedia":[{"embeddable":true,"href":"https:\/\/techmasterdemexico.com\/en\/wp-json\/wp\/v2\/media\/11297"}],"wp:attachment":[{"href":"https:\/\/techmasterdemexico.com\/en\/wp-json\/wp\/v2\/media?parent=10778"}],"wp:term":[{"taxonomy":"pwb-brand","embeddable":true,"href":"https:\/\/techmasterdemexico.com\/en\/wp-json\/wp\/v2\/pwb-brand?post=10778"},{"taxonomy":"product_brand","embeddable":true,"href":"https:\/\/techmasterdemexico.com\/en\/wp-json\/wp\/v2\/product_brand?post=10778"},{"taxonomy":"product_cat","embeddable":true,"href":"https:\/\/techmasterdemexico.com\/en\/wp-json\/wp\/v2\/product_cat?post=10778"},{"taxonomy":"product_tag","embeddable":true,"href":"https:\/\/techmasterdemexico.com\/en\/wp-json\/wp\/v2\/product_tag?post=10778"}],"curies":[{"name":"wp","href":"https:\/\/api.w.org\/{rel}","templated":true}]}}