{"id":10772,"date":"2021-10-28T17:47:01","date_gmt":"2021-10-28T17:47:01","guid":{"rendered":"https:\/\/techmastermx.ddns.net\/producto\/plato-de-garra-od-2-78-mm-id-25-68-mm-od-2-78mm-id-25-68mm\/"},"modified":"2022-05-12T04:21:39","modified_gmt":"2022-05-12T04:21:39","slug":"plato-de-garra-od-2-78-mm-id-25-68-mm-od-2-78mm-id-25-68mm","status":"publish","type":"product","link":"https:\/\/techmasterdemexico.com\/en\/producto\/plato-de-garra-od-2-78-mm-id-25-68-mm-od-2-78mm-id-25-68mm\/","title":{"rendered":"Plato de garra  (OD: 2-78 mm, ID: 25-68 mm), OD: 2-78mm, ID: 25-68mm"},"content":{"rendered":"<p>Plato de garra (OD: 2-78 mm, ID: 25-68 mm)<br \/>\nOD: 2-78mm, ID: 25-68mm<br \/>\nN\u00famero de art\u00edculo: 211-014<\/p>\n","protected":false},"excerpt":{"rendered":"<ul>\n<li>Capacidad de sujecci\u00f3n [mm]:\n<ul>\n<li>Bocas interiores: OD = \u00f8 2 &#8211; 35 mm, ID = \u00f8 25 &#8211; 68 mm<\/li>\n<li>Bocas exteriores OD = \u00f8 35 &#8211; 78 mm<\/li>\n<\/ul>\n<\/li>\n<li>Dimensiones exteriores [mm]:<br \/>\n\u00f8157 x 70.6<\/li>\n<li>Funciones:<br \/>\nCentrador &#8211; Tres mordazas (por teclado)<\/li>\n<\/ul>\n","protected":false},"featured_media":11308,"template":"","meta":{"_acf_changed":false},"pwb-brand":[39],"product_brand":[],"product_cat":[366,38,326,329],"product_tag":[],"class_list":{"0":"post-10772","1":"product","2":"type-product","3":"status-publish","4":"has-post-thumbnail","6":"pwb-brand-mitutoyo","7":"product_cat-todos-los-productos","8":"product_cat-mitutoyo","9":"product_cat-sistemas-de-medicion-de-forma","10":"product_cat-sistemas-de-medicion-de-forma-redondez","12":"first","13":"instock","14":"taxable","15":"shipping-taxable","16":"product-type-simple"},"acf":[],"yoast_head":"<!-- This site is optimized with the Yoast SEO plugin v27.4 - https:\/\/yoast.com\/product\/yoast-seo-wordpress\/ -->\n<title>Plato de garra (OD: 2-78 mm, ID: 25-68 mm), OD: 2-78mm, ID: 25-68mm - Techmaster de Mexico<\/title>\n<meta name=\"robots\" content=\"index, follow, max-snippet:-1, max-image-preview:large, max-video-preview:-1\" \/>\n<link rel=\"canonical\" href=\"https:\/\/techmasterdemexico.com\/producto\/plato-de-garra-od-2-78-mm-id-25-68-mm-od-2-78mm-id-25-68mm\/\" \/>\n<meta property=\"og:locale\" content=\"en_US\" \/>\n<meta property=\"og:type\" content=\"article\" \/>\n<meta property=\"og:title\" content=\"Plato de garra (OD: 2-78 mm, ID: 25-68 mm), OD: 2-78mm, ID: 25-68mm - Techmaster de Mexico\" \/>\n<meta property=\"og:description\" content=\"Capacidad de sujecci\u00f3n [mm]:   Bocas interiores: OD = \u00f8 2 - 35 mm, ID = \u00f8 25 - 68 mm  Bocas exteriores OD = \u00f8 35 - 78 mm    Dimensiones exteriores [mm]: \u00f8157 x 70.6  Funciones: Centrador - Tres mordazas (por teclado)\" \/>\n<meta property=\"og:url\" content=\"https:\/\/techmasterdemexico.com\/producto\/plato-de-garra-od-2-78-mm-id-25-68-mm-od-2-78mm-id-25-68mm\/\" \/>\n<meta property=\"og:site_name\" content=\"Techmaster de Mexico\" \/>\n<meta property=\"article:modified_time\" content=\"2022-05-12T04:21:39+00:00\" \/>\n<meta property=\"og:image\" content=\"https:\/\/techmasterdemexico.com\/wp-content\/uploads\/2021\/10\/211014.jpg\" \/>\n\t<meta property=\"og:image:width\" content=\"300\" \/>\n\t<meta property=\"og:image:height\" content=\"300\" \/>\n\t<meta property=\"og:image:type\" content=\"image\/jpeg\" \/>\n<meta name=\"twitter:card\" content=\"summary_large_image\" \/>\n<script type=\"application\/ld+json\" class=\"yoast-schema-graph\">{\"@context\":\"https:\\\/\\\/schema.org\",\"@graph\":[{\"@type\":\"WebPage\",\"@id\":\"https:\\\/\\\/techmasterdemexico.com\\\/producto\\\/plato-de-garra-od-2-78-mm-id-25-68-mm-od-2-78mm-id-25-68mm\\\/\",\"url\":\"https:\\\/\\\/techmasterdemexico.com\\\/producto\\\/plato-de-garra-od-2-78-mm-id-25-68-mm-od-2-78mm-id-25-68mm\\\/\",\"name\":\"Plato de garra (OD: 2-78 mm, ID: 25-68 mm), OD: 2-78mm, ID: 25-68mm - Techmaster de Mexico\",\"isPartOf\":{\"@id\":\"https:\\\/\\\/techmasterdemexico.com\\\/#website\"},\"primaryImageOfPage\":{\"@id\":\"https:\\\/\\\/techmasterdemexico.com\\\/producto\\\/plato-de-garra-od-2-78-mm-id-25-68-mm-od-2-78mm-id-25-68mm\\\/#primaryimage\"},\"image\":{\"@id\":\"https:\\\/\\\/techmasterdemexico.com\\\/producto\\\/plato-de-garra-od-2-78-mm-id-25-68-mm-od-2-78mm-id-25-68mm\\\/#primaryimage\"},\"thumbnailUrl\":\"https:\\\/\\\/techmasterdemexico.com\\\/wp-content\\\/uploads\\\/2021\\\/10\\\/211014.jpg\",\"datePublished\":\"2021-10-28T17:47:01+00:00\",\"dateModified\":\"2022-05-12T04:21:39+00:00\",\"breadcrumb\":{\"@id\":\"https:\\\/\\\/techmasterdemexico.com\\\/producto\\\/plato-de-garra-od-2-78-mm-id-25-68-mm-od-2-78mm-id-25-68mm\\\/#breadcrumb\"},\"inLanguage\":\"en-US\",\"potentialAction\":[{\"@type\":\"ReadAction\",\"target\":[\"https:\\\/\\\/techmasterdemexico.com\\\/producto\\\/plato-de-garra-od-2-78-mm-id-25-68-mm-od-2-78mm-id-25-68mm\\\/\"]}]},{\"@type\":\"ImageObject\",\"inLanguage\":\"en-US\",\"@id\":\"https:\\\/\\\/techmasterdemexico.com\\\/producto\\\/plato-de-garra-od-2-78-mm-id-25-68-mm-od-2-78mm-id-25-68mm\\\/#primaryimage\",\"url\":\"https:\\\/\\\/techmasterdemexico.com\\\/wp-content\\\/uploads\\\/2021\\\/10\\\/211014.jpg\",\"contentUrl\":\"https:\\\/\\\/techmasterdemexico.com\\\/wp-content\\\/uploads\\\/2021\\\/10\\\/211014.jpg\",\"width\":300,\"height\":300},{\"@type\":\"BreadcrumbList\",\"@id\":\"https:\\\/\\\/techmasterdemexico.com\\\/producto\\\/plato-de-garra-od-2-78-mm-id-25-68-mm-od-2-78mm-id-25-68mm\\\/#breadcrumb\",\"itemListElement\":[{\"@type\":\"ListItem\",\"position\":1,\"name\":\"Portada\",\"item\":\"https:\\\/\\\/techmasterdemexico.com\\\/\"},{\"@type\":\"ListItem\",\"position\":2,\"name\":\"Plato de garra (OD: 2-78 mm, ID: 25-68 mm), OD: 2-78mm, ID: 25-68mm\"}]},{\"@type\":\"WebSite\",\"@id\":\"https:\\\/\\\/techmasterdemexico.com\\\/#website\",\"url\":\"https:\\\/\\\/techmasterdemexico.com\\\/\",\"name\":\"Techmaster de Mexico\",\"description\":\"\",\"potentialAction\":[{\"@type\":\"SearchAction\",\"target\":{\"@type\":\"EntryPoint\",\"urlTemplate\":\"https:\\\/\\\/techmasterdemexico.com\\\/?s={search_term_string}\"},\"query-input\":{\"@type\":\"PropertyValueSpecification\",\"valueRequired\":true,\"valueName\":\"search_term_string\"}}],\"inLanguage\":\"en-US\"}]}<\/script>\n<!-- \/ Yoast SEO plugin. -->","yoast_head_json":{"title":"Plato de garra (OD: 2-78 mm, ID: 25-68 mm), OD: 2-78mm, ID: 25-68mm - Techmaster de Mexico","robots":{"index":"index","follow":"follow","max-snippet":"max-snippet:-1","max-image-preview":"max-image-preview:large","max-video-preview":"max-video-preview:-1"},"canonical":"https:\/\/techmasterdemexico.com\/producto\/plato-de-garra-od-2-78-mm-id-25-68-mm-od-2-78mm-id-25-68mm\/","og_locale":"en_US","og_type":"article","og_title":"Plato de garra (OD: 2-78 mm, ID: 25-68 mm), OD: 2-78mm, ID: 25-68mm - Techmaster de Mexico","og_description":"Capacidad de sujecci\u00f3n [mm]:   Bocas interiores: OD = \u00f8 2 - 35 mm, ID = \u00f8 25 - 68 mm  Bocas exteriores OD = \u00f8 35 - 78 mm    Dimensiones exteriores [mm]: \u00f8157 x 70.6  Funciones: Centrador - Tres mordazas (por teclado)","og_url":"https:\/\/techmasterdemexico.com\/producto\/plato-de-garra-od-2-78-mm-id-25-68-mm-od-2-78mm-id-25-68mm\/","og_site_name":"Techmaster de Mexico","article_modified_time":"2022-05-12T04:21:39+00:00","og_image":[{"width":300,"height":300,"url":"https:\/\/techmasterdemexico.com\/wp-content\/uploads\/2021\/10\/211014.jpg","type":"image\/jpeg"}],"twitter_card":"summary_large_image","schema":{"@context":"https:\/\/schema.org","@graph":[{"@type":"WebPage","@id":"https:\/\/techmasterdemexico.com\/producto\/plato-de-garra-od-2-78-mm-id-25-68-mm-od-2-78mm-id-25-68mm\/","url":"https:\/\/techmasterdemexico.com\/producto\/plato-de-garra-od-2-78-mm-id-25-68-mm-od-2-78mm-id-25-68mm\/","name":"Plato de garra (OD: 2-78 mm, ID: 25-68 mm), OD: 2-78mm, ID: 25-68mm - Techmaster de Mexico","isPartOf":{"@id":"https:\/\/techmasterdemexico.com\/#website"},"primaryImageOfPage":{"@id":"https:\/\/techmasterdemexico.com\/producto\/plato-de-garra-od-2-78-mm-id-25-68-mm-od-2-78mm-id-25-68mm\/#primaryimage"},"image":{"@id":"https:\/\/techmasterdemexico.com\/producto\/plato-de-garra-od-2-78-mm-id-25-68-mm-od-2-78mm-id-25-68mm\/#primaryimage"},"thumbnailUrl":"https:\/\/techmasterdemexico.com\/wp-content\/uploads\/2021\/10\/211014.jpg","datePublished":"2021-10-28T17:47:01+00:00","dateModified":"2022-05-12T04:21:39+00:00","breadcrumb":{"@id":"https:\/\/techmasterdemexico.com\/producto\/plato-de-garra-od-2-78-mm-id-25-68-mm-od-2-78mm-id-25-68mm\/#breadcrumb"},"inLanguage":"en-US","potentialAction":[{"@type":"ReadAction","target":["https:\/\/techmasterdemexico.com\/producto\/plato-de-garra-od-2-78-mm-id-25-68-mm-od-2-78mm-id-25-68mm\/"]}]},{"@type":"ImageObject","inLanguage":"en-US","@id":"https:\/\/techmasterdemexico.com\/producto\/plato-de-garra-od-2-78-mm-id-25-68-mm-od-2-78mm-id-25-68mm\/#primaryimage","url":"https:\/\/techmasterdemexico.com\/wp-content\/uploads\/2021\/10\/211014.jpg","contentUrl":"https:\/\/techmasterdemexico.com\/wp-content\/uploads\/2021\/10\/211014.jpg","width":300,"height":300},{"@type":"BreadcrumbList","@id":"https:\/\/techmasterdemexico.com\/producto\/plato-de-garra-od-2-78-mm-id-25-68-mm-od-2-78mm-id-25-68mm\/#breadcrumb","itemListElement":[{"@type":"ListItem","position":1,"name":"Portada","item":"https:\/\/techmasterdemexico.com\/"},{"@type":"ListItem","position":2,"name":"Plato de garra (OD: 2-78 mm, ID: 25-68 mm), OD: 2-78mm, ID: 25-68mm"}]},{"@type":"WebSite","@id":"https:\/\/techmasterdemexico.com\/#website","url":"https:\/\/techmasterdemexico.com\/","name":"Techmaster de Mexico","description":"","potentialAction":[{"@type":"SearchAction","target":{"@type":"EntryPoint","urlTemplate":"https:\/\/techmasterdemexico.com\/?s={search_term_string}"},"query-input":{"@type":"PropertyValueSpecification","valueRequired":true,"valueName":"search_term_string"}}],"inLanguage":"en-US"}]}},"brands":[{"id":39,"name":"Mitutoyo","slug":"mitutoyo"}],"_links":{"self":[{"href":"https:\/\/techmasterdemexico.com\/en\/wp-json\/wp\/v2\/product\/10772","targetHints":{"allow":["GET"]}}],"collection":[{"href":"https:\/\/techmasterdemexico.com\/en\/wp-json\/wp\/v2\/product"}],"about":[{"href":"https:\/\/techmasterdemexico.com\/en\/wp-json\/wp\/v2\/types\/product"}],"wp:featuredmedia":[{"embeddable":true,"href":"https:\/\/techmasterdemexico.com\/en\/wp-json\/wp\/v2\/media\/11308"}],"wp:attachment":[{"href":"https:\/\/techmasterdemexico.com\/en\/wp-json\/wp\/v2\/media?parent=10772"}],"wp:term":[{"taxonomy":"pwb-brand","embeddable":true,"href":"https:\/\/techmasterdemexico.com\/en\/wp-json\/wp\/v2\/pwb-brand?post=10772"},{"taxonomy":"product_brand","embeddable":true,"href":"https:\/\/techmasterdemexico.com\/en\/wp-json\/wp\/v2\/product_brand?post=10772"},{"taxonomy":"product_cat","embeddable":true,"href":"https:\/\/techmasterdemexico.com\/en\/wp-json\/wp\/v2\/product_cat?post=10772"},{"taxonomy":"product_tag","embeddable":true,"href":"https:\/\/techmasterdemexico.com\/en\/wp-json\/wp\/v2\/product_tag?post=10772"}],"curies":[{"name":"wp","href":"https:\/\/api.w.org\/{rel}","templated":true}]}}