{"id":10766,"date":"2021-10-28T17:46:54","date_gmt":"2021-10-28T17:46:54","guid":{"rendered":"https:\/\/techmastermx.ddns.net\/producto\/test_formtracer_avant_d-series\/"},"modified":"2022-05-12T04:21:42","modified_gmt":"2022-05-12T04:21:42","slug":"test_formtracer_avant_d-series","status":"publish","type":"product","link":"https:\/\/techmasterdemexico.com\/en\/producto\/test_formtracer_avant_d-series\/","title":{"rendered":"Test Formtracer Avant D-Series"},"content":{"rendered":"<p>Test_Formtracer_Avant_D-Series<br \/>\nN\u00famero de art\u00edculo: Test_Formtracer_Avant_D-Series<\/p>\n<p>&nbsp;<\/p>\n<p>Un instrumento de medici\u00f3n de contornos y rugosidad de superficies 2D de alta precisi\u00f3n; el tipo Avant D es una m\u00e1quina de sobremesa y viene con una columna y soporte de granito motorizados.<\/p>\n<p>&nbsp;<\/p>\n<p>Formtracer Avant FTA-D3000 y FTA-D4000 le ofrecen los siguientes beneficios:<\/p>\n<ul>\n<li>Intercambio &#8220;hot plug&#8221; de unidades de accionamiento<\/li>\n<li>F\u00e1cil de operar<\/li>\n<li>Sistema de doble l\u00e1piz para mediciones de contorno hacia arriba y hacia abajo con el tipo D4000<\/li>\n<li>Fuerza de medici\u00f3n de contorno variable ajustada con el software Formtracepak con tipo D4000<\/li>\n<li>Mediciones de contorno y rugosidad de superficie de alta precisi\u00f3n<\/li>\n<li>Una amplia gama de brazos y palpadores opcionales garantiza el acceso a funciones restringidas<\/li>\n<li>Caja de control remoto para un posicionamiento r\u00e1pido y preciso de la m\u00e1quina<\/li>\n<li>Operaci\u00f3n CNC simplificada<\/li>\n<li>Accesorios motorizados opcionales<\/li>\n<\/ul>\n","protected":false},"excerpt":{"rendered":"<ul>\n<li>Recorrido vertical:<br \/>\n300 mm \/ 500 mm \/ 700 mm<\/li>\n<li>Transversal:<br \/>\nX = 100 mm \/ 200 mm<\/li>\n<li>Rango de medida:\n<ul>\n<li>Contour Z1 = 60 mm<\/li>\n<li>Roughness Z1 = 800 \u00b5m \/ 80 \u00b5m \/ 8 \u00b5m<\/li>\n<\/ul>\n<\/li>\n<li>Velocidad de medici\u00f3n:<br \/>\n0.02 &#8211; 30 mm\/s<\/li>\n<li>Velocidad de movimiento:\n<ul>\n<li>X = 0 &#8211; 80 mm\/s<\/li>\n<li>Z2 = 0 &#8211; 30 mm\/s<\/li>\n<\/ul>\n<\/li>\n<li>Software:<br \/>\nFORMTRACEPAK<\/p>\n<ul>\n<li>Permite el control de todos los ejes, mesa de eje Y accionada por motor opcional y mesa giratoria para una medici\u00f3n automatizada eficiente.<\/li>\n<li>La evaluaci\u00f3n del contorno se puede realizar mediante el an\u00e1lisis de las diferencias de nivel, el \u00e1ngulo, el paso, el \u00e1rea y la tolerancia del contorno, as\u00ed como la evaluaci\u00f3n de la rugosidad de la superficie como est\u00e1ndar.<\/li>\n<li>Se puede crear un certificado de inspecci\u00f3n configurando el formato de impresi\u00f3n seg\u00fan sea necesario.<\/li>\n<\/ul>\n<\/li>\n<li>Rango de inclinaci\u00f3n:<br \/>\n\u00b145\u00b0<\/li>\n<\/ul>\n","protected":false},"featured_media":11311,"template":"","meta":{"_acf_changed":false},"pwb-brand":[39],"product_brand":[],"product_cat":[366,328,38,326],"product_tag":[],"class_list":{"0":"post-10766","1":"product","2":"type-product","3":"status-publish","4":"has-post-thumbnail","6":"pwb-brand-mitutoyo","7":"product_cat-todos-los-productos","8":"product_cat-formtracer-instrumentos-para-medicion-de-perfil-y-rugosidad","9":"product_cat-mitutoyo","10":"product_cat-sistemas-de-medicion-de-forma","12":"first","13":"instock","14":"taxable","15":"shipping-taxable","16":"product-type-simple"},"acf":[],"yoast_head":"<!-- This site is optimized with the Yoast SEO plugin v27.4 - https:\/\/yoast.com\/product\/yoast-seo-wordpress\/ -->\n<title>Test Formtracer Avant D-Series - Techmaster de Mexico<\/title>\n<meta name=\"robots\" content=\"index, follow, max-snippet:-1, max-image-preview:large, max-video-preview:-1\" \/>\n<link rel=\"canonical\" href=\"https:\/\/techmasterdemexico.com\/producto\/test_formtracer_avant_d-series\/\" \/>\n<meta property=\"og:locale\" content=\"en_US\" \/>\n<meta property=\"og:type\" content=\"article\" \/>\n<meta property=\"og:title\" content=\"[:es]Test_Formtracer_Avant_D-Series[:en]Test Formtracer Avant D-Series[:] - Techmaster de Mexico\" \/>\n<meta property=\"og:description\" content=\"Recorrido vertical: 300 mm \/ 500 mm \/ 700 mm  Transversal: X = 100 mm \/ 200 mm  Rango de medida:   Contour Z1 = 60 mm  Roughness Z1 = 800 \u00b5m \/ 80 \u00b5m \/ 8 \u00b5m    Velocidad de medici\u00f3n: 0.02 - 30 mm\/s  Velocidad de movimiento:   X = 0 - 80 mm\/s  Z2 = 0 - 30 mm\/s    Software: FORMTRACEPAK   Permite el control de todos los ejes, mesa de eje Y accionada por motor opcional y mesa giratoria para una medici\u00f3n automatizada eficiente.  La evaluaci\u00f3n del contorno se puede realizar mediante el an\u00e1lisis de las diferencias de nivel, el \u00e1ngulo, el paso, el \u00e1rea y la tolerancia del contorno, as\u00ed como la evaluaci\u00f3n de la rugosidad de la superficie como est\u00e1ndar.  Se puede crear un certificado de inspecci\u00f3n configurando el formato de impresi\u00f3n seg\u00fan sea necesario.    Rango de inclinaci\u00f3n: \u00b145\u00b0\" \/>\n<meta property=\"og:url\" content=\"https:\/\/techmasterdemexico.com\/producto\/test_formtracer_avant_d-series\/\" \/>\n<meta property=\"og:site_name\" content=\"Techmaster de Mexico\" \/>\n<meta property=\"article:modified_time\" content=\"2022-05-12T04:21:42+00:00\" \/>\n<meta property=\"og:image\" content=\"https:\/\/techmasterdemexico.com\/wp-content\/uploads\/2021\/10\/d30000.jpg\" \/>\n\t<meta property=\"og:image:width\" content=\"600\" \/>\n\t<meta property=\"og:image:height\" content=\"600\" \/>\n\t<meta property=\"og:image:type\" content=\"image\/jpeg\" \/>\n<meta name=\"twitter:card\" content=\"summary_large_image\" \/>\n<meta name=\"twitter:label1\" content=\"Est. reading time\" \/>\n\t<meta name=\"twitter:data1\" content=\"1 minute\" \/>\n<script type=\"application\/ld+json\" class=\"yoast-schema-graph\">{\"@context\":\"https:\\\/\\\/schema.org\",\"@graph\":[{\"@type\":\"WebPage\",\"@id\":\"https:\\\/\\\/techmasterdemexico.com\\\/producto\\\/test_formtracer_avant_d-series\\\/\",\"url\":\"https:\\\/\\\/techmasterdemexico.com\\\/producto\\\/test_formtracer_avant_d-series\\\/\",\"name\":\"[:es]Test_Formtracer_Avant_D-Series[:en]Test Formtracer Avant D-Series[:] - Techmaster de Mexico\",\"isPartOf\":{\"@id\":\"https:\\\/\\\/techmasterdemexico.com\\\/#website\"},\"primaryImageOfPage\":{\"@id\":\"https:\\\/\\\/techmasterdemexico.com\\\/producto\\\/test_formtracer_avant_d-series\\\/#primaryimage\"},\"image\":{\"@id\":\"https:\\\/\\\/techmasterdemexico.com\\\/producto\\\/test_formtracer_avant_d-series\\\/#primaryimage\"},\"thumbnailUrl\":\"https:\\\/\\\/techmasterdemexico.com\\\/wp-content\\\/uploads\\\/2021\\\/10\\\/d30000.jpg\",\"datePublished\":\"2021-10-28T17:46:54+00:00\",\"dateModified\":\"2022-05-12T04:21:42+00:00\",\"breadcrumb\":{\"@id\":\"https:\\\/\\\/techmasterdemexico.com\\\/producto\\\/test_formtracer_avant_d-series\\\/#breadcrumb\"},\"inLanguage\":\"en-US\",\"potentialAction\":[{\"@type\":\"ReadAction\",\"target\":[\"https:\\\/\\\/techmasterdemexico.com\\\/producto\\\/test_formtracer_avant_d-series\\\/\"]}]},{\"@type\":\"ImageObject\",\"inLanguage\":\"en-US\",\"@id\":\"https:\\\/\\\/techmasterdemexico.com\\\/producto\\\/test_formtracer_avant_d-series\\\/#primaryimage\",\"url\":\"https:\\\/\\\/techmasterdemexico.com\\\/wp-content\\\/uploads\\\/2021\\\/10\\\/d30000.jpg\",\"contentUrl\":\"https:\\\/\\\/techmasterdemexico.com\\\/wp-content\\\/uploads\\\/2021\\\/10\\\/d30000.jpg\",\"width\":600,\"height\":600},{\"@type\":\"BreadcrumbList\",\"@id\":\"https:\\\/\\\/techmasterdemexico.com\\\/producto\\\/test_formtracer_avant_d-series\\\/#breadcrumb\",\"itemListElement\":[{\"@type\":\"ListItem\",\"position\":1,\"name\":\"Portada\",\"item\":\"https:\\\/\\\/techmasterdemexico.com\\\/\"},{\"@type\":\"ListItem\",\"position\":2,\"name\":\"Test_Formtracer_Avant_D-Series\"}]},{\"@type\":\"WebSite\",\"@id\":\"https:\\\/\\\/techmasterdemexico.com\\\/#website\",\"url\":\"https:\\\/\\\/techmasterdemexico.com\\\/\",\"name\":\"Techmaster de Mexico\",\"description\":\"\",\"potentialAction\":[{\"@type\":\"SearchAction\",\"target\":{\"@type\":\"EntryPoint\",\"urlTemplate\":\"https:\\\/\\\/techmasterdemexico.com\\\/?s={search_term_string}\"},\"query-input\":{\"@type\":\"PropertyValueSpecification\",\"valueRequired\":true,\"valueName\":\"search_term_string\"}}],\"inLanguage\":\"en-US\"}]}<\/script>\n<!-- \/ Yoast SEO plugin. -->","yoast_head_json":{"title":"[:es]Test_Formtracer_Avant_D-Series[:en]Test Formtracer Avant D-Series[:] - Techmaster de Mexico","robots":{"index":"index","follow":"follow","max-snippet":"max-snippet:-1","max-image-preview":"max-image-preview:large","max-video-preview":"max-video-preview:-1"},"canonical":"https:\/\/techmasterdemexico.com\/producto\/test_formtracer_avant_d-series\/","og_locale":"en_US","og_type":"article","og_title":"[:es]Test_Formtracer_Avant_D-Series[:en]Test Formtracer Avant D-Series[:] - Techmaster de Mexico","og_description":"Recorrido vertical: 300 mm \/ 500 mm \/ 700 mm  Transversal: X = 100 mm \/ 200 mm  Rango de medida:   Contour Z1 = 60 mm  Roughness Z1 = 800 \u00b5m \/ 80 \u00b5m \/ 8 \u00b5m    Velocidad de medici\u00f3n: 0.02 - 30 mm\/s  Velocidad de movimiento:   X = 0 - 80 mm\/s  Z2 = 0 - 30 mm\/s    Software: FORMTRACEPAK   Permite el control de todos los ejes, mesa de eje Y accionada por motor opcional y mesa giratoria para una medici\u00f3n automatizada eficiente.  La evaluaci\u00f3n del contorno se puede realizar mediante el an\u00e1lisis de las diferencias de nivel, el \u00e1ngulo, el paso, el \u00e1rea y la tolerancia del contorno, as\u00ed como la evaluaci\u00f3n de la rugosidad de la superficie como est\u00e1ndar.  Se puede crear un certificado de inspecci\u00f3n configurando el formato de impresi\u00f3n seg\u00fan sea necesario.    Rango de inclinaci\u00f3n: \u00b145\u00b0","og_url":"https:\/\/techmasterdemexico.com\/producto\/test_formtracer_avant_d-series\/","og_site_name":"Techmaster de Mexico","article_modified_time":"2022-05-12T04:21:42+00:00","og_image":[{"width":600,"height":600,"url":"https:\/\/techmasterdemexico.com\/wp-content\/uploads\/2021\/10\/d30000.jpg","type":"image\/jpeg"}],"twitter_card":"summary_large_image","twitter_misc":{"Est. reading time":"1 minute"},"schema":{"@context":"https:\/\/schema.org","@graph":[{"@type":"WebPage","@id":"https:\/\/techmasterdemexico.com\/producto\/test_formtracer_avant_d-series\/","url":"https:\/\/techmasterdemexico.com\/producto\/test_formtracer_avant_d-series\/","name":"[:es]Test_Formtracer_Avant_D-Series[:en]Test Formtracer Avant D-Series[:] - Techmaster de Mexico","isPartOf":{"@id":"https:\/\/techmasterdemexico.com\/#website"},"primaryImageOfPage":{"@id":"https:\/\/techmasterdemexico.com\/producto\/test_formtracer_avant_d-series\/#primaryimage"},"image":{"@id":"https:\/\/techmasterdemexico.com\/producto\/test_formtracer_avant_d-series\/#primaryimage"},"thumbnailUrl":"https:\/\/techmasterdemexico.com\/wp-content\/uploads\/2021\/10\/d30000.jpg","datePublished":"2021-10-28T17:46:54+00:00","dateModified":"2022-05-12T04:21:42+00:00","breadcrumb":{"@id":"https:\/\/techmasterdemexico.com\/producto\/test_formtracer_avant_d-series\/#breadcrumb"},"inLanguage":"en-US","potentialAction":[{"@type":"ReadAction","target":["https:\/\/techmasterdemexico.com\/producto\/test_formtracer_avant_d-series\/"]}]},{"@type":"ImageObject","inLanguage":"en-US","@id":"https:\/\/techmasterdemexico.com\/producto\/test_formtracer_avant_d-series\/#primaryimage","url":"https:\/\/techmasterdemexico.com\/wp-content\/uploads\/2021\/10\/d30000.jpg","contentUrl":"https:\/\/techmasterdemexico.com\/wp-content\/uploads\/2021\/10\/d30000.jpg","width":600,"height":600},{"@type":"BreadcrumbList","@id":"https:\/\/techmasterdemexico.com\/producto\/test_formtracer_avant_d-series\/#breadcrumb","itemListElement":[{"@type":"ListItem","position":1,"name":"Portada","item":"https:\/\/techmasterdemexico.com\/"},{"@type":"ListItem","position":2,"name":"Test_Formtracer_Avant_D-Series"}]},{"@type":"WebSite","@id":"https:\/\/techmasterdemexico.com\/#website","url":"https:\/\/techmasterdemexico.com\/","name":"Techmaster de Mexico","description":"","potentialAction":[{"@type":"SearchAction","target":{"@type":"EntryPoint","urlTemplate":"https:\/\/techmasterdemexico.com\/?s={search_term_string}"},"query-input":{"@type":"PropertyValueSpecification","valueRequired":true,"valueName":"search_term_string"}}],"inLanguage":"en-US"}]}},"brands":[{"id":39,"name":"Mitutoyo","slug":"mitutoyo"}],"_links":{"self":[{"href":"https:\/\/techmasterdemexico.com\/en\/wp-json\/wp\/v2\/product\/10766","targetHints":{"allow":["GET"]}}],"collection":[{"href":"https:\/\/techmasterdemexico.com\/en\/wp-json\/wp\/v2\/product"}],"about":[{"href":"https:\/\/techmasterdemexico.com\/en\/wp-json\/wp\/v2\/types\/product"}],"wp:featuredmedia":[{"embeddable":true,"href":"https:\/\/techmasterdemexico.com\/en\/wp-json\/wp\/v2\/media\/11311"}],"wp:attachment":[{"href":"https:\/\/techmasterdemexico.com\/en\/wp-json\/wp\/v2\/media?parent=10766"}],"wp:term":[{"taxonomy":"pwb-brand","embeddable":true,"href":"https:\/\/techmasterdemexico.com\/en\/wp-json\/wp\/v2\/pwb-brand?post=10766"},{"taxonomy":"product_brand","embeddable":true,"href":"https:\/\/techmasterdemexico.com\/en\/wp-json\/wp\/v2\/product_brand?post=10766"},{"taxonomy":"product_cat","embeddable":true,"href":"https:\/\/techmasterdemexico.com\/en\/wp-json\/wp\/v2\/product_cat?post=10766"},{"taxonomy":"product_tag","embeddable":true,"href":"https:\/\/techmasterdemexico.com\/en\/wp-json\/wp\/v2\/product_tag?post=10766"}],"curies":[{"name":"wp","href":"https:\/\/api.w.org\/{rel}","templated":true}]}}