{"id":10750,"date":"2021-10-28T17:46:46","date_gmt":"2021-10-28T17:46:46","guid":{"rendered":"https:\/\/techmastermx.ddns.net\/producto\/formtracer-avant-fta-s4-d4000-d-mm-x100mm-z2300mm-075mn\/"},"modified":"2022-05-12T04:22:23","modified_gmt":"2022-05-12T04:22:23","slug":"formtracer-avant-fta-s4-d4000-d-mm-x100mm-z2300mm-075mn","status":"publish","type":"product","link":"https:\/\/techmasterdemexico.com\/en\/producto\/formtracer-avant-fta-s4-d4000-d-mm-x100mm-z2300mm-075mn\/","title":{"rendered":"Formtracer Avant FTA &#8211; S4 D4000-D [mm], X=100mm; Z2=300mm; 0,75mN"},"content":{"rendered":"<p>Formtracer Avant FTA &#8211; S4 D4000-D [mm]<br \/>\nX=100mm; Z2=300mm; 0,75mN<br \/>\nN\u00famero de art\u00edculo: 525-321-11<\/p>\n<p>&nbsp;<\/p>\n<p>Un instrumento de medici\u00f3n 2D de alta exactitud para perfiles y rugosidad; el modelo Avant D4000 es una m\u00e1quina de columna motorizada, cuenta con base de granito y soporte.<\/p>\n<p>&nbsp;<\/p>\n<p>Principales beneficios:<\/p>\n<ul>\n<li>Intercambio instant\u00e1neo de unidades de accionamiento rugosidad\/perfil<\/li>\n<li>Medici\u00f3n dual de perfiles (arriba y abajo)<\/li>\n<li>F\u00e1cil de operar<\/li>\n<li>Alta exactitud para mediciones de rugosidad y perfil.<\/li>\n<li>Amplio rango de columnal y muy alta resoluci\u00f3n.<\/li>\n<li>Una amplia gama de accesorios, brazos y puntas opcionales garantiza el acceso a funciones restringidas<\/li>\n<li>Joystick para posicionamiento r\u00e1pido y exacto de la m\u00e1quina.<\/li>\n<li>Uni\u00f3n magn\u00e9tica para un cambio r\u00e1pido de brazos: calibraci\u00f3n r\u00e1pida y sencilla<\/li>\n<li>Operaci\u00f3n CNC simplificada<\/li>\n<li>Accesorios motorizados opcionales<\/li>\n<\/ul>\n","protected":false},"excerpt":{"rendered":"<ul>\n<li>Modelo:<br \/>\nFTA &#8211; S4 D4000<\/li>\n<li>Detector<br \/>\n0,75 mN:<br \/>\nSi<\/li>\n<li>X-axis<br \/>\n100 mm:<br \/>\nSi<\/li>\n<li>Z2-axis<br \/>\n300 mm:<br \/>\nSi<\/li>\n<li>Granite size<br \/>\n(WxD) [mm]:<br \/>\n600 x 450<\/li>\n<li>Desplazamiento vertical<br \/>\n[mm]:<br \/>\n300<\/li>\n<li>Transversal:<br \/>\n100 mm<\/li>\n<li>Rango de medida:\n<ul>\n<li>X = 100 mm \/ 200 mm<\/li>\n<li>Contour Z1 = 60 mm<\/li>\n<li>Roughness Z1 = 800 \u00b5m \/ 80 \u00b5m \/ 8 \u00b5m<\/li>\n<\/ul>\n<\/li>\n<li>Velocidad de medici\u00f3n:<br \/>\n0.02 &#8211; 30 mm\/s<\/li>\n<li>Velocidad de movimiento:<br \/>\nX: 0 &#8211; 80 mm\/s; Z2: 0 &#8211; 40mm\/s<\/li>\n<li>Software:<br \/>\nFORMTRACEPAK<\/p>\n<ul>\n<li>Permite el control de todos los ejes, de la mesa opcional del eje Y accionada por motor y la mesa giratoria, para realizar una medici\u00f3n automatizada eficiente.<\/li>\n<li>Puede realizar la evaluaci\u00f3n del contorno utilizando an\u00e1lisis de diferencias de nivel, \u00e1ngulo, inclinaci\u00f3n, \u00e1rea y tolerancia de contorno como est\u00e1ndar.<\/li>\n<li>Crea un certificado de inspecci\u00f3n configurando el formato de impresi\u00f3n seg\u00fan sea necesario.<\/li>\n<\/ul>\n<\/li>\n<li>Rango de medida:<br \/>\n800 \u00b5m; 80 \u00b5m; 8 \u00b5m<br \/>\n(up to 2.4 mm with an optional stylus)<\/li>\n<li>Exactitud:\n<ul>\n<li>X = (0,8+0,01L) \u00b5m [L : Drive length (mm)]<\/li>\n<li>Z1 = (1,2+I2HI\/100) \u00b5m [H : Measurement height from the horizontal position (mm)]<\/li>\n<\/ul>\n<\/li>\n<li>Rectitud transversal:<br \/>\n(0,05+0,001L) \u00b5m<\/li>\n<li>Perfiles:<br \/>\nPerfil primario (P), Perfil de rugosidad (R), Ondulaci\u00f3n (W), MOTIF (P,R, W) y m\u00e1s<\/li>\n<li>Rango de medici\u00f3n eje Z1<br \/>\n[mm]:<br \/>\n60<\/li>\n<li>Rango de inclinaci\u00f3n:<br \/>\n\u00b145\u00b0<\/li>\n<li>Tama\u00f1o de la base de granito (unidad principal, AnchoxLargo):<br \/>\n600 x 450<\/li>\n<li>Presi\u00f3n de medida (detector):<br \/>\n0.75 mN<\/li>\n<li>pulgadas-m\u00e9trico:<br \/>\nM\u00e9trico<\/li>\n<li>Peso:<br \/>\n140 [kg]<\/li>\n<\/ul>\n","protected":false},"featured_media":11311,"template":"","meta":{"_acf_changed":false},"pwb-brand":[39],"product_brand":[],"product_cat":[366,328,38,326],"product_tag":[],"class_list":{"0":"post-10750","1":"product","2":"type-product","3":"status-publish","4":"has-post-thumbnail","6":"pwb-brand-mitutoyo","7":"product_cat-todos-los-productos","8":"product_cat-formtracer-instrumentos-para-medicion-de-perfil-y-rugosidad","9":"product_cat-mitutoyo","10":"product_cat-sistemas-de-medicion-de-forma","12":"first","13":"instock","14":"taxable","15":"shipping-taxable","16":"product-type-simple"},"acf":[],"yoast_head":"<!-- This site is optimized with the Yoast SEO plugin v27.2 - https:\/\/yoast.com\/product\/yoast-seo-wordpress\/ -->\n<title>Formtracer Avant FTA - S4 D4000-D [mm], X=100mm; Z2=300mm; 0,75mN - Techmaster de Mexico<\/title>\n<meta name=\"robots\" content=\"index, follow, max-snippet:-1, max-image-preview:large, max-video-preview:-1\" \/>\n<link rel=\"canonical\" href=\"https:\/\/techmasterdemexico.com\/producto\/formtracer-avant-fta-s4-d4000-d-mm-x100mm-z2300mm-075mn\/\" \/>\n<meta property=\"og:locale\" content=\"en_US\" \/>\n<meta property=\"og:type\" content=\"article\" \/>\n<meta property=\"og:title\" content=\"Formtracer Avant FTA - S4 D4000-D [mm], X=100mm; Z2=300mm; 0,75mN - Techmaster de Mexico\" \/>\n<meta property=\"og:description\" content=\"Modelo: FTA - S4 D4000  Detector 0,75 mN: Si  X-axis 100 mm: Si  Z2-axis 300 mm: Si  Granite size (WxD) [mm]: 600 x 450  Desplazamiento vertical [mm]: 300  Transversal: 100 mm  Rango de medida:   X = 100 mm \/ 200 mm  Contour Z1 = 60 mm  Roughness Z1 = 800 \u00b5m \/ 80 \u00b5m \/ 8 \u00b5m    Velocidad de medici\u00f3n: 0.02 - 30 mm\/s  Velocidad de movimiento: X: 0 - 80 mm\/s; Z2: 0 - 40mm\/s  Software: FORMTRACEPAK   Permite el control de todos los ejes, de la mesa opcional del eje Y accionada por motor y la mesa giratoria, para realizar una medici\u00f3n automatizada eficiente.  Puede realizar la evaluaci\u00f3n del contorno utilizando an\u00e1lisis de diferencias de nivel, \u00e1ngulo, inclinaci\u00f3n, \u00e1rea y tolerancia de contorno como est\u00e1ndar.  Crea un certificado de inspecci\u00f3n configurando el formato de impresi\u00f3n seg\u00fan sea necesario.    Rango de medida: 800 \u00b5m; 80 \u00b5m; 8 \u00b5m (up to 2.4 mm with an optional stylus)  Exactitud:   X = (0,8+0,01L) \u00b5m [L : Drive length (mm)]  Z1 = (1,2+I2HI\/100) \u00b5m [H : Measurement height from the horizontal position (mm)]    Rectitud transversal: (0,05+0,001L) \u00b5m  Perfiles: Perfil primario (P), Perfil de rugosidad (R), Ondulaci\u00f3n (W), MOTIF (P,R, W) y m\u00e1s  Rango de medici\u00f3n eje Z1 [mm]: 60  Rango de inclinaci\u00f3n: \u00b145\u00b0  Tama\u00f1o de la base de granito (unidad principal, AnchoxLargo): 600 x 450  Presi\u00f3n de medida (detector): 0.75 mN  pulgadas-m\u00e9trico: M\u00e9trico  Peso: 140 [kg]\" \/>\n<meta property=\"og:url\" content=\"https:\/\/techmasterdemexico.com\/producto\/formtracer-avant-fta-s4-d4000-d-mm-x100mm-z2300mm-075mn\/\" \/>\n<meta property=\"og:site_name\" content=\"Techmaster de Mexico\" \/>\n<meta property=\"article:modified_time\" content=\"2022-05-12T04:22:23+00:00\" \/>\n<meta property=\"og:image\" content=\"https:\/\/techmasterdemexico.com\/wp-content\/uploads\/2021\/10\/d30000.jpg\" \/>\n\t<meta property=\"og:image:width\" content=\"600\" \/>\n\t<meta property=\"og:image:height\" content=\"600\" \/>\n\t<meta property=\"og:image:type\" content=\"image\/jpeg\" \/>\n<meta name=\"twitter:card\" content=\"summary_large_image\" \/>\n<meta name=\"twitter:label1\" content=\"Est. reading time\" \/>\n\t<meta name=\"twitter:data1\" content=\"1 minute\" \/>\n<script type=\"application\/ld+json\" class=\"yoast-schema-graph\">{\"@context\":\"https:\/\/schema.org\",\"@graph\":[{\"@type\":\"WebPage\",\"@id\":\"https:\/\/techmasterdemexico.com\/producto\/formtracer-avant-fta-s4-d4000-d-mm-x100mm-z2300mm-075mn\/\",\"url\":\"https:\/\/techmasterdemexico.com\/producto\/formtracer-avant-fta-s4-d4000-d-mm-x100mm-z2300mm-075mn\/\",\"name\":\"Formtracer Avant FTA - S4 D4000-D [mm], X=100mm; Z2=300mm; 0,75mN - Techmaster de Mexico\",\"isPartOf\":{\"@id\":\"https:\/\/techmasterdemexico.com\/#website\"},\"primaryImageOfPage\":{\"@id\":\"https:\/\/techmasterdemexico.com\/producto\/formtracer-avant-fta-s4-d4000-d-mm-x100mm-z2300mm-075mn\/#primaryimage\"},\"image\":{\"@id\":\"https:\/\/techmasterdemexico.com\/producto\/formtracer-avant-fta-s4-d4000-d-mm-x100mm-z2300mm-075mn\/#primaryimage\"},\"thumbnailUrl\":\"https:\/\/techmasterdemexico.com\/wp-content\/uploads\/2021\/10\/d30000.jpg\",\"datePublished\":\"2021-10-28T17:46:46+00:00\",\"dateModified\":\"2022-05-12T04:22:23+00:00\",\"breadcrumb\":{\"@id\":\"https:\/\/techmasterdemexico.com\/producto\/formtracer-avant-fta-s4-d4000-d-mm-x100mm-z2300mm-075mn\/#breadcrumb\"},\"inLanguage\":\"en-US\",\"potentialAction\":[{\"@type\":\"ReadAction\",\"target\":[\"https:\/\/techmasterdemexico.com\/producto\/formtracer-avant-fta-s4-d4000-d-mm-x100mm-z2300mm-075mn\/\"]}]},{\"@type\":\"ImageObject\",\"inLanguage\":\"en-US\",\"@id\":\"https:\/\/techmasterdemexico.com\/producto\/formtracer-avant-fta-s4-d4000-d-mm-x100mm-z2300mm-075mn\/#primaryimage\",\"url\":\"https:\/\/techmasterdemexico.com\/wp-content\/uploads\/2021\/10\/d30000.jpg\",\"contentUrl\":\"https:\/\/techmasterdemexico.com\/wp-content\/uploads\/2021\/10\/d30000.jpg\",\"width\":600,\"height\":600},{\"@type\":\"BreadcrumbList\",\"@id\":\"https:\/\/techmasterdemexico.com\/producto\/formtracer-avant-fta-s4-d4000-d-mm-x100mm-z2300mm-075mn\/#breadcrumb\",\"itemListElement\":[{\"@type\":\"ListItem\",\"position\":1,\"name\":\"Portada\",\"item\":\"https:\/\/techmasterdemexico.com\/\"},{\"@type\":\"ListItem\",\"position\":2,\"name\":\"Formtracer Avant FTA &#8211; S4 D4000-D [mm], X=100mm; Z2=300mm; 0,75mN\"}]},{\"@type\":\"WebSite\",\"@id\":\"https:\/\/techmasterdemexico.com\/#website\",\"url\":\"https:\/\/techmasterdemexico.com\/\",\"name\":\"Techmaster de Mexico\",\"description\":\"\",\"potentialAction\":[{\"@type\":\"SearchAction\",\"target\":{\"@type\":\"EntryPoint\",\"urlTemplate\":\"https:\/\/techmasterdemexico.com\/?s={search_term_string}\"},\"query-input\":{\"@type\":\"PropertyValueSpecification\",\"valueRequired\":true,\"valueName\":\"search_term_string\"}}],\"inLanguage\":\"en-US\"}]}<\/script>\n<!-- \/ Yoast SEO plugin. -->","yoast_head_json":{"title":"Formtracer Avant FTA - S4 D4000-D [mm], X=100mm; Z2=300mm; 0,75mN - Techmaster de Mexico","robots":{"index":"index","follow":"follow","max-snippet":"max-snippet:-1","max-image-preview":"max-image-preview:large","max-video-preview":"max-video-preview:-1"},"canonical":"https:\/\/techmasterdemexico.com\/producto\/formtracer-avant-fta-s4-d4000-d-mm-x100mm-z2300mm-075mn\/","og_locale":"en_US","og_type":"article","og_title":"Formtracer Avant FTA - S4 D4000-D [mm], X=100mm; Z2=300mm; 0,75mN - Techmaster de Mexico","og_description":"Modelo: FTA - S4 D4000  Detector 0,75 mN: Si  X-axis 100 mm: Si  Z2-axis 300 mm: Si  Granite size (WxD) [mm]: 600 x 450  Desplazamiento vertical [mm]: 300  Transversal: 100 mm  Rango de medida:   X = 100 mm \/ 200 mm  Contour Z1 = 60 mm  Roughness Z1 = 800 \u00b5m \/ 80 \u00b5m \/ 8 \u00b5m    Velocidad de medici\u00f3n: 0.02 - 30 mm\/s  Velocidad de movimiento: X: 0 - 80 mm\/s; Z2: 0 - 40mm\/s  Software: FORMTRACEPAK   Permite el control de todos los ejes, de la mesa opcional del eje Y accionada por motor y la mesa giratoria, para realizar una medici\u00f3n automatizada eficiente.  Puede realizar la evaluaci\u00f3n del contorno utilizando an\u00e1lisis de diferencias de nivel, \u00e1ngulo, inclinaci\u00f3n, \u00e1rea y tolerancia de contorno como est\u00e1ndar.  Crea un certificado de inspecci\u00f3n configurando el formato de impresi\u00f3n seg\u00fan sea necesario.    Rango de medida: 800 \u00b5m; 80 \u00b5m; 8 \u00b5m (up to 2.4 mm with an optional stylus)  Exactitud:   X = (0,8+0,01L) \u00b5m [L : Drive length (mm)]  Z1 = (1,2+I2HI\/100) \u00b5m [H : Measurement height from the horizontal position (mm)]    Rectitud transversal: (0,05+0,001L) \u00b5m  Perfiles: Perfil primario (P), Perfil de rugosidad (R), Ondulaci\u00f3n (W), MOTIF (P,R, W) y m\u00e1s  Rango de medici\u00f3n eje Z1 [mm]: 60  Rango de inclinaci\u00f3n: \u00b145\u00b0  Tama\u00f1o de la base de granito (unidad principal, AnchoxLargo): 600 x 450  Presi\u00f3n de medida (detector): 0.75 mN  pulgadas-m\u00e9trico: M\u00e9trico  Peso: 140 [kg]","og_url":"https:\/\/techmasterdemexico.com\/producto\/formtracer-avant-fta-s4-d4000-d-mm-x100mm-z2300mm-075mn\/","og_site_name":"Techmaster de Mexico","article_modified_time":"2022-05-12T04:22:23+00:00","og_image":[{"width":600,"height":600,"url":"https:\/\/techmasterdemexico.com\/wp-content\/uploads\/2021\/10\/d30000.jpg","type":"image\/jpeg"}],"twitter_card":"summary_large_image","twitter_misc":{"Est. reading time":"1 minute"},"schema":{"@context":"https:\/\/schema.org","@graph":[{"@type":"WebPage","@id":"https:\/\/techmasterdemexico.com\/producto\/formtracer-avant-fta-s4-d4000-d-mm-x100mm-z2300mm-075mn\/","url":"https:\/\/techmasterdemexico.com\/producto\/formtracer-avant-fta-s4-d4000-d-mm-x100mm-z2300mm-075mn\/","name":"Formtracer Avant FTA - S4 D4000-D [mm], X=100mm; Z2=300mm; 0,75mN - Techmaster de Mexico","isPartOf":{"@id":"https:\/\/techmasterdemexico.com\/#website"},"primaryImageOfPage":{"@id":"https:\/\/techmasterdemexico.com\/producto\/formtracer-avant-fta-s4-d4000-d-mm-x100mm-z2300mm-075mn\/#primaryimage"},"image":{"@id":"https:\/\/techmasterdemexico.com\/producto\/formtracer-avant-fta-s4-d4000-d-mm-x100mm-z2300mm-075mn\/#primaryimage"},"thumbnailUrl":"https:\/\/techmasterdemexico.com\/wp-content\/uploads\/2021\/10\/d30000.jpg","datePublished":"2021-10-28T17:46:46+00:00","dateModified":"2022-05-12T04:22:23+00:00","breadcrumb":{"@id":"https:\/\/techmasterdemexico.com\/producto\/formtracer-avant-fta-s4-d4000-d-mm-x100mm-z2300mm-075mn\/#breadcrumb"},"inLanguage":"en-US","potentialAction":[{"@type":"ReadAction","target":["https:\/\/techmasterdemexico.com\/producto\/formtracer-avant-fta-s4-d4000-d-mm-x100mm-z2300mm-075mn\/"]}]},{"@type":"ImageObject","inLanguage":"en-US","@id":"https:\/\/techmasterdemexico.com\/producto\/formtracer-avant-fta-s4-d4000-d-mm-x100mm-z2300mm-075mn\/#primaryimage","url":"https:\/\/techmasterdemexico.com\/wp-content\/uploads\/2021\/10\/d30000.jpg","contentUrl":"https:\/\/techmasterdemexico.com\/wp-content\/uploads\/2021\/10\/d30000.jpg","width":600,"height":600},{"@type":"BreadcrumbList","@id":"https:\/\/techmasterdemexico.com\/producto\/formtracer-avant-fta-s4-d4000-d-mm-x100mm-z2300mm-075mn\/#breadcrumb","itemListElement":[{"@type":"ListItem","position":1,"name":"Portada","item":"https:\/\/techmasterdemexico.com\/"},{"@type":"ListItem","position":2,"name":"Formtracer Avant FTA &#8211; S4 D4000-D [mm], X=100mm; Z2=300mm; 0,75mN"}]},{"@type":"WebSite","@id":"https:\/\/techmasterdemexico.com\/#website","url":"https:\/\/techmasterdemexico.com\/","name":"Techmaster de Mexico","description":"","potentialAction":[{"@type":"SearchAction","target":{"@type":"EntryPoint","urlTemplate":"https:\/\/techmasterdemexico.com\/?s={search_term_string}"},"query-input":{"@type":"PropertyValueSpecification","valueRequired":true,"valueName":"search_term_string"}}],"inLanguage":"en-US"}]}},"brands":[{"id":39,"name":"Mitutoyo","slug":"mitutoyo"}],"_links":{"self":[{"href":"https:\/\/techmasterdemexico.com\/en\/wp-json\/wp\/v2\/product\/10750","targetHints":{"allow":["GET"]}}],"collection":[{"href":"https:\/\/techmasterdemexico.com\/en\/wp-json\/wp\/v2\/product"}],"about":[{"href":"https:\/\/techmasterdemexico.com\/en\/wp-json\/wp\/v2\/types\/product"}],"wp:featuredmedia":[{"embeddable":true,"href":"https:\/\/techmasterdemexico.com\/en\/wp-json\/wp\/v2\/media\/11311"}],"wp:attachment":[{"href":"https:\/\/techmasterdemexico.com\/en\/wp-json\/wp\/v2\/media?parent=10750"}],"wp:term":[{"taxonomy":"pwb-brand","embeddable":true,"href":"https:\/\/techmasterdemexico.com\/en\/wp-json\/wp\/v2\/pwb-brand?post=10750"},{"taxonomy":"product_brand","embeddable":true,"href":"https:\/\/techmasterdemexico.com\/en\/wp-json\/wp\/v2\/product_brand?post=10750"},{"taxonomy":"product_cat","embeddable":true,"href":"https:\/\/techmasterdemexico.com\/en\/wp-json\/wp\/v2\/product_cat?post=10750"},{"taxonomy":"product_tag","embeddable":true,"href":"https:\/\/techmasterdemexico.com\/en\/wp-json\/wp\/v2\/product_tag?post=10750"}],"curies":[{"name":"wp","href":"https:\/\/api.w.org\/{rel}","templated":true}]}}